{"id":3472,"date":"2020-12-16T02:42:13","date_gmt":"2020-12-16T02:42:13","guid":{"rendered":"https:\/\/longchangchemical.com\/?post_type=product&#038;p=3472"},"modified":"2025-12-23T04:16:43","modified_gmt":"2025-12-23T04:16:43","slug":"benzenemethanol-benzyl-alcohol-cas-100-51-6","status":"publish","type":"product","link":"https:\/\/longchangchemical.com\/fr\/product\/benzenemethanol-benzyl-alcohol-cas-100-51-6\/","title":{"rendered":"Benzenemethanol \/ Alcool benzylique cas 100-51-6"},"content":{"rendered":"<h1><strong>Benzenemethanol \/ Alcool benzylique cas 100-51-6<\/strong><\/h1>\n<table>\n<tbody>\n<tr>\n<td width=\"171\">\n<h4><strong><b>Articles<\/b><\/strong><\/h4>\n<\/td>\n<td width=\"213\">\n<h4><strong><b>Standard<\/b><\/strong><\/h4>\n<\/td>\n<td width=\"315\">\n<h4><strong><b>R\u00e9sultat de l'inspection<\/b><\/strong><\/h4>\n<\/td>\n<\/tr>\n<tr>\n<td width=\"171\">\n<h4>APPARENCE<\/h4>\n<\/td>\n<td width=\"213\">\n<h4>LIQUIDE INCOLORE<\/h4>\n<\/td>\n<td width=\"315\">\n<h4>ADOPT\u00c9<\/h4>\n<\/td>\n<\/tr>\n<tr>\n<td width=\"171\">\n<h4>PURIT\u00c9(%)<\/h4>\n<\/td>\n<td width=\"213\">\n<h4>99.97MIN<\/h4>\n<\/td>\n<td width=\"315\">\n<h4>99.99<\/h4>\n<\/td>\n<\/tr>\n<tr>\n<td width=\"171\">\n<h4>BENZALD\u00c9HYDE (PPM) :<\/h4>\n<\/td>\n<td width=\"213\">\n<h4>200MAX<\/h4>\n<\/td>\n<td width=\"315\">\n<h4>98PPM<\/h4>\n<\/td>\n<\/tr>\n<tr>\n<td width=\"171\">\n<h4>ACIDIT\u00c9<\/h4>\n<h4>(EN TANT QU'ACIDE BENZO\u00cfQUE) ( ) :<\/h4>\n<\/td>\n<td width=\"213\">\n<h4>0,1MAX<\/h4>\n<\/td>\n<td width=\"315\">\n<h4>0.05<\/h4>\n<\/td>\n<\/tr>\n<tr>\n<td width=\"171\">\n<h4>CLORIDE () :<\/h4>\n<\/td>\n<td width=\"213\">\n<h4>0,005 MAX<\/h4>\n<\/td>\n<td width=\"315\">\n<h4>ADOPT\u00c9<\/h4>\n<\/td>\n<\/tr>\n<tr>\n<td width=\"171\">\n<h4>COULEUR (HAZEN) :<\/h4>\n<\/td>\n<td width=\"213\">\n<h4>10 MAX<\/h4>\n<\/td>\n<td width=\"315\">\n<h4>5<\/h4>\n<\/td>\n<\/tr>\n<tr>\n<td width=\"171\">\n<h4>GRAVIT\u00c9 SP\u00c9CIFIQUE (20\u2103) :<\/h4>\n<\/td>\n<td width=\"213\">\n<h4>1.043-1.048<\/h4>\n<\/td>\n<td width=\"315\">\n<h4>1.047<\/h4>\n<\/td>\n<\/tr>\n<tr>\n<td width=\"171\">\n<h4>INDICE DE R\u00c9FRACTION (20\u2103) :<\/h4>\n<\/td>\n<td width=\"213\">\n<h4>1.538-1.541<\/h4>\n<\/td>\n<td width=\"315\">\n<h4>1.540<\/h4>\n<\/td>\n<\/tr>\n<tr>\n<td width=\"171\">\n<h4>EAU( )<\/h4>\n<\/td>\n<td width=\"213\">\n<h4>0,1MAX<\/h4>\n<\/td>\n<td width=\"315\">\n<h4>0.014<\/h4>\n<\/td>\n<\/tr>\n<tr>\n<td width=\"171\">\n<h4>CLART\u00c9 DE LA SOLUTION (1+30) :<\/h4>\n<\/td>\n<td width=\"213\">\n<h4>99.97MIN<\/h4>\n<\/td>\n<td width=\"315\">\n<h4>ADOPT\u00c9<\/h4>\n<\/td>\n<\/tr>\n<\/tbody>\n<\/table>\n<h2><strong>Qu'est-ce que l'alcool benzylique ?<\/strong><\/h2>\n<h4>L'alcool benzylique est un compos\u00e9 organique dont la formule mol\u00e9culaire est C7H8O. C'est l'un des alcools aromatiques les plus simples et il peut \u00eatre consid\u00e9r\u00e9 comme un m\u00e9thanol substitu\u00e9 par un ph\u00e9nyle. Dans la nature, la plupart des huiles essentielles sont pr\u00e9sentes sous forme d'esters, comme l'huile de jasmin, l'huile de jacinthe et le baume du P\u00e9rou qui contiennent tous cet ingr\u00e9dient.<\/h4>\n<p>&nbsp;<\/p>\n<h2><strong>Alcool benzylique Utilisation<\/strong><\/h2>\n<h4>1. L'alcool benzylique peut \u00eatre utilis\u00e9 comme conservateur pour les pommades.<\/h4>\n<h4>2. L'alcool benzylique peut \u00eatre utilis\u00e9 comme d\u00e9shydratant pour les fibres, les filaments de nylon et les films plastiques, et comme stabilisateur pour le chlorure de polyvinyle.<\/h4>\n<h4>3. L'alcool benzylique peut \u00eatre utilis\u00e9 comme r\u00e9v\u00e9lateur photographique, comme solvant de l'ac\u00e9tate de cellulose, de l'encre, de la peinture, de la peinture \u00e9poxy, des colorants, de la cas\u00e9ine, de la gomme-laque et de la g\u00e9latine, etc. pour pr\u00e9parer des interm\u00e9diaires d'esters ou d'\u00e9thers benzyliques.<\/h4>\n<h4>4. Comme il a presque le m\u00eame indice de r\u00e9fraction que le quartz et les fibres de laine, il est utilis\u00e9 comme agent de distinction des fibres de quartz et de laine.<\/h4>\n<h4>5. L'alcool benzylique est utilis\u00e9 comme diluant dans l'industrie de la parfumerie. Il peut \u00eatre utilis\u00e9 comme agent de m\u00e9lange avec l'ac\u00e9tate de benzyle dans le jasmin, le gard\u00e9nia, le lilas, l'ylang-ylang, la tub\u00e9reuse, la jacinthe, l'acacia et d'autres parfums floraux. Il est utilis\u00e9 comme additif dans les savons, les parfums, les cosm\u00e9tiques et d'autres produits. Il est \u00e9galement souvent utilis\u00e9 comme solvant pour dissoudre les muscs artificiels et autres \u00e9pices. Il est \u00e9galement souvent utilis\u00e9 comme ar\u00f4me comestible pour la cerise, le raisin, le miel, l'orange douce, la framboise, la noix, la gousse de vanille et d'autres ar\u00f4mes comestibles.<\/h4>\n<p>&nbsp;<\/p>\n<h2><strong>Alcool benzylique Emballage et exp\u00e9dition<\/strong><\/h2>\n<h4>Emballage : 210kg\/tambour<\/h4>\n<h4>Livraison : Voie maritime ou a\u00e9rienne<\/h4>\n<p>&nbsp;<\/p>\n<h2><strong>Alcool benzylique Stockage<\/strong><\/h2>\n<h4>Stocker dans un entrep\u00f4t frais et ventil\u00e9. Tenir \u00e0 l'\u00e9cart du feu et des sources de chaleur. Le produit doit \u00eatre stock\u00e9 s\u00e9par\u00e9ment des oxydants et des produits chimiques comestibles, et ne pas \u00eatre m\u00e9lang\u00e9. Disposer d'une vari\u00e9t\u00e9 et d'une quantit\u00e9 appropri\u00e9es d'\u00e9quipements de lutte contre l'incendie. La zone de stockage doit \u00eatre \u00e9quip\u00e9e d'un \u00e9quipement de traitement d'urgence des fuites et de mat\u00e9riaux de stockage appropri\u00e9s.<\/h4>\n<p>&nbsp;<\/p>\n<h2><strong><b>Contactez-nous d\u00e8s maintenant !<\/b><\/strong><\/h2>\n<h4><strong><b>Nous fournissons des services personnalis\u00e9s, nous vous contacterons g\u00e9n\u00e9ralement dans les 24 heures. Vous pouvez \u00e9galement m'envoyer un courriel \u00e0 l'adresse info@longchangchemical.com pendant les heures de travail (de 8h30 \u00e0 18h00 UTC+8 du lundi au samedi) ou utiliser le chat en direct du site web pour obtenir une r\u00e9ponse rapide.<\/b><\/strong><\/h4>","protected":false},"excerpt":{"rendered":"<p>Nom chimique : Alcool benzylique ; Benzenemethanol ; BnOH<\/p>\n<p>Num\u00e9ro CAS : 100-51-6<\/p>\n<p>Formule mol\u00e9culaire : C7H8O<\/p>\n<p>Structure chimique :<img decoding=\"async\" title=\"Structure de l&#039;alcool benzylique\" src=\"https:\/\/www.longchangchemical.com\/wp-content\/uploads\/product-details\/20200612315450.png\" alt=\"Structure de l&#039;alcool benzylique\" width=\"161\" height=\"74\" border=\"0\" vspace=\"0\" \/><\/p>\n<p>Poids mol\u00e9culaire : 108,14<\/p>\n<p>Aspect : Liquide huileux clair et incolore<\/p>\n<p>Essai : 99.95%<\/p>","protected":false},"featured_media":3473,"comment_status":"open","ping_status":"closed","template":"","meta":[],"product_brand":[],"product_cat":[103],"product_tag":[],"class_list":{"0":"post-3472","1":"product","2":"type-product","3":"status-publish","4":"has-post-thumbnail","6":"product_cat-cosmetic-additives","8":"first","9":"instock","10":"shipping-taxable","11":"product-type-simple"},"yoast_head":"<!-- This site is optimized with the Yoast SEO plugin v25.3.1 - https:\/\/yoast.com\/wordpress\/plugins\/seo\/ -->\n<title>China Benzenemethanol \/ Benzyl alcohol cas 100-51-6 manufacturer and supplier - Longchang Chemical<\/title>\n<meta name=\"description\" content=\"Longchang Chemical is a leading manufacturer and supplier of Benzenemethanol \/ Benzyl alcohol in China. Buy Benzenemethanol \/ Benzyl alcohol in china. We can provide the best Benzenemethanol \/ Benzyl alcohol price.\" \/>\n<meta name=\"robots\" content=\"index, follow, max-snippet:-1, max-image-preview:large, max-video-preview:-1\" \/>\n<link rel=\"canonical\" href=\"https:\/\/longchangchemical.com\/fr\/product\/benzenemethanol-benzyl-alcohol-cas-100-51-6\/\" \/>\n<meta property=\"og:locale\" content=\"fr_FR\" \/>\n<meta property=\"og:type\" content=\"article\" \/>\n<meta property=\"og:title\" content=\"China Benzenemethanol \/ Benzyl alcohol cas 100-51-6 manufacturer and supplier - Longchang Chemical\" \/>\n<meta property=\"og:description\" content=\"Longchang Chemical is a leading manufacturer and supplier of Benzenemethanol \/ Benzyl alcohol in China. Buy Benzenemethanol \/ Benzyl alcohol in china. We can provide the best Benzenemethanol \/ Benzyl alcohol price.\" \/>\n<meta property=\"og:url\" content=\"https:\/\/longchangchemical.com\/fr\/product\/benzenemethanol-benzyl-alcohol-cas-100-51-6\/\" \/>\n<meta property=\"og:site_name\" content=\"Longchang Chemical\" \/>\n<meta property=\"article:modified_time\" content=\"2025-12-23T04:16:43+00:00\" \/>\n<meta property=\"og:image\" content=\"https:\/\/longchangchemical.com\/wp-content\/uploads\/2020\/12\/Benzyl-alcohol-Appearance.jpg\" \/>\n\t<meta property=\"og:image:width\" content=\"600\" \/>\n\t<meta property=\"og:image:height\" content=\"800\" \/>\n\t<meta property=\"og:image:type\" content=\"image\/jpeg\" \/>\n<meta name=\"twitter:card\" content=\"summary_large_image\" \/>\n<script type=\"application\/ld+json\" class=\"yoast-schema-graph\">{\"@context\":\"https:\/\/schema.org\",\"@graph\":[{\"@type\":\"WebPage\",\"@id\":\"https:\/\/longchangchemical.com\/product\/benzenemethanol-benzyl-alcohol-cas-100-51-6\/\",\"url\":\"https:\/\/longchangchemical.com\/product\/benzenemethanol-benzyl-alcohol-cas-100-51-6\/\",\"name\":\"China Benzenemethanol \/ Benzyl alcohol cas 100-51-6 manufacturer and supplier - Longchang Chemical\",\"isPartOf\":{\"@id\":\"https:\/\/longchangchemical.com\/#website\"},\"primaryImageOfPage\":{\"@id\":\"https:\/\/longchangchemical.com\/product\/benzenemethanol-benzyl-alcohol-cas-100-51-6\/#primaryimage\"},\"image\":{\"@id\":\"https:\/\/longchangchemical.com\/product\/benzenemethanol-benzyl-alcohol-cas-100-51-6\/#primaryimage\"},\"thumbnailUrl\":\"https:\/\/longchangchemical.com\/wp-content\/uploads\/2020\/12\/Benzyl-alcohol-Appearance.jpg\",\"datePublished\":\"2020-12-16T02:42:13+00:00\",\"dateModified\":\"2025-12-23T04:16:43+00:00\",\"description\":\"Longchang Chemical is a leading manufacturer and supplier of Benzenemethanol \/ Benzyl alcohol in China. Buy Benzenemethanol \/ Benzyl alcohol in china. We can provide the best Benzenemethanol \/ Benzyl alcohol price.\",\"breadcrumb\":{\"@id\":\"https:\/\/longchangchemical.com\/product\/benzenemethanol-benzyl-alcohol-cas-100-51-6\/#breadcrumb\"},\"inLanguage\":\"fr-FR\",\"potentialAction\":[{\"@type\":\"ReadAction\",\"target\":[\"https:\/\/longchangchemical.com\/product\/benzenemethanol-benzyl-alcohol-cas-100-51-6\/\"]}]},{\"@type\":\"ImageObject\",\"inLanguage\":\"fr-FR\",\"@id\":\"https:\/\/longchangchemical.com\/product\/benzenemethanol-benzyl-alcohol-cas-100-51-6\/#primaryimage\",\"url\":\"https:\/\/longchangchemical.com\/wp-content\/uploads\/2020\/12\/Benzyl-alcohol-Appearance.jpg\",\"contentUrl\":\"https:\/\/longchangchemical.com\/wp-content\/uploads\/2020\/12\/Benzyl-alcohol-Appearance.jpg\",\"width\":600,\"height\":800,\"caption\":\"Benzyl alcohol Appearance\"},{\"@type\":\"BreadcrumbList\",\"@id\":\"https:\/\/longchangchemical.com\/product\/benzenemethanol-benzyl-alcohol-cas-100-51-6\/#breadcrumb\",\"itemListElement\":[{\"@type\":\"ListItem\",\"position\":1,\"name\":\"Home\",\"item\":\"https:\/\/longchangchemical.com\/\"},{\"@type\":\"ListItem\",\"position\":2,\"name\":\"Products Longchang\",\"item\":\"https:\/\/longchangchemical.com\/product\/\"},{\"@type\":\"ListItem\",\"position\":3,\"name\":\"Benzenemethanol \/ Benzyl alcohol cas 100-51-6\"}]},{\"@type\":\"WebSite\",\"@id\":\"https:\/\/longchangchemical.com\/#website\",\"url\":\"https:\/\/longchangchemical.com\/\",\"name\":\"Longchang Chemical\",\"description\":\"China chemical manufacturer \uff06 supplier\",\"publisher\":{\"@id\":\"https:\/\/longchangchemical.com\/#organization\"},\"potentialAction\":[{\"@type\":\"SearchAction\",\"target\":{\"@type\":\"EntryPoint\",\"urlTemplate\":\"https:\/\/longchangchemical.com\/?s={search_term_string}\"},\"query-input\":{\"@type\":\"PropertyValueSpecification\",\"valueRequired\":true,\"valueName\":\"search_term_string\"}}],\"inLanguage\":\"fr-FR\"},{\"@type\":\"Organization\",\"@id\":\"https:\/\/longchangchemical.com\/#organization\",\"name\":\"Longchang Chemical\",\"url\":\"https:\/\/longchangchemical.com\/\",\"logo\":{\"@type\":\"ImageObject\",\"inLanguage\":\"fr-FR\",\"@id\":\"https:\/\/longchangchemical.com\/#\/schema\/logo\/image\/\",\"url\":\"https:\/\/longchangchemical.com\/wp-content\/uploads\/2020\/08\/cropped-longchang-logo.png\",\"contentUrl\":\"https:\/\/longchangchemical.com\/wp-content\/uploads\/2020\/08\/cropped-longchang-logo.png\",\"width\":512,\"height\":512,\"caption\":\"Longchang Chemical\"},\"image\":{\"@id\":\"https:\/\/longchangchemical.com\/#\/schema\/logo\/image\/\"}}]}<\/script>\n<!-- \/ Yoast SEO plugin. -->","yoast_head_json":{"title":"Benzenemethanol \/ Benzyl alcohol cas 100-51-6 fabricant et fournisseur chinois - Longchang Chemical","description":"Longchang Chemical est un fabricant et fournisseur leader de Benzenemethanol \/ Benzyl alcohol en Chine. Acheter Benzenemethanol \/ alcool benzylique en Chine. Nous pouvons vous fournir le meilleur prix de Benzenemethanol \/ alcool benzylique.","robots":{"index":"index","follow":"follow","max-snippet":"max-snippet:-1","max-image-preview":"max-image-preview:large","max-video-preview":"max-video-preview:-1"},"canonical":"https:\/\/longchangchemical.com\/fr\/product\/benzenemethanol-benzyl-alcohol-cas-100-51-6\/","og_locale":"fr_FR","og_type":"article","og_title":"China Benzenemethanol \/ Benzyl alcohol cas 100-51-6 manufacturer and supplier - Longchang Chemical","og_description":"Longchang Chemical is a leading manufacturer and supplier of Benzenemethanol \/ Benzyl alcohol in China. Buy Benzenemethanol \/ Benzyl alcohol in china. We can provide the best Benzenemethanol \/ Benzyl alcohol price.","og_url":"https:\/\/longchangchemical.com\/fr\/product\/benzenemethanol-benzyl-alcohol-cas-100-51-6\/","og_site_name":"Longchang Chemical","article_modified_time":"2025-12-23T04:16:43+00:00","og_image":[{"width":600,"height":800,"url":"https:\/\/longchangchemical.com\/wp-content\/uploads\/2020\/12\/Benzyl-alcohol-Appearance.jpg","type":"image\/jpeg"}],"twitter_card":"summary_large_image","schema":{"@context":"https:\/\/schema.org","@graph":[{"@type":"WebPage","@id":"https:\/\/longchangchemical.com\/product\/benzenemethanol-benzyl-alcohol-cas-100-51-6\/","url":"https:\/\/longchangchemical.com\/product\/benzenemethanol-benzyl-alcohol-cas-100-51-6\/","name":"Benzenemethanol \/ Benzyl alcohol cas 100-51-6 fabricant et fournisseur chinois - Longchang Chemical","isPartOf":{"@id":"https:\/\/longchangchemical.com\/#website"},"primaryImageOfPage":{"@id":"https:\/\/longchangchemical.com\/product\/benzenemethanol-benzyl-alcohol-cas-100-51-6\/#primaryimage"},"image":{"@id":"https:\/\/longchangchemical.com\/product\/benzenemethanol-benzyl-alcohol-cas-100-51-6\/#primaryimage"},"thumbnailUrl":"https:\/\/longchangchemical.com\/wp-content\/uploads\/2020\/12\/Benzyl-alcohol-Appearance.jpg","datePublished":"2020-12-16T02:42:13+00:00","dateModified":"2025-12-23T04:16:43+00:00","description":"Longchang Chemical est un fabricant et fournisseur leader de Benzenemethanol \/ Benzyl alcohol en Chine. Acheter Benzenemethanol \/ alcool benzylique en Chine. Nous pouvons vous fournir le meilleur prix de Benzenemethanol \/ alcool benzylique.","breadcrumb":{"@id":"https:\/\/longchangchemical.com\/product\/benzenemethanol-benzyl-alcohol-cas-100-51-6\/#breadcrumb"},"inLanguage":"fr-FR","potentialAction":[{"@type":"ReadAction","target":["https:\/\/longchangchemical.com\/product\/benzenemethanol-benzyl-alcohol-cas-100-51-6\/"]}]},{"@type":"ImageObject","inLanguage":"fr-FR","@id":"https:\/\/longchangchemical.com\/product\/benzenemethanol-benzyl-alcohol-cas-100-51-6\/#primaryimage","url":"https:\/\/longchangchemical.com\/wp-content\/uploads\/2020\/12\/Benzyl-alcohol-Appearance.jpg","contentUrl":"https:\/\/longchangchemical.com\/wp-content\/uploads\/2020\/12\/Benzyl-alcohol-Appearance.jpg","width":600,"height":800,"caption":"Benzyl alcohol Appearance"},{"@type":"BreadcrumbList","@id":"https:\/\/longchangchemical.com\/product\/benzenemethanol-benzyl-alcohol-cas-100-51-6\/#breadcrumb","itemListElement":[{"@type":"ListItem","position":1,"name":"Home","item":"https:\/\/longchangchemical.com\/"},{"@type":"ListItem","position":2,"name":"Products Longchang","item":"https:\/\/longchangchemical.com\/product\/"},{"@type":"ListItem","position":3,"name":"Benzenemethanol \/ Benzyl alcohol cas 100-51-6"}]},{"@type":"WebSite","@id":"https:\/\/longchangchemical.com\/#website","url":"https:\/\/longchangchemical.com\/","name":"Longchang Chemical","description":"Fabricant chinois de produits chimiques \uff06 fournisseur","publisher":{"@id":"https:\/\/longchangchemical.com\/#organization"},"potentialAction":[{"@type":"SearchAction","target":{"@type":"EntryPoint","urlTemplate":"https:\/\/longchangchemical.com\/?s={search_term_string}"},"query-input":{"@type":"PropertyValueSpecification","valueRequired":true,"valueName":"search_term_string"}}],"inLanguage":"fr-FR"},{"@type":"Organization","@id":"https:\/\/longchangchemical.com\/#organization","name":"Longchang Chemical","url":"https:\/\/longchangchemical.com\/","logo":{"@type":"ImageObject","inLanguage":"fr-FR","@id":"https:\/\/longchangchemical.com\/#\/schema\/logo\/image\/","url":"https:\/\/longchangchemical.com\/wp-content\/uploads\/2020\/08\/cropped-longchang-logo.png","contentUrl":"https:\/\/longchangchemical.com\/wp-content\/uploads\/2020\/08\/cropped-longchang-logo.png","width":512,"height":512,"caption":"Longchang Chemical"},"image":{"@id":"https:\/\/longchangchemical.com\/#\/schema\/logo\/image\/"}}]}},"_links":{"self":[{"href":"https:\/\/longchangchemical.com\/fr\/wp-json\/wp\/v2\/product\/3472","targetHints":{"allow":["GET"]}}],"collection":[{"href":"https:\/\/longchangchemical.com\/fr\/wp-json\/wp\/v2\/product"}],"about":[{"href":"https:\/\/longchangchemical.com\/fr\/wp-json\/wp\/v2\/types\/product"}],"replies":[{"embeddable":true,"href":"https:\/\/longchangchemical.com\/fr\/wp-json\/wp\/v2\/comments?post=3472"}],"wp:featuredmedia":[{"embeddable":true,"href":"https:\/\/longchangchemical.com\/fr\/wp-json\/wp\/v2\/media\/3473"}],"wp:attachment":[{"href":"https:\/\/longchangchemical.com\/fr\/wp-json\/wp\/v2\/media?parent=3472"}],"wp:term":[{"taxonomy":"product_brand","embeddable":true,"href":"https:\/\/longchangchemical.com\/fr\/wp-json\/wp\/v2\/product_brand?post=3472"},{"taxonomy":"product_cat","embeddable":true,"href":"https:\/\/longchangchemical.com\/fr\/wp-json\/wp\/v2\/product_cat?post=3472"},{"taxonomy":"product_tag","embeddable":true,"href":"https:\/\/longchangchemical.com\/fr\/wp-json\/wp\/v2\/product_tag?post=3472"}],"curies":[{"name":"wp","href":"https:\/\/api.w.org\/{rel}","templated":true}]}}