{"id":3451,"date":"2020-12-08T03:36:02","date_gmt":"2020-12-08T03:36:02","guid":{"rendered":"https:\/\/longchangchemical.com\/?post_type=product&#038;p=3451"},"modified":"2025-12-23T04:09:57","modified_gmt":"2025-12-23T04:09:57","slug":"potassium-thioglycolate-cas-34452-51-2","status":"publish","type":"product","link":"https:\/\/longchangchemical.com\/fr\/product\/potassium-thioglycolate-cas-34452-51-2\/","title":{"rendered":"Thioglycolate de potassium CAS 34452-51-2"},"content":{"rendered":"<h1><strong>Thioglycolate de potassium CAS 34452-51-2<\/strong><\/h1>\n<table class=\"table-1\" cellspacing=\"0\">\n<tbody>\n<tr>\n<td>\n<h4><strong>Objet<\/strong><\/h4>\n<\/td>\n<td>\n<h4><strong>Sp\u00e9cifications<\/strong><\/h4>\n<\/td>\n<td>\n<h4><strong>R\u00e9sultats<\/strong><\/h4>\n<\/td>\n<\/tr>\n<tr>\n<td>\n<h4>Apparence<\/h4>\n<\/td>\n<td>\n<h4>Liquide clair incolore ou rouge\u00e2tre<\/h4>\n<\/td>\n<td>\n<h4>Liquide clair de couleur rouge\u00e2tre<\/h4>\n<\/td>\n<\/tr>\n<tr>\n<td>\n<h4>Essai<\/h4>\n<\/td>\n<td>\n<h4>\u226543.0%<\/h4>\n<\/td>\n<td>\n<h4>43.4%<\/h4>\n<\/td>\n<\/tr>\n<tr>\n<td>\n<h4>Pb M\u00e9tal lourd PPM(mg\/kg)<\/h4>\n<\/td>\n<td>\n<h4>\u22645.0%<\/h4>\n<\/td>\n<td>\n<h4>Respecter<\/h4>\n<\/td>\n<\/tr>\n<tr>\n<td>\n<h4>Fe PPM (mg\/kg)<\/h4>\n<\/td>\n<td>\n<h4>\u22640.5%<\/h4>\n<\/td>\n<td>\n<h4>Respecter<\/h4>\n<\/td>\n<\/tr>\n<tr>\n<td>\n<h4>En tant que PPM (mg\/kg)<\/h4>\n<\/td>\n<td>\n<h4>\u22645.0%<\/h4>\n<\/td>\n<td>\n<h4>Respecter<\/h4>\n<\/td>\n<\/tr>\n<tr>\n<td>\n<h4>Densit\u00e9 relative<\/h4>\n<\/td>\n<td>\n<h4>1.26~1.30<\/h4>\n<\/td>\n<td>\n<h4>1.27<\/h4>\n<\/td>\n<\/tr>\n<tr>\n<td>\n<h4>PH<\/h4>\n<\/td>\n<td>\n<h4>6.5~7.5<\/h4>\n<\/td>\n<td>\n<h4>6.9<\/h4>\n<\/td>\n<\/tr>\n<tr>\n<td>\n<h4>Conclusion<\/h4>\n<\/td>\n<td colspan=\"2\">\n<h4>Les r\u00e9sultats sont conformes aux normes de l'entreprise<\/h4>\n<\/td>\n<\/tr>\n<\/tbody>\n<\/table>\n<p>&nbsp;<\/p>\n<h2><strong>Thioglycolate de potassium Utilisation<\/strong><\/h2>\n<h4>1. Le thioglycolate de potassium est largement utilis\u00e9 dans l'\u00e9pilation (cuir, corps humain), comme agent principal pour la permanente et la teinture, et pour la pr\u00e9paration de milieux solides et liquides.<\/h4>\n<h4>2. Le thioglycolate de potassium peut \u00eatre utilis\u00e9 dans l'enrichissement du molybd\u00e8ne comme inhibiteur cuivre-soufre.<\/h4>\n<h4>3. Le thioglycolate de potassium peut \u00e9galement \u00eatre utilis\u00e9 comme agent r\u00e9ducteur tr\u00e8s efficace.<\/h4>\n<p>&nbsp;<\/p>\n<h2><strong>Thioglycolate de potassium dans les cosm\u00e9tiques<\/strong><\/h2>\n<p>&nbsp;<\/p>\n<h4>1. Conform\u00e9ment au r\u00e8glement (CE) n\u00b0 1223\/2009 de l'Union europ\u00e9enne et \u00e0 la directive 88\/233\/CEE, il est inclus dans l'annexe III\/2a.<\/h4>\n<h4>Peut s'appliquer \u00e0 :<\/h4>\n<h4>(1) Produits Perm<\/h4>\n<h4>(1a), utilisation g\u00e9n\u00e9rale : la concentration maximale d'utilisation est de 8% (calcul\u00e9e en tant qu'acide thioglycolique), et la valeur du pH est comprise entre 7 et 9,5.<\/h4>\n<h4>(1b) Usage professionnel : La concentration maximale d'utilisation est de 11% (calcul\u00e9e en acide thioglycolique), et la valeur du pH est de 7 \u00e0 9,5.<\/h4>\n<h4>(2) Produits d'\u00e9pilation<\/h4>\n<h4>La concentration maximale d'utilisation est de 5% (sur la base de l'acide thioglycolique), et la valeur du pH est comprise entre 7 et 12,7.<\/h4>\n<h4>(3) Produits capillaires lavables<\/h4>\n<h4>La concentration maximale d'utilisation est de 2% (calcul\u00e9e en acide thioglycolique), et la valeur du pH est comprise entre 7 et 9,5.<\/h4>\n<h4>(4) Produits de permanente de cils<\/h4>\n<h4>La concentration maximale d'utilisation est de 11% (calcul\u00e9e en acide thioglycolique), et la valeur du pH est de 7 \u00e0 9,5.<\/h4>\n<h4>2. Selon les sp\u00e9cifications techniques de s\u00e9curit\u00e9 des cosm\u00e9tiques en Chine (\u00e9dition 2015), il est inclus dans les composants restreints des cosm\u00e9tiques.<\/h4>\n<h4>Peut s'appliquer \u00e0 :<\/h4>\n<h4>(1) Produits Perm<\/h4>\n<h4>(1a), utilisation g\u00e9n\u00e9rale : la concentration maximale d'utilisation est de 8% (calcul\u00e9e en tant qu'acide thioglycolique), et la valeur du pH est comprise entre 7 et 9,5.<\/h4>\n<h4>(1b) Usage professionnel : La concentration maximale d'utilisation est de 11% (calcul\u00e9e en acide thioglycolique), et la valeur du pH est de 7 \u00e0 9,5.<\/h4>\n<h4>(2) Produits d'\u00e9pilation<\/h4>\n<h4>La concentration maximale d'utilisation est de 5% (sur la base de l'acide thioglycolique), et la valeur du pH est comprise entre 7 et 12,7.<\/h4>\n<h4>(3) Produits capillaires lavables<\/h4>\n<h4>La concentration maximale d'utilisation est de 2% (calcul\u00e9e en acide thioglycolique), et la valeur du pH est comprise entre 7 et 9,5.<\/h4>\n<p>&nbsp;<\/p>\n<h2><strong>Thioglycolate de potassium Emballage<\/strong><\/h2>\n<h4>Sacs, 1g, 5g, 1kg, 25 kg<br \/>\nTambour,25 kg ,180kg<\/h4>\n<p>&nbsp;<\/p>\n<h2><strong><b>Contactez-nous d\u00e8s maintenant !<\/b><\/strong><\/h2>\n<h4><strong><b>Nous fournissons des services personnalis\u00e9s, nous vous contacterons g\u00e9n\u00e9ralement dans les 24 heures. Vous pouvez \u00e9galement m'envoyer un courriel <a href=\"mailto:info@longchangchemical.com\"><span style=\"color: #00ccff;\">info@longchangchemical.com<\/span><\/a> pendant les heures de travail ( 8:30 am to 6:00 pm UTC+8 Mon.~Sat. ) ou utilisez le chat en direct du site web pour obtenir une r\u00e9ponse rapide.<\/b><\/strong><\/h4>","protected":false},"excerpt":{"rendered":"<h4>Nom chimique : Thioglycolate de potassium<\/h4>\n<h4>CAS : 34452-51-2<\/h4>\n<h4>Formule mol\u00e9culaire : C2H3KO2S<\/h4>\n<h4>Poids mol\u00e9culaire : 130,21<\/h4>\n<h4>Aspect : Liquide incolore ou rouge\u00e2tre<\/h4>\n<h4>Puret\u00e9 : 43%<\/h4>","protected":false},"featured_media":3452,"comment_status":"open","ping_status":"closed","template":"","meta":[],"product_brand":[],"product_cat":[103],"product_tag":[],"class_list":{"0":"post-3451","1":"product","2":"type-product","3":"status-publish","4":"has-post-thumbnail","6":"product_cat-cosmetic-additives","8":"first","9":"instock","10":"shipping-taxable","11":"product-type-simple"},"yoast_head":"<!-- This site is optimized with the Yoast SEO plugin v25.3.1 - https:\/\/yoast.com\/wordpress\/plugins\/seo\/ -->\n<title>China Potassium thioglycolate CAS 34452-51-2 manufacturer and supplier - Longchang Chemical<\/title>\n<meta name=\"description\" content=\"Longchang Chemical is a leading manufacturer and supplier of Potassium thioglycolate in China. Buy Potassium thioglycolate in china. We can provide the best Potassium thioglycolate price. Other Name: Thioglycollic acid potassium salt; potassium 2-Mercaptoacetate; 2-sulfanylacetate; mercapto-aceticacimonopotassiumsalt; POTASSIUM THIOGLYCOLATE; POTASSIUM THIOGLYCOLLATE; potassium mercaptoacetate\" \/>\n<meta name=\"robots\" content=\"index, follow, max-snippet:-1, max-image-preview:large, max-video-preview:-1\" \/>\n<link rel=\"canonical\" href=\"https:\/\/longchangchemical.com\/fr\/product\/potassium-thioglycolate-cas-34452-51-2\/\" \/>\n<meta property=\"og:locale\" content=\"fr_FR\" \/>\n<meta property=\"og:type\" content=\"article\" \/>\n<meta property=\"og:title\" content=\"China Potassium thioglycolate CAS 34452-51-2 manufacturer and supplier - Longchang Chemical\" \/>\n<meta property=\"og:description\" content=\"Longchang Chemical is a leading manufacturer and supplier of Potassium thioglycolate in China. Buy Potassium thioglycolate in china. We can provide the best Potassium thioglycolate price. Other Name: Thioglycollic acid potassium salt; potassium 2-Mercaptoacetate; 2-sulfanylacetate; mercapto-aceticacimonopotassiumsalt; POTASSIUM THIOGLYCOLATE; POTASSIUM THIOGLYCOLLATE; potassium mercaptoacetate\" \/>\n<meta property=\"og:url\" content=\"https:\/\/longchangchemical.com\/fr\/product\/potassium-thioglycolate-cas-34452-51-2\/\" \/>\n<meta property=\"og:site_name\" content=\"Longchang Chemical\" \/>\n<meta property=\"article:modified_time\" content=\"2025-12-23T04:09:57+00:00\" \/>\n<meta property=\"og:image\" content=\"https:\/\/longchangchemical.com\/wp-content\/uploads\/2020\/12\/Potassium-thioglycolate-Appearance.jpg\" \/>\n\t<meta property=\"og:image:width\" content=\"600\" \/>\n\t<meta property=\"og:image:height\" content=\"800\" \/>\n\t<meta property=\"og:image:type\" content=\"image\/jpeg\" \/>\n<meta name=\"twitter:card\" content=\"summary_large_image\" \/>\n<script type=\"application\/ld+json\" class=\"yoast-schema-graph\">{\"@context\":\"https:\/\/schema.org\",\"@graph\":[{\"@type\":\"WebPage\",\"@id\":\"https:\/\/longchangchemical.com\/product\/potassium-thioglycolate-cas-34452-51-2\/\",\"url\":\"https:\/\/longchangchemical.com\/product\/potassium-thioglycolate-cas-34452-51-2\/\",\"name\":\"China Potassium thioglycolate CAS 34452-51-2 manufacturer and supplier - Longchang Chemical\",\"isPartOf\":{\"@id\":\"https:\/\/longchangchemical.com\/#website\"},\"primaryImageOfPage\":{\"@id\":\"https:\/\/longchangchemical.com\/product\/potassium-thioglycolate-cas-34452-51-2\/#primaryimage\"},\"image\":{\"@id\":\"https:\/\/longchangchemical.com\/product\/potassium-thioglycolate-cas-34452-51-2\/#primaryimage\"},\"thumbnailUrl\":\"https:\/\/longchangchemical.com\/wp-content\/uploads\/2020\/12\/Potassium-thioglycolate-Appearance.jpg\",\"datePublished\":\"2020-12-08T03:36:02+00:00\",\"dateModified\":\"2025-12-23T04:09:57+00:00\",\"description\":\"Longchang Chemical is a leading manufacturer and supplier of Potassium thioglycolate in China. Buy Potassium thioglycolate in china. We can provide the best Potassium thioglycolate price. Other Name: Thioglycollic acid potassium salt; potassium 2-Mercaptoacetate; 2-sulfanylacetate; mercapto-aceticacimonopotassiumsalt; POTASSIUM THIOGLYCOLATE; POTASSIUM THIOGLYCOLLATE; potassium mercaptoacetate\",\"breadcrumb\":{\"@id\":\"https:\/\/longchangchemical.com\/product\/potassium-thioglycolate-cas-34452-51-2\/#breadcrumb\"},\"inLanguage\":\"fr-FR\",\"potentialAction\":[{\"@type\":\"ReadAction\",\"target\":[\"https:\/\/longchangchemical.com\/product\/potassium-thioglycolate-cas-34452-51-2\/\"]}]},{\"@type\":\"ImageObject\",\"inLanguage\":\"fr-FR\",\"@id\":\"https:\/\/longchangchemical.com\/product\/potassium-thioglycolate-cas-34452-51-2\/#primaryimage\",\"url\":\"https:\/\/longchangchemical.com\/wp-content\/uploads\/2020\/12\/Potassium-thioglycolate-Appearance.jpg\",\"contentUrl\":\"https:\/\/longchangchemical.com\/wp-content\/uploads\/2020\/12\/Potassium-thioglycolate-Appearance.jpg\",\"width\":600,\"height\":800,\"caption\":\"Potassium thioglycolate Appearance\"},{\"@type\":\"BreadcrumbList\",\"@id\":\"https:\/\/longchangchemical.com\/product\/potassium-thioglycolate-cas-34452-51-2\/#breadcrumb\",\"itemListElement\":[{\"@type\":\"ListItem\",\"position\":1,\"name\":\"Home\",\"item\":\"https:\/\/longchangchemical.com\/\"},{\"@type\":\"ListItem\",\"position\":2,\"name\":\"Products Longchang\",\"item\":\"https:\/\/longchangchemical.com\/product\/\"},{\"@type\":\"ListItem\",\"position\":3,\"name\":\"Potassium thioglycolate CAS 34452-51-2\"}]},{\"@type\":\"WebSite\",\"@id\":\"https:\/\/longchangchemical.com\/#website\",\"url\":\"https:\/\/longchangchemical.com\/\",\"name\":\"Longchang Chemical\",\"description\":\"China chemical manufacturer \uff06 supplier\",\"publisher\":{\"@id\":\"https:\/\/longchangchemical.com\/#organization\"},\"potentialAction\":[{\"@type\":\"SearchAction\",\"target\":{\"@type\":\"EntryPoint\",\"urlTemplate\":\"https:\/\/longchangchemical.com\/?s={search_term_string}\"},\"query-input\":{\"@type\":\"PropertyValueSpecification\",\"valueRequired\":true,\"valueName\":\"search_term_string\"}}],\"inLanguage\":\"fr-FR\"},{\"@type\":\"Organization\",\"@id\":\"https:\/\/longchangchemical.com\/#organization\",\"name\":\"Longchang Chemical\",\"url\":\"https:\/\/longchangchemical.com\/\",\"logo\":{\"@type\":\"ImageObject\",\"inLanguage\":\"fr-FR\",\"@id\":\"https:\/\/longchangchemical.com\/#\/schema\/logo\/image\/\",\"url\":\"https:\/\/longchangchemical.com\/wp-content\/uploads\/2020\/08\/cropped-longchang-logo.png\",\"contentUrl\":\"https:\/\/longchangchemical.com\/wp-content\/uploads\/2020\/08\/cropped-longchang-logo.png\",\"width\":512,\"height\":512,\"caption\":\"Longchang Chemical\"},\"image\":{\"@id\":\"https:\/\/longchangchemical.com\/#\/schema\/logo\/image\/\"}}]}<\/script>\n<!-- \/ Yoast SEO plugin. -->","yoast_head_json":{"title":"Thioglycolate de potassium CAS 34452-51-2, fabricant et fournisseur chinois - Longchang Chemical","description":"Longchang Chemical est un fabricant et fournisseur leader de thioglycolate de potassium en Chine. Acheter thioglycolate de potassium en Chine. Nous pouvons vous fournir le meilleur prix de thioglycolate de potassium. Autre nom : Sel de potassium de l'acide thioglycollique ; 2-Mercaptoacetate de potassium ; 2-sulfanylacetate ; mercapto-aceticacimonopotassiumsalt ; POTASSIUM THIOGLYCOLATE ; POTASSIUM THIOGLYCOLLATE ; potassium mercaptoacetate","robots":{"index":"index","follow":"follow","max-snippet":"max-snippet:-1","max-image-preview":"max-image-preview:large","max-video-preview":"max-video-preview:-1"},"canonical":"https:\/\/longchangchemical.com\/fr\/product\/potassium-thioglycolate-cas-34452-51-2\/","og_locale":"fr_FR","og_type":"article","og_title":"China Potassium thioglycolate CAS 34452-51-2 manufacturer and supplier - Longchang Chemical","og_description":"Longchang Chemical is a leading manufacturer and supplier of Potassium thioglycolate in China. Buy Potassium thioglycolate in china. We can provide the best Potassium thioglycolate price. Other Name: Thioglycollic acid potassium salt; potassium 2-Mercaptoacetate; 2-sulfanylacetate; mercapto-aceticacimonopotassiumsalt; POTASSIUM THIOGLYCOLATE; POTASSIUM THIOGLYCOLLATE; potassium mercaptoacetate","og_url":"https:\/\/longchangchemical.com\/fr\/product\/potassium-thioglycolate-cas-34452-51-2\/","og_site_name":"Longchang Chemical","article_modified_time":"2025-12-23T04:09:57+00:00","og_image":[{"width":600,"height":800,"url":"https:\/\/longchangchemical.com\/wp-content\/uploads\/2020\/12\/Potassium-thioglycolate-Appearance.jpg","type":"image\/jpeg"}],"twitter_card":"summary_large_image","schema":{"@context":"https:\/\/schema.org","@graph":[{"@type":"WebPage","@id":"https:\/\/longchangchemical.com\/product\/potassium-thioglycolate-cas-34452-51-2\/","url":"https:\/\/longchangchemical.com\/product\/potassium-thioglycolate-cas-34452-51-2\/","name":"Thioglycolate de potassium CAS 34452-51-2, fabricant et fournisseur chinois - Longchang Chemical","isPartOf":{"@id":"https:\/\/longchangchemical.com\/#website"},"primaryImageOfPage":{"@id":"https:\/\/longchangchemical.com\/product\/potassium-thioglycolate-cas-34452-51-2\/#primaryimage"},"image":{"@id":"https:\/\/longchangchemical.com\/product\/potassium-thioglycolate-cas-34452-51-2\/#primaryimage"},"thumbnailUrl":"https:\/\/longchangchemical.com\/wp-content\/uploads\/2020\/12\/Potassium-thioglycolate-Appearance.jpg","datePublished":"2020-12-08T03:36:02+00:00","dateModified":"2025-12-23T04:09:57+00:00","description":"Longchang Chemical est un fabricant et fournisseur leader de thioglycolate de potassium en Chine. Acheter thioglycolate de potassium en Chine. Nous pouvons vous fournir le meilleur prix de thioglycolate de potassium. Autre nom : Sel de potassium de l'acide thioglycollique ; 2-Mercaptoacetate de potassium ; 2-sulfanylacetate ; mercapto-aceticacimonopotassiumsalt ; POTASSIUM THIOGLYCOLATE ; POTASSIUM THIOGLYCOLLATE ; potassium mercaptoacetate","breadcrumb":{"@id":"https:\/\/longchangchemical.com\/product\/potassium-thioglycolate-cas-34452-51-2\/#breadcrumb"},"inLanguage":"fr-FR","potentialAction":[{"@type":"ReadAction","target":["https:\/\/longchangchemical.com\/product\/potassium-thioglycolate-cas-34452-51-2\/"]}]},{"@type":"ImageObject","inLanguage":"fr-FR","@id":"https:\/\/longchangchemical.com\/product\/potassium-thioglycolate-cas-34452-51-2\/#primaryimage","url":"https:\/\/longchangchemical.com\/wp-content\/uploads\/2020\/12\/Potassium-thioglycolate-Appearance.jpg","contentUrl":"https:\/\/longchangchemical.com\/wp-content\/uploads\/2020\/12\/Potassium-thioglycolate-Appearance.jpg","width":600,"height":800,"caption":"Potassium thioglycolate Appearance"},{"@type":"BreadcrumbList","@id":"https:\/\/longchangchemical.com\/product\/potassium-thioglycolate-cas-34452-51-2\/#breadcrumb","itemListElement":[{"@type":"ListItem","position":1,"name":"Home","item":"https:\/\/longchangchemical.com\/"},{"@type":"ListItem","position":2,"name":"Products Longchang","item":"https:\/\/longchangchemical.com\/product\/"},{"@type":"ListItem","position":3,"name":"Potassium thioglycolate CAS 34452-51-2"}]},{"@type":"WebSite","@id":"https:\/\/longchangchemical.com\/#website","url":"https:\/\/longchangchemical.com\/","name":"Longchang Chemical","description":"Fabricant chinois de produits chimiques \uff06 fournisseur","publisher":{"@id":"https:\/\/longchangchemical.com\/#organization"},"potentialAction":[{"@type":"SearchAction","target":{"@type":"EntryPoint","urlTemplate":"https:\/\/longchangchemical.com\/?s={search_term_string}"},"query-input":{"@type":"PropertyValueSpecification","valueRequired":true,"valueName":"search_term_string"}}],"inLanguage":"fr-FR"},{"@type":"Organization","@id":"https:\/\/longchangchemical.com\/#organization","name":"Longchang Chemical","url":"https:\/\/longchangchemical.com\/","logo":{"@type":"ImageObject","inLanguage":"fr-FR","@id":"https:\/\/longchangchemical.com\/#\/schema\/logo\/image\/","url":"https:\/\/longchangchemical.com\/wp-content\/uploads\/2020\/08\/cropped-longchang-logo.png","contentUrl":"https:\/\/longchangchemical.com\/wp-content\/uploads\/2020\/08\/cropped-longchang-logo.png","width":512,"height":512,"caption":"Longchang Chemical"},"image":{"@id":"https:\/\/longchangchemical.com\/#\/schema\/logo\/image\/"}}]}},"_links":{"self":[{"href":"https:\/\/longchangchemical.com\/fr\/wp-json\/wp\/v2\/product\/3451","targetHints":{"allow":["GET"]}}],"collection":[{"href":"https:\/\/longchangchemical.com\/fr\/wp-json\/wp\/v2\/product"}],"about":[{"href":"https:\/\/longchangchemical.com\/fr\/wp-json\/wp\/v2\/types\/product"}],"replies":[{"embeddable":true,"href":"https:\/\/longchangchemical.com\/fr\/wp-json\/wp\/v2\/comments?post=3451"}],"wp:featuredmedia":[{"embeddable":true,"href":"https:\/\/longchangchemical.com\/fr\/wp-json\/wp\/v2\/media\/3452"}],"wp:attachment":[{"href":"https:\/\/longchangchemical.com\/fr\/wp-json\/wp\/v2\/media?parent=3451"}],"wp:term":[{"taxonomy":"product_brand","embeddable":true,"href":"https:\/\/longchangchemical.com\/fr\/wp-json\/wp\/v2\/product_brand?post=3451"},{"taxonomy":"product_cat","embeddable":true,"href":"https:\/\/longchangchemical.com\/fr\/wp-json\/wp\/v2\/product_cat?post=3451"},{"taxonomy":"product_tag","embeddable":true,"href":"https:\/\/longchangchemical.com\/fr\/wp-json\/wp\/v2\/product_tag?post=3451"}],"curies":[{"name":"wp","href":"https:\/\/api.w.org\/{rel}","templated":true}]}}