{"id":3449,"date":"2020-12-08T01:42:18","date_gmt":"2020-12-08T01:42:18","guid":{"rendered":"https:\/\/longchangchemical.com\/?post_type=product&#038;p=3449"},"modified":"2025-12-23T04:06:06","modified_gmt":"2025-12-23T04:06:06","slug":"ammonium-thioglycolate-cas-5421-46-5","status":"publish","type":"product","link":"https:\/\/longchangchemical.com\/fr\/product\/ammonium-thioglycolate-cas-5421-46-5\/","title":{"rendered":"Thioglycolate d'ammonium CAS 5421-46-5"},"content":{"rendered":"<h1><strong>Thioglycolate d'ammonium CAS 5421-46-5<\/strong><\/h1>\n<table class=\"table-1\">\n<tbody>\n<tr>\n<td>\n<h4>Objet<\/h4>\n<\/td>\n<td>\n<h4>Sp\u00e9cifications<\/h4>\n<\/td>\n<td>\n<h4>R\u00e9sultats<\/h4>\n<\/td>\n<td><\/td>\n<\/tr>\n<tr>\n<td>\n<h4>Apparence<\/h4>\n<\/td>\n<td>\n<h4>incolore ou rose lavande<\/h4>\n<\/td>\n<td>\n<h4>incolore<\/h4>\n<\/td>\n<td><\/td>\n<\/tr>\n<tr>\n<td>\n<h4>Activit\u00e9 %<\/h4>\n<\/td>\n<td>\n<h4>\u226570.0%<\/h4>\n<\/td>\n<td>\n<h4>70.3%<\/h4>\n<\/td>\n<td><\/td>\n<\/tr>\n<tr>\n<td>\n<h4>Densit\u00e9 (\u03c120,g\/cm3)<\/h4>\n<\/td>\n<td>\n<h4>1.24(25\u2103)<\/h4>\n<\/td>\n<td>\n<h4>1.24(25\u2103)<\/h4>\n<\/td>\n<td><\/td>\n<\/tr>\n<tr>\n<td>\n<h4>PH<\/h4>\n<\/td>\n<td>\n<h4>6.0-6.8(25\u2103)<\/h4>\n<\/td>\n<td>\n<h4>6.2<\/h4>\n<\/td>\n<td><\/td>\n<\/tr>\n<tr>\n<td>\n<h4>Conclusion<\/h4>\n<\/td>\n<td colspan=\"3\">\n<h4>Les r\u00e9sultats sont conformes aux normes de l'entreprise<\/h4>\n<\/td>\n<\/tr>\n<\/tbody>\n<\/table>\n<p><strong>\u00a0<\/strong><\/p>\n<h2><strong>Thioglycolate d'ammonium Utilisation<\/strong><\/h2>\n<h4>1. Le thioglycolate d'ammonium peut \u00eatre utilis\u00e9 comme r\u00e9actif pour la d\u00e9termination du fer.<\/h4>\n<h4>2. Le thioglycolate d'ammonium peut \u00eatre utilis\u00e9 dans l'industrie pharmaceutique.<\/h4>\n<h4>3. Le thioglycolate d'ammonium est utilis\u00e9 dans les cosm\u00e9tiques comme agent de frisage et solution nutritive, et a un effet coiffant.<\/h4>\n<h4>4. Le thioglycolate d'ammonium peut \u00e9galement \u00eatre utilis\u00e9 comme stabilisateur de PVC.<\/h4>\n<p>&nbsp;<\/p>\n<h2><strong>Thioglycolate d'ammonium dans les cosm\u00e9tiques<\/strong><\/h2>\n<p>&nbsp;<\/p>\n<h4>1. Conform\u00e9ment au r\u00e8glement (CE) n\u00b0 1223\/2009 de l'Union europ\u00e9enne et \u00e0 la directive 88\/233\/CEE, il est inclus dans l'annexe III\/2a.<\/h4>\n<h4>Peut s'appliquer \u00e0 :<\/h4>\n<h4>(1) Produits Perm<\/h4>\n<h4>(1a), utilisation g\u00e9n\u00e9rale : la concentration maximale d'utilisation est de 8% (calcul\u00e9e en tant qu'acide thioglycolique), et la valeur du pH est comprise entre 7 et 9,5.<\/h4>\n<h4>(1b) Usage professionnel : La concentration maximale d'utilisation est de 11% (calcul\u00e9e en acide thioglycolique), et la valeur du pH est de 7 \u00e0 9,5.<\/h4>\n<h4>(2) Produits d'\u00e9pilation<\/h4>\n<h4>La concentration maximale d'utilisation est de 5% (sur la base de l'acide thioglycolique), et la valeur du pH est comprise entre 7 et 12,7.<\/h4>\n<h4>(3) Produits capillaires lavables<\/h4>\n<h4>La concentration maximale d'utilisation est de 2% (calcul\u00e9e en acide thioglycolique), et la valeur du pH est comprise entre 7 et 9,5.<\/h4>\n<h4>(4) Produits de permanente de cils<\/h4>\n<h4>La concentration maximale d'utilisation est de 11% (calcul\u00e9e en acide thioglycolique), et la valeur du pH est de 7 \u00e0 9,5.<\/h4>\n<h4>2. Selon les sp\u00e9cifications techniques de s\u00e9curit\u00e9 des cosm\u00e9tiques en Chine (\u00e9dition 2015), il est inclus dans les composants restreints des cosm\u00e9tiques.<\/h4>\n<h4>Peut s'appliquer \u00e0 :<\/h4>\n<h4>(1) Produits Perm<\/h4>\n<h4>(1a), utilisation g\u00e9n\u00e9rale : la concentration maximale d'utilisation est de 8% (calcul\u00e9e en tant qu'acide thioglycolique), et la valeur du pH est comprise entre 7 et 9,5.<\/h4>\n<h4>(1b) Usage professionnel : La concentration maximale d'utilisation est de 11% (calcul\u00e9e en acide thioglycolique), et la valeur du pH est de 7 \u00e0 9,5.<\/h4>\n<h4>(2) Produits d'\u00e9pilation<\/h4>\n<h4>La concentration maximale d'utilisation est de 5% (sur la base de l'acide thioglycolique), et la valeur du pH est comprise entre 7 et 12,7.<\/h4>\n<h4>(3) Produits capillaires lavables<\/h4>\n<h4>La concentration maximale d'utilisation est de 2% (calcul\u00e9e en acide thioglycolique), et la valeur du pH est comprise entre 7 et 9,5.<\/h4>\n<p>&nbsp;<\/p>\n<h2><strong>Emballage de thioglycolate d'ammonium<\/strong><\/h2>\n<h4>250\/tambour<\/h4>\n<p>&nbsp;<\/p>\n<h2><strong><b>Contactez-nous d\u00e8s maintenant !<\/b><\/strong><\/h2>\n<h4><strong><b>Nous fournissons des services personnalis\u00e9s, nous vous contacterons g\u00e9n\u00e9ralement dans les 24 heures. Vous pouvez \u00e9galement m'envoyer un courriel \u00e0 l'adresse info@longchangchemical.com pendant les heures de travail (de 8h30 \u00e0 18h00 UTC+8 du lundi au samedi) ou utiliser le chat en direct du site web pour obtenir une r\u00e9ponse rapide.<\/b><\/strong><\/h4>","protected":false},"excerpt":{"rendered":"<h4>Nom chimique : Thioglycolate d'ammonium<\/h4>\n<h4>Num\u00e9ro CAS : 5421-46-5<\/h4>\n<h4>Formule mol\u00e9culaire : C2H7NO2S<\/h4>\n<h4>Fomule mol\u00e9culaire:109.15<\/h4>\n<h4>Structure chimique :<img decoding=\"async\" title=\"Structure du thioglycolate d&#039;ammonium\" src=\"https:\/\/www.longchangchemical.com\/wp-content\/uploads\/product-details\/20200616155341.png\" alt=\"Structure du thioglycolate d&#039;ammonium\" width=\"75\" height=\"58\" border=\"0\" vspace=\"0\" \/><\/h4>\n<h4>Aspect : Liquide incolore<\/h4>\n<h4>Puret\u00e9 : 50% 60% 70%<\/h4>","protected":false},"featured_media":3450,"comment_status":"open","ping_status":"closed","template":"","meta":[],"product_brand":[],"product_cat":[103],"product_tag":[],"class_list":{"0":"post-3449","1":"product","2":"type-product","3":"status-publish","4":"has-post-thumbnail","6":"product_cat-cosmetic-additives","8":"first","9":"instock","10":"shipping-taxable","11":"product-type-simple"},"yoast_head":"<!-- This site is optimized with the Yoast SEO plugin v25.3.1 - https:\/\/yoast.com\/wordpress\/plugins\/seo\/ -->\n<title>China Ammonium thioglycolate CAS 5421-46-5 manufacturer and supplier - Longchang Chemical<\/title>\n<meta name=\"description\" content=\"Longchang Chemical is a leading manufacturer and supplier of Ammonium thioglycolate in China. Buy Ammonium thioglycolate in china. We can provide the best Ammonium thioglycolate price.\" \/>\n<meta name=\"robots\" content=\"index, follow, max-snippet:-1, max-image-preview:large, max-video-preview:-1\" \/>\n<link rel=\"canonical\" href=\"https:\/\/longchangchemical.com\/fr\/product\/ammonium-thioglycolate-cas-5421-46-5\/\" \/>\n<meta property=\"og:locale\" content=\"fr_FR\" \/>\n<meta property=\"og:type\" content=\"article\" \/>\n<meta property=\"og:title\" content=\"China Ammonium thioglycolate CAS 5421-46-5 manufacturer and supplier - Longchang Chemical\" \/>\n<meta property=\"og:description\" content=\"Longchang Chemical is a leading manufacturer and supplier of Ammonium thioglycolate in China. Buy Ammonium thioglycolate in china. We can provide the best Ammonium thioglycolate price.\" \/>\n<meta property=\"og:url\" content=\"https:\/\/longchangchemical.com\/fr\/product\/ammonium-thioglycolate-cas-5421-46-5\/\" \/>\n<meta property=\"og:site_name\" content=\"Longchang Chemical\" \/>\n<meta property=\"article:modified_time\" content=\"2025-12-23T04:06:06+00:00\" \/>\n<meta property=\"og:image\" content=\"https:\/\/longchangchemical.com\/wp-content\/uploads\/2020\/12\/Ammonium-thioglycolate-Appearance.png\" \/>\n\t<meta property=\"og:image:width\" content=\"600\" \/>\n\t<meta property=\"og:image:height\" content=\"800\" \/>\n\t<meta property=\"og:image:type\" content=\"image\/png\" \/>\n<meta name=\"twitter:card\" content=\"summary_large_image\" \/>\n<script type=\"application\/ld+json\" class=\"yoast-schema-graph\">{\"@context\":\"https:\/\/schema.org\",\"@graph\":[{\"@type\":\"WebPage\",\"@id\":\"https:\/\/longchangchemical.com\/product\/ammonium-thioglycolate-cas-5421-46-5\/\",\"url\":\"https:\/\/longchangchemical.com\/product\/ammonium-thioglycolate-cas-5421-46-5\/\",\"name\":\"China Ammonium thioglycolate CAS 5421-46-5 manufacturer and supplier - Longchang Chemical\",\"isPartOf\":{\"@id\":\"https:\/\/longchangchemical.com\/#website\"},\"primaryImageOfPage\":{\"@id\":\"https:\/\/longchangchemical.com\/product\/ammonium-thioglycolate-cas-5421-46-5\/#primaryimage\"},\"image\":{\"@id\":\"https:\/\/longchangchemical.com\/product\/ammonium-thioglycolate-cas-5421-46-5\/#primaryimage\"},\"thumbnailUrl\":\"https:\/\/longchangchemical.com\/wp-content\/uploads\/2020\/12\/Ammonium-thioglycolate-Appearance.png\",\"datePublished\":\"2020-12-08T01:42:18+00:00\",\"dateModified\":\"2025-12-23T04:06:06+00:00\",\"description\":\"Longchang Chemical is a leading manufacturer and supplier of Ammonium thioglycolate in China. Buy Ammonium thioglycolate in china. We can provide the best Ammonium thioglycolate price.\",\"breadcrumb\":{\"@id\":\"https:\/\/longchangchemical.com\/product\/ammonium-thioglycolate-cas-5421-46-5\/#breadcrumb\"},\"inLanguage\":\"fr-FR\",\"potentialAction\":[{\"@type\":\"ReadAction\",\"target\":[\"https:\/\/longchangchemical.com\/product\/ammonium-thioglycolate-cas-5421-46-5\/\"]}]},{\"@type\":\"ImageObject\",\"inLanguage\":\"fr-FR\",\"@id\":\"https:\/\/longchangchemical.com\/product\/ammonium-thioglycolate-cas-5421-46-5\/#primaryimage\",\"url\":\"https:\/\/longchangchemical.com\/wp-content\/uploads\/2020\/12\/Ammonium-thioglycolate-Appearance.png\",\"contentUrl\":\"https:\/\/longchangchemical.com\/wp-content\/uploads\/2020\/12\/Ammonium-thioglycolate-Appearance.png\",\"width\":600,\"height\":800,\"caption\":\"Ammonium thioglycolate Appearance\"},{\"@type\":\"BreadcrumbList\",\"@id\":\"https:\/\/longchangchemical.com\/product\/ammonium-thioglycolate-cas-5421-46-5\/#breadcrumb\",\"itemListElement\":[{\"@type\":\"ListItem\",\"position\":1,\"name\":\"Home\",\"item\":\"https:\/\/longchangchemical.com\/\"},{\"@type\":\"ListItem\",\"position\":2,\"name\":\"Products Longchang\",\"item\":\"https:\/\/longchangchemical.com\/product\/\"},{\"@type\":\"ListItem\",\"position\":3,\"name\":\"Ammonium thioglycolate CAS 5421-46-5\"}]},{\"@type\":\"WebSite\",\"@id\":\"https:\/\/longchangchemical.com\/#website\",\"url\":\"https:\/\/longchangchemical.com\/\",\"name\":\"Longchang Chemical\",\"description\":\"China chemical manufacturer \uff06 supplier\",\"publisher\":{\"@id\":\"https:\/\/longchangchemical.com\/#organization\"},\"potentialAction\":[{\"@type\":\"SearchAction\",\"target\":{\"@type\":\"EntryPoint\",\"urlTemplate\":\"https:\/\/longchangchemical.com\/?s={search_term_string}\"},\"query-input\":{\"@type\":\"PropertyValueSpecification\",\"valueRequired\":true,\"valueName\":\"search_term_string\"}}],\"inLanguage\":\"fr-FR\"},{\"@type\":\"Organization\",\"@id\":\"https:\/\/longchangchemical.com\/#organization\",\"name\":\"Longchang Chemical\",\"url\":\"https:\/\/longchangchemical.com\/\",\"logo\":{\"@type\":\"ImageObject\",\"inLanguage\":\"fr-FR\",\"@id\":\"https:\/\/longchangchemical.com\/#\/schema\/logo\/image\/\",\"url\":\"https:\/\/longchangchemical.com\/wp-content\/uploads\/2020\/08\/cropped-longchang-logo.png\",\"contentUrl\":\"https:\/\/longchangchemical.com\/wp-content\/uploads\/2020\/08\/cropped-longchang-logo.png\",\"width\":512,\"height\":512,\"caption\":\"Longchang Chemical\"},\"image\":{\"@id\":\"https:\/\/longchangchemical.com\/#\/schema\/logo\/image\/\"}}]}<\/script>\n<!-- \/ Yoast SEO plugin. -->","yoast_head_json":{"title":"Thioglycolate d'ammonium CAS 5421-46-5, fabricant et fournisseur chinois - Longchang Chemical","description":"Longchang Chemical est un fabricant et fournisseur leader de thioglycolate d'ammonium en Chine. Acheter thioglycolate d'ammonium en Chine. Nous pouvons vous fournir le meilleur prix de thioglycolate d'ammonium.","robots":{"index":"index","follow":"follow","max-snippet":"max-snippet:-1","max-image-preview":"max-image-preview:large","max-video-preview":"max-video-preview:-1"},"canonical":"https:\/\/longchangchemical.com\/fr\/product\/ammonium-thioglycolate-cas-5421-46-5\/","og_locale":"fr_FR","og_type":"article","og_title":"China Ammonium thioglycolate CAS 5421-46-5 manufacturer and supplier - Longchang Chemical","og_description":"Longchang Chemical is a leading manufacturer and supplier of Ammonium thioglycolate in China. Buy Ammonium thioglycolate in china. We can provide the best Ammonium thioglycolate price.","og_url":"https:\/\/longchangchemical.com\/fr\/product\/ammonium-thioglycolate-cas-5421-46-5\/","og_site_name":"Longchang Chemical","article_modified_time":"2025-12-23T04:06:06+00:00","og_image":[{"width":600,"height":800,"url":"https:\/\/longchangchemical.com\/wp-content\/uploads\/2020\/12\/Ammonium-thioglycolate-Appearance.png","type":"image\/png"}],"twitter_card":"summary_large_image","schema":{"@context":"https:\/\/schema.org","@graph":[{"@type":"WebPage","@id":"https:\/\/longchangchemical.com\/product\/ammonium-thioglycolate-cas-5421-46-5\/","url":"https:\/\/longchangchemical.com\/product\/ammonium-thioglycolate-cas-5421-46-5\/","name":"Thioglycolate d'ammonium CAS 5421-46-5, fabricant et fournisseur chinois - Longchang Chemical","isPartOf":{"@id":"https:\/\/longchangchemical.com\/#website"},"primaryImageOfPage":{"@id":"https:\/\/longchangchemical.com\/product\/ammonium-thioglycolate-cas-5421-46-5\/#primaryimage"},"image":{"@id":"https:\/\/longchangchemical.com\/product\/ammonium-thioglycolate-cas-5421-46-5\/#primaryimage"},"thumbnailUrl":"https:\/\/longchangchemical.com\/wp-content\/uploads\/2020\/12\/Ammonium-thioglycolate-Appearance.png","datePublished":"2020-12-08T01:42:18+00:00","dateModified":"2025-12-23T04:06:06+00:00","description":"Longchang Chemical est un fabricant et fournisseur leader de thioglycolate d'ammonium en Chine. Acheter thioglycolate d'ammonium en Chine. Nous pouvons vous fournir le meilleur prix de thioglycolate d'ammonium.","breadcrumb":{"@id":"https:\/\/longchangchemical.com\/product\/ammonium-thioglycolate-cas-5421-46-5\/#breadcrumb"},"inLanguage":"fr-FR","potentialAction":[{"@type":"ReadAction","target":["https:\/\/longchangchemical.com\/product\/ammonium-thioglycolate-cas-5421-46-5\/"]}]},{"@type":"ImageObject","inLanguage":"fr-FR","@id":"https:\/\/longchangchemical.com\/product\/ammonium-thioglycolate-cas-5421-46-5\/#primaryimage","url":"https:\/\/longchangchemical.com\/wp-content\/uploads\/2020\/12\/Ammonium-thioglycolate-Appearance.png","contentUrl":"https:\/\/longchangchemical.com\/wp-content\/uploads\/2020\/12\/Ammonium-thioglycolate-Appearance.png","width":600,"height":800,"caption":"Ammonium thioglycolate Appearance"},{"@type":"BreadcrumbList","@id":"https:\/\/longchangchemical.com\/product\/ammonium-thioglycolate-cas-5421-46-5\/#breadcrumb","itemListElement":[{"@type":"ListItem","position":1,"name":"Home","item":"https:\/\/longchangchemical.com\/"},{"@type":"ListItem","position":2,"name":"Products Longchang","item":"https:\/\/longchangchemical.com\/product\/"},{"@type":"ListItem","position":3,"name":"Ammonium thioglycolate CAS 5421-46-5"}]},{"@type":"WebSite","@id":"https:\/\/longchangchemical.com\/#website","url":"https:\/\/longchangchemical.com\/","name":"Longchang Chemical","description":"Fabricant chinois de produits chimiques \uff06 fournisseur","publisher":{"@id":"https:\/\/longchangchemical.com\/#organization"},"potentialAction":[{"@type":"SearchAction","target":{"@type":"EntryPoint","urlTemplate":"https:\/\/longchangchemical.com\/?s={search_term_string}"},"query-input":{"@type":"PropertyValueSpecification","valueRequired":true,"valueName":"search_term_string"}}],"inLanguage":"fr-FR"},{"@type":"Organization","@id":"https:\/\/longchangchemical.com\/#organization","name":"Longchang Chemical","url":"https:\/\/longchangchemical.com\/","logo":{"@type":"ImageObject","inLanguage":"fr-FR","@id":"https:\/\/longchangchemical.com\/#\/schema\/logo\/image\/","url":"https:\/\/longchangchemical.com\/wp-content\/uploads\/2020\/08\/cropped-longchang-logo.png","contentUrl":"https:\/\/longchangchemical.com\/wp-content\/uploads\/2020\/08\/cropped-longchang-logo.png","width":512,"height":512,"caption":"Longchang Chemical"},"image":{"@id":"https:\/\/longchangchemical.com\/#\/schema\/logo\/image\/"}}]}},"_links":{"self":[{"href":"https:\/\/longchangchemical.com\/fr\/wp-json\/wp\/v2\/product\/3449","targetHints":{"allow":["GET"]}}],"collection":[{"href":"https:\/\/longchangchemical.com\/fr\/wp-json\/wp\/v2\/product"}],"about":[{"href":"https:\/\/longchangchemical.com\/fr\/wp-json\/wp\/v2\/types\/product"}],"replies":[{"embeddable":true,"href":"https:\/\/longchangchemical.com\/fr\/wp-json\/wp\/v2\/comments?post=3449"}],"wp:featuredmedia":[{"embeddable":true,"href":"https:\/\/longchangchemical.com\/fr\/wp-json\/wp\/v2\/media\/3450"}],"wp:attachment":[{"href":"https:\/\/longchangchemical.com\/fr\/wp-json\/wp\/v2\/media?parent=3449"}],"wp:term":[{"taxonomy":"product_brand","embeddable":true,"href":"https:\/\/longchangchemical.com\/fr\/wp-json\/wp\/v2\/product_brand?post=3449"},{"taxonomy":"product_cat","embeddable":true,"href":"https:\/\/longchangchemical.com\/fr\/wp-json\/wp\/v2\/product_cat?post=3449"},{"taxonomy":"product_tag","embeddable":true,"href":"https:\/\/longchangchemical.com\/fr\/wp-json\/wp\/v2\/product_tag?post=3449"}],"curies":[{"name":"wp","href":"https:\/\/api.w.org\/{rel}","templated":true}]}}