{"id":3447,"date":"2020-12-07T13:00:32","date_gmt":"2020-12-07T13:00:32","guid":{"rendered":"https:\/\/longchangchemical.com\/?post_type=product&#038;p=3447"},"modified":"2025-12-23T04:02:30","modified_gmt":"2025-12-23T04:02:30","slug":"probenecid-cas-57-66-9","status":"publish","type":"product","link":"https:\/\/longchangchemical.com\/fr\/product\/probenecid-cas-57-66-9\/","title":{"rendered":"Prob\u00e9n\u00e9cide CAS 57-66-9"},"content":{"rendered":"<h2><strong>Qu'est-ce que le prob\u00e9n\u00e9cide ?<\/strong><\/h2>\n<p>&nbsp;<\/p>\n<div>\n<h4>1. Le prob\u00e9n\u00e9cide est un nouveau type de p\u00e9nicilline et de c\u00e9phalosporine hautement efficace. Sp\u00e9cialement utilis\u00e9 comme synergiste des p\u00e9nicillines et des c\u00e9phalosporines, il peut augmenter de 8 \u00e0 10 fois l'efficacit\u00e9 des c\u00e9phalosporines et des p\u00e9nicillines.<\/h4>\n<h4>2. En outre, ce produit peut \u00e9galement inhiber de mani\u00e8re comp\u00e9titive la s\u00e9cr\u00e9tion d'acides organiques faibles (tels que la p\u00e9nicilline, la c\u00e9phalosporine) dans les tubules r\u00e9naux, augmentant ainsi la concentration sanguine de ces antibiotiques et prolongeant leur temps d'action.<\/h4>\n<h4>3. Ce produit est facilement absorb\u00e9 par voie orale, et le taux de liaison aux prot\u00e9ines plasmatiques est de 85% \u00e0 90%. Les adultes prennent 1 g \u00e0 chaque fois, la concentration plasmatique atteint son maximum en 2 \u00e0 4 heures, et la demi-vie est de 6 \u00e0 12 heures. Le prob\u00e9n\u00e9cide est rapidement m\u00e9tabolis\u00e9 dans le foie, et le principal m\u00e9tabolite est l'acide ac\u00e9toglucuronique du prob\u00e9n\u00e9cide. Les m\u00e9tabolites sont principalement excr\u00e9t\u00e9s dans l'urine. Ce produit n'a pas d'effets anti-inflammatoires et analg\u00e9siques, il est donc inefficace contre la goutte aigu\u00eb.<\/h4>\n<h2><strong>Utilisation du prob\u00e9n\u00e9cide<\/strong><\/h2>\n<div><\/div>\n<h4>1. Traitement de la goutte, de l'hyperuric\u00e9mie, 1,25-2,5 g par cheval, vache, mouton, porc 0,5 g, poulet 40 mg, chat, chien 60 mg, deux fois par jour.<\/h4>\n<h4>2. Pour am\u00e9liorer l'efficacit\u00e9 et la dur\u00e9e d'action de la p\u00e9nicilline et des c\u00e9phalosporines, selon 1 partie de prob\u00e9n\u00e9cide (calcul\u00e9 en tant que produit pur) : 3,5 parties de p\u00e9nicilline, c\u00e9phalosporine ratio de compatibilit\u00e9.<\/h4>\n<div><\/div>\n<div><\/div>\n<h2><strong>Probenecid Instructions<\/strong><\/h2>\n<div><\/div>\n<h4>Apr\u00e8s dissolution du produit par ajout d'eau (le rapport de dissolution peut \u00eatre d\u00e9termin\u00e9 en fonction de la situation r\u00e9elle), il est soluble dans une solution dilu\u00e9e d'hydroxyde de sodium et presque insoluble dans un acide dilu\u00e9.<\/h4>\n<div><\/div>\n<h2><strong>Prob\u00e9n\u00e9cide Conditionnement, stockage, transport et date de p\u00e9remption<\/strong><\/h2>\n<div><\/div>\n<h4>Le produit peut \u00eatre conditionn\u00e9 en 1kg, 5kg, 10kg, 20kg selon les besoins du client, ou emball\u00e9 selon les besoins de l'utilisateur ; il peut \u00eatre stock\u00e9 dans un endroit sombre, sec et scell\u00e9 et la p\u00e9riode de validit\u00e9 est de 24 mois.<\/h4>\n<p>&nbsp;<\/p>\n<\/div>\n<h2><strong><b>Contactez-nous d\u00e8s maintenant !<\/b><\/strong><\/h2>\n<h4><strong><b>Si vous avez besoin de COA, MSDS ou TDS, veuillez remplir vos coordonn\u00e9es dans le formulaire ci-dessous, nous vous contacterons g\u00e9n\u00e9ralement dans les 24 heures. Vous pouvez \u00e9galement m'envoyer un courriel <span style=\"color: #0000ff;\"><a style=\"color: #0000ff;\" href=\"mailto:info@longchangchemical.com\">info@longchangchemical.com<\/a><\/span> pendant les heures de travail ( 8:30 am to 6:00 pm UTC+8 Mon.~Sat. ) ou utilisez le chat en direct du site web pour obtenir une r\u00e9ponse rapide.<\/b><\/strong><\/h4>","protected":false},"excerpt":{"rendered":"<h1><strong>Prob\u00e9n\u00e9cide CAS 57-66-9<\/strong><\/h1>\n<h4>Nom chimique : Prob\u00e9n\u00e9cide<\/h4>\n<h4>Num\u00e9ro CAS : 57-66-9<\/h4>\n<h4>Formule mol\u00e9culaire : C13H19NO4S<\/h4>\n<h4>Poids mol\u00e9culaire : 285,36<\/h4>\n<h4>Aspect : poudre cristalline blanche<\/h4>\n<h4>Teneur effective (%) : \u226595-99<\/h4>\n<h4><\/h4>","protected":false},"featured_media":3448,"comment_status":"open","ping_status":"closed","template":"","meta":[],"product_brand":[],"product_cat":[69],"product_tag":[],"class_list":{"0":"post-3447","1":"product","2":"type-product","3":"status-publish","4":"has-post-thumbnail","6":"product_cat-catalysts-chemical-auxiliary-agents","8":"first","9":"instock","10":"shipping-taxable","11":"product-type-simple"},"yoast_head":"<!-- This site is optimized with the Yoast SEO plugin v25.3.1 - https:\/\/yoast.com\/wordpress\/plugins\/seo\/ -->\n<title>China Probenecid CAS 57-66-9 manufacturer and supplier - Longchang chemical<\/title>\n<meta name=\"description\" content=\"Longchang Chemical is a leading manufacturer and supplier of Probenecid CAS 57-66-9 in China. Buy Probenecid in china. We can provide the best Probenecid CAS 57-66-9 price.\" \/>\n<meta name=\"robots\" content=\"index, follow, max-snippet:-1, max-image-preview:large, max-video-preview:-1\" \/>\n<link rel=\"canonical\" href=\"https:\/\/longchangchemical.com\/fr\/product\/probenecid-cas-57-66-9\/\" \/>\n<meta property=\"og:locale\" content=\"fr_FR\" \/>\n<meta property=\"og:type\" content=\"article\" \/>\n<meta property=\"og:title\" content=\"China Probenecid CAS 57-66-9 manufacturer and supplier - Longchang chemical\" \/>\n<meta property=\"og:description\" content=\"Longchang Chemical is a leading manufacturer and supplier of Probenecid CAS 57-66-9 in China. Buy Probenecid in china. We can provide the best Probenecid CAS 57-66-9 price.\" \/>\n<meta property=\"og:url\" content=\"https:\/\/longchangchemical.com\/fr\/product\/probenecid-cas-57-66-9\/\" \/>\n<meta property=\"og:site_name\" content=\"Longchang Chemical\" \/>\n<meta property=\"article:modified_time\" content=\"2025-12-23T04:02:30+00:00\" \/>\n<meta property=\"og:image\" content=\"https:\/\/longchangchemical.com\/wp-content\/uploads\/2020\/12\/Probenecid-Appearance.png\" \/>\n\t<meta property=\"og:image:width\" content=\"600\" \/>\n\t<meta property=\"og:image:height\" content=\"800\" \/>\n\t<meta property=\"og:image:type\" content=\"image\/png\" \/>\n<meta name=\"twitter:card\" content=\"summary_large_image\" \/>\n<script type=\"application\/ld+json\" class=\"yoast-schema-graph\">{\"@context\":\"https:\/\/schema.org\",\"@graph\":[{\"@type\":\"WebPage\",\"@id\":\"https:\/\/longchangchemical.com\/product\/probenecid-cas-57-66-9\/\",\"url\":\"https:\/\/longchangchemical.com\/product\/probenecid-cas-57-66-9\/\",\"name\":\"China Probenecid CAS 57-66-9 manufacturer and supplier - Longchang chemical\",\"isPartOf\":{\"@id\":\"https:\/\/longchangchemical.com\/#website\"},\"primaryImageOfPage\":{\"@id\":\"https:\/\/longchangchemical.com\/product\/probenecid-cas-57-66-9\/#primaryimage\"},\"image\":{\"@id\":\"https:\/\/longchangchemical.com\/product\/probenecid-cas-57-66-9\/#primaryimage\"},\"thumbnailUrl\":\"https:\/\/longchangchemical.com\/wp-content\/uploads\/2020\/12\/Probenecid-Appearance.png\",\"datePublished\":\"2020-12-07T13:00:32+00:00\",\"dateModified\":\"2025-12-23T04:02:30+00:00\",\"description\":\"Longchang Chemical is a leading manufacturer and supplier of Probenecid CAS 57-66-9 in China. Buy Probenecid in china. We can provide the best Probenecid CAS 57-66-9 price.\",\"breadcrumb\":{\"@id\":\"https:\/\/longchangchemical.com\/product\/probenecid-cas-57-66-9\/#breadcrumb\"},\"inLanguage\":\"fr-FR\",\"potentialAction\":[{\"@type\":\"ReadAction\",\"target\":[\"https:\/\/longchangchemical.com\/product\/probenecid-cas-57-66-9\/\"]}]},{\"@type\":\"ImageObject\",\"inLanguage\":\"fr-FR\",\"@id\":\"https:\/\/longchangchemical.com\/product\/probenecid-cas-57-66-9\/#primaryimage\",\"url\":\"https:\/\/longchangchemical.com\/wp-content\/uploads\/2020\/12\/Probenecid-Appearance.png\",\"contentUrl\":\"https:\/\/longchangchemical.com\/wp-content\/uploads\/2020\/12\/Probenecid-Appearance.png\",\"width\":600,\"height\":800,\"caption\":\"Probenecid Appearance\"},{\"@type\":\"BreadcrumbList\",\"@id\":\"https:\/\/longchangchemical.com\/product\/probenecid-cas-57-66-9\/#breadcrumb\",\"itemListElement\":[{\"@type\":\"ListItem\",\"position\":1,\"name\":\"Home\",\"item\":\"https:\/\/longchangchemical.com\/\"},{\"@type\":\"ListItem\",\"position\":2,\"name\":\"Products Longchang\",\"item\":\"https:\/\/longchangchemical.com\/product\/\"},{\"@type\":\"ListItem\",\"position\":3,\"name\":\"Probenecid CAS 57-66-9\"}]},{\"@type\":\"WebSite\",\"@id\":\"https:\/\/longchangchemical.com\/#website\",\"url\":\"https:\/\/longchangchemical.com\/\",\"name\":\"Longchang Chemical\",\"description\":\"China chemical manufacturer \uff06 supplier\",\"publisher\":{\"@id\":\"https:\/\/longchangchemical.com\/#organization\"},\"potentialAction\":[{\"@type\":\"SearchAction\",\"target\":{\"@type\":\"EntryPoint\",\"urlTemplate\":\"https:\/\/longchangchemical.com\/?s={search_term_string}\"},\"query-input\":{\"@type\":\"PropertyValueSpecification\",\"valueRequired\":true,\"valueName\":\"search_term_string\"}}],\"inLanguage\":\"fr-FR\"},{\"@type\":\"Organization\",\"@id\":\"https:\/\/longchangchemical.com\/#organization\",\"name\":\"Longchang Chemical\",\"url\":\"https:\/\/longchangchemical.com\/\",\"logo\":{\"@type\":\"ImageObject\",\"inLanguage\":\"fr-FR\",\"@id\":\"https:\/\/longchangchemical.com\/#\/schema\/logo\/image\/\",\"url\":\"https:\/\/longchangchemical.com\/wp-content\/uploads\/2020\/08\/cropped-longchang-logo.png\",\"contentUrl\":\"https:\/\/longchangchemical.com\/wp-content\/uploads\/2020\/08\/cropped-longchang-logo.png\",\"width\":512,\"height\":512,\"caption\":\"Longchang Chemical\"},\"image\":{\"@id\":\"https:\/\/longchangchemical.com\/#\/schema\/logo\/image\/\"}}]}<\/script>\n<!-- \/ Yoast SEO plugin. -->","yoast_head_json":{"title":"Probenecid CAS 57-66-9 fabricant et fournisseur chinois - Longchang chemical","description":"Longchang Chemical est un fabricant et fournisseur leader de Probenecid CAS 57-66-9 en Chine. Acheter Probenecid en Chine. Nous pouvons fournir le meilleur prix de Probenecid CAS 57-66-9.","robots":{"index":"index","follow":"follow","max-snippet":"max-snippet:-1","max-image-preview":"max-image-preview:large","max-video-preview":"max-video-preview:-1"},"canonical":"https:\/\/longchangchemical.com\/fr\/product\/probenecid-cas-57-66-9\/","og_locale":"fr_FR","og_type":"article","og_title":"China Probenecid CAS 57-66-9 manufacturer and supplier - Longchang chemical","og_description":"Longchang Chemical is a leading manufacturer and supplier of Probenecid CAS 57-66-9 in China. Buy Probenecid in china. We can provide the best Probenecid CAS 57-66-9 price.","og_url":"https:\/\/longchangchemical.com\/fr\/product\/probenecid-cas-57-66-9\/","og_site_name":"Longchang Chemical","article_modified_time":"2025-12-23T04:02:30+00:00","og_image":[{"width":600,"height":800,"url":"https:\/\/longchangchemical.com\/wp-content\/uploads\/2020\/12\/Probenecid-Appearance.png","type":"image\/png"}],"twitter_card":"summary_large_image","schema":{"@context":"https:\/\/schema.org","@graph":[{"@type":"WebPage","@id":"https:\/\/longchangchemical.com\/product\/probenecid-cas-57-66-9\/","url":"https:\/\/longchangchemical.com\/product\/probenecid-cas-57-66-9\/","name":"Probenecid CAS 57-66-9 fabricant et fournisseur chinois - Longchang chemical","isPartOf":{"@id":"https:\/\/longchangchemical.com\/#website"},"primaryImageOfPage":{"@id":"https:\/\/longchangchemical.com\/product\/probenecid-cas-57-66-9\/#primaryimage"},"image":{"@id":"https:\/\/longchangchemical.com\/product\/probenecid-cas-57-66-9\/#primaryimage"},"thumbnailUrl":"https:\/\/longchangchemical.com\/wp-content\/uploads\/2020\/12\/Probenecid-Appearance.png","datePublished":"2020-12-07T13:00:32+00:00","dateModified":"2025-12-23T04:02:30+00:00","description":"Longchang Chemical est un fabricant et fournisseur leader de Probenecid CAS 57-66-9 en Chine. Acheter Probenecid en Chine. Nous pouvons fournir le meilleur prix de Probenecid CAS 57-66-9.","breadcrumb":{"@id":"https:\/\/longchangchemical.com\/product\/probenecid-cas-57-66-9\/#breadcrumb"},"inLanguage":"fr-FR","potentialAction":[{"@type":"ReadAction","target":["https:\/\/longchangchemical.com\/product\/probenecid-cas-57-66-9\/"]}]},{"@type":"ImageObject","inLanguage":"fr-FR","@id":"https:\/\/longchangchemical.com\/product\/probenecid-cas-57-66-9\/#primaryimage","url":"https:\/\/longchangchemical.com\/wp-content\/uploads\/2020\/12\/Probenecid-Appearance.png","contentUrl":"https:\/\/longchangchemical.com\/wp-content\/uploads\/2020\/12\/Probenecid-Appearance.png","width":600,"height":800,"caption":"Probenecid Appearance"},{"@type":"BreadcrumbList","@id":"https:\/\/longchangchemical.com\/product\/probenecid-cas-57-66-9\/#breadcrumb","itemListElement":[{"@type":"ListItem","position":1,"name":"Home","item":"https:\/\/longchangchemical.com\/"},{"@type":"ListItem","position":2,"name":"Products Longchang","item":"https:\/\/longchangchemical.com\/product\/"},{"@type":"ListItem","position":3,"name":"Probenecid CAS 57-66-9"}]},{"@type":"WebSite","@id":"https:\/\/longchangchemical.com\/#website","url":"https:\/\/longchangchemical.com\/","name":"Longchang Chemical","description":"Fabricant chinois de produits chimiques \uff06 fournisseur","publisher":{"@id":"https:\/\/longchangchemical.com\/#organization"},"potentialAction":[{"@type":"SearchAction","target":{"@type":"EntryPoint","urlTemplate":"https:\/\/longchangchemical.com\/?s={search_term_string}"},"query-input":{"@type":"PropertyValueSpecification","valueRequired":true,"valueName":"search_term_string"}}],"inLanguage":"fr-FR"},{"@type":"Organization","@id":"https:\/\/longchangchemical.com\/#organization","name":"Longchang Chemical","url":"https:\/\/longchangchemical.com\/","logo":{"@type":"ImageObject","inLanguage":"fr-FR","@id":"https:\/\/longchangchemical.com\/#\/schema\/logo\/image\/","url":"https:\/\/longchangchemical.com\/wp-content\/uploads\/2020\/08\/cropped-longchang-logo.png","contentUrl":"https:\/\/longchangchemical.com\/wp-content\/uploads\/2020\/08\/cropped-longchang-logo.png","width":512,"height":512,"caption":"Longchang Chemical"},"image":{"@id":"https:\/\/longchangchemical.com\/#\/schema\/logo\/image\/"}}]}},"_links":{"self":[{"href":"https:\/\/longchangchemical.com\/fr\/wp-json\/wp\/v2\/product\/3447","targetHints":{"allow":["GET"]}}],"collection":[{"href":"https:\/\/longchangchemical.com\/fr\/wp-json\/wp\/v2\/product"}],"about":[{"href":"https:\/\/longchangchemical.com\/fr\/wp-json\/wp\/v2\/types\/product"}],"replies":[{"embeddable":true,"href":"https:\/\/longchangchemical.com\/fr\/wp-json\/wp\/v2\/comments?post=3447"}],"wp:featuredmedia":[{"embeddable":true,"href":"https:\/\/longchangchemical.com\/fr\/wp-json\/wp\/v2\/media\/3448"}],"wp:attachment":[{"href":"https:\/\/longchangchemical.com\/fr\/wp-json\/wp\/v2\/media?parent=3447"}],"wp:term":[{"taxonomy":"product_brand","embeddable":true,"href":"https:\/\/longchangchemical.com\/fr\/wp-json\/wp\/v2\/product_brand?post=3447"},{"taxonomy":"product_cat","embeddable":true,"href":"https:\/\/longchangchemical.com\/fr\/wp-json\/wp\/v2\/product_cat?post=3447"},{"taxonomy":"product_tag","embeddable":true,"href":"https:\/\/longchangchemical.com\/fr\/wp-json\/wp\/v2\/product_tag?post=3447"}],"curies":[{"name":"wp","href":"https:\/\/api.w.org\/{rel}","templated":true}]}}