{"id":3417,"date":"2020-11-11T12:25:27","date_gmt":"2020-11-11T12:25:27","guid":{"rendered":"https:\/\/longchangchemical.com\/?post_type=product&#038;p=3417"},"modified":"2025-12-23T03:51:31","modified_gmt":"2025-12-23T03:51:31","slug":"decanoyl-octanoyl-glycerides-cas-65381-09-1","status":"publish","type":"product","link":"https:\/\/longchangchemical.com\/fr\/product\/decanoyl-octanoyl-glycerides-cas-65381-09-1\/","title":{"rendered":"D\u00e9canoyl\/octanoyl-glyc\u00e9rides CAS 65381-09-1"},"content":{"rendered":"<h2><strong>ACO des d\u00e9canoyl\/octanoyl-glyc\u00e9rides\u00a0<\/strong><\/h2>\n<table class=\"table-1\" cellspacing=\"0\">\n<tbody>\n<tr>\n<td>\n<h4>Objet<\/h4>\n<\/td>\n<td>\n<h4>Sp\u00e9cifications<\/h4>\n<\/td>\n<\/tr>\n<tr>\n<td>\n<h4>Apparence<\/h4>\n<\/td>\n<td>\n<h4>Liquide huileux incolore ou l\u00e9g\u00e8rement jaune<\/h4>\n<\/td>\n<\/tr>\n<tr>\n<td>\n<h4>Valeur de la lodine (mgl2\/100g)<\/h4>\n<\/td>\n<td>\n<h4>\u22641.0<\/h4>\n<\/td>\n<\/tr>\n<tr>\n<td>\n<h4>Indice d'acidit\u00e9 (mg KOH\/g)<\/h4>\n<\/td>\n<td>\n<h4>\u22640.5<\/h4>\n<\/td>\n<\/tr>\n<tr>\n<td>\n<h4>Indice de saponification (mg KOH\/g)<\/h4>\n<\/td>\n<td>\n<h4>325~360<\/h4>\n<\/td>\n<\/tr>\n<tr>\n<td>\n<h4>Poids sp\u00e9cifique (20\u2103)<\/h4>\n<\/td>\n<td>\n<h4>0.940~0.955<\/h4>\n<\/td>\n<\/tr>\n<tr>\n<td>\n<h4>M\u00e9tal lourd (mg\/kg)<\/h4>\n<\/td>\n<td>\n<h4>\u226410<\/h4>\n<\/td>\n<\/tr>\n<tr>\n<td>\n<h4>Arsenic (mg\/kg)<\/h4>\n<\/td>\n<td>\n<h4>2<\/h4>\n<\/td>\n<\/tr>\n<tr>\n<td>\n<h4>Indice de peroxyde<\/h4>\n<\/td>\n<td>\n<h4>\u22641<\/h4>\n<\/td>\n<\/tr>\n<tr>\n<td>\n<h4>C8<\/h4>\n<\/td>\n<td>\n<h4>\u226553<\/h4>\n<\/td>\n<\/tr>\n<tr>\n<td>\n<h4>C10<\/h4>\n<\/td>\n<td>\n<h4>36-47<\/h4>\n<\/td>\n<\/tr>\n<\/tbody>\n<\/table>\n<h2>Qu'est-ce que <strong>D\u00e9canoyl\/octanoyl-glyc\u00e9rides ?<\/strong><\/h2>\n<h4>Les d\u00e9canoyl\/octanoyl-glyc\u00e9rides sont des triesters mixtes de glyc\u00e9rine et d'acides gras \u00e0 carbone moyen pr\u00e9sents dans les huiles v\u00e9g\u00e9tales. Il s'agit d'un adoucisseur lipophile incolore, inodore et de faible viscosit\u00e9 qui poss\u00e8de des propri\u00e9t\u00e9s antioxydantes extr\u00eamement \u00e9lev\u00e9es. Dans les cosm\u00e9tiques, les d\u00e9canoyl\/octanoyl-glyc\u00e9rides peuvent remplacer une vari\u00e9t\u00e9 d'huiles, en tant qu'\u00e9mollients et agents d'enrichissement des graisses, et peuvent \u00e9galement \u00eatre utilis\u00e9s comme supports et diluants \u00e0 ajouter aux agents actifs ou aux st\u00e9rols et autres agents conditionnants. Les cosm\u00e9tiques utilisant des d\u00e9canoyl\/octanoyl-glyc\u00e9rides peuvent \u00e9viter l'utilisation d'antioxydants et d'autres stabilisants, et ne provoqueront pas d'effets secondaires ind\u00e9sirables.<\/h4>\n<p>&nbsp;<\/p>\n<h2><strong>D\u00e9canoyl\/octanoyl-glyc\u00e9rides Utilisation<\/strong><\/h2>\n<h4>1. Les d\u00e9canoyl\/octanoyl-glyc\u00e9rides de qualit\u00e9 alimentaire peuvent \u00eatre utilis\u00e9s comme additifs alimentaires. Dans l'enrobage des bonbons, une graisse \u00e0 faible viscosit\u00e9 est n\u00e9cessaire pour obtenir la brillance id\u00e9ale et l'aspect antiadh\u00e9sif du verre. Les d\u00e9canoyl\/octanoyl-glyc\u00e9rides de qualit\u00e9 alimentaire constituent une mati\u00e8re premi\u00e8re id\u00e9ale. Ils peuvent \u00eatre utilis\u00e9s conjointement avec la cire d'abeille pour obtenir un meilleur aspect de l'enrobage. Utilis\u00e9 comme agent d'enrobage dans les bonbons mous, il pr\u00e9sente les avantages d'une grande transparence, d'une absence d'odeur particuli\u00e8re, d'une couleur de bonbon brillante, etc. Ses fonctions m\u00e9taboliques et nutritionnelles en font une bonne mati\u00e8re premi\u00e8re pour les bonbons pour enfants.<\/h4>\n<h4>2. Les d\u00e9canoyl\/octanoyl-glyc\u00e9rides de qualit\u00e9 cosm\u00e9tique peuvent \u00eatre largement utilis\u00e9s dans les produits, cr\u00e8mes et lotions solaires, les cr\u00e8mes et lotions apr\u00e8s-soleil, les huiles, cr\u00e8mes et huiles capillaires, les huiles de bain, les astringents cutan\u00e9s, les cr\u00e8mes, lotions et laits nettoyants, les huiles, cr\u00e8mes et lotions pour b\u00e9b\u00e9s, les produits hydratants et de soin de la peau, les cr\u00e8mes et rouges \u00e0 l\u00e8vres cosm\u00e9tiques, les dilutions de m\u00e9dicaments, etc.<\/h4>\n<h4>3. Les d\u00e9canoyl\/octanoyl-glyc\u00e9rides de qualit\u00e9 cosm\u00e9tique peuvent \u00eatre rapidement absorb\u00e9s par la peau et en augmenter l'\u00e9clat. C'est un \u00e9mollient respirant. Il s'agit \u00e9galement d'un bon v\u00e9hicule, d'un revitalisant capillaire et d'un amincissant.<\/h4>\n<h4>4. Les d\u00e9canoyl\/octanoyl-glyc\u00e9rides ont des propri\u00e9t\u00e9s antioxydantes dans les cosm\u00e9tiques. Dans les cosm\u00e9tiques contenant des d\u00e9canoyl\/octanoyl-glyc\u00e9rides, les antioxydants et autres additifs stabilisants peuvent \u00eatre omis.<\/h4>\n<h4>5. Ce produit peut \u00e9galement \u00eatre utilis\u00e9 dans le rouge \u00e0 l\u00e8vres, le rouge \u00e0 l\u00e8vres et la cr\u00e8me \u00e0 raser pour modifier la dispersion et la brillance des produits cosm\u00e9tiques. Dosage g\u00e9n\u00e9ralement recommand\u00e9 : 1~15%<\/h4>\n<p>&nbsp;<\/p>\n<h2><strong>Stockage des d\u00e9canoyl\/octanoyl-glyc\u00e9rides<\/strong><\/h2>\n<h4>maintenir \u00e0 basse temp\u00e9rature et continuer \u00e0 s\u00e9cher<\/h4>\n<p>&nbsp;<\/p>\n<h2><strong>D\u00e9canoyl\/octanoyl-glyc\u00e9rides Dur\u00e9e de conservation<\/strong><\/h2>\n<h4>12 mois avec forfait<\/h4>\n<p>&nbsp;<\/p>\n<h2><strong>Paquet de d\u00e9canoyl\/octanoyl-glyc\u00e9rides\u00a0<\/strong><\/h2>\n<h4>Ce produit est conditionn\u00e9 dans des f\u00fbts en plastique poly\u00e9thyl\u00e8ne d'un poids net de 50 kilogrammes par baril et dans des f\u00fbts en fer d'un poids net de 200 kilogrammes par baril.<\/h4>\n<h2><\/h2>\n<h2>Stockage des d\u00e9canoyl\/octanoyl-glyc\u00e9rides<\/h2>\n<h4>Ce produit doit \u00eatre conserv\u00e9 dans un endroit sombre, propre, frais et sec, et bien ferm\u00e9.<\/h4>\n<h2><strong><b>Contactez-nous d\u00e8s maintenant !<\/b><\/strong><\/h2>\n<h4><strong><b>Nous acceptons les services personnalis\u00e9s et nous vous contacterons g\u00e9n\u00e9ralement dans les 24 heures. Vous pouvez \u00e9galement m'envoyer un courriel \u00e0 l'adresse info@longchangchemical.com pendant les heures de travail (de 8h30 \u00e0 18h00 UTC+8 du lundi au samedi) ou utiliser le chat en direct du site web pour obtenir une r\u00e9ponse rapide.<\/b><\/strong><\/h4>","protected":false},"excerpt":{"rendered":"<h2><strong>D\u00e9canoyl\/octanoyl-glyc\u00e9rides CAS 65381-09-1<\/strong><\/h2>\n<h4>Nom chimique : D\u00e9canoyl\/octanoyl-glyc\u00e9rides<\/h4>\n<h4>Num\u00e9ro CAS : 65381-09-1<\/h4>\n<h4>Fomule mol\u00e9culaire : C13H26O4.C11H22O4<\/h4>\n<h4>Poids mol\u00e9culaire : 500<\/h4>\n<h4>Structure chimique :<img decoding=\"async\" title=\"Structure des d\u00e9canoyl\/octanoyl-glyc\u00e9rides\" src=\"https:\/\/www.longchangchemical.com\/wp-content\/uploads\/product-details\/20200611355413.png\" alt=\"Structure des d\u00e9canoyl\/octanoyl-glyc\u00e9rides\" width=\"169\" height=\"132\" border=\"0\" vspace=\"0\" \/><\/h4>\n<h4>Apparence : Liquide huileux incolore ou l\u00e9g\u00e8rement jaune<\/h4>","protected":false},"featured_media":3418,"comment_status":"open","ping_status":"closed","template":"","meta":[],"product_brand":[],"product_cat":[103],"product_tag":[],"class_list":{"0":"post-3417","1":"product","2":"type-product","3":"status-publish","4":"has-post-thumbnail","6":"product_cat-cosmetic-additives","8":"first","9":"instock","10":"shipping-taxable","11":"product-type-simple"},"yoast_head":"<!-- This site is optimized with the Yoast SEO plugin v25.3.1 - https:\/\/yoast.com\/wordpress\/plugins\/seo\/ -->\n<title>China top Decanoyl\/octanoyl-glycerides CAS 65381-09-1 manufacturer and supplier - Longchang Chemical<\/title>\n<meta name=\"description\" content=\"Longchang Chemical is a leading manufacturer and supplier of Decanoyl\/octanoyl-glycerides CAS 65381-09-1 in China. Buy Decanoyl\/octanoyl-glycerides in china. We can provide the best Decanoyl\/octanoyl-glycerides price.\" \/>\n<meta name=\"robots\" content=\"index, follow, max-snippet:-1, max-image-preview:large, max-video-preview:-1\" \/>\n<link rel=\"canonical\" href=\"https:\/\/longchangchemical.com\/fr\/product\/decanoyl-octanoyl-glycerides-cas-65381-09-1\/\" \/>\n<meta property=\"og:locale\" content=\"fr_FR\" \/>\n<meta property=\"og:type\" content=\"article\" \/>\n<meta property=\"og:title\" content=\"China top Decanoyl\/octanoyl-glycerides CAS 65381-09-1 manufacturer and supplier - Longchang Chemical\" \/>\n<meta property=\"og:description\" content=\"Longchang Chemical is a leading manufacturer and supplier of Decanoyl\/octanoyl-glycerides CAS 65381-09-1 in China. Buy Decanoyl\/octanoyl-glycerides in china. We can provide the best Decanoyl\/octanoyl-glycerides price.\" \/>\n<meta property=\"og:url\" content=\"https:\/\/longchangchemical.com\/fr\/product\/decanoyl-octanoyl-glycerides-cas-65381-09-1\/\" \/>\n<meta property=\"og:site_name\" content=\"Longchang Chemical\" \/>\n<meta property=\"article:modified_time\" content=\"2025-12-23T03:51:31+00:00\" \/>\n<meta property=\"og:image\" content=\"https:\/\/longchangchemical.com\/wp-content\/uploads\/2020\/11\/Decanoyloctanoyl-glycerides-Appearance.jpg\" \/>\n\t<meta property=\"og:image:width\" content=\"600\" \/>\n\t<meta property=\"og:image:height\" content=\"800\" \/>\n\t<meta property=\"og:image:type\" content=\"image\/jpeg\" \/>\n<meta name=\"twitter:card\" content=\"summary_large_image\" \/>\n<script type=\"application\/ld+json\" class=\"yoast-schema-graph\">{\"@context\":\"https:\/\/schema.org\",\"@graph\":[{\"@type\":\"WebPage\",\"@id\":\"https:\/\/longchangchemical.com\/product\/decanoyl-octanoyl-glycerides-cas-65381-09-1\/\",\"url\":\"https:\/\/longchangchemical.com\/product\/decanoyl-octanoyl-glycerides-cas-65381-09-1\/\",\"name\":\"China top Decanoyl\/octanoyl-glycerides CAS 65381-09-1 manufacturer and supplier - Longchang Chemical\",\"isPartOf\":{\"@id\":\"https:\/\/longchangchemical.com\/#website\"},\"primaryImageOfPage\":{\"@id\":\"https:\/\/longchangchemical.com\/product\/decanoyl-octanoyl-glycerides-cas-65381-09-1\/#primaryimage\"},\"image\":{\"@id\":\"https:\/\/longchangchemical.com\/product\/decanoyl-octanoyl-glycerides-cas-65381-09-1\/#primaryimage\"},\"thumbnailUrl\":\"https:\/\/longchangchemical.com\/wp-content\/uploads\/2020\/11\/Decanoyloctanoyl-glycerides-Appearance.jpg\",\"datePublished\":\"2020-11-11T12:25:27+00:00\",\"dateModified\":\"2025-12-23T03:51:31+00:00\",\"description\":\"Longchang Chemical is a leading manufacturer and supplier of Decanoyl\/octanoyl-glycerides CAS 65381-09-1 in China. Buy Decanoyl\/octanoyl-glycerides in china. We can provide the best Decanoyl\/octanoyl-glycerides price.\",\"breadcrumb\":{\"@id\":\"https:\/\/longchangchemical.com\/product\/decanoyl-octanoyl-glycerides-cas-65381-09-1\/#breadcrumb\"},\"inLanguage\":\"fr-FR\",\"potentialAction\":[{\"@type\":\"ReadAction\",\"target\":[\"https:\/\/longchangchemical.com\/product\/decanoyl-octanoyl-glycerides-cas-65381-09-1\/\"]}]},{\"@type\":\"ImageObject\",\"inLanguage\":\"fr-FR\",\"@id\":\"https:\/\/longchangchemical.com\/product\/decanoyl-octanoyl-glycerides-cas-65381-09-1\/#primaryimage\",\"url\":\"https:\/\/longchangchemical.com\/wp-content\/uploads\/2020\/11\/Decanoyloctanoyl-glycerides-Appearance.jpg\",\"contentUrl\":\"https:\/\/longchangchemical.com\/wp-content\/uploads\/2020\/11\/Decanoyloctanoyl-glycerides-Appearance.jpg\",\"width\":600,\"height\":800,\"caption\":\"Decanoyloctanoyl-glycerides Appearance\"},{\"@type\":\"BreadcrumbList\",\"@id\":\"https:\/\/longchangchemical.com\/product\/decanoyl-octanoyl-glycerides-cas-65381-09-1\/#breadcrumb\",\"itemListElement\":[{\"@type\":\"ListItem\",\"position\":1,\"name\":\"Home\",\"item\":\"https:\/\/longchangchemical.com\/\"},{\"@type\":\"ListItem\",\"position\":2,\"name\":\"Products Longchang\",\"item\":\"https:\/\/longchangchemical.com\/product\/\"},{\"@type\":\"ListItem\",\"position\":3,\"name\":\"Decanoyl\/octanoyl-glycerides CAS 65381-09-1\"}]},{\"@type\":\"WebSite\",\"@id\":\"https:\/\/longchangchemical.com\/#website\",\"url\":\"https:\/\/longchangchemical.com\/\",\"name\":\"Longchang Chemical\",\"description\":\"China chemical manufacturer \uff06 supplier\",\"publisher\":{\"@id\":\"https:\/\/longchangchemical.com\/#organization\"},\"potentialAction\":[{\"@type\":\"SearchAction\",\"target\":{\"@type\":\"EntryPoint\",\"urlTemplate\":\"https:\/\/longchangchemical.com\/?s={search_term_string}\"},\"query-input\":{\"@type\":\"PropertyValueSpecification\",\"valueRequired\":true,\"valueName\":\"search_term_string\"}}],\"inLanguage\":\"fr-FR\"},{\"@type\":\"Organization\",\"@id\":\"https:\/\/longchangchemical.com\/#organization\",\"name\":\"Longchang Chemical\",\"url\":\"https:\/\/longchangchemical.com\/\",\"logo\":{\"@type\":\"ImageObject\",\"inLanguage\":\"fr-FR\",\"@id\":\"https:\/\/longchangchemical.com\/#\/schema\/logo\/image\/\",\"url\":\"https:\/\/longchangchemical.com\/wp-content\/uploads\/2020\/08\/cropped-longchang-logo.png\",\"contentUrl\":\"https:\/\/longchangchemical.com\/wp-content\/uploads\/2020\/08\/cropped-longchang-logo.png\",\"width\":512,\"height\":512,\"caption\":\"Longchang Chemical\"},\"image\":{\"@id\":\"https:\/\/longchangchemical.com\/#\/schema\/logo\/image\/\"}}]}<\/script>\n<!-- \/ Yoast SEO plugin. -->","yoast_head_json":{"title":"Fabricant et fournisseur de D\u00e9canoyl\/octanoyl-glyc\u00e9rides CAS 65381-09-1 en Chine - Longchang Chemical","description":"Longchang Chemical est un fabricant et fournisseur leader de Decanoyl\/octanoyl-glycerides CAS 65381-09-1 en Chine. Acheter Decanoyl\/octanoyl-glycerides en Chine. Nous pouvons fournir le meilleur prix de Decanoyl\/octanoyl-glycerides.","robots":{"index":"index","follow":"follow","max-snippet":"max-snippet:-1","max-image-preview":"max-image-preview:large","max-video-preview":"max-video-preview:-1"},"canonical":"https:\/\/longchangchemical.com\/fr\/product\/decanoyl-octanoyl-glycerides-cas-65381-09-1\/","og_locale":"fr_FR","og_type":"article","og_title":"China top Decanoyl\/octanoyl-glycerides CAS 65381-09-1 manufacturer and supplier - Longchang Chemical","og_description":"Longchang Chemical is a leading manufacturer and supplier of Decanoyl\/octanoyl-glycerides CAS 65381-09-1 in China. Buy Decanoyl\/octanoyl-glycerides in china. We can provide the best Decanoyl\/octanoyl-glycerides price.","og_url":"https:\/\/longchangchemical.com\/fr\/product\/decanoyl-octanoyl-glycerides-cas-65381-09-1\/","og_site_name":"Longchang Chemical","article_modified_time":"2025-12-23T03:51:31+00:00","og_image":[{"width":600,"height":800,"url":"https:\/\/longchangchemical.com\/wp-content\/uploads\/2020\/11\/Decanoyloctanoyl-glycerides-Appearance.jpg","type":"image\/jpeg"}],"twitter_card":"summary_large_image","schema":{"@context":"https:\/\/schema.org","@graph":[{"@type":"WebPage","@id":"https:\/\/longchangchemical.com\/product\/decanoyl-octanoyl-glycerides-cas-65381-09-1\/","url":"https:\/\/longchangchemical.com\/product\/decanoyl-octanoyl-glycerides-cas-65381-09-1\/","name":"Fabricant et fournisseur de D\u00e9canoyl\/octanoyl-glyc\u00e9rides CAS 65381-09-1 en Chine - Longchang Chemical","isPartOf":{"@id":"https:\/\/longchangchemical.com\/#website"},"primaryImageOfPage":{"@id":"https:\/\/longchangchemical.com\/product\/decanoyl-octanoyl-glycerides-cas-65381-09-1\/#primaryimage"},"image":{"@id":"https:\/\/longchangchemical.com\/product\/decanoyl-octanoyl-glycerides-cas-65381-09-1\/#primaryimage"},"thumbnailUrl":"https:\/\/longchangchemical.com\/wp-content\/uploads\/2020\/11\/Decanoyloctanoyl-glycerides-Appearance.jpg","datePublished":"2020-11-11T12:25:27+00:00","dateModified":"2025-12-23T03:51:31+00:00","description":"Longchang Chemical est un fabricant et fournisseur leader de Decanoyl\/octanoyl-glycerides CAS 65381-09-1 en Chine. Acheter Decanoyl\/octanoyl-glycerides en Chine. Nous pouvons fournir le meilleur prix de Decanoyl\/octanoyl-glycerides.","breadcrumb":{"@id":"https:\/\/longchangchemical.com\/product\/decanoyl-octanoyl-glycerides-cas-65381-09-1\/#breadcrumb"},"inLanguage":"fr-FR","potentialAction":[{"@type":"ReadAction","target":["https:\/\/longchangchemical.com\/product\/decanoyl-octanoyl-glycerides-cas-65381-09-1\/"]}]},{"@type":"ImageObject","inLanguage":"fr-FR","@id":"https:\/\/longchangchemical.com\/product\/decanoyl-octanoyl-glycerides-cas-65381-09-1\/#primaryimage","url":"https:\/\/longchangchemical.com\/wp-content\/uploads\/2020\/11\/Decanoyloctanoyl-glycerides-Appearance.jpg","contentUrl":"https:\/\/longchangchemical.com\/wp-content\/uploads\/2020\/11\/Decanoyloctanoyl-glycerides-Appearance.jpg","width":600,"height":800,"caption":"Decanoyloctanoyl-glycerides Appearance"},{"@type":"BreadcrumbList","@id":"https:\/\/longchangchemical.com\/product\/decanoyl-octanoyl-glycerides-cas-65381-09-1\/#breadcrumb","itemListElement":[{"@type":"ListItem","position":1,"name":"Home","item":"https:\/\/longchangchemical.com\/"},{"@type":"ListItem","position":2,"name":"Products Longchang","item":"https:\/\/longchangchemical.com\/product\/"},{"@type":"ListItem","position":3,"name":"Decanoyl\/octanoyl-glycerides CAS 65381-09-1"}]},{"@type":"WebSite","@id":"https:\/\/longchangchemical.com\/#website","url":"https:\/\/longchangchemical.com\/","name":"Longchang Chemical","description":"Fabricant chinois de produits chimiques \uff06 fournisseur","publisher":{"@id":"https:\/\/longchangchemical.com\/#organization"},"potentialAction":[{"@type":"SearchAction","target":{"@type":"EntryPoint","urlTemplate":"https:\/\/longchangchemical.com\/?s={search_term_string}"},"query-input":{"@type":"PropertyValueSpecification","valueRequired":true,"valueName":"search_term_string"}}],"inLanguage":"fr-FR"},{"@type":"Organization","@id":"https:\/\/longchangchemical.com\/#organization","name":"Longchang Chemical","url":"https:\/\/longchangchemical.com\/","logo":{"@type":"ImageObject","inLanguage":"fr-FR","@id":"https:\/\/longchangchemical.com\/#\/schema\/logo\/image\/","url":"https:\/\/longchangchemical.com\/wp-content\/uploads\/2020\/08\/cropped-longchang-logo.png","contentUrl":"https:\/\/longchangchemical.com\/wp-content\/uploads\/2020\/08\/cropped-longchang-logo.png","width":512,"height":512,"caption":"Longchang Chemical"},"image":{"@id":"https:\/\/longchangchemical.com\/#\/schema\/logo\/image\/"}}]}},"_links":{"self":[{"href":"https:\/\/longchangchemical.com\/fr\/wp-json\/wp\/v2\/product\/3417","targetHints":{"allow":["GET"]}}],"collection":[{"href":"https:\/\/longchangchemical.com\/fr\/wp-json\/wp\/v2\/product"}],"about":[{"href":"https:\/\/longchangchemical.com\/fr\/wp-json\/wp\/v2\/types\/product"}],"replies":[{"embeddable":true,"href":"https:\/\/longchangchemical.com\/fr\/wp-json\/wp\/v2\/comments?post=3417"}],"wp:featuredmedia":[{"embeddable":true,"href":"https:\/\/longchangchemical.com\/fr\/wp-json\/wp\/v2\/media\/3418"}],"wp:attachment":[{"href":"https:\/\/longchangchemical.com\/fr\/wp-json\/wp\/v2\/media?parent=3417"}],"wp:term":[{"taxonomy":"product_brand","embeddable":true,"href":"https:\/\/longchangchemical.com\/fr\/wp-json\/wp\/v2\/product_brand?post=3417"},{"taxonomy":"product_cat","embeddable":true,"href":"https:\/\/longchangchemical.com\/fr\/wp-json\/wp\/v2\/product_cat?post=3417"},{"taxonomy":"product_tag","embeddable":true,"href":"https:\/\/longchangchemical.com\/fr\/wp-json\/wp\/v2\/product_tag?post=3417"}],"curies":[{"name":"wp","href":"https:\/\/api.w.org\/{rel}","templated":true}]}}