{"id":3394,"date":"2020-11-04T01:59:19","date_gmt":"2020-11-04T01:59:19","guid":{"rendered":"https:\/\/longchangchemical.com\/?post_type=product&#038;p=3394"},"modified":"2025-12-23T03:46:32","modified_gmt":"2025-12-23T03:46:32","slug":"isopropyl-palmitate-cas-142-91-6","status":"publish","type":"product","link":"https:\/\/longchangchemical.com\/fr\/product\/isopropyl-palmitate-cas-142-91-6\/","title":{"rendered":"IPP \/ Palmitate d'isopropyle CAS 142-91-6"},"content":{"rendered":"<h2><strong><b>COA de <\/b><\/strong><strong><b>Palmitate d'isopropyle <\/b><\/strong><\/h2>\n<table>\n<tbody>\n<tr>\n<td>\n<h4>Objet<\/h4>\n<\/td>\n<td>\n<h4>Sp\u00e9cifications<\/h4>\n<\/td>\n<\/tr>\n<tr>\n<td>\n<h4>Apparence<\/h4>\n<\/td>\n<td>\n<h4>Liquide huileux incolore ou jaun\u00e2tre.<\/h4>\n<\/td>\n<\/tr>\n<tr>\n<td>\n<h4>Teneur en esters<\/h4>\n<\/td>\n<td>\n<h4>98%Min<\/h4>\n<\/td>\n<\/tr>\n<tr>\n<td>\n<h4>Indice d'acidit\u00e9<\/h4>\n<\/td>\n<td>\n<h4>0,5%Max<\/h4>\n<\/td>\n<\/tr>\n<tr>\n<td>\n<h4>Point de fusion<\/h4>\n<\/td>\n<td>\n<h4>16\u2103Max<\/h4>\n<\/td>\n<\/tr>\n<\/tbody>\n<\/table>\n<p>&nbsp;<\/p>\n<h2><strong><b>Qu'est-ce que le palmitate d'isopropyle ?<\/b><\/strong><\/h2>\n<h4>Le palmitate d'isopropyle est un compos\u00e9 d'alcool isopropylique et d'acide palmitique, largement utilis\u00e9 dans les humectants artificiels. La partie palmaire de cette formule contient les principaux acides gras. Il s'agit d'une substance compos\u00e9e de vitamine A et d'antioxydants. Cette formule p\u00e9n\u00e8tre facilement dans la peau.<\/h4>\n<p>&nbsp;<\/p>\n<h2><strong><b>Palmitate d'isopropyle Utilisation<\/b><\/strong><\/h2>\n<h4>1. Le palmitate d'isopropyle est largement utilis\u00e9 comme additif dans les industries pharmaceutiques et cosm\u00e9tiques.<\/h4>\n<h4>2. Le palmitate d'isopropyle a des performances stables et n'est pas susceptible de s'oxyder et de produire une odeur particuli\u00e8re. C'est un excellent hydratant pour la peau dans les soins de la peau et les cosm\u00e9tiques, qui peut rendre la peau douce et lisse sans sensation de gras. Il a une bonne perm\u00e9abilit\u00e9 \u00e0 la peau et peut \u00eatre utilis\u00e9 comme un bon solvant pour le pigment dans le mascara. Il est souvent utilis\u00e9 dans les cr\u00e8mes pour la peau, les huiles pour les cheveux, les ombres \u00e0 paupi\u00e8res, les rouges \u00e0 l\u00e8vres, les mascaras et d'autres formulations.<\/h4>\n<p>&nbsp;<\/p>\n<h2><strong><b>Palmitate d'isopropyle dans les cosm\u00e9tiques<\/b><\/strong><\/h2>\n<h4>1. Il est utilis\u00e9 comme ingr\u00e9dient antistatique et solvant. Les produits tels que les cr\u00e8mes hydratantes, les baumes \u00e0 l\u00e8vres, les \u00e9crans solaires, les antisudorifiques, les d\u00e9odorants et les fonds de teint contiennent tous du palmitate d'isopropyle.<\/h4>\n<h4>2. Lorsque vous vous maquillez, appliquez les produits contenant du palmitate d'isopropyle sur la peau pour qu'ils s'\u00e9talent uniform\u00e9ment et restent \u00e0 la surface pendant un certain temps avant d'\u00eatre absorb\u00e9s. Le palmitate d'isopropyle peut donc aider \u00e0 \u00e9liminer la s\u00e9cheresse et \u00e0 rendre la peau douce et \u00e9lastique.<\/h4>\n<h4>3. Un autre avantage de cet ingr\u00e9dient est d'aider \u00e0 r\u00e9tr\u00e9cir les pores et \u00e0 r\u00e9duire les rides. En outre, il peut pr\u00e9venir l'ecz\u00e9ma et la dermatite.<\/h4>\n<h4>4. Le palmitate d'isopropyle peut \u00e9liminer les mycoses des ongles en hydratant et en favorisant le r\u00e9tablissement de la peau malade.<\/h4>\n<p>&nbsp;<\/p>\n<h2><strong><b>Le palmitate d'isopropyle dans les soins capillaires<\/b><\/strong><\/h2>\n<h4>Les huiles capillaires contenant du palmitate d'isopropyle sont souvent utilis\u00e9es pour \u00e9liminer les pellicules et les poux et pour r\u00e9duire la calvitie. L'ajout de cet ingr\u00e9dient au shampooing peut rendre les cheveux plus doux et plus brillants. Il convient donc aux cheveux cr\u00e9pus et secs.<\/h4>\n<p>&nbsp;<\/p>\n<h2><strong><b>Paquet de palmitate d'isopropyle<\/b><\/strong><\/h2>\n<h4>175kg\/tambour en plastique<\/h4>\n<p>&nbsp;<\/p>\n<h2><strong><b>Palmitate d'isopropyle Stockage<\/b><\/strong><\/h2>\n<h4>Stock\u00e9 dans un endroit frais, sec et bien ventil\u00e9<\/h4>\n<h4>Conserver les r\u00e9cipients herm\u00e9tiquement ferm\u00e9s<\/h4>\n<p>&nbsp;<\/p>\n<h2>Produits de la m\u00eame s\u00e9rie<\/h2>\n<table style=\"border-collapse: collapse; width: 318.02pt;\" border=\"0\" width=\"424\" cellspacing=\"0\" cellpadding=\"0\">\n<tbody>\n<tr style=\"height: 13.50pt;\">\n<td class=\"et2\" style=\"height: 13.50pt; width: 87.00pt;\" width=\"116\" height=\"18\">Nom du produit<\/td>\n<td class=\"et2\" style=\"width: 129.75pt;\" width=\"173\">Nom chimique<\/td>\n<td class=\"et2\" style=\"width: 101.25pt;\" width=\"135\">Num\u00e9ro CAS<\/td>\n<\/tr>\n<tr style=\"height: 13.50pt;\">\n<td class=\"et2\" style=\"height: 13.50pt;\" height=\"18\">IPP<\/td>\n<td class=\"et2\"><a href=\"https:\/\/longchangchemical.com\/fr\/product\/isopropyl-palmitate-cas-142-91-6\/\"><span style=\"color: #00ccff;\">Palmitate d'isopropyle<\/span><\/a><\/td>\n<td class=\"et2\">CAS 142-91-6<\/td>\n<\/tr>\n<tr style=\"height: 13.50pt;\">\n<td class=\"et2\" style=\"height: 13.50pt;\" height=\"18\">IPL<\/td>\n<td class=\"et2\"><a href=\"https:\/\/longchangchemical.com\/fr\/product\/isopropyl-laurate-cas-10233-13-3\/\"><span style=\"color: #00ccff;\">Laurate d'isopropyle<\/span><\/a><\/td>\n<td class=\"et2\">CAS 10233-13-3<\/td>\n<\/tr>\n<tr style=\"height: 13.50pt;\">\n<td class=\"et2\" style=\"height: 13.50pt;\" height=\"18\">2-EHP<\/td>\n<td class=\"et2\"><a href=\"https:\/\/longchangchemical.com\/fr\/product\/isooctyl-palmitate-cas-1341-38-4\/\"><span style=\"color: #00ccff;\">Palmitate d'isoctyle<\/span><\/a><\/td>\n<td class=\"et2\">CAS 1341-38-4<\/td>\n<\/tr>\n<tr style=\"height: 13.50pt;\">\n<td class=\"et2\" style=\"height: 13.50pt;\" height=\"18\">IPM<\/td>\n<td class=\"et2\"><a href=\"https:\/\/longchangchemical.com\/fr\/product\/isopropyl-myristate-cas-110-27-0\/\"><span style=\"color: #00ccff;\">Myristate d'isopropyle<\/span><\/a><\/td>\n<td class=\"et2\">CAS 110-27-0<\/td>\n<\/tr>\n<\/tbody>\n<\/table>\n<h2><\/h2>\n<h2><strong><b>Contactez-nous d\u00e8s maintenant !<\/b><\/strong><\/h2>\n<h4><strong><b>Si vous avez besoin de COA, MSDS ou TDS, veuillez remplir vos coordonn\u00e9es dans le formulaire ci-dessous, nous vous contacterons g\u00e9n\u00e9ralement dans les 24 heures. Vous pouvez \u00e9galement m'envoyer un courriel <span style=\"color: #0000ff;\"><a style=\"color: #0000ff;\" href=\"mailto:info@longchangchemical.com\">info@longchangchemical.com<\/a><\/span> pendant les heures de travail ( 8:30 am to 6:00 pm UTC+8 Mon.~Sat. ) ou utilisez le chat en direct du site web pour obtenir une r\u00e9ponse rapide.<\/b><\/strong><\/h4>\n<p>&nbsp;<\/p>","protected":false},"excerpt":{"rendered":"<h1>Palmitate d'isopropyle CAS 142-91-6<\/h1>\n<h4>Nom chimique : Palmitate d'isopropyle ;<\/h4>\n<h4>Autre nom : ester isopropylique de l'acide palmitique ; hexad\u00e9canoate d'isopropyle<\/h4>\n<h4>Num\u00e9ro CAS : 142-91-6<\/h4>\n<h4>Formule mol\u00e9culaire : C19H38O2<\/h4>\n<h4>Palmitate d'isopropyle Structure :<\/h4>\n<p><img decoding=\"async\" class=\"size-medium wp-image-3395\" src=\"https:\/\/longchangchemical.com\/wp-content\/uploads\/2020\/11\/Isopropyl-Palmitate-Structure-300x45.png\" alt=\"Structure du palmitate d&#039;isopropyle\" width=\"300\" height=\"45\" srcset=\"https:\/\/longchangchemical.com\/wp-content\/uploads\/2020\/11\/Isopropyl-Palmitate-Structure-300x45.png 300w, https:\/\/longchangchemical.com\/wp-content\/uploads\/2020\/11\/Isopropyl-Palmitate-Structure.png 384w\" sizes=\"(max-width: 300px) 100vw, 300px\" \/><\/p>\n<h4>Poids mol\u00e9culaire : 298,5<\/h4>\n<h4>Aspect : Liquide huileux incolore ou jaun\u00e2tre.<\/h4>\n<h4>Essai:98%<\/h4>","protected":false},"featured_media":3396,"comment_status":"open","ping_status":"closed","template":"","meta":[],"product_brand":[],"product_cat":[103],"product_tag":[],"class_list":{"0":"post-3394","1":"product","2":"type-product","3":"status-publish","4":"has-post-thumbnail","6":"product_cat-cosmetic-additives","8":"first","9":"instock","10":"shipping-taxable","11":"product-type-simple"},"yoast_head":"<!-- This site is optimized with the Yoast SEO plugin v25.3.1 - https:\/\/yoast.com\/wordpress\/plugins\/seo\/ -->\n<title>China Isopropyl palmitate CAS 142-91-6 manufacturer and supplier - Longchang Chemical<\/title>\n<meta name=\"description\" content=\"Longchang Chemical is a leading manufacturer and supplier of Isopropyl palmitate CAS 142-91-6 in China. Buy Isopropyl palmitate CAS 142-91-6 in china. We can provide the best Isopropyl palmitate price. Other Names: palmitic acid isopropyl ester; Isopropyl hexadecanoate\" \/>\n<meta name=\"robots\" content=\"index, follow, max-snippet:-1, max-image-preview:large, max-video-preview:-1\" \/>\n<link rel=\"canonical\" href=\"https:\/\/longchangchemical.com\/fr\/product\/isopropyl-palmitate-cas-142-91-6\/\" \/>\n<meta property=\"og:locale\" content=\"fr_FR\" \/>\n<meta property=\"og:type\" content=\"article\" \/>\n<meta property=\"og:title\" content=\"China Isopropyl palmitate CAS 142-91-6 manufacturer and supplier - Longchang Chemical\" \/>\n<meta property=\"og:description\" content=\"Longchang Chemical is a leading manufacturer and supplier of Isopropyl palmitate CAS 142-91-6 in China. Buy Isopropyl palmitate CAS 142-91-6 in china. We can provide the best Isopropyl palmitate price. Other Names: palmitic acid isopropyl ester; Isopropyl hexadecanoate\" \/>\n<meta property=\"og:url\" content=\"https:\/\/longchangchemical.com\/fr\/product\/isopropyl-palmitate-cas-142-91-6\/\" \/>\n<meta property=\"og:site_name\" content=\"Longchang Chemical\" \/>\n<meta property=\"article:modified_time\" content=\"2025-12-23T03:46:32+00:00\" \/>\n<meta property=\"og:image\" content=\"https:\/\/longchangchemical.com\/wp-content\/uploads\/2020\/11\/Isopropyl-Palmitate-Appearance.jpg\" \/>\n\t<meta property=\"og:image:width\" content=\"600\" \/>\n\t<meta property=\"og:image:height\" content=\"800\" \/>\n\t<meta property=\"og:image:type\" content=\"image\/jpeg\" \/>\n<meta name=\"twitter:card\" content=\"summary_large_image\" \/>\n<script type=\"application\/ld+json\" class=\"yoast-schema-graph\">{\"@context\":\"https:\/\/schema.org\",\"@graph\":[{\"@type\":\"WebPage\",\"@id\":\"https:\/\/longchangchemical.com\/product\/isopropyl-palmitate-cas-142-91-6\/\",\"url\":\"https:\/\/longchangchemical.com\/product\/isopropyl-palmitate-cas-142-91-6\/\",\"name\":\"China Isopropyl palmitate CAS 142-91-6 manufacturer and supplier - Longchang Chemical\",\"isPartOf\":{\"@id\":\"https:\/\/longchangchemical.com\/#website\"},\"primaryImageOfPage\":{\"@id\":\"https:\/\/longchangchemical.com\/product\/isopropyl-palmitate-cas-142-91-6\/#primaryimage\"},\"image\":{\"@id\":\"https:\/\/longchangchemical.com\/product\/isopropyl-palmitate-cas-142-91-6\/#primaryimage\"},\"thumbnailUrl\":\"https:\/\/longchangchemical.com\/wp-content\/uploads\/2020\/11\/Isopropyl-Palmitate-Appearance.jpg\",\"datePublished\":\"2020-11-04T01:59:19+00:00\",\"dateModified\":\"2025-12-23T03:46:32+00:00\",\"description\":\"Longchang Chemical is a leading manufacturer and supplier of Isopropyl palmitate CAS 142-91-6 in China. Buy Isopropyl palmitate CAS 142-91-6 in china. We can provide the best Isopropyl palmitate price. Other Names: palmitic acid isopropyl ester; Isopropyl hexadecanoate\",\"breadcrumb\":{\"@id\":\"https:\/\/longchangchemical.com\/product\/isopropyl-palmitate-cas-142-91-6\/#breadcrumb\"},\"inLanguage\":\"fr-FR\",\"potentialAction\":[{\"@type\":\"ReadAction\",\"target\":[\"https:\/\/longchangchemical.com\/product\/isopropyl-palmitate-cas-142-91-6\/\"]}]},{\"@type\":\"ImageObject\",\"inLanguage\":\"fr-FR\",\"@id\":\"https:\/\/longchangchemical.com\/product\/isopropyl-palmitate-cas-142-91-6\/#primaryimage\",\"url\":\"https:\/\/longchangchemical.com\/wp-content\/uploads\/2020\/11\/Isopropyl-Palmitate-Appearance.jpg\",\"contentUrl\":\"https:\/\/longchangchemical.com\/wp-content\/uploads\/2020\/11\/Isopropyl-Palmitate-Appearance.jpg\",\"width\":600,\"height\":800,\"caption\":\"Isopropyl Palmitate Appearance\"},{\"@type\":\"BreadcrumbList\",\"@id\":\"https:\/\/longchangchemical.com\/product\/isopropyl-palmitate-cas-142-91-6\/#breadcrumb\",\"itemListElement\":[{\"@type\":\"ListItem\",\"position\":1,\"name\":\"Home\",\"item\":\"https:\/\/longchangchemical.com\/\"},{\"@type\":\"ListItem\",\"position\":2,\"name\":\"Products Longchang\",\"item\":\"https:\/\/longchangchemical.com\/product\/\"},{\"@type\":\"ListItem\",\"position\":3,\"name\":\"IPP \/ Isopropyl palmitate CAS 142-91-6\"}]},{\"@type\":\"WebSite\",\"@id\":\"https:\/\/longchangchemical.com\/#website\",\"url\":\"https:\/\/longchangchemical.com\/\",\"name\":\"Longchang Chemical\",\"description\":\"China chemical manufacturer \uff06 supplier\",\"publisher\":{\"@id\":\"https:\/\/longchangchemical.com\/#organization\"},\"potentialAction\":[{\"@type\":\"SearchAction\",\"target\":{\"@type\":\"EntryPoint\",\"urlTemplate\":\"https:\/\/longchangchemical.com\/?s={search_term_string}\"},\"query-input\":{\"@type\":\"PropertyValueSpecification\",\"valueRequired\":true,\"valueName\":\"search_term_string\"}}],\"inLanguage\":\"fr-FR\"},{\"@type\":\"Organization\",\"@id\":\"https:\/\/longchangchemical.com\/#organization\",\"name\":\"Longchang Chemical\",\"url\":\"https:\/\/longchangchemical.com\/\",\"logo\":{\"@type\":\"ImageObject\",\"inLanguage\":\"fr-FR\",\"@id\":\"https:\/\/longchangchemical.com\/#\/schema\/logo\/image\/\",\"url\":\"https:\/\/longchangchemical.com\/wp-content\/uploads\/2020\/08\/cropped-longchang-logo.png\",\"contentUrl\":\"https:\/\/longchangchemical.com\/wp-content\/uploads\/2020\/08\/cropped-longchang-logo.png\",\"width\":512,\"height\":512,\"caption\":\"Longchang Chemical\"},\"image\":{\"@id\":\"https:\/\/longchangchemical.com\/#\/schema\/logo\/image\/\"}}]}<\/script>\n<!-- \/ Yoast SEO plugin. -->","yoast_head_json":{"title":"Palmitate d'isopropyle CAS 142-91-6 fabricant et fournisseur chinois - Longchang Chemical","description":"Longchang Chemical est un fabricant et fournisseur leader de palmitate d'isopropyle CAS 142-91-6 en Chine. Acheter Palmitate d'isopropyle CAS 142-91-6 en Chine. Nous pouvons fournir le meilleur prix de palmitate d'isopropyle. Autres noms : ester isopropylique de l'acide palmitique ; hexad\u00e9canoate d'isopropyle","robots":{"index":"index","follow":"follow","max-snippet":"max-snippet:-1","max-image-preview":"max-image-preview:large","max-video-preview":"max-video-preview:-1"},"canonical":"https:\/\/longchangchemical.com\/fr\/product\/isopropyl-palmitate-cas-142-91-6\/","og_locale":"fr_FR","og_type":"article","og_title":"China Isopropyl palmitate CAS 142-91-6 manufacturer and supplier - Longchang Chemical","og_description":"Longchang Chemical is a leading manufacturer and supplier of Isopropyl palmitate CAS 142-91-6 in China. Buy Isopropyl palmitate CAS 142-91-6 in china. We can provide the best Isopropyl palmitate price. Other Names: palmitic acid isopropyl ester; Isopropyl hexadecanoate","og_url":"https:\/\/longchangchemical.com\/fr\/product\/isopropyl-palmitate-cas-142-91-6\/","og_site_name":"Longchang Chemical","article_modified_time":"2025-12-23T03:46:32+00:00","og_image":[{"width":600,"height":800,"url":"https:\/\/longchangchemical.com\/wp-content\/uploads\/2020\/11\/Isopropyl-Palmitate-Appearance.jpg","type":"image\/jpeg"}],"twitter_card":"summary_large_image","schema":{"@context":"https:\/\/schema.org","@graph":[{"@type":"WebPage","@id":"https:\/\/longchangchemical.com\/product\/isopropyl-palmitate-cas-142-91-6\/","url":"https:\/\/longchangchemical.com\/product\/isopropyl-palmitate-cas-142-91-6\/","name":"Palmitate d'isopropyle CAS 142-91-6 fabricant et fournisseur chinois - Longchang Chemical","isPartOf":{"@id":"https:\/\/longchangchemical.com\/#website"},"primaryImageOfPage":{"@id":"https:\/\/longchangchemical.com\/product\/isopropyl-palmitate-cas-142-91-6\/#primaryimage"},"image":{"@id":"https:\/\/longchangchemical.com\/product\/isopropyl-palmitate-cas-142-91-6\/#primaryimage"},"thumbnailUrl":"https:\/\/longchangchemical.com\/wp-content\/uploads\/2020\/11\/Isopropyl-Palmitate-Appearance.jpg","datePublished":"2020-11-04T01:59:19+00:00","dateModified":"2025-12-23T03:46:32+00:00","description":"Longchang Chemical est un fabricant et fournisseur leader de palmitate d'isopropyle CAS 142-91-6 en Chine. Acheter Palmitate d'isopropyle CAS 142-91-6 en Chine. Nous pouvons fournir le meilleur prix de palmitate d'isopropyle. Autres noms : ester isopropylique de l'acide palmitique ; hexad\u00e9canoate d'isopropyle","breadcrumb":{"@id":"https:\/\/longchangchemical.com\/product\/isopropyl-palmitate-cas-142-91-6\/#breadcrumb"},"inLanguage":"fr-FR","potentialAction":[{"@type":"ReadAction","target":["https:\/\/longchangchemical.com\/product\/isopropyl-palmitate-cas-142-91-6\/"]}]},{"@type":"ImageObject","inLanguage":"fr-FR","@id":"https:\/\/longchangchemical.com\/product\/isopropyl-palmitate-cas-142-91-6\/#primaryimage","url":"https:\/\/longchangchemical.com\/wp-content\/uploads\/2020\/11\/Isopropyl-Palmitate-Appearance.jpg","contentUrl":"https:\/\/longchangchemical.com\/wp-content\/uploads\/2020\/11\/Isopropyl-Palmitate-Appearance.jpg","width":600,"height":800,"caption":"Isopropyl Palmitate Appearance"},{"@type":"BreadcrumbList","@id":"https:\/\/longchangchemical.com\/product\/isopropyl-palmitate-cas-142-91-6\/#breadcrumb","itemListElement":[{"@type":"ListItem","position":1,"name":"Home","item":"https:\/\/longchangchemical.com\/"},{"@type":"ListItem","position":2,"name":"Products Longchang","item":"https:\/\/longchangchemical.com\/product\/"},{"@type":"ListItem","position":3,"name":"IPP \/ Isopropyl palmitate CAS 142-91-6"}]},{"@type":"WebSite","@id":"https:\/\/longchangchemical.com\/#website","url":"https:\/\/longchangchemical.com\/","name":"Longchang Chemical","description":"Fabricant chinois de produits chimiques \uff06 fournisseur","publisher":{"@id":"https:\/\/longchangchemical.com\/#organization"},"potentialAction":[{"@type":"SearchAction","target":{"@type":"EntryPoint","urlTemplate":"https:\/\/longchangchemical.com\/?s={search_term_string}"},"query-input":{"@type":"PropertyValueSpecification","valueRequired":true,"valueName":"search_term_string"}}],"inLanguage":"fr-FR"},{"@type":"Organization","@id":"https:\/\/longchangchemical.com\/#organization","name":"Longchang Chemical","url":"https:\/\/longchangchemical.com\/","logo":{"@type":"ImageObject","inLanguage":"fr-FR","@id":"https:\/\/longchangchemical.com\/#\/schema\/logo\/image\/","url":"https:\/\/longchangchemical.com\/wp-content\/uploads\/2020\/08\/cropped-longchang-logo.png","contentUrl":"https:\/\/longchangchemical.com\/wp-content\/uploads\/2020\/08\/cropped-longchang-logo.png","width":512,"height":512,"caption":"Longchang Chemical"},"image":{"@id":"https:\/\/longchangchemical.com\/#\/schema\/logo\/image\/"}}]}},"_links":{"self":[{"href":"https:\/\/longchangchemical.com\/fr\/wp-json\/wp\/v2\/product\/3394","targetHints":{"allow":["GET"]}}],"collection":[{"href":"https:\/\/longchangchemical.com\/fr\/wp-json\/wp\/v2\/product"}],"about":[{"href":"https:\/\/longchangchemical.com\/fr\/wp-json\/wp\/v2\/types\/product"}],"replies":[{"embeddable":true,"href":"https:\/\/longchangchemical.com\/fr\/wp-json\/wp\/v2\/comments?post=3394"}],"wp:featuredmedia":[{"embeddable":true,"href":"https:\/\/longchangchemical.com\/fr\/wp-json\/wp\/v2\/media\/3396"}],"wp:attachment":[{"href":"https:\/\/longchangchemical.com\/fr\/wp-json\/wp\/v2\/media?parent=3394"}],"wp:term":[{"taxonomy":"product_brand","embeddable":true,"href":"https:\/\/longchangchemical.com\/fr\/wp-json\/wp\/v2\/product_brand?post=3394"},{"taxonomy":"product_cat","embeddable":true,"href":"https:\/\/longchangchemical.com\/fr\/wp-json\/wp\/v2\/product_cat?post=3394"},{"taxonomy":"product_tag","embeddable":true,"href":"https:\/\/longchangchemical.com\/fr\/wp-json\/wp\/v2\/product_tag?post=3394"}],"curies":[{"name":"wp","href":"https:\/\/api.w.org\/{rel}","templated":true}]}}