{"id":3392,"date":"2020-11-02T03:42:19","date_gmt":"2020-11-02T03:42:19","guid":{"rendered":"https:\/\/longchangchemical.com\/?post_type=product&#038;p=3392"},"modified":"2025-12-23T03:42:04","modified_gmt":"2025-12-23T03:42:04","slug":"isopropyl-laurate-cas-10233-13-3","status":"publish","type":"product","link":"https:\/\/longchangchemical.com\/fr\/product\/isopropyl-laurate-cas-10233-13-3\/","title":{"rendered":"IPL \/ Laurate d'isopropyle CAS 10233-13-3"},"content":{"rendered":"<h1><strong>Laurate d'isopropyle CAS 10233-13-3<\/strong><\/h1>\n<table>\n<tbody>\n<tr>\n<td width=\"203\">Objet<\/td>\n<td width=\"254\">Index<\/td>\n<\/tr>\n<tr>\n<td width=\"203\">Apparence<\/td>\n<td width=\"254\">Liquide huileux incolore ou l\u00e9g\u00e8rement jaune<\/td>\n<\/tr>\n<tr>\n<td width=\"203\">Ester %<\/td>\n<td width=\"254\">\u226598<\/td>\n<\/tr>\n<tr>\n<td width=\"203\">Indice d'acidit\u00e9 (mgKOH\/g)<\/td>\n<td width=\"254\">\u22640.5<\/td>\n<\/tr>\n<tr>\n<td width=\"203\">Indice de saponification (mgKOH\/g)<\/td>\n<td width=\"254\">225~235<\/td>\n<\/tr>\n<tr>\n<td width=\"203\">Chroma (Hazen)<\/td>\n<td width=\"254\">\u226430<\/td>\n<\/tr>\n<tr>\n<td width=\"203\">Comme %<\/td>\n<td width=\"254\">\u22640.0002<\/td>\n<\/tr>\n<tr>\n<td width=\"203\">M\u00e9taux lourds (en tant que Pb) %<\/td>\n<td width=\"254\">\u22640.0005<\/td>\n<\/tr>\n<\/tbody>\n<\/table>\n<h2><\/h2>\n<h2><strong><b>Laurate d'isopropyle<\/b><\/strong><strong><b>\u00a0Utilisation<\/b><\/strong><\/h2>\n<h4>1. Le laurate d'isopropyle peut \u00eatre utilis\u00e9 comme mati\u00e8re premi\u00e8re huileuse cosm\u00e9tique, et le laurate d'isopropyle peut \u00e9galement \u00eatre utilis\u00e9 comme additif pour lubrifiants.<\/h4>\n<h4>2. Le laurate d'isopropyle peut \u00e9galement \u00eatre utilis\u00e9 comme excipient pharmaceutique, comme solvant et exhausteur de p\u00e9n\u00e9tration pour les m\u00e9dicaments topiques, \u00e0 la place de l'huile v\u00e9g\u00e9tale, comme lubrifiant et matrice, et pour pr\u00e9parer des pommades et des cr\u00e8mes.<\/h4>\n<h4>3. Il est recommand\u00e9 de l'utiliser dans les solvants d'huile d'emboutissage (huile pour ailettes d'aluminium de climatisation), les huiles de base et les additifs pour les fluides de travail des m\u00e9taux, les agents de nettoyage \u00e0 base de solvant et les fluides de nettoyage \u00e0 base d'eau.<\/h4>\n<p>&nbsp;<\/p>\n<h2><strong>Emballage de laurate d'isopropyle<\/strong><\/h2>\n<h4>L'isopropyl dod\u00e9cano\u00efque est conditionn\u00e9 dans un petit emballage de 500 ml\/bouteille, et le grand emballage est conditionn\u00e9 dans un f\u00fbt en plastique poly\u00e9thyl\u00e8ne \u00e9pais \u00e0 large ouverture (avec couvercle int\u00e9rieur) dans un f\u00fbt en fer de 175 kg.<\/h4>\n<h2><strong>Stockage de laurate d'isopropyle<\/strong><\/h2>\n<h4>Le dod\u00e9canoate d'isopropyle doit \u00eatre conserv\u00e9 dans un endroit frais et sec, sous scell\u00e9.<\/h4>\n<h2>Produits de la m\u00eame s\u00e9rie<\/h2>\n<table style=\"border-collapse: collapse; width: 318.02pt;\" border=\"0\" width=\"424\" cellspacing=\"0\" cellpadding=\"0\">\n<tbody>\n<tr style=\"height: 13.50pt;\">\n<td class=\"et2\" style=\"height: 13.50pt; width: 87.00pt;\" width=\"116\" height=\"18\">Nom du produit<\/td>\n<td class=\"et2\" style=\"width: 129.75pt;\" width=\"173\">Nom chimique<\/td>\n<td class=\"et2\" style=\"width: 101.25pt;\" width=\"135\">Num\u00e9ro CAS<\/td>\n<\/tr>\n<tr style=\"height: 13.50pt;\">\n<td class=\"et2\" style=\"height: 13.50pt;\" height=\"18\">IPP<\/td>\n<td class=\"et2\"><a href=\"https:\/\/longchangchemical.com\/fr\/product\/isopropyl-palmitate-cas-142-91-6\/\"><span style=\"color: #00ccff;\">Palmitate d'isopropyle<\/span><\/a><\/td>\n<td class=\"et2\">CAS 142-91-6<\/td>\n<\/tr>\n<tr style=\"height: 13.50pt;\">\n<td class=\"et2\" style=\"height: 13.50pt;\" height=\"18\">IPL<\/td>\n<td class=\"et2\"><a href=\"https:\/\/longchangchemical.com\/fr\/product\/isopropyl-laurate-cas-10233-13-3\/\"><span style=\"color: #00ccff;\">Laurate d'isopropyle<\/span><\/a><\/td>\n<td class=\"et2\">CAS 10233-13-3<\/td>\n<\/tr>\n<tr style=\"height: 13.50pt;\">\n<td class=\"et2\" style=\"height: 13.50pt;\" height=\"18\">2-EHP<\/td>\n<td class=\"et2\"><a href=\"https:\/\/longchangchemical.com\/fr\/product\/isooctyl-palmitate-cas-1341-38-4\/\"><span style=\"color: #00ccff;\">Palmitate d'isoctyle<\/span><\/a><\/td>\n<td class=\"et2\">CAS 1341-38-4<\/td>\n<\/tr>\n<tr style=\"height: 13.50pt;\">\n<td class=\"et2\" style=\"height: 13.50pt;\" height=\"18\">IPM<\/td>\n<td class=\"et2\"><a href=\"https:\/\/longchangchemical.com\/fr\/product\/isopropyl-myristate-cas-110-27-0\/\"><span style=\"color: #00ccff;\">Myristate d'isopropyle<\/span><\/a><\/td>\n<td class=\"et2\">CAS 110-27-0<\/td>\n<\/tr>\n<\/tbody>\n<\/table>\n<h2><\/h2>\n<h2><strong><b>Contactez-nous d\u00e8s maintenant !<\/b><\/strong><\/h2>\n<h4><strong><b>Si vous avez besoin de COA, MSDS ou TDS, veuillez remplir vos coordonn\u00e9es dans le formulaire ci-dessous, nous vous contacterons g\u00e9n\u00e9ralement dans les 24 heures. Vous pouvez \u00e9galement m'envoyer un courriel <span style=\"color: #0000ff;\"><a style=\"color: #0000ff;\" href=\"mailto:info@longchangchemical.com\">info@longchangchemical.com<\/a><\/span> pendant les heures de travail ( 8:30 am to 6:00 pm UTC+8 Mon.~Sat. ) ou utilisez le chat en direct du site web pour obtenir une r\u00e9ponse rapide.<\/b><\/strong><\/h4>\n<p>&nbsp;<\/p>","protected":false},"excerpt":{"rendered":"<h4>D\u00e9nomination chimique : laurate d'isopropyle<\/h4>\n<h4>Autres noms : ester isopropylique de l'acide dod\u00e9cano\u00efque ; dod\u00e9canoate de 1-m\u00e9thyl\u00e9thyle<\/h4>\n<h4>CAS : 10233-13-3<\/h4>\n<h4>MF : C3H7 *<\/h4>\n<h4>MW : 43.08768<\/h4>\n<h4>Aspect : Liquide huileux incolore ou l\u00e9g\u00e8rement jaune<\/h4>\n<h4>Ester : 98%<\/h4>","protected":false},"featured_media":3393,"comment_status":"open","ping_status":"closed","template":"","meta":[],"product_brand":[],"product_cat":[103],"product_tag":[],"class_list":{"0":"post-3392","1":"product","2":"type-product","3":"status-publish","4":"has-post-thumbnail","6":"product_cat-cosmetic-additives","8":"first","9":"instock","10":"shipping-taxable","11":"product-type-simple"},"yoast_head":"<!-- This site is optimized with the Yoast SEO plugin v25.3.1 - https:\/\/yoast.com\/wordpress\/plugins\/seo\/ -->\n<title>China Isopropyl Laurate CAS 10233-13-3 manufacturer and supplier - Longchang Chemical<\/title>\n<meta name=\"description\" content=\"Longchang Chemical is a leading manufacturer and supplier of Isopropyl Laurate CAS 10233-13-3 in China. Buy Isopropyl Laurate CAS 10233-13-3 in china. We can provide the best Isopropyl Laurate price. Other Names: dodecanoic acid isopropyl ester ; 1-Methylethyl dodecanoate.\" \/>\n<meta name=\"robots\" content=\"index, follow, max-snippet:-1, max-image-preview:large, max-video-preview:-1\" \/>\n<link rel=\"canonical\" href=\"https:\/\/longchangchemical.com\/fr\/product\/isopropyl-laurate-cas-10233-13-3\/\" \/>\n<meta property=\"og:locale\" content=\"fr_FR\" \/>\n<meta property=\"og:type\" content=\"article\" \/>\n<meta property=\"og:title\" content=\"China Isopropyl Laurate CAS 10233-13-3 manufacturer and supplier - Longchang Chemical\" \/>\n<meta property=\"og:description\" content=\"Longchang Chemical is a leading manufacturer and supplier of Isopropyl Laurate CAS 10233-13-3 in China. Buy Isopropyl Laurate CAS 10233-13-3 in china. We can provide the best Isopropyl Laurate price. Other Names: dodecanoic acid isopropyl ester ; 1-Methylethyl dodecanoate.\" \/>\n<meta property=\"og:url\" content=\"https:\/\/longchangchemical.com\/fr\/product\/isopropyl-laurate-cas-10233-13-3\/\" \/>\n<meta property=\"og:site_name\" content=\"Longchang Chemical\" \/>\n<meta property=\"article:modified_time\" content=\"2025-12-23T03:42:04+00:00\" \/>\n<meta property=\"og:image\" content=\"https:\/\/longchangchemical.com\/wp-content\/uploads\/2020\/11\/Isopropyl-Laurate-Appearance.jpg\" \/>\n\t<meta property=\"og:image:width\" content=\"600\" \/>\n\t<meta property=\"og:image:height\" content=\"800\" \/>\n\t<meta property=\"og:image:type\" content=\"image\/jpeg\" \/>\n<meta name=\"twitter:card\" content=\"summary_large_image\" \/>\n<script type=\"application\/ld+json\" class=\"yoast-schema-graph\">{\"@context\":\"https:\/\/schema.org\",\"@graph\":[{\"@type\":\"WebPage\",\"@id\":\"https:\/\/longchangchemical.com\/product\/isopropyl-laurate-cas-10233-13-3\/\",\"url\":\"https:\/\/longchangchemical.com\/product\/isopropyl-laurate-cas-10233-13-3\/\",\"name\":\"China Isopropyl Laurate CAS 10233-13-3 manufacturer and supplier - Longchang Chemical\",\"isPartOf\":{\"@id\":\"https:\/\/longchangchemical.com\/#website\"},\"primaryImageOfPage\":{\"@id\":\"https:\/\/longchangchemical.com\/product\/isopropyl-laurate-cas-10233-13-3\/#primaryimage\"},\"image\":{\"@id\":\"https:\/\/longchangchemical.com\/product\/isopropyl-laurate-cas-10233-13-3\/#primaryimage\"},\"thumbnailUrl\":\"https:\/\/longchangchemical.com\/wp-content\/uploads\/2020\/11\/Isopropyl-Laurate-Appearance.jpg\",\"datePublished\":\"2020-11-02T03:42:19+00:00\",\"dateModified\":\"2025-12-23T03:42:04+00:00\",\"description\":\"Longchang Chemical is a leading manufacturer and supplier of Isopropyl Laurate CAS 10233-13-3 in China. Buy Isopropyl Laurate CAS 10233-13-3 in china. We can provide the best Isopropyl Laurate price. Other Names: dodecanoic acid isopropyl ester ; 1-Methylethyl dodecanoate.\",\"breadcrumb\":{\"@id\":\"https:\/\/longchangchemical.com\/product\/isopropyl-laurate-cas-10233-13-3\/#breadcrumb\"},\"inLanguage\":\"fr-FR\",\"potentialAction\":[{\"@type\":\"ReadAction\",\"target\":[\"https:\/\/longchangchemical.com\/product\/isopropyl-laurate-cas-10233-13-3\/\"]}]},{\"@type\":\"ImageObject\",\"inLanguage\":\"fr-FR\",\"@id\":\"https:\/\/longchangchemical.com\/product\/isopropyl-laurate-cas-10233-13-3\/#primaryimage\",\"url\":\"https:\/\/longchangchemical.com\/wp-content\/uploads\/2020\/11\/Isopropyl-Laurate-Appearance.jpg\",\"contentUrl\":\"https:\/\/longchangchemical.com\/wp-content\/uploads\/2020\/11\/Isopropyl-Laurate-Appearance.jpg\",\"width\":600,\"height\":800,\"caption\":\"Isopropyl Laurate Appearance\"},{\"@type\":\"BreadcrumbList\",\"@id\":\"https:\/\/longchangchemical.com\/product\/isopropyl-laurate-cas-10233-13-3\/#breadcrumb\",\"itemListElement\":[{\"@type\":\"ListItem\",\"position\":1,\"name\":\"Home\",\"item\":\"https:\/\/longchangchemical.com\/\"},{\"@type\":\"ListItem\",\"position\":2,\"name\":\"Products Longchang\",\"item\":\"https:\/\/longchangchemical.com\/product\/\"},{\"@type\":\"ListItem\",\"position\":3,\"name\":\"IPL \/ Isopropyl Laurate CAS 10233-13-3\"}]},{\"@type\":\"WebSite\",\"@id\":\"https:\/\/longchangchemical.com\/#website\",\"url\":\"https:\/\/longchangchemical.com\/\",\"name\":\"Longchang Chemical\",\"description\":\"China chemical manufacturer \uff06 supplier\",\"publisher\":{\"@id\":\"https:\/\/longchangchemical.com\/#organization\"},\"potentialAction\":[{\"@type\":\"SearchAction\",\"target\":{\"@type\":\"EntryPoint\",\"urlTemplate\":\"https:\/\/longchangchemical.com\/?s={search_term_string}\"},\"query-input\":{\"@type\":\"PropertyValueSpecification\",\"valueRequired\":true,\"valueName\":\"search_term_string\"}}],\"inLanguage\":\"fr-FR\"},{\"@type\":\"Organization\",\"@id\":\"https:\/\/longchangchemical.com\/#organization\",\"name\":\"Longchang Chemical\",\"url\":\"https:\/\/longchangchemical.com\/\",\"logo\":{\"@type\":\"ImageObject\",\"inLanguage\":\"fr-FR\",\"@id\":\"https:\/\/longchangchemical.com\/#\/schema\/logo\/image\/\",\"url\":\"https:\/\/longchangchemical.com\/wp-content\/uploads\/2020\/08\/cropped-longchang-logo.png\",\"contentUrl\":\"https:\/\/longchangchemical.com\/wp-content\/uploads\/2020\/08\/cropped-longchang-logo.png\",\"width\":512,\"height\":512,\"caption\":\"Longchang Chemical\"},\"image\":{\"@id\":\"https:\/\/longchangchemical.com\/#\/schema\/logo\/image\/\"}}]}<\/script>\n<!-- \/ Yoast SEO plugin. -->","yoast_head_json":{"title":"Laurate d'isopropyle CAS 10233-13-3 fabricant et fournisseur chinois - Longchang Chemical","description":"Longchang Chemical est un fabricant et fournisseur leader de Laurate d'Isopropyle CAS 10233-13-3 en Chine. Acheter Laurate d'isopropyle CAS 10233-13-3 en Chine. Nous pouvons vous fournir le meilleur prix de Laurate d'Isopropyle. Autres noms : dodecanoic acid isopropyl ester ; 1-Methylethyl dodecanoate.","robots":{"index":"index","follow":"follow","max-snippet":"max-snippet:-1","max-image-preview":"max-image-preview:large","max-video-preview":"max-video-preview:-1"},"canonical":"https:\/\/longchangchemical.com\/fr\/product\/isopropyl-laurate-cas-10233-13-3\/","og_locale":"fr_FR","og_type":"article","og_title":"China Isopropyl Laurate CAS 10233-13-3 manufacturer and supplier - Longchang Chemical","og_description":"Longchang Chemical is a leading manufacturer and supplier of Isopropyl Laurate CAS 10233-13-3 in China. Buy Isopropyl Laurate CAS 10233-13-3 in china. We can provide the best Isopropyl Laurate price. Other Names: dodecanoic acid isopropyl ester ; 1-Methylethyl dodecanoate.","og_url":"https:\/\/longchangchemical.com\/fr\/product\/isopropyl-laurate-cas-10233-13-3\/","og_site_name":"Longchang Chemical","article_modified_time":"2025-12-23T03:42:04+00:00","og_image":[{"width":600,"height":800,"url":"https:\/\/longchangchemical.com\/wp-content\/uploads\/2020\/11\/Isopropyl-Laurate-Appearance.jpg","type":"image\/jpeg"}],"twitter_card":"summary_large_image","schema":{"@context":"https:\/\/schema.org","@graph":[{"@type":"WebPage","@id":"https:\/\/longchangchemical.com\/product\/isopropyl-laurate-cas-10233-13-3\/","url":"https:\/\/longchangchemical.com\/product\/isopropyl-laurate-cas-10233-13-3\/","name":"Laurate d'isopropyle CAS 10233-13-3 fabricant et fournisseur chinois - Longchang Chemical","isPartOf":{"@id":"https:\/\/longchangchemical.com\/#website"},"primaryImageOfPage":{"@id":"https:\/\/longchangchemical.com\/product\/isopropyl-laurate-cas-10233-13-3\/#primaryimage"},"image":{"@id":"https:\/\/longchangchemical.com\/product\/isopropyl-laurate-cas-10233-13-3\/#primaryimage"},"thumbnailUrl":"https:\/\/longchangchemical.com\/wp-content\/uploads\/2020\/11\/Isopropyl-Laurate-Appearance.jpg","datePublished":"2020-11-02T03:42:19+00:00","dateModified":"2025-12-23T03:42:04+00:00","description":"Longchang Chemical est un fabricant et fournisseur leader de Laurate d'Isopropyle CAS 10233-13-3 en Chine. Acheter Laurate d'isopropyle CAS 10233-13-3 en Chine. Nous pouvons vous fournir le meilleur prix de Laurate d'Isopropyle. Autres noms : dodecanoic acid isopropyl ester ; 1-Methylethyl dodecanoate.","breadcrumb":{"@id":"https:\/\/longchangchemical.com\/product\/isopropyl-laurate-cas-10233-13-3\/#breadcrumb"},"inLanguage":"fr-FR","potentialAction":[{"@type":"ReadAction","target":["https:\/\/longchangchemical.com\/product\/isopropyl-laurate-cas-10233-13-3\/"]}]},{"@type":"ImageObject","inLanguage":"fr-FR","@id":"https:\/\/longchangchemical.com\/product\/isopropyl-laurate-cas-10233-13-3\/#primaryimage","url":"https:\/\/longchangchemical.com\/wp-content\/uploads\/2020\/11\/Isopropyl-Laurate-Appearance.jpg","contentUrl":"https:\/\/longchangchemical.com\/wp-content\/uploads\/2020\/11\/Isopropyl-Laurate-Appearance.jpg","width":600,"height":800,"caption":"Isopropyl Laurate Appearance"},{"@type":"BreadcrumbList","@id":"https:\/\/longchangchemical.com\/product\/isopropyl-laurate-cas-10233-13-3\/#breadcrumb","itemListElement":[{"@type":"ListItem","position":1,"name":"Home","item":"https:\/\/longchangchemical.com\/"},{"@type":"ListItem","position":2,"name":"Products Longchang","item":"https:\/\/longchangchemical.com\/product\/"},{"@type":"ListItem","position":3,"name":"IPL \/ Isopropyl Laurate CAS 10233-13-3"}]},{"@type":"WebSite","@id":"https:\/\/longchangchemical.com\/#website","url":"https:\/\/longchangchemical.com\/","name":"Longchang Chemical","description":"Fabricant chinois de produits chimiques \uff06 fournisseur","publisher":{"@id":"https:\/\/longchangchemical.com\/#organization"},"potentialAction":[{"@type":"SearchAction","target":{"@type":"EntryPoint","urlTemplate":"https:\/\/longchangchemical.com\/?s={search_term_string}"},"query-input":{"@type":"PropertyValueSpecification","valueRequired":true,"valueName":"search_term_string"}}],"inLanguage":"fr-FR"},{"@type":"Organization","@id":"https:\/\/longchangchemical.com\/#organization","name":"Longchang Chemical","url":"https:\/\/longchangchemical.com\/","logo":{"@type":"ImageObject","inLanguage":"fr-FR","@id":"https:\/\/longchangchemical.com\/#\/schema\/logo\/image\/","url":"https:\/\/longchangchemical.com\/wp-content\/uploads\/2020\/08\/cropped-longchang-logo.png","contentUrl":"https:\/\/longchangchemical.com\/wp-content\/uploads\/2020\/08\/cropped-longchang-logo.png","width":512,"height":512,"caption":"Longchang Chemical"},"image":{"@id":"https:\/\/longchangchemical.com\/#\/schema\/logo\/image\/"}}]}},"_links":{"self":[{"href":"https:\/\/longchangchemical.com\/fr\/wp-json\/wp\/v2\/product\/3392","targetHints":{"allow":["GET"]}}],"collection":[{"href":"https:\/\/longchangchemical.com\/fr\/wp-json\/wp\/v2\/product"}],"about":[{"href":"https:\/\/longchangchemical.com\/fr\/wp-json\/wp\/v2\/types\/product"}],"replies":[{"embeddable":true,"href":"https:\/\/longchangchemical.com\/fr\/wp-json\/wp\/v2\/comments?post=3392"}],"wp:featuredmedia":[{"embeddable":true,"href":"https:\/\/longchangchemical.com\/fr\/wp-json\/wp\/v2\/media\/3393"}],"wp:attachment":[{"href":"https:\/\/longchangchemical.com\/fr\/wp-json\/wp\/v2\/media?parent=3392"}],"wp:term":[{"taxonomy":"product_brand","embeddable":true,"href":"https:\/\/longchangchemical.com\/fr\/wp-json\/wp\/v2\/product_brand?post=3392"},{"taxonomy":"product_cat","embeddable":true,"href":"https:\/\/longchangchemical.com\/fr\/wp-json\/wp\/v2\/product_cat?post=3392"},{"taxonomy":"product_tag","embeddable":true,"href":"https:\/\/longchangchemical.com\/fr\/wp-json\/wp\/v2\/product_tag?post=3392"}],"curies":[{"name":"wp","href":"https:\/\/api.w.org\/{rel}","templated":true}]}}