{"id":3387,"date":"2020-10-28T05:54:54","date_gmt":"2020-10-28T05:54:54","guid":{"rendered":"https:\/\/longchangchemical.com\/?post_type=product&#038;p=3387"},"modified":"2026-05-08T02:59:26","modified_gmt":"2026-05-08T02:59:26","slug":"isooctyl-palmitate-cas-1341-38-4","status":"publish","type":"product","link":"https:\/\/longchangchemical.com\/fr\/product\/isooctyl-palmitate-cas-1341-38-4\/","title":{"rendered":"2-EHP \/ Palmitate d'isoctyle CAS 1341-38-4"},"content":{"rendered":"<h2><strong>Palmitate d'isoctyle CAS 1341-38-4<\/strong><\/h2>\n<table class=\"table-1\">\n<tbody>\n<tr>\n<td>\n<h4>Articles<\/h4>\n<\/td>\n<td>\n<h4>Sp\u00e9cifications<\/h4>\n<\/td>\n<\/tr>\n<tr>\n<td>\n<h4>Apparence<\/h4>\n<\/td>\n<td>\n<h4>Liquide huileux incolore ou jaune clair<\/h4>\n<\/td>\n<\/tr>\n<tr>\n<td>\n<h4>Densit\u00e9<\/h4>\n<\/td>\n<td>\n<h4>0.850\u4e000.862<\/h4>\n<\/td>\n<\/tr>\n<tr>\n<td>\n<h4>Indice d'acidit\u00e9\uff08mgKOH\/g\uff09<\/h4>\n<\/td>\n<td>\n<h4>\u22641.0<\/h4>\n<\/td>\n<\/tr>\n<tr>\n<td>\n<h4>Indice de saponification\uff08mgKOH\/g\uff09<\/h4>\n<\/td>\n<td>\n<h4>146-156<\/h4>\n<\/td>\n<\/tr>\n<tr>\n<td>\n<h4>Indice de r\u00e9fraction20\u2103<\/h4>\n<\/td>\n<td>\n<h4>1.445-1.447<\/h4>\n<\/td>\n<\/tr>\n<tr>\n<td>\n<h4>Indice d'iodegI2\/100g<\/h4>\n<\/td>\n<td>\n<h4>\u22641.0<\/h4>\n<\/td>\n<\/tr>\n<\/tbody>\n<\/table>\n<h2><\/h2>\n<h2>Qu'est-ce que le palmitate d'isoctyle ?<\/h2>\n<h4>Le palmitate d'isoctyle est un liquide huileux l\u00e9g\u00e8rement jaune, qui n'est pas facile \u00e0 oxyder, ne change pas de couleur et pr\u00e9sente une bonne stabilit\u00e9. Il s'agit d'un agent de surface non ionique non toxique, non irritant et non allerg\u00e8ne.<\/h4>\n<p>&nbsp;<\/p>\n<h2><strong>Palmitate d'isoctyle Utilisation<\/strong><\/h2>\n<h3>Le palmitate d'isoctyle est utilis\u00e9 dans les cosm\u00e9tiques :<\/h3>\n<h4>1. Elle a une bonne perm\u00e9abilit\u00e9, un effet anti-transpirant et une forte affinit\u00e9 avec la peau. Il s'agit d'une huile s\u00e8che et respirante et d'un excellent adoucisseur de peau. Ses performances sont stables et il n'est pas facile de l'oxyder ou de produire des odeurs particuli\u00e8res. Elle peut rendre la peau douce et lisse sans la rendre grasse. Sens, bonne perm\u00e9abilit\u00e9.<\/h4>\n<h4>2. Le palmitate d'isoctyle peut \u00eatre utilis\u00e9 dans les cr\u00e8mes, les fonds de teint, les rouges \u00e0 l\u00e8vres, les \u00e9crans solaires, les huiles capillaires, les mascaras, les ombres \u00e0 paupi\u00e8res, les encres et autres formulations. Il peut \u00eatre utilis\u00e9 comme agent d'extension et comme agent d'adh\u00e9sion et de liaison dans le maquillage. Il peut \u00eatre utilis\u00e9 comme agent de combinaison pour les cosm\u00e9tiques en poudre et comme bon solvant pour les pigments dans les cosm\u00e9tiques de couleur. Il peut \u00e9galement \u00eatre utilis\u00e9 comme adoucisseur, extenseur et dispersant.<\/h4>\n<h4>3. Le dosage du palmitate d'isooctyle dans les cosm\u00e9tiques est g\u00e9n\u00e9ralement de 2%~5%.<\/h4>\n<p>&nbsp;<\/p>\n<h2><strong>Emballage et exp\u00e9dition du palmitate d'isoctyle<\/strong><\/h2>\n<h4>Tambour\uff0c175kg<\/h4>\n<p>&nbsp;<\/p>\n<h2><strong>Palmitate d'isoctyle Stockage<\/strong><\/h2>\n<h4>Doit \u00eatre conserv\u00e9 dans un endroit frais et sec, scell\u00e9 et stock\u00e9.<\/h4>\n<p>&nbsp;<\/p>\n<h2>Produits de la m\u00eame s\u00e9rie<\/h2>\n<table style=\"border-collapse: collapse; width: 318.02pt;\" border=\"0\" width=\"424\" cellspacing=\"0\" cellpadding=\"0\">\n<tbody>\n<tr style=\"height: 13.50pt;\">\n<td class=\"et2\" style=\"height: 13.50pt; width: 87.00pt;\" width=\"116\" height=\"18\">Nom du produit<\/td>\n<td class=\"et2\" style=\"width: 129.75pt;\" width=\"173\">Nom chimique<\/td>\n<td class=\"et2\" style=\"width: 101.25pt;\" width=\"135\">Num\u00e9ro CAS<\/td>\n<\/tr>\n<tr style=\"height: 13.50pt;\">\n<td class=\"et2\" style=\"height: 13.50pt;\" height=\"18\">IPP<\/td>\n<td class=\"et2\"><a href=\"https:\/\/longchangchemical.com\/fr\/product\/isopropyl-palmitate-cas-142-91-6\/\"><span style=\"color: #00ccff;\">Palmitate d'isopropyle<\/span><\/a><\/td>\n<td class=\"et2\">CAS 142-91-6<\/td>\n<\/tr>\n<tr style=\"height: 13.50pt;\">\n<td class=\"et2\" style=\"height: 13.50pt;\" height=\"18\">IPL<\/td>\n<td class=\"et2\"><a href=\"https:\/\/longchangchemical.com\/fr\/product\/isopropyl-laurate-cas-10233-13-3\/\"><span style=\"color: #00ccff;\">Laurate d'isopropyle<\/span><\/a><\/td>\n<td class=\"et2\">CAS 10233-13-3<\/td>\n<\/tr>\n<tr style=\"height: 13.50pt;\">\n<td class=\"et2\" style=\"height: 13.50pt;\" height=\"18\">2-EHP<\/td>\n<td class=\"et2\"><a href=\"https:\/\/longchangchemical.com\/fr\/product\/isooctyl-palmitate-cas-1341-38-4\/\"><span style=\"color: #00ccff;\">Palmitate d'isoctyle<\/span><\/a><\/td>\n<td class=\"et2\">CAS 1341-38-4<\/td>\n<\/tr>\n<tr style=\"height: 13.50pt;\">\n<td class=\"et2\" style=\"height: 13.50pt;\" height=\"18\">IPM<\/td>\n<td class=\"et2\"><a href=\"https:\/\/longchangchemical.com\/fr\/product\/isopropyl-myristate-cas-110-27-0\/\"><span style=\"color: #00ccff;\">Myristate d'isopropyle<\/span><\/a><\/td>\n<td class=\"et2\">CAS 110-27-0<\/td>\n<\/tr>\n<\/tbody>\n<\/table>\n<h2><\/h2>\n<h2><strong><b>Contactez-nous d\u00e8s maintenant !<\/b><\/strong><\/h2>\n<h4><strong><b>Si vous avez besoin de COA, MSDS ou TDS, veuillez remplir vos coordonn\u00e9es dans le formulaire ci-dessous, nous vous contacterons g\u00e9n\u00e9ralement dans les 24 heures. Vous pouvez \u00e9galement m'envoyer un courriel <span style=\"color: #0000ff;\"><a style=\"color: #0000ff;\" href=\"mailto:info@longchangchemical.com\">info@longchangchemical.com<\/a><\/span> pendant les heures de travail ( 8:30 am to 6:00 pm UTC+8 Mon.~Sat. ) ou utilisez le chat en direct du site web pour obtenir une r\u00e9ponse rapide.<\/b><\/strong><\/h4>","protected":false},"excerpt":{"rendered":"<h4>Nom chimique : Palmitate d'isoctyle<\/h4>\n<h4>Num\u00e9ro CAS : 1341-38-4<\/h4>\n<h4>Formule mol\u00e9culaire : C24H48O2<\/h4>\n<h4>Structure chimique :<img decoding=\"async\" title=\"image.png\" src=\"https:\/\/www.longchangchemical.com\/wp-content\/uploads\/product-details\/20200617270276.png\" alt=\"image.png\" \/><\/h4>\n<h4>Poids mol\u00e9culaire : 368,64<\/h4>\n<h4>Aspect : Liquide huileux incolore ou jaune clair<\/h4>\n<h4>Indice de saponification\uff1a146-156<\/h4>","protected":false},"featured_media":3388,"comment_status":"open","ping_status":"closed","template":"","meta":[],"product_brand":[],"product_cat":[103],"product_tag":[],"class_list":{"0":"post-3387","1":"product","2":"type-product","3":"status-publish","4":"has-post-thumbnail","6":"product_cat-cosmetic-additives","8":"first","9":"instock","10":"shipping-taxable","11":"product-type-simple"},"yoast_head":"<!-- This site is optimized with the Yoast SEO plugin v25.3.1 - https:\/\/yoast.com\/wordpress\/plugins\/seo\/ -->\n<title>China isooctyl palmitate CAS 1341-38-4 manufacturer and supplier - Longchang Chemical<\/title>\n<meta name=\"description\" content=\"Longchang Chemical is a leading manufacturer and supplier of isooctyl palmitate CAS 1341-38-4 in China. Buy isooctyl palmitate CAS 1341-38-4 in china. We can provide the best isooctyl palmitate price.\" \/>\n<meta name=\"robots\" content=\"index, follow, max-snippet:-1, max-image-preview:large, max-video-preview:-1\" \/>\n<link rel=\"canonical\" href=\"https:\/\/longchangchemical.com\/fr\/product\/isooctyl-palmitate-cas-1341-38-4\/\" \/>\n<meta property=\"og:locale\" content=\"fr_FR\" \/>\n<meta property=\"og:type\" content=\"article\" \/>\n<meta property=\"og:title\" content=\"China isooctyl palmitate CAS 1341-38-4 manufacturer and supplier - Longchang Chemical\" \/>\n<meta property=\"og:description\" content=\"Longchang Chemical is a leading manufacturer and supplier of isooctyl palmitate CAS 1341-38-4 in China. Buy isooctyl palmitate CAS 1341-38-4 in china. We can provide the best isooctyl palmitate price.\" \/>\n<meta property=\"og:url\" content=\"https:\/\/longchangchemical.com\/fr\/product\/isooctyl-palmitate-cas-1341-38-4\/\" \/>\n<meta property=\"og:site_name\" content=\"Longchang Chemical\" \/>\n<meta property=\"article:modified_time\" content=\"2026-05-08T02:59:26+00:00\" \/>\n<meta property=\"og:image\" content=\"https:\/\/longchangchemical.com\/wp-content\/uploads\/2020\/10\/Isooctyl-palmitate-Appearance.jpg\" \/>\n\t<meta property=\"og:image:width\" content=\"600\" \/>\n\t<meta property=\"og:image:height\" content=\"800\" \/>\n\t<meta property=\"og:image:type\" content=\"image\/jpeg\" \/>\n<meta name=\"twitter:card\" content=\"summary_large_image\" \/>\n<script type=\"application\/ld+json\" class=\"yoast-schema-graph\">{\"@context\":\"https:\/\/schema.org\",\"@graph\":[{\"@type\":\"WebPage\",\"@id\":\"https:\/\/longchangchemical.com\/product\/isooctyl-palmitate-cas-1341-38-4\/\",\"url\":\"https:\/\/longchangchemical.com\/product\/isooctyl-palmitate-cas-1341-38-4\/\",\"name\":\"China isooctyl palmitate CAS 1341-38-4 manufacturer and supplier - Longchang Chemical\",\"isPartOf\":{\"@id\":\"https:\/\/longchangchemical.com\/#website\"},\"primaryImageOfPage\":{\"@id\":\"https:\/\/longchangchemical.com\/product\/isooctyl-palmitate-cas-1341-38-4\/#primaryimage\"},\"image\":{\"@id\":\"https:\/\/longchangchemical.com\/product\/isooctyl-palmitate-cas-1341-38-4\/#primaryimage\"},\"thumbnailUrl\":\"https:\/\/longchangchemical.com\/wp-content\/uploads\/2020\/10\/Isooctyl-palmitate-Appearance.jpg\",\"datePublished\":\"2020-10-28T05:54:54+00:00\",\"dateModified\":\"2026-05-08T02:59:26+00:00\",\"description\":\"Longchang Chemical is a leading manufacturer and supplier of isooctyl palmitate CAS 1341-38-4 in China. Buy isooctyl palmitate CAS 1341-38-4 in china. We can provide the best isooctyl palmitate price.\",\"breadcrumb\":{\"@id\":\"https:\/\/longchangchemical.com\/product\/isooctyl-palmitate-cas-1341-38-4\/#breadcrumb\"},\"inLanguage\":\"fr-FR\",\"potentialAction\":[{\"@type\":\"ReadAction\",\"target\":[\"https:\/\/longchangchemical.com\/product\/isooctyl-palmitate-cas-1341-38-4\/\"]}]},{\"@type\":\"ImageObject\",\"inLanguage\":\"fr-FR\",\"@id\":\"https:\/\/longchangchemical.com\/product\/isooctyl-palmitate-cas-1341-38-4\/#primaryimage\",\"url\":\"https:\/\/longchangchemical.com\/wp-content\/uploads\/2020\/10\/Isooctyl-palmitate-Appearance.jpg\",\"contentUrl\":\"https:\/\/longchangchemical.com\/wp-content\/uploads\/2020\/10\/Isooctyl-palmitate-Appearance.jpg\",\"width\":600,\"height\":800,\"caption\":\"Isooctyl palmitate Appearance\"},{\"@type\":\"BreadcrumbList\",\"@id\":\"https:\/\/longchangchemical.com\/product\/isooctyl-palmitate-cas-1341-38-4\/#breadcrumb\",\"itemListElement\":[{\"@type\":\"ListItem\",\"position\":1,\"name\":\"Home\",\"item\":\"https:\/\/longchangchemical.com\/\"},{\"@type\":\"ListItem\",\"position\":2,\"name\":\"Products Longchang\",\"item\":\"https:\/\/longchangchemical.com\/product\/\"},{\"@type\":\"ListItem\",\"position\":3,\"name\":\"2-EHP \/ Isooctyl palmitate CAS 1341-38-4\"}]},{\"@type\":\"WebSite\",\"@id\":\"https:\/\/longchangchemical.com\/#website\",\"url\":\"https:\/\/longchangchemical.com\/\",\"name\":\"Longchang Chemical\",\"description\":\"China chemical manufacturer \uff06 supplier\",\"publisher\":{\"@id\":\"https:\/\/longchangchemical.com\/#organization\"},\"potentialAction\":[{\"@type\":\"SearchAction\",\"target\":{\"@type\":\"EntryPoint\",\"urlTemplate\":\"https:\/\/longchangchemical.com\/?s={search_term_string}\"},\"query-input\":{\"@type\":\"PropertyValueSpecification\",\"valueRequired\":true,\"valueName\":\"search_term_string\"}}],\"inLanguage\":\"fr-FR\"},{\"@type\":\"Organization\",\"@id\":\"https:\/\/longchangchemical.com\/#organization\",\"name\":\"Longchang Chemical\",\"url\":\"https:\/\/longchangchemical.com\/\",\"logo\":{\"@type\":\"ImageObject\",\"inLanguage\":\"fr-FR\",\"@id\":\"https:\/\/longchangchemical.com\/#\/schema\/logo\/image\/\",\"url\":\"https:\/\/longchangchemical.com\/wp-content\/uploads\/2020\/08\/cropped-longchang-logo.png\",\"contentUrl\":\"https:\/\/longchangchemical.com\/wp-content\/uploads\/2020\/08\/cropped-longchang-logo.png\",\"width\":512,\"height\":512,\"caption\":\"Longchang Chemical\"},\"image\":{\"@id\":\"https:\/\/longchangchemical.com\/#\/schema\/logo\/image\/\"}}]}<\/script>\n<!-- \/ Yoast SEO plugin. -->","yoast_head_json":{"title":"Palmitate d'isooctyle CAS 1341-38-4, fabricant et fournisseur chinois - Longchang Chemical","description":"Longchang Chemical est un fabricant et fournisseur leader de palmitate d'isooctyle CAS 1341-38-4 en Chine. Acheter palmitate d'isooctyle CAS 1341-38-4 en Chine. Nous pouvons vous fournir le meilleur prix de palmitate d'isooctyle.","robots":{"index":"index","follow":"follow","max-snippet":"max-snippet:-1","max-image-preview":"max-image-preview:large","max-video-preview":"max-video-preview:-1"},"canonical":"https:\/\/longchangchemical.com\/fr\/product\/isooctyl-palmitate-cas-1341-38-4\/","og_locale":"fr_FR","og_type":"article","og_title":"China isooctyl palmitate CAS 1341-38-4 manufacturer and supplier - Longchang Chemical","og_description":"Longchang Chemical is a leading manufacturer and supplier of isooctyl palmitate CAS 1341-38-4 in China. Buy isooctyl palmitate CAS 1341-38-4 in china. We can provide the best isooctyl palmitate price.","og_url":"https:\/\/longchangchemical.com\/fr\/product\/isooctyl-palmitate-cas-1341-38-4\/","og_site_name":"Longchang Chemical","article_modified_time":"2026-05-08T02:59:26+00:00","og_image":[{"width":600,"height":800,"url":"https:\/\/longchangchemical.com\/wp-content\/uploads\/2020\/10\/Isooctyl-palmitate-Appearance.jpg","type":"image\/jpeg"}],"twitter_card":"summary_large_image","schema":{"@context":"https:\/\/schema.org","@graph":[{"@type":"WebPage","@id":"https:\/\/longchangchemical.com\/product\/isooctyl-palmitate-cas-1341-38-4\/","url":"https:\/\/longchangchemical.com\/product\/isooctyl-palmitate-cas-1341-38-4\/","name":"Palmitate d'isooctyle CAS 1341-38-4, fabricant et fournisseur chinois - Longchang Chemical","isPartOf":{"@id":"https:\/\/longchangchemical.com\/#website"},"primaryImageOfPage":{"@id":"https:\/\/longchangchemical.com\/product\/isooctyl-palmitate-cas-1341-38-4\/#primaryimage"},"image":{"@id":"https:\/\/longchangchemical.com\/product\/isooctyl-palmitate-cas-1341-38-4\/#primaryimage"},"thumbnailUrl":"https:\/\/longchangchemical.com\/wp-content\/uploads\/2020\/10\/Isooctyl-palmitate-Appearance.jpg","datePublished":"2020-10-28T05:54:54+00:00","dateModified":"2026-05-08T02:59:26+00:00","description":"Longchang Chemical est un fabricant et fournisseur leader de palmitate d'isooctyle CAS 1341-38-4 en Chine. Acheter palmitate d'isooctyle CAS 1341-38-4 en Chine. Nous pouvons vous fournir le meilleur prix de palmitate d'isooctyle.","breadcrumb":{"@id":"https:\/\/longchangchemical.com\/product\/isooctyl-palmitate-cas-1341-38-4\/#breadcrumb"},"inLanguage":"fr-FR","potentialAction":[{"@type":"ReadAction","target":["https:\/\/longchangchemical.com\/product\/isooctyl-palmitate-cas-1341-38-4\/"]}]},{"@type":"ImageObject","inLanguage":"fr-FR","@id":"https:\/\/longchangchemical.com\/product\/isooctyl-palmitate-cas-1341-38-4\/#primaryimage","url":"https:\/\/longchangchemical.com\/wp-content\/uploads\/2020\/10\/Isooctyl-palmitate-Appearance.jpg","contentUrl":"https:\/\/longchangchemical.com\/wp-content\/uploads\/2020\/10\/Isooctyl-palmitate-Appearance.jpg","width":600,"height":800,"caption":"Isooctyl palmitate Appearance"},{"@type":"BreadcrumbList","@id":"https:\/\/longchangchemical.com\/product\/isooctyl-palmitate-cas-1341-38-4\/#breadcrumb","itemListElement":[{"@type":"ListItem","position":1,"name":"Home","item":"https:\/\/longchangchemical.com\/"},{"@type":"ListItem","position":2,"name":"Products Longchang","item":"https:\/\/longchangchemical.com\/product\/"},{"@type":"ListItem","position":3,"name":"2-EHP \/ Isooctyl palmitate CAS 1341-38-4"}]},{"@type":"WebSite","@id":"https:\/\/longchangchemical.com\/#website","url":"https:\/\/longchangchemical.com\/","name":"Longchang Chemical","description":"Fabricant chinois de produits chimiques \uff06 fournisseur","publisher":{"@id":"https:\/\/longchangchemical.com\/#organization"},"potentialAction":[{"@type":"SearchAction","target":{"@type":"EntryPoint","urlTemplate":"https:\/\/longchangchemical.com\/?s={search_term_string}"},"query-input":{"@type":"PropertyValueSpecification","valueRequired":true,"valueName":"search_term_string"}}],"inLanguage":"fr-FR"},{"@type":"Organization","@id":"https:\/\/longchangchemical.com\/#organization","name":"Longchang Chemical","url":"https:\/\/longchangchemical.com\/","logo":{"@type":"ImageObject","inLanguage":"fr-FR","@id":"https:\/\/longchangchemical.com\/#\/schema\/logo\/image\/","url":"https:\/\/longchangchemical.com\/wp-content\/uploads\/2020\/08\/cropped-longchang-logo.png","contentUrl":"https:\/\/longchangchemical.com\/wp-content\/uploads\/2020\/08\/cropped-longchang-logo.png","width":512,"height":512,"caption":"Longchang Chemical"},"image":{"@id":"https:\/\/longchangchemical.com\/#\/schema\/logo\/image\/"}}]}},"_links":{"self":[{"href":"https:\/\/longchangchemical.com\/fr\/wp-json\/wp\/v2\/product\/3387","targetHints":{"allow":["GET"]}}],"collection":[{"href":"https:\/\/longchangchemical.com\/fr\/wp-json\/wp\/v2\/product"}],"about":[{"href":"https:\/\/longchangchemical.com\/fr\/wp-json\/wp\/v2\/types\/product"}],"replies":[{"embeddable":true,"href":"https:\/\/longchangchemical.com\/fr\/wp-json\/wp\/v2\/comments?post=3387"}],"wp:featuredmedia":[{"embeddable":true,"href":"https:\/\/longchangchemical.com\/fr\/wp-json\/wp\/v2\/media\/3388"}],"wp:attachment":[{"href":"https:\/\/longchangchemical.com\/fr\/wp-json\/wp\/v2\/media?parent=3387"}],"wp:term":[{"taxonomy":"product_brand","embeddable":true,"href":"https:\/\/longchangchemical.com\/fr\/wp-json\/wp\/v2\/product_brand?post=3387"},{"taxonomy":"product_cat","embeddable":true,"href":"https:\/\/longchangchemical.com\/fr\/wp-json\/wp\/v2\/product_cat?post=3387"},{"taxonomy":"product_tag","embeddable":true,"href":"https:\/\/longchangchemical.com\/fr\/wp-json\/wp\/v2\/product_tag?post=3387"}],"curies":[{"name":"wp","href":"https:\/\/api.w.org\/{rel}","templated":true}]}}