{"id":3384,"date":"2020-10-24T06:34:00","date_gmt":"2020-10-24T06:34:00","guid":{"rendered":"https:\/\/longchangchemical.com\/?post_type=product&#038;p=3384"},"modified":"2025-12-23T03:34:58","modified_gmt":"2025-12-23T03:34:58","slug":"allantoin-cas-97-59-6","status":"publish","type":"product","link":"https:\/\/longchangchemical.com\/fr\/product\/allantoin-cas-97-59-6\/","title":{"rendered":"Allanto\u00efne cas 97-59-6"},"content":{"rendered":"<h2><strong>Propri\u00e9t\u00e9s typiques de l'allanto\u00efne<\/strong><\/h2>\n<table class=\"table-1\">\n<tbody>\n<tr>\n<td>\n<h4>Articles<\/h4>\n<\/td>\n<td>\n<h4>Sp\u00e9cifications<\/h4>\n<\/td>\n<\/tr>\n<tr>\n<td>\n<h4>Apparence<\/h4>\n<\/td>\n<td>\n<h4>Poudre cristalline blanche<\/h4>\n<\/td>\n<\/tr>\n<tr>\n<td>\n<h4>La puret\u00e9<\/h4>\n<\/td>\n<td>\n<h4>98.5%-101%<\/h4>\n<\/td>\n<\/tr>\n<tr>\n<td>\n<h4>Point de fusion<\/h4>\n<\/td>\n<td>\n<h4>225.0\u2103min<\/h4>\n<\/td>\n<\/tr>\n<tr>\n<td>\n<h4>DH(0.5% Solution d'eau)<\/h4>\n<\/td>\n<td>\n<h4>4.0-6.5<\/h4>\n<\/td>\n<\/tr>\n<tr>\n<td>\n<h4>S\u00e9chage sur perte<\/h4>\n<\/td>\n<td>\n<h4>0,5max<\/h4>\n<\/td>\n<\/tr>\n<\/tbody>\n<\/table>\n<h2><strong>Application de l'allanto\u00efne<\/strong><\/h2>\n<h3><strong>1. Application dans le domaine m\u00e9dical<\/strong><\/h3>\n<h4>L'allanto\u00efne est une hydanto\u00efne ur\u00e9ique, et l'observation pathologique de l'effet de l'ur\u00e9e sur la peau montre que les principaux changements sont la d\u00e9g\u00e9n\u00e9rescence de la couche corn\u00e9e, le gonflement et l'\u00e9paississement k\u00e9ratinique r\u00e9gional, l'\u0153d\u00e8me et les fissures dans les cellules \u00e9pineuses de l'\u00e9piderme, et les fibres de collag\u00e8ne dermiques l\u00e9g\u00e8res. Le degr\u00e9 de d\u00e9g\u00e9n\u00e9rescence indique qu'il a pour effet de dissoudre et de d\u00e9naturer la couche corn\u00e9e et d'augmenter l'humidit\u00e9 de la peau. La capacit\u00e9 d'absorption d'eau de la couche corn\u00e9e de l'\u00e9piderme repose principalement sur la matrice de ciment dense en \u00e9lectrons non k\u00e9ratinique qui relie les k\u00e9ratinocytes, et la k\u00e9ratine elle-m\u00eame a peu d'effet sur l'hydratation totale de la peau.<\/h4>\n<h4>L'allanto\u00efne hydrate la peau car elle peut augmenter et favoriser la capacit\u00e9 d'hydratation de la matrice de liaison. Elle peut \u00e9galement agir sur la k\u00e9ratine pour augmenter sa capacit\u00e9 \u00e0 lier l'eau, ce qui rend la peau lisse, hydrat\u00e9e et souple. La m\u00e9thode d'analyse de la couche de papier utilis\u00e9e pour \u00e9tudier l'allanto\u00efne et le chlorure d'acide hydroxyallanto\u00efque d'aluminium lors d'exp\u00e9riences in vitro a r\u00e9v\u00e9l\u00e9 qu'ils peuvent d\u00e9tendre la couche corn\u00e9e normale et pathologique, lib\u00e9rer de l'eau non k\u00e9ratinique facilement soluble et davantage d'acides amin\u00e9s libres. La partie ur\u00e9e de l'allanto\u00efne a \u00e9galement des effets antifongiques et antibact\u00e9riens. La litt\u00e9rature indique que 2%, 5% et 10% d'ur\u00e9e peuvent inhiber la teigne de type gypse et l'\u00e9pidermophyton flocculent dans le tube ; l'observation exp\u00e9rimentale de la m\u00e9thode du disque plat montre que 10%-60% d'ur\u00e9e peuvent inhiber la croissance de Staphylococcus aureus, d'E. coli et de Pseudomonas aeruginosa. La partie hydanto\u00efne de l'allanto\u00efne est similaire au barbiturique (acide barbituirit) et a des effets analg\u00e9siques, anesth\u00e9siques et anti-irritants. Comme elle peut apaiser la peau en neutralisant et en d\u00e9toxifiant les irritants, elle est consid\u00e9r\u00e9e comme ayant des effets anti-irritants et narcotiques. L'allanto\u00efne est \u00e9galement un d\u00e9riv\u00e9 de l'acide urique. Des exp\u00e9riences et des \u00e9tudes cliniques ont montr\u00e9 qu'elle a des effets de k\u00e9ratolyse, d'hydratation, d'anesth\u00e9sie, d'analg\u00e9sie, d'anti-irritation, de promotion de la croissance \u00e9pith\u00e9liale, des effets anti-inflammatoires et antibact\u00e9riens. En 1937, Kaplan a utilis\u00e9 l'allanto\u00efne pour traiter des ulc\u00e8res chirurgicaux chroniques et a constat\u00e9 qu'elle avait des effets significatifs sur les tissus n\u00e9crotiques, favorisant la croissance du tissu de granulation et la cicatrisation des plaies. En 1962, Cahen et ses coll\u00e8gues ont utilis\u00e9 pour la premi\u00e8re fois le sel d'allanto\u00efne hydroxyaluminium pour traiter les ulc\u00e8res gastriques chez les animaux de laboratoire et ont obtenu des effets significatifs. Par la suite, de nombreux rapports ont fait \u00e9tat d'effets cliniques satisfaisants en Europe et en Am\u00e9rique, notamment au Japon. En 1976, les comprim\u00e9s d'allanto\u00efne nouvellement d\u00e9velopp\u00e9s dans mon pays ont eu de bons effets curatifs sur les ulc\u00e8res gastriques et duod\u00e9naux.<\/h4>\n<h4>Actuellement, l'allanto\u00efne est largement utilis\u00e9e en dermatologie clinique comme pr\u00e9paration topique, offrant de nouveaux traitements pour les ger\u00e7ures des mains et des pieds, l'ichtyose, le psoriasis, diverses maladies k\u00e9ratosiques de la peau, l'expansion et le nettoyage des plaies, et les ulc\u00e8res gastroduod\u00e9naux. Moyens efficaces. Si l'allanto\u00efne 2% est utilis\u00e9e pour traiter la k\u00e9ratose folliculaire, la k\u00e9ratodermie palmoplantaire et la k\u00e9ratolyse exfoliative, son effet curatif est meilleur que celui de l'ur\u00e9e 30%. En utilisant la cr\u00e8me d'allanto\u00efne 1% et la cr\u00e8me 6101 (cr\u00e8me simple) comme contr\u00f4le, 46 cas d'ichtyose et de maladies cutan\u00e9es k\u00e9ratosiques ont \u00e9t\u00e9 trait\u00e9s, et il a \u00e9t\u00e9 constat\u00e9 que la cr\u00e8me d'allanto\u00efne 1% \u00e9tait significativement meilleure que la cr\u00e8me 6101, tandis que la cr\u00e8me ou la pommade \u00e0 l'acide formique vitaminique 0,1% n'est pas efficace pour l'ichtyose. Selon un rapport de brevet japonais, l'allanto\u00efne est utilis\u00e9e comme ingr\u00e9dient important dans le traitement du diab\u00e8te, de la cirrhose du foie et du cancer, et peut \u00e9galement \u00eatre utilis\u00e9e pour traiter l'ost\u00e9omy\u00e9lite.<\/h4>\n<h3><strong>2. Application dans l'industrie chimique l\u00e9g\u00e8re<\/strong><\/h3>\n<h4>L'allanto\u00efne est un cristal blanc non toxique, inodore et non irritant. Il s'agit d'une mati\u00e8re premi\u00e8re cosm\u00e9tique de haute qualit\u00e9. Elle peut \u00eatre directement utilis\u00e9e comme additif pour les cosm\u00e9tiques haut de gamme et d'autres additifs chimiques quotidiens (tels que le dentifrice, le shampoing, le savon, etc.). Hydratation, protection des tissus, hydrophilie, absorption de l'eau et pr\u00e9vention de la perte d'eau. En outre, il a un effet protecteur sur les cheveux, de sorte que les cheveux ne sont pas fourchus et continuent \u00e0 pousser. Elle peut rendre la peau et les l\u00e8vres douces, \u00e9lastiques et brillantes, et a \u00e9t\u00e9 largement utilis\u00e9e \u00e0 l'\u00e9tranger. L'allanto\u00efne \u00e9tant elle-m\u00eame un compos\u00e9 amphot\u00e8re, elle peut se combiner avec diverses substances pour former des sels m\u00e9talliques et des compos\u00e9s d'addition, et les produits d'addition de combinaison chimique qu'elle forme ne d\u00e9truisent pas les fonctions originales de chaque composant. Par exemple, l'allanto\u00efne est combin\u00e9e avec l'acide para-aminobenzo\u00efque (PABA) 5%. Comme le PABA peut \u00eatre synth\u00e9tis\u00e9 par la couche corn\u00e9e, son effet ne sera pas affaibli par les bains et la transpiration. S'il est m\u00e9lang\u00e9 \u00e0 de la m\u00e9thylc\u00e9tone, il peut \u00e9galement r\u00e9duire le PABA. Il a pour fonction d'absorber et de filtrer les rayons ultraviolets \u00e9ryth\u00e9mateux d'une longueur d'onde de 2800\uff5e3200 dans la lumi\u00e8re du soleil. C'est l'un des \u00e9crans solaires les plus protecteurs et les plus largement utilis\u00e9s pour les coups de soleil dans la gamme des ultraviolets. Il a un bon effet pr\u00e9ventif. L'effet du cancer de la peau caus\u00e9 par les rayons ultraviolets.<\/h4>\n<h4>Les d\u00e9riv\u00e9s de l'allanto\u00efne peuvent \u00eatre formul\u00e9s en diverses lotions, poudres, solutions aqueuses et teintures, qui sont tr\u00e8s populaires. La poudre d'alpolygale, par exemple, a des effets d\u00e9toxifiants, lisses sur la peau, anti-inflammatoires et antibact\u00e9riens. Le shampooing peut r\u00e9sister \u00e0 l'irritation, r\u00e9duire la desquamation du cuir chevelu et rendre les cheveux doux. Un autre exemple est l'alcloxa, l'acide hydroxyallanto\u00efque chlor\u00e9 \u00e0 l'aluminium, qui peut \u00eatre transform\u00e9 en teinture de 0,2% \u00e0 0,5%, qui peut \u00eatre formul\u00e9e en parfum astringent, en lotion de rasage, en d\u00e9odorant, en lotion nettoyante, etc. Aucun cas d'irritation de la peau, de photosensibilit\u00e9, de r\u00e9action allergique ou d'autres effets secondaires de l'allanto\u00efne et de ses d\u00e9riv\u00e9s n'a \u00e9t\u00e9 signal\u00e9 dans les applications nationales et \u00e9trang\u00e8res, et l'allanto\u00efne est sans danger pour un usage externe. En tant qu'ingr\u00e9dient important des produits de beaut\u00e9, l'allanto\u00efne fait l'objet d'une attention croissante et offre de vastes perspectives.<\/h4>\n<h3><strong>3. Application dans l'agriculture<\/strong><\/h3>\n<h4>L'allanto\u00efne est un r\u00e9gulateur de croissance des plantes qui peut augmenter la production de bl\u00e9, d'oranges, de riz, de l\u00e9gumes et de soja, et qui a pour effet de raffermir et de faire m\u00fbrir les plantes. Parall\u00e8lement, elle permet de d\u00e9velopper divers engrais compos\u00e9s, micro-fertilisants, engrais \u00e0 lib\u00e9ration lente et constitue une mati\u00e8re premi\u00e8re essentielle pour les engrais \u00e0 base de terres rares. Par exemple, selon des informations pertinentes, le soja est divis\u00e9 en croissance v\u00e9g\u00e9tative et en croissance reproductive au cours du processus de croissance. La croissance dite v\u00e9g\u00e9tative consiste \u00e0 absorber l'azote des engrais azot\u00e9s ordinaires pour favoriser la croissance des tiges et des feuilles ; la croissance dite reproductive consiste \u00e0 r\u00e9duire l'azote de l'air par le syst\u00e8me de fixation de l'azote des nodules et \u00e0 fournir aux cultures de l'azote ordinaire pour favoriser la floraison et la gousse afin d'obtenir un rendement \u00e9lev\u00e9. Toutefois, lorsque l'azote r\u00e9duit est excessif, le soja produit un compos\u00e9 organique de l'azote appel\u00e9 allanto\u00efne afin de stocker efficacement l'azote r\u00e9duit.<\/h4>\n<h4>L'allanto\u00efne est rarement utilis\u00e9e pendant la p\u00e9riode o\u00f9 les tiges et les feuilles sont luxuriantes, mais elle est transf\u00e9r\u00e9e dans les gousses de soja qui ont un besoin urgent de beaucoup d'azote, o\u00f9 elle est d\u00e9compos\u00e9e et utilis\u00e9e pour former efficacement les prot\u00e9ines des graines de soja. Bien que l'allanto\u00efne joue un r\u00f4le d\u00e9cisif dans l'augmentation de la production de soja, sa teneur dans les cultures est tr\u00e8s faible. Il est impossible de contr\u00f4ler artificiellement la concentration d'allanto\u00efne produite par la culture elle-m\u00eame. C'est pourquoi elle sera atteinte pendant la p\u00e9riode de floraison du soja. La pulv\u00e9risation d'allanto\u00efne pendant la maturit\u00e9 r\u00e9pondra aux besoins de la croissance reproductive du soja et jouera le r\u00f4le d'auxine reproductive, de mani\u00e8re \u00e0 atteindre l'objectif d'augmentation de la production de soja. Mon pays est un grand pays agricole dont la production agricole totale s'\u00e9l\u00e8ve \u00e0 plusieurs dizaines de milliards de catties. Si l'augmentation de la production peut \u00eatre r\u00e9alis\u00e9e, il s'agira d'un chiffre d\u00e9cent, qui rev\u00eat une grande importance pour la production industrielle et agricole, la vie des gens et le commerce ext\u00e9rieur.<\/h4>\n<h2><strong>Allanto\u00efneEmballage et exp\u00e9dition<\/strong><\/h2>\n<h4>25kg\/tambour<\/h4>\n<h2><strong>Stockage d'allanto\u00efne<\/strong><\/h2>\n<h4>Basse temp\u00e9rature, s\u00e9cher, \u00e9viter la lumi\u00e8re directe du soleil.<\/h4>\n<h2><strong>Contactez-nous d\u00e8s maintenant !<\/strong><\/h2>\n<h4>Nous acceptons les services personnalis\u00e9s et nous vous contacterons g\u00e9n\u00e9ralement dans les 24 heures. Vous pouvez \u00e9galement m'envoyer un courriel \u00e0 l'adresse info@longchangchemical.com pendant les heures de travail (de 8h30 \u00e0 18h00 UTC+8 du lundi au samedi) ou utiliser le chat en direct du site web pour obtenir une r\u00e9ponse rapide.<\/h4>","protected":false},"excerpt":{"rendered":"<h1><strong>Allanto\u00efne CAS 97-59-6<\/strong><\/h1>\n<h4>Nom chimique : Allanto\u00efne<\/h4>\n<h4>Num\u00e9ro CAS : 97-59-6<\/h4>\n<h4>Formule mol\u00e9culaire : C4H6N4O3<\/h4>\n<h4>Structure chimique :<img decoding=\"async\" title=\"image.png\" src=\"https:\/\/www.longchangchemical.com\/wp-content\/uploads\/product-details\/20200617233976.png\" alt=\"image.png\" \/><\/h4>\n<h4>Poids mol\u00e9culaire : 158,12<\/h4>\n<h4>Aspect : Poudre cristalline blanche<\/h4>\n<h4>Assay\uff1a98.5%-101%<\/h4>","protected":false},"featured_media":3385,"comment_status":"open","ping_status":"closed","template":"","meta":[],"product_brand":[],"product_cat":[103],"product_tag":[],"class_list":{"0":"post-3384","1":"product","2":"type-product","3":"status-publish","4":"has-post-thumbnail","6":"product_cat-cosmetic-additives","8":"first","9":"instock","10":"shipping-taxable","11":"product-type-simple"},"yoast_head":"<!-- This site is optimized with the Yoast SEO plugin v25.3.1 - https:\/\/yoast.com\/wordpress\/plugins\/seo\/ -->\n<title>China Allantoin cas 97-59-6 manufacturer and supplier - Longchang Chemical<\/title>\n<meta name=\"description\" content=\"Longchang Chemical is a leading manufacturer and supplier of Allantoin cas 97-59-6 in China. Buy Allantoin cas 97-59-6 in china. We can provide the best Allantoin price.\" \/>\n<meta name=\"robots\" content=\"index, follow, max-snippet:-1, max-image-preview:large, max-video-preview:-1\" \/>\n<link rel=\"canonical\" href=\"https:\/\/longchangchemical.com\/fr\/product\/allantoin-cas-97-59-6\/\" \/>\n<meta property=\"og:locale\" content=\"fr_FR\" \/>\n<meta property=\"og:type\" content=\"article\" \/>\n<meta property=\"og:title\" content=\"China Allantoin cas 97-59-6 manufacturer and supplier - Longchang Chemical\" \/>\n<meta property=\"og:description\" content=\"Longchang Chemical is a leading manufacturer and supplier of Allantoin cas 97-59-6 in China. Buy Allantoin cas 97-59-6 in china. We can provide the best Allantoin price.\" \/>\n<meta property=\"og:url\" content=\"https:\/\/longchangchemical.com\/fr\/product\/allantoin-cas-97-59-6\/\" \/>\n<meta property=\"og:site_name\" content=\"Longchang Chemical\" \/>\n<meta property=\"article:modified_time\" content=\"2025-12-23T03:34:58+00:00\" \/>\n<meta property=\"og:image\" content=\"https:\/\/longchangchemical.com\/wp-content\/uploads\/2020\/10\/Appearnce.jpg\" \/>\n\t<meta property=\"og:image:width\" content=\"600\" \/>\n\t<meta property=\"og:image:height\" content=\"800\" \/>\n\t<meta property=\"og:image:type\" content=\"image\/jpeg\" \/>\n<meta name=\"twitter:card\" content=\"summary_large_image\" \/>\n<script type=\"application\/ld+json\" class=\"yoast-schema-graph\">{\"@context\":\"https:\/\/schema.org\",\"@graph\":[{\"@type\":\"WebPage\",\"@id\":\"https:\/\/longchangchemical.com\/product\/allantoin-cas-97-59-6\/\",\"url\":\"https:\/\/longchangchemical.com\/product\/allantoin-cas-97-59-6\/\",\"name\":\"China Allantoin cas 97-59-6 manufacturer and supplier - Longchang Chemical\",\"isPartOf\":{\"@id\":\"https:\/\/longchangchemical.com\/#website\"},\"primaryImageOfPage\":{\"@id\":\"https:\/\/longchangchemical.com\/product\/allantoin-cas-97-59-6\/#primaryimage\"},\"image\":{\"@id\":\"https:\/\/longchangchemical.com\/product\/allantoin-cas-97-59-6\/#primaryimage\"},\"thumbnailUrl\":\"https:\/\/longchangchemical.com\/wp-content\/uploads\/2020\/10\/Appearnce.jpg\",\"datePublished\":\"2020-10-24T06:34:00+00:00\",\"dateModified\":\"2025-12-23T03:34:58+00:00\",\"description\":\"Longchang Chemical is a leading manufacturer and supplier of Allantoin cas 97-59-6 in China. Buy Allantoin cas 97-59-6 in china. We can provide the best Allantoin price.\",\"breadcrumb\":{\"@id\":\"https:\/\/longchangchemical.com\/product\/allantoin-cas-97-59-6\/#breadcrumb\"},\"inLanguage\":\"fr-FR\",\"potentialAction\":[{\"@type\":\"ReadAction\",\"target\":[\"https:\/\/longchangchemical.com\/product\/allantoin-cas-97-59-6\/\"]}]},{\"@type\":\"ImageObject\",\"inLanguage\":\"fr-FR\",\"@id\":\"https:\/\/longchangchemical.com\/product\/allantoin-cas-97-59-6\/#primaryimage\",\"url\":\"https:\/\/longchangchemical.com\/wp-content\/uploads\/2020\/10\/Appearnce.jpg\",\"contentUrl\":\"https:\/\/longchangchemical.com\/wp-content\/uploads\/2020\/10\/Appearnce.jpg\",\"width\":600,\"height\":800,\"caption\":\"Allantoin Appearance\"},{\"@type\":\"BreadcrumbList\",\"@id\":\"https:\/\/longchangchemical.com\/product\/allantoin-cas-97-59-6\/#breadcrumb\",\"itemListElement\":[{\"@type\":\"ListItem\",\"position\":1,\"name\":\"Home\",\"item\":\"https:\/\/longchangchemical.com\/\"},{\"@type\":\"ListItem\",\"position\":2,\"name\":\"Products Longchang\",\"item\":\"https:\/\/longchangchemical.com\/product\/\"},{\"@type\":\"ListItem\",\"position\":3,\"name\":\"Allantoin cas 97-59-6\"}]},{\"@type\":\"WebSite\",\"@id\":\"https:\/\/longchangchemical.com\/#website\",\"url\":\"https:\/\/longchangchemical.com\/\",\"name\":\"Longchang Chemical\",\"description\":\"China chemical manufacturer \uff06 supplier\",\"publisher\":{\"@id\":\"https:\/\/longchangchemical.com\/#organization\"},\"potentialAction\":[{\"@type\":\"SearchAction\",\"target\":{\"@type\":\"EntryPoint\",\"urlTemplate\":\"https:\/\/longchangchemical.com\/?s={search_term_string}\"},\"query-input\":{\"@type\":\"PropertyValueSpecification\",\"valueRequired\":true,\"valueName\":\"search_term_string\"}}],\"inLanguage\":\"fr-FR\"},{\"@type\":\"Organization\",\"@id\":\"https:\/\/longchangchemical.com\/#organization\",\"name\":\"Longchang Chemical\",\"url\":\"https:\/\/longchangchemical.com\/\",\"logo\":{\"@type\":\"ImageObject\",\"inLanguage\":\"fr-FR\",\"@id\":\"https:\/\/longchangchemical.com\/#\/schema\/logo\/image\/\",\"url\":\"https:\/\/longchangchemical.com\/wp-content\/uploads\/2020\/08\/cropped-longchang-logo.png\",\"contentUrl\":\"https:\/\/longchangchemical.com\/wp-content\/uploads\/2020\/08\/cropped-longchang-logo.png\",\"width\":512,\"height\":512,\"caption\":\"Longchang Chemical\"},\"image\":{\"@id\":\"https:\/\/longchangchemical.com\/#\/schema\/logo\/image\/\"}}]}<\/script>\n<!-- \/ Yoast SEO plugin. -->","yoast_head_json":{"title":"Allanto\u00efne cas 97-59-6 fabricant et fournisseur chinois - Longchang Chemical","description":"Longchang Chemical est un fabricant et fournisseur leader d'Allanto\u00efne cas 97-59-6 en Chine. Acheter Allanto\u00efne cas 97-59-6 en Chine. Nous pouvons vous fournir le meilleur prix d'Allanto\u00efne.","robots":{"index":"index","follow":"follow","max-snippet":"max-snippet:-1","max-image-preview":"max-image-preview:large","max-video-preview":"max-video-preview:-1"},"canonical":"https:\/\/longchangchemical.com\/fr\/product\/allantoin-cas-97-59-6\/","og_locale":"fr_FR","og_type":"article","og_title":"China Allantoin cas 97-59-6 manufacturer and supplier - Longchang Chemical","og_description":"Longchang Chemical is a leading manufacturer and supplier of Allantoin cas 97-59-6 in China. Buy Allantoin cas 97-59-6 in china. We can provide the best Allantoin price.","og_url":"https:\/\/longchangchemical.com\/fr\/product\/allantoin-cas-97-59-6\/","og_site_name":"Longchang Chemical","article_modified_time":"2025-12-23T03:34:58+00:00","og_image":[{"width":600,"height":800,"url":"https:\/\/longchangchemical.com\/wp-content\/uploads\/2020\/10\/Appearnce.jpg","type":"image\/jpeg"}],"twitter_card":"summary_large_image","schema":{"@context":"https:\/\/schema.org","@graph":[{"@type":"WebPage","@id":"https:\/\/longchangchemical.com\/product\/allantoin-cas-97-59-6\/","url":"https:\/\/longchangchemical.com\/product\/allantoin-cas-97-59-6\/","name":"Allanto\u00efne cas 97-59-6 fabricant et fournisseur chinois - Longchang Chemical","isPartOf":{"@id":"https:\/\/longchangchemical.com\/#website"},"primaryImageOfPage":{"@id":"https:\/\/longchangchemical.com\/product\/allantoin-cas-97-59-6\/#primaryimage"},"image":{"@id":"https:\/\/longchangchemical.com\/product\/allantoin-cas-97-59-6\/#primaryimage"},"thumbnailUrl":"https:\/\/longchangchemical.com\/wp-content\/uploads\/2020\/10\/Appearnce.jpg","datePublished":"2020-10-24T06:34:00+00:00","dateModified":"2025-12-23T03:34:58+00:00","description":"Longchang Chemical est un fabricant et fournisseur leader d'Allanto\u00efne cas 97-59-6 en Chine. Acheter Allanto\u00efne cas 97-59-6 en Chine. Nous pouvons vous fournir le meilleur prix d'Allanto\u00efne.","breadcrumb":{"@id":"https:\/\/longchangchemical.com\/product\/allantoin-cas-97-59-6\/#breadcrumb"},"inLanguage":"fr-FR","potentialAction":[{"@type":"ReadAction","target":["https:\/\/longchangchemical.com\/product\/allantoin-cas-97-59-6\/"]}]},{"@type":"ImageObject","inLanguage":"fr-FR","@id":"https:\/\/longchangchemical.com\/product\/allantoin-cas-97-59-6\/#primaryimage","url":"https:\/\/longchangchemical.com\/wp-content\/uploads\/2020\/10\/Appearnce.jpg","contentUrl":"https:\/\/longchangchemical.com\/wp-content\/uploads\/2020\/10\/Appearnce.jpg","width":600,"height":800,"caption":"Allantoin Appearance"},{"@type":"BreadcrumbList","@id":"https:\/\/longchangchemical.com\/product\/allantoin-cas-97-59-6\/#breadcrumb","itemListElement":[{"@type":"ListItem","position":1,"name":"Home","item":"https:\/\/longchangchemical.com\/"},{"@type":"ListItem","position":2,"name":"Products Longchang","item":"https:\/\/longchangchemical.com\/product\/"},{"@type":"ListItem","position":3,"name":"Allantoin cas 97-59-6"}]},{"@type":"WebSite","@id":"https:\/\/longchangchemical.com\/#website","url":"https:\/\/longchangchemical.com\/","name":"Longchang Chemical","description":"Fabricant chinois de produits chimiques \uff06 fournisseur","publisher":{"@id":"https:\/\/longchangchemical.com\/#organization"},"potentialAction":[{"@type":"SearchAction","target":{"@type":"EntryPoint","urlTemplate":"https:\/\/longchangchemical.com\/?s={search_term_string}"},"query-input":{"@type":"PropertyValueSpecification","valueRequired":true,"valueName":"search_term_string"}}],"inLanguage":"fr-FR"},{"@type":"Organization","@id":"https:\/\/longchangchemical.com\/#organization","name":"Longchang Chemical","url":"https:\/\/longchangchemical.com\/","logo":{"@type":"ImageObject","inLanguage":"fr-FR","@id":"https:\/\/longchangchemical.com\/#\/schema\/logo\/image\/","url":"https:\/\/longchangchemical.com\/wp-content\/uploads\/2020\/08\/cropped-longchang-logo.png","contentUrl":"https:\/\/longchangchemical.com\/wp-content\/uploads\/2020\/08\/cropped-longchang-logo.png","width":512,"height":512,"caption":"Longchang Chemical"},"image":{"@id":"https:\/\/longchangchemical.com\/#\/schema\/logo\/image\/"}}]}},"_links":{"self":[{"href":"https:\/\/longchangchemical.com\/fr\/wp-json\/wp\/v2\/product\/3384","targetHints":{"allow":["GET"]}}],"collection":[{"href":"https:\/\/longchangchemical.com\/fr\/wp-json\/wp\/v2\/product"}],"about":[{"href":"https:\/\/longchangchemical.com\/fr\/wp-json\/wp\/v2\/types\/product"}],"replies":[{"embeddable":true,"href":"https:\/\/longchangchemical.com\/fr\/wp-json\/wp\/v2\/comments?post=3384"}],"wp:featuredmedia":[{"embeddable":true,"href":"https:\/\/longchangchemical.com\/fr\/wp-json\/wp\/v2\/media\/3385"}],"wp:attachment":[{"href":"https:\/\/longchangchemical.com\/fr\/wp-json\/wp\/v2\/media?parent=3384"}],"wp:term":[{"taxonomy":"product_brand","embeddable":true,"href":"https:\/\/longchangchemical.com\/fr\/wp-json\/wp\/v2\/product_brand?post=3384"},{"taxonomy":"product_cat","embeddable":true,"href":"https:\/\/longchangchemical.com\/fr\/wp-json\/wp\/v2\/product_cat?post=3384"},{"taxonomy":"product_tag","embeddable":true,"href":"https:\/\/longchangchemical.com\/fr\/wp-json\/wp\/v2\/product_tag?post=3384"}],"curies":[{"name":"wp","href":"https:\/\/api.w.org\/{rel}","templated":true}]}}