{"id":3375,"date":"2020-10-22T02:49:05","date_gmt":"2020-10-22T02:49:05","guid":{"rendered":"https:\/\/longchangchemical.com\/?post_type=product&#038;p=3375"},"modified":"2026-05-08T02:59:26","modified_gmt":"2026-05-08T02:59:26","slug":"light-stabilizer-791-tinuvin-791","status":"publish","type":"product","link":"https:\/\/longchangchemical.com\/fr\/product\/light-stabilizer-791-tinuvin-791\/","title":{"rendered":"CHLUMILS\u00ae UV-791 \/ HALS 791 \/ Light Stabilizer 791 \/ Tinuvin 791"},"content":{"rendered":"<h2><strong><b>UV-791 \/ Tinuvin <\/b><\/strong><strong><b>791<\/b><\/strong><strong><b> \/ Stabilisateur de lumi\u00e8re <\/b><\/strong><strong><b>791<\/b><\/strong><\/h2>\n<table>\n<tbody>\n<tr>\n<td colspan=\"2\" width=\"196\">\n<h4>Objet<\/h4>\n<\/td>\n<td width=\"119\">\n<h4>Sp\u00e9cifications<\/h4>\n<\/td>\n<\/tr>\n<tr>\n<td colspan=\"2\" width=\"196\">\n<h4>Apparence<\/h4>\n<\/td>\n<td width=\"119\">\n<h4>Blanc avec des granul\u00e9s jaune clair<\/h4>\n<\/td>\n<\/tr>\n<tr>\n<td colspan=\"2\" width=\"196\">\n<h4>Plage de fusion<\/h4>\n<\/td>\n<td width=\"119\">\n<h4>80-130\u2103<\/h4>\n<\/td>\n<\/tr>\n<tr>\n<td colspan=\"2\" width=\"196\">\n<h4>Volatilisation<\/h4>\n<\/td>\n<td width=\"119\">\n<h4>Max.0.50%<\/h4>\n<\/td>\n<\/tr>\n<tr>\n<td rowspan=\"4\" width=\"106\">\n<h4>Solubilit\u00e9 \u00e0 20\u2103<\/h4>\n<\/td>\n<td width=\"90\">\n<h4>L'eau<\/h4>\n<\/td>\n<td width=\"119\">\n<h4>Insoluble<\/h4>\n<\/td>\n<\/tr>\n<tr>\n<td width=\"90\">\n<h4>Alcool<\/h4>\n<\/td>\n<td width=\"119\">\n<h4>Soluble<\/h4>\n<\/td>\n<\/tr>\n<tr>\n<td width=\"90\">\n<h4>Benz\u00e8ne<\/h4>\n<\/td>\n<td width=\"119\">\n<h4>Soluble<\/h4>\n<\/td>\n<\/tr>\n<tr>\n<td width=\"90\">\n<h4>Ac\u00e9tidine<\/h4>\n<\/td>\n<td width=\"119\">\n<h4>Soluble<\/h4>\n<\/td>\n<\/tr>\n<tr>\n<td rowspan=\"2\" width=\"106\">\n<h4>Transmittance<\/h4>\n<\/td>\n<td width=\"90\">\n<h4>425nm :<\/h4>\n<\/td>\n<td width=\"119\">\n<h4>\u226590.0%<\/h4>\n<\/td>\n<\/tr>\n<tr>\n<td width=\"90\">\n<h4>500nm :<\/h4>\n<\/td>\n<td width=\"119\">\n<h4>\u226595%<\/h4>\n<\/td>\n<\/tr>\n<tr>\n<td colspan=\"2\">\n<h4>Fr\u00eane<\/h4>\n<\/td>\n<td>\n<h4>\u22640.1%<\/h4>\n<\/td>\n<\/tr>\n<tr>\n<td colspan=\"2\">\n<h4>Densit\u00e9 relative<\/h4>\n<\/td>\n<td>\n<h4>1,11g\/cm3<\/h4>\n<\/td>\n<\/tr>\n<\/tbody>\n<\/table>\n<h2><strong><b>Tinuvin <\/b><\/strong><strong><b>791 Structure<\/b><\/strong><\/h2>\n<p><img decoding=\"async\" class=\"size-medium wp-image-3380\" src=\"https:\/\/longchangchemical.com\/wp-content\/uploads\/2020\/10\/Tinuvin-791-Structure-300x231.png\" alt=\"Structure de Tinuvin 791\" width=\"300\" height=\"231\" srcset=\"https:\/\/longchangchemical.com\/wp-content\/uploads\/2020\/10\/Tinuvin-791-Structure-300x231.png 300w, https:\/\/longchangchemical.com\/wp-content\/uploads\/2020\/10\/Tinuvin-791-Structure.png 365w\" sizes=\"(max-width: 300px) 100vw, 300px\" \/><\/p>\n<h2><strong><b>Qu'est-ce que le Tinuvin ? <\/b><\/strong><strong><b>791<\/b><\/strong><strong><b>\u00a0(Stabilisateur de lumi\u00e8re <\/b><\/strong><strong><b>791<\/b><\/strong><strong><b>) ?<\/b><\/strong><\/h2>\n<h4>Tinuvin 791 est un m\u00e9lange synergique de Chimassorb 944 et de Tinuvin 770.  HALS copolym\u00e9ris\u00e9 avec un effet stabilisant excellent et durable contre la lumi\u00e8re et la chaleur ; faible volatilit\u00e9 ; difficilement extractible.<\/h4>\n<h2><\/h2>\n<h2><strong><b>Tinuvin <\/b><\/strong><strong><b>791<\/b><\/strong><strong><b>\u00a0(Stabilisateur de la lumi\u00e8re UV <\/b><\/strong><strong><b>791<\/b><\/strong><strong><b>) l'utilisation<\/b><\/strong><\/h2>\n<h4>1. Le stabilisateur de lumi\u00e8re 791 convient particuli\u00e8rement aux produits \u00e9pais en PP, PP\/EPDM et co-polym\u00e8res PP\/PE\/EPDM, ainsi qu'aux rubans en PP et HDPE, en assurant une grande protection de la surface.<\/h4>\n<h4>2. Les concentrations du stabilisateur de lumi\u00e8re 791 sont comprises entre 0,1 % et 1,0 %, en fonction du substrat, des conditions de traitement et de l'application.<\/h4>\n<h4>3. Le stabilisateur de lumi\u00e8re 791 peut \u00eatre utilis\u00e9 dans les appareils m\u00e9nagers, les tissus imperm\u00e9ables \u00e0 la pluie, les sacs en plastique tiss\u00e9s, les sacs pour conteneurs, les g\u00e9otextiles, le gazon artificiel, les filets anti-insectes, les automobiles.<\/h4>\n<h2><strong><b>Tinuvin <\/b><\/strong><strong><b>791<\/b><\/strong><strong><b>\u00a0(Stabilisateur de la lumi\u00e8re UV <\/b><\/strong><strong><b>791<\/b><\/strong><strong><b>) Emballage et exp\u00e9dition<\/b><\/strong><\/h2>\n<h4>Emballage : carton de 25 kg avec sac en plastique \u00e0 l'int\u00e9rieur ou selon les besoins du client.<\/h4>\n<p>&nbsp;<\/p>\n<h2><strong><b>Tinuvin <\/b><\/strong><strong><b>791<\/b><\/strong><strong><b>\u00a0(Stabilisateur de la lumi\u00e8re UV <\/b><\/strong><strong><b>791<\/b><\/strong><strong><b>) Stockage<\/b><\/strong><\/h2>\n<h4>Stockage : Conserver le r\u00e9cipient bien ferm\u00e9 dans un endroit sec et bien ventil\u00e9.<\/h4>\n<p>&nbsp;<\/p>\n<h2><strong><b>Tinuvin <\/b><\/strong><strong><b>791<\/b><\/strong><strong><b>\u00a0(Stabilisateur de la lumi\u00e8re UV <\/b><\/strong><strong><b>791<\/b><\/strong><strong><b>) S\u00e9curit\u00e9<\/b><\/strong><\/h2>\n<h4>Conform\u00e9ment aux bonnes pratiques industrielles, manipuler avec pr\u00e9caution et \u00e9viter tout contact personnel inutile. \u00c9viter de respirer les poussi\u00e8res de fa\u00e7on continue ou r\u00e9p\u00e9titive. Utiliser uniquement avec une ventilation ad\u00e9quate. \u00c9viter la formation de poussi\u00e8res et les sources d'inflammation.<\/h4>\n<h3><strong>Note : \u00c9viter la lumi\u00e8re du soleil, l'humidit\u00e9, les temp\u00e9ratures \u00e9lev\u00e9es, le contact avec des stabilisants, des retardateurs de flamme ou des pesticides contenant du soufre ou des \u00e9l\u00e9ments halog\u00e8nes, etc.<\/strong><\/h3>\n<p>&nbsp;<\/p>\n<h2><strong>Produits de la m\u00eame s\u00e9rie<\/strong><\/h2>\n<table width=\"546\">\n<tbody>\n<tr>\n<td width=\"399\">\n<h4><a href=\"https:\/\/longchangchemical.com\/fr\/product\/hals-119-light-stabilizer-119-chimassorb-119\/\"><span style=\"color: #0000ff;\">HALS 119 \/ STABILISATEUR DE LUMI\u00c8RE 119 \/ CHIMASSORB 119<\/span><\/a><\/h4>\n<\/td>\n<td width=\"147\">\n<h4>106990-43-6<\/h4>\n<\/td>\n<\/tr>\n<tr>\n<td>\n<h4><a href=\"https:\/\/longchangchemical.com\/fr\/product\/light-stabilizer-123-tinuvin-123-cas-129757-67-1\/\"><span style=\"color: #0000ff;\">HALS 123 \/ STABILISATEUR DE LUMI\u00c8RE 123 \/ TINUVIN 123<\/span><\/a><\/h4>\n<\/td>\n<td>\n<h4>129757-67-1<\/h4>\n<\/td>\n<\/tr>\n<tr>\n<td>\n<h4><a href=\"https:\/\/longchangchemical.com\/fr\/product\/light-stabilizer-622-tinuvin-622-cas-65447-77-0\/\"><span style=\"color: #0000ff;\">HALS 622 \/ STABILISATEUR DE LUMI\u00c8RE 622 \/ TINUVIN 622<\/span><\/a><\/h4>\n<\/td>\n<td>\n<h4><span style=\"color: #000000;\">65447-77-0<\/span><\/h4>\n<\/td>\n<\/tr>\n<tr>\n<td>\n<h4><a href=\"https:\/\/longchangchemical.com\/fr\/product\/light-stabilizer-770-tinuvin-770-cas-52829-07-9\/\"><span style=\"color: #0000ff;\">HALS 770 \/ STABILISATEUR DE LUMI\u00c8RE 770 \/ TINUVIN 770<\/span><\/a><\/h4>\n<\/td>\n<td>\n<h4>52829-07-9<\/h4>\n<\/td>\n<\/tr>\n<tr>\n<td>\n<h4><a href=\"https:\/\/longchangchemical.com\/fr\/product\/uv-light-stabilizer-783-tinuvin-783\/\"><span style=\"color: #0000ff;\">HALS 783 \/ UV LIGHT STABILIZER 783 \/ TINUVIN 783<\/span><\/a><\/h4>\n<\/td>\n<td><\/td>\n<\/tr>\n<tr>\n<td>\n<h4><a href=\"https:\/\/longchangchemical.com\/fr\/product\/light-stabilizer-791-tinuvin-791\/\"><span style=\"color: #0000ff;\">HALS 791 \/ STABILISATEUR DE LUMI\u00c8RE 791 \/ TINUVIN 791<\/span><\/a><\/h4>\n<\/td>\n<td><\/td>\n<\/tr>\n<tr>\n<td>\n<h4><a href=\"https:\/\/longchangchemical.com\/fr\/product\/light-stabilizer-944-cas-70624-18-9\/\"><span style=\"color: #0000ff;\">HALS 944 LIGHT STABILIZER-944 CHIMASORB 944<\/span><\/a><\/h4>\n<\/td>\n<td>\n<h4>70624-18-9 \/ 71878-19-8<\/h4>\n<\/td>\n<\/tr>\n<\/tbody>\n<\/table>\n<h2><\/h2>\n<h2><strong><b>Contactez-nous d\u00e8s maintenant !<\/b><\/strong><\/h2>\n<h4><strong><b>Si vous avez besoin de COA, MSDS ou TDS, veuillez remplir vos coordonn\u00e9es dans le formulaire ci-dessous, nous vous contacterons g\u00e9n\u00e9ralement dans les 24 heures. Vous pouvez \u00e9galement m'envoyer un courriel <span style=\"color: #0000ff;\"><a style=\"color: #0000ff;\" href=\"mailto:info@longchangchemical.com\">info@longchangchemical.com<\/a><\/span> pendant les heures de travail ( 8:30 am to 6:00 pm UTC+8 Mon.~Sat. ) ou utilisez le chat en direct du site web pour obtenir une r\u00e9ponse rapide.<\/b><\/strong><\/h4>","protected":false},"excerpt":{"rendered":"<h4>Nom chimique : Tinuvin 791<\/h4>\n<h4>Autres noms : Stabilisateur de lumi\u00e8re UV 783 (stabilisateur de lumi\u00e8re compos\u00e9)<\/h4>\n<h4>N\u00b0 CAS : 70624-18-9 (944) + 52829-07-9 (770)<\/h4>\n<h4>Aspect : Blanc avec des granul\u00e9s jaune clair<\/h4>\n<h4>Formule chimique : [C<sub>35<\/sub>H<sub>66<\/sub>N<sub>8<\/sub>]<sub>n<\/sub>\u00a0(n=4-5) ; C<sub>28<\/sub>H<sub>52<\/sub>O<sub>4<\/sub>N<sub>2<\/sub><\/h4>\n<h4>\u00c9chantillon : disponible<\/h4>","protected":false},"featured_media":3381,"comment_status":"open","ping_status":"closed","template":"","meta":[],"product_brand":[],"product_cat":[104],"product_tag":[],"class_list":{"0":"post-3375","1":"product","2":"type-product","3":"status-publish","4":"has-post-thumbnail","6":"product_cat-light-stabilizer","8":"first","9":"instock","10":"shipping-taxable","11":"product-type-simple"},"yoast_head":"<!-- This site is optimized with the Yoast SEO plugin v25.3.1 - https:\/\/yoast.com\/wordpress\/plugins\/seo\/ -->\n<title>China HALS 791 \/ Light Stabilizer 791 \/ Tinuvin 791 manufacturer and supplier - Longchang Chemical<\/title>\n<meta name=\"description\" content=\"Longchang Chemical is a leading manufacturer and supplier of HALS 791 \/ UV Light Stabilizer 791 \/ Tinuvin 791 in China. Buy UV Light Stabilizer 791 \/ Tinuvin 791 in china. We can provide the best Tinuvin 791 price.\" \/>\n<meta name=\"robots\" content=\"index, follow, max-snippet:-1, max-image-preview:large, max-video-preview:-1\" \/>\n<link rel=\"canonical\" href=\"https:\/\/longchangchemical.com\/fr\/product\/light-stabilizer-791-tinuvin-791\/\" \/>\n<meta property=\"og:locale\" content=\"fr_FR\" \/>\n<meta property=\"og:type\" content=\"article\" \/>\n<meta property=\"og:title\" content=\"China HALS 791 \/ Light Stabilizer 791 \/ Tinuvin 791 manufacturer and supplier - Longchang Chemical\" \/>\n<meta property=\"og:description\" content=\"Longchang Chemical is a leading manufacturer and supplier of HALS 791 \/ UV Light Stabilizer 791 \/ Tinuvin 791 in China. Buy UV Light Stabilizer 791 \/ Tinuvin 791 in china. We can provide the best Tinuvin 791 price.\" \/>\n<meta property=\"og:url\" content=\"https:\/\/longchangchemical.com\/fr\/product\/light-stabilizer-791-tinuvin-791\/\" \/>\n<meta property=\"og:site_name\" content=\"Longchang Chemical\" \/>\n<meta property=\"article:modified_time\" content=\"2026-05-08T02:59:26+00:00\" \/>\n<meta property=\"og:image\" content=\"https:\/\/longchangchemical.com\/wp-content\/uploads\/2020\/10\/Tinuvin-791-Appearance.jpg\" \/>\n\t<meta property=\"og:image:width\" content=\"600\" \/>\n\t<meta property=\"og:image:height\" content=\"800\" \/>\n\t<meta property=\"og:image:type\" content=\"image\/jpeg\" \/>\n<meta name=\"twitter:card\" content=\"summary_large_image\" \/>\n<script type=\"application\/ld+json\" class=\"yoast-schema-graph\">{\"@context\":\"https:\/\/schema.org\",\"@graph\":[{\"@type\":\"WebPage\",\"@id\":\"https:\/\/longchangchemical.com\/product\/light-stabilizer-791-tinuvin-791\/\",\"url\":\"https:\/\/longchangchemical.com\/product\/light-stabilizer-791-tinuvin-791\/\",\"name\":\"China HALS 791 \/ Light Stabilizer 791 \/ Tinuvin 791 manufacturer and supplier - Longchang Chemical\",\"isPartOf\":{\"@id\":\"https:\/\/longchangchemical.com\/#website\"},\"primaryImageOfPage\":{\"@id\":\"https:\/\/longchangchemical.com\/product\/light-stabilizer-791-tinuvin-791\/#primaryimage\"},\"image\":{\"@id\":\"https:\/\/longchangchemical.com\/product\/light-stabilizer-791-tinuvin-791\/#primaryimage\"},\"thumbnailUrl\":\"https:\/\/longchangchemical.com\/wp-content\/uploads\/2020\/10\/Tinuvin-791-Appearance.jpg\",\"datePublished\":\"2020-10-22T02:49:05+00:00\",\"dateModified\":\"2026-05-08T02:59:26+00:00\",\"description\":\"Longchang Chemical is a leading manufacturer and supplier of HALS 791 \/ UV Light Stabilizer 791 \/ Tinuvin 791 in China. Buy UV Light Stabilizer 791 \/ Tinuvin 791 in china. We can provide the best Tinuvin 791 price.\",\"breadcrumb\":{\"@id\":\"https:\/\/longchangchemical.com\/product\/light-stabilizer-791-tinuvin-791\/#breadcrumb\"},\"inLanguage\":\"fr-FR\",\"potentialAction\":[{\"@type\":\"ReadAction\",\"target\":[\"https:\/\/longchangchemical.com\/product\/light-stabilizer-791-tinuvin-791\/\"]}]},{\"@type\":\"ImageObject\",\"inLanguage\":\"fr-FR\",\"@id\":\"https:\/\/longchangchemical.com\/product\/light-stabilizer-791-tinuvin-791\/#primaryimage\",\"url\":\"https:\/\/longchangchemical.com\/wp-content\/uploads\/2020\/10\/Tinuvin-791-Appearance.jpg\",\"contentUrl\":\"https:\/\/longchangchemical.com\/wp-content\/uploads\/2020\/10\/Tinuvin-791-Appearance.jpg\",\"width\":600,\"height\":800,\"caption\":\"Tinuvin 791 Appearance\"},{\"@type\":\"BreadcrumbList\",\"@id\":\"https:\/\/longchangchemical.com\/product\/light-stabilizer-791-tinuvin-791\/#breadcrumb\",\"itemListElement\":[{\"@type\":\"ListItem\",\"position\":1,\"name\":\"Home\",\"item\":\"https:\/\/longchangchemical.com\/\"},{\"@type\":\"ListItem\",\"position\":2,\"name\":\"Products Longchang\",\"item\":\"https:\/\/longchangchemical.com\/product\/\"},{\"@type\":\"ListItem\",\"position\":3,\"name\":\"CHLUMILS\u00ae UV-791 \/ HALS 791 \/ Light Stabilizer 791 \/ Tinuvin 791\"}]},{\"@type\":\"WebSite\",\"@id\":\"https:\/\/longchangchemical.com\/#website\",\"url\":\"https:\/\/longchangchemical.com\/\",\"name\":\"Longchang Chemical\",\"description\":\"China chemical manufacturer \uff06 supplier\",\"publisher\":{\"@id\":\"https:\/\/longchangchemical.com\/#organization\"},\"potentialAction\":[{\"@type\":\"SearchAction\",\"target\":{\"@type\":\"EntryPoint\",\"urlTemplate\":\"https:\/\/longchangchemical.com\/?s={search_term_string}\"},\"query-input\":{\"@type\":\"PropertyValueSpecification\",\"valueRequired\":true,\"valueName\":\"search_term_string\"}}],\"inLanguage\":\"fr-FR\"},{\"@type\":\"Organization\",\"@id\":\"https:\/\/longchangchemical.com\/#organization\",\"name\":\"Longchang Chemical\",\"url\":\"https:\/\/longchangchemical.com\/\",\"logo\":{\"@type\":\"ImageObject\",\"inLanguage\":\"fr-FR\",\"@id\":\"https:\/\/longchangchemical.com\/#\/schema\/logo\/image\/\",\"url\":\"https:\/\/longchangchemical.com\/wp-content\/uploads\/2020\/08\/cropped-longchang-logo.png\",\"contentUrl\":\"https:\/\/longchangchemical.com\/wp-content\/uploads\/2020\/08\/cropped-longchang-logo.png\",\"width\":512,\"height\":512,\"caption\":\"Longchang Chemical\"},\"image\":{\"@id\":\"https:\/\/longchangchemical.com\/#\/schema\/logo\/image\/\"}}]}<\/script>\n<!-- \/ Yoast SEO plugin. -->","yoast_head_json":{"title":"Chine HALS 791 \/ Light Stabilizer 791 \/ Tinuvin 791 fabricant et fournisseur - Longchang Chemical","description":"Longchang Chemical est un fabricant et fournisseur leader de HALS 791 \/ UV Light Stabilizer 791 \/ Tinuvin 791 en Chine. Acheter Stabilisateur de lumi\u00e8re UV 791 \/ Tinuvin 791 en Chine. Nous pouvons vous fournir le meilleur prix de Tinuvin 791.","robots":{"index":"index","follow":"follow","max-snippet":"max-snippet:-1","max-image-preview":"max-image-preview:large","max-video-preview":"max-video-preview:-1"},"canonical":"https:\/\/longchangchemical.com\/fr\/product\/light-stabilizer-791-tinuvin-791\/","og_locale":"fr_FR","og_type":"article","og_title":"China HALS 791 \/ Light Stabilizer 791 \/ Tinuvin 791 manufacturer and supplier - Longchang Chemical","og_description":"Longchang Chemical is a leading manufacturer and supplier of HALS 791 \/ UV Light Stabilizer 791 \/ Tinuvin 791 in China. Buy UV Light Stabilizer 791 \/ Tinuvin 791 in china. We can provide the best Tinuvin 791 price.","og_url":"https:\/\/longchangchemical.com\/fr\/product\/light-stabilizer-791-tinuvin-791\/","og_site_name":"Longchang Chemical","article_modified_time":"2026-05-08T02:59:26+00:00","og_image":[{"width":600,"height":800,"url":"https:\/\/longchangchemical.com\/wp-content\/uploads\/2020\/10\/Tinuvin-791-Appearance.jpg","type":"image\/jpeg"}],"twitter_card":"summary_large_image","schema":{"@context":"https:\/\/schema.org","@graph":[{"@type":"WebPage","@id":"https:\/\/longchangchemical.com\/product\/light-stabilizer-791-tinuvin-791\/","url":"https:\/\/longchangchemical.com\/product\/light-stabilizer-791-tinuvin-791\/","name":"Chine HALS 791 \/ Light Stabilizer 791 \/ Tinuvin 791 fabricant et fournisseur - Longchang Chemical","isPartOf":{"@id":"https:\/\/longchangchemical.com\/#website"},"primaryImageOfPage":{"@id":"https:\/\/longchangchemical.com\/product\/light-stabilizer-791-tinuvin-791\/#primaryimage"},"image":{"@id":"https:\/\/longchangchemical.com\/product\/light-stabilizer-791-tinuvin-791\/#primaryimage"},"thumbnailUrl":"https:\/\/longchangchemical.com\/wp-content\/uploads\/2020\/10\/Tinuvin-791-Appearance.jpg","datePublished":"2020-10-22T02:49:05+00:00","dateModified":"2026-05-08T02:59:26+00:00","description":"Longchang Chemical est un fabricant et fournisseur leader de HALS 791 \/ UV Light Stabilizer 791 \/ Tinuvin 791 en Chine. Acheter Stabilisateur de lumi\u00e8re UV 791 \/ Tinuvin 791 en Chine. Nous pouvons vous fournir le meilleur prix de Tinuvin 791.","breadcrumb":{"@id":"https:\/\/longchangchemical.com\/product\/light-stabilizer-791-tinuvin-791\/#breadcrumb"},"inLanguage":"fr-FR","potentialAction":[{"@type":"ReadAction","target":["https:\/\/longchangchemical.com\/product\/light-stabilizer-791-tinuvin-791\/"]}]},{"@type":"ImageObject","inLanguage":"fr-FR","@id":"https:\/\/longchangchemical.com\/product\/light-stabilizer-791-tinuvin-791\/#primaryimage","url":"https:\/\/longchangchemical.com\/wp-content\/uploads\/2020\/10\/Tinuvin-791-Appearance.jpg","contentUrl":"https:\/\/longchangchemical.com\/wp-content\/uploads\/2020\/10\/Tinuvin-791-Appearance.jpg","width":600,"height":800,"caption":"Tinuvin 791 Appearance"},{"@type":"BreadcrumbList","@id":"https:\/\/longchangchemical.com\/product\/light-stabilizer-791-tinuvin-791\/#breadcrumb","itemListElement":[{"@type":"ListItem","position":1,"name":"Home","item":"https:\/\/longchangchemical.com\/"},{"@type":"ListItem","position":2,"name":"Products Longchang","item":"https:\/\/longchangchemical.com\/product\/"},{"@type":"ListItem","position":3,"name":"CHLUMILS\u00ae UV-791 \/ HALS 791 \/ Light Stabilizer 791 \/ Tinuvin 791"}]},{"@type":"WebSite","@id":"https:\/\/longchangchemical.com\/#website","url":"https:\/\/longchangchemical.com\/","name":"Longchang Chemical","description":"Fabricant chinois de produits chimiques \uff06 fournisseur","publisher":{"@id":"https:\/\/longchangchemical.com\/#organization"},"potentialAction":[{"@type":"SearchAction","target":{"@type":"EntryPoint","urlTemplate":"https:\/\/longchangchemical.com\/?s={search_term_string}"},"query-input":{"@type":"PropertyValueSpecification","valueRequired":true,"valueName":"search_term_string"}}],"inLanguage":"fr-FR"},{"@type":"Organization","@id":"https:\/\/longchangchemical.com\/#organization","name":"Longchang Chemical","url":"https:\/\/longchangchemical.com\/","logo":{"@type":"ImageObject","inLanguage":"fr-FR","@id":"https:\/\/longchangchemical.com\/#\/schema\/logo\/image\/","url":"https:\/\/longchangchemical.com\/wp-content\/uploads\/2020\/08\/cropped-longchang-logo.png","contentUrl":"https:\/\/longchangchemical.com\/wp-content\/uploads\/2020\/08\/cropped-longchang-logo.png","width":512,"height":512,"caption":"Longchang Chemical"},"image":{"@id":"https:\/\/longchangchemical.com\/#\/schema\/logo\/image\/"}}]}},"_links":{"self":[{"href":"https:\/\/longchangchemical.com\/fr\/wp-json\/wp\/v2\/product\/3375","targetHints":{"allow":["GET"]}}],"collection":[{"href":"https:\/\/longchangchemical.com\/fr\/wp-json\/wp\/v2\/product"}],"about":[{"href":"https:\/\/longchangchemical.com\/fr\/wp-json\/wp\/v2\/types\/product"}],"replies":[{"embeddable":true,"href":"https:\/\/longchangchemical.com\/fr\/wp-json\/wp\/v2\/comments?post=3375"}],"wp:featuredmedia":[{"embeddable":true,"href":"https:\/\/longchangchemical.com\/fr\/wp-json\/wp\/v2\/media\/3381"}],"wp:attachment":[{"href":"https:\/\/longchangchemical.com\/fr\/wp-json\/wp\/v2\/media?parent=3375"}],"wp:term":[{"taxonomy":"product_brand","embeddable":true,"href":"https:\/\/longchangchemical.com\/fr\/wp-json\/wp\/v2\/product_brand?post=3375"},{"taxonomy":"product_cat","embeddable":true,"href":"https:\/\/longchangchemical.com\/fr\/wp-json\/wp\/v2\/product_cat?post=3375"},{"taxonomy":"product_tag","embeddable":true,"href":"https:\/\/longchangchemical.com\/fr\/wp-json\/wp\/v2\/product_tag?post=3375"}],"curies":[{"name":"wp","href":"https:\/\/api.w.org\/{rel}","templated":true}]}}