{"id":3372,"date":"2020-10-21T07:36:33","date_gmt":"2020-10-21T07:36:33","guid":{"rendered":"https:\/\/longchangchemical.com\/?post_type=product&#038;p=3372"},"modified":"2025-04-01T05:53:53","modified_gmt":"2025-04-01T05:53:53","slug":"uv-light-stabilizer-783-tinuvin-783","status":"publish","type":"product","link":"https:\/\/longchangchemical.com\/fr\/product\/uv-light-stabilizer-783-tinuvin-783\/","title":{"rendered":"CHLUMILS\u00ae UV-783 \/ HALS 783 \/ Stabilisateur de lumi\u00e8re UV 783 \/ Tinuvin 783"},"content":{"rendered":"<h2><strong>Tinuvin 783 (stabilisateur de lumi\u00e8re 783) Propri\u00e9t\u00e9s typiques<\/strong><\/h2>\n<table class=\"table-1\">\n<tbody>\n<tr>\n<td width=\"233\">\n<h4><strong><b>Objet<\/b><\/strong><\/h4>\n<\/td>\n<td width=\"276\">\n<h4><strong><b>Sp\u00e9cifications<\/b><\/strong><\/h4>\n<\/td>\n<\/tr>\n<tr>\n<td width=\"233\">\n<h4>Apparence<\/h4>\n<\/td>\n<td width=\"276\">\n<h4>Solide blanc ou jaune clair<\/h4>\n<\/td>\n<\/tr>\n<tr>\n<td width=\"233\">\n<h4>Transmission de la lumi\u00e8re<\/h4>\n<\/td>\n<td width=\"276\">\n<h4>\u226590% \uff08425nm\uff09 \u226591.5% \uff08450nm\uff09 \u226593% \uff08500nm\uff09<\/h4>\n<\/td>\n<\/tr>\n<tr>\n<td width=\"233\">\n<h4>Chroma(Apah)<\/h4>\n<\/td>\n<td width=\"276\">\n<h4>\u2264120<\/h4>\n<\/td>\n<\/tr>\n<tr>\n<td width=\"233\">\n<h4>Point de fusion<\/h4>\n<\/td>\n<td width=\"276\">\n<h4>50-130oC<\/h4>\n<\/td>\n<\/tr>\n<tr>\n<td width=\"233\">\n<h4>Volatiles<\/h4>\n<\/td>\n<td width=\"276\">\n<h4>\u22640.5%<\/h4>\n<\/td>\n<\/tr>\n<tr>\n<td width=\"233\">\n<h4>Fr\u00eane<\/h4>\n<\/td>\n<td width=\"276\">\n<h4>\u22640.1%<\/h4>\n<\/td>\n<\/tr>\n<\/tbody>\n<\/table>\n<h2><\/h2>\n<h2>Qu'est-ce que le Tinuvin 783 (stabilisateur de lumi\u00e8re UV 783) ?<\/h2>\n<h4>Le stabilisateur de lumi\u00e8re 783 est une sorte de compos\u00e9 d'amine encombr\u00e9e de poids mol\u00e9culaire \u00e9lev\u00e9.<br \/>\nstabilisateur de lumi\u00e8re, qui pr\u00e9sente les caract\u00e9ristiques d'une excellente stabilit\u00e9 \u00e0 la lumi\u00e8re et d'une longue dur\u00e9e de vie.<br \/>\nstabilit\u00e9 thermique \u00e0 long terme, faible volatilisation et r\u00e9sistance \u00e0 l'extraction.<br \/>\ncompatibilit\u00e9 avec la plupart des polym\u00e8res.<\/h4>\n<p>&nbsp;<\/p>\n<h2><strong>Tinuvin 783 (stabilisateur de lumi\u00e8re UV 783) Utilisation typique<\/strong><\/h2>\n<h4>1. STABILISATEUR DE LUMI\u00c8RE UV 783 Les domaines d'application comprennent la polyol\u00e9fine (PP, PE), le polyur\u00e9thane, le polyformald\u00e9hyde, le polyamide, le polyester et le polyester avec \u00e9lastom\u00e8res. Il peut \u00e9galement \u00eatre utilis\u00e9 dans les plastiques techniques tels que l'ABS. Lorsqu'il est utilis\u00e9 dans un syst\u00e8me de film agricole \u00e0 faible concentration (LDPE ou LLDPE), il offre d'excellents avantages en termes de co\u00fbt\/performance.<\/h4>\n<h4>2. C'est \u00e9galement le produit de choix pour les sections \u00e9paisses qui doivent \u00eatre approuv\u00e9es pour un contact alimentaire indirect.<\/h4>\n<h4>3. <a href=\"https:\/\/longchangchemical.com\/fr\/product\/sinolistab-uv-783\/\" rel=\"nofollow\">UV 783<\/a> se situent entre 0,1 % et 1,5 %, en fonction du substrat, des conditions de traitement et de l'application.<\/h4>\n<p>&nbsp;<\/p>\n<h2><strong>Tinuvin 783 (stabilisateur de lumi\u00e8re UV 783) Emballage et exp\u00e9dition<\/strong><\/h2>\n<h4>Emballage : carton de 25 kg avec sac en plastique \u00e0 l'int\u00e9rieur ou selon les besoins du client.<\/h4>\n<p>&nbsp;<\/p>\n<h2><strong>Tinuvin 783 (stabilisateur de lumi\u00e8re UV 783) Stockage<\/strong><\/h2>\n<h4>Stockage : Conserver le r\u00e9cipient bien ferm\u00e9 dans un endroit sec et bien ventil\u00e9.<\/h4>\n<p>&nbsp;<\/p>\n<h2><strong>Tinuvin 783 (stabilisateur de lumi\u00e8re UV 783) S\u00e9curit\u00e9<\/strong><\/h2>\n<h4>L'utilisation d'un \u00e9quipement de protection appropri\u00e9 est recommand\u00e9e. Une exposition excessive au<br \/>\nLe produit doit \u00eatre \u00e9vit\u00e9. Se laver soigneusement apr\u00e8s manipulation. Toutes les informations relatives \u00e0 la s\u00e9curit\u00e9 sont fournies dans la fiche de donn\u00e9es de s\u00e9curit\u00e9.<\/h4>\n<p>&nbsp;<\/p>\n<h2><strong>Produits de la m\u00eame s\u00e9rie<\/strong><\/h2>\n<table width=\"546\">\n<tbody>\n<tr>\n<td width=\"399\">\n<h4><a href=\"https:\/\/longchangchemical.com\/fr\/product\/hals-119-light-stabilizer-119-chimassorb-119\/\"><span style=\"color: #0000ff;\">HALS 119 \/ STABILISATEUR DE LUMI\u00c8RE 119 \/ CHIMASSORB 119<\/span><\/a><\/h4>\n<\/td>\n<td width=\"147\">\n<h4>106990-43-6<\/h4>\n<\/td>\n<\/tr>\n<tr>\n<td>\n<h4><a href=\"https:\/\/longchangchemical.com\/fr\/product\/light-stabilizer-123-tinuvin-123-cas-129757-67-1\/\"><span style=\"color: #0000ff;\">HALS 123 \/ STABILISATEUR DE LUMI\u00c8RE 123 \/ TINUVIN 123<\/span><\/a><\/h4>\n<\/td>\n<td>\n<h4>129757-67-1<\/h4>\n<\/td>\n<\/tr>\n<tr>\n<td>\n<h4><a href=\"https:\/\/longchangchemical.com\/fr\/product\/light-stabilizer-622-tinuvin-622-cas-65447-77-0\/\"><span style=\"color: #0000ff;\">HALS 622 \/ STABILISATEUR DE LUMI\u00c8RE 622 \/ TINUVIN 622<\/span><\/a><\/h4>\n<\/td>\n<td>\n<h4><span style=\"color: #000000;\">65447-77-0<\/span><\/h4>\n<\/td>\n<\/tr>\n<tr>\n<td>\n<h4><a href=\"https:\/\/longchangchemical.com\/fr\/product\/light-stabilizer-770-tinuvin-770-cas-52829-07-9\/\"><span style=\"color: #0000ff;\">HALS 770 \/ STABILISATEUR DE LUMI\u00c8RE 770 \/ TINUVIN 770<\/span><\/a><\/h4>\n<\/td>\n<td>\n<h4>52829-07-9<\/h4>\n<\/td>\n<\/tr>\n<tr>\n<td>\n<h4><a href=\"https:\/\/longchangchemical.com\/fr\/product\/uv-light-stabilizer-783-tinuvin-783\/\"><span style=\"color: #0000ff;\">HALS 783 \/ UV LIGHT STABILIZER 783 \/ TINUVIN 783<\/span><\/a><\/h4>\n<\/td>\n<td><\/td>\n<\/tr>\n<tr>\n<td>\n<h4><a href=\"https:\/\/longchangchemical.com\/fr\/product\/light-stabilizer-791-tinuvin-791\/\"><span style=\"color: #0000ff;\">HALS 791 \/ STABILISATEUR DE LUMI\u00c8RE 791 \/ TINUVIN 791<\/span><\/a><\/h4>\n<\/td>\n<td><\/td>\n<\/tr>\n<tr>\n<td>\n<h4><a href=\"https:\/\/longchangchemical.com\/fr\/product\/light-stabilizer-944-cas-70624-18-9\/\"><span style=\"color: #0000ff;\">HALS 944 LIGHT STABILIZER-944 CHIMASORB 944<\/span><\/a><\/h4>\n<\/td>\n<td>\n<h4>70624-18-9 \/ 71878-19-8<\/h4>\n<\/td>\n<\/tr>\n<\/tbody>\n<\/table>\n<h2><\/h2>\n<h2><strong><b>Contactez-nous d\u00e8s maintenant !<\/b><\/strong><\/h2>\n<h4><strong><b>Si vous avez besoin de COA, MSDS ou TDS, veuillez remplir vos coordonn\u00e9es dans le formulaire ci-dessous, nous vous contacterons g\u00e9n\u00e9ralement dans les 24 heures. Vous pouvez \u00e9galement m'envoyer un courriel <span style=\"color: #0000ff;\"><a style=\"color: #0000ff;\" href=\"mailto:info@longchangchemical.com\">info@longchangchemical.com<\/a><\/span> pendant les heures de travail ( 8:30 am to 6:00 pm UTC+8 Mon.~Sat. ) ou utilisez le chat en direct du site web pour obtenir une r\u00e9ponse rapide.<\/b><\/strong><\/h4>","protected":false},"excerpt":{"rendered":"<h4>Nom chimique : Tinuvin 783<\/h4>\n<h4>Autres noms : Stabilisateur de lumi\u00e8re UV 783 (stabilisateur de lumi\u00e8re compos\u00e9)<\/h4>\n<h4>No. CAS : 70624-18-9 \uff08944\uff09 + 70198-29-7 \uff08622\uff09<\/h4>\n<h4>Aspect : Particules blanches ou jaune clair<\/h4>\n<h4>Emballage : carton de 25 kg avec sac en plastique \u00e0 l'int\u00e9rieur ou selon les besoins du client.<\/h4>\n<h4>\u00c9chantillon : disponible<\/h4>","protected":false},"featured_media":3373,"comment_status":"open","ping_status":"closed","template":"","meta":[],"product_brand":[],"product_cat":[104],"product_tag":[],"class_list":{"0":"post-3372","1":"product","2":"type-product","3":"status-publish","4":"has-post-thumbnail","6":"product_cat-light-stabilizer","8":"first","9":"instock","10":"shipping-taxable","11":"product-type-simple"},"yoast_head":"<!-- This site is optimized with the Yoast SEO plugin v25.3.1 - https:\/\/yoast.com\/wordpress\/plugins\/seo\/ -->\n<title>China HALS 783 \/ UV Light Stabilizer 783 \/ Tinuvin 783 manufacturer and supplier - Longchang Chemical<\/title>\n<meta name=\"description\" content=\"Longchang Chemical is a leading supplier and manufacturer of HALS 783 \/ UV Light Stabilizer 783 \/ Tinuvin 783 in China. Buy UV Light Stabilizer 783 \/ Tinuvin 783 in china. We can provide the best Tinuvin 783 price. UV-783.\" \/>\n<meta name=\"robots\" content=\"index, follow, max-snippet:-1, max-image-preview:large, max-video-preview:-1\" \/>\n<link rel=\"canonical\" href=\"https:\/\/longchangchemical.com\/fr\/product\/uv-light-stabilizer-783-tinuvin-783\/\" \/>\n<meta property=\"og:locale\" content=\"fr_FR\" \/>\n<meta property=\"og:type\" content=\"article\" \/>\n<meta property=\"og:title\" content=\"China HALS 783 \/ UV Light Stabilizer 783 \/ Tinuvin 783 manufacturer and supplier - Longchang Chemical\" \/>\n<meta property=\"og:description\" content=\"Longchang Chemical is a leading supplier and manufacturer of HALS 783 \/ UV Light Stabilizer 783 \/ Tinuvin 783 in China. Buy UV Light Stabilizer 783 \/ Tinuvin 783 in china. We can provide the best Tinuvin 783 price. UV-783.\" \/>\n<meta property=\"og:url\" content=\"https:\/\/longchangchemical.com\/fr\/product\/uv-light-stabilizer-783-tinuvin-783\/\" \/>\n<meta property=\"og:site_name\" content=\"Longchang Chemical\" \/>\n<meta property=\"article:modified_time\" content=\"2025-04-01T05:53:53+00:00\" \/>\n<meta property=\"og:image\" content=\"https:\/\/longchangchemical.com\/wp-content\/uploads\/2020\/10\/Tinuvin-783-UV-Light-stabilizer-783-appearance-2.jpg\" \/>\n\t<meta property=\"og:image:width\" content=\"600\" \/>\n\t<meta property=\"og:image:height\" content=\"800\" \/>\n\t<meta property=\"og:image:type\" content=\"image\/jpeg\" \/>\n<meta name=\"twitter:card\" content=\"summary_large_image\" \/>\n<script type=\"application\/ld+json\" class=\"yoast-schema-graph\">{\"@context\":\"https:\/\/schema.org\",\"@graph\":[{\"@type\":\"WebPage\",\"@id\":\"https:\/\/longchangchemical.com\/product\/uv-light-stabilizer-783-tinuvin-783\/\",\"url\":\"https:\/\/longchangchemical.com\/product\/uv-light-stabilizer-783-tinuvin-783\/\",\"name\":\"China HALS 783 \/ UV Light Stabilizer 783 \/ Tinuvin 783 manufacturer and supplier - Longchang Chemical\",\"isPartOf\":{\"@id\":\"https:\/\/longchangchemical.com\/#website\"},\"primaryImageOfPage\":{\"@id\":\"https:\/\/longchangchemical.com\/product\/uv-light-stabilizer-783-tinuvin-783\/#primaryimage\"},\"image\":{\"@id\":\"https:\/\/longchangchemical.com\/product\/uv-light-stabilizer-783-tinuvin-783\/#primaryimage\"},\"thumbnailUrl\":\"https:\/\/longchangchemical.com\/wp-content\/uploads\/2020\/10\/Tinuvin-783-UV-Light-stabilizer-783-appearance-2.jpg\",\"datePublished\":\"2020-10-21T07:36:33+00:00\",\"dateModified\":\"2025-04-01T05:53:53+00:00\",\"description\":\"Longchang Chemical is a leading supplier and manufacturer of HALS 783 \/ UV Light Stabilizer 783 \/ Tinuvin 783 in China. Buy UV Light Stabilizer 783 \/ Tinuvin 783 in china. We can provide the best Tinuvin 783 price. UV-783.\",\"breadcrumb\":{\"@id\":\"https:\/\/longchangchemical.com\/product\/uv-light-stabilizer-783-tinuvin-783\/#breadcrumb\"},\"inLanguage\":\"fr-FR\",\"potentialAction\":[{\"@type\":\"ReadAction\",\"target\":[\"https:\/\/longchangchemical.com\/product\/uv-light-stabilizer-783-tinuvin-783\/\"]}]},{\"@type\":\"ImageObject\",\"inLanguage\":\"fr-FR\",\"@id\":\"https:\/\/longchangchemical.com\/product\/uv-light-stabilizer-783-tinuvin-783\/#primaryimage\",\"url\":\"https:\/\/longchangchemical.com\/wp-content\/uploads\/2020\/10\/Tinuvin-783-UV-Light-stabilizer-783-appearance-2.jpg\",\"contentUrl\":\"https:\/\/longchangchemical.com\/wp-content\/uploads\/2020\/10\/Tinuvin-783-UV-Light-stabilizer-783-appearance-2.jpg\",\"width\":600,\"height\":800,\"caption\":\"Tinuvin 783 (UV Light stabilizer 783) appearance (2)\"},{\"@type\":\"BreadcrumbList\",\"@id\":\"https:\/\/longchangchemical.com\/product\/uv-light-stabilizer-783-tinuvin-783\/#breadcrumb\",\"itemListElement\":[{\"@type\":\"ListItem\",\"position\":1,\"name\":\"Home\",\"item\":\"https:\/\/longchangchemical.com\/\"},{\"@type\":\"ListItem\",\"position\":2,\"name\":\"Products Longchang\",\"item\":\"https:\/\/longchangchemical.com\/product\/\"},{\"@type\":\"ListItem\",\"position\":3,\"name\":\"CHLUMILS\u00ae UV-783 \/ HALS 783 \/ UV Light Stabilizer 783 \/ Tinuvin 783\"}]},{\"@type\":\"WebSite\",\"@id\":\"https:\/\/longchangchemical.com\/#website\",\"url\":\"https:\/\/longchangchemical.com\/\",\"name\":\"Longchang Chemical\",\"description\":\"China chemical manufacturer \uff06 supplier\",\"publisher\":{\"@id\":\"https:\/\/longchangchemical.com\/#organization\"},\"potentialAction\":[{\"@type\":\"SearchAction\",\"target\":{\"@type\":\"EntryPoint\",\"urlTemplate\":\"https:\/\/longchangchemical.com\/?s={search_term_string}\"},\"query-input\":{\"@type\":\"PropertyValueSpecification\",\"valueRequired\":true,\"valueName\":\"search_term_string\"}}],\"inLanguage\":\"fr-FR\"},{\"@type\":\"Organization\",\"@id\":\"https:\/\/longchangchemical.com\/#organization\",\"name\":\"Longchang Chemical\",\"url\":\"https:\/\/longchangchemical.com\/\",\"logo\":{\"@type\":\"ImageObject\",\"inLanguage\":\"fr-FR\",\"@id\":\"https:\/\/longchangchemical.com\/#\/schema\/logo\/image\/\",\"url\":\"https:\/\/longchangchemical.com\/wp-content\/uploads\/2020\/08\/cropped-longchang-logo.png\",\"contentUrl\":\"https:\/\/longchangchemical.com\/wp-content\/uploads\/2020\/08\/cropped-longchang-logo.png\",\"width\":512,\"height\":512,\"caption\":\"Longchang Chemical\"},\"image\":{\"@id\":\"https:\/\/longchangchemical.com\/#\/schema\/logo\/image\/\"}}]}<\/script>\n<!-- \/ Yoast SEO plugin. -->","yoast_head_json":{"title":"Chine HALS 783 \/ UV Light Stabilizer 783 \/ Tinuvin 783 fabricant et fournisseur - Longchang Chemical","description":"Longchang Chemical est un fournisseur et fabricant leader de HALS 783 \/ UV Light Stabilizer 783 \/ Tinuvin 783 en Chine. Acheter Stabilisateur de lumi\u00e8re UV 783 \/ Tinuvin 783 en Chine. Nous pouvons fournir le meilleur prix de Tinuvin 783. UV-783.","robots":{"index":"index","follow":"follow","max-snippet":"max-snippet:-1","max-image-preview":"max-image-preview:large","max-video-preview":"max-video-preview:-1"},"canonical":"https:\/\/longchangchemical.com\/fr\/product\/uv-light-stabilizer-783-tinuvin-783\/","og_locale":"fr_FR","og_type":"article","og_title":"China HALS 783 \/ UV Light Stabilizer 783 \/ Tinuvin 783 manufacturer and supplier - Longchang Chemical","og_description":"Longchang Chemical is a leading supplier and manufacturer of HALS 783 \/ UV Light Stabilizer 783 \/ Tinuvin 783 in China. Buy UV Light Stabilizer 783 \/ Tinuvin 783 in china. We can provide the best Tinuvin 783 price. UV-783.","og_url":"https:\/\/longchangchemical.com\/fr\/product\/uv-light-stabilizer-783-tinuvin-783\/","og_site_name":"Longchang Chemical","article_modified_time":"2025-04-01T05:53:53+00:00","og_image":[{"width":600,"height":800,"url":"https:\/\/longchangchemical.com\/wp-content\/uploads\/2020\/10\/Tinuvin-783-UV-Light-stabilizer-783-appearance-2.jpg","type":"image\/jpeg"}],"twitter_card":"summary_large_image","schema":{"@context":"https:\/\/schema.org","@graph":[{"@type":"WebPage","@id":"https:\/\/longchangchemical.com\/product\/uv-light-stabilizer-783-tinuvin-783\/","url":"https:\/\/longchangchemical.com\/product\/uv-light-stabilizer-783-tinuvin-783\/","name":"Chine HALS 783 \/ UV Light Stabilizer 783 \/ Tinuvin 783 fabricant et fournisseur - Longchang Chemical","isPartOf":{"@id":"https:\/\/longchangchemical.com\/#website"},"primaryImageOfPage":{"@id":"https:\/\/longchangchemical.com\/product\/uv-light-stabilizer-783-tinuvin-783\/#primaryimage"},"image":{"@id":"https:\/\/longchangchemical.com\/product\/uv-light-stabilizer-783-tinuvin-783\/#primaryimage"},"thumbnailUrl":"https:\/\/longchangchemical.com\/wp-content\/uploads\/2020\/10\/Tinuvin-783-UV-Light-stabilizer-783-appearance-2.jpg","datePublished":"2020-10-21T07:36:33+00:00","dateModified":"2025-04-01T05:53:53+00:00","description":"Longchang Chemical est un fournisseur et fabricant leader de HALS 783 \/ UV Light Stabilizer 783 \/ Tinuvin 783 en Chine. Acheter Stabilisateur de lumi\u00e8re UV 783 \/ Tinuvin 783 en Chine. Nous pouvons fournir le meilleur prix de Tinuvin 783. UV-783.","breadcrumb":{"@id":"https:\/\/longchangchemical.com\/product\/uv-light-stabilizer-783-tinuvin-783\/#breadcrumb"},"inLanguage":"fr-FR","potentialAction":[{"@type":"ReadAction","target":["https:\/\/longchangchemical.com\/product\/uv-light-stabilizer-783-tinuvin-783\/"]}]},{"@type":"ImageObject","inLanguage":"fr-FR","@id":"https:\/\/longchangchemical.com\/product\/uv-light-stabilizer-783-tinuvin-783\/#primaryimage","url":"https:\/\/longchangchemical.com\/wp-content\/uploads\/2020\/10\/Tinuvin-783-UV-Light-stabilizer-783-appearance-2.jpg","contentUrl":"https:\/\/longchangchemical.com\/wp-content\/uploads\/2020\/10\/Tinuvin-783-UV-Light-stabilizer-783-appearance-2.jpg","width":600,"height":800,"caption":"Tinuvin 783 (UV Light stabilizer 783) appearance (2)"},{"@type":"BreadcrumbList","@id":"https:\/\/longchangchemical.com\/product\/uv-light-stabilizer-783-tinuvin-783\/#breadcrumb","itemListElement":[{"@type":"ListItem","position":1,"name":"Home","item":"https:\/\/longchangchemical.com\/"},{"@type":"ListItem","position":2,"name":"Products Longchang","item":"https:\/\/longchangchemical.com\/product\/"},{"@type":"ListItem","position":3,"name":"CHLUMILS\u00ae UV-783 \/ HALS 783 \/ UV Light Stabilizer 783 \/ Tinuvin 783"}]},{"@type":"WebSite","@id":"https:\/\/longchangchemical.com\/#website","url":"https:\/\/longchangchemical.com\/","name":"Longchang Chemical","description":"Fabricant chinois de produits chimiques \uff06 fournisseur","publisher":{"@id":"https:\/\/longchangchemical.com\/#organization"},"potentialAction":[{"@type":"SearchAction","target":{"@type":"EntryPoint","urlTemplate":"https:\/\/longchangchemical.com\/?s={search_term_string}"},"query-input":{"@type":"PropertyValueSpecification","valueRequired":true,"valueName":"search_term_string"}}],"inLanguage":"fr-FR"},{"@type":"Organization","@id":"https:\/\/longchangchemical.com\/#organization","name":"Longchang Chemical","url":"https:\/\/longchangchemical.com\/","logo":{"@type":"ImageObject","inLanguage":"fr-FR","@id":"https:\/\/longchangchemical.com\/#\/schema\/logo\/image\/","url":"https:\/\/longchangchemical.com\/wp-content\/uploads\/2020\/08\/cropped-longchang-logo.png","contentUrl":"https:\/\/longchangchemical.com\/wp-content\/uploads\/2020\/08\/cropped-longchang-logo.png","width":512,"height":512,"caption":"Longchang Chemical"},"image":{"@id":"https:\/\/longchangchemical.com\/#\/schema\/logo\/image\/"}}]}},"_links":{"self":[{"href":"https:\/\/longchangchemical.com\/fr\/wp-json\/wp\/v2\/product\/3372","targetHints":{"allow":["GET"]}}],"collection":[{"href":"https:\/\/longchangchemical.com\/fr\/wp-json\/wp\/v2\/product"}],"about":[{"href":"https:\/\/longchangchemical.com\/fr\/wp-json\/wp\/v2\/types\/product"}],"replies":[{"embeddable":true,"href":"https:\/\/longchangchemical.com\/fr\/wp-json\/wp\/v2\/comments?post=3372"}],"wp:featuredmedia":[{"embeddable":true,"href":"https:\/\/longchangchemical.com\/fr\/wp-json\/wp\/v2\/media\/3373"}],"wp:attachment":[{"href":"https:\/\/longchangchemical.com\/fr\/wp-json\/wp\/v2\/media?parent=3372"}],"wp:term":[{"taxonomy":"product_brand","embeddable":true,"href":"https:\/\/longchangchemical.com\/fr\/wp-json\/wp\/v2\/product_brand?post=3372"},{"taxonomy":"product_cat","embeddable":true,"href":"https:\/\/longchangchemical.com\/fr\/wp-json\/wp\/v2\/product_cat?post=3372"},{"taxonomy":"product_tag","embeddable":true,"href":"https:\/\/longchangchemical.com\/fr\/wp-json\/wp\/v2\/product_tag?post=3372"}],"curies":[{"name":"wp","href":"https:\/\/api.w.org\/{rel}","templated":true}]}}