{"id":3295,"date":"2020-09-29T03:49:26","date_gmt":"2020-09-29T03:49:26","guid":{"rendered":"https:\/\/longchangchemical.com\/?post_type=product&#038;p=3295"},"modified":"2025-12-30T09:03:08","modified_gmt":"2025-12-30T09:03:08","slug":"light-stabilizer-622-tinuvin-622-cas-65447-77-0","status":"publish","type":"product","link":"https:\/\/longchangchemical.com\/fr\/product\/light-stabilizer-622-tinuvin-622-cas-65447-77-0\/","title":{"rendered":"CHLUMILS\u00ae UV-622 \/ HALS 622 \/ Light Stabilizer 622 \/ Tinuvin 622 CAS 65447-77-0"},"content":{"rendered":"<h1><strong>HALS 622 \/ Light Stabilizer 622 \/ Tinuvin 622 CAS 65447-77-0<\/strong><\/h1>\n<table>\n<tbody>\n<tr>\n<td>\n<h4><strong><b>Objet<\/b><\/strong><\/h4>\n<\/td>\n<td>\n<h4><strong><b>Standard<\/b><\/strong><\/h4>\n<\/td>\n<\/tr>\n<tr>\n<td>\n<h4>Apparence<\/h4>\n<\/td>\n<td>\n<h4>Poudre grossi\u00e8re blanche ou granul\u00e9s jaun\u00e2tres<\/h4>\n<\/td>\n<\/tr>\n<tr>\n<td>\n<h4>Volatiles<\/h4>\n<\/td>\n<td>\n<h4>\u22640.5%<\/h4>\n<\/td>\n<\/tr>\n<tr>\n<td>\n<h4>Transmission de la lumi\u00e8re 425nm<\/h4>\n<\/td>\n<td>\n<h4>\u226597%<\/h4>\n<\/td>\n<\/tr>\n<tr>\n<td>\n<h4>Transmission de la lumi\u00e8re 450nm<\/h4>\n<\/td>\n<td>\n<h4>\u226598%(10g\/100ml m\u00e9thylbenz\u00e8ne)<\/h4>\n<\/td>\n<\/tr>\n<tr>\n<td>\n<h4>Transmission de la lumi\u00e8re 500nm<\/h4>\n<\/td>\n<td>\n<h4>\u226599%<\/h4>\n<\/td>\n<\/tr>\n<tr>\n<td>\n<h4>Fr\u00eane<\/h4>\n<\/td>\n<td>\n<h4>\u22640.05%<\/h4>\n<\/td>\n<\/tr>\n<tr>\n<td>\n<h4>Gamme d'adoucissement<\/h4>\n<\/td>\n<td>\n<h4>50-70 \u2103<\/h4>\n<\/td>\n<\/tr>\n<\/tbody>\n<\/table>\n<h2><\/h2>\n<h2><strong><b>Tinuvin 622<\/b><\/strong><strong><b>\u00a0<\/b><\/strong><strong><b>Utilisation<\/b><\/strong><\/h2>\n<h4>1. Le stabilisateur de lumi\u00e8re 622 appartient \u00e0 la derni\u00e8re g\u00e9n\u00e9ration de stabilisateurs de lumi\u00e8re polym\u00e9riques \u00e0 base d'amines encombr\u00e9es, qui pr\u00e9sentent une excellente stabilit\u00e9 au traitement \u00e0 chaud. Il pr\u00e9sente une excellente compatibilit\u00e9 avec les r\u00e9sines, une bonne r\u00e9sistance \u00e0 l'eau et une volatilit\u00e9 et une migration extr\u00eamement faibles.<\/h4>\n<h4>2. Le stabilisateur de lumi\u00e8re 622 peut \u00eatre appliqu\u00e9 au PE, au PP, au polystyr\u00e8ne, \u00e0 l'ABS, au polyur\u00e9thane et au polyamide, etc. Polystyr\u00e8ne, ABS, polyur\u00e9thane et polyamide, etc. Les effets optimaux sont obtenus lorsqu'il est utilis\u00e9 avec des antioxydants et des absorbeurs d'UV.<\/h4>\n<h4>3. Le stabilisateur de lumi\u00e8re 622 est l'un des stabilisateurs de lumi\u00e8re dont l'utilisation dans les emballages alimentaires est approuv\u00e9e par la FDA. Dosage de r\u00e9f\u00e9rence dans le film agricole PE : 0,3-0,6%.<\/h4>\n<h4>4. HALS polym\u00e9ris\u00e9s \u00e0 haut poids mol\u00e9culaire, \u00e0 faible volatilit\u00e9, \u00e0 faible d\u00e9gradation, difficilement extractibles (par l'eau) ou d\u00e9colorables (par le gaz), et tr\u00e8s r\u00e9sistants \u00e0 la chaleur.<\/h4>\n<p><strong><b>\u00a0<\/b><\/strong><\/p>\n<h2><strong><b>Tinuvin 622<\/b><\/strong><strong><b>\u00a0<\/b><\/strong><strong><b>Emballage et exp\u00e9dition<\/b><\/strong><\/h2>\n<h4>Emballage : 25kg\/bo\u00eete ; 20bo\u00eetes\/palette ; 20kgs de carton (int\u00e9rieur avec sac en plastique).<\/h4>\n<p>&nbsp;<\/p>\n<h2><strong><b>Tinuvin 622<\/b><\/strong><strong><b>\u00a0<\/b><\/strong><strong><b>Stockage<\/b><\/strong><\/h2>\n<h4>Conserver au sec sous 30\u2103 en \u00e9vitant l'humidit\u00e9 et la lumi\u00e8re.<\/h4>\n<p>&nbsp;<\/p>\n<h2><strong>Produits de la m\u00eame s\u00e9rie<\/strong><\/h2>\n<table width=\"546\">\n<tbody>\n<tr>\n<td width=\"399\">\n<h4><a href=\"https:\/\/longchangchemical.com\/fr\/product\/hals-119-light-stabilizer-119-chimassorb-119\/\"><span style=\"color: #0000ff;\">HALS 119 \/ STABILISATEUR DE LUMI\u00c8RE 119 \/ CHIMASSORB 119<\/span><\/a><\/h4>\n<\/td>\n<td width=\"147\">\n<h4>106990-43-6<\/h4>\n<\/td>\n<\/tr>\n<tr>\n<td>\n<h4><a href=\"https:\/\/longchangchemical.com\/fr\/product\/light-stabilizer-123-tinuvin-123-cas-129757-67-1\/\"><span style=\"color: #0000ff;\">HALS 123 \/ STABILISATEUR DE LUMI\u00c8RE 123 \/ TINUVIN 123<\/span><\/a><\/h4>\n<\/td>\n<td>\n<h4>129757-67-1<\/h4>\n<\/td>\n<\/tr>\n<tr>\n<td>\n<h4><a href=\"https:\/\/longchangchemical.com\/fr\/product\/light-stabilizer-622-tinuvin-622-cas-65447-77-0\/\"><span style=\"color: #0000ff;\">HALS 622 \/ STABILISATEUR DE LUMI\u00c8RE 622 \/ TINUVIN 622<\/span><\/a><\/h4>\n<\/td>\n<td>\n<h4><span style=\"color: #000000;\">65447-77-0<\/span><\/h4>\n<\/td>\n<\/tr>\n<tr>\n<td>\n<h4><a href=\"https:\/\/longchangchemical.com\/fr\/product\/light-stabilizer-770-tinuvin-770-cas-52829-07-9\/\"><span style=\"color: #0000ff;\">HALS 770 \/ STABILISATEUR DE LUMI\u00c8RE 770 \/ TINUVIN 770<\/span><\/a><\/h4>\n<\/td>\n<td>\n<h4>52829-07-9<\/h4>\n<\/td>\n<\/tr>\n<tr>\n<td>\n<h4><a href=\"https:\/\/longchangchemical.com\/fr\/product\/uv-light-stabilizer-783-tinuvin-783\/\"><span style=\"color: #0000ff;\">HALS 783 \/ UV LIGHT STABILIZER 783 \/ TINUVIN 783<\/span><\/a><\/h4>\n<\/td>\n<td><\/td>\n<\/tr>\n<tr>\n<td>\n<h4><a href=\"https:\/\/longchangchemical.com\/fr\/product\/light-stabilizer-791-tinuvin-791\/\"><span style=\"color: #0000ff;\">HALS 791 \/ STABILISATEUR DE LUMI\u00c8RE 791 \/ TINUVIN 791<\/span><\/a><\/h4>\n<\/td>\n<td><\/td>\n<\/tr>\n<tr>\n<td>\n<h4><a href=\"https:\/\/longchangchemical.com\/fr\/product\/light-stabilizer-944-cas-70624-18-9\/\"><span style=\"color: #0000ff;\">HALS 944 LIGHT STABILIZER-944 CHIMASORB 944<\/span><\/a><\/h4>\n<\/td>\n<td>\n<h4>70624-18-9 \/ 71878-19-8<\/h4>\n<\/td>\n<\/tr>\n<\/tbody>\n<\/table>\n<p>&nbsp;<\/p>\n<p>&nbsp;<\/p>\n<h2><strong><b>Contactez-nous d\u00e8s maintenant !<\/b><\/strong><\/h2>\n<h4><strong><b>Si vous avez besoin de COA, MSDS ou TDS, veuillez indiquer vos coordonn\u00e9es dans le formulaire ci-dessous. Nous vous contacterons g\u00e9n\u00e9ralement dans les 24 heures. <\/b><\/strong> Vous pouvez \u00e9galement m'envoyer un courriel <span style=\"color: #0000ff;\"><strong><a style=\"color: #0000ff;\" href=\"mailto:info@longchangchemical\">info@longchangchemical<\/a><\/strong><\/span>.com pendant les heures de travail ( 8:30 am to 6:00 pm UTC+8 Mon.~Sat. ) ou utilisez le chat en direct du site web pour obtenir une r\u00e9ponse rapide.<\/h4>","protected":false},"excerpt":{"rendered":"<h4>Nom chimique : Poly-(N-Beta-hydroxyethyl-2,2,6,6-tetramethyl-4-hydroxy-piperidyl succinate)<\/h4>\n<h4>Nom du produit : Stabilisateur de lumi\u00e8re 622<\/h4>\n<h4>Nom commercial : Tinuvin 622 (Ciba), Uvinul 5062 H (BASF), Lowilite 62 (Great Lakes), etc.<\/h4>\n<h4>Num\u00e9ro CAS : 65447-77-0<\/h4>\n<h4>Formule mol\u00e9culaire : C7H15NO<\/h4>\n<h4>Poids mol\u00e9culaire : &gt; 2500<\/h4>\n<h4>Tinuvin 622 Structure : <img decoding=\"async\" class=\"size-medium wp-image-3296\" src=\"https:\/\/longchangchemical.com\/wp-content\/uploads\/2020\/09\/Tinuvin-622-Structure-300x90.png\" alt=\"Tinuvin 622 Structure\" width=\"300\" height=\"90\" srcset=\"https:\/\/longchangchemical.com\/wp-content\/uploads\/2020\/09\/Tinuvin-622-Structure-300x90.png 300w, https:\/\/longchangchemical.com\/wp-content\/uploads\/2020\/09\/Tinuvin-622-Structure.png 325w\" sizes=\"(max-width: 300px) 100vw, 300px\" \/><\/h4>\n<h4>Aspect : Poudre grossi\u00e8re blanche ou granul\u00e9s jaun\u00e2tres<\/h4>\n<h4><strong><b>Si vous avez besoin de COA, MSDS ou TDS, veuillez indiquer vos coordonn\u00e9es dans le formulaire ci-dessous. Nous vous contacterons g\u00e9n\u00e9ralement dans les 24 heures. <\/b><\/strong> Vous pouvez \u00e9galement m'envoyer un courriel <a href=\"mailto:info@longchangchemical.com\"><span style=\"color: #0000ff;\"><strong>info@longchangchemical<\/strong><\/span>.com<\/a> pendant les heures de travail ( 8:30 am to 6:00 pm UTC+8 Mon.~Sat. ) ou utilisez le chat en direct du site web pour obtenir une r\u00e9ponse rapide.<\/h4>","protected":false},"featured_media":3297,"comment_status":"open","ping_status":"closed","template":"","meta":[],"product_brand":[],"product_cat":[104],"product_tag":[],"class_list":{"0":"post-3295","1":"product","2":"type-product","3":"status-publish","4":"has-post-thumbnail","6":"product_cat-light-stabilizer","8":"first","9":"instock","10":"shipping-taxable","11":"product-type-simple"},"yoast_head":"<!-- This site is optimized with the Yoast SEO plugin v25.3.1 - https:\/\/yoast.com\/wordpress\/plugins\/seo\/ -->\n<title>China Light Stabilizer 622 \/ Tinuvin 622 CAS 65447-77-0 manufacturer - Longchang Chemical<\/title>\n<meta name=\"description\" content=\"China top Light Stabilizer 622 \/ Tinuvin 622 manufacturers and CAS 65447-77-0 suppliers. Longchang chemical can provide the best Tinuvin 622 price.\" \/>\n<meta name=\"robots\" content=\"index, follow, max-snippet:-1, max-image-preview:large, max-video-preview:-1\" \/>\n<link rel=\"canonical\" href=\"https:\/\/longchangchemical.com\/fr\/product\/light-stabilizer-622-tinuvin-622-cas-65447-77-0\/\" \/>\n<meta property=\"og:locale\" content=\"fr_FR\" \/>\n<meta property=\"og:type\" content=\"article\" \/>\n<meta property=\"og:title\" content=\"China Light Stabilizer 622 \/ Tinuvin 622 CAS 65447-77-0 manufacturer - Longchang Chemical\" \/>\n<meta property=\"og:description\" content=\"China top Light Stabilizer 622 \/ Tinuvin 622 manufacturers and CAS 65447-77-0 suppliers. Longchang chemical can provide the best Tinuvin 622 price.\" \/>\n<meta property=\"og:url\" content=\"https:\/\/longchangchemical.com\/fr\/product\/light-stabilizer-622-tinuvin-622-cas-65447-77-0\/\" \/>\n<meta property=\"og:site_name\" content=\"Longchang Chemical\" \/>\n<meta property=\"article:modified_time\" content=\"2025-12-30T09:03:08+00:00\" \/>\n<meta property=\"og:image\" content=\"https:\/\/longchangchemical.com\/wp-content\/uploads\/2020\/09\/HALS-622-Light-Stabilizer-622-Tinuvin-622-appearance.jpg\" \/>\n\t<meta property=\"og:image:width\" content=\"600\" \/>\n\t<meta property=\"og:image:height\" content=\"800\" \/>\n\t<meta property=\"og:image:type\" content=\"image\/jpeg\" \/>\n<meta name=\"twitter:card\" content=\"summary_large_image\" \/>\n<script type=\"application\/ld+json\" class=\"yoast-schema-graph\">{\"@context\":\"https:\/\/schema.org\",\"@graph\":[{\"@type\":\"WebPage\",\"@id\":\"https:\/\/longchangchemical.com\/product\/light-stabilizer-622-tinuvin-622-cas-65447-77-0\/\",\"url\":\"https:\/\/longchangchemical.com\/product\/light-stabilizer-622-tinuvin-622-cas-65447-77-0\/\",\"name\":\"China Light Stabilizer 622 \/ Tinuvin 622 CAS 65447-77-0 manufacturer - Longchang Chemical\",\"isPartOf\":{\"@id\":\"https:\/\/longchangchemical.com\/#website\"},\"primaryImageOfPage\":{\"@id\":\"https:\/\/longchangchemical.com\/product\/light-stabilizer-622-tinuvin-622-cas-65447-77-0\/#primaryimage\"},\"image\":{\"@id\":\"https:\/\/longchangchemical.com\/product\/light-stabilizer-622-tinuvin-622-cas-65447-77-0\/#primaryimage\"},\"thumbnailUrl\":\"https:\/\/longchangchemical.com\/wp-content\/uploads\/2020\/09\/HALS-622-Light-Stabilizer-622-Tinuvin-622-appearance.jpg\",\"datePublished\":\"2020-09-29T03:49:26+00:00\",\"dateModified\":\"2025-12-30T09:03:08+00:00\",\"description\":\"China top Light Stabilizer 622 \/ Tinuvin 622 manufacturers and CAS 65447-77-0 suppliers. Longchang chemical can provide the best Tinuvin 622 price.\",\"breadcrumb\":{\"@id\":\"https:\/\/longchangchemical.com\/product\/light-stabilizer-622-tinuvin-622-cas-65447-77-0\/#breadcrumb\"},\"inLanguage\":\"fr-FR\",\"potentialAction\":[{\"@type\":\"ReadAction\",\"target\":[\"https:\/\/longchangchemical.com\/product\/light-stabilizer-622-tinuvin-622-cas-65447-77-0\/\"]}]},{\"@type\":\"ImageObject\",\"inLanguage\":\"fr-FR\",\"@id\":\"https:\/\/longchangchemical.com\/product\/light-stabilizer-622-tinuvin-622-cas-65447-77-0\/#primaryimage\",\"url\":\"https:\/\/longchangchemical.com\/wp-content\/uploads\/2020\/09\/HALS-622-Light-Stabilizer-622-Tinuvin-622-appearance.jpg\",\"contentUrl\":\"https:\/\/longchangchemical.com\/wp-content\/uploads\/2020\/09\/HALS-622-Light-Stabilizer-622-Tinuvin-622-appearance.jpg\",\"width\":600,\"height\":800,\"caption\":\"HALS 622 Light Stabilizer 622 Tinuvin 622 appearance\"},{\"@type\":\"BreadcrumbList\",\"@id\":\"https:\/\/longchangchemical.com\/product\/light-stabilizer-622-tinuvin-622-cas-65447-77-0\/#breadcrumb\",\"itemListElement\":[{\"@type\":\"ListItem\",\"position\":1,\"name\":\"Home\",\"item\":\"https:\/\/longchangchemical.com\/\"},{\"@type\":\"ListItem\",\"position\":2,\"name\":\"Products Longchang\",\"item\":\"https:\/\/longchangchemical.com\/product\/\"},{\"@type\":\"ListItem\",\"position\":3,\"name\":\"CHLUMILS\u00ae UV-622 \/ HALS 622 \/ Light Stabilizer 622 \/ Tinuvin 622 CAS 65447-77-0\"}]},{\"@type\":\"WebSite\",\"@id\":\"https:\/\/longchangchemical.com\/#website\",\"url\":\"https:\/\/longchangchemical.com\/\",\"name\":\"Longchang Chemical\",\"description\":\"China chemical manufacturer \uff06 supplier\",\"publisher\":{\"@id\":\"https:\/\/longchangchemical.com\/#organization\"},\"potentialAction\":[{\"@type\":\"SearchAction\",\"target\":{\"@type\":\"EntryPoint\",\"urlTemplate\":\"https:\/\/longchangchemical.com\/?s={search_term_string}\"},\"query-input\":{\"@type\":\"PropertyValueSpecification\",\"valueRequired\":true,\"valueName\":\"search_term_string\"}}],\"inLanguage\":\"fr-FR\"},{\"@type\":\"Organization\",\"@id\":\"https:\/\/longchangchemical.com\/#organization\",\"name\":\"Longchang Chemical\",\"url\":\"https:\/\/longchangchemical.com\/\",\"logo\":{\"@type\":\"ImageObject\",\"inLanguage\":\"fr-FR\",\"@id\":\"https:\/\/longchangchemical.com\/#\/schema\/logo\/image\/\",\"url\":\"https:\/\/longchangchemical.com\/wp-content\/uploads\/2020\/08\/cropped-longchang-logo.png\",\"contentUrl\":\"https:\/\/longchangchemical.com\/wp-content\/uploads\/2020\/08\/cropped-longchang-logo.png\",\"width\":512,\"height\":512,\"caption\":\"Longchang Chemical\"},\"image\":{\"@id\":\"https:\/\/longchangchemical.com\/#\/schema\/logo\/image\/\"}}]}<\/script>\n<!-- \/ Yoast SEO plugin. -->","yoast_head_json":{"title":"Stabilisateur de lumi\u00e8re 622 \/ Tinuvin 622 CAS 65447-77-0 fabricant chinois - Longchang Chemical","description":"Les meilleurs stabilisateurs de lumi\u00e8re 622 \/ Tinuvin 622 de Chine sont les fabricants et les fournisseurs de CAS 65447-77-0. Longchang chemical peut fournir le meilleur prix de Tinuvin 622.","robots":{"index":"index","follow":"follow","max-snippet":"max-snippet:-1","max-image-preview":"max-image-preview:large","max-video-preview":"max-video-preview:-1"},"canonical":"https:\/\/longchangchemical.com\/fr\/product\/light-stabilizer-622-tinuvin-622-cas-65447-77-0\/","og_locale":"fr_FR","og_type":"article","og_title":"China Light Stabilizer 622 \/ Tinuvin 622 CAS 65447-77-0 manufacturer - Longchang Chemical","og_description":"China top Light Stabilizer 622 \/ Tinuvin 622 manufacturers and CAS 65447-77-0 suppliers. Longchang chemical can provide the best Tinuvin 622 price.","og_url":"https:\/\/longchangchemical.com\/fr\/product\/light-stabilizer-622-tinuvin-622-cas-65447-77-0\/","og_site_name":"Longchang Chemical","article_modified_time":"2025-12-30T09:03:08+00:00","og_image":[{"width":600,"height":800,"url":"https:\/\/longchangchemical.com\/wp-content\/uploads\/2020\/09\/HALS-622-Light-Stabilizer-622-Tinuvin-622-appearance.jpg","type":"image\/jpeg"}],"twitter_card":"summary_large_image","schema":{"@context":"https:\/\/schema.org","@graph":[{"@type":"WebPage","@id":"https:\/\/longchangchemical.com\/product\/light-stabilizer-622-tinuvin-622-cas-65447-77-0\/","url":"https:\/\/longchangchemical.com\/product\/light-stabilizer-622-tinuvin-622-cas-65447-77-0\/","name":"Stabilisateur de lumi\u00e8re 622 \/ Tinuvin 622 CAS 65447-77-0 fabricant chinois - Longchang Chemical","isPartOf":{"@id":"https:\/\/longchangchemical.com\/#website"},"primaryImageOfPage":{"@id":"https:\/\/longchangchemical.com\/product\/light-stabilizer-622-tinuvin-622-cas-65447-77-0\/#primaryimage"},"image":{"@id":"https:\/\/longchangchemical.com\/product\/light-stabilizer-622-tinuvin-622-cas-65447-77-0\/#primaryimage"},"thumbnailUrl":"https:\/\/longchangchemical.com\/wp-content\/uploads\/2020\/09\/HALS-622-Light-Stabilizer-622-Tinuvin-622-appearance.jpg","datePublished":"2020-09-29T03:49:26+00:00","dateModified":"2025-12-30T09:03:08+00:00","description":"Les meilleurs stabilisateurs de lumi\u00e8re 622 \/ Tinuvin 622 de Chine sont les fabricants et les fournisseurs de CAS 65447-77-0. Longchang chemical peut fournir le meilleur prix de Tinuvin 622.","breadcrumb":{"@id":"https:\/\/longchangchemical.com\/product\/light-stabilizer-622-tinuvin-622-cas-65447-77-0\/#breadcrumb"},"inLanguage":"fr-FR","potentialAction":[{"@type":"ReadAction","target":["https:\/\/longchangchemical.com\/product\/light-stabilizer-622-tinuvin-622-cas-65447-77-0\/"]}]},{"@type":"ImageObject","inLanguage":"fr-FR","@id":"https:\/\/longchangchemical.com\/product\/light-stabilizer-622-tinuvin-622-cas-65447-77-0\/#primaryimage","url":"https:\/\/longchangchemical.com\/wp-content\/uploads\/2020\/09\/HALS-622-Light-Stabilizer-622-Tinuvin-622-appearance.jpg","contentUrl":"https:\/\/longchangchemical.com\/wp-content\/uploads\/2020\/09\/HALS-622-Light-Stabilizer-622-Tinuvin-622-appearance.jpg","width":600,"height":800,"caption":"HALS 622 Light Stabilizer 622 Tinuvin 622 appearance"},{"@type":"BreadcrumbList","@id":"https:\/\/longchangchemical.com\/product\/light-stabilizer-622-tinuvin-622-cas-65447-77-0\/#breadcrumb","itemListElement":[{"@type":"ListItem","position":1,"name":"Home","item":"https:\/\/longchangchemical.com\/"},{"@type":"ListItem","position":2,"name":"Products Longchang","item":"https:\/\/longchangchemical.com\/product\/"},{"@type":"ListItem","position":3,"name":"CHLUMILS\u00ae UV-622 \/ HALS 622 \/ Light Stabilizer 622 \/ Tinuvin 622 CAS 65447-77-0"}]},{"@type":"WebSite","@id":"https:\/\/longchangchemical.com\/#website","url":"https:\/\/longchangchemical.com\/","name":"Longchang Chemical","description":"Fabricant chinois de produits chimiques \uff06 fournisseur","publisher":{"@id":"https:\/\/longchangchemical.com\/#organization"},"potentialAction":[{"@type":"SearchAction","target":{"@type":"EntryPoint","urlTemplate":"https:\/\/longchangchemical.com\/?s={search_term_string}"},"query-input":{"@type":"PropertyValueSpecification","valueRequired":true,"valueName":"search_term_string"}}],"inLanguage":"fr-FR"},{"@type":"Organization","@id":"https:\/\/longchangchemical.com\/#organization","name":"Longchang Chemical","url":"https:\/\/longchangchemical.com\/","logo":{"@type":"ImageObject","inLanguage":"fr-FR","@id":"https:\/\/longchangchemical.com\/#\/schema\/logo\/image\/","url":"https:\/\/longchangchemical.com\/wp-content\/uploads\/2020\/08\/cropped-longchang-logo.png","contentUrl":"https:\/\/longchangchemical.com\/wp-content\/uploads\/2020\/08\/cropped-longchang-logo.png","width":512,"height":512,"caption":"Longchang Chemical"},"image":{"@id":"https:\/\/longchangchemical.com\/#\/schema\/logo\/image\/"}}]}},"_links":{"self":[{"href":"https:\/\/longchangchemical.com\/fr\/wp-json\/wp\/v2\/product\/3295","targetHints":{"allow":["GET"]}}],"collection":[{"href":"https:\/\/longchangchemical.com\/fr\/wp-json\/wp\/v2\/product"}],"about":[{"href":"https:\/\/longchangchemical.com\/fr\/wp-json\/wp\/v2\/types\/product"}],"replies":[{"embeddable":true,"href":"https:\/\/longchangchemical.com\/fr\/wp-json\/wp\/v2\/comments?post=3295"}],"wp:featuredmedia":[{"embeddable":true,"href":"https:\/\/longchangchemical.com\/fr\/wp-json\/wp\/v2\/media\/3297"}],"wp:attachment":[{"href":"https:\/\/longchangchemical.com\/fr\/wp-json\/wp\/v2\/media?parent=3295"}],"wp:term":[{"taxonomy":"product_brand","embeddable":true,"href":"https:\/\/longchangchemical.com\/fr\/wp-json\/wp\/v2\/product_brand?post=3295"},{"taxonomy":"product_cat","embeddable":true,"href":"https:\/\/longchangchemical.com\/fr\/wp-json\/wp\/v2\/product_cat?post=3295"},{"taxonomy":"product_tag","embeddable":true,"href":"https:\/\/longchangchemical.com\/fr\/wp-json\/wp\/v2\/product_tag?post=3295"}],"curies":[{"name":"wp","href":"https:\/\/api.w.org\/{rel}","templated":true}]}}