{"id":3285,"date":"2020-09-25T06:40:12","date_gmt":"2020-09-25T06:40:12","guid":{"rendered":"https:\/\/longchangchemical.com\/?post_type=product&#038;p=3285"},"modified":"2026-05-08T02:59:25","modified_gmt":"2026-05-08T02:59:25","slug":"cellulase-cas-9012-54-8","status":"publish","type":"product","link":"https:\/\/longchangchemical.com\/fr\/product\/cellulase-cas-9012-54-8\/","title":{"rendered":"Cellulase Longzyme\u00ae CAS 9012-54-8"},"content":{"rendered":"<h2>Cellulase Longzyme\u00ae CAS 9012-54-8<\/h2>\n<p><strong><b>\u00a0<\/b><\/strong><\/p>\n<table>\n<tbody>\n<tr>\n<td colspan=\"2\" width=\"432\">\n<h4>POINTS<\/h4>\n<\/td>\n<td width=\"159\">\n<h4>INDEX<\/h4>\n<\/td>\n<\/tr>\n<tr>\n<td colspan=\"2\" width=\"432\">\n<h4>Taille des particules (%&lt;40 mesh)<\/h4>\n<\/td>\n<td width=\"159\">\n<h4>\u226580<\/h4>\n<\/td>\n<\/tr>\n<tr>\n<td colspan=\"2\" width=\"432\">\n<h4>Perte au s\u00e9chage\/(%)<\/h4>\n<\/td>\n<td width=\"159\">\n<h4>\u22648.0<\/h4>\n<\/td>\n<\/tr>\n<tr>\n<td colspan=\"2\" width=\"432\">\n<h4>Plomb\/(mg\/kg)<\/h4>\n<\/td>\n<td width=\"159\">\n<h4>\u22645.0<\/h4>\n<\/td>\n<\/tr>\n<tr>\n<td colspan=\"2\" width=\"432\">\n<h4>Arsenic\/(mg\/kg)<\/h4>\n<\/td>\n<td width=\"159\">\n<h4>\u22643.0<\/h4>\n<\/td>\n<\/tr>\n<tr>\n<td colspan=\"2\" width=\"432\">\n<h4>Comptage total viable\/(CFU\/g)<\/h4>\n<\/td>\n<td width=\"159\">\n<h4>\u226450000<\/h4>\n<\/td>\n<\/tr>\n<tr>\n<td colspan=\"2\" width=\"432\">\n<h4>Bact\u00e9ries coliformes\/(CFU\/g)<\/h4>\n<\/td>\n<td width=\"159\">\n<h4>\u226430<\/h4>\n<\/td>\n<\/tr>\n<tr>\n<td rowspan=\"2\" width=\"244\">\n<h4>Escherichia coli<\/h4>\n<\/td>\n<td width=\"188\">\n<h4>(UFC\/g)<\/h4>\n<\/td>\n<td width=\"159\">\n<h4>&lt;10<\/h4>\n<\/td>\n<\/tr>\n<tr>\n<td width=\"188\">\n<h4>(MPN\/g)<\/h4>\n<\/td>\n<td width=\"159\">\n<h4>\u22643.0<\/h4>\n<\/td>\n<\/tr>\n<tr>\n<td colspan=\"2\" width=\"432\">\n<h4>Salmonella\/(25g)<\/h4>\n<\/td>\n<td width=\"159\">\n<h4>Non d\u00e9tect\u00e9<\/h4>\n<\/td>\n<\/tr>\n<\/tbody>\n<\/table>\n<p><strong><b>\u00a0<\/b><\/strong><\/p>\n<h2><strong><b>Qu'est-ce que l'i<\/b><\/strong><strong><b>s <\/b><\/strong><strong><b>Cellulase<\/b><\/strong><strong><b>?<\/b><\/strong><\/h2>\n<h4>La cellulase est une souche \u00e0 haut rendement s\u00e9lectionn\u00e9e par mutagen\u00e8se de Trichoderma Reesi, raffin\u00e9e et extraite par fermentation liquide \u00e0 a\u00e9ration en couche profonde. Le produit est largement utilis\u00e9 dans l'alimentation animale, le textile, l'\u00e9thanol carburant, l'alcool, l'extraction de la m\u00e9decine chinoise, l'alimentation, le traitement des jus et d'autres industries.<\/h4>\n<h2><strong><b>Le principe de la cellulase<\/b><\/strong><\/h2>\n<h4>La cellulase d\u00e9signe un groupe d'enzymes capables d'agir en synergie sur les liaisons \u03b2-1,4 glucosides de la cellulose pour d\u00e9grader la cellulose en fibres courtes, en cellobiose et en glucose. Y compris l'endo-\u03b2-glucanase (EG) qui peut couper \u00e0 volont\u00e9 la liaison \u03b2-1,4 glycosidique dans les mol\u00e9cules de cellulose ; couper la liaison \u03b2-1,4 glycosidique \u00e0 partir de l'extr\u00e9mit\u00e9 non r\u00e9ductrice pour former l'exo-\u03b2 du cellobiose -Glucanase (CBH) ; \u03b2-glucosidase (BG) qui d\u00e9compose le cellobiose en glucose.<\/h4>\n<h2><strong><b>Caract\u00e9ristiques de la cellulase<\/b><\/strong><\/h2>\n<h4>1. Plage de temp\u00e9rature : La plage de temp\u00e9rature effective est de 30-75\u2103, et la plage de temp\u00e9rature optimale est de 55-60\u2103.<br \/>\n2) Gamme de pH : gamme de pH efficace 4,3-6,0, gamme de pH optimale 4,5-5,0.<br \/>\n3. The effect of metal ions and non-ionic surfactants on enzyme activity: Na+, Cu&#8221;CdMn, Zn\u00b2 have an activating effect on cellulase; Fe&#8221; and Fe&#8221; have an obvious inhibitory effect on cellulase activity; Ionic surfactants (triethanolamine, AEO-3, NP(TX)-10, JFC, penetrant fast T, Ping Ping 0, etc.) promote the diffusion and penetration of enzyme molecules and increase enzyme activity.<\/h4>\n<h2><strong><b>Propri\u00e9t\u00e9s de la cellulase<\/b><\/strong><\/h2>\n<h4>1. Sp\u00e9cifications du produit : l'enzyme liquide est un liquide brun, 100 000 et 200 000 u\/mL ; l'enzyme solide est une poudre blanc cass\u00e9 40 000, 100 000, 200 000 u\/g ; l'activit\u00e9 de l'enzyme solide de qualit\u00e9 alimentaire est de 40 000 u\/g.<\/h4>\n<h4>2. Enzyme liquide pH (25\u00b0C) : 4,0-7,0, densit\u00e9 apparente : \u22641,25g\/mL ; finesse de l'enzyme solide (taux de passage du tamis standard de 0,4 mm) : 280%.<\/h4>\n<h4>3. D\u00e9finition de l'activit\u00e9 enzymatique (CMCA) : Ig d'enzyme solide (ou 1mL d'enzyme liquide), hydrolyse du substrat de m\u00e9thylcellulose sodique \u00e0 50\u2103 et pH4.8 pendant 1h pour produire un sucre r\u00e9ducteur \u00e9quivalent \u00e0 1mg de glucose , Est une unit\u00e9 d'activit\u00e9 enzymatique, exprim\u00e9e en u\/g (ou u\/mL).<br \/>\nNorme produit : mise en \u0153uvre de la norme chinoise QB 2583-2003 relative \u00e0 l'industrie l\u00e9g\u00e8re.<\/h4>\n<h2><strong><b>Utilisation de la cellulase<\/b><\/strong><\/h2>\n<h4>1. Parmi les enzymes compos\u00e9es pour l'alimentation animale, la cellulase peut augmenter la digestibilit\u00e9 des aliments, accro\u00eetre de mani\u00e8re significative le gain de poids, la production de lait et la production d'\u0153ufs des volailles et du b\u00e9tail, et am\u00e9liorer la r\u00e9sistance aux maladies et l'adaptabilit\u00e9 \u00e0 l'environnement. Le dosage recommand\u00e9 est de 0,03-0,1 kg\/t de mati\u00e8re premi\u00e8re (calcul\u00e9 en 100 000 unit\u00e9s).<\/h4>\n<h4>2. Dans l'industrie textile, cette enzyme est utilis\u00e9e pour le finissage des tissus tricot\u00e9s en soie\/lin, qui peuvent hydrolyser la pilosit\u00e9 de surface pour \u00e9liminer l'irritation du tissu sans endommager la soie ; elle convient \u00e9galement pour les couleurs claires, la floraison rapide et les exigences en mati\u00e8re de teinture \u00e0 l'envers Le tissu \u00e0 faible teneur en denim conf\u00e8re au tissu une bonne douceur et un bon drap\u00e9, un effet anti-boulochage permanent et un effet anti-boulochage. La quantit\u00e9 d'ajout recommand\u00e9e est le point de d\u00e9part d'une petite exp\u00e9rience (en 100 000 unit\u00e9s) : 0,5-2,0% (owf), pH 4,5-5,5, temp\u00e9rature 45-55\u00b0C, rapport de bain 1:10-25, traitement pendant 30-60 minutes.<\/h4>\n<h4>3. Dans la production de liqueur ou d'alcool de manioc par fermentation en milieu solide, l'enzyme peut transformer la cellulose en sucre, favoriser la lib\u00e9ration du contenu cellulaire et augmenter le taux de production de vin. La quantit\u00e9 recommand\u00e9e (activit\u00e9 enzymatique de 100 000 unit\u00e9s) est de 0,15-0,25 kg\/t de mati\u00e8re premi\u00e8re. Ajout\u00e9e pendant la fermentation ou la saccharification.<\/h4>\n<h4>4. Dans l'extraction des ingr\u00e9dients actifs de la m\u00e9decine traditionnelle chinoise, l'enzyme peut d\u00e9truire la structure dense de la paroi cellulaire, acc\u00e9l\u00e9rer la dissolution des ingr\u00e9dients actifs et am\u00e9liorer le taux d'extraction des ingr\u00e9dients actifs. La quantit\u00e9 d'ajout recommand\u00e9e est de 0,05-0,2kg\/t de mati\u00e8re premi\u00e8re (l'activit\u00e9 enzymatique est calcul\u00e9e en 100 000 unit\u00e9s), pH 4,5-5,5, temp\u00e9rature 40-50\u00b0C, trempage pendant 60-120 minutes. Pour de meilleurs r\u00e9sultats, il est recommand\u00e9 de l'utiliser avec la pectinase.<\/h4>\n<h4>5. La cellulase peut augmenter le rendement des jus de fruits, ramollir les tissus v\u00e9g\u00e9taux tels que les fruits et l\u00e9gumes gonfl\u00e9s, et favoriser le pelage du soja, de sorte qu'elle peut \u00e9galement \u00eatre utilis\u00e9e dans les industries susmentionn\u00e9es. Comme point de d\u00e9part de la petite exp\u00e9rience, la quantit\u00e9 d'ajout recommand\u00e9e est de 0,05-0,4L\/t de pulpe de fruits (l'activit\u00e9 enzymatique est de 100 000 unit\u00e9s), et elle est maintenue pendant 1-5 heures dans des conditions de temp\u00e9rature et de pH appropri\u00e9es.<\/h4>\n<h4><strong><b>Dosage<\/b><\/strong>Le dosage recommand\u00e9 est de 0,1 \u00e0 3 kg\/t DS. Le dosage doit \u00eatre optimis\u00e9 en fonction de chaque application, des sp\u00e9cifications de la mati\u00e8re premi\u00e8re, des attentes du produit et des param\u00e8tres de traitement. Il est pr\u00e9f\u00e9rable de commencer le test avec le volume appropri\u00e9.<\/h4>\n<h2><strong><b>Paquet Cellulase<\/b><\/strong><\/h2>\n<h4><strong><b>Paquet\uff1a<\/b><\/strong>\u00a025kg\/jerrycan.<\/h4>\n<h4><strong><b>Stockage<\/b><\/strong>\uff1a Conserver l'emballage dans un endroit sec et frais et \u00e9viter la lumi\u00e8re directe du soleil.<\/h4>\n<h4><strong><b>Dur\u00e9e de conservation<\/b><\/strong>: 12 mois dans un endroit sec et frais.<\/h4>\n<p>&nbsp;<\/p>\n<h2><strong><b>Attention !<\/b><\/strong><\/h2>\n<h4>Les pr\u00e9parations enzymatiques sont des prot\u00e9ines qui peuvent induire une sensibilisation et provoquer des sympt\u00f4mes de type allergique chez les personnes sensibles. Tout contact direct avec le corps humain doit \u00eatre \u00e9vit\u00e9. En cas d'irritation ou de r\u00e9action allergique de la peau ou des yeux, veuillez consulter un m\u00e9decin.<\/h4>\n<h4>Ce produit est une substance biologiquement active. Les temp\u00e9ratures \u00e9lev\u00e9es, les acides forts et les alcalis forts provoquent l'inactivation des enzymes. Par cons\u00e9quent, pendant le transport et le stockage, les enzymes liquides doivent \u00eatre prot\u00e9g\u00e9es de la lumi\u00e8re du soleil, et les enzymes solides doivent \u00eatre prot\u00e9g\u00e9es de la lumi\u00e8re du soleil et de la pluie. L'entrep\u00f4t doit rester propre, frais et sec.<\/h4>\n<h2><strong><b>Contactez-nous d\u00e8s maintenant !<\/b><\/strong><\/h2>\n<h4><strong><b>Si vous avez besoin de Price, veuillez indiquer vos coordonn\u00e9es dans le formulaire ci-dessous. Nous vous contacterons g\u00e9n\u00e9ralement dans les 24 heures. Vous pouvez \u00e9galement m'envoyer un courriel\u00a0<span style=\"color: #00ccff;\"><a style=\"color: #00ccff;\" href=\"mailto:info@longchangchemical.com\">info@longchangchemical.com<\/a><\/span>\u00a0pendant les heures de travail ( 8:30 am to 6:00 pm UTC+8 Mon.~Sat. ) ou utilisez le chat en direct du site web pour obtenir une r\u00e9ponse rapide.<\/b><\/strong><\/h4>\n<table style=\"border-collapse: collapse; width: 326.27pt;\" border=\"0\" width=\"435\" cellspacing=\"0\" cellpadding=\"0\">\n<tbody>\n<tr style=\"height: 13.50pt;\">\n<td class=\"et2\" style=\"height: 13.50pt; width: 164.25pt;\" width=\"219\" height=\"18\"><a href=\"https:\/\/longchangchemical.com\/fr\/product\/compound-glucoamylase-cas-9032-08-0\/\"><span style=\"color: #00ccff;\">Compos\u00e9 Glucoamylase<\/span><\/a><\/td>\n<td class=\"et2\" style=\"width: 162.00pt;\" width=\"216\">9032-08-0<\/td>\n<\/tr>\n<tr style=\"height: 13.50pt;\">\n<td class=\"et2\" style=\"height: 13.50pt;\" height=\"18\"><a href=\"https:\/\/longchangchemical.com\/fr\/product\/pullulanase-cas-9075-68-7\/\"><span style=\"color: #00ccff;\">Pullulanase<\/span><\/a><\/td>\n<td class=\"et2\">9075-68-7<\/td>\n<\/tr>\n<tr style=\"height: 13.50pt;\">\n<td class=\"et2\" style=\"height: 13.50pt;\" height=\"18\"><a href=\"https:\/\/longchangchemical.com\/fr\/product\/xylanase-cas-37278-89-0\/\"><span style=\"color: #00ccff;\">Xylanase<\/span><\/a><\/td>\n<td class=\"et2\">37278-89-0<\/td>\n<\/tr>\n<tr style=\"height: 13.50pt;\">\n<td class=\"et2\" style=\"height: 13.50pt;\" height=\"18\"><a href=\"https:\/\/longchangchemical.com\/fr\/product\/cellulase-cas-9012-54-8\/\"><span style=\"color: #00ccff;\">Cellulase<\/span><\/a><\/td>\n<td class=\"et2\">9012-54-8<\/td>\n<\/tr>\n<tr style=\"height: 13.50pt;\">\n<td class=\"et2\" style=\"height: 13.50pt;\" height=\"18\"><a href=\"https:\/\/longchangchemical.com\/fr\/product\/naringinase-cas-9068-31-9\/\"><span style=\"color: #00ccff;\">Naringinase<\/span><\/a><\/td>\n<td class=\"et2\">9068-31-9<\/td>\n<\/tr>\n<tr style=\"height: 13.50pt;\">\n<td class=\"et2\" style=\"height: 13.50pt;\" height=\"18\"><a href=\"https:\/\/longchangchemical.com\/fr\/product\/beta-amylase-cas-9000-91-3\/\"><span style=\"color: #00ccff;\">\u03b2-Amylase<\/span><\/a><\/td>\n<td class=\"et2\">9000-91-3<\/td>\n<\/tr>\n<tr style=\"height: 13.50pt;\">\n<td class=\"et2\" style=\"height: 13.50pt;\" height=\"18\"><a href=\"https:\/\/longchangchemical.com\/fr\/product\/glucose-oxidase-cas-9001-37-0\/\"><span style=\"color: #00ccff;\">Glucose oxydase<\/span><\/a><\/td>\n<td class=\"et2\">9001-37-0<\/td>\n<\/tr>\n<tr style=\"height: 13.50pt;\">\n<td class=\"et2\" style=\"height: 13.50pt;\" height=\"18\">alpha-amylase<\/td>\n<td class=\"et2\">9000-90-2<\/td>\n<\/tr>\n<tr style=\"height: 13.50pt;\">\n<td class=\"et2\" style=\"height: 13.50pt;\" height=\"18\"><a href=\"https:\/\/longchangchemical.com\/fr\/product\/longzyme-acid-pectinase-cas-9032-75-1\/\"><span style=\"color: #00ccff;\">Pectinase<\/span><\/a><\/td>\n<td class=\"et2\">9032-75-1<\/td>\n<\/tr>\n<tr style=\"height: 13.50pt;\">\n<td class=\"et2\" style=\"height: 13.50pt;\" height=\"18\">Peroxydase<\/td>\n<td class=\"et2\">9003-99-0<\/td>\n<\/tr>\n<tr style=\"height: 13.50pt;\">\n<td class=\"et2\" style=\"height: 13.50pt;\" height=\"18\"><a href=\"https:\/\/longchangchemical.com\/fr\/product\/lipase-cas-9001-62-1\/\"><span style=\"color: #00ccff;\">Lipase<\/span><\/a><\/td>\n<td class=\"et2\">9001-62-1<\/td>\n<\/tr>\n<tr style=\"height: 13.50pt;\">\n<td class=\"et2\" style=\"height: 13.50pt;\" height=\"18\"><a href=\"https:\/\/longchangchemical.com\/fr\/product\/catalase-cas-9001-05-2\/\"><span style=\"color: #00ccff;\">Catalase<\/span><\/a><\/td>\n<td class=\"et4\">9001-05-2<\/td>\n<\/tr>\n<tr style=\"height: 13.50pt;\">\n<td class=\"et2\" style=\"height: 13.50pt;\" height=\"18\"><a href=\"https:\/\/longchangchemical.com\/fr\/product\/tannase-cas-9025-71-2\/\"><span style=\"color: #00ccff;\">TANNASE<\/span><\/a><\/td>\n<td class=\"et2\">9025-71-2<\/td>\n<\/tr>\n<tr style=\"height: 13.50pt;\">\n<td class=\"et2\" style=\"height: 13.50pt;\" height=\"18\"><a href=\"https:\/\/longchangchemical.com\/fr\/product\/elastase-cas-39445-21-1\/\"><span style=\"color: #00ccff;\">Elastase<\/span><\/a><\/td>\n<td class=\"et2\">39445-21-1<\/td>\n<\/tr>\n<tr style=\"height: 13.50pt;\">\n<td class=\"et2\" style=\"height: 13.50pt;\" height=\"18\"><a href=\"https:\/\/longchangchemical.com\/fr\/product\/urease-cas-9002-13-5\/\"><span style=\"color: #00ccff;\">Ur\u00e9ase<\/span><\/a><\/td>\n<td class=\"et2\">9002-13-5<\/td>\n<\/tr>\n<tr style=\"height: 13.50pt;\">\n<td class=\"et2\" style=\"height: 13.50pt;\" height=\"18\"><a href=\"https:\/\/longchangchemical.com\/fr\/product\/dextranase-cas-9025-70-1\/\"><span style=\"color: #00ccff;\">DEXTRANASE<\/span><\/a><\/td>\n<td class=\"et2\">9025-70-1<\/td>\n<\/tr>\n<tr style=\"height: 13.50pt;\">\n<td class=\"et2\" style=\"height: 13.5pt; text-align: left;\" height=\"18\"><a href=\"https:\/\/longchangchemical.com\/fr\/product\/l-lactic-dehydrogenase-cas-9001-60-9\/\"><span style=\"color: #00ccff;\">L-Lactique d\u00e9shydrog\u00e9nase<\/span><\/a><\/td>\n<td class=\"et2\">9001-60-9<\/td>\n<\/tr>\n<tr style=\"height: 13.50pt;\">\n<td class=\"et2\" style=\"height: 13.50pt;\" height=\"18\"><a href=\"https:\/\/longchangchemical.com\/fr\/product\/dehydrogenase-malate-cas-9001-64-3\/\"><span style=\"color: #00ccff;\">D\u00e9shydrog\u00e9nase malate<\/span><\/a><\/td>\n<td class=\"et2\">9001-64-3<\/td>\n<\/tr>\n<tr style=\"height: 13.50pt;\">\n<td class=\"et2\" style=\"height: 13.50pt;\" height=\"18\"><a href=\"https:\/\/longchangchemical.com\/fr\/product\/cholesterol-oxidase-cas-9028-76-6\/\"><span style=\"color: #00ccff;\">Cholest\u00e9rol oxydase<\/span><\/a><\/td>\n<td class=\"et2\">9028-76-6<\/td>\n<\/tr>\n<\/tbody>\n<\/table>","protected":false},"excerpt":{"rendered":"<h2><strong><b>Cellulase D\u00e9tails rapides<\/b><\/strong><\/h2>\n<p>Nom du produit : cellulase<\/p>\n<p>Num\u00e9ro CAS : 9012-54-8<\/p>\n<p>Aspect : Poudre solide jaune clair \u00e0 jaune brun<\/p>\n<p>Activit\u00e9 enzymatique : 50000 Ou personnaliser d'autres niveaux<\/p>","protected":false},"featured_media":3286,"comment_status":"open","ping_status":"closed","template":"","meta":[],"product_brand":[],"product_cat":[172],"product_tag":[],"class_list":{"0":"post-3285","1":"product","2":"type-product","3":"status-publish","4":"has-post-thumbnail","6":"product_cat-longzyme-enzyme","8":"first","9":"instock","10":"shipping-taxable","11":"product-type-simple"},"yoast_head":"<!-- This site is optimized with the Yoast SEO plugin v25.3.1 - https:\/\/yoast.com\/wordpress\/plugins\/seo\/ -->\n<title>China cellulase cas 9012-54-8 manufacturer - Longchang chemical<\/title>\n<meta name=\"description\" content=\"Longchang chemical is a chinese cellulase cas 9012-54-8 supplier and manufacturer. We can provide the best cellulase price. Buy cellulase from china, Longchang chemical is your best choice.\" \/>\n<meta name=\"robots\" content=\"index, follow, max-snippet:-1, max-image-preview:large, max-video-preview:-1\" \/>\n<link rel=\"canonical\" href=\"https:\/\/longchangchemical.com\/fr\/product\/cellulase-cas-9012-54-8\/\" \/>\n<meta property=\"og:locale\" content=\"fr_FR\" \/>\n<meta property=\"og:type\" content=\"article\" \/>\n<meta property=\"og:title\" content=\"China cellulase cas 9012-54-8 manufacturer - Longchang chemical\" \/>\n<meta property=\"og:description\" content=\"Longchang chemical is a chinese cellulase cas 9012-54-8 supplier and manufacturer. We can provide the best cellulase price. Buy cellulase from china, Longchang chemical is your best choice.\" \/>\n<meta property=\"og:url\" content=\"https:\/\/longchangchemical.com\/fr\/product\/cellulase-cas-9012-54-8\/\" \/>\n<meta property=\"og:site_name\" content=\"Longchang Chemical\" \/>\n<meta property=\"article:modified_time\" content=\"2026-05-08T02:59:25+00:00\" \/>\n<meta property=\"og:image\" content=\"https:\/\/longchangchemical.com\/wp-content\/uploads\/2020\/09\/appearance-1.jpg\" \/>\n\t<meta property=\"og:image:width\" content=\"600\" \/>\n\t<meta property=\"og:image:height\" content=\"800\" \/>\n\t<meta property=\"og:image:type\" content=\"image\/jpeg\" \/>\n<meta name=\"twitter:card\" content=\"summary_large_image\" \/>\n<script type=\"application\/ld+json\" class=\"yoast-schema-graph\">{\"@context\":\"https:\/\/schema.org\",\"@graph\":[{\"@type\":\"WebPage\",\"@id\":\"https:\/\/longchangchemical.com\/product\/cellulase-cas-9012-54-8\/\",\"url\":\"https:\/\/longchangchemical.com\/product\/cellulase-cas-9012-54-8\/\",\"name\":\"China cellulase cas 9012-54-8 manufacturer - Longchang chemical\",\"isPartOf\":{\"@id\":\"https:\/\/longchangchemical.com\/#website\"},\"primaryImageOfPage\":{\"@id\":\"https:\/\/longchangchemical.com\/product\/cellulase-cas-9012-54-8\/#primaryimage\"},\"image\":{\"@id\":\"https:\/\/longchangchemical.com\/product\/cellulase-cas-9012-54-8\/#primaryimage\"},\"thumbnailUrl\":\"https:\/\/longchangchemical.com\/wp-content\/uploads\/2020\/09\/appearance-1.jpg\",\"datePublished\":\"2020-09-25T06:40:12+00:00\",\"dateModified\":\"2026-05-08T02:59:25+00:00\",\"description\":\"Longchang chemical is a chinese cellulase cas 9012-54-8 supplier and manufacturer. We can provide the best cellulase price. Buy cellulase from china, Longchang chemical is your best choice.\",\"breadcrumb\":{\"@id\":\"https:\/\/longchangchemical.com\/product\/cellulase-cas-9012-54-8\/#breadcrumb\"},\"inLanguage\":\"fr-FR\",\"potentialAction\":[{\"@type\":\"ReadAction\",\"target\":[\"https:\/\/longchangchemical.com\/product\/cellulase-cas-9012-54-8\/\"]}]},{\"@type\":\"ImageObject\",\"inLanguage\":\"fr-FR\",\"@id\":\"https:\/\/longchangchemical.com\/product\/cellulase-cas-9012-54-8\/#primaryimage\",\"url\":\"https:\/\/longchangchemical.com\/wp-content\/uploads\/2020\/09\/appearance-1.jpg\",\"contentUrl\":\"https:\/\/longchangchemical.com\/wp-content\/uploads\/2020\/09\/appearance-1.jpg\",\"width\":600,\"height\":800,\"caption\":\"Cellulase appearance\"},{\"@type\":\"BreadcrumbList\",\"@id\":\"https:\/\/longchangchemical.com\/product\/cellulase-cas-9012-54-8\/#breadcrumb\",\"itemListElement\":[{\"@type\":\"ListItem\",\"position\":1,\"name\":\"Home\",\"item\":\"https:\/\/longchangchemical.com\/\"},{\"@type\":\"ListItem\",\"position\":2,\"name\":\"Products Longchang\",\"item\":\"https:\/\/longchangchemical.com\/product\/\"},{\"@type\":\"ListItem\",\"position\":3,\"name\":\"Longzyme\u00ae Cellulase CAS 9012-54-8\"}]},{\"@type\":\"WebSite\",\"@id\":\"https:\/\/longchangchemical.com\/#website\",\"url\":\"https:\/\/longchangchemical.com\/\",\"name\":\"Longchang Chemical\",\"description\":\"China chemical manufacturer \uff06 supplier\",\"publisher\":{\"@id\":\"https:\/\/longchangchemical.com\/#organization\"},\"potentialAction\":[{\"@type\":\"SearchAction\",\"target\":{\"@type\":\"EntryPoint\",\"urlTemplate\":\"https:\/\/longchangchemical.com\/?s={search_term_string}\"},\"query-input\":{\"@type\":\"PropertyValueSpecification\",\"valueRequired\":true,\"valueName\":\"search_term_string\"}}],\"inLanguage\":\"fr-FR\"},{\"@type\":\"Organization\",\"@id\":\"https:\/\/longchangchemical.com\/#organization\",\"name\":\"Longchang Chemical\",\"url\":\"https:\/\/longchangchemical.com\/\",\"logo\":{\"@type\":\"ImageObject\",\"inLanguage\":\"fr-FR\",\"@id\":\"https:\/\/longchangchemical.com\/#\/schema\/logo\/image\/\",\"url\":\"https:\/\/longchangchemical.com\/wp-content\/uploads\/2020\/08\/cropped-longchang-logo.png\",\"contentUrl\":\"https:\/\/longchangchemical.com\/wp-content\/uploads\/2020\/08\/cropped-longchang-logo.png\",\"width\":512,\"height\":512,\"caption\":\"Longchang Chemical\"},\"image\":{\"@id\":\"https:\/\/longchangchemical.com\/#\/schema\/logo\/image\/\"}}]}<\/script>\n<!-- \/ Yoast SEO plugin. -->","yoast_head_json":{"title":"Fabricant chinois de cellulase cas 9012-54-8 - Longchang chemical","description":"Longchang chemical est un fournisseur et fabricant chinois de cellulase cas 9012-54-8. Nous pouvons fournir le meilleur prix de cellulase. Acheter de la cellulase en Chine, Longchang chemical est votre meilleur choix.","robots":{"index":"index","follow":"follow","max-snippet":"max-snippet:-1","max-image-preview":"max-image-preview:large","max-video-preview":"max-video-preview:-1"},"canonical":"https:\/\/longchangchemical.com\/fr\/product\/cellulase-cas-9012-54-8\/","og_locale":"fr_FR","og_type":"article","og_title":"China cellulase cas 9012-54-8 manufacturer - Longchang chemical","og_description":"Longchang chemical is a chinese cellulase cas 9012-54-8 supplier and manufacturer. We can provide the best cellulase price. Buy cellulase from china, Longchang chemical is your best choice.","og_url":"https:\/\/longchangchemical.com\/fr\/product\/cellulase-cas-9012-54-8\/","og_site_name":"Longchang Chemical","article_modified_time":"2026-05-08T02:59:25+00:00","og_image":[{"width":600,"height":800,"url":"https:\/\/longchangchemical.com\/wp-content\/uploads\/2020\/09\/appearance-1.jpg","type":"image\/jpeg"}],"twitter_card":"summary_large_image","schema":{"@context":"https:\/\/schema.org","@graph":[{"@type":"WebPage","@id":"https:\/\/longchangchemical.com\/product\/cellulase-cas-9012-54-8\/","url":"https:\/\/longchangchemical.com\/product\/cellulase-cas-9012-54-8\/","name":"Fabricant chinois de cellulase cas 9012-54-8 - Longchang chemical","isPartOf":{"@id":"https:\/\/longchangchemical.com\/#website"},"primaryImageOfPage":{"@id":"https:\/\/longchangchemical.com\/product\/cellulase-cas-9012-54-8\/#primaryimage"},"image":{"@id":"https:\/\/longchangchemical.com\/product\/cellulase-cas-9012-54-8\/#primaryimage"},"thumbnailUrl":"https:\/\/longchangchemical.com\/wp-content\/uploads\/2020\/09\/appearance-1.jpg","datePublished":"2020-09-25T06:40:12+00:00","dateModified":"2026-05-08T02:59:25+00:00","description":"Longchang chemical est un fournisseur et fabricant chinois de cellulase cas 9012-54-8. Nous pouvons fournir le meilleur prix de cellulase. Acheter de la cellulase en Chine, Longchang chemical est votre meilleur choix.","breadcrumb":{"@id":"https:\/\/longchangchemical.com\/product\/cellulase-cas-9012-54-8\/#breadcrumb"},"inLanguage":"fr-FR","potentialAction":[{"@type":"ReadAction","target":["https:\/\/longchangchemical.com\/product\/cellulase-cas-9012-54-8\/"]}]},{"@type":"ImageObject","inLanguage":"fr-FR","@id":"https:\/\/longchangchemical.com\/product\/cellulase-cas-9012-54-8\/#primaryimage","url":"https:\/\/longchangchemical.com\/wp-content\/uploads\/2020\/09\/appearance-1.jpg","contentUrl":"https:\/\/longchangchemical.com\/wp-content\/uploads\/2020\/09\/appearance-1.jpg","width":600,"height":800,"caption":"Cellulase appearance"},{"@type":"BreadcrumbList","@id":"https:\/\/longchangchemical.com\/product\/cellulase-cas-9012-54-8\/#breadcrumb","itemListElement":[{"@type":"ListItem","position":1,"name":"Home","item":"https:\/\/longchangchemical.com\/"},{"@type":"ListItem","position":2,"name":"Products Longchang","item":"https:\/\/longchangchemical.com\/product\/"},{"@type":"ListItem","position":3,"name":"Longzyme\u00ae Cellulase CAS 9012-54-8"}]},{"@type":"WebSite","@id":"https:\/\/longchangchemical.com\/#website","url":"https:\/\/longchangchemical.com\/","name":"Longchang Chemical","description":"Fabricant chinois de produits chimiques \uff06 fournisseur","publisher":{"@id":"https:\/\/longchangchemical.com\/#organization"},"potentialAction":[{"@type":"SearchAction","target":{"@type":"EntryPoint","urlTemplate":"https:\/\/longchangchemical.com\/?s={search_term_string}"},"query-input":{"@type":"PropertyValueSpecification","valueRequired":true,"valueName":"search_term_string"}}],"inLanguage":"fr-FR"},{"@type":"Organization","@id":"https:\/\/longchangchemical.com\/#organization","name":"Longchang Chemical","url":"https:\/\/longchangchemical.com\/","logo":{"@type":"ImageObject","inLanguage":"fr-FR","@id":"https:\/\/longchangchemical.com\/#\/schema\/logo\/image\/","url":"https:\/\/longchangchemical.com\/wp-content\/uploads\/2020\/08\/cropped-longchang-logo.png","contentUrl":"https:\/\/longchangchemical.com\/wp-content\/uploads\/2020\/08\/cropped-longchang-logo.png","width":512,"height":512,"caption":"Longchang Chemical"},"image":{"@id":"https:\/\/longchangchemical.com\/#\/schema\/logo\/image\/"}}]}},"_links":{"self":[{"href":"https:\/\/longchangchemical.com\/fr\/wp-json\/wp\/v2\/product\/3285","targetHints":{"allow":["GET"]}}],"collection":[{"href":"https:\/\/longchangchemical.com\/fr\/wp-json\/wp\/v2\/product"}],"about":[{"href":"https:\/\/longchangchemical.com\/fr\/wp-json\/wp\/v2\/types\/product"}],"replies":[{"embeddable":true,"href":"https:\/\/longchangchemical.com\/fr\/wp-json\/wp\/v2\/comments?post=3285"}],"wp:featuredmedia":[{"embeddable":true,"href":"https:\/\/longchangchemical.com\/fr\/wp-json\/wp\/v2\/media\/3286"}],"wp:attachment":[{"href":"https:\/\/longchangchemical.com\/fr\/wp-json\/wp\/v2\/media?parent=3285"}],"wp:term":[{"taxonomy":"product_brand","embeddable":true,"href":"https:\/\/longchangchemical.com\/fr\/wp-json\/wp\/v2\/product_brand?post=3285"},{"taxonomy":"product_cat","embeddable":true,"href":"https:\/\/longchangchemical.com\/fr\/wp-json\/wp\/v2\/product_cat?post=3285"},{"taxonomy":"product_tag","embeddable":true,"href":"https:\/\/longchangchemical.com\/fr\/wp-json\/wp\/v2\/product_tag?post=3285"}],"curies":[{"name":"wp","href":"https:\/\/api.w.org\/{rel}","templated":true}]}}