{"id":3264,"date":"2020-09-24T02:25:30","date_gmt":"2020-09-24T02:25:30","guid":{"rendered":"https:\/\/longchangchemical.com\/?post_type=product&#038;p=3264"},"modified":"2025-04-01T05:54:11","modified_gmt":"2025-04-01T05:54:11","slug":"light-stabilizer-944-cas-70624-18-9","status":"publish","type":"product","link":"https:\/\/longchangchemical.com\/fr\/product\/light-stabilizer-944-cas-70624-18-9\/","title":{"rendered":"CHLUMILS\u00ae UV-944 \/ HALS 944 Stabilisateur de lumi\u00e8re-944 Chimasorb 944 CAS 70624-18-9 \/ 71878-19-8"},"content":{"rendered":"<h2><strong><b>Stabilisateur de lumi\u00e8re-944 Propri\u00e9t\u00e9s typiques<\/b><\/strong><\/h2>\n<table>\n<tbody>\n<tr>\n<td>Objet<\/td>\n<td colspan=\"2\">Sp\u00e9cifications<\/td>\n<\/tr>\n<tr>\n<td>Apparence<\/td>\n<td colspan=\"2\">Poudre blanche ou granul\u00e9s jaune clair<\/td>\n<\/tr>\n<tr>\n<td>Point de fusion,\u2103<\/td>\n<td colspan=\"2\">110-130<\/td>\n<\/tr>\n<tr>\n<td>Fr\u00eane<\/td>\n<td colspan=\"2\">\u22640.1%<\/td>\n<\/tr>\n<tr>\n<td>Mati\u00e8res volatiles<\/td>\n<td colspan=\"2\">\u22641.0%<\/td>\n<\/tr>\n<tr>\n<td>Transmittance<\/td>\n<td colspan=\"2\">425 nm\u226593% 450 nm\u226595%<\/td>\n<\/tr>\n<tr>\n<td rowspan=\"5\">Solubilit\u00e9<\/td>\n<td>l'eau<\/td>\n<td>&lt;0.01<\/td>\n<\/tr>\n<tr>\n<td>Ac\u00e9tate d'\u00e9thyle<\/td>\n<td>&gt;50<\/td>\n<\/tr>\n<tr>\n<td>Hexane<\/td>\n<td>41<\/td>\n<\/tr>\n<tr>\n<td>M\u00e9thanol<\/td>\n<td>3<\/td>\n<\/tr>\n<tr>\n<td>ac\u00e9tone<\/td>\n<td>&gt;50<\/td>\n<\/tr>\n<\/tbody>\n<\/table>\n<h2><\/h2>\n<h2><strong><b>Qu'est-ce que le stabilisateur de lumi\u00e8re-944 ?<\/b><\/strong><\/h2>\n<h4>L'UV-944 est un stabilisateur de lumi\u00e8re \u00e0 base d'amine encombr\u00e9e de poids mol\u00e9culaire \u00e9lev\u00e9, pr\u00e9sentant une excellente compatibilit\u00e9, une bonne r\u00e9sistance \u00e0 l'extraction et une faible volatilit\u00e9. Le stabilisateur de lumi\u00e8re 944 est un stabilisateur de lumi\u00e8re \u00e0 base d'amine encombr\u00e9e de haut poids mol\u00e9culaire. Il pr\u00e9sente une excellente compatibilit\u00e9, une bonne r\u00e9sistance \u00e0 l'extraction et une faible volatilit\u00e9.<\/h4>\n<p>&nbsp;<\/p>\n<h2><strong><b>Stabilisateur de lumi\u00e8re-944 Utilisation<\/b><\/strong><\/h2>\n<h4>Les applications du 1.HALS 944 comprennent les polyol\u00e9fines (PP, PE), les copolym\u00e8res d'ol\u00e9fines tels que l'EVA ainsi que les m\u00e9langes de polypropyl\u00e8ne avec des \u00e9lastom\u00e8res. Il conf\u00e8re une excellente stabilit\u00e9 \u00e0 la lumi\u00e8re aux articles minces, en particulier aux fibres et aux films. Dans les sections \u00e9paisses, il convient particuli\u00e8rement aux articles en poly\u00e9thyl\u00e8ne.<\/h4>\n<h4>2. HALS 944 Utilis\u00e9 dans le polyoxym\u00e9thyl\u00e8ne (POM), le polyamide (PA), le polyur\u00e9thane (PU), le PVC souple et dur et les m\u00e9langes de PVC.<\/h4>\n<h4>3. HALS 944 Utilis\u00e9 sur les \u00e9lastom\u00e8res de styr\u00e8ne et les stickies<\/h4>\n<h4>4. Le soufre ou le type d'halog\u00e8ne peut affecter l'effet de l'UV-944 lorsqu'il existe.<\/h4>\n<h4>5. Ses concentrations varient entre 0,1 % et 2,0 %, en fonction du substrat, des conditions de traitement et de l'application.<\/h4>\n<p>&nbsp;<\/p>\n<h2><strong><b>Light Stabilizer-944 Emballage et exp\u00e9dition<\/b><\/strong><\/h2>\n<h4>Emballage : 25kg\/ Tambour<\/h4>\n<h4>Livraison : Par voie maritime ou a\u00e9rienne<\/h4>\n<p>&nbsp;<\/p>\n<h2><strong><b>Stabilisateur l\u00e9ger-944 Stockage<\/b><\/strong><\/h2>\n<h4>Stock\u00e9 dans un endroit frais et sec, \u00e0 l'abri de la lumi\u00e8re.<\/h4>\n<h4><\/h4>\n<h2><strong><b>Contactez-nous d\u00e8s maintenant !<\/b><\/strong><\/h2>\n<h4><strong><b>Si vous avez besoin de COA, MSDS ou TDS, veuillez remplir vos coordonn\u00e9es dans le formulaire ci-dessous, nous vous contacterons g\u00e9n\u00e9ralement dans les 24 heures. Vous pouvez \u00e9galement m'envoyer un courriel <span style=\"color: #0000ff;\"><a style=\"color: #0000ff;\" href=\"mailto:info@longchangchemical.com\">info@longchangchemical.com<\/a><\/span> pendant les heures de travail ( 8:30 am to 6:00 pm UTC+8 Mon.~Sat. ) ou utilisez le chat en direct du site web pour obtenir une r\u00e9ponse rapide.<\/b><\/strong><\/h4>","protected":false},"excerpt":{"rendered":"<h2><strong><b>Stabilisateur l\u00e9ger-944 D\u00e9tails<\/b><\/strong><\/h2>\n<p>Nom chimique : Stabilisateur de lumi\u00e8re-944<\/p>\n<p>Autre nom : HALS 944 ; Chimasorb 944<\/p>\n<p>N\u00b0 CAS : 70624-18-9 ; 71878-19-8<\/p>\n<p>Formule mol\u00e9culaire : C35H69Cl3N8<\/p>\n<p>Poids mol\u00e9culaire : 708,3<\/p>\n<p>Stabilisateur l\u00e9ger-944 Structure :<\/p>\n<p><img decoding=\"async\" class=\"size-full wp-image-3265\" src=\"https:\/\/longchangchemical.com\/wp-content\/uploads\/2020\/09\/Light-Stabilizer-944-Structure.png\" alt=\"Stabilisateur l\u00e9ger-944 Structure\" width=\"221\" height=\"170\" \/><\/p>\n<p>Aspect : Poudre blanche ou granul\u00e9s jaune clair<\/p>","protected":false},"featured_media":3266,"comment_status":"open","ping_status":"closed","template":"","meta":[],"product_brand":[],"product_cat":[104],"product_tag":[],"class_list":{"0":"post-3264","1":"product","2":"type-product","3":"status-publish","4":"has-post-thumbnail","6":"product_cat-light-stabilizer","8":"first","9":"instock","10":"shipping-taxable","11":"product-type-simple"},"yoast_head":"<!-- This site is optimized with the Yoast SEO plugin v25.3.1 - https:\/\/yoast.com\/wordpress\/plugins\/seo\/ -->\n<title>China Light Stabilizer-944 Chimasorb 944 CAS 70624-18-9 \/ 71878-19-8 manufacturer - longchang chemical<\/title>\n<meta name=\"description\" content=\"China top Light Stabilizer-944 manufacturers and CAS 70624-18-9 suppliers. Buy Chimasorb 944 in china. Longchang chemical can provide the best Light Stabilizer-944 price. other name: HALS 944; Tinuvin 944\" \/>\n<meta name=\"robots\" content=\"index, follow, max-snippet:-1, max-image-preview:large, max-video-preview:-1\" \/>\n<link rel=\"canonical\" href=\"https:\/\/longchangchemical.com\/fr\/product\/light-stabilizer-944-cas-70624-18-9\/\" \/>\n<meta property=\"og:locale\" content=\"fr_FR\" \/>\n<meta property=\"og:type\" content=\"article\" \/>\n<meta property=\"og:title\" content=\"China Light Stabilizer-944 Chimasorb 944 CAS 70624-18-9 \/ 71878-19-8 manufacturer - longchang chemical\" \/>\n<meta property=\"og:description\" content=\"China top Light Stabilizer-944 manufacturers and CAS 70624-18-9 suppliers. Buy Chimasorb 944 in china. Longchang chemical can provide the best Light Stabilizer-944 price. other name: HALS 944; Tinuvin 944\" \/>\n<meta property=\"og:url\" content=\"https:\/\/longchangchemical.com\/fr\/product\/light-stabilizer-944-cas-70624-18-9\/\" \/>\n<meta property=\"og:site_name\" content=\"Longchang Chemical\" \/>\n<meta property=\"article:modified_time\" content=\"2025-04-01T05:54:11+00:00\" \/>\n<meta property=\"og:image\" content=\"https:\/\/longchangchemical.com\/wp-content\/uploads\/2020\/09\/Light-Stabilizer-944-appearance.jpg\" \/>\n\t<meta property=\"og:image:width\" content=\"600\" \/>\n\t<meta property=\"og:image:height\" content=\"800\" \/>\n\t<meta property=\"og:image:type\" content=\"image\/jpeg\" \/>\n<meta name=\"twitter:card\" content=\"summary_large_image\" \/>\n<script type=\"application\/ld+json\" class=\"yoast-schema-graph\">{\"@context\":\"https:\/\/schema.org\",\"@graph\":[{\"@type\":\"WebPage\",\"@id\":\"https:\/\/longchangchemical.com\/product\/light-stabilizer-944-cas-70624-18-9\/\",\"url\":\"https:\/\/longchangchemical.com\/product\/light-stabilizer-944-cas-70624-18-9\/\",\"name\":\"China Light Stabilizer-944 Chimasorb 944 CAS 70624-18-9 \/ 71878-19-8 manufacturer - longchang chemical\",\"isPartOf\":{\"@id\":\"https:\/\/longchangchemical.com\/#website\"},\"primaryImageOfPage\":{\"@id\":\"https:\/\/longchangchemical.com\/product\/light-stabilizer-944-cas-70624-18-9\/#primaryimage\"},\"image\":{\"@id\":\"https:\/\/longchangchemical.com\/product\/light-stabilizer-944-cas-70624-18-9\/#primaryimage\"},\"thumbnailUrl\":\"https:\/\/longchangchemical.com\/wp-content\/uploads\/2020\/09\/Light-Stabilizer-944-appearance.jpg\",\"datePublished\":\"2020-09-24T02:25:30+00:00\",\"dateModified\":\"2025-04-01T05:54:11+00:00\",\"description\":\"China top Light Stabilizer-944 manufacturers and CAS 70624-18-9 suppliers. Buy Chimasorb 944 in china. Longchang chemical can provide the best Light Stabilizer-944 price. other name: HALS 944; Tinuvin 944\",\"breadcrumb\":{\"@id\":\"https:\/\/longchangchemical.com\/product\/light-stabilizer-944-cas-70624-18-9\/#breadcrumb\"},\"inLanguage\":\"fr-FR\",\"potentialAction\":[{\"@type\":\"ReadAction\",\"target\":[\"https:\/\/longchangchemical.com\/product\/light-stabilizer-944-cas-70624-18-9\/\"]}]},{\"@type\":\"ImageObject\",\"inLanguage\":\"fr-FR\",\"@id\":\"https:\/\/longchangchemical.com\/product\/light-stabilizer-944-cas-70624-18-9\/#primaryimage\",\"url\":\"https:\/\/longchangchemical.com\/wp-content\/uploads\/2020\/09\/Light-Stabilizer-944-appearance.jpg\",\"contentUrl\":\"https:\/\/longchangchemical.com\/wp-content\/uploads\/2020\/09\/Light-Stabilizer-944-appearance.jpg\",\"width\":600,\"height\":800,\"caption\":\"Light-Stabilizer-944-appearance\"},{\"@type\":\"BreadcrumbList\",\"@id\":\"https:\/\/longchangchemical.com\/product\/light-stabilizer-944-cas-70624-18-9\/#breadcrumb\",\"itemListElement\":[{\"@type\":\"ListItem\",\"position\":1,\"name\":\"Home\",\"item\":\"https:\/\/longchangchemical.com\/\"},{\"@type\":\"ListItem\",\"position\":2,\"name\":\"Products Longchang\",\"item\":\"https:\/\/longchangchemical.com\/product\/\"},{\"@type\":\"ListItem\",\"position\":3,\"name\":\"CHLUMILS\u00ae UV-944 \/ HALS 944 Light Stabilizer-944 Chimasorb 944 CAS 70624-18-9 \/ 71878-19-8\"}]},{\"@type\":\"WebSite\",\"@id\":\"https:\/\/longchangchemical.com\/#website\",\"url\":\"https:\/\/longchangchemical.com\/\",\"name\":\"Longchang Chemical\",\"description\":\"China chemical manufacturer \uff06 supplier\",\"publisher\":{\"@id\":\"https:\/\/longchangchemical.com\/#organization\"},\"potentialAction\":[{\"@type\":\"SearchAction\",\"target\":{\"@type\":\"EntryPoint\",\"urlTemplate\":\"https:\/\/longchangchemical.com\/?s={search_term_string}\"},\"query-input\":{\"@type\":\"PropertyValueSpecification\",\"valueRequired\":true,\"valueName\":\"search_term_string\"}}],\"inLanguage\":\"fr-FR\"},{\"@type\":\"Organization\",\"@id\":\"https:\/\/longchangchemical.com\/#organization\",\"name\":\"Longchang Chemical\",\"url\":\"https:\/\/longchangchemical.com\/\",\"logo\":{\"@type\":\"ImageObject\",\"inLanguage\":\"fr-FR\",\"@id\":\"https:\/\/longchangchemical.com\/#\/schema\/logo\/image\/\",\"url\":\"https:\/\/longchangchemical.com\/wp-content\/uploads\/2020\/08\/cropped-longchang-logo.png\",\"contentUrl\":\"https:\/\/longchangchemical.com\/wp-content\/uploads\/2020\/08\/cropped-longchang-logo.png\",\"width\":512,\"height\":512,\"caption\":\"Longchang Chemical\"},\"image\":{\"@id\":\"https:\/\/longchangchemical.com\/#\/schema\/logo\/image\/\"}}]}<\/script>\n<!-- \/ Yoast SEO plugin. -->","yoast_head_json":{"title":"Stabilisateur de lumi\u00e8re-944 Chimasorb 944 CAS 70624-18-9 \/ 71878-19-8 fabricant chinois - longchang chemical","description":"Stabilisateur de lumi\u00e8re-944 en Chine, fabricant et fournisseur CAS 70624-18-9. Acheter Chimasorb 944 en Chine. Longchang chemical peut fournir le meilleur prix de Light Stabilizer-944. Autre nom : HALS 944 ; Tinuvin 944","robots":{"index":"index","follow":"follow","max-snippet":"max-snippet:-1","max-image-preview":"max-image-preview:large","max-video-preview":"max-video-preview:-1"},"canonical":"https:\/\/longchangchemical.com\/fr\/product\/light-stabilizer-944-cas-70624-18-9\/","og_locale":"fr_FR","og_type":"article","og_title":"China Light Stabilizer-944 Chimasorb 944 CAS 70624-18-9 \/ 71878-19-8 manufacturer - longchang chemical","og_description":"China top Light Stabilizer-944 manufacturers and CAS 70624-18-9 suppliers. Buy Chimasorb 944 in china. Longchang chemical can provide the best Light Stabilizer-944 price. other name: HALS 944; Tinuvin 944","og_url":"https:\/\/longchangchemical.com\/fr\/product\/light-stabilizer-944-cas-70624-18-9\/","og_site_name":"Longchang Chemical","article_modified_time":"2025-04-01T05:54:11+00:00","og_image":[{"width":600,"height":800,"url":"https:\/\/longchangchemical.com\/wp-content\/uploads\/2020\/09\/Light-Stabilizer-944-appearance.jpg","type":"image\/jpeg"}],"twitter_card":"summary_large_image","schema":{"@context":"https:\/\/schema.org","@graph":[{"@type":"WebPage","@id":"https:\/\/longchangchemical.com\/product\/light-stabilizer-944-cas-70624-18-9\/","url":"https:\/\/longchangchemical.com\/product\/light-stabilizer-944-cas-70624-18-9\/","name":"Stabilisateur de lumi\u00e8re-944 Chimasorb 944 CAS 70624-18-9 \/ 71878-19-8 fabricant chinois - longchang chemical","isPartOf":{"@id":"https:\/\/longchangchemical.com\/#website"},"primaryImageOfPage":{"@id":"https:\/\/longchangchemical.com\/product\/light-stabilizer-944-cas-70624-18-9\/#primaryimage"},"image":{"@id":"https:\/\/longchangchemical.com\/product\/light-stabilizer-944-cas-70624-18-9\/#primaryimage"},"thumbnailUrl":"https:\/\/longchangchemical.com\/wp-content\/uploads\/2020\/09\/Light-Stabilizer-944-appearance.jpg","datePublished":"2020-09-24T02:25:30+00:00","dateModified":"2025-04-01T05:54:11+00:00","description":"Stabilisateur de lumi\u00e8re-944 en Chine, fabricant et fournisseur CAS 70624-18-9. Acheter Chimasorb 944 en Chine. Longchang chemical peut fournir le meilleur prix de Light Stabilizer-944. Autre nom : HALS 944 ; Tinuvin 944","breadcrumb":{"@id":"https:\/\/longchangchemical.com\/product\/light-stabilizer-944-cas-70624-18-9\/#breadcrumb"},"inLanguage":"fr-FR","potentialAction":[{"@type":"ReadAction","target":["https:\/\/longchangchemical.com\/product\/light-stabilizer-944-cas-70624-18-9\/"]}]},{"@type":"ImageObject","inLanguage":"fr-FR","@id":"https:\/\/longchangchemical.com\/product\/light-stabilizer-944-cas-70624-18-9\/#primaryimage","url":"https:\/\/longchangchemical.com\/wp-content\/uploads\/2020\/09\/Light-Stabilizer-944-appearance.jpg","contentUrl":"https:\/\/longchangchemical.com\/wp-content\/uploads\/2020\/09\/Light-Stabilizer-944-appearance.jpg","width":600,"height":800,"caption":"Light-Stabilizer-944-appearance"},{"@type":"BreadcrumbList","@id":"https:\/\/longchangchemical.com\/product\/light-stabilizer-944-cas-70624-18-9\/#breadcrumb","itemListElement":[{"@type":"ListItem","position":1,"name":"Home","item":"https:\/\/longchangchemical.com\/"},{"@type":"ListItem","position":2,"name":"Products Longchang","item":"https:\/\/longchangchemical.com\/product\/"},{"@type":"ListItem","position":3,"name":"CHLUMILS\u00ae UV-944 \/ HALS 944 Light Stabilizer-944 Chimasorb 944 CAS 70624-18-9 \/ 71878-19-8"}]},{"@type":"WebSite","@id":"https:\/\/longchangchemical.com\/#website","url":"https:\/\/longchangchemical.com\/","name":"Longchang Chemical","description":"Fabricant chinois de produits chimiques \uff06 fournisseur","publisher":{"@id":"https:\/\/longchangchemical.com\/#organization"},"potentialAction":[{"@type":"SearchAction","target":{"@type":"EntryPoint","urlTemplate":"https:\/\/longchangchemical.com\/?s={search_term_string}"},"query-input":{"@type":"PropertyValueSpecification","valueRequired":true,"valueName":"search_term_string"}}],"inLanguage":"fr-FR"},{"@type":"Organization","@id":"https:\/\/longchangchemical.com\/#organization","name":"Longchang Chemical","url":"https:\/\/longchangchemical.com\/","logo":{"@type":"ImageObject","inLanguage":"fr-FR","@id":"https:\/\/longchangchemical.com\/#\/schema\/logo\/image\/","url":"https:\/\/longchangchemical.com\/wp-content\/uploads\/2020\/08\/cropped-longchang-logo.png","contentUrl":"https:\/\/longchangchemical.com\/wp-content\/uploads\/2020\/08\/cropped-longchang-logo.png","width":512,"height":512,"caption":"Longchang Chemical"},"image":{"@id":"https:\/\/longchangchemical.com\/#\/schema\/logo\/image\/"}}]}},"_links":{"self":[{"href":"https:\/\/longchangchemical.com\/fr\/wp-json\/wp\/v2\/product\/3264","targetHints":{"allow":["GET"]}}],"collection":[{"href":"https:\/\/longchangchemical.com\/fr\/wp-json\/wp\/v2\/product"}],"about":[{"href":"https:\/\/longchangchemical.com\/fr\/wp-json\/wp\/v2\/types\/product"}],"replies":[{"embeddable":true,"href":"https:\/\/longchangchemical.com\/fr\/wp-json\/wp\/v2\/comments?post=3264"}],"wp:featuredmedia":[{"embeddable":true,"href":"https:\/\/longchangchemical.com\/fr\/wp-json\/wp\/v2\/media\/3266"}],"wp:attachment":[{"href":"https:\/\/longchangchemical.com\/fr\/wp-json\/wp\/v2\/media?parent=3264"}],"wp:term":[{"taxonomy":"product_brand","embeddable":true,"href":"https:\/\/longchangchemical.com\/fr\/wp-json\/wp\/v2\/product_brand?post=3264"},{"taxonomy":"product_cat","embeddable":true,"href":"https:\/\/longchangchemical.com\/fr\/wp-json\/wp\/v2\/product_cat?post=3264"},{"taxonomy":"product_tag","embeddable":true,"href":"https:\/\/longchangchemical.com\/fr\/wp-json\/wp\/v2\/product_tag?post=3264"}],"curies":[{"name":"wp","href":"https:\/\/api.w.org\/{rel}","templated":true}]}}