{"id":3257,"date":"2020-09-21T08:37:36","date_gmt":"2020-09-21T08:37:36","guid":{"rendered":"https:\/\/longchangchemical.com\/?post_type=product&#038;p=3257"},"modified":"2025-04-01T07:41:47","modified_gmt":"2025-04-01T07:41:47","slug":"optical-brightening-agent-cbs-x-cas-27344-41-8","status":"publish","type":"product","link":"https:\/\/longchangchemical.com\/fr\/product\/optical-brightening-agent-cbs-x-cas-27344-41-8\/","title":{"rendered":"CHLUMIPHOR\u00ae Megawhite DT \/ Agent de blanchiment optique cbs-x cas 27344-41-8"},"content":{"rendered":"<h1><strong><b>Megawhite DT \/ Agent de blanchiment optique CBS-X cas 27344-41-8<\/b><\/strong><\/h1>\n<table>\n<tbody>\n<tr>\n<td>\n<h4>Objet<\/h4>\n<\/td>\n<td>\n<h4>Standard<\/h4>\n<\/td>\n<td>\n<h4>R\u00e9sultats<\/h4>\n<\/td>\n<\/tr>\n<tr>\n<td>\n<h4>Apparence<\/h4>\n<\/td>\n<td>\n<h4>Poudre jaun\u00e2tre claire<\/h4>\n<\/td>\n<td>\n<h4>Poudre jaun\u00e2tre claire<\/h4>\n<\/td>\n<\/tr>\n<tr>\n<td>\n<h4>Substance indissoluble<\/h4>\n<\/td>\n<td>\n<h4>\u22660.5%<\/h4>\n<\/td>\n<td>\n<h4>0.3%<\/h4>\n<\/td>\n<\/tr>\n<tr>\n<td>\n<h4>Max dans la gamme des ultraviolets<\/h4>\n<\/td>\n<td>\n<h4>348-350nm<\/h4>\n<\/td>\n<td>\n<h4>348nm<\/h4>\n<\/td>\n<\/tr>\n<tr>\n<td>\n<h4>Valeur E (1%\/ cm)<\/h4>\n<\/td>\n<td>\n<h4>1105~1181<\/h4>\n<\/td>\n<td>\n<h4>1120<\/h4>\n<\/td>\n<\/tr>\n<tr>\n<td>\n<h4>Conclusion<\/h4>\n<\/td>\n<td colspan=\"2\">\n<h4>Qualifi\u00e9<\/h4>\n<\/td>\n<\/tr>\n<\/tbody>\n<\/table>\n<h2><strong><b>Agent d'\u00e9claircissement optique CBS-X<\/b><\/strong><strong><b>\u00a0<\/b><\/strong><strong><b>Sp\u00e9cifications<\/b><\/strong><\/h2>\n<h4>L'agent d'azurage optique CBS-X est un agent d'azurage optique de la classe styr\u00e8ne - biph\u00e9nyle, adapt\u00e9 \u00e0 l'azurage optique des d\u00e9tergents \u00e0 tous les stades de la transformation.<\/h4>\n<h2><strong><b>Agent d'\u00e9claircissement optique CBS-X<\/b><\/strong><strong><b>\u00a0<\/b><\/strong><strong><b>Sp\u00e9cifications<\/b><\/strong><\/h2>\n<h4>E (1% \/cm) Valeur : 1120-1140<\/h4>\n<h4>Substance indissoluble:\u22640.5%<\/h4>\n<h4>Max dans la gamme des ultraviolets : 348-350nm<\/h4>\n<h2><strong><b>Agent d'\u00e9claircissement optique CBS-X<\/b><\/strong><strong><b>\u00a0<\/b><\/strong><strong><b>Application<\/b><\/strong><\/h2>\n<h4>Il est principalement utilis\u00e9 pour le blanchiment des d\u00e9tergents synth\u00e9tiques, des savons, du coton, du lin, de la laine de nylon et du papier, du coton, du polyester et des tissus m\u00e9lang\u00e9s au coton, et des tissus m\u00e9lang\u00e9s au coton en un seul bain. Il est largement utilis\u00e9 dans les industries des d\u00e9tergents, du blanchiment, de la fabrication de papier et des colorants.<\/h4>\n<h2><strong>Comment l'utiliser <b>Agent d'\u00e9claircissement optique CBS-X<\/b><\/strong>:<\/h2>\n<h4>Tissu blanchi blanchissant<br \/>\n(1) Blanchiment du rembourrage : 4BK : 0,05~0,6% (o.w.f) Poudre de Yuanming : 5~20g\/L<br \/>\nRapport de bain : 1:10-30 Temp\u00e9rature de teinture : 20\u2103-100\u2103 Temps de maintien : 20-30 minutes<br \/>\n(2) Blanchiment \u00e0 l'oxyg\u00e8ne : 4BK : 0.05~0.6%( o.w.f)<br \/>\nH2O : 2-10g\/L NaOH : 1g\/L NaSiO3 : 2.5g\/L D\u00e9tergent : 1g\/L Rapport de bain : 1:10-30<br \/>\nTemp\u00e9rature de teinture : 90\u2103-100\u2103 Temps de maintien : 20-30 minutes<\/h4>\n<p>&nbsp;<\/p>\n<h2><strong><b>Agent d'\u00e9claircissement optique CBS-X<\/b><\/strong><strong><b>\u00a0<\/b><\/strong><strong><b>Emballage<\/b><\/strong><\/h2>\n<h4>25kg \/ tambour en fibre avec rev\u00eatement PE.<\/h4>\n<h2><strong><b>Agent d'\u00e9claircissement optique CBS-X<\/b><\/strong><strong><b>\u00a0<\/b><\/strong><strong><b>Stockage<\/b><\/strong><\/h2>\n<h4>Conserver \u00e0 l'abri de l'air dans un endroit sec et frais.<\/h4>\n<p>&nbsp;<\/p>\n<h2><strong><b>Contactez-nous d\u00e8s maintenant !<\/b><\/strong><\/h2>\n<h4><strong><b>Si vous avez besoin de COA, MSDS ou TDS, veuillez remplir vos coordonn\u00e9es dans le formulaire ci-dessous, nous vous contacterons g\u00e9n\u00e9ralement dans les 24 heures. Vous pouvez \u00e9galement m'envoyer un courriel <span style=\"color: #0000ff;\"><a style=\"color: #0000ff;\" href=\"mailto:info@longchangchemical.com\">info@longchangchemical.com<\/a><\/span> pendant les heures de travail ( 8:30 am to 6:00 pm UTC+8 Mon.~Sat. ) ou utilisez le chat en direct du site web pour obtenir une r\u00e9ponse rapide.<\/b><\/strong><\/h4>","protected":false},"excerpt":{"rendered":"<p>Nom chimique : Agent de blanchiment optique CBS-X<\/p>\n<p>Num\u00e9ro CAS : 27344-41-8<\/p>\n<p>Autre nom : Illuminateur fluorescent 351 ; Megawhite DT<\/p>\n<p>Formule mol\u00e9culaire : C28H20Na2O6S2<\/p>\n<p>Aspect : Poudre cristalline vert jaun\u00e2tre\/ granulaire<\/p>\n<p>Puret\u00e9 : 99,5%<\/p>","protected":false},"featured_media":3258,"comment_status":"open","ping_status":"closed","template":"","meta":[],"product_brand":[],"product_cat":[140],"product_tag":[],"class_list":{"0":"post-3257","1":"product","2":"type-product","3":"status-publish","4":"has-post-thumbnail","6":"product_cat-chlumiphor-fluorescent-brightener","8":"first","9":"instock","10":"shipping-taxable","11":"product-type-simple"},"yoast_head":"<!-- This site is optimized with the Yoast SEO plugin v25.3.1 - https:\/\/yoast.com\/wordpress\/plugins\/seo\/ -->\n<title>China Megawhite DT \/ Optical Brightening Agent CBS-X cas 27344-41-8 manufacturer - Longchang Chemical<\/title>\n<meta name=\"description\" content=\"Longchang chemical is China top Optical Brightening Agent CBS-X suppliers \uff06 cas 27344-41-8 manufacturers, Our MOQ is 1kg, we can provide the best Optical Brightening Agent CBS-X price. Other name: Fluorescent Brightener 351; Megawhite DT\" \/>\n<meta name=\"robots\" content=\"index, follow, max-snippet:-1, max-image-preview:large, max-video-preview:-1\" \/>\n<link rel=\"canonical\" href=\"https:\/\/longchangchemical.com\/fr\/product\/optical-brightening-agent-cbs-x-cas-27344-41-8\/\" \/>\n<meta property=\"og:locale\" content=\"fr_FR\" \/>\n<meta property=\"og:type\" content=\"article\" \/>\n<meta property=\"og:title\" content=\"China Megawhite DT \/ Optical Brightening Agent CBS-X cas 27344-41-8 manufacturer - Longchang Chemical\" \/>\n<meta property=\"og:description\" content=\"Longchang chemical is China top Optical Brightening Agent CBS-X suppliers \uff06 cas 27344-41-8 manufacturers, Our MOQ is 1kg, we can provide the best Optical Brightening Agent CBS-X price. Other name: Fluorescent Brightener 351; Megawhite DT\" \/>\n<meta property=\"og:url\" content=\"https:\/\/longchangchemical.com\/fr\/product\/optical-brightening-agent-cbs-x-cas-27344-41-8\/\" \/>\n<meta property=\"og:site_name\" content=\"Longchang Chemical\" \/>\n<meta property=\"article:modified_time\" content=\"2025-04-01T07:41:47+00:00\" \/>\n<meta property=\"og:image\" content=\"https:\/\/longchangchemical.com\/wp-content\/uploads\/2020\/09\/Optical-brightening-agent-cbs-x-appearance.jpg\" \/>\n\t<meta property=\"og:image:width\" content=\"600\" \/>\n\t<meta property=\"og:image:height\" content=\"800\" \/>\n\t<meta property=\"og:image:type\" content=\"image\/jpeg\" \/>\n<meta name=\"twitter:card\" content=\"summary_large_image\" \/>\n<script type=\"application\/ld+json\" class=\"yoast-schema-graph\">{\"@context\":\"https:\/\/schema.org\",\"@graph\":[{\"@type\":\"WebPage\",\"@id\":\"https:\/\/longchangchemical.com\/product\/optical-brightening-agent-cbs-x-cas-27344-41-8\/\",\"url\":\"https:\/\/longchangchemical.com\/product\/optical-brightening-agent-cbs-x-cas-27344-41-8\/\",\"name\":\"China Megawhite DT \/ Optical Brightening Agent CBS-X cas 27344-41-8 manufacturer - Longchang Chemical\",\"isPartOf\":{\"@id\":\"https:\/\/longchangchemical.com\/#website\"},\"primaryImageOfPage\":{\"@id\":\"https:\/\/longchangchemical.com\/product\/optical-brightening-agent-cbs-x-cas-27344-41-8\/#primaryimage\"},\"image\":{\"@id\":\"https:\/\/longchangchemical.com\/product\/optical-brightening-agent-cbs-x-cas-27344-41-8\/#primaryimage\"},\"thumbnailUrl\":\"https:\/\/longchangchemical.com\/wp-content\/uploads\/2020\/09\/Optical-brightening-agent-cbs-x-appearance.jpg\",\"datePublished\":\"2020-09-21T08:37:36+00:00\",\"dateModified\":\"2025-04-01T07:41:47+00:00\",\"description\":\"Longchang chemical is China top Optical Brightening Agent CBS-X suppliers \uff06 cas 27344-41-8 manufacturers, Our MOQ is 1kg, we can provide the best Optical Brightening Agent CBS-X price. Other name: Fluorescent Brightener 351; Megawhite DT\",\"breadcrumb\":{\"@id\":\"https:\/\/longchangchemical.com\/product\/optical-brightening-agent-cbs-x-cas-27344-41-8\/#breadcrumb\"},\"inLanguage\":\"fr-FR\",\"potentialAction\":[{\"@type\":\"ReadAction\",\"target\":[\"https:\/\/longchangchemical.com\/product\/optical-brightening-agent-cbs-x-cas-27344-41-8\/\"]}]},{\"@type\":\"ImageObject\",\"inLanguage\":\"fr-FR\",\"@id\":\"https:\/\/longchangchemical.com\/product\/optical-brightening-agent-cbs-x-cas-27344-41-8\/#primaryimage\",\"url\":\"https:\/\/longchangchemical.com\/wp-content\/uploads\/2020\/09\/Optical-brightening-agent-cbs-x-appearance.jpg\",\"contentUrl\":\"https:\/\/longchangchemical.com\/wp-content\/uploads\/2020\/09\/Optical-brightening-agent-cbs-x-appearance.jpg\",\"width\":600,\"height\":800,\"caption\":\"Optical brightening agent cbs-x appearance\"},{\"@type\":\"BreadcrumbList\",\"@id\":\"https:\/\/longchangchemical.com\/product\/optical-brightening-agent-cbs-x-cas-27344-41-8\/#breadcrumb\",\"itemListElement\":[{\"@type\":\"ListItem\",\"position\":1,\"name\":\"Home\",\"item\":\"https:\/\/longchangchemical.com\/\"},{\"@type\":\"ListItem\",\"position\":2,\"name\":\"Products Longchang\",\"item\":\"https:\/\/longchangchemical.com\/product\/\"},{\"@type\":\"ListItem\",\"position\":3,\"name\":\"CHLUMIPHOR\u00ae Megawhite DT \/ Optical brightening agent cbs-x cas 27344-41-8\"}]},{\"@type\":\"WebSite\",\"@id\":\"https:\/\/longchangchemical.com\/#website\",\"url\":\"https:\/\/longchangchemical.com\/\",\"name\":\"Longchang Chemical\",\"description\":\"China chemical manufacturer \uff06 supplier\",\"publisher\":{\"@id\":\"https:\/\/longchangchemical.com\/#organization\"},\"potentialAction\":[{\"@type\":\"SearchAction\",\"target\":{\"@type\":\"EntryPoint\",\"urlTemplate\":\"https:\/\/longchangchemical.com\/?s={search_term_string}\"},\"query-input\":{\"@type\":\"PropertyValueSpecification\",\"valueRequired\":true,\"valueName\":\"search_term_string\"}}],\"inLanguage\":\"fr-FR\"},{\"@type\":\"Organization\",\"@id\":\"https:\/\/longchangchemical.com\/#organization\",\"name\":\"Longchang Chemical\",\"url\":\"https:\/\/longchangchemical.com\/\",\"logo\":{\"@type\":\"ImageObject\",\"inLanguage\":\"fr-FR\",\"@id\":\"https:\/\/longchangchemical.com\/#\/schema\/logo\/image\/\",\"url\":\"https:\/\/longchangchemical.com\/wp-content\/uploads\/2020\/08\/cropped-longchang-logo.png\",\"contentUrl\":\"https:\/\/longchangchemical.com\/wp-content\/uploads\/2020\/08\/cropped-longchang-logo.png\",\"width\":512,\"height\":512,\"caption\":\"Longchang Chemical\"},\"image\":{\"@id\":\"https:\/\/longchangchemical.com\/#\/schema\/logo\/image\/\"}}]}<\/script>\n<!-- \/ Yoast SEO plugin. -->","yoast_head_json":{"title":"China Megawhite DT \/ Optical Brightening Agent CBS-X cas 27344-41-8 manufacturer - Longchang Chemical","description":"Longchang chemical est le fournisseur principal de l'agent de brillance optique CBS-X en Chine \uff06 cas 27344-41-8. Notre MOQ est de 1kg, nous pouvons fournir le meilleur prix de l'agent de brillance optique CBS-X. Autre nom : Agent d'\u00e9claircissement fluorescent 351 ; Megawhite DT","robots":{"index":"index","follow":"follow","max-snippet":"max-snippet:-1","max-image-preview":"max-image-preview:large","max-video-preview":"max-video-preview:-1"},"canonical":"https:\/\/longchangchemical.com\/fr\/product\/optical-brightening-agent-cbs-x-cas-27344-41-8\/","og_locale":"fr_FR","og_type":"article","og_title":"China Megawhite DT \/ Optical Brightening Agent CBS-X cas 27344-41-8 manufacturer - Longchang Chemical","og_description":"Longchang chemical is China top Optical Brightening Agent CBS-X suppliers \uff06 cas 27344-41-8 manufacturers, Our MOQ is 1kg, we can provide the best Optical Brightening Agent CBS-X price. Other name: Fluorescent Brightener 351; Megawhite DT","og_url":"https:\/\/longchangchemical.com\/fr\/product\/optical-brightening-agent-cbs-x-cas-27344-41-8\/","og_site_name":"Longchang Chemical","article_modified_time":"2025-04-01T07:41:47+00:00","og_image":[{"width":600,"height":800,"url":"https:\/\/longchangchemical.com\/wp-content\/uploads\/2020\/09\/Optical-brightening-agent-cbs-x-appearance.jpg","type":"image\/jpeg"}],"twitter_card":"summary_large_image","schema":{"@context":"https:\/\/schema.org","@graph":[{"@type":"WebPage","@id":"https:\/\/longchangchemical.com\/product\/optical-brightening-agent-cbs-x-cas-27344-41-8\/","url":"https:\/\/longchangchemical.com\/product\/optical-brightening-agent-cbs-x-cas-27344-41-8\/","name":"China Megawhite DT \/ Optical Brightening Agent CBS-X cas 27344-41-8 manufacturer - Longchang Chemical","isPartOf":{"@id":"https:\/\/longchangchemical.com\/#website"},"primaryImageOfPage":{"@id":"https:\/\/longchangchemical.com\/product\/optical-brightening-agent-cbs-x-cas-27344-41-8\/#primaryimage"},"image":{"@id":"https:\/\/longchangchemical.com\/product\/optical-brightening-agent-cbs-x-cas-27344-41-8\/#primaryimage"},"thumbnailUrl":"https:\/\/longchangchemical.com\/wp-content\/uploads\/2020\/09\/Optical-brightening-agent-cbs-x-appearance.jpg","datePublished":"2020-09-21T08:37:36+00:00","dateModified":"2025-04-01T07:41:47+00:00","description":"Longchang chemical est le fournisseur principal de l'agent de brillance optique CBS-X en Chine \uff06 cas 27344-41-8. Notre MOQ est de 1kg, nous pouvons fournir le meilleur prix de l'agent de brillance optique CBS-X. Autre nom : Agent d'\u00e9claircissement fluorescent 351 ; Megawhite DT","breadcrumb":{"@id":"https:\/\/longchangchemical.com\/product\/optical-brightening-agent-cbs-x-cas-27344-41-8\/#breadcrumb"},"inLanguage":"fr-FR","potentialAction":[{"@type":"ReadAction","target":["https:\/\/longchangchemical.com\/product\/optical-brightening-agent-cbs-x-cas-27344-41-8\/"]}]},{"@type":"ImageObject","inLanguage":"fr-FR","@id":"https:\/\/longchangchemical.com\/product\/optical-brightening-agent-cbs-x-cas-27344-41-8\/#primaryimage","url":"https:\/\/longchangchemical.com\/wp-content\/uploads\/2020\/09\/Optical-brightening-agent-cbs-x-appearance.jpg","contentUrl":"https:\/\/longchangchemical.com\/wp-content\/uploads\/2020\/09\/Optical-brightening-agent-cbs-x-appearance.jpg","width":600,"height":800,"caption":"Optical brightening agent cbs-x appearance"},{"@type":"BreadcrumbList","@id":"https:\/\/longchangchemical.com\/product\/optical-brightening-agent-cbs-x-cas-27344-41-8\/#breadcrumb","itemListElement":[{"@type":"ListItem","position":1,"name":"Home","item":"https:\/\/longchangchemical.com\/"},{"@type":"ListItem","position":2,"name":"Products Longchang","item":"https:\/\/longchangchemical.com\/product\/"},{"@type":"ListItem","position":3,"name":"CHLUMIPHOR\u00ae Megawhite DT \/ Optical brightening agent cbs-x cas 27344-41-8"}]},{"@type":"WebSite","@id":"https:\/\/longchangchemical.com\/#website","url":"https:\/\/longchangchemical.com\/","name":"Longchang Chemical","description":"Fabricant chinois de produits chimiques \uff06 fournisseur","publisher":{"@id":"https:\/\/longchangchemical.com\/#organization"},"potentialAction":[{"@type":"SearchAction","target":{"@type":"EntryPoint","urlTemplate":"https:\/\/longchangchemical.com\/?s={search_term_string}"},"query-input":{"@type":"PropertyValueSpecification","valueRequired":true,"valueName":"search_term_string"}}],"inLanguage":"fr-FR"},{"@type":"Organization","@id":"https:\/\/longchangchemical.com\/#organization","name":"Longchang Chemical","url":"https:\/\/longchangchemical.com\/","logo":{"@type":"ImageObject","inLanguage":"fr-FR","@id":"https:\/\/longchangchemical.com\/#\/schema\/logo\/image\/","url":"https:\/\/longchangchemical.com\/wp-content\/uploads\/2020\/08\/cropped-longchang-logo.png","contentUrl":"https:\/\/longchangchemical.com\/wp-content\/uploads\/2020\/08\/cropped-longchang-logo.png","width":512,"height":512,"caption":"Longchang Chemical"},"image":{"@id":"https:\/\/longchangchemical.com\/#\/schema\/logo\/image\/"}}]}},"_links":{"self":[{"href":"https:\/\/longchangchemical.com\/fr\/wp-json\/wp\/v2\/product\/3257","targetHints":{"allow":["GET"]}}],"collection":[{"href":"https:\/\/longchangchemical.com\/fr\/wp-json\/wp\/v2\/product"}],"about":[{"href":"https:\/\/longchangchemical.com\/fr\/wp-json\/wp\/v2\/types\/product"}],"replies":[{"embeddable":true,"href":"https:\/\/longchangchemical.com\/fr\/wp-json\/wp\/v2\/comments?post=3257"}],"wp:featuredmedia":[{"embeddable":true,"href":"https:\/\/longchangchemical.com\/fr\/wp-json\/wp\/v2\/media\/3258"}],"wp:attachment":[{"href":"https:\/\/longchangchemical.com\/fr\/wp-json\/wp\/v2\/media?parent=3257"}],"wp:term":[{"taxonomy":"product_brand","embeddable":true,"href":"https:\/\/longchangchemical.com\/fr\/wp-json\/wp\/v2\/product_brand?post=3257"},{"taxonomy":"product_cat","embeddable":true,"href":"https:\/\/longchangchemical.com\/fr\/wp-json\/wp\/v2\/product_cat?post=3257"},{"taxonomy":"product_tag","embeddable":true,"href":"https:\/\/longchangchemical.com\/fr\/wp-json\/wp\/v2\/product_tag?post=3257"}],"curies":[{"name":"wp","href":"https:\/\/api.w.org\/{rel}","templated":true}]}}