{"id":3253,"date":"2020-09-18T03:54:00","date_gmt":"2020-09-18T03:54:00","guid":{"rendered":"https:\/\/longchangchemical.com\/?post_type=product&#038;p=3253"},"modified":"2022-05-29T12:19:56","modified_gmt":"2022-05-29T12:19:56","slug":"methyl-perfluorobutyl-ether-cas-163702-07-6","status":"publish","type":"product","link":"https:\/\/longchangchemical.com\/fr\/product\/methyl-perfluorobutyl-ether-cas-163702-07-6\/","title":{"rendered":"\u00c9ther m\u00e9thylique de perfluorobutyle cas 163702-07-6"},"content":{"rendered":"<h2><strong><b>\u00c9ther m\u00e9thylperfluorobutylique Propri\u00e9t\u00e9s typiques<\/b><\/strong><\/h2>\n<table>\n<tbody>\n<tr>\n<td width=\"90\"><strong><b>TEST<\/b><\/strong><\/td>\n<td width=\"41\"><strong><b>U<\/b><\/strong><strong><b>nit<\/b><\/strong><\/td>\n<td width=\"113\"><strong><b>M\u00e9thode de d\u00e9tection<\/b><\/strong><\/td>\n<td width=\"192\"><strong><b>Sp\u00e9cifications de conception<\/b><\/strong><\/td>\n<td width=\"185\"><strong><b>Valeur mesur\u00e9e<\/b><\/strong><\/td>\n<\/tr>\n<tr>\n<td width=\"90\">Apparence<\/td>\n<td width=\"41\">&#8211;<\/td>\n<td width=\"113\">Inspection visuelle<\/td>\n<td width=\"192\">Liquide transparent incolore<\/td>\n<td width=\"185\">Liquide transparent incolore<\/td>\n<\/tr>\n<tr>\n<td width=\"90\">Acidit\u00e9<\/td>\n<td width=\"41\">PPM<\/td>\n<td width=\"113\">Q\/SHKZ 12-2016<\/td>\n<td width=\"192\">&lt;10<\/td>\n<td width=\"185\">non d\u00e9tect\u00e9<\/td>\n<\/tr>\n<tr>\n<td width=\"90\">R\u00e9sidu d'\u00e9vaporation<\/td>\n<td width=\"41\">&#8211;<\/td>\n<td width=\"113\">Q\/SHKZ 12-2016<\/td>\n<td width=\"192\">Pas de r\u00e9sidus apparents<\/td>\n<td width=\"185\">Pas de r\u00e9sidus apparents<\/td>\n<\/tr>\n<tr>\n<td width=\"90\">Ion fluor<\/td>\n<td width=\"41\">PPM<\/td>\n<td width=\"113\">Q\/SHKZ 12-2016<\/td>\n<td width=\"192\">&lt;10<\/td>\n<td width=\"185\">non d\u00e9tect\u00e9<\/td>\n<\/tr>\n<tr>\n<td width=\"90\">Teneur en eau<\/td>\n<td width=\"41\">PPM<\/td>\n<td width=\"113\">Q\/SHKZ 12-2016<\/td>\n<td width=\"192\">&lt;50<\/td>\n<td width=\"185\">28.5<\/td>\n<\/tr>\n<tr>\n<td width=\"90\">Contenu solide<\/td>\n<td width=\"41\">%<\/td>\n<td width=\"113\">Q\/SHKZ 12-2016<\/td>\n<td width=\"192\">\u226599.0<\/td>\n<td width=\"185\">99.991<\/td>\n<\/tr>\n<tr>\n<td width=\"90\">R\u00e9sultats des tests<\/td>\n<td colspan=\"4\" width=\"532\">Passez<\/td>\n<\/tr>\n<\/tbody>\n<\/table>\n<h2><strong><b>Qu'est-ce que l'oxyde de m\u00e9thyle et de perfluorobutyle ?<\/b><\/strong><\/h2>\n<p>&nbsp;<\/p>\n<p>1. Il s'agit d'un liquide transparent incolore \u00e9galement connu sous le nom de HFE-7100 et PERFLUOROBUTYL METHYL ETHER.<\/p>\n<p>2. L'\u00e9ther m\u00e9thylique de perfluorobutyle est un solvant doux utilis\u00e9 dans les formulations cosm\u00e9tiques rafra\u00eechissantes. Il s'agit d'un solvant \u00e9ther fluor\u00e9, miscible avec de nombreux ingr\u00e9dients, consid\u00e9r\u00e9 comme ayant un bon pouvoir lubrifiant et convenant tr\u00e8s bien aux solvants des formulations huileuses.<\/p>\n<p>&nbsp;<\/p>\n<h2><strong><b>\u00c9ther m\u00e9thylique de perfluorobutyle Utilisation<\/b><\/strong><\/h2>\n<p>1. L'\u00e9ther m\u00e9thylnonafluorobutylique est principalement utilis\u00e9 comme agent de nettoyage et solvant pour les instruments \u00e9lectroniques de pr\u00e9cision et les \u00e9quipements m\u00e9dicaux, et remplace le CFC-113, le trichlor\u00e9thane, le t\u00e9trachlorure de carbone, etc.<\/p>\n<p>2. L'\u00e9ther m\u00e9thylperfluorobutylique peut \u00eatre utilis\u00e9 pour fabriquer des masques \u00e0 bulles.<\/p>\n<p>&nbsp;<\/p>\n<h2><strong><b>\u00c9ther m\u00e9thylperfluorobutylique Emballage et exp\u00e9dition<\/b><\/strong><\/h2>\n<p>Emballage : 25kg\/tambour, 10kg\/tambour, 5kg\/tambour, 2kg\/bouteille<\/p>\n<p>Ce produit a une capacit\u00e9 de 1L=1,5kg.<\/p>\n<p>&nbsp;<\/p>\n<h2><strong><b>\u00c9ther m\u00e9thylique perfluorobutylique Stockage<\/b><\/strong><\/h2>\n<p>Stocker dans un endroit frais, sec et ventil\u00e9, \u00e0 l'abri du feu et des acides.<\/p>\n<p>&nbsp;<\/p>\n<h2><strong><b>Contactez-nous d\u00e8s maintenant !<\/b><\/strong><\/h2>\n<h4><strong><b>Si vous avez besoin de COA, MSDS ou TDS, veuillez remplir vos coordonn\u00e9es dans le formulaire ci-dessous, nous vous contacterons g\u00e9n\u00e9ralement dans les 24 heures. Vous pouvez \u00e9galement m'envoyer un courriel <span style=\"color: #0000ff;\"><a style=\"color: #0000ff;\" href=\"mailto:info@longchangchemical.com\">info@longchangchemical.com<\/a><\/span> pendant les heures de travail ( 8:30 am to 6:00 pm UTC+8 Mon.~Sat. ) ou utilisez le chat en direct du site web pour obtenir une r\u00e9ponse rapide.<\/b><\/strong><\/h4>","protected":false},"excerpt":{"rendered":"<h2><strong><b>\u00c9ther m\u00e9thylperfluorobutylique D\u00e9tails<\/b><\/strong><\/h2>\n<p>Nom chimique : \u00c9ther m\u00e9thylique de perfluorobutyle<\/p>\n<p>Num\u00e9ro CAS : 163702-07-6<\/p>\n<p>Formule mol\u00e9culaire : C5H3F9O<\/p>\n<p>Poids mol\u00e9culaire : 250,06<\/p>\n<p>Aspect : Liquide transparent incolore<\/p>\n<p>Essai : 99.00%MIN<\/p>","protected":false},"featured_media":3255,"comment_status":"open","ping_status":"closed","template":"","meta":[],"product_brand":[],"product_cat":[103],"product_tag":[],"class_list":{"0":"post-3253","1":"product","2":"type-product","3":"status-publish","4":"has-post-thumbnail","6":"product_cat-cosmetic-additives","8":"first","9":"instock","10":"shipping-taxable","11":"product-type-simple"},"yoast_head":"<!-- This site is optimized with the Yoast SEO plugin v25.3.1 - https:\/\/yoast.com\/wordpress\/plugins\/seo\/ -->\n<title>China top Methyl perfluorobutyl ether manufacturer - Longchang chemical<\/title>\n<meta name=\"description\" content=\"Longchang chemical is a China Methyl perfluorobutyl ether CAS 163702-07-6 manufacturer and supplier, we can provide the best Methyl perfluorobutyl ether price. Our MOQ is 1kg. We will quote within 24 hours.\" \/>\n<meta name=\"robots\" content=\"index, follow, max-snippet:-1, max-image-preview:large, max-video-preview:-1\" \/>\n<link rel=\"canonical\" href=\"https:\/\/longchangchemical.com\/fr\/product\/methyl-perfluorobutyl-ether-cas-163702-07-6\/\" \/>\n<meta property=\"og:locale\" content=\"fr_FR\" \/>\n<meta property=\"og:type\" content=\"article\" \/>\n<meta property=\"og:title\" content=\"China top Methyl perfluorobutyl ether manufacturer - Longchang chemical\" \/>\n<meta property=\"og:description\" content=\"Longchang chemical is a China Methyl perfluorobutyl ether CAS 163702-07-6 manufacturer and supplier, we can provide the best Methyl perfluorobutyl ether price. Our MOQ is 1kg. We will quote within 24 hours.\" \/>\n<meta property=\"og:url\" content=\"https:\/\/longchangchemical.com\/fr\/product\/methyl-perfluorobutyl-ether-cas-163702-07-6\/\" \/>\n<meta property=\"og:site_name\" content=\"Longchang Chemical\" \/>\n<meta property=\"article:modified_time\" content=\"2022-05-29T12:19:56+00:00\" \/>\n<meta property=\"og:image\" content=\"https:\/\/longchangchemical.com\/wp-content\/uploads\/2020\/09\/Methyl-Perfluorobutyl-Ether-appearance.jpg\" \/>\n\t<meta property=\"og:image:width\" content=\"600\" \/>\n\t<meta property=\"og:image:height\" content=\"800\" \/>\n\t<meta property=\"og:image:type\" content=\"image\/jpeg\" \/>\n<meta name=\"twitter:card\" content=\"summary_large_image\" \/>\n<script type=\"application\/ld+json\" class=\"yoast-schema-graph\">{\"@context\":\"https:\/\/schema.org\",\"@graph\":[{\"@type\":\"WebPage\",\"@id\":\"https:\/\/longchangchemical.com\/product\/methyl-perfluorobutyl-ether-cas-163702-07-6\/\",\"url\":\"https:\/\/longchangchemical.com\/product\/methyl-perfluorobutyl-ether-cas-163702-07-6\/\",\"name\":\"China top Methyl perfluorobutyl ether manufacturer - Longchang chemical\",\"isPartOf\":{\"@id\":\"https:\/\/longchangchemical.com\/#website\"},\"primaryImageOfPage\":{\"@id\":\"https:\/\/longchangchemical.com\/product\/methyl-perfluorobutyl-ether-cas-163702-07-6\/#primaryimage\"},\"image\":{\"@id\":\"https:\/\/longchangchemical.com\/product\/methyl-perfluorobutyl-ether-cas-163702-07-6\/#primaryimage\"},\"thumbnailUrl\":\"https:\/\/longchangchemical.com\/wp-content\/uploads\/2020\/09\/Methyl-Perfluorobutyl-Ether-appearance.jpg\",\"datePublished\":\"2020-09-18T03:54:00+00:00\",\"dateModified\":\"2022-05-29T12:19:56+00:00\",\"description\":\"Longchang chemical is a China Methyl perfluorobutyl ether CAS 163702-07-6 manufacturer and supplier, we can provide the best Methyl perfluorobutyl ether price. Our MOQ is 1kg. We will quote within 24 hours.\",\"breadcrumb\":{\"@id\":\"https:\/\/longchangchemical.com\/product\/methyl-perfluorobutyl-ether-cas-163702-07-6\/#breadcrumb\"},\"inLanguage\":\"fr-FR\",\"potentialAction\":[{\"@type\":\"ReadAction\",\"target\":[\"https:\/\/longchangchemical.com\/product\/methyl-perfluorobutyl-ether-cas-163702-07-6\/\"]}]},{\"@type\":\"ImageObject\",\"inLanguage\":\"fr-FR\",\"@id\":\"https:\/\/longchangchemical.com\/product\/methyl-perfluorobutyl-ether-cas-163702-07-6\/#primaryimage\",\"url\":\"https:\/\/longchangchemical.com\/wp-content\/uploads\/2020\/09\/Methyl-Perfluorobutyl-Ether-appearance.jpg\",\"contentUrl\":\"https:\/\/longchangchemical.com\/wp-content\/uploads\/2020\/09\/Methyl-Perfluorobutyl-Ether-appearance.jpg\",\"width\":600,\"height\":800,\"caption\":\"Methyl Perfluorobutyl Ether appearance\"},{\"@type\":\"BreadcrumbList\",\"@id\":\"https:\/\/longchangchemical.com\/product\/methyl-perfluorobutyl-ether-cas-163702-07-6\/#breadcrumb\",\"itemListElement\":[{\"@type\":\"ListItem\",\"position\":1,\"name\":\"Home\",\"item\":\"https:\/\/longchangchemical.com\/\"},{\"@type\":\"ListItem\",\"position\":2,\"name\":\"Products Longchang\",\"item\":\"https:\/\/longchangchemical.com\/product\/\"},{\"@type\":\"ListItem\",\"position\":3,\"name\":\"Methyl perfluorobutyl ether cas 163702-07-6\"}]},{\"@type\":\"WebSite\",\"@id\":\"https:\/\/longchangchemical.com\/#website\",\"url\":\"https:\/\/longchangchemical.com\/\",\"name\":\"Longchang Chemical\",\"description\":\"China chemical manufacturer \uff06 supplier\",\"publisher\":{\"@id\":\"https:\/\/longchangchemical.com\/#organization\"},\"potentialAction\":[{\"@type\":\"SearchAction\",\"target\":{\"@type\":\"EntryPoint\",\"urlTemplate\":\"https:\/\/longchangchemical.com\/?s={search_term_string}\"},\"query-input\":{\"@type\":\"PropertyValueSpecification\",\"valueRequired\":true,\"valueName\":\"search_term_string\"}}],\"inLanguage\":\"fr-FR\"},{\"@type\":\"Organization\",\"@id\":\"https:\/\/longchangchemical.com\/#organization\",\"name\":\"Longchang Chemical\",\"url\":\"https:\/\/longchangchemical.com\/\",\"logo\":{\"@type\":\"ImageObject\",\"inLanguage\":\"fr-FR\",\"@id\":\"https:\/\/longchangchemical.com\/#\/schema\/logo\/image\/\",\"url\":\"https:\/\/longchangchemical.com\/wp-content\/uploads\/2020\/08\/cropped-longchang-logo.png\",\"contentUrl\":\"https:\/\/longchangchemical.com\/wp-content\/uploads\/2020\/08\/cropped-longchang-logo.png\",\"width\":512,\"height\":512,\"caption\":\"Longchang Chemical\"},\"image\":{\"@id\":\"https:\/\/longchangchemical.com\/#\/schema\/logo\/image\/\"}}]}<\/script>\n<!-- \/ Yoast SEO plugin. -->","yoast_head_json":{"title":"Fabricant chinois d'\u00e9ther m\u00e9thyl perfluorobutylique - Longchang chemical","description":"Longchang chemical est un fabricant et fournisseur chinois d'\u00e9ther m\u00e9thyl perfluorobutylique CAS 163702-07-6. Nous pouvons vous fournir le meilleur prix d'\u00e9ther m\u00e9thyl perfluorobutylique. Notre MOQ est de 1kg. Nous vous ferons un devis dans les 24 heures.","robots":{"index":"index","follow":"follow","max-snippet":"max-snippet:-1","max-image-preview":"max-image-preview:large","max-video-preview":"max-video-preview:-1"},"canonical":"https:\/\/longchangchemical.com\/fr\/product\/methyl-perfluorobutyl-ether-cas-163702-07-6\/","og_locale":"fr_FR","og_type":"article","og_title":"China top Methyl perfluorobutyl ether manufacturer - Longchang chemical","og_description":"Longchang chemical is a China Methyl perfluorobutyl ether CAS 163702-07-6 manufacturer and supplier, we can provide the best Methyl perfluorobutyl ether price. Our MOQ is 1kg. We will quote within 24 hours.","og_url":"https:\/\/longchangchemical.com\/fr\/product\/methyl-perfluorobutyl-ether-cas-163702-07-6\/","og_site_name":"Longchang Chemical","article_modified_time":"2022-05-29T12:19:56+00:00","og_image":[{"width":600,"height":800,"url":"https:\/\/longchangchemical.com\/wp-content\/uploads\/2020\/09\/Methyl-Perfluorobutyl-Ether-appearance.jpg","type":"image\/jpeg"}],"twitter_card":"summary_large_image","schema":{"@context":"https:\/\/schema.org","@graph":[{"@type":"WebPage","@id":"https:\/\/longchangchemical.com\/product\/methyl-perfluorobutyl-ether-cas-163702-07-6\/","url":"https:\/\/longchangchemical.com\/product\/methyl-perfluorobutyl-ether-cas-163702-07-6\/","name":"Fabricant chinois d'\u00e9ther m\u00e9thyl perfluorobutylique - Longchang chemical","isPartOf":{"@id":"https:\/\/longchangchemical.com\/#website"},"primaryImageOfPage":{"@id":"https:\/\/longchangchemical.com\/product\/methyl-perfluorobutyl-ether-cas-163702-07-6\/#primaryimage"},"image":{"@id":"https:\/\/longchangchemical.com\/product\/methyl-perfluorobutyl-ether-cas-163702-07-6\/#primaryimage"},"thumbnailUrl":"https:\/\/longchangchemical.com\/wp-content\/uploads\/2020\/09\/Methyl-Perfluorobutyl-Ether-appearance.jpg","datePublished":"2020-09-18T03:54:00+00:00","dateModified":"2022-05-29T12:19:56+00:00","description":"Longchang chemical est un fabricant et fournisseur chinois d'\u00e9ther m\u00e9thyl perfluorobutylique CAS 163702-07-6. Nous pouvons vous fournir le meilleur prix d'\u00e9ther m\u00e9thyl perfluorobutylique. Notre MOQ est de 1kg. Nous vous ferons un devis dans les 24 heures.","breadcrumb":{"@id":"https:\/\/longchangchemical.com\/product\/methyl-perfluorobutyl-ether-cas-163702-07-6\/#breadcrumb"},"inLanguage":"fr-FR","potentialAction":[{"@type":"ReadAction","target":["https:\/\/longchangchemical.com\/product\/methyl-perfluorobutyl-ether-cas-163702-07-6\/"]}]},{"@type":"ImageObject","inLanguage":"fr-FR","@id":"https:\/\/longchangchemical.com\/product\/methyl-perfluorobutyl-ether-cas-163702-07-6\/#primaryimage","url":"https:\/\/longchangchemical.com\/wp-content\/uploads\/2020\/09\/Methyl-Perfluorobutyl-Ether-appearance.jpg","contentUrl":"https:\/\/longchangchemical.com\/wp-content\/uploads\/2020\/09\/Methyl-Perfluorobutyl-Ether-appearance.jpg","width":600,"height":800,"caption":"Methyl Perfluorobutyl Ether appearance"},{"@type":"BreadcrumbList","@id":"https:\/\/longchangchemical.com\/product\/methyl-perfluorobutyl-ether-cas-163702-07-6\/#breadcrumb","itemListElement":[{"@type":"ListItem","position":1,"name":"Home","item":"https:\/\/longchangchemical.com\/"},{"@type":"ListItem","position":2,"name":"Products Longchang","item":"https:\/\/longchangchemical.com\/product\/"},{"@type":"ListItem","position":3,"name":"Methyl perfluorobutyl ether cas 163702-07-6"}]},{"@type":"WebSite","@id":"https:\/\/longchangchemical.com\/#website","url":"https:\/\/longchangchemical.com\/","name":"Longchang Chemical","description":"Fabricant chinois de produits chimiques \uff06 fournisseur","publisher":{"@id":"https:\/\/longchangchemical.com\/#organization"},"potentialAction":[{"@type":"SearchAction","target":{"@type":"EntryPoint","urlTemplate":"https:\/\/longchangchemical.com\/?s={search_term_string}"},"query-input":{"@type":"PropertyValueSpecification","valueRequired":true,"valueName":"search_term_string"}}],"inLanguage":"fr-FR"},{"@type":"Organization","@id":"https:\/\/longchangchemical.com\/#organization","name":"Longchang Chemical","url":"https:\/\/longchangchemical.com\/","logo":{"@type":"ImageObject","inLanguage":"fr-FR","@id":"https:\/\/longchangchemical.com\/#\/schema\/logo\/image\/","url":"https:\/\/longchangchemical.com\/wp-content\/uploads\/2020\/08\/cropped-longchang-logo.png","contentUrl":"https:\/\/longchangchemical.com\/wp-content\/uploads\/2020\/08\/cropped-longchang-logo.png","width":512,"height":512,"caption":"Longchang Chemical"},"image":{"@id":"https:\/\/longchangchemical.com\/#\/schema\/logo\/image\/"}}]}},"_links":{"self":[{"href":"https:\/\/longchangchemical.com\/fr\/wp-json\/wp\/v2\/product\/3253","targetHints":{"allow":["GET"]}}],"collection":[{"href":"https:\/\/longchangchemical.com\/fr\/wp-json\/wp\/v2\/product"}],"about":[{"href":"https:\/\/longchangchemical.com\/fr\/wp-json\/wp\/v2\/types\/product"}],"replies":[{"embeddable":true,"href":"https:\/\/longchangchemical.com\/fr\/wp-json\/wp\/v2\/comments?post=3253"}],"wp:featuredmedia":[{"embeddable":true,"href":"https:\/\/longchangchemical.com\/fr\/wp-json\/wp\/v2\/media\/3255"}],"wp:attachment":[{"href":"https:\/\/longchangchemical.com\/fr\/wp-json\/wp\/v2\/media?parent=3253"}],"wp:term":[{"taxonomy":"product_brand","embeddable":true,"href":"https:\/\/longchangchemical.com\/fr\/wp-json\/wp\/v2\/product_brand?post=3253"},{"taxonomy":"product_cat","embeddable":true,"href":"https:\/\/longchangchemical.com\/fr\/wp-json\/wp\/v2\/product_cat?post=3253"},{"taxonomy":"product_tag","embeddable":true,"href":"https:\/\/longchangchemical.com\/fr\/wp-json\/wp\/v2\/product_tag?post=3253"}],"curies":[{"name":"wp","href":"https:\/\/api.w.org\/{rel}","templated":true}]}}