{"id":3248,"date":"2020-09-17T02:11:54","date_gmt":"2020-09-17T02:11:54","guid":{"rendered":"https:\/\/longchangchemical.com\/?post_type=product&#038;p=3248"},"modified":"2025-12-16T08:53:23","modified_gmt":"2025-12-16T08:53:23","slug":"naringinase-cas-9068-31-9","status":"publish","type":"product","link":"https:\/\/longchangchemical.com\/fr\/product\/naringinase-cas-9068-31-9\/","title":{"rendered":"Longzyme\u00ae Naringinase CAS 9068-31-9"},"content":{"rendered":"<h2><strong><b>Propri\u00e9t\u00e9s typiques de la naringinase<\/b><\/strong><\/h2>\n<p><strong><b>\u00a0<\/b><\/strong><\/p>\n<table>\n<tbody>\n<tr>\n<td width=\"186\"><strong><b>TEST<\/b><\/strong><\/td>\n<td width=\"125\"><strong><b>S<\/b><\/strong><strong><b>p\u00e9cisions<\/b><\/strong><\/td>\n<td width=\"191\"><strong><b>R\u00e9sultats des tests<\/b><\/strong><\/td>\n<td width=\"134\"><strong><b>R\u00e9sultats<\/b><\/strong><\/td>\n<\/tr>\n<tr>\n<td width=\"186\">Apparence<\/td>\n<td width=\"125\">Poudre blanche \u00e0 jaune clair<\/td>\n<td width=\"191\">Poudre blanche \u00e0 jaune clair<\/td>\n<td width=\"134\">Conformit\u00e9<\/td>\n<\/tr>\n<tr>\n<td width=\"186\">Activit\u00e9 enzymatique (milliers d'u\/g)<\/td>\n<td width=\"125\">\u2265100<\/td>\n<td width=\"191\">100<\/td>\n<td width=\"134\">Conformit\u00e9<\/td>\n<\/tr>\n<tr>\n<td width=\"186\">Arsenic total (mg\/kg)<\/td>\n<td width=\"125\">\u22643<\/td>\n<td width=\"191\">&lt;3<\/td>\n<td width=\"134\">Conformit\u00e9<\/td>\n<\/tr>\n<tr>\n<td width=\"186\">Pb (mg\/kg)<\/td>\n<td width=\"125\">\u22645<\/td>\n<td width=\"191\">&lt;5<\/td>\n<td width=\"134\">Conformit\u00e9<\/td>\n<\/tr>\n<tr>\n<td width=\"186\">Nombre total de colonies (cfu\/g)<\/td>\n<td width=\"125\">\u226450000<\/td>\n<td width=\"191\">22000<\/td>\n<td width=\"134\">Conformit\u00e9<\/td>\n<\/tr>\n<tr>\n<td width=\"186\">Coliformes (cfu\/g)<\/td>\n<td width=\"125\">\u226430<\/td>\n<td width=\"191\">18<\/td>\n<td width=\"134\">Conformit\u00e9<\/td>\n<\/tr>\n<tr>\n<td width=\"186\">Moisissures et levures (cfu\/g)<\/td>\n<td width=\"125\">\u226430<\/td>\n<td width=\"191\">16<\/td>\n<td width=\"134\">Conformit\u00e9<\/td>\n<\/tr>\n<tr>\n<td width=\"186\">Escherichia coli (mpn\/g)<\/td>\n<td width=\"125\">\u22643<\/td>\n<td width=\"191\">&lt;3<\/td>\n<td width=\"134\">Conformit\u00e9<\/td>\n<\/tr>\n<tr>\n<td width=\"186\">Salmonelle (25g)<\/td>\n<td width=\"125\">Non d\u00e9tectable<\/td>\n<td width=\"191\">Non d\u00e9tect\u00e9<\/td>\n<td width=\"134\">Conformit\u00e9<\/td>\n<\/tr>\n<tr>\n<td width=\"186\">Nom de marque<\/td>\n<td width=\"125\">Produits chimiques Fousi<\/td>\n<td width=\"191\"><\/td>\n<td width=\"134\"><\/td>\n<\/tr>\n<\/tbody>\n<\/table>\n<p><strong><b>\u00a0<\/b><\/strong><\/p>\n<p><strong><b>Nous produisons la NARINGINASE avec une activit\u00e9 enzymatique de 20 000<\/b><\/strong><strong><b>. 50,000.<\/b><\/strong><strong><b>\u00a0100 000 et 200 000, si vous avez besoin d'autres niveaux, nous pouvons \u00e9galement les personnaliser.\u00a0<\/b><\/strong><\/p>\n<h2><strong><b>Naringinase Propri\u00e9t\u00e9s chimiques<\/b><\/strong><\/h2>\n<p>1. Ce produit est une pr\u00e9paration enzymatique. Il est principalement utilis\u00e9 pour d\u00e9sam\u00e9riser le jus de fruit, la pulpe et l'\u00e9corce de pamplemousse et d'orange am\u00e8re.<\/p>\n<p>2. Ce produit contient principalement deux enzymes, l'une est la rhamnosidase, qui peut hydrolyser la naringine am\u00e8re (pummeloside-7-rhamnoside) en rhamnose et en nosuline, la seconde est la \u03b2 -Glucosidase, qui peut hydrolyser la sakurarine en substance de pomelo inodore et en glucose, le processus est le suivant : la valeur pH optimale de la naringinase est de 3,5 \uff5e 0, et la temp\u00e9rature optimale est de 50 \uff5e 60 \u2103.<\/p>\n<h2><strong><b>Utilisation de la naringinase<\/b><\/strong><\/h2>\n<p>&nbsp;<\/p>\n<h3>1. Production d'antibiotiques<\/h3>\n<p>L'activit\u00e9 biologique de la rhamnosidase dans la naringinase permet de produire l'antibiotique chloropolysporine, qui est une classe d'antibiotiques glycopeptides d\u00e9glycosyl\u00e9s. Les chloropolysporines A, B et C peuvent \u00eatre converties en produits d\u00e9glycosyl\u00e9s par hydrolyse enzymatique. L'utilisation combin\u00e9e d'antibiotiques \u00e0 base de chloropolysporine C et d'antibiotiques \u00e0 base de lactamines peut renforcer l'effet sur les staphylocoques r\u00e9sistants aux m\u00e9thamph\u00e9tamines. Les chloropolysporines ont un fort effet inhibiteur sur les bact\u00e9ries \u00e0 Gram positif, y compris les staphylocoques r\u00e9sistants \u00e0 la m\u00e9thicilline et les bact\u00e9ries intestinales ana\u00e9robies \u00e0 Gram positif. D'une mani\u00e8re g\u00e9n\u00e9rale, la chloropolysporine C est le composant le plus actif des compos\u00e9s de chloropolysporine, et son activit\u00e9 est sup\u00e9rieure \u00e0 celle des \u03b2-avoparcines.<\/p>\n<p>&nbsp;<\/p>\n<h3>2. Production de rhamnose<\/h3>\n<p>Le rhamnose peut \u00eatre produit en hydrolysant la naringine avec la naringinase compos\u00e9e d'un syst\u00e8me mixte de rhamnosidase \u00e0 haute activit\u00e9 et de glucosidase \u00e0 faible activit\u00e9. Le rhamnose peut \u00eatre utilis\u00e9 pour pr\u00e9parer des m\u00e9dicaments et des agents de protection des plantes.<\/p>\n<p>&nbsp;<\/p>\n<h3>3. Production de prunine<\/h3>\n<p>Apr\u00e8s traitement de la naringinase immobilis\u00e9e avec un tampon alcalin, la naringine peut \u00eatre hydrolys\u00e9e pour produire de la purunine. Le rendement du produit est plus \u00e9lev\u00e9. La purunine a une activit\u00e9 contre les virus ADN\/ARN. Les flavono\u00efdes ont une activit\u00e9 anti-inflammatoire et peuvent \u00eatre utilis\u00e9s comme substitut aux sucreries pour les diab\u00e9tiques. De nombreux flavono\u00efdes naturels pr\u00e9sentent des caract\u00e9ristiques spectrales variables contre les virus \u00e0 ADN ou \u00e0 ARN. L'infection et la r\u00e9plication des flavono\u00efdes naringine, hesp\u00e9ritine et purunine contre les virus HSV-1 (poliovirustype-1), Pf-3 (parainfluenzavirustype-3) et RSV (respiratorysyncytialvirus) sont \u00e9tudi\u00e9es dans le cadre de cultures cellulaires in vitro. Selon des rapports, des exp\u00e9riences de simulation sur des animaux ont montr\u00e9 que le glycoside dihydroflavono\u00efde naring\u00e9nine peut pr\u00e9venir les ulc\u00e8res gastriques. La naring\u00e9nine elle-m\u00eame a un effet sur les probl\u00e8mes d'estomac caus\u00e9s par l'alcool.<\/p>\n<p>&nbsp;<\/p>\n<h3>4. St\u00e9ro\u00efdes de transformation<\/h3>\n<p>Les graines de fenugrec peuvent \u00eatre hydrolys\u00e9es enzymatiquement par la naringinase pour produire de la saponine et de la dioscine (un st\u00e9ro\u00efde cliniquement utile). Dans ce processus, la naringinase et la pectinase immobilis\u00e9es peuvent \u00eatre r\u00e9utilis\u00e9es deux fois sans perte de dioscine.<\/p>\n<p>&nbsp;<\/p>\n<h3>5. Autres<\/h3>\n<p>L'interaction de la rhamnosidase, de la \u03b2-glucosidase et de l'arabinosidase peut am\u00e9liorer l'ar\u00f4me du vin, ce qui utilise principalement l'activit\u00e9 biologique de la rhamnosidase dans la naringinase. L'objectif de l'immobilisation de la glucosidase fongique sur un support solide est d'agir en continu sur le vin, de promouvoir l'am\u00e9lioration de la saveur et d'augmenter la saveur du vin. Parall\u00e8lement, le comportement dynamique et l'immobilisation du syst\u00e8me sont \u00e9galement \u00e9tudi\u00e9s. La co-immobilisation de l'amylase, de la polygalacturonase et de la naringinase pour l'hydrolyse de l'amidon et de la pectine dans les jus de fruits et de l\u00e9gumes est meilleure que l'immobilisation de l'amylase et de la pectinase seules. La naringinase a \u00e9t\u00e9 immobilis\u00e9e sur la chitine, le chitosane et le DE-chitosane respectivement, et les r\u00e9sultats ont montr\u00e9 que toutes ces substances pouvaient am\u00e9liorer la saveur du vin.<\/p>\n<h2><strong><b>Emballage de la naringinase<\/b><\/strong><\/h2>\n<p>25kg\/tambour<\/p>\n<h2><strong><b>Contactez-nous d\u00e8s maintenant !<\/b><\/strong><\/h2>\n<h4><strong><b>Si vous avez besoin de Price, veuillez indiquer vos coordonn\u00e9es dans le formulaire ci-dessous. Nous vous contacterons g\u00e9n\u00e9ralement dans les 24 heures. Vous pouvez \u00e9galement m'envoyer un courriel\u00a0<span style=\"color: #00ccff;\"><a style=\"color: #00ccff;\" href=\"mailto:info@longchangchemical.com\">info@longchangchemical.com<\/a><\/span>\u00a0pendant les heures de travail ( 8:30 am to 6:00 pm UTC+8 Mon.~Sat. ) ou utilisez le chat en direct du site web pour obtenir une r\u00e9ponse rapide.<\/b><\/strong><\/h4>\n<table style=\"border-collapse: collapse; width: 326.27pt;\" border=\"0\" width=\"435\" cellspacing=\"0\" cellpadding=\"0\">\n<tbody>\n<tr style=\"height: 13.50pt;\">\n<td class=\"et2\" style=\"height: 13.50pt; width: 164.25pt;\" width=\"219\" height=\"18\"><a href=\"https:\/\/longchangchemical.com\/fr\/product\/compound-glucoamylase-cas-9032-08-0\/\"><span style=\"color: #00ccff;\">Compos\u00e9 Glucoamylase<\/span><\/a><\/td>\n<td class=\"et2\" style=\"width: 162.00pt;\" width=\"216\">9032-08-0<\/td>\n<\/tr>\n<tr style=\"height: 13.50pt;\">\n<td class=\"et2\" style=\"height: 13.50pt;\" height=\"18\"><a href=\"https:\/\/longchangchemical.com\/fr\/product\/pullulanase-cas-9075-68-7\/\"><span style=\"color: #00ccff;\">Pullulanase<\/span><\/a><\/td>\n<td class=\"et2\">9075-68-7<\/td>\n<\/tr>\n<tr style=\"height: 13.50pt;\">\n<td class=\"et2\" style=\"height: 13.50pt;\" height=\"18\"><a href=\"https:\/\/longchangchemical.com\/fr\/product\/xylanase-cas-37278-89-0\/\"><span style=\"color: #00ccff;\">Xylanase<\/span><\/a><\/td>\n<td class=\"et2\">37278-89-0<\/td>\n<\/tr>\n<tr style=\"height: 13.50pt;\">\n<td class=\"et2\" style=\"height: 13.50pt;\" height=\"18\"><a href=\"https:\/\/longchangchemical.com\/fr\/product\/cellulase-cas-9012-54-8\/\"><span style=\"color: #00ccff;\">Cellulase<\/span><\/a><\/td>\n<td class=\"et2\">9012-54-8<\/td>\n<\/tr>\n<tr style=\"height: 13.50pt;\">\n<td class=\"et2\" style=\"height: 13.50pt;\" height=\"18\"><a href=\"https:\/\/longchangchemical.com\/fr\/product\/naringinase-cas-9068-31-9\/\"><span style=\"color: #00ccff;\">Naringinase<\/span><\/a><\/td>\n<td class=\"et2\">9068-31-9<\/td>\n<\/tr>\n<tr style=\"height: 13.50pt;\">\n<td class=\"et2\" style=\"height: 13.50pt;\" height=\"18\"><a href=\"https:\/\/longchangchemical.com\/fr\/product\/beta-amylase-cas-9000-91-3\/\"><span style=\"color: #00ccff;\">\u03b2-Amylase<\/span><\/a><\/td>\n<td class=\"et2\">9000-91-3<\/td>\n<\/tr>\n<tr style=\"height: 13.50pt;\">\n<td class=\"et2\" style=\"height: 13.50pt;\" height=\"18\"><a href=\"https:\/\/longchangchemical.com\/fr\/product\/glucose-oxidase-cas-9001-37-0\/\"><span style=\"color: #00ccff;\">Glucose oxydase<\/span><\/a><\/td>\n<td class=\"et2\">9001-37-0<\/td>\n<\/tr>\n<tr style=\"height: 13.50pt;\">\n<td class=\"et2\" style=\"height: 13.50pt;\" height=\"18\">alpha-amylase<\/td>\n<td class=\"et2\">9000-90-2<\/td>\n<\/tr>\n<tr style=\"height: 13.50pt;\">\n<td class=\"et2\" style=\"height: 13.50pt;\" height=\"18\"><a href=\"https:\/\/longchangchemical.com\/fr\/product\/longzyme-acid-pectinase-cas-9032-75-1\/\"><span style=\"color: #00ccff;\">Pectinase<\/span><\/a><\/td>\n<td class=\"et2\">9032-75-1<\/td>\n<\/tr>\n<tr style=\"height: 13.50pt;\">\n<td class=\"et2\" style=\"height: 13.50pt;\" height=\"18\">Peroxydase<\/td>\n<td class=\"et2\">9003-99-0<\/td>\n<\/tr>\n<tr style=\"height: 13.50pt;\">\n<td class=\"et2\" style=\"height: 13.50pt;\" height=\"18\"><a href=\"https:\/\/longchangchemical.com\/fr\/product\/lipase-cas-9001-62-1\/\"><span style=\"color: #00ccff;\">Lipase<\/span><\/a><\/td>\n<td class=\"et2\">9001-62-1<\/td>\n<\/tr>\n<tr style=\"height: 13.50pt;\">\n<td class=\"et2\" style=\"height: 13.50pt;\" height=\"18\"><a href=\"https:\/\/longchangchemical.com\/fr\/product\/catalase-cas-9001-05-2\/\"><span style=\"color: #00ccff;\">Catalase<\/span><\/a><\/td>\n<td class=\"et4\">9001-05-2<\/td>\n<\/tr>\n<tr style=\"height: 13.50pt;\">\n<td class=\"et2\" style=\"height: 13.50pt;\" height=\"18\"><a href=\"https:\/\/longchangchemical.com\/fr\/product\/tannase-cas-9025-71-2\/\"><span style=\"color: #00ccff;\">TANNASE<\/span><\/a><\/td>\n<td class=\"et2\">9025-71-2<\/td>\n<\/tr>\n<tr style=\"height: 13.50pt;\">\n<td class=\"et2\" style=\"height: 13.50pt;\" height=\"18\"><a href=\"https:\/\/longchangchemical.com\/fr\/product\/elastase-cas-39445-21-1\/\"><span style=\"color: #00ccff;\">Elastase<\/span><\/a><\/td>\n<td class=\"et2\">39445-21-1<\/td>\n<\/tr>\n<tr style=\"height: 13.50pt;\">\n<td class=\"et2\" style=\"height: 13.50pt;\" height=\"18\"><a href=\"https:\/\/longchangchemical.com\/fr\/product\/urease-cas-9002-13-5\/\"><span style=\"color: #00ccff;\">Ur\u00e9ase<\/span><\/a><\/td>\n<td class=\"et2\">9002-13-5<\/td>\n<\/tr>\n<tr style=\"height: 13.50pt;\">\n<td class=\"et2\" style=\"height: 13.50pt;\" height=\"18\"><a href=\"https:\/\/longchangchemical.com\/fr\/product\/dextranase-cas-9025-70-1\/\"><span style=\"color: #00ccff;\">DEXTRANASE<\/span><\/a><\/td>\n<td class=\"et2\">9025-70-1<\/td>\n<\/tr>\n<tr style=\"height: 13.50pt;\">\n<td class=\"et2\" style=\"height: 13.5pt; text-align: left;\" height=\"18\"><a href=\"https:\/\/longchangchemical.com\/fr\/product\/l-lactic-dehydrogenase-cas-9001-60-9\/\"><span style=\"color: #00ccff;\">L-Lactique d\u00e9shydrog\u00e9nase<\/span><\/a><\/td>\n<td class=\"et2\">9001-60-9<\/td>\n<\/tr>\n<tr style=\"height: 13.50pt;\">\n<td class=\"et2\" style=\"height: 13.50pt;\" height=\"18\"><a href=\"https:\/\/longchangchemical.com\/fr\/product\/dehydrogenase-malate-cas-9001-64-3\/\"><span style=\"color: #00ccff;\">D\u00e9shydrog\u00e9nase malate<\/span><\/a><\/td>\n<td class=\"et2\">9001-64-3<\/td>\n<\/tr>\n<tr style=\"height: 13.50pt;\">\n<td class=\"et2\" style=\"height: 13.50pt;\" height=\"18\"><a href=\"https:\/\/longchangchemical.com\/fr\/product\/cholesterol-oxidase-cas-9028-76-6\/\"><span style=\"color: #00ccff;\">Cholest\u00e9rol oxydase<\/span><\/a><\/td>\n<td class=\"et2\">9028-76-6<\/td>\n<\/tr>\n<\/tbody>\n<\/table>","protected":false},"excerpt":{"rendered":"<h2><strong><b>Naringinase D\u00e9tails rapides<\/b><\/strong><\/h2>\n<p>Nom chimique : Naringinase<\/p>\n<p>CAS : 9068-31-9<\/p>\n<p>Aspect : Poudre blanche \u00e0 jaune clair<\/p>","protected":false},"featured_media":3249,"comment_status":"open","ping_status":"closed","template":"","meta":[],"product_brand":[],"product_cat":[172],"product_tag":[],"class_list":{"0":"post-3248","1":"product","2":"type-product","3":"status-publish","4":"has-post-thumbnail","6":"product_cat-longzyme-enzyme","8":"first","9":"instock","10":"shipping-taxable","11":"product-type-simple"},"yoast_head":"<!-- This site is optimized with the Yoast SEO plugin v25.3.1 - https:\/\/yoast.com\/wordpress\/plugins\/seo\/ -->\n<title>China Naringinase manufacturer and supplier - Longchang chemical<\/title>\n<meta name=\"description\" content=\"Longchang chemical is China top Naringinase suppliers \uff06 CAS 9068-31-9 manufacturers, Our MOQ is 1kg, we can provide the best Naringinase price. We provide customized services\" \/>\n<meta name=\"robots\" content=\"index, follow, max-snippet:-1, max-image-preview:large, max-video-preview:-1\" \/>\n<link rel=\"canonical\" href=\"https:\/\/longchangchemical.com\/fr\/product\/naringinase-cas-9068-31-9\/\" \/>\n<meta property=\"og:locale\" content=\"fr_FR\" \/>\n<meta property=\"og:type\" content=\"article\" \/>\n<meta property=\"og:title\" content=\"China Naringinase manufacturer and supplier - Longchang chemical\" \/>\n<meta property=\"og:description\" content=\"Longchang chemical is China top Naringinase suppliers \uff06 CAS 9068-31-9 manufacturers, Our MOQ is 1kg, we can provide the best Naringinase price. We provide customized services\" \/>\n<meta property=\"og:url\" content=\"https:\/\/longchangchemical.com\/fr\/product\/naringinase-cas-9068-31-9\/\" \/>\n<meta property=\"og:site_name\" content=\"Longchang Chemical\" \/>\n<meta property=\"article:modified_time\" content=\"2025-12-16T08:53:23+00:00\" \/>\n<meta property=\"og:image\" content=\"https:\/\/longchangchemical.com\/wp-content\/uploads\/2020\/09\/Naringinase-package1.jpg\" \/>\n\t<meta property=\"og:image:width\" content=\"600\" \/>\n\t<meta property=\"og:image:height\" content=\"800\" \/>\n\t<meta property=\"og:image:type\" content=\"image\/jpeg\" \/>\n<meta name=\"twitter:card\" content=\"summary_large_image\" \/>\n<script type=\"application\/ld+json\" class=\"yoast-schema-graph\">{\"@context\":\"https:\/\/schema.org\",\"@graph\":[{\"@type\":\"WebPage\",\"@id\":\"https:\/\/longchangchemical.com\/product\/naringinase-cas-9068-31-9\/\",\"url\":\"https:\/\/longchangchemical.com\/product\/naringinase-cas-9068-31-9\/\",\"name\":\"China Naringinase manufacturer and supplier - Longchang chemical\",\"isPartOf\":{\"@id\":\"https:\/\/longchangchemical.com\/#website\"},\"primaryImageOfPage\":{\"@id\":\"https:\/\/longchangchemical.com\/product\/naringinase-cas-9068-31-9\/#primaryimage\"},\"image\":{\"@id\":\"https:\/\/longchangchemical.com\/product\/naringinase-cas-9068-31-9\/#primaryimage\"},\"thumbnailUrl\":\"https:\/\/longchangchemical.com\/wp-content\/uploads\/2020\/09\/Naringinase-package1.jpg\",\"datePublished\":\"2020-09-17T02:11:54+00:00\",\"dateModified\":\"2025-12-16T08:53:23+00:00\",\"description\":\"Longchang chemical is China top Naringinase suppliers \uff06 CAS 9068-31-9 manufacturers, Our MOQ is 1kg, we can provide the best Naringinase price. We provide customized services\",\"breadcrumb\":{\"@id\":\"https:\/\/longchangchemical.com\/product\/naringinase-cas-9068-31-9\/#breadcrumb\"},\"inLanguage\":\"fr-FR\",\"potentialAction\":[{\"@type\":\"ReadAction\",\"target\":[\"https:\/\/longchangchemical.com\/product\/naringinase-cas-9068-31-9\/\"]}]},{\"@type\":\"ImageObject\",\"inLanguage\":\"fr-FR\",\"@id\":\"https:\/\/longchangchemical.com\/product\/naringinase-cas-9068-31-9\/#primaryimage\",\"url\":\"https:\/\/longchangchemical.com\/wp-content\/uploads\/2020\/09\/Naringinase-package1.jpg\",\"contentUrl\":\"https:\/\/longchangchemical.com\/wp-content\/uploads\/2020\/09\/Naringinase-package1.jpg\",\"width\":600,\"height\":800,\"caption\":\"Naringinase package1\"},{\"@type\":\"BreadcrumbList\",\"@id\":\"https:\/\/longchangchemical.com\/product\/naringinase-cas-9068-31-9\/#breadcrumb\",\"itemListElement\":[{\"@type\":\"ListItem\",\"position\":1,\"name\":\"Home\",\"item\":\"https:\/\/longchangchemical.com\/\"},{\"@type\":\"ListItem\",\"position\":2,\"name\":\"Products Longchang\",\"item\":\"https:\/\/longchangchemical.com\/product\/\"},{\"@type\":\"ListItem\",\"position\":3,\"name\":\"Longzyme\u00ae Naringinase CAS 9068-31-9\"}]},{\"@type\":\"WebSite\",\"@id\":\"https:\/\/longchangchemical.com\/#website\",\"url\":\"https:\/\/longchangchemical.com\/\",\"name\":\"Longchang Chemical\",\"description\":\"China chemical manufacturer \uff06 supplier\",\"publisher\":{\"@id\":\"https:\/\/longchangchemical.com\/#organization\"},\"potentialAction\":[{\"@type\":\"SearchAction\",\"target\":{\"@type\":\"EntryPoint\",\"urlTemplate\":\"https:\/\/longchangchemical.com\/?s={search_term_string}\"},\"query-input\":{\"@type\":\"PropertyValueSpecification\",\"valueRequired\":true,\"valueName\":\"search_term_string\"}}],\"inLanguage\":\"fr-FR\"},{\"@type\":\"Organization\",\"@id\":\"https:\/\/longchangchemical.com\/#organization\",\"name\":\"Longchang Chemical\",\"url\":\"https:\/\/longchangchemical.com\/\",\"logo\":{\"@type\":\"ImageObject\",\"inLanguage\":\"fr-FR\",\"@id\":\"https:\/\/longchangchemical.com\/#\/schema\/logo\/image\/\",\"url\":\"https:\/\/longchangchemical.com\/wp-content\/uploads\/2020\/08\/cropped-longchang-logo.png\",\"contentUrl\":\"https:\/\/longchangchemical.com\/wp-content\/uploads\/2020\/08\/cropped-longchang-logo.png\",\"width\":512,\"height\":512,\"caption\":\"Longchang Chemical\"},\"image\":{\"@id\":\"https:\/\/longchangchemical.com\/#\/schema\/logo\/image\/\"}}]}<\/script>\n<!-- \/ Yoast SEO plugin. -->","yoast_head_json":{"title":"Fabricant et fournisseur chinois de Naringinase - Longchang chemical","description":"Longchang chemical est un fabricant chinois de Naringinase \uff06 CAS 9068-31-9. Notre MOQ est de 1kg, nous pouvons vous fournir le meilleur prix de Naringinase. Nous fournissons des services personnalis\u00e9s.","robots":{"index":"index","follow":"follow","max-snippet":"max-snippet:-1","max-image-preview":"max-image-preview:large","max-video-preview":"max-video-preview:-1"},"canonical":"https:\/\/longchangchemical.com\/fr\/product\/naringinase-cas-9068-31-9\/","og_locale":"fr_FR","og_type":"article","og_title":"China Naringinase manufacturer and supplier - Longchang chemical","og_description":"Longchang chemical is China top Naringinase suppliers \uff06 CAS 9068-31-9 manufacturers, Our MOQ is 1kg, we can provide the best Naringinase price. We provide customized services","og_url":"https:\/\/longchangchemical.com\/fr\/product\/naringinase-cas-9068-31-9\/","og_site_name":"Longchang Chemical","article_modified_time":"2025-12-16T08:53:23+00:00","og_image":[{"width":600,"height":800,"url":"https:\/\/longchangchemical.com\/wp-content\/uploads\/2020\/09\/Naringinase-package1.jpg","type":"image\/jpeg"}],"twitter_card":"summary_large_image","schema":{"@context":"https:\/\/schema.org","@graph":[{"@type":"WebPage","@id":"https:\/\/longchangchemical.com\/product\/naringinase-cas-9068-31-9\/","url":"https:\/\/longchangchemical.com\/product\/naringinase-cas-9068-31-9\/","name":"Fabricant et fournisseur chinois de Naringinase - Longchang chemical","isPartOf":{"@id":"https:\/\/longchangchemical.com\/#website"},"primaryImageOfPage":{"@id":"https:\/\/longchangchemical.com\/product\/naringinase-cas-9068-31-9\/#primaryimage"},"image":{"@id":"https:\/\/longchangchemical.com\/product\/naringinase-cas-9068-31-9\/#primaryimage"},"thumbnailUrl":"https:\/\/longchangchemical.com\/wp-content\/uploads\/2020\/09\/Naringinase-package1.jpg","datePublished":"2020-09-17T02:11:54+00:00","dateModified":"2025-12-16T08:53:23+00:00","description":"Longchang chemical est un fabricant chinois de Naringinase \uff06 CAS 9068-31-9. Notre MOQ est de 1kg, nous pouvons vous fournir le meilleur prix de Naringinase. Nous fournissons des services personnalis\u00e9s.","breadcrumb":{"@id":"https:\/\/longchangchemical.com\/product\/naringinase-cas-9068-31-9\/#breadcrumb"},"inLanguage":"fr-FR","potentialAction":[{"@type":"ReadAction","target":["https:\/\/longchangchemical.com\/product\/naringinase-cas-9068-31-9\/"]}]},{"@type":"ImageObject","inLanguage":"fr-FR","@id":"https:\/\/longchangchemical.com\/product\/naringinase-cas-9068-31-9\/#primaryimage","url":"https:\/\/longchangchemical.com\/wp-content\/uploads\/2020\/09\/Naringinase-package1.jpg","contentUrl":"https:\/\/longchangchemical.com\/wp-content\/uploads\/2020\/09\/Naringinase-package1.jpg","width":600,"height":800,"caption":"Naringinase package1"},{"@type":"BreadcrumbList","@id":"https:\/\/longchangchemical.com\/product\/naringinase-cas-9068-31-9\/#breadcrumb","itemListElement":[{"@type":"ListItem","position":1,"name":"Home","item":"https:\/\/longchangchemical.com\/"},{"@type":"ListItem","position":2,"name":"Products Longchang","item":"https:\/\/longchangchemical.com\/product\/"},{"@type":"ListItem","position":3,"name":"Longzyme\u00ae Naringinase CAS 9068-31-9"}]},{"@type":"WebSite","@id":"https:\/\/longchangchemical.com\/#website","url":"https:\/\/longchangchemical.com\/","name":"Longchang Chemical","description":"Fabricant chinois de produits chimiques \uff06 fournisseur","publisher":{"@id":"https:\/\/longchangchemical.com\/#organization"},"potentialAction":[{"@type":"SearchAction","target":{"@type":"EntryPoint","urlTemplate":"https:\/\/longchangchemical.com\/?s={search_term_string}"},"query-input":{"@type":"PropertyValueSpecification","valueRequired":true,"valueName":"search_term_string"}}],"inLanguage":"fr-FR"},{"@type":"Organization","@id":"https:\/\/longchangchemical.com\/#organization","name":"Longchang Chemical","url":"https:\/\/longchangchemical.com\/","logo":{"@type":"ImageObject","inLanguage":"fr-FR","@id":"https:\/\/longchangchemical.com\/#\/schema\/logo\/image\/","url":"https:\/\/longchangchemical.com\/wp-content\/uploads\/2020\/08\/cropped-longchang-logo.png","contentUrl":"https:\/\/longchangchemical.com\/wp-content\/uploads\/2020\/08\/cropped-longchang-logo.png","width":512,"height":512,"caption":"Longchang Chemical"},"image":{"@id":"https:\/\/longchangchemical.com\/#\/schema\/logo\/image\/"}}]}},"_links":{"self":[{"href":"https:\/\/longchangchemical.com\/fr\/wp-json\/wp\/v2\/product\/3248","targetHints":{"allow":["GET"]}}],"collection":[{"href":"https:\/\/longchangchemical.com\/fr\/wp-json\/wp\/v2\/product"}],"about":[{"href":"https:\/\/longchangchemical.com\/fr\/wp-json\/wp\/v2\/types\/product"}],"replies":[{"embeddable":true,"href":"https:\/\/longchangchemical.com\/fr\/wp-json\/wp\/v2\/comments?post=3248"}],"wp:featuredmedia":[{"embeddable":true,"href":"https:\/\/longchangchemical.com\/fr\/wp-json\/wp\/v2\/media\/3249"}],"wp:attachment":[{"href":"https:\/\/longchangchemical.com\/fr\/wp-json\/wp\/v2\/media?parent=3248"}],"wp:term":[{"taxonomy":"product_brand","embeddable":true,"href":"https:\/\/longchangchemical.com\/fr\/wp-json\/wp\/v2\/product_brand?post=3248"},{"taxonomy":"product_cat","embeddable":true,"href":"https:\/\/longchangchemical.com\/fr\/wp-json\/wp\/v2\/product_cat?post=3248"},{"taxonomy":"product_tag","embeddable":true,"href":"https:\/\/longchangchemical.com\/fr\/wp-json\/wp\/v2\/product_tag?post=3248"}],"curies":[{"name":"wp","href":"https:\/\/api.w.org\/{rel}","templated":true}]}}