{"id":3245,"date":"2020-09-17T01:37:23","date_gmt":"2020-09-17T01:37:23","guid":{"rendered":"https:\/\/longchangchemical.com\/?post_type=product&#038;p=3245"},"modified":"2025-04-01T07:41:55","modified_gmt":"2025-04-01T07:41:55","slug":"fluorescent-brightener-378-cas-40470-68-6","status":"publish","type":"product","link":"https:\/\/longchangchemical.com\/fr\/product\/fluorescent-brightener-378-cas-40470-68-6\/","title":{"rendered":"CHLUMIPHOR\u00ae FP-127 \/ azurant fluorescent 378 CAS 40470-68-6"},"content":{"rendered":"<p>&nbsp;<\/p>\n<h2><strong><b>fluorescent Brightener 378 <\/b><\/strong><strong><b>Propri\u00e9t\u00e9s typiques<\/b><\/strong><\/h2>\n<table>\n<tbody>\n<tr>\n<td>Objet<\/td>\n<td>Sp\u00e9cifications<\/td>\n<\/tr>\n<tr>\n<td>Apparence<\/td>\n<td>poudre jaune p\u00e2le<\/td>\n<\/tr>\n<tr>\n<td>L'eau<\/td>\n<td>\u22640.5%<\/td>\n<\/tr>\n<tr>\n<td>Fr\u00eane<\/td>\n<td>\u22640.5%<\/td>\n<\/tr>\n<tr>\n<td>Point de fusion<\/td>\n<td>219-221\u2103<\/td>\n<\/tr>\n<tr>\n<td>Essai<\/td>\n<td>\u226599%<\/td>\n<\/tr>\n<\/tbody>\n<\/table>\n<h2><strong><b>fluorescent Brightener 378 <\/b><\/strong><strong><b>Utilisation<\/b><\/strong><\/h2>\n<ol>\n<li>Utilis\u00e9 pour blanchir les produits en PVC et en polystyr\u00e8ne et d'autres thermoplastiques<\/li>\n<li>Utilis\u00e9 pour le cuir artificiel, le blanchiment du cuir synth\u00e9tique et les rev\u00eatements d'encre d'imprimerie.<\/li>\n<\/ol>\n<h2><strong><b>Propri\u00e9t\u00e9s des <\/b><\/strong><strong><b>fluorescent Brightener 378<\/b><\/strong><\/h2>\n<p>L'azurant optique FP-127 est insoluble dans l'eau, mais soluble dans les solvants organiques courants. Sa longueur d'onde d'absorption maximale est de 368 nm et sa longueur d'onde d'\u00e9mission maximale est de 436 nm. Il pr\u00e9sente une forte r\u00e9sistance aux acides et aux alcalis, une grande blancheur, un faible dosage produisant un tr\u00e8s bon effet de blanchiment. L'azurant FP-127 pr\u00e9sente une bonne compatibilit\u00e9 avec les plastiques, une r\u00e9sistance aux temp\u00e9ratures \u00e9lev\u00e9es et une excellente r\u00e9sistance aux intemp\u00e9ries.<\/p>\n<h2><strong><b>Applications de la <\/b><\/strong><strong><b>fluorescent Brightener 378<\/b><\/strong><\/h2>\n<p>L'azurant optique FP-127 a un bon effet blanchissant sur toutes sortes de plastiques et de produits en plastique, en particulier sur le PVC, le polypropyl\u00e8ne et d'autres produits en plastique. Il est id\u00e9al pour blanchir et \u00e9claircir les produits en cuir artificiel et peut \u00e9galement \u00eatre utilis\u00e9 pour blanchir et \u00e9claircir d'autres plastiques thermoplastiques, des rev\u00eatements, des encres, des fibres synth\u00e9tiques, etc. L'azurant FP-127 pr\u00e9sente les avantages d'un stockage \u00e0 long terme sans jaunissement ni d\u00e9coloration. Le produit similaire est l'uvitex FP.<\/p>\n<p>&nbsp;<\/p>\n<h2><strong><b>fluorescent Brightener 378 <\/b><\/strong><strong><b>Paquet<\/b><\/strong><\/h2>\n<p>25kg\/f\u00fbt de fibre<\/p>\n<h2><strong><b>fluorescent Brightener 378 <\/b><\/strong><strong><b>Stockage<\/b><\/strong><\/h2>\n<p>Stock\u00e9 dans un entrep\u00f4t frais, sec et ventil\u00e9<\/p>\n<h2><\/h2>\n<h2><strong><b>Contactez-nous d\u00e8s maintenant !<\/b><\/strong><\/h2>\n<h4><strong><b>Si vous avez besoin de COA, MSDS ou TDS, veuillez remplir vos coordonn\u00e9es dans le formulaire ci-dessous, nous vous contacterons g\u00e9n\u00e9ralement dans les 24 heures. Vous pouvez \u00e9galement m'envoyer un courriel <span style=\"color: #0000ff;\"><a style=\"color: #0000ff;\" href=\"mailto:info@longchangchemical.com\">info@longchangchemical.com<\/a><\/span> pendant les heures de travail ( 8:30 am to 6:00 pm UTC+8 Mon.~Sat. ) ou utilisez le chat en direct du site web pour obtenir une r\u00e9ponse rapide.<\/b><\/strong><\/h4>","protected":false},"excerpt":{"rendered":"<h2><strong><b>fluorescent Brightener 378 <\/b><\/strong><strong><b>D\u00e9tails rapides<\/b><\/strong><\/h2>\n<p>Nom du produit : 4,4\u2032-Bis(2-Methoxystyryl)biphenyl \/ \u00c9claircisseur fluorescent CBS-127\/ \u00c9claircisseur fluorescent 378<\/p>\n<p>Num\u00e9ro CAS : 40470-68-6<\/p>\n<p>Formule mol\u00e9culaire : C30H26O2<\/p>\n<p>Poids mol\u00e9culaire : 418,53<\/p>\n<p>Eclaircisseur fluorescent 378 Structure :<\/p>\n<p><img decoding=\"async\" class=\"size-full wp-image-3246\" src=\"https:\/\/longchangchemical.com\/wp-content\/uploads\/2020\/09\/fluorescent-Brightener-378-Structure.png\" alt=\"fluorescent Brightener 378 Structure\" width=\"256\" height=\"141\" \/><\/p>\n<p>Aspect : poudre jaune p\u00e2le<\/p>\n<p>Puret\u00e9 : 99%<\/p>","protected":false},"featured_media":3247,"comment_status":"open","ping_status":"closed","template":"","meta":[],"product_brand":[],"product_cat":[140],"product_tag":[],"class_list":{"0":"post-3245","1":"product","2":"type-product","3":"status-publish","4":"has-post-thumbnail","6":"product_cat-chlumiphor-fluorescent-brightener","8":"first","9":"instock","10":"shipping-taxable","11":"product-type-simple"},"yoast_head":"<!-- This site is optimized with the Yoast SEO plugin v25.3.1 - https:\/\/yoast.com\/wordpress\/plugins\/seo\/ -->\n<title>China fluorescent Brightener 378 manufacturer and supplier - Longchang chemical<\/title>\n<meta name=\"description\" content=\"Longchang chemical is a China fluorescent Brightener 378 CAS 40470-68-6 manufacturer and supplier, we can provide the best fluorescent Brightener 378 price. Other Name: 4,4\u2032-Bis(2-Methoxystyryl)biphenyl \/ Fluorescent Brightener CBS-127\" \/>\n<meta name=\"robots\" content=\"index, follow, max-snippet:-1, max-image-preview:large, max-video-preview:-1\" \/>\n<link rel=\"canonical\" href=\"https:\/\/longchangchemical.com\/fr\/product\/fluorescent-brightener-378-cas-40470-68-6\/\" \/>\n<meta property=\"og:locale\" content=\"fr_FR\" \/>\n<meta property=\"og:type\" content=\"article\" \/>\n<meta property=\"og:title\" content=\"China fluorescent Brightener 378 manufacturer and supplier - Longchang chemical\" \/>\n<meta property=\"og:description\" content=\"Longchang chemical is a China fluorescent Brightener 378 CAS 40470-68-6 manufacturer and supplier, we can provide the best fluorescent Brightener 378 price. Other Name: 4,4\u2032-Bis(2-Methoxystyryl)biphenyl \/ Fluorescent Brightener CBS-127\" \/>\n<meta property=\"og:url\" content=\"https:\/\/longchangchemical.com\/fr\/product\/fluorescent-brightener-378-cas-40470-68-6\/\" \/>\n<meta property=\"og:site_name\" content=\"Longchang Chemical\" \/>\n<meta property=\"article:modified_time\" content=\"2025-04-01T07:41:55+00:00\" \/>\n<meta property=\"og:image\" content=\"https:\/\/longchangchemical.com\/wp-content\/uploads\/2020\/09\/fluorescent-Brightener-378-Appearance.jpg\" \/>\n\t<meta property=\"og:image:width\" content=\"600\" \/>\n\t<meta property=\"og:image:height\" content=\"800\" \/>\n\t<meta property=\"og:image:type\" content=\"image\/jpeg\" \/>\n<meta name=\"twitter:card\" content=\"summary_large_image\" \/>\n<script type=\"application\/ld+json\" class=\"yoast-schema-graph\">{\"@context\":\"https:\/\/schema.org\",\"@graph\":[{\"@type\":\"WebPage\",\"@id\":\"https:\/\/longchangchemical.com\/product\/fluorescent-brightener-378-cas-40470-68-6\/\",\"url\":\"https:\/\/longchangchemical.com\/product\/fluorescent-brightener-378-cas-40470-68-6\/\",\"name\":\"China fluorescent Brightener 378 manufacturer and supplier - Longchang chemical\",\"isPartOf\":{\"@id\":\"https:\/\/longchangchemical.com\/#website\"},\"primaryImageOfPage\":{\"@id\":\"https:\/\/longchangchemical.com\/product\/fluorescent-brightener-378-cas-40470-68-6\/#primaryimage\"},\"image\":{\"@id\":\"https:\/\/longchangchemical.com\/product\/fluorescent-brightener-378-cas-40470-68-6\/#primaryimage\"},\"thumbnailUrl\":\"https:\/\/longchangchemical.com\/wp-content\/uploads\/2020\/09\/fluorescent-Brightener-378-Appearance.jpg\",\"datePublished\":\"2020-09-17T01:37:23+00:00\",\"dateModified\":\"2025-04-01T07:41:55+00:00\",\"description\":\"Longchang chemical is a China fluorescent Brightener 378 CAS 40470-68-6 manufacturer and supplier, we can provide the best fluorescent Brightener 378 price. Other Name: 4,4\u2032-Bis(2-Methoxystyryl)biphenyl \/ Fluorescent Brightener CBS-127\",\"breadcrumb\":{\"@id\":\"https:\/\/longchangchemical.com\/product\/fluorescent-brightener-378-cas-40470-68-6\/#breadcrumb\"},\"inLanguage\":\"fr-FR\",\"potentialAction\":[{\"@type\":\"ReadAction\",\"target\":[\"https:\/\/longchangchemical.com\/product\/fluorescent-brightener-378-cas-40470-68-6\/\"]}]},{\"@type\":\"ImageObject\",\"inLanguage\":\"fr-FR\",\"@id\":\"https:\/\/longchangchemical.com\/product\/fluorescent-brightener-378-cas-40470-68-6\/#primaryimage\",\"url\":\"https:\/\/longchangchemical.com\/wp-content\/uploads\/2020\/09\/fluorescent-Brightener-378-Appearance.jpg\",\"contentUrl\":\"https:\/\/longchangchemical.com\/wp-content\/uploads\/2020\/09\/fluorescent-Brightener-378-Appearance.jpg\",\"width\":600,\"height\":800,\"caption\":\"fluorescent Brightener 378 Appearance\"},{\"@type\":\"BreadcrumbList\",\"@id\":\"https:\/\/longchangchemical.com\/product\/fluorescent-brightener-378-cas-40470-68-6\/#breadcrumb\",\"itemListElement\":[{\"@type\":\"ListItem\",\"position\":1,\"name\":\"Home\",\"item\":\"https:\/\/longchangchemical.com\/\"},{\"@type\":\"ListItem\",\"position\":2,\"name\":\"Products Longchang\",\"item\":\"https:\/\/longchangchemical.com\/product\/\"},{\"@type\":\"ListItem\",\"position\":3,\"name\":\"CHLUMIPHOR\u00ae FP-127 \/ fluorescent Brightener 378 CAS 40470-68-6\"}]},{\"@type\":\"WebSite\",\"@id\":\"https:\/\/longchangchemical.com\/#website\",\"url\":\"https:\/\/longchangchemical.com\/\",\"name\":\"Longchang Chemical\",\"description\":\"China chemical manufacturer \uff06 supplier\",\"publisher\":{\"@id\":\"https:\/\/longchangchemical.com\/#organization\"},\"potentialAction\":[{\"@type\":\"SearchAction\",\"target\":{\"@type\":\"EntryPoint\",\"urlTemplate\":\"https:\/\/longchangchemical.com\/?s={search_term_string}\"},\"query-input\":{\"@type\":\"PropertyValueSpecification\",\"valueRequired\":true,\"valueName\":\"search_term_string\"}}],\"inLanguage\":\"fr-FR\"},{\"@type\":\"Organization\",\"@id\":\"https:\/\/longchangchemical.com\/#organization\",\"name\":\"Longchang Chemical\",\"url\":\"https:\/\/longchangchemical.com\/\",\"logo\":{\"@type\":\"ImageObject\",\"inLanguage\":\"fr-FR\",\"@id\":\"https:\/\/longchangchemical.com\/#\/schema\/logo\/image\/\",\"url\":\"https:\/\/longchangchemical.com\/wp-content\/uploads\/2020\/08\/cropped-longchang-logo.png\",\"contentUrl\":\"https:\/\/longchangchemical.com\/wp-content\/uploads\/2020\/08\/cropped-longchang-logo.png\",\"width\":512,\"height\":512,\"caption\":\"Longchang Chemical\"},\"image\":{\"@id\":\"https:\/\/longchangchemical.com\/#\/schema\/logo\/image\/\"}}]}<\/script>\n<!-- \/ Yoast SEO plugin. -->","yoast_head_json":{"title":"Fabricant et fournisseur chinois d'azurants fluorescents 378 - Longchang chemical","description":"Longchang chemical est un fabricant et fournisseur chinois d'azurants fluorescents 378 CAS 40470-68-6. Nous pouvons vous fournir les meilleurs prix d'azurants fluorescents 378. Autre nom : 4,4\u2032-Bis(2-Methoxystyryl)biphenyl \/ \u00c9claircisseur fluorescent CBS-127","robots":{"index":"index","follow":"follow","max-snippet":"max-snippet:-1","max-image-preview":"max-image-preview:large","max-video-preview":"max-video-preview:-1"},"canonical":"https:\/\/longchangchemical.com\/fr\/product\/fluorescent-brightener-378-cas-40470-68-6\/","og_locale":"fr_FR","og_type":"article","og_title":"China fluorescent Brightener 378 manufacturer and supplier - Longchang chemical","og_description":"Longchang chemical is a China fluorescent Brightener 378 CAS 40470-68-6 manufacturer and supplier, we can provide the best fluorescent Brightener 378 price. Other Name: 4,4\u2032-Bis(2-Methoxystyryl)biphenyl \/ Fluorescent Brightener CBS-127","og_url":"https:\/\/longchangchemical.com\/fr\/product\/fluorescent-brightener-378-cas-40470-68-6\/","og_site_name":"Longchang Chemical","article_modified_time":"2025-04-01T07:41:55+00:00","og_image":[{"width":600,"height":800,"url":"https:\/\/longchangchemical.com\/wp-content\/uploads\/2020\/09\/fluorescent-Brightener-378-Appearance.jpg","type":"image\/jpeg"}],"twitter_card":"summary_large_image","schema":{"@context":"https:\/\/schema.org","@graph":[{"@type":"WebPage","@id":"https:\/\/longchangchemical.com\/product\/fluorescent-brightener-378-cas-40470-68-6\/","url":"https:\/\/longchangchemical.com\/product\/fluorescent-brightener-378-cas-40470-68-6\/","name":"Fabricant et fournisseur chinois d'azurants fluorescents 378 - Longchang chemical","isPartOf":{"@id":"https:\/\/longchangchemical.com\/#website"},"primaryImageOfPage":{"@id":"https:\/\/longchangchemical.com\/product\/fluorescent-brightener-378-cas-40470-68-6\/#primaryimage"},"image":{"@id":"https:\/\/longchangchemical.com\/product\/fluorescent-brightener-378-cas-40470-68-6\/#primaryimage"},"thumbnailUrl":"https:\/\/longchangchemical.com\/wp-content\/uploads\/2020\/09\/fluorescent-Brightener-378-Appearance.jpg","datePublished":"2020-09-17T01:37:23+00:00","dateModified":"2025-04-01T07:41:55+00:00","description":"Longchang chemical est un fabricant et fournisseur chinois d'azurants fluorescents 378 CAS 40470-68-6. Nous pouvons vous fournir les meilleurs prix d'azurants fluorescents 378. Autre nom : 4,4\u2032-Bis(2-Methoxystyryl)biphenyl \/ \u00c9claircisseur fluorescent CBS-127","breadcrumb":{"@id":"https:\/\/longchangchemical.com\/product\/fluorescent-brightener-378-cas-40470-68-6\/#breadcrumb"},"inLanguage":"fr-FR","potentialAction":[{"@type":"ReadAction","target":["https:\/\/longchangchemical.com\/product\/fluorescent-brightener-378-cas-40470-68-6\/"]}]},{"@type":"ImageObject","inLanguage":"fr-FR","@id":"https:\/\/longchangchemical.com\/product\/fluorescent-brightener-378-cas-40470-68-6\/#primaryimage","url":"https:\/\/longchangchemical.com\/wp-content\/uploads\/2020\/09\/fluorescent-Brightener-378-Appearance.jpg","contentUrl":"https:\/\/longchangchemical.com\/wp-content\/uploads\/2020\/09\/fluorescent-Brightener-378-Appearance.jpg","width":600,"height":800,"caption":"fluorescent Brightener 378 Appearance"},{"@type":"BreadcrumbList","@id":"https:\/\/longchangchemical.com\/product\/fluorescent-brightener-378-cas-40470-68-6\/#breadcrumb","itemListElement":[{"@type":"ListItem","position":1,"name":"Home","item":"https:\/\/longchangchemical.com\/"},{"@type":"ListItem","position":2,"name":"Products Longchang","item":"https:\/\/longchangchemical.com\/product\/"},{"@type":"ListItem","position":3,"name":"CHLUMIPHOR\u00ae FP-127 \/ fluorescent Brightener 378 CAS 40470-68-6"}]},{"@type":"WebSite","@id":"https:\/\/longchangchemical.com\/#website","url":"https:\/\/longchangchemical.com\/","name":"Longchang Chemical","description":"Fabricant chinois de produits chimiques \uff06 fournisseur","publisher":{"@id":"https:\/\/longchangchemical.com\/#organization"},"potentialAction":[{"@type":"SearchAction","target":{"@type":"EntryPoint","urlTemplate":"https:\/\/longchangchemical.com\/?s={search_term_string}"},"query-input":{"@type":"PropertyValueSpecification","valueRequired":true,"valueName":"search_term_string"}}],"inLanguage":"fr-FR"},{"@type":"Organization","@id":"https:\/\/longchangchemical.com\/#organization","name":"Longchang Chemical","url":"https:\/\/longchangchemical.com\/","logo":{"@type":"ImageObject","inLanguage":"fr-FR","@id":"https:\/\/longchangchemical.com\/#\/schema\/logo\/image\/","url":"https:\/\/longchangchemical.com\/wp-content\/uploads\/2020\/08\/cropped-longchang-logo.png","contentUrl":"https:\/\/longchangchemical.com\/wp-content\/uploads\/2020\/08\/cropped-longchang-logo.png","width":512,"height":512,"caption":"Longchang Chemical"},"image":{"@id":"https:\/\/longchangchemical.com\/#\/schema\/logo\/image\/"}}]}},"_links":{"self":[{"href":"https:\/\/longchangchemical.com\/fr\/wp-json\/wp\/v2\/product\/3245","targetHints":{"allow":["GET"]}}],"collection":[{"href":"https:\/\/longchangchemical.com\/fr\/wp-json\/wp\/v2\/product"}],"about":[{"href":"https:\/\/longchangchemical.com\/fr\/wp-json\/wp\/v2\/types\/product"}],"replies":[{"embeddable":true,"href":"https:\/\/longchangchemical.com\/fr\/wp-json\/wp\/v2\/comments?post=3245"}],"wp:featuredmedia":[{"embeddable":true,"href":"https:\/\/longchangchemical.com\/fr\/wp-json\/wp\/v2\/media\/3247"}],"wp:attachment":[{"href":"https:\/\/longchangchemical.com\/fr\/wp-json\/wp\/v2\/media?parent=3245"}],"wp:term":[{"taxonomy":"product_brand","embeddable":true,"href":"https:\/\/longchangchemical.com\/fr\/wp-json\/wp\/v2\/product_brand?post=3245"},{"taxonomy":"product_cat","embeddable":true,"href":"https:\/\/longchangchemical.com\/fr\/wp-json\/wp\/v2\/product_cat?post=3245"},{"taxonomy":"product_tag","embeddable":true,"href":"https:\/\/longchangchemical.com\/fr\/wp-json\/wp\/v2\/product_tag?post=3245"}],"curies":[{"name":"wp","href":"https:\/\/api.w.org\/{rel}","templated":true}]}}