{"id":3115,"date":"2020-09-09T03:23:30","date_gmt":"2020-09-09T03:23:30","guid":{"rendered":"https:\/\/longchangchemical.com\/?post_type=product&#038;p=3115"},"modified":"2025-04-01T07:42:00","modified_gmt":"2025-04-01T07:42:00","slug":"optical-brightener-er-%e2%85%b1-cas-13001-38-2","status":"publish","type":"product","link":"https:\/\/longchangchemical.com\/fr\/product\/optical-brightener-er-%e2%85%b1-cas-13001-38-2\/","title":{"rendered":"CHLUMIPHOR\u00ae ER-\u2161 \/ Optical Brightener ER-\u2161 CAS 13001-38-2"},"content":{"rendered":"<p>&nbsp;<\/p>\n<h2><strong><b>Propri\u00e9t\u00e9s de l'azurant optique ER-\u2161<\/b><\/strong><\/h2>\n<p>L'azurant optique ER-\u2161 pr\u00e9sente une forte fluorescence, une grande blancheur et une bonne stabilit\u00e9 thermique. Il ne se d\u00e9compose pas \u00e0 haute temp\u00e9rature. L'azurant ER-\u2161 poss\u00e8de \u00e9galement d'autres propri\u00e9t\u00e9s, telles qu'une vitesse d'adsorption rapide, une temp\u00e9rature de couleur basse, une bonne uniformit\u00e9, une bonne capacit\u00e9 de coloration \u00e0 basse temp\u00e9rature, etc. L'azurant optique ER-\u2161 peut r\u00e9pondre \u00e0 diff\u00e9rentes exigences en mati\u00e8re de couleur et de lumi\u00e8re, et est relativement stable pour les agents r\u00e9ducteurs, les oxydants et les compos\u00e9s hypochlorites.<\/p>\n<h2>Par rapport \u00e0 Brightener ER-\u2160 , il pr\u00e9sente les avantages suivants :<\/h2>\n<ul>\n<li>Taux d'adsorption plus rapide<\/li>\n<li>Temp\u00e9rature de luminescence plus basse<\/li>\n<li>Meilleure capacit\u00e9 de blanchiment<\/li>\n<\/ul>\n<h2><strong><b>Applications de l'azurant optique ER-\u2161<\/b><\/strong><\/h2>\n<p>L'azurant optique ER-\u2161 est applicable au traitement de blanchiment du polyester et de ses tissus m\u00e9lang\u00e9s et des fibres d'ac\u00e9tate. Il convient non seulement \u00e0 la teinture par \u00e9puisement, mais aussi au processus de teinture au tampon. Le Brightener ER-\u2161 convient \u00e9galement au blanchiment des plastiques \u00e0 base de fibres chimiques.<\/p>\n<h2><strong><b>Emballage et stockage<\/b><\/strong><\/h2>\n<p>L'azurant optique ER-\u2161 est emball\u00e9 \u00e0 raison de 25 kg par tambour doubl\u00e9 d'un sac en plastique, stock\u00e9 dans un endroit frais et sec, \u00e0 l'abri de la lumi\u00e8re directe du soleil. La dur\u00e9e de conservation est de 2 ans.<\/p>\n<p>&nbsp;<\/p>\n<h2><strong><b>Contactez-nous d\u00e8s maintenant !<\/b><\/strong><\/h2>\n<h4><strong><b>Si vous avez besoin de COA, MSDS ou TDS, veuillez remplir vos coordonn\u00e9es dans le formulaire ci-dessous, nous vous contacterons g\u00e9n\u00e9ralement dans les 24 heures. Vous pouvez \u00e9galement m'envoyer un courriel <span style=\"color: #0000ff;\"><a style=\"color: #0000ff;\" href=\"mailto:info@longchangchemical.com\">info@longchangchemical.com<\/a><\/span> pendant les heures de travail ( 8:30 am to 6:00 pm UTC+8 Mon.~Sat. ) ou utilisez le chat en direct du site web pour obtenir une r\u00e9ponse rapide.<\/b><\/strong><\/h4>","protected":false},"excerpt":{"rendered":"<h2><strong><b>Caract\u00e9ristiques techniques de l'azurant optique ER-\u2161<\/b><\/strong><\/h2>\n<p>Aspect : Poudre jaun\u00e2tre<\/p>\n<p>Teinte : Blanc fluorescent \u00e0 bleu<\/p>\n<p>Puret\u00e9 : \u226599%<\/p>\n<p>Humidit\u00e9 : \u22640,5 %<\/p>\n<p>Point de fusion : 184-186\u2103<\/p>\n<p>Type ionique : non ionique<\/p>\n<p>Structure de l'azurant optique ER-\u2161 :<img decoding=\"async\" class=\"alignnone size-medium wp-image-3116\" src=\"https:\/\/longchangchemical.com\/wp-content\/uploads\/2020\/09\/Optical-Brightener-ER-\u2161-Structure-300x124.gif\" alt=\"\" width=\"300\" height=\"124\" \/><\/p>","protected":false},"featured_media":3117,"comment_status":"open","ping_status":"closed","template":"","meta":[],"product_brand":[],"product_cat":[140],"product_tag":[],"class_list":{"0":"post-3115","1":"product","2":"type-product","3":"status-publish","4":"has-post-thumbnail","6":"product_cat-chlumiphor-fluorescent-brightener","8":"first","9":"instock","10":"shipping-taxable","11":"product-type-simple"},"yoast_head":"<!-- This site is optimized with the Yoast SEO plugin v25.3.1 - https:\/\/yoast.com\/wordpress\/plugins\/seo\/ -->\n<title>China Optical Brightener ER-\u2161 manufacturer and supplier - Longchang chemical<\/title>\n<meta name=\"description\" content=\"Longchang chemical produce and supply Brightener ER-\u2161 cas 13001-38-2, with the best Brightener ER-\u2161 price,\" \/>\n<meta name=\"robots\" content=\"index, follow, max-snippet:-1, max-image-preview:large, max-video-preview:-1\" \/>\n<link rel=\"canonical\" href=\"https:\/\/longchangchemical.com\/fr\/product\/optical-brightener-er-\u2171-cas-13001-38-2\/\" \/>\n<meta property=\"og:locale\" content=\"fr_FR\" \/>\n<meta property=\"og:type\" content=\"article\" \/>\n<meta property=\"og:title\" content=\"China Optical Brightener ER-\u2161 manufacturer and supplier - Longchang chemical\" \/>\n<meta property=\"og:description\" content=\"Longchang chemical produce and supply Brightener ER-\u2161 cas 13001-38-2, with the best Brightener ER-\u2161 price,\" \/>\n<meta property=\"og:url\" content=\"https:\/\/longchangchemical.com\/fr\/product\/optical-brightener-er-\u2171-cas-13001-38-2\/\" \/>\n<meta property=\"og:site_name\" content=\"Longchang Chemical\" \/>\n<meta property=\"article:modified_time\" content=\"2025-04-01T07:42:00+00:00\" \/>\n<meta property=\"og:image\" content=\"https:\/\/longchangchemical.com\/wp-content\/uploads\/2020\/09\/Optical-Brightener-ER-\u2161-appearance.jpg\" \/>\n\t<meta property=\"og:image:width\" content=\"900\" \/>\n\t<meta property=\"og:image:height\" content=\"1200\" \/>\n\t<meta property=\"og:image:type\" content=\"image\/jpeg\" \/>\n<meta name=\"twitter:card\" content=\"summary_large_image\" \/>\n<script type=\"application\/ld+json\" class=\"yoast-schema-graph\">{\"@context\":\"https:\/\/schema.org\",\"@graph\":[{\"@type\":\"WebPage\",\"@id\":\"https:\/\/longchangchemical.com\/product\/optical-brightener-er-%e2%85%b1-cas-13001-38-2\/\",\"url\":\"https:\/\/longchangchemical.com\/product\/optical-brightener-er-%e2%85%b1-cas-13001-38-2\/\",\"name\":\"China Optical Brightener ER-\u2161 manufacturer and supplier - Longchang chemical\",\"isPartOf\":{\"@id\":\"https:\/\/longchangchemical.com\/#website\"},\"primaryImageOfPage\":{\"@id\":\"https:\/\/longchangchemical.com\/product\/optical-brightener-er-%e2%85%b1-cas-13001-38-2\/#primaryimage\"},\"image\":{\"@id\":\"https:\/\/longchangchemical.com\/product\/optical-brightener-er-%e2%85%b1-cas-13001-38-2\/#primaryimage\"},\"thumbnailUrl\":\"https:\/\/longchangchemical.com\/wp-content\/uploads\/2020\/09\/Optical-Brightener-ER-\u2161-appearance.jpg\",\"datePublished\":\"2020-09-09T03:23:30+00:00\",\"dateModified\":\"2025-04-01T07:42:00+00:00\",\"description\":\"Longchang chemical produce and supply Brightener ER-\u2161 cas 13001-38-2, with the best Brightener ER-\u2161 price,\",\"breadcrumb\":{\"@id\":\"https:\/\/longchangchemical.com\/product\/optical-brightener-er-%e2%85%b1-cas-13001-38-2\/#breadcrumb\"},\"inLanguage\":\"fr-FR\",\"potentialAction\":[{\"@type\":\"ReadAction\",\"target\":[\"https:\/\/longchangchemical.com\/product\/optical-brightener-er-%e2%85%b1-cas-13001-38-2\/\"]}]},{\"@type\":\"ImageObject\",\"inLanguage\":\"fr-FR\",\"@id\":\"https:\/\/longchangchemical.com\/product\/optical-brightener-er-%e2%85%b1-cas-13001-38-2\/#primaryimage\",\"url\":\"https:\/\/longchangchemical.com\/wp-content\/uploads\/2020\/09\/Optical-Brightener-ER-\u2161-appearance.jpg\",\"contentUrl\":\"https:\/\/longchangchemical.com\/wp-content\/uploads\/2020\/09\/Optical-Brightener-ER-\u2161-appearance.jpg\",\"width\":900,\"height\":1200,\"caption\":\"Optical Brightener ER-\u2161 appearance\"},{\"@type\":\"BreadcrumbList\",\"@id\":\"https:\/\/longchangchemical.com\/product\/optical-brightener-er-%e2%85%b1-cas-13001-38-2\/#breadcrumb\",\"itemListElement\":[{\"@type\":\"ListItem\",\"position\":1,\"name\":\"Home\",\"item\":\"https:\/\/longchangchemical.com\/\"},{\"@type\":\"ListItem\",\"position\":2,\"name\":\"Products Longchang\",\"item\":\"https:\/\/longchangchemical.com\/product\/\"},{\"@type\":\"ListItem\",\"position\":3,\"name\":\"CHLUMIPHOR\u00ae ER-\u2161 \/ Optical Brightener ER-\u2161 CAS 13001-38-2\"}]},{\"@type\":\"WebSite\",\"@id\":\"https:\/\/longchangchemical.com\/#website\",\"url\":\"https:\/\/longchangchemical.com\/\",\"name\":\"Longchang Chemical\",\"description\":\"China chemical manufacturer \uff06 supplier\",\"publisher\":{\"@id\":\"https:\/\/longchangchemical.com\/#organization\"},\"potentialAction\":[{\"@type\":\"SearchAction\",\"target\":{\"@type\":\"EntryPoint\",\"urlTemplate\":\"https:\/\/longchangchemical.com\/?s={search_term_string}\"},\"query-input\":{\"@type\":\"PropertyValueSpecification\",\"valueRequired\":true,\"valueName\":\"search_term_string\"}}],\"inLanguage\":\"fr-FR\"},{\"@type\":\"Organization\",\"@id\":\"https:\/\/longchangchemical.com\/#organization\",\"name\":\"Longchang Chemical\",\"url\":\"https:\/\/longchangchemical.com\/\",\"logo\":{\"@type\":\"ImageObject\",\"inLanguage\":\"fr-FR\",\"@id\":\"https:\/\/longchangchemical.com\/#\/schema\/logo\/image\/\",\"url\":\"https:\/\/longchangchemical.com\/wp-content\/uploads\/2020\/08\/cropped-longchang-logo.png\",\"contentUrl\":\"https:\/\/longchangchemical.com\/wp-content\/uploads\/2020\/08\/cropped-longchang-logo.png\",\"width\":512,\"height\":512,\"caption\":\"Longchang Chemical\"},\"image\":{\"@id\":\"https:\/\/longchangchemical.com\/#\/schema\/logo\/image\/\"}}]}<\/script>\n<!-- \/ Yoast SEO plugin. -->","yoast_head_json":{"title":"Fabricant et fournisseur chinois d'azurants optiques ER-\u2161 - Longchang chemical","description":"Longchang chemical produit et fournit le Brightener ER-\u2161 cas 13001-38-2, avec le meilleur prix Brightener ER-\u2161,","robots":{"index":"index","follow":"follow","max-snippet":"max-snippet:-1","max-image-preview":"max-image-preview:large","max-video-preview":"max-video-preview:-1"},"canonical":"https:\/\/longchangchemical.com\/fr\/product\/optical-brightener-er-\u2171-cas-13001-38-2\/","og_locale":"fr_FR","og_type":"article","og_title":"China Optical Brightener ER-\u2161 manufacturer and supplier - Longchang chemical","og_description":"Longchang chemical produce and supply Brightener ER-\u2161 cas 13001-38-2, with the best Brightener ER-\u2161 price,","og_url":"https:\/\/longchangchemical.com\/fr\/product\/optical-brightener-er-\u2171-cas-13001-38-2\/","og_site_name":"Longchang Chemical","article_modified_time":"2025-04-01T07:42:00+00:00","og_image":[{"width":900,"height":1200,"url":"https:\/\/longchangchemical.com\/wp-content\/uploads\/2020\/09\/Optical-Brightener-ER-\u2161-appearance.jpg","type":"image\/jpeg"}],"twitter_card":"summary_large_image","schema":{"@context":"https:\/\/schema.org","@graph":[{"@type":"WebPage","@id":"https:\/\/longchangchemical.com\/product\/optical-brightener-er-%e2%85%b1-cas-13001-38-2\/","url":"https:\/\/longchangchemical.com\/product\/optical-brightener-er-%e2%85%b1-cas-13001-38-2\/","name":"Fabricant et fournisseur chinois d'azurants optiques ER-\u2161 - Longchang chemical","isPartOf":{"@id":"https:\/\/longchangchemical.com\/#website"},"primaryImageOfPage":{"@id":"https:\/\/longchangchemical.com\/product\/optical-brightener-er-%e2%85%b1-cas-13001-38-2\/#primaryimage"},"image":{"@id":"https:\/\/longchangchemical.com\/product\/optical-brightener-er-%e2%85%b1-cas-13001-38-2\/#primaryimage"},"thumbnailUrl":"https:\/\/longchangchemical.com\/wp-content\/uploads\/2020\/09\/Optical-Brightener-ER-\u2161-appearance.jpg","datePublished":"2020-09-09T03:23:30+00:00","dateModified":"2025-04-01T07:42:00+00:00","description":"Longchang chemical produit et fournit le Brightener ER-\u2161 cas 13001-38-2, avec le meilleur prix Brightener ER-\u2161,","breadcrumb":{"@id":"https:\/\/longchangchemical.com\/product\/optical-brightener-er-%e2%85%b1-cas-13001-38-2\/#breadcrumb"},"inLanguage":"fr-FR","potentialAction":[{"@type":"ReadAction","target":["https:\/\/longchangchemical.com\/product\/optical-brightener-er-%e2%85%b1-cas-13001-38-2\/"]}]},{"@type":"ImageObject","inLanguage":"fr-FR","@id":"https:\/\/longchangchemical.com\/product\/optical-brightener-er-%e2%85%b1-cas-13001-38-2\/#primaryimage","url":"https:\/\/longchangchemical.com\/wp-content\/uploads\/2020\/09\/Optical-Brightener-ER-\u2161-appearance.jpg","contentUrl":"https:\/\/longchangchemical.com\/wp-content\/uploads\/2020\/09\/Optical-Brightener-ER-\u2161-appearance.jpg","width":900,"height":1200,"caption":"Optical Brightener ER-\u2161 appearance"},{"@type":"BreadcrumbList","@id":"https:\/\/longchangchemical.com\/product\/optical-brightener-er-%e2%85%b1-cas-13001-38-2\/#breadcrumb","itemListElement":[{"@type":"ListItem","position":1,"name":"Home","item":"https:\/\/longchangchemical.com\/"},{"@type":"ListItem","position":2,"name":"Products Longchang","item":"https:\/\/longchangchemical.com\/product\/"},{"@type":"ListItem","position":3,"name":"CHLUMIPHOR\u00ae ER-\u2161 \/ Optical Brightener ER-\u2161 CAS 13001-38-2"}]},{"@type":"WebSite","@id":"https:\/\/longchangchemical.com\/#website","url":"https:\/\/longchangchemical.com\/","name":"Longchang Chemical","description":"Fabricant chinois de produits chimiques \uff06 fournisseur","publisher":{"@id":"https:\/\/longchangchemical.com\/#organization"},"potentialAction":[{"@type":"SearchAction","target":{"@type":"EntryPoint","urlTemplate":"https:\/\/longchangchemical.com\/?s={search_term_string}"},"query-input":{"@type":"PropertyValueSpecification","valueRequired":true,"valueName":"search_term_string"}}],"inLanguage":"fr-FR"},{"@type":"Organization","@id":"https:\/\/longchangchemical.com\/#organization","name":"Longchang Chemical","url":"https:\/\/longchangchemical.com\/","logo":{"@type":"ImageObject","inLanguage":"fr-FR","@id":"https:\/\/longchangchemical.com\/#\/schema\/logo\/image\/","url":"https:\/\/longchangchemical.com\/wp-content\/uploads\/2020\/08\/cropped-longchang-logo.png","contentUrl":"https:\/\/longchangchemical.com\/wp-content\/uploads\/2020\/08\/cropped-longchang-logo.png","width":512,"height":512,"caption":"Longchang Chemical"},"image":{"@id":"https:\/\/longchangchemical.com\/#\/schema\/logo\/image\/"}}]}},"_links":{"self":[{"href":"https:\/\/longchangchemical.com\/fr\/wp-json\/wp\/v2\/product\/3115","targetHints":{"allow":["GET"]}}],"collection":[{"href":"https:\/\/longchangchemical.com\/fr\/wp-json\/wp\/v2\/product"}],"about":[{"href":"https:\/\/longchangchemical.com\/fr\/wp-json\/wp\/v2\/types\/product"}],"replies":[{"embeddable":true,"href":"https:\/\/longchangchemical.com\/fr\/wp-json\/wp\/v2\/comments?post=3115"}],"wp:featuredmedia":[{"embeddable":true,"href":"https:\/\/longchangchemical.com\/fr\/wp-json\/wp\/v2\/media\/3117"}],"wp:attachment":[{"href":"https:\/\/longchangchemical.com\/fr\/wp-json\/wp\/v2\/media?parent=3115"}],"wp:term":[{"taxonomy":"product_brand","embeddable":true,"href":"https:\/\/longchangchemical.com\/fr\/wp-json\/wp\/v2\/product_brand?post=3115"},{"taxonomy":"product_cat","embeddable":true,"href":"https:\/\/longchangchemical.com\/fr\/wp-json\/wp\/v2\/product_cat?post=3115"},{"taxonomy":"product_tag","embeddable":true,"href":"https:\/\/longchangchemical.com\/fr\/wp-json\/wp\/v2\/product_tag?post=3115"}],"curies":[{"name":"wp","href":"https:\/\/api.w.org\/{rel}","templated":true}]}}