{"id":3109,"date":"2020-09-05T06:04:18","date_gmt":"2020-09-05T06:04:18","guid":{"rendered":"https:\/\/longchangchemical.com\/?post_type=product&#038;p=3109"},"modified":"2025-04-01T07:42:12","modified_gmt":"2025-04-01T07:42:12","slug":"optical-brightener-ob-1-cas-1533-45-5","status":"publish","type":"product","link":"https:\/\/longchangchemical.com\/fr\/product\/optical-brightener-ob-1-cas-1533-45-5\/","title":{"rendered":"CHLUMIPHOR\u00ae OB-1 \/ Optical brightener OB-1 CAS 1533-45-5"},"content":{"rendered":"<h2><strong><b>L'azurant optique OB-1 Propri\u00e9t\u00e9s typiques<\/b><\/strong><\/h2>\n<table>\n<tbody>\n<tr>\n<td>Objet<\/td>\n<td>Sp\u00e9cifications<\/td>\n<\/tr>\n<tr>\n<td>Apparence<\/td>\n<td>Poudre l\u00e9g\u00e8rement jaune verd\u00e2tre<\/td>\n<\/tr>\n<tr>\n<td>Teneur (HPLC)<\/td>\n<td>98~98.5%<\/td>\n<\/tr>\n<tr>\n<td>Point de fusion<\/td>\n<td>352~358\u2103<\/td>\n<\/tr>\n<tr>\n<td>Teneur en cendres<\/td>\n<td>\u22660.5%<\/td>\n<\/tr>\n<tr>\n<td>Mati\u00e8res volatiles<\/td>\n<td>\u22660.5%<\/td>\n<\/tr>\n<\/tbody>\n<\/table>\n<h2 class=\"blog-entry-title text-center\" style=\"text-align: left;\"><span style=\"color: #00ffff;\"><a style=\"color: #00ffff;\" href=\"https:\/\/longchangchemical.com\/fr\/what-is-the-difference-between-optical-brightener-ob-and-optical-brightener-ob-1\/\">Quelle est la diff\u00e9rence entre l'azurant optique OB et l'azurant optique OB-1\uff1f ?<\/a><\/span><\/h2>\n<p><strong>L'azurant optique OB et l'azurant optique OB-1 sont des produits chimiques compl\u00e8tement diff\u00e9rents. Vous pouvez cliquer sur le lien ci-dessus pour voir les diff\u00e9rences.<\/strong><\/p>\n<h2><strong><b>Agent d'\u00e9claircissement optique OB-1 Utilisation<\/b><\/strong><\/h2>\n<p>1. L'azurant optique OB-1 peut \u00eatre utilis\u00e9 pour blanchir les fibres de polyester, de nylon et de polypropyl\u00e8ne.<\/p>\n<p>2. L'azurant optique OB-1 peut \u00eatre utilis\u00e9 pour blanchir le plastique polypropyl\u00e8ne, le PVC rigide, l'ABS, l'EVA, le polystyr\u00e8ne et le Makrolon.<\/p>\n<p>3. L'azurant optique OB-1 peut \u00eatre utilis\u00e9 pour le polyester et le nylon.<\/p>\n<p>4. L'azurant optique OB-1 peut \u00e9galement \u00eatre utilis\u00e9 pour blanchir les plastiques tels que l'ABS, le PS, le HIPS, le PA, le PC, le PP, l'EVA et le PVC rigide. L'ajout d'OB-1 \u00e0 la fibre de nylon, au nylon et au polyester am\u00e9liorera \u00e9galement de mani\u00e8re significative le degr\u00e9 de blanchiment.<\/p>\n<p>5. L'azurant optique OB-1 ajoute de l'OB-1 aux d\u00e9chets de fibres de polyester recycl\u00e9es, aux mat\u00e9riaux de bouteilles et aux copeaux, le mat\u00e9riau recycl\u00e9 para\u00eetra plus blanc et la chromaticit\u00e9 des diff\u00e9rents mat\u00e9riaux recycl\u00e9s deviendra plus coh\u00e9rente.<\/p>\n<h2><strong><b>L'azurant optique OB-1 Caract\u00e9ristiques<\/b><\/strong><\/h2>\n<p>1. forte puissance de blanchiment et forte fluorescence.<\/p>\n<p>2. vaste champ d'application : polyester, fibre de nylon et divers plastiques.<\/p>\n<p>3. L'azurant optique OB-1 est particuli\u00e8rement r\u00e9sistant aux temp\u00e9ratures \u00e9lev\u00e9es et est principalement utilis\u00e9 pour le blanchiment par teinture au tampon thermofusible. Il convient pour le blanchiment des fibres de polyester et le blanchiment des tissus m\u00e9lang\u00e9s de polyester, de coton et d'autres fibres.<\/p>\n<p>4. L'azurant optique OB-1 est un excellent azurant \u00e0 base d'oxazole, insoluble dans l'eau, stable en termes de performances et pr\u00e9sentant une bonne r\u00e9sistance \u00e0 la lumi\u00e8re du soleil, au blanchiment au chlore et \u00e0 la migration.<\/p>\n<h2><strong><b>Agent de blanchiment optique OB-1 M\u00e9thode d'application<\/b><\/strong><\/h2>\n<p>Dosage recommand\u00e9 : pour chaque tranche de 1000 kg de mat\u00e9riel<br \/>\n1. EVA, fibre de polypropyl\u00e8ne, nylon et Makrolon : 75\uff5e200g<br \/>\n2.Fibre de polyester : 75\uff5e300g<\/p>\n<h2><strong><b>Agent d'\u00e9claircissement optique OB-1 Emballage et exp\u00e9dition<\/b><\/strong><\/h2>\n<p>Emballage selon les besoins du client (25 kg) cartons, seaux en papier, sacs en papier. Emballage selon les besoins du client. Sec et sombre.<\/p>\n<p>&nbsp;<\/p>\n<h2><strong><b>Contactez-nous d\u00e8s maintenant !<\/b><\/strong><\/h2>\n<h4><strong><b>Si vous avez besoin d'un prix, veuillez indiquer vos coordonn\u00e9es dans le formulaire ci-dessous. Nous vous contacterons g\u00e9n\u00e9ralement dans les 24 heures. Vous pouvez \u00e9galement m'envoyer un courriel <span style=\"color: #0000ff;\"><a style=\"color: #0000ff;\" href=\"mailto:info@longchangchemical.com\">info@longchangchemical.com<\/a><\/span> pendant les heures de travail ( 8:30 am to 6:00 pm UTC+8 Mon.~Sat. ) ou utilisez le chat en direct du site web pour obtenir une r\u00e9ponse rapide.<\/b><\/strong><\/h4>\n<p><!--more--><\/p>\n<p>Pourquoi les produits en \u00e9ponge jaunissent-ils ? Quelle est la solution ?<br \/>\nLes produits en \u00e9ponge peuvent jaunir en cours d'utilisation pour diverses raisons. Voici quelques raisons possibles :<\/p>\n<p>1, Oxydation : lorsque les mat\u00e9riaux des produits en \u00e9ponge entrent en contact avec de l'oxyg\u00e8ne, une r\u00e9action d'oxydation peut se produire, entra\u00eenant le jaunissement de l'\u00e9ponge. Ce ph\u00e9nom\u00e8ne est g\u00e9n\u00e9ralement d\u00fb \u00e0 la r\u00e9action du mat\u00e9riau polym\u00e8re de l'\u00e9ponge avec l'oxyg\u00e8ne de l'air, ce qui entra\u00eene un changement de couleur.<\/p>\n<p>2. Salet\u00e9 et contaminants : Les produits en \u00e9ponge sont g\u00e9n\u00e9ralement utilis\u00e9s pour nettoyer et essuyer des surfaces, et entrent donc en contact avec toute une s\u00e9rie de salet\u00e9s et de contaminants. Ces salissures peuvent p\u00e9n\u00e9trer dans les fibres de l'\u00e9ponge et il est difficile de les nettoyer compl\u00e8tement. Avec le temps, la salet\u00e9 peut s'accumuler et faire jaunir l'\u00e9ponge.<\/p>\n<p>3, exposition \u00e0 la lumi\u00e8re du soleil et aux UV : lorsque les produits en \u00e9ponge sont expos\u00e9s \u00e0 la lumi\u00e8re du soleil ou aux rayons UV pendant une longue p\u00e9riode, certains composants du mat\u00e9riau peuvent subir une r\u00e9action photochimique. Cette r\u00e9action peut entra\u00eener des changements dans la structure mol\u00e9culaire, ce qui fait jaunir l'\u00e9ponge.<\/p>\n<p>4, r\u00e9action chimique : certains produits en \u00e9ponge peuvent \u00eatre sensibles \u00e0 des produits chimiques sp\u00e9cifiques, et leur contact peut r\u00e9agir et provoquer un jaunissement. Ces produits chimiques peuvent \u00eatre des d\u00e9tergents, des agents de blanchiment, des colorants ou d'autres produits chimiques.<\/p>\n<p>5. Stockage et entretien inad\u00e9quats : Si les produits en \u00e9ponge ne sont pas stock\u00e9s et entretenus correctement, par exemple en cas d'exposition prolong\u00e9e \u00e0 l'humidit\u00e9 ou de stockage avec d'autres substances color\u00e9es, l'\u00e9ponge risque de jaunir.<\/p>\n<p>Il convient de noter que le jaunissement des produits en \u00e9ponge ne signifie pas n\u00e9cessairement que leurs performances ou leur fonction ont \u00e9t\u00e9 alt\u00e9r\u00e9es, mais qu'il peut en affecter l'aspect. Si vous souhaitez conserver la couleur d'origine des produits en \u00e9ponge, vous devez les nettoyer et les entretenir r\u00e9guli\u00e8rement et \u00e9viter tout contact avec des substances susceptibles de provoquer un jaunissement.<\/p>\n<p>&nbsp;<\/p>\n<p>Solution : Vous pouvez emp\u00eacher les \u00e9ponges de jaunir en utilisant un agent anti-jaunissement pour \u00e9ponges, c'est-\u00e0-dire un produit qui permet de conserver la couleur de l'\u00e9ponge :<\/p>\n<p>1, choisir le bon agent anti-jaunissement pour \u00e9ponge : il existe diff\u00e9rents types d'agents anti-jaunissement pour \u00e9ponge sur le march\u00e9. Veillez \u00e0 choisir le produit appropri\u00e9 pour votre type d'\u00e9ponge et votre application. Lisez les descriptions des produits et les directives concernant les conditions et l'utilisation applicables.<\/p>\n<p>2. Pr\u00e9traitement des \u00e9ponges : Les \u00e9ponges peuvent \u00eatre pr\u00e9trait\u00e9es avant d'\u00eatre utilis\u00e9es. Faites tremper l'\u00e9ponge dans de l'eau chaude m\u00e9lang\u00e9e \u00e0 une quantit\u00e9 appropri\u00e9e d'agent anti-jaunissement pour \u00e9ponge pendant la dur\u00e9e indiqu\u00e9e dans les instructions du produit. Le pr\u00e9traitement permet d'\u00e9viter que l'\u00e9ponge ne jaunisse \u00e0 l'avance.<\/p>\n<p>3. Nettoyage et entretien r\u00e9guliers : Le nettoyage r\u00e9gulier de l'\u00e9ponge est une \u00e9tape importante dans la pr\u00e9vention du jaunissement. Utilisez de l'eau ti\u00e8de et un d\u00e9tergent doux pour nettoyer en profondeur la surface et les fibres de l'\u00e9ponge. \u00c9vitez les produits de nettoyage contenant de l'eau de Javel ou des acides et alcalis forts, qui pourraient endommager la couleur et la texture de l'\u00e9ponge.<\/p>\n<p>4, \u00e9viter les polluants et les produits chimiques : Essayez d'\u00e9viter que les \u00e9ponges n'entrent en contact avec des polluants et des produits chimiques susceptibles de provoquer un jaunissement. \u00c9vitez d'utiliser l'\u00e9ponge pour nettoyer des articles contenant des pigments ou des colorants puissants. \u00c9vitez \u00e9galement tout contact entre l'\u00e9ponge et des articles contenant de l'eau de Javel ou d'autres produits chimiques nocifs.<\/p>\n<p>5. Stockage appropri\u00e9 : Conservez les \u00e9ponges dans un endroit sec et bien ventil\u00e9, \u00e0 l'abri de la lumi\u00e8re directe du soleil. \u00c9vitez d'exposer l'\u00e9ponge \u00e0 l'humidit\u00e9 pour \u00e9viter les moisissures et le jaunissement.<\/p>\n<p>6. Remplacez r\u00e9guli\u00e8rement l'\u00e9ponge : Quelles que soient les mesures d'entretien prises, l'\u00e9ponge s'use et vieillit avec le temps. V\u00e9rifiez r\u00e9guli\u00e8rement l'\u00e9tat de vos \u00e9ponges et remplacez celles qui en ont besoin en temps voulu pour qu'elles restent propres et belles.<\/p>\n<p>Veuillez noter que l'utilisation d'agents anti-jaunissement des \u00e9ponges n'\u00e9limine pas compl\u00e8tement la possibilit\u00e9 de jaunissement des \u00e9ponges, mais elle peut retarder efficacement l'apparition du jaunissement. Veillez \u00e9galement \u00e0 s\u00e9lectionner et \u00e0 utiliser correctement l'agent anti-jaunissement pour \u00e9ponge et \u00e0 suivre les instructions du produit.<\/p>","protected":false},"excerpt":{"rendered":"<h1><strong><b>Agent d'\u00e9claircissement optique OB-1\u00a0<\/b><\/strong><\/h1>\n<p>Nom chimique : Agent de blanchiment optique OB-1<\/p>\n<p>Autres noms : \u00c9clairage fluorescent 393 ; 4,4\u2032-Bis(2-benzoxazolyl)stilb\u00e8ne ; \u00c9clairage fluorescent OB-1<\/p>\n<p>Num\u00e9ro CAS : 1533-45-5<\/p>\n<p>Formule mol\u00e9culaire : C28H18N2O2<\/p>\n<p>Poids mol\u00e9culaire : 414,45<\/p>\n<p>Structure de l'azurant optique OB-1 :<\/p>\n<p><img decoding=\"async\" class=\"size-medium wp-image-3111\" src=\"https:\/\/longchangchemical.com\/wp-content\/uploads\/2020\/09\/Optical-brightener-OB-1-Structure-300x50.png\" alt=\"Structure de l&#039;azurant optique OB-1\" width=\"300\" height=\"50\" srcset=\"https:\/\/longchangchemical.com\/wp-content\/uploads\/2020\/09\/Optical-brightener-OB-1-Structure-300x50.png 300w, https:\/\/longchangchemical.com\/wp-content\/uploads\/2020\/09\/Optical-brightener-OB-1-Structure.png 365w\" sizes=\"(max-width: 300px) 100vw, 300px\" \/><\/p>\n<p>Aspect : Poudre jaune verd\u00e2tre<\/p>\n<p>Essai : 99%<\/p>","protected":false},"featured_media":3110,"comment_status":"open","ping_status":"closed","template":"","meta":[],"product_brand":[],"product_cat":[140],"product_tag":[],"class_list":{"0":"post-3109","1":"product","2":"type-product","3":"status-publish","4":"has-post-thumbnail","6":"product_cat-chlumiphor-fluorescent-brightener","8":"first","9":"instock","10":"shipping-taxable","11":"product-type-simple"},"yoast_head":"<!-- This site is optimized with the Yoast SEO plugin v25.3.1 - https:\/\/yoast.com\/wordpress\/plugins\/seo\/ -->\n<title>China Optical brightener OB-1 manufacturer and supplier - Longchang chemical<\/title>\n<meta name=\"description\" content=\"Longchang chemical is a China Optical brightener OB-1 CAS 1533-45-5 manufacturer and supplier, we can provide the best Optical brightener OB-1 price. Other Name: Fluorescent Brightener 393 ; 4,4\u2032-Bis(2-benzoxazolyl)stilbene\" \/>\n<meta name=\"robots\" content=\"index, follow, max-snippet:-1, max-image-preview:large, max-video-preview:-1\" \/>\n<link rel=\"canonical\" href=\"https:\/\/longchangchemical.com\/fr\/product\/optical-brightener-ob-1-cas-1533-45-5\/\" \/>\n<meta property=\"og:locale\" content=\"fr_FR\" \/>\n<meta property=\"og:type\" content=\"article\" \/>\n<meta property=\"og:title\" content=\"China Optical brightener OB-1 manufacturer and supplier - Longchang chemical\" \/>\n<meta property=\"og:description\" content=\"Longchang chemical is a China Optical brightener OB-1 CAS 1533-45-5 manufacturer and supplier, we can provide the best Optical brightener OB-1 price. Other Name: Fluorescent Brightener 393 ; 4,4\u2032-Bis(2-benzoxazolyl)stilbene\" \/>\n<meta property=\"og:url\" content=\"https:\/\/longchangchemical.com\/fr\/product\/optical-brightener-ob-1-cas-1533-45-5\/\" \/>\n<meta property=\"og:site_name\" content=\"Longchang Chemical\" \/>\n<meta property=\"article:modified_time\" content=\"2025-04-01T07:42:12+00:00\" \/>\n<meta property=\"og:image\" content=\"https:\/\/longchangchemical.com\/wp-content\/uploads\/2020\/09\/Optical-brightener-OB-1-appearance.jpg\" \/>\n\t<meta property=\"og:image:width\" content=\"900\" \/>\n\t<meta property=\"og:image:height\" content=\"1200\" \/>\n\t<meta property=\"og:image:type\" content=\"image\/jpeg\" \/>\n<meta name=\"twitter:card\" content=\"summary_large_image\" \/>\n<script type=\"application\/ld+json\" class=\"yoast-schema-graph\">{\"@context\":\"https:\/\/schema.org\",\"@graph\":[{\"@type\":\"WebPage\",\"@id\":\"https:\/\/longchangchemical.com\/product\/optical-brightener-ob-1-cas-1533-45-5\/\",\"url\":\"https:\/\/longchangchemical.com\/product\/optical-brightener-ob-1-cas-1533-45-5\/\",\"name\":\"China Optical brightener OB-1 manufacturer and supplier - Longchang chemical\",\"isPartOf\":{\"@id\":\"https:\/\/longchangchemical.com\/#website\"},\"primaryImageOfPage\":{\"@id\":\"https:\/\/longchangchemical.com\/product\/optical-brightener-ob-1-cas-1533-45-5\/#primaryimage\"},\"image\":{\"@id\":\"https:\/\/longchangchemical.com\/product\/optical-brightener-ob-1-cas-1533-45-5\/#primaryimage\"},\"thumbnailUrl\":\"https:\/\/longchangchemical.com\/wp-content\/uploads\/2020\/09\/Optical-brightener-OB-1-appearance.jpg\",\"datePublished\":\"2020-09-05T06:04:18+00:00\",\"dateModified\":\"2025-04-01T07:42:12+00:00\",\"description\":\"Longchang chemical is a China Optical brightener OB-1 CAS 1533-45-5 manufacturer and supplier, we can provide the best Optical brightener OB-1 price. Other Name: Fluorescent Brightener 393 ; 4,4\u2032-Bis(2-benzoxazolyl)stilbene\",\"breadcrumb\":{\"@id\":\"https:\/\/longchangchemical.com\/product\/optical-brightener-ob-1-cas-1533-45-5\/#breadcrumb\"},\"inLanguage\":\"fr-FR\",\"potentialAction\":[{\"@type\":\"ReadAction\",\"target\":[\"https:\/\/longchangchemical.com\/product\/optical-brightener-ob-1-cas-1533-45-5\/\"]}]},{\"@type\":\"ImageObject\",\"inLanguage\":\"fr-FR\",\"@id\":\"https:\/\/longchangchemical.com\/product\/optical-brightener-ob-1-cas-1533-45-5\/#primaryimage\",\"url\":\"https:\/\/longchangchemical.com\/wp-content\/uploads\/2020\/09\/Optical-brightener-OB-1-appearance.jpg\",\"contentUrl\":\"https:\/\/longchangchemical.com\/wp-content\/uploads\/2020\/09\/Optical-brightener-OB-1-appearance.jpg\",\"width\":900,\"height\":1200,\"caption\":\"Optical brightener OB-1 appearance\"},{\"@type\":\"BreadcrumbList\",\"@id\":\"https:\/\/longchangchemical.com\/product\/optical-brightener-ob-1-cas-1533-45-5\/#breadcrumb\",\"itemListElement\":[{\"@type\":\"ListItem\",\"position\":1,\"name\":\"Home\",\"item\":\"https:\/\/longchangchemical.com\/\"},{\"@type\":\"ListItem\",\"position\":2,\"name\":\"Products Longchang\",\"item\":\"https:\/\/longchangchemical.com\/product\/\"},{\"@type\":\"ListItem\",\"position\":3,\"name\":\"CHLUMIPHOR\u00ae OB-1 \/ Optical brightener OB-1 CAS 1533-45-5\"}]},{\"@type\":\"WebSite\",\"@id\":\"https:\/\/longchangchemical.com\/#website\",\"url\":\"https:\/\/longchangchemical.com\/\",\"name\":\"Longchang Chemical\",\"description\":\"China chemical manufacturer \uff06 supplier\",\"publisher\":{\"@id\":\"https:\/\/longchangchemical.com\/#organization\"},\"potentialAction\":[{\"@type\":\"SearchAction\",\"target\":{\"@type\":\"EntryPoint\",\"urlTemplate\":\"https:\/\/longchangchemical.com\/?s={search_term_string}\"},\"query-input\":{\"@type\":\"PropertyValueSpecification\",\"valueRequired\":true,\"valueName\":\"search_term_string\"}}],\"inLanguage\":\"fr-FR\"},{\"@type\":\"Organization\",\"@id\":\"https:\/\/longchangchemical.com\/#organization\",\"name\":\"Longchang Chemical\",\"url\":\"https:\/\/longchangchemical.com\/\",\"logo\":{\"@type\":\"ImageObject\",\"inLanguage\":\"fr-FR\",\"@id\":\"https:\/\/longchangchemical.com\/#\/schema\/logo\/image\/\",\"url\":\"https:\/\/longchangchemical.com\/wp-content\/uploads\/2020\/08\/cropped-longchang-logo.png\",\"contentUrl\":\"https:\/\/longchangchemical.com\/wp-content\/uploads\/2020\/08\/cropped-longchang-logo.png\",\"width\":512,\"height\":512,\"caption\":\"Longchang Chemical\"},\"image\":{\"@id\":\"https:\/\/longchangchemical.com\/#\/schema\/logo\/image\/\"}}]}<\/script>\n<!-- \/ Yoast SEO plugin. -->","yoast_head_json":{"title":"Fabricant et fournisseur chinois d'azurants optiques OB-1 - Longchang chemical","description":"Longchang chemical est un fabricant et fournisseur chinois d'azurants optiques OB-1 CAS 1533-45-5. Nous pouvons fournir les meilleurs prix d'azurants optiques OB-1. Autre nom : Azurant fluorescent 393 ; 4,4\u2032-Bis(2-benzoxazolyl)stilb\u00e8ne","robots":{"index":"index","follow":"follow","max-snippet":"max-snippet:-1","max-image-preview":"max-image-preview:large","max-video-preview":"max-video-preview:-1"},"canonical":"https:\/\/longchangchemical.com\/fr\/product\/optical-brightener-ob-1-cas-1533-45-5\/","og_locale":"fr_FR","og_type":"article","og_title":"China Optical brightener OB-1 manufacturer and supplier - Longchang chemical","og_description":"Longchang chemical is a China Optical brightener OB-1 CAS 1533-45-5 manufacturer and supplier, we can provide the best Optical brightener OB-1 price. Other Name: Fluorescent Brightener 393 ; 4,4\u2032-Bis(2-benzoxazolyl)stilbene","og_url":"https:\/\/longchangchemical.com\/fr\/product\/optical-brightener-ob-1-cas-1533-45-5\/","og_site_name":"Longchang Chemical","article_modified_time":"2025-04-01T07:42:12+00:00","og_image":[{"width":900,"height":1200,"url":"https:\/\/longchangchemical.com\/wp-content\/uploads\/2020\/09\/Optical-brightener-OB-1-appearance.jpg","type":"image\/jpeg"}],"twitter_card":"summary_large_image","schema":{"@context":"https:\/\/schema.org","@graph":[{"@type":"WebPage","@id":"https:\/\/longchangchemical.com\/product\/optical-brightener-ob-1-cas-1533-45-5\/","url":"https:\/\/longchangchemical.com\/product\/optical-brightener-ob-1-cas-1533-45-5\/","name":"Fabricant et fournisseur chinois d'azurants optiques OB-1 - Longchang chemical","isPartOf":{"@id":"https:\/\/longchangchemical.com\/#website"},"primaryImageOfPage":{"@id":"https:\/\/longchangchemical.com\/product\/optical-brightener-ob-1-cas-1533-45-5\/#primaryimage"},"image":{"@id":"https:\/\/longchangchemical.com\/product\/optical-brightener-ob-1-cas-1533-45-5\/#primaryimage"},"thumbnailUrl":"https:\/\/longchangchemical.com\/wp-content\/uploads\/2020\/09\/Optical-brightener-OB-1-appearance.jpg","datePublished":"2020-09-05T06:04:18+00:00","dateModified":"2025-04-01T07:42:12+00:00","description":"Longchang chemical est un fabricant et fournisseur chinois d'azurants optiques OB-1 CAS 1533-45-5. Nous pouvons fournir les meilleurs prix d'azurants optiques OB-1. Autre nom : Azurant fluorescent 393 ; 4,4\u2032-Bis(2-benzoxazolyl)stilb\u00e8ne","breadcrumb":{"@id":"https:\/\/longchangchemical.com\/product\/optical-brightener-ob-1-cas-1533-45-5\/#breadcrumb"},"inLanguage":"fr-FR","potentialAction":[{"@type":"ReadAction","target":["https:\/\/longchangchemical.com\/product\/optical-brightener-ob-1-cas-1533-45-5\/"]}]},{"@type":"ImageObject","inLanguage":"fr-FR","@id":"https:\/\/longchangchemical.com\/product\/optical-brightener-ob-1-cas-1533-45-5\/#primaryimage","url":"https:\/\/longchangchemical.com\/wp-content\/uploads\/2020\/09\/Optical-brightener-OB-1-appearance.jpg","contentUrl":"https:\/\/longchangchemical.com\/wp-content\/uploads\/2020\/09\/Optical-brightener-OB-1-appearance.jpg","width":900,"height":1200,"caption":"Optical brightener OB-1 appearance"},{"@type":"BreadcrumbList","@id":"https:\/\/longchangchemical.com\/product\/optical-brightener-ob-1-cas-1533-45-5\/#breadcrumb","itemListElement":[{"@type":"ListItem","position":1,"name":"Home","item":"https:\/\/longchangchemical.com\/"},{"@type":"ListItem","position":2,"name":"Products Longchang","item":"https:\/\/longchangchemical.com\/product\/"},{"@type":"ListItem","position":3,"name":"CHLUMIPHOR\u00ae OB-1 \/ Optical brightener OB-1 CAS 1533-45-5"}]},{"@type":"WebSite","@id":"https:\/\/longchangchemical.com\/#website","url":"https:\/\/longchangchemical.com\/","name":"Longchang Chemical","description":"Fabricant chinois de produits chimiques \uff06 fournisseur","publisher":{"@id":"https:\/\/longchangchemical.com\/#organization"},"potentialAction":[{"@type":"SearchAction","target":{"@type":"EntryPoint","urlTemplate":"https:\/\/longchangchemical.com\/?s={search_term_string}"},"query-input":{"@type":"PropertyValueSpecification","valueRequired":true,"valueName":"search_term_string"}}],"inLanguage":"fr-FR"},{"@type":"Organization","@id":"https:\/\/longchangchemical.com\/#organization","name":"Longchang Chemical","url":"https:\/\/longchangchemical.com\/","logo":{"@type":"ImageObject","inLanguage":"fr-FR","@id":"https:\/\/longchangchemical.com\/#\/schema\/logo\/image\/","url":"https:\/\/longchangchemical.com\/wp-content\/uploads\/2020\/08\/cropped-longchang-logo.png","contentUrl":"https:\/\/longchangchemical.com\/wp-content\/uploads\/2020\/08\/cropped-longchang-logo.png","width":512,"height":512,"caption":"Longchang Chemical"},"image":{"@id":"https:\/\/longchangchemical.com\/#\/schema\/logo\/image\/"}}]}},"_links":{"self":[{"href":"https:\/\/longchangchemical.com\/fr\/wp-json\/wp\/v2\/product\/3109","targetHints":{"allow":["GET"]}}],"collection":[{"href":"https:\/\/longchangchemical.com\/fr\/wp-json\/wp\/v2\/product"}],"about":[{"href":"https:\/\/longchangchemical.com\/fr\/wp-json\/wp\/v2\/types\/product"}],"replies":[{"embeddable":true,"href":"https:\/\/longchangchemical.com\/fr\/wp-json\/wp\/v2\/comments?post=3109"}],"wp:featuredmedia":[{"embeddable":true,"href":"https:\/\/longchangchemical.com\/fr\/wp-json\/wp\/v2\/media\/3110"}],"wp:attachment":[{"href":"https:\/\/longchangchemical.com\/fr\/wp-json\/wp\/v2\/media?parent=3109"}],"wp:term":[{"taxonomy":"product_brand","embeddable":true,"href":"https:\/\/longchangchemical.com\/fr\/wp-json\/wp\/v2\/product_brand?post=3109"},{"taxonomy":"product_cat","embeddable":true,"href":"https:\/\/longchangchemical.com\/fr\/wp-json\/wp\/v2\/product_cat?post=3109"},{"taxonomy":"product_tag","embeddable":true,"href":"https:\/\/longchangchemical.com\/fr\/wp-json\/wp\/v2\/product_tag?post=3109"}],"curies":[{"name":"wp","href":"https:\/\/api.w.org\/{rel}","templated":true}]}}