{"id":8265,"date":"2025-09-03T10:35:12","date_gmt":"2025-09-03T10:35:12","guid":{"rendered":"https:\/\/longchangchemical.com\/?post_type=product&#038;p=8265"},"modified":"2025-12-15T09:24:15","modified_gmt":"2025-12-15T09:24:15","slug":"chluminit-262-cas-100011-37-8","status":"publish","type":"product","link":"https:\/\/longchangchemical.com\/de\/product\/chluminit-262-cas-100011-37-8\/","title":{"rendered":"CHLUMINIT\u00ae 262 \/ Photoinitiator 262 CAS 100011-37-8"},"content":{"rendered":"<table width=\"548\">\n<tbody>\n<tr>\n<td width=\"112\">Chemische Bezeichnung<\/td>\n<td width=\"436\">h-Cumol)-(h-Cyclopentadienyl)eisen(II) hexafluoroantimonat<\/td>\n<\/tr>\n<tr>\n<td width=\"112\">CAS-NR.<\/td>\n<td width=\"436\">100011-37-8<\/td>\n<\/tr>\n<tr>\n<td width=\"112\">Erscheinungsbild<\/td>\n<td width=\"436\">Gelbes Puder<\/td>\n<\/tr>\n<tr>\n<td width=\"112\">Reinheit<\/td>\n<td width=\"436\">\u226598%<\/td>\n<\/tr>\n<tr>\n<td width=\"112\">Schmelzpunkt<\/td>\n<td width=\"436\">83-85*0<\/td>\n<\/tr>\n<tr>\n<td width=\"112\">Absorptionsspitzenwert<\/td>\n<td width=\"436\">300nm 390nm 450nm<\/td>\n<\/tr>\n<tr>\n<td rowspan=\"3\" width=\"112\">Vorteile<\/td>\n<td width=\"436\">1) Breiter Absorptionsbereich, kann unter sichtbarem Licht aush\u00e4rten<\/td>\n<\/tr>\n<tr>\n<td width=\"436\">2) Gute thermische Stabilit\u00e4t. Hohe L\u00f6slichkeit<\/td>\n<\/tr>\n<tr>\n<td width=\"436\">3) Gering fl\u00fcchtig, geruchsarm und umweltfreundlich<\/td>\n<\/tr>\n<tr>\n<td width=\"112\">Anmeldung<\/td>\n<td width=\"436\">Photoinitiator 262 kann unter sichtbarem Licht aush\u00e4rten und eignet sich sehr gut f\u00fcr die Aush\u00e4rtung mit LED, UV-Licht, R\u00f6ntgenstrahlen und Laser. Er wird haupts\u00e4chlich f\u00fcr UV-Beschichtungen, UV-Tinte, Photoresist, \u00c4tzresist f\u00fcr Leiterplatten usw. verwendet. Auch f\u00fcr wasserl\u00f6sliche Photopolymere geeignet.<\/td>\n<\/tr>\n<\/tbody>\n<\/table>\n<h2><strong><b>Kontaktieren Sie uns jetzt!<\/b><\/strong><\/h2>\n<h4><strong><b>Wenn Sie einen Preis oder eine Probe ben\u00f6tigen, tragen Sie bitte Ihre Kontaktdaten in das unten stehende Formular ein. Wir werden uns in der Regel innerhalb von 24 Stunden mit Ihnen in Verbindung setzen. Sie k\u00f6nnen mir auch eine E-Mail schicken <span style=\"color: #00ccff;\"><a style=\"color: #00ccff;\" href=\"mailto:info@longchangchemical.com\">info@longchangchemical.com<\/a><\/span>\u00a0w\u00e4hrend der Gesch\u00e4ftszeiten ( 8:30 bis 18:00 Uhr UTC+8 Mo.~Sa. ) oder nutzen Sie den Live-Chat auf der Website, um eine schnelle Antwort zu erhalten.<\/b><\/strong><\/h4>","protected":false},"excerpt":{"rendered":"<p>Chemische Bezeichnung h-Cumol)-(h-Cyclopentadienyl)eisen(II) hexafluoroantimonat CAS NO. 100011-37-8 Aussehen Gelbes Pulver Reinheit \u226598% Schmelzpunkt 83-85*0 Absorptionspeak 300nm 390nm 450nm Vorteile 1) Breiter Absorptionsbereich, kann unter sichtbarem Licht aush\u00e4rten 2) Gute thermische Stabilit\u00e4t. Hohe L\u00f6slichkeit 3) Geringe Fl\u00fcchtigkeit, milder Geruch und umweltfreundlich Anwendung Photoinitiator 262 kann unter sichtbarem Licht aush\u00e4rten und ist sehr geeignet [...]<\/p>","protected":false},"featured_media":0,"comment_status":"closed","ping_status":"closed","template":"","meta":[],"product_brand":[],"product_cat":[175,174],"product_tag":[],"class_list":{"0":"post-8265","1":"product","2":"type-product","3":"status-publish","5":"product_cat-cationic-photoinitiator","6":"product_cat-photoinitiator","8":"first","9":"instock","10":"shipping-taxable","11":"product-type-simple"},"yoast_head":"<!-- This site is optimized with the Yoast SEO plugin v25.3.1 - https:\/\/yoast.com\/wordpress\/plugins\/seo\/ -->\n<title>China CHLUMINIT\u00ae 262 \/ Photoinitiator 262 CAS 100011-37-8 Manufacturer - Longchang Chemical<\/title>\n<meta name=\"description\" content=\"CHLUMINIT\u00ae 262 is a key product of Longchang Chemical. We provide the best price. We are the leading manufacturer in China with the best quality and competitive price.\" \/>\n<meta name=\"robots\" content=\"index, follow, max-snippet:-1, max-image-preview:large, max-video-preview:-1\" \/>\n<link rel=\"canonical\" href=\"https:\/\/longchangchemical.com\/de\/product\/chluminit-262-cas-100011-37-8\/\" \/>\n<meta property=\"og:locale\" content=\"de_DE\" \/>\n<meta property=\"og:type\" content=\"article\" \/>\n<meta property=\"og:title\" content=\"China CHLUMINIT\u00ae 262 \/ Photoinitiator 262 CAS 100011-37-8 Manufacturer - Longchang Chemical\" \/>\n<meta property=\"og:description\" content=\"CHLUMINIT\u00ae 262 is a key product of Longchang Chemical. We provide the best price. We are the leading manufacturer in China with the best quality and competitive price.\" \/>\n<meta property=\"og:url\" content=\"https:\/\/longchangchemical.com\/de\/product\/chluminit-262-cas-100011-37-8\/\" \/>\n<meta property=\"og:site_name\" content=\"Longchang Chemical\" \/>\n<meta property=\"article:modified_time\" content=\"2025-12-15T09:24:15+00:00\" \/>\n<meta property=\"og:image\" content=\"https:\/\/longchangchemical.com\/wp-content\/uploads\/2024\/02\/logo-jpeg.jpg\" \/>\n\t<meta property=\"og:image:width\" content=\"1000\" \/>\n\t<meta property=\"og:image:height\" content=\"1000\" \/>\n\t<meta property=\"og:image:type\" content=\"image\/jpeg\" \/>\n<meta name=\"twitter:card\" content=\"summary_large_image\" \/>\n<script type=\"application\/ld+json\" class=\"yoast-schema-graph\">{\"@context\":\"https:\/\/schema.org\",\"@graph\":[{\"@type\":\"WebPage\",\"@id\":\"https:\/\/longchangchemical.com\/product\/chluminit-262-cas-100011-37-8\/\",\"url\":\"https:\/\/longchangchemical.com\/product\/chluminit-262-cas-100011-37-8\/\",\"name\":\"China CHLUMINIT\u00ae 262 \/ Photoinitiator 262 CAS 100011-37-8 Manufacturer - Longchang Chemical\",\"isPartOf\":{\"@id\":\"https:\/\/longchangchemical.com\/#website\"},\"datePublished\":\"2025-09-03T10:35:12+00:00\",\"dateModified\":\"2025-12-15T09:24:15+00:00\",\"description\":\"CHLUMINIT\u00ae 262 is a key product of Longchang Chemical. We provide the best price. We are the leading manufacturer in China with the best quality and competitive price.\",\"breadcrumb\":{\"@id\":\"https:\/\/longchangchemical.com\/product\/chluminit-262-cas-100011-37-8\/#breadcrumb\"},\"inLanguage\":\"de\",\"potentialAction\":[{\"@type\":\"ReadAction\",\"target\":[\"https:\/\/longchangchemical.com\/product\/chluminit-262-cas-100011-37-8\/\"]}]},{\"@type\":\"BreadcrumbList\",\"@id\":\"https:\/\/longchangchemical.com\/product\/chluminit-262-cas-100011-37-8\/#breadcrumb\",\"itemListElement\":[{\"@type\":\"ListItem\",\"position\":1,\"name\":\"Home\",\"item\":\"https:\/\/longchangchemical.com\/\"},{\"@type\":\"ListItem\",\"position\":2,\"name\":\"Products Longchang\",\"item\":\"https:\/\/longchangchemical.com\/product\/\"},{\"@type\":\"ListItem\",\"position\":3,\"name\":\"CHLUMINIT\u00ae 262 \/ Photoinitiator 262 CAS 100011-37-8\"}]},{\"@type\":\"WebSite\",\"@id\":\"https:\/\/longchangchemical.com\/#website\",\"url\":\"https:\/\/longchangchemical.com\/\",\"name\":\"Longchang Chemical\",\"description\":\"China chemical manufacturer \uff06 supplier\",\"publisher\":{\"@id\":\"https:\/\/longchangchemical.com\/#organization\"},\"potentialAction\":[{\"@type\":\"SearchAction\",\"target\":{\"@type\":\"EntryPoint\",\"urlTemplate\":\"https:\/\/longchangchemical.com\/?s={search_term_string}\"},\"query-input\":{\"@type\":\"PropertyValueSpecification\",\"valueRequired\":true,\"valueName\":\"search_term_string\"}}],\"inLanguage\":\"de\"},{\"@type\":\"Organization\",\"@id\":\"https:\/\/longchangchemical.com\/#organization\",\"name\":\"Longchang Chemical\",\"url\":\"https:\/\/longchangchemical.com\/\",\"logo\":{\"@type\":\"ImageObject\",\"inLanguage\":\"de\",\"@id\":\"https:\/\/longchangchemical.com\/#\/schema\/logo\/image\/\",\"url\":\"https:\/\/longchangchemical.com\/wp-content\/uploads\/2020\/08\/cropped-longchang-logo.png\",\"contentUrl\":\"https:\/\/longchangchemical.com\/wp-content\/uploads\/2020\/08\/cropped-longchang-logo.png\",\"width\":512,\"height\":512,\"caption\":\"Longchang Chemical\"},\"image\":{\"@id\":\"https:\/\/longchangchemical.com\/#\/schema\/logo\/image\/\"}}]}<\/script>\n<!-- \/ Yoast SEO plugin. -->","yoast_head_json":{"title":"China CHLUMINIT\u00ae 262 \/ Photoinitiator 262 CAS 100011-37-8 Hersteller - Longchang Chemical","description":"CHLUMINIT\u00ae 262 ist ein Schl\u00fcsselprodukt von Longchang Chemical. Wir bieten den besten Preis. Wir sind der f\u00fchrende Hersteller in China mit der besten Qualit\u00e4t und konkurrenzf\u00e4higem Preis.","robots":{"index":"index","follow":"follow","max-snippet":"max-snippet:-1","max-image-preview":"max-image-preview:large","max-video-preview":"max-video-preview:-1"},"canonical":"https:\/\/longchangchemical.com\/de\/product\/chluminit-262-cas-100011-37-8\/","og_locale":"de_DE","og_type":"article","og_title":"China CHLUMINIT\u00ae 262 \/ Photoinitiator 262 CAS 100011-37-8 Manufacturer - Longchang Chemical","og_description":"CHLUMINIT\u00ae 262 is a key product of Longchang Chemical. We provide the best price. We are the leading manufacturer in China with the best quality and competitive price.","og_url":"https:\/\/longchangchemical.com\/de\/product\/chluminit-262-cas-100011-37-8\/","og_site_name":"Longchang Chemical","article_modified_time":"2025-12-15T09:24:15+00:00","og_image":[{"width":1000,"height":1000,"url":"https:\/\/longchangchemical.com\/wp-content\/uploads\/2024\/02\/logo-jpeg.jpg","type":"image\/jpeg"}],"twitter_card":"summary_large_image","schema":{"@context":"https:\/\/schema.org","@graph":[{"@type":"WebPage","@id":"https:\/\/longchangchemical.com\/product\/chluminit-262-cas-100011-37-8\/","url":"https:\/\/longchangchemical.com\/product\/chluminit-262-cas-100011-37-8\/","name":"China CHLUMINIT\u00ae 262 \/ Photoinitiator 262 CAS 100011-37-8 Hersteller - Longchang Chemical","isPartOf":{"@id":"https:\/\/longchangchemical.com\/#website"},"datePublished":"2025-09-03T10:35:12+00:00","dateModified":"2025-12-15T09:24:15+00:00","description":"CHLUMINIT\u00ae 262 ist ein Schl\u00fcsselprodukt von Longchang Chemical. Wir bieten den besten Preis. Wir sind der f\u00fchrende Hersteller in China mit der besten Qualit\u00e4t und konkurrenzf\u00e4higem Preis.","breadcrumb":{"@id":"https:\/\/longchangchemical.com\/product\/chluminit-262-cas-100011-37-8\/#breadcrumb"},"inLanguage":"de","potentialAction":[{"@type":"ReadAction","target":["https:\/\/longchangchemical.com\/product\/chluminit-262-cas-100011-37-8\/"]}]},{"@type":"BreadcrumbList","@id":"https:\/\/longchangchemical.com\/product\/chluminit-262-cas-100011-37-8\/#breadcrumb","itemListElement":[{"@type":"ListItem","position":1,"name":"Home","item":"https:\/\/longchangchemical.com\/"},{"@type":"ListItem","position":2,"name":"Products Longchang","item":"https:\/\/longchangchemical.com\/product\/"},{"@type":"ListItem","position":3,"name":"CHLUMINIT\u00ae 262 \/ Photoinitiator 262 CAS 100011-37-8"}]},{"@type":"WebSite","@id":"https:\/\/longchangchemical.com\/#website","url":"https:\/\/longchangchemical.com\/","name":"Longchang Chemical","description":"China Hersteller von Chemikalien \uff06 Lieferant","publisher":{"@id":"https:\/\/longchangchemical.com\/#organization"},"potentialAction":[{"@type":"SearchAction","target":{"@type":"EntryPoint","urlTemplate":"https:\/\/longchangchemical.com\/?s={search_term_string}"},"query-input":{"@type":"PropertyValueSpecification","valueRequired":true,"valueName":"search_term_string"}}],"inLanguage":"de"},{"@type":"Organization","@id":"https:\/\/longchangchemical.com\/#organization","name":"Longchang Chemical","url":"https:\/\/longchangchemical.com\/","logo":{"@type":"ImageObject","inLanguage":"de","@id":"https:\/\/longchangchemical.com\/#\/schema\/logo\/image\/","url":"https:\/\/longchangchemical.com\/wp-content\/uploads\/2020\/08\/cropped-longchang-logo.png","contentUrl":"https:\/\/longchangchemical.com\/wp-content\/uploads\/2020\/08\/cropped-longchang-logo.png","width":512,"height":512,"caption":"Longchang Chemical"},"image":{"@id":"https:\/\/longchangchemical.com\/#\/schema\/logo\/image\/"}}]}},"_links":{"self":[{"href":"https:\/\/longchangchemical.com\/de\/wp-json\/wp\/v2\/product\/8265","targetHints":{"allow":["GET"]}}],"collection":[{"href":"https:\/\/longchangchemical.com\/de\/wp-json\/wp\/v2\/product"}],"about":[{"href":"https:\/\/longchangchemical.com\/de\/wp-json\/wp\/v2\/types\/product"}],"replies":[{"embeddable":true,"href":"https:\/\/longchangchemical.com\/de\/wp-json\/wp\/v2\/comments?post=8265"}],"wp:attachment":[{"href":"https:\/\/longchangchemical.com\/de\/wp-json\/wp\/v2\/media?parent=8265"}],"wp:term":[{"taxonomy":"product_brand","embeddable":true,"href":"https:\/\/longchangchemical.com\/de\/wp-json\/wp\/v2\/product_brand?post=8265"},{"taxonomy":"product_cat","embeddable":true,"href":"https:\/\/longchangchemical.com\/de\/wp-json\/wp\/v2\/product_cat?post=8265"},{"taxonomy":"product_tag","embeddable":true,"href":"https:\/\/longchangchemical.com\/de\/wp-json\/wp\/v2\/product_tag?post=8265"}],"curies":[{"name":"wp","href":"https:\/\/api.w.org\/{rel}","templated":true}]}}