{"id":8221,"date":"2025-06-30T08:54:59","date_gmt":"2025-06-30T08:54:59","guid":{"rendered":"https:\/\/longchangchemical.com\/?post_type=product&#038;p=8221"},"modified":"2025-08-22T11:20:13","modified_gmt":"2025-08-22T11:20:13","slug":"chromeclair-hema-free-gel-polish","status":"publish","type":"product","link":"https:\/\/longchangchemical.com\/de\/product\/chromeclair-hema-free-gel-polish\/","title":{"rendered":"CHROM\u00c9CLAIR\u00ae HEMA-frei \uff06 TPO-frei \uff06 Di-HEMA-frei \uff06 TMHDC-frei Gel Polish"},"content":{"rendered":"<h1><strong>CHROM\u00c9CLAIR\u00ae HEMA-frei \uff06 TPO-frei \uff06 Di-HEMA-frei \uff06 TMHDC-frei Gel Polish<\/strong><\/h1>\n<p>Verbesserte Inhaltsstoffe: HEMA-frei \uff06 TPO-frei \uff06 Di-HEMA-frei \uff06 TMHDC-frei, was dem EU-Standard entspricht.<\/p>\n<p>Spielver\u00e4nderndes Flaschendesign: Die Farben, die am Boden und an den Seiten der Flasche angezeigt werden, stimmen mit der Farbe des Nagellacks in der Flasche \u00fcberein.<\/p>\n<p>Upgraded Kapazit\u00e4t: 17ML gro\u00dfe Kapazit\u00e4t, ist es geeignet f\u00fcr den Einsatz in verschiedenen Gelegenheiten und das ganze Jahr \u00fcber.<\/p>\n<p>Lang anhaltend: CHROM\u00c9CLAIR-Gelpolitur kann mehr als 20 Tage lang halten.<\/p>\n<p>Schnell trocknend: 30 bis 60 Sekunden Aush\u00e4rtung unter UV- oder LED-Nagellampen.<\/p>\n<p>&nbsp;<\/p>\n<p>&nbsp;<\/p>\n<p>Anweisungen zur Bewerbung:<\/p>\n<p>Schritt 1. Reinigen Sie die N\u00e4gel und dann trimmen Nageloberfl\u00e4che als normale Manik\u00fcre Prozess.<\/p>\n<p>Schritt 2. Sch\u00fctteln Sie den Gelpolitur vollst\u00e4ndig auf, damit die Farbe der Gelpolitur ausgeglichen wird. (Wichtig)<\/p>\n<p>Schritt 3. Tragen Sie zuerst eine Grundierung auf, die den Lack l\u00e4nger haltbar macht. H\u00e4rten Sie den Lack mit einer UV- oder LED-Lampe f\u00fcr etwa 60 Sekunden aus. (Erforderlich)<\/p>\n<p>Schritt 4. Erste d\u00fcnne Schicht Farbgel direkt auftragen, mit LED- oder UV-Lampe 60 Sekunden lang aush\u00e4rten.<\/p>\n<p>Schritt 5. Tragen Sie eine zweite d\u00fcnne Schicht Farbgel auf und h\u00e4rten Sie diese sofort mit einer UV- oder LED-Lampe f\u00fcr etwa 60 Sekunden aus.<\/p>\n<p>Schritt 6. Decklack auftragen und mit einer UV- oder LED-Lampe aush\u00e4rten.<\/p>\n<h1><strong><b>Kontaktieren Sie uns jetzt!<\/b><\/strong><\/h1>\n<h4><strong><b>Wenn Sie einen Preis ben\u00f6tigen, tragen Sie bitte Ihre Kontaktdaten in das unten stehende Formular ein. Wir werden uns in der Regel innerhalb von 24 Stunden mit Ihnen in Verbindung setzen. Sie k\u00f6nnen mir auch mailen <a href=\"mailto:sales@chromeclair.com\"><span style=\"color: #00ccff;\">sales@chromeclair.com<\/span><\/a>\u00a0w\u00e4hrend der Gesch\u00e4ftszeiten ( 8:30 bis 18:00 Uhr UTC+8 Mo.~Sa. ) oder nutzen Sie den Live-Chat auf der Website, um eine schnelle Antwort zu erhalten.<\/b><\/strong><\/h4>","protected":false},"excerpt":{"rendered":"<p>Holen Sie sich HEMA-frei \uff06 TPO-frei \uff06 Di-HEMA-frei \uff06 TMHDC-frei Gel Polish Preis. MEHQ\uff1c10PPM \uff01<\/p>\n<p><a href=\"https:\/\/longchangchemical.com\/de\/product-category\/photoinitiator\/\"><span style=\"color: #00ccff;\">CHLUMINIT\u00ae UV-Photoinitiator<\/span><\/a> + <a href=\"https:\/\/longchangchemical.com\/de\/product-category\/functional-monomers\/\"><span style=\"color: #00ccff;\">CHLUMICRYL\u00ae UV-Monomere<\/span><\/a> + <a href=\"https:\/\/longchangchemical.com\/de\/product-category\/uv-oligomer\/\"><span style=\"color: #00ccff;\">CHLUMICRYL\u00ae UV-Oligomer<\/span><\/a> + Farbe = UV-Gel-Politur<\/p>\n<p>Verpackung: 17ml \/ Flasche; 1KG \/ Flasche<\/p>\n<p>Preis erhalten: <strong><b><a href=\"mailto:sales@chromeclair.com\"><span style=\"color: #00ccff;\">sales@chromeclair.com<\/span><\/a><\/b><\/strong><\/p>\n<p>MOQ: 1 KG Flasche \/ 7 Flasche 17ml<\/p>","protected":false},"featured_media":8246,"comment_status":"closed","ping_status":"closed","template":"","meta":[],"product_brand":[],"product_cat":[187],"product_tag":[],"class_list":{"0":"post-8221","1":"product","2":"type-product","3":"status-publish","4":"has-post-thumbnail","6":"product_cat-chromeclair-gel-polish","8":"first","9":"instock","10":"shipping-taxable","11":"product-type-simple"},"yoast_head":"<!-- This site is optimized with the Yoast SEO plugin v25.3.1 - https:\/\/yoast.com\/wordpress\/plugins\/seo\/ -->\n<title>Wholesale CHROM\u00c9CLAIR\u00ae HEMA free \uff06 TPO free \uff06 Di-HEMA-Free \uff06 TMHDC-Free Gel Polish price Manufacturer - Longchang Chemical<\/title>\n<meta name=\"description\" content=\"CHROM\u00c9CLAIR\u00ae HEMA free \uff06 TPO free \uff06 Di-HEMA-Free \uff06 TMHDC-Free Gel Polish is a key product of Longchang Chemical. We provide the best price. We are the leading manufacturer in China with the best quality and competitive price.\" \/>\n<meta name=\"robots\" content=\"index, follow, max-snippet:-1, max-image-preview:large, max-video-preview:-1\" \/>\n<link rel=\"canonical\" href=\"https:\/\/longchangchemical.com\/de\/product\/chromeclair-hema-free-gel-polish\/\" \/>\n<meta property=\"og:locale\" content=\"de_DE\" \/>\n<meta property=\"og:type\" content=\"article\" \/>\n<meta property=\"og:title\" content=\"Wholesale CHROM\u00c9CLAIR\u00ae HEMA free \uff06 TPO free \uff06 Di-HEMA-Free \uff06 TMHDC-Free Gel Polish price Manufacturer - Longchang Chemical\" \/>\n<meta property=\"og:description\" content=\"CHROM\u00c9CLAIR\u00ae HEMA free \uff06 TPO free \uff06 Di-HEMA-Free \uff06 TMHDC-Free Gel Polish is a key product of Longchang Chemical. We provide the best price. We are the leading manufacturer in China with the best quality and competitive price.\" \/>\n<meta property=\"og:url\" content=\"https:\/\/longchangchemical.com\/de\/product\/chromeclair-hema-free-gel-polish\/\" \/>\n<meta property=\"og:site_name\" content=\"Longchang Chemical\" \/>\n<meta property=\"article:modified_time\" content=\"2025-08-22T11:20:13+00:00\" \/>\n<meta property=\"og:image\" content=\"https:\/\/longchangchemical.com\/wp-content\/uploads\/2025\/06\/CHROMECLAIR-SR-CL-CE-Color.jpg\" \/>\n\t<meta property=\"og:image:width\" content=\"1670\" \/>\n\t<meta property=\"og:image:height\" content=\"1546\" \/>\n\t<meta property=\"og:image:type\" content=\"image\/jpeg\" \/>\n<meta name=\"twitter:card\" content=\"summary_large_image\" \/>\n<script type=\"application\/ld+json\" class=\"yoast-schema-graph\">{\"@context\":\"https:\/\/schema.org\",\"@graph\":[{\"@type\":\"WebPage\",\"@id\":\"https:\/\/longchangchemical.com\/product\/chromeclair-hema-free-gel-polish\/\",\"url\":\"https:\/\/longchangchemical.com\/product\/chromeclair-hema-free-gel-polish\/\",\"name\":\"Wholesale CHROM\u00c9CLAIR\u00ae HEMA free \uff06 TPO free \uff06 Di-HEMA-Free \uff06 TMHDC-Free Gel Polish price Manufacturer - Longchang Chemical\",\"isPartOf\":{\"@id\":\"https:\/\/longchangchemical.com\/#website\"},\"primaryImageOfPage\":{\"@id\":\"https:\/\/longchangchemical.com\/product\/chromeclair-hema-free-gel-polish\/#primaryimage\"},\"image\":{\"@id\":\"https:\/\/longchangchemical.com\/product\/chromeclair-hema-free-gel-polish\/#primaryimage\"},\"thumbnailUrl\":\"https:\/\/longchangchemical.com\/wp-content\/uploads\/2025\/06\/CHROMECLAIR-SR-CL-CE-Color.jpg\",\"datePublished\":\"2025-06-30T08:54:59+00:00\",\"dateModified\":\"2025-08-22T11:20:13+00:00\",\"description\":\"CHROM\u00c9CLAIR\u00ae HEMA free \uff06 TPO free \uff06 Di-HEMA-Free \uff06 TMHDC-Free Gel Polish is a key product of Longchang Chemical. We provide the best price. We are the leading manufacturer in China with the best quality and competitive price.\",\"breadcrumb\":{\"@id\":\"https:\/\/longchangchemical.com\/product\/chromeclair-hema-free-gel-polish\/#breadcrumb\"},\"inLanguage\":\"de\",\"potentialAction\":[{\"@type\":\"ReadAction\",\"target\":[\"https:\/\/longchangchemical.com\/product\/chromeclair-hema-free-gel-polish\/\"]}]},{\"@type\":\"ImageObject\",\"inLanguage\":\"de\",\"@id\":\"https:\/\/longchangchemical.com\/product\/chromeclair-hema-free-gel-polish\/#primaryimage\",\"url\":\"https:\/\/longchangchemical.com\/wp-content\/uploads\/2025\/06\/CHROMECLAIR-SR-CL-CE-Color.jpg\",\"contentUrl\":\"https:\/\/longchangchemical.com\/wp-content\/uploads\/2025\/06\/CHROMECLAIR-SR-CL-CE-Color.jpg\",\"width\":1670,\"height\":1546},{\"@type\":\"BreadcrumbList\",\"@id\":\"https:\/\/longchangchemical.com\/product\/chromeclair-hema-free-gel-polish\/#breadcrumb\",\"itemListElement\":[{\"@type\":\"ListItem\",\"position\":1,\"name\":\"Home\",\"item\":\"https:\/\/longchangchemical.com\/\"},{\"@type\":\"ListItem\",\"position\":2,\"name\":\"Products Longchang\",\"item\":\"https:\/\/longchangchemical.com\/product\/\"},{\"@type\":\"ListItem\",\"position\":3,\"name\":\"CHROM\u00c9CLAIR\u00ae HEMA free \uff06 TPO free \uff06 Di-HEMA-Free \uff06 TMHDC-Free Gel Polish\"}]},{\"@type\":\"WebSite\",\"@id\":\"https:\/\/longchangchemical.com\/#website\",\"url\":\"https:\/\/longchangchemical.com\/\",\"name\":\"Longchang Chemical\",\"description\":\"China chemical manufacturer \uff06 supplier\",\"publisher\":{\"@id\":\"https:\/\/longchangchemical.com\/#organization\"},\"potentialAction\":[{\"@type\":\"SearchAction\",\"target\":{\"@type\":\"EntryPoint\",\"urlTemplate\":\"https:\/\/longchangchemical.com\/?s={search_term_string}\"},\"query-input\":{\"@type\":\"PropertyValueSpecification\",\"valueRequired\":true,\"valueName\":\"search_term_string\"}}],\"inLanguage\":\"de\"},{\"@type\":\"Organization\",\"@id\":\"https:\/\/longchangchemical.com\/#organization\",\"name\":\"Longchang Chemical\",\"url\":\"https:\/\/longchangchemical.com\/\",\"logo\":{\"@type\":\"ImageObject\",\"inLanguage\":\"de\",\"@id\":\"https:\/\/longchangchemical.com\/#\/schema\/logo\/image\/\",\"url\":\"https:\/\/longchangchemical.com\/wp-content\/uploads\/2020\/08\/cropped-longchang-logo.png\",\"contentUrl\":\"https:\/\/longchangchemical.com\/wp-content\/uploads\/2020\/08\/cropped-longchang-logo.png\",\"width\":512,\"height\":512,\"caption\":\"Longchang Chemical\"},\"image\":{\"@id\":\"https:\/\/longchangchemical.com\/#\/schema\/logo\/image\/\"}}]}<\/script>\n<!-- \/ Yoast SEO plugin. -->","yoast_head_json":{"title":"Gro\u00dfhandel CHROM\u00c9CLAIR\u00ae HEMA-frei \uff06 TPO-frei \uff06 Di-HEMA-frei \uff06 TMHDC-frei Gel Polish Preis Hersteller - Longchang Chemical","description":"CHROM\u00c9CLAIR\u00ae HEMA-frei \uff06 TPO-frei \uff06 Di-HEMA-frei \uff06 TMHDC-frei Gel Polish ist ein Schl\u00fcsselprodukt von Longchang Chemical. Wir bieten den besten Preis. Wir sind der f\u00fchrende Hersteller in China mit der besten Qualit\u00e4t und konkurrenzf\u00e4higem Preis.","robots":{"index":"index","follow":"follow","max-snippet":"max-snippet:-1","max-image-preview":"max-image-preview:large","max-video-preview":"max-video-preview:-1"},"canonical":"https:\/\/longchangchemical.com\/de\/product\/chromeclair-hema-free-gel-polish\/","og_locale":"de_DE","og_type":"article","og_title":"Wholesale CHROM\u00c9CLAIR\u00ae HEMA free \uff06 TPO free \uff06 Di-HEMA-Free \uff06 TMHDC-Free Gel Polish price Manufacturer - Longchang Chemical","og_description":"CHROM\u00c9CLAIR\u00ae HEMA free \uff06 TPO free \uff06 Di-HEMA-Free \uff06 TMHDC-Free Gel Polish is a key product of Longchang Chemical. We provide the best price. We are the leading manufacturer in China with the best quality and competitive price.","og_url":"https:\/\/longchangchemical.com\/de\/product\/chromeclair-hema-free-gel-polish\/","og_site_name":"Longchang Chemical","article_modified_time":"2025-08-22T11:20:13+00:00","og_image":[{"width":1670,"height":1546,"url":"https:\/\/longchangchemical.com\/wp-content\/uploads\/2025\/06\/CHROMECLAIR-SR-CL-CE-Color.jpg","type":"image\/jpeg"}],"twitter_card":"summary_large_image","schema":{"@context":"https:\/\/schema.org","@graph":[{"@type":"WebPage","@id":"https:\/\/longchangchemical.com\/product\/chromeclair-hema-free-gel-polish\/","url":"https:\/\/longchangchemical.com\/product\/chromeclair-hema-free-gel-polish\/","name":"Gro\u00dfhandel CHROM\u00c9CLAIR\u00ae HEMA-frei \uff06 TPO-frei \uff06 Di-HEMA-frei \uff06 TMHDC-frei Gel Polish Preis Hersteller - Longchang Chemical","isPartOf":{"@id":"https:\/\/longchangchemical.com\/#website"},"primaryImageOfPage":{"@id":"https:\/\/longchangchemical.com\/product\/chromeclair-hema-free-gel-polish\/#primaryimage"},"image":{"@id":"https:\/\/longchangchemical.com\/product\/chromeclair-hema-free-gel-polish\/#primaryimage"},"thumbnailUrl":"https:\/\/longchangchemical.com\/wp-content\/uploads\/2025\/06\/CHROMECLAIR-SR-CL-CE-Color.jpg","datePublished":"2025-06-30T08:54:59+00:00","dateModified":"2025-08-22T11:20:13+00:00","description":"CHROM\u00c9CLAIR\u00ae HEMA-frei \uff06 TPO-frei \uff06 Di-HEMA-frei \uff06 TMHDC-frei Gel Polish ist ein Schl\u00fcsselprodukt von Longchang Chemical. Wir bieten den besten Preis. Wir sind der f\u00fchrende Hersteller in China mit der besten Qualit\u00e4t und konkurrenzf\u00e4higem Preis.","breadcrumb":{"@id":"https:\/\/longchangchemical.com\/product\/chromeclair-hema-free-gel-polish\/#breadcrumb"},"inLanguage":"de","potentialAction":[{"@type":"ReadAction","target":["https:\/\/longchangchemical.com\/product\/chromeclair-hema-free-gel-polish\/"]}]},{"@type":"ImageObject","inLanguage":"de","@id":"https:\/\/longchangchemical.com\/product\/chromeclair-hema-free-gel-polish\/#primaryimage","url":"https:\/\/longchangchemical.com\/wp-content\/uploads\/2025\/06\/CHROMECLAIR-SR-CL-CE-Color.jpg","contentUrl":"https:\/\/longchangchemical.com\/wp-content\/uploads\/2025\/06\/CHROMECLAIR-SR-CL-CE-Color.jpg","width":1670,"height":1546},{"@type":"BreadcrumbList","@id":"https:\/\/longchangchemical.com\/product\/chromeclair-hema-free-gel-polish\/#breadcrumb","itemListElement":[{"@type":"ListItem","position":1,"name":"Home","item":"https:\/\/longchangchemical.com\/"},{"@type":"ListItem","position":2,"name":"Products Longchang","item":"https:\/\/longchangchemical.com\/product\/"},{"@type":"ListItem","position":3,"name":"CHROM\u00c9CLAIR\u00ae HEMA free \uff06 TPO free \uff06 Di-HEMA-Free \uff06 TMHDC-Free Gel Polish"}]},{"@type":"WebSite","@id":"https:\/\/longchangchemical.com\/#website","url":"https:\/\/longchangchemical.com\/","name":"Longchang Chemical","description":"China Hersteller von Chemikalien \uff06 Lieferant","publisher":{"@id":"https:\/\/longchangchemical.com\/#organization"},"potentialAction":[{"@type":"SearchAction","target":{"@type":"EntryPoint","urlTemplate":"https:\/\/longchangchemical.com\/?s={search_term_string}"},"query-input":{"@type":"PropertyValueSpecification","valueRequired":true,"valueName":"search_term_string"}}],"inLanguage":"de"},{"@type":"Organization","@id":"https:\/\/longchangchemical.com\/#organization","name":"Longchang Chemical","url":"https:\/\/longchangchemical.com\/","logo":{"@type":"ImageObject","inLanguage":"de","@id":"https:\/\/longchangchemical.com\/#\/schema\/logo\/image\/","url":"https:\/\/longchangchemical.com\/wp-content\/uploads\/2020\/08\/cropped-longchang-logo.png","contentUrl":"https:\/\/longchangchemical.com\/wp-content\/uploads\/2020\/08\/cropped-longchang-logo.png","width":512,"height":512,"caption":"Longchang Chemical"},"image":{"@id":"https:\/\/longchangchemical.com\/#\/schema\/logo\/image\/"}}]}},"_links":{"self":[{"href":"https:\/\/longchangchemical.com\/de\/wp-json\/wp\/v2\/product\/8221","targetHints":{"allow":["GET"]}}],"collection":[{"href":"https:\/\/longchangchemical.com\/de\/wp-json\/wp\/v2\/product"}],"about":[{"href":"https:\/\/longchangchemical.com\/de\/wp-json\/wp\/v2\/types\/product"}],"replies":[{"embeddable":true,"href":"https:\/\/longchangchemical.com\/de\/wp-json\/wp\/v2\/comments?post=8221"}],"wp:featuredmedia":[{"embeddable":true,"href":"https:\/\/longchangchemical.com\/de\/wp-json\/wp\/v2\/media\/8246"}],"wp:attachment":[{"href":"https:\/\/longchangchemical.com\/de\/wp-json\/wp\/v2\/media?parent=8221"}],"wp:term":[{"taxonomy":"product_brand","embeddable":true,"href":"https:\/\/longchangchemical.com\/de\/wp-json\/wp\/v2\/product_brand?post=8221"},{"taxonomy":"product_cat","embeddable":true,"href":"https:\/\/longchangchemical.com\/de\/wp-json\/wp\/v2\/product_cat?post=8221"},{"taxonomy":"product_tag","embeddable":true,"href":"https:\/\/longchangchemical.com\/de\/wp-json\/wp\/v2\/product_tag?post=8221"}],"curies":[{"name":"wp","href":"https:\/\/api.w.org\/{rel}","templated":true}]}}