{"id":7581,"date":"2024-11-11T06:01:30","date_gmt":"2024-11-11T06:01:30","guid":{"rendered":"https:\/\/longchangchemical.com\/?post_type=product&#038;p=7581"},"modified":"2025-12-16T02:25:48","modified_gmt":"2025-12-16T02:25:48","slug":"photoinitiator-mbp-cas-134-84-9","status":"publish","type":"product","link":"https:\/\/longchangchemical.com\/de\/product\/photoinitiator-mbp-cas-134-84-9\/","title":{"rendered":"CHLUMINIT\u00ae MBP \/ Photoinitiator MBP CAS 134-84-9"},"content":{"rendered":"<h1>Fotoinitiator MBP<\/h1>\n<p><strong><b>Chemischer Name<\/b><\/strong>: 4-Methylbenzophenon<\/p>\n<p><strong><b>Synonym: <\/b><\/strong>\u00a0Speedcure MBP; 4-MBZ;Omnirad 4-MBZ<\/p>\n<p><strong><b>CAS-Nr.<\/b><\/strong>:\u00a0\u00a0134-84-9<\/p>\n<p><strong><b>Molekulare Formel:<\/b><\/strong><strong><b>\u00a0<\/b><\/strong>\u00a0C14H12O<\/p>\n<p><strong><b>Allgemeine Informationen<\/b><\/strong><strong><b>:<\/b><\/strong><\/p>\n<p>MBP ist ein wirksamer Typ-II-Photoinitiator aus der Familie der Benzophenone mit einem Absorptionsmaximum bei 259 nm.<\/p>\n<p>MBP ist ein wirksamer Typ-II-Photoinitiator aus der Familie der Benzophenone mit einem Absorptionsmaximum bei 259 nm. MBP bietet eine hohe Reaktivit\u00e4t und Oberfl\u00e4chenh\u00e4rtung, wenn es mit 0,5-5 Gew.-%TP3T verwendet wird. In Kombination mit terti\u00e4ren Amin-Synergisten kann es die radikalische Polymerisation von unges\u00e4ttigten Oligomeren, z. B. Acrylaten, nach Bestrahlung mit UV-Licht einleiten.<\/p>\n<p><strong><b>\u00a0<\/b><\/strong><strong><b>Spezifikation<\/b><\/strong><strong><b>:<\/b><\/strong><\/p>\n<table>\n<tbody>\n<tr>\n<td width=\"287\">Erscheinungsbild<\/td>\n<td width=\"332\">Wei\u00dfe Flocken<\/td>\n<\/tr>\n<tr>\n<td width=\"287\">Reinheit<\/td>\n<td width=\"332\">\u226599%<\/td>\n<\/tr>\n<tr>\n<td width=\"287\">Verlust beim Trocknen<\/td>\n<td width=\"332\">\u22640,5%<\/td>\n<\/tr>\n<tr>\n<td width=\"287\">Schmelzpunkt<\/td>\n<td width=\"332\">55\uff5e58 \u00b0C<\/td>\n<\/tr>\n<tr>\n<td width=\"287\">Esche<\/td>\n<td width=\"332\">\u22640.1%<\/td>\n<\/tr>\n<\/tbody>\n<\/table>\n<p><strong><b>Verwendung<\/b><\/strong><strong><b>:<\/b><\/strong><\/p>\n<ul>\n<li>Uv-Beschichtungen (klare, wei\u00dfe, pigmentierte und wasserbasierte Systeme)<\/li>\n<li>Pigmentierte Systeme<\/li>\n<li>Elektronik<\/li>\n<li>Klebstoffe<\/li>\n<\/ul>\n<p><strong><b>Lagerung:<\/b><\/strong><\/p>\n<p>Sie werden in einem trockenen, sauberen Lager mit guter Bel\u00fcftung aufbewahrt.<\/p>\n<p>Vermeiden Sie Licht- und Hitzeeinwirkung.<\/p>\n<p>Schutz des Produkts vor Auslaufen, Regen und Sonneneinstrahlung w\u00e4hrend des Transports.<\/p>\n<h2><strong><b>Kontaktieren Sie uns jetzt!<\/b><\/strong><\/h2>\n<h4><strong><b>Wenn Sie einen Preis ben\u00f6tigen, tragen Sie bitte Ihre Kontaktdaten in das unten stehende Formular ein. Wir werden uns in der Regel innerhalb von 24 Stunden mit Ihnen in Verbindung setzen. Sie k\u00f6nnen mir auch mailen <span style=\"color: #00ccff;\"><a style=\"color: #00ccff;\" href=\"mailto:info@longchangchemical.com\">info@longchangchemical.com<\/a><\/span>\u00a0w\u00e4hrend der Gesch\u00e4ftszeiten ( 8:30 bis 18:00 Uhr UTC+8 Mo.~Sa. ) oder nutzen Sie den Live-Chat auf der Website, um eine schnelle Antwort zu erhalten.<\/b><\/strong><\/h4>\n<p>&nbsp;<\/p>\n<table style=\"border-collapse: collapse; width: 435.77pt;\" border=\"0\" width=\"581\" cellspacing=\"0\" cellpadding=\"0\">\n<tbody>\n<tr style=\"height: 13.50pt;\">\n<td style=\"height: 13.50pt; width: 215.25pt;\" width=\"287\" height=\"18\"><a href=\"https:\/\/longchangchemical.com\/de\/product\/photoinitiator-tpo-cas-75980-60-8\/\"><span style=\"color: #00ccff;\">Fotoinitiator TPO<\/span><\/a><\/td>\n<td style=\"width: 220.50pt;\" width=\"294\">CAS 75980-60-8<\/td>\n<\/tr>\n<tr style=\"height: 13.50pt;\">\n<td style=\"height: 13.50pt;\" height=\"18\"><a href=\"https:\/\/longchangchemical.com\/de\/product\/cas-270586-78-2\/\"><span style=\"color: #00ccff;\">Fotoinitiator TMO<\/span><\/a><\/td>\n<td>CAS 270586-78-2<\/td>\n<\/tr>\n<tr style=\"height: 13.50pt;\">\n<td style=\"height: 13.50pt;\" height=\"18\"><a href=\"https:\/\/longchangchemical.com\/de\/product\/photoinitiator-pd-01-cas-579-07-7\/\"><span style=\"color: #00ccff;\">Fotoinitiator PD-01<\/span><\/a><\/td>\n<td>CAS 579-07-7<\/td>\n<\/tr>\n<tr style=\"height: 13.50pt;\">\n<td style=\"height: 13.50pt;\" height=\"18\"><a href=\"https:\/\/longchangchemical.com\/de\/product\/photoinitiator-pbz-cas-2128-93-0\/\"><span style=\"color: #00ccff;\">Photoinitiator PBZ<\/span><\/a><\/td>\n<td>CAS 2128-93-0<\/td>\n<\/tr>\n<tr style=\"height: 13.50pt;\">\n<td style=\"height: 13.50pt;\" height=\"18\"><a href=\"https:\/\/longchangchemical.com\/de\/product\/photoinitiator-oxe-02-cas-478556-66-0\/\"><span style=\"color: #00ccff;\">Fotoinitiator OXE-02<\/span><\/a><\/td>\n<td>CAS 478556-66-0<\/td>\n<\/tr>\n<tr style=\"height: 13.50pt;\">\n<td style=\"height: 13.50pt;\" height=\"18\"><a href=\"https:\/\/longchangchemical.com\/de\/product\/photoinitiator-ombb\/\"><span style=\"color: #00ccff;\">Photoinitiator OMBB<\/span><\/a><\/td>\n<td>CAS 606-28-0<\/td>\n<\/tr>\n<tr style=\"height: 13.50pt;\">\n<td style=\"height: 13.50pt;\" height=\"18\"><a href=\"https:\/\/longchangchemical.com\/de\/product\/photoinitiator-mpbz-6012\/\"><span style=\"color: #00ccff;\">Photoinitiator MPBZ (6012)<\/span><\/a><\/td>\n<td>CAS 86428-83-3<\/td>\n<\/tr>\n<tr style=\"height: 13.50pt;\">\n<td style=\"height: 13.50pt;\" height=\"18\"><a href=\"https:\/\/longchangchemical.com\/de\/product\/photoinitiator-mbp-cas-134-84-9\/\"><span style=\"color: #00ccff;\">Fotoinitiator MBP<\/span><\/a><\/td>\n<td>CAS-NR. 134-84-9<\/td>\n<\/tr>\n<tr style=\"height: 13.50pt;\">\n<td style=\"height: 13.50pt;\" height=\"18\"><a href=\"https:\/\/longchangchemical.com\/de\/product\/photoinitiator-mbf-cas-15206-55-0\/\"><span style=\"color: #00ccff;\">Fotoinitiator MBF<\/span><\/a><\/td>\n<td>CAS 15206-55-0<\/td>\n<\/tr>\n<tr style=\"height: 13.50pt;\">\n<td style=\"height: 13.50pt;\" height=\"18\"><a href=\"https:\/\/longchangchemical.com\/de\/product\/photoinitiator-lap-cas-85073-19-4\/\"><span style=\"color: #00ccff;\">Fotoinitiator LAP<\/span><\/a><\/td>\n<td>CAS 85073-19-4<\/td>\n<\/tr>\n<tr style=\"height: 13.50pt;\">\n<td style=\"height: 13.50pt;\" height=\"18\"><a href=\"https:\/\/longchangchemical.com\/de\/product\/photoinitiator-itx-cas-5495-84-1\/\"><span style=\"color: #00ccff;\">Fotoinitiator ITX<\/span><\/a><\/td>\n<td>CAS 5495-84-1<\/td>\n<\/tr>\n<tr style=\"height: 13.50pt;\">\n<td style=\"height: 13.50pt;\" height=\"18\"><a href=\"https:\/\/longchangchemical.com\/de\/product\/photoinitiator-emk\/\"><span style=\"color: #00ccff;\">Photoinitiator EMK<\/span><\/a><\/td>\n<td>CAS 90-93-7<\/td>\n<\/tr>\n<tr style=\"height: 13.50pt;\">\n<td style=\"height: 13.50pt;\" height=\"18\"><a href=\"https:\/\/longchangchemical.com\/de\/product\/photoinitiator-eha-cas-21245-02-3\/\"><span style=\"color: #00ccff;\">Photoinitiator EHA<\/span><\/a><\/td>\n<td>CAS 21245-02-3<\/td>\n<\/tr>\n<tr style=\"height: 13.50pt;\">\n<td style=\"height: 13.50pt;\" height=\"18\"><a href=\"https:\/\/longchangchemical.com\/de\/product\/photoinitiator-edb-cas-10287-53-3\/\"><span style=\"color: #00ccff;\">Fotoinitiator EDB<\/span><\/a><\/td>\n<td>CAS 10287-53-3<\/td>\n<\/tr>\n<tr style=\"height: 13.50pt;\">\n<td style=\"height: 13.50pt;\" height=\"18\"><a href=\"https:\/\/longchangchemical.com\/de\/product\/photoinitiator-detx-cas-82799-44-8\/\"><span style=\"color: #00ccff;\">Fotoinitiator DETX<\/span><\/a><\/td>\n<td>CAS 82799-44-8<\/td>\n<\/tr>\n<tr style=\"height: 13.50pt;\">\n<td style=\"height: 13.50pt;\" height=\"18\"><a href=\"https:\/\/longchangchemical.com\/de\/product\/photoinitiator-cq\/\"><span style=\"color: #00ccff;\">Photoinitiator CQ \/ Campherchinon<\/span><\/a><\/td>\n<td>CAS 10373-78-1<\/td>\n<\/tr>\n<tr style=\"height: 13.50pt;\">\n<td style=\"height: 13.50pt;\" height=\"18\"><a href=\"https:\/\/longchangchemical.com\/de\/product\/photoinitiator-cbp-cas-134-85-0\/\"><span style=\"color: #00ccff;\">Fotoinitiator CBP<\/span><\/a><\/td>\n<td>CAS-NR. 134-85-0<\/td>\n<\/tr>\n<tr style=\"height: 13.50pt;\">\n<td style=\"height: 13.50pt;\" height=\"18\"><a href=\"https:\/\/longchangchemical.com\/de\/product\/photoinitiator-bp-cas-119-61-9\/\"><span style=\"color: #00ccff;\">Photoinitiator BP \/ Benzophenon<\/span><\/a><\/td>\n<td>CAS 119-61-9<\/td>\n<\/tr>\n<tr style=\"height: 13.50pt;\">\n<td style=\"height: 13.50pt;\" height=\"18\"><a href=\"https:\/\/longchangchemical.com\/de\/product\/photoinitiator-bms\/\"><span style=\"color: #00ccff;\">Fotoinitiator BMS<\/span><\/a><\/td>\n<td>CAS 83846-85-9<\/td>\n<\/tr>\n<tr style=\"height: 13.50pt;\">\n<td style=\"height: 13.50pt;\" height=\"18\"><a href=\"https:\/\/longchangchemical.com\/de\/product\/photoinitiator-938\/\"><span style=\"color: #00ccff;\">Photoinitiator 938<\/span><\/a><\/td>\n<td>CAS 61358-25-6<\/td>\n<\/tr>\n<tr style=\"height: 13.50pt;\">\n<td style=\"height: 13.50pt;\" height=\"18\"><a href=\"https:\/\/longchangchemical.com\/de\/product\/photoinitiator-937-cas-71786-70-4\/\"><span style=\"color: #00ccff;\">Photoinitiator 937<\/span><\/a><\/td>\n<td>CAS 71786-70-4<\/td>\n<\/tr>\n<tr style=\"height: 13.50pt;\">\n<td style=\"height: 13.50pt;\" height=\"18\"><a href=\"https:\/\/longchangchemical.com\/de\/product\/photoinitiator-819-dw\/\"><span style=\"color: #00ccff;\">Fotoinitiator 819 DW<\/span><\/a><\/td>\n<td>CAS 162881-26-7<\/td>\n<\/tr>\n<tr style=\"height: 13.50pt;\">\n<td style=\"height: 13.50pt;\" height=\"18\"><a href=\"https:\/\/longchangchemical.com\/de\/product\/photoinitiator-819-irgacure-819-cas-162881-26-7\/\"><span style=\"color: #00ccff;\">Photoinitiator 819<\/span><\/a><\/td>\n<td>CAS 162881-26-7<\/td>\n<\/tr>\n<tr style=\"height: 13.50pt;\">\n<td style=\"height: 13.50pt;\" height=\"18\"><a href=\"https:\/\/longchangchemical.com\/de\/product\/photoinitiator-784-cas-125051-32-3\/\"><span style=\"color: #00ccff;\">Photoinitiator 784<\/span><\/a><\/td>\n<td>CAS 125051-32-3<\/td>\n<\/tr>\n<tr style=\"height: 13.50pt;\">\n<td style=\"height: 13.50pt;\" height=\"18\"><a href=\"https:\/\/longchangchemical.com\/de\/product\/photoinitiator-754-cas-211510-16-6-442536-99-4\/\"><span style=\"color: #00ccff;\">Photoinitiator 754<\/span><\/a><\/td>\n<td>CAS 211510-16-6 442536-99-4<\/td>\n<\/tr>\n<tr style=\"height: 13.50pt;\">\n<td style=\"height: 13.50pt;\" height=\"18\"><a href=\"https:\/\/longchangchemical.com\/de\/product\/photoinitiator-6993-cas-71449-78-0\/\"><span style=\"color: #00ccff;\">Photoinitiator 6993<\/span><\/a><\/td>\n<td>CAS 71449-78-0<\/td>\n<\/tr>\n<tr style=\"height: 13.50pt;\">\n<td style=\"height: 13.50pt;\" height=\"18\"><a href=\"https:\/\/longchangchemical.com\/de\/product\/photoinitiator-6976\/\"><span style=\"color: #00ccff;\">Fotoinitiator 6976<\/span><\/a><\/td>\n<td>CAS 71449-78-0 89452-37-9 108-32-7<\/td>\n<\/tr>\n<tr style=\"height: 13.50pt;\">\n<td style=\"height: 13.50pt;\" height=\"18\"><a href=\"https:\/\/longchangchemical.com\/de\/product\/photoinitiator-379-cas-119344-86-4\/\"><span style=\"color: #00ccff;\">Photoinitiator 379<\/span><\/a><\/td>\n<td>CAS 119344-86-4<\/td>\n<\/tr>\n<tr style=\"height: 13.50pt;\">\n<td style=\"height: 13.50pt;\" height=\"18\"><a href=\"https:\/\/longchangchemical.com\/de\/product\/photoinitiator-369-cas-119313-12-1\/\"><span style=\"color: #00ccff;\">Photoinitiator 369<\/span><\/a><\/td>\n<td>CAS 119313-12-1<\/td>\n<\/tr>\n<tr style=\"height: 13.50pt;\">\n<td style=\"height: 13.50pt;\" height=\"18\"><span style=\"color: #00ccff;\"><a style=\"color: #00ccff;\" href=\"https:\/\/longchangchemical.com\/de\/product\/photoinitiator-160\/\">Photoinitiator 160<\/a><\/span><\/td>\n<td>CAS 71868-15-0<\/td>\n<\/tr>\n<tr style=\"height: 13.50pt;\">\n<td style=\"height: 13.50pt;\" height=\"18\"><a href=\"https:\/\/longchangchemical.com\/de\/product\/photoinitiator-1206\/\"><span style=\"color: #00ccff;\">Photoinitiator 1206<\/span><\/a><\/td>\n<td><\/td>\n<\/tr>\n<tr style=\"height: 13.50pt;\">\n<td style=\"height: 13.50pt;\" height=\"18\"><a href=\"https:\/\/longchangchemical.com\/de\/product\/irgacure-1173-cas-7473-98-5\/\"><span style=\"color: #00ccff;\">Photoinitiator 1173<\/span><\/a><\/td>\n<td>CAS-NR. 7473-98-5<\/td>\n<\/tr>\n<\/tbody>\n<\/table>\n<p>&nbsp;<\/p>","protected":false},"excerpt":{"rendered":"<p><strong>MBP<\/strong> ist ein wirksamer Typ II-Photoinitiator aus der Familie der Benzophenone mit einem Absorptionsmaximum bei 259 nm.<\/p>\n<p><strong>MBP<\/strong> ist ein wirksamer Typ-II-Photoinitiator aus der Familie der Benzophenone mit einem Absorptionsmaximum bei 259 nm. MBP bietet eine hohe Reaktivit\u00e4t und Oberfl\u00e4chenh\u00e4rtung, wenn es mit 0,5-5 Gew.-%TP3T verwendet wird. In Kombination mit terti\u00e4ren Amin-Synergisten kann es die radikalische Polymerisation von unges\u00e4ttigten Oligomeren, z. B. Acrylaten, nach Bestrahlung mit UV-Licht einleiten.<\/p>","protected":false},"featured_media":8074,"comment_status":"open","ping_status":"closed","template":"","meta":[],"product_brand":[],"product_cat":[174,178],"product_tag":[],"class_list":{"0":"post-7581","1":"product","2":"type-product","3":"status-publish","4":"has-post-thumbnail","6":"product_cat-photoinitiator","7":"product_cat-type-ii-free-radical-photoinitiator","9":"first","10":"instock","11":"shipping-taxable","12":"product-type-simple"},"yoast_head":"<!-- This site is optimized with the Yoast SEO plugin v25.3.1 - https:\/\/yoast.com\/wordpress\/plugins\/seo\/ -->\n<title>Uv Photoinitiator MBP \/ 4-methylbenzophenone CAS No 134-84-9 manufacturer -Longchang Chemical<\/title>\n<meta name=\"description\" content=\"MBP is a photoinitiator,can can be used in Uv coatings( clear-, white-, pigmented- and water-based systems),Pigmented systems,Electronics,Adhesives,can replace Speedcure MBP; 4-MBZ;Omnirad 4-MBZ;JRCURE MBZ;Longchang Chemical is a professional manufacturer and supplier of photoinitiator in China.\" \/>\n<meta name=\"robots\" content=\"index, follow, max-snippet:-1, max-image-preview:large, max-video-preview:-1\" \/>\n<link rel=\"canonical\" href=\"https:\/\/longchangchemical.com\/de\/product\/photoinitiator-mbp-cas-134-84-9\/\" \/>\n<meta property=\"og:locale\" content=\"de_DE\" \/>\n<meta property=\"og:type\" content=\"article\" \/>\n<meta property=\"og:title\" content=\"Uv Photoinitiator MBP \/ 4-methylbenzophenone CAS No 134-84-9 manufacturer -Longchang Chemical\" \/>\n<meta property=\"og:description\" content=\"MBP is a photoinitiator,can can be used in Uv coatings( clear-, white-, pigmented- and water-based systems),Pigmented systems,Electronics,Adhesives,can replace Speedcure MBP; 4-MBZ;Omnirad 4-MBZ;JRCURE MBZ;Longchang Chemical is a professional manufacturer and supplier of photoinitiator in China.\" \/>\n<meta property=\"og:url\" content=\"https:\/\/longchangchemical.com\/de\/product\/photoinitiator-mbp-cas-134-84-9\/\" \/>\n<meta property=\"og:site_name\" content=\"Longchang Chemical\" \/>\n<meta property=\"article:modified_time\" content=\"2025-12-16T02:25:48+00:00\" \/>\n<meta property=\"og:image\" content=\"https:\/\/longchangchemical.com\/wp-content\/uploads\/2024\/11\/134-84-9.jpg\" \/>\n\t<meta property=\"og:image:width\" content=\"600\" \/>\n\t<meta property=\"og:image:height\" content=\"600\" \/>\n\t<meta property=\"og:image:type\" content=\"image\/jpeg\" \/>\n<meta name=\"twitter:card\" content=\"summary_large_image\" \/>\n<script type=\"application\/ld+json\" class=\"yoast-schema-graph\">{\"@context\":\"https:\/\/schema.org\",\"@graph\":[{\"@type\":\"WebPage\",\"@id\":\"https:\/\/longchangchemical.com\/product\/photoinitiator-mbp-cas-134-84-9\/\",\"url\":\"https:\/\/longchangchemical.com\/product\/photoinitiator-mbp-cas-134-84-9\/\",\"name\":\"Uv Photoinitiator MBP \/ 4-methylbenzophenone CAS No 134-84-9 manufacturer -Longchang Chemical\",\"isPartOf\":{\"@id\":\"https:\/\/longchangchemical.com\/#website\"},\"primaryImageOfPage\":{\"@id\":\"https:\/\/longchangchemical.com\/product\/photoinitiator-mbp-cas-134-84-9\/#primaryimage\"},\"image\":{\"@id\":\"https:\/\/longchangchemical.com\/product\/photoinitiator-mbp-cas-134-84-9\/#primaryimage\"},\"thumbnailUrl\":\"https:\/\/longchangchemical.com\/wp-content\/uploads\/2024\/11\/134-84-9.jpg\",\"datePublished\":\"2024-11-11T06:01:30+00:00\",\"dateModified\":\"2025-12-16T02:25:48+00:00\",\"description\":\"MBP is a photoinitiator,can can be used in Uv coatings( clear-, white-, pigmented- and water-based systems),Pigmented systems,Electronics,Adhesives,can replace Speedcure MBP; 4-MBZ;Omnirad 4-MBZ;JRCURE MBZ;Longchang Chemical is a professional manufacturer and supplier of photoinitiator in China.\",\"breadcrumb\":{\"@id\":\"https:\/\/longchangchemical.com\/product\/photoinitiator-mbp-cas-134-84-9\/#breadcrumb\"},\"inLanguage\":\"de\",\"potentialAction\":[{\"@type\":\"ReadAction\",\"target\":[\"https:\/\/longchangchemical.com\/product\/photoinitiator-mbp-cas-134-84-9\/\"]}]},{\"@type\":\"ImageObject\",\"inLanguage\":\"de\",\"@id\":\"https:\/\/longchangchemical.com\/product\/photoinitiator-mbp-cas-134-84-9\/#primaryimage\",\"url\":\"https:\/\/longchangchemical.com\/wp-content\/uploads\/2024\/11\/134-84-9.jpg\",\"contentUrl\":\"https:\/\/longchangchemical.com\/wp-content\/uploads\/2024\/11\/134-84-9.jpg\",\"width\":600,\"height\":600},{\"@type\":\"BreadcrumbList\",\"@id\":\"https:\/\/longchangchemical.com\/product\/photoinitiator-mbp-cas-134-84-9\/#breadcrumb\",\"itemListElement\":[{\"@type\":\"ListItem\",\"position\":1,\"name\":\"Home\",\"item\":\"https:\/\/longchangchemical.com\/\"},{\"@type\":\"ListItem\",\"position\":2,\"name\":\"Products Longchang\",\"item\":\"https:\/\/longchangchemical.com\/product\/\"},{\"@type\":\"ListItem\",\"position\":3,\"name\":\"CHLUMINIT\u00ae MBP \/ Photoinitiator MBP CAS 134-84-9\"}]},{\"@type\":\"WebSite\",\"@id\":\"https:\/\/longchangchemical.com\/#website\",\"url\":\"https:\/\/longchangchemical.com\/\",\"name\":\"Longchang Chemical\",\"description\":\"China chemical manufacturer \uff06 supplier\",\"publisher\":{\"@id\":\"https:\/\/longchangchemical.com\/#organization\"},\"potentialAction\":[{\"@type\":\"SearchAction\",\"target\":{\"@type\":\"EntryPoint\",\"urlTemplate\":\"https:\/\/longchangchemical.com\/?s={search_term_string}\"},\"query-input\":{\"@type\":\"PropertyValueSpecification\",\"valueRequired\":true,\"valueName\":\"search_term_string\"}}],\"inLanguage\":\"de\"},{\"@type\":\"Organization\",\"@id\":\"https:\/\/longchangchemical.com\/#organization\",\"name\":\"Longchang Chemical\",\"url\":\"https:\/\/longchangchemical.com\/\",\"logo\":{\"@type\":\"ImageObject\",\"inLanguage\":\"de\",\"@id\":\"https:\/\/longchangchemical.com\/#\/schema\/logo\/image\/\",\"url\":\"https:\/\/longchangchemical.com\/wp-content\/uploads\/2020\/08\/cropped-longchang-logo.png\",\"contentUrl\":\"https:\/\/longchangchemical.com\/wp-content\/uploads\/2020\/08\/cropped-longchang-logo.png\",\"width\":512,\"height\":512,\"caption\":\"Longchang Chemical\"},\"image\":{\"@id\":\"https:\/\/longchangchemical.com\/#\/schema\/logo\/image\/\"}}]}<\/script>\n<!-- \/ Yoast SEO plugin. -->","yoast_head_json":{"title":"UV-Fotoinitiator MBP \/ 4-Methylbenzophenon CAS-Nr. 134-84-9 Hersteller -Longchang Chemical","description":"MBP ist ein Fotoinitiator, der in UV-Beschichtungen (klare, wei\u00dfe, pigmentierte und wasserbasierte Systeme), pigmentierten Systemen, Elektronik und Klebstoffen verwendet werden kann und Speedcure MBP, 4-MBZ, Omnirad 4-MBZ und JRCURE MBZ ersetzen kann. Longchang Chemical ist ein professioneller Hersteller und Lieferant von Fotoinitiatoren in China.","robots":{"index":"index","follow":"follow","max-snippet":"max-snippet:-1","max-image-preview":"max-image-preview:large","max-video-preview":"max-video-preview:-1"},"canonical":"https:\/\/longchangchemical.com\/de\/product\/photoinitiator-mbp-cas-134-84-9\/","og_locale":"de_DE","og_type":"article","og_title":"Uv Photoinitiator MBP \/ 4-methylbenzophenone CAS No 134-84-9 manufacturer -Longchang Chemical","og_description":"MBP is a photoinitiator,can can be used in Uv coatings( clear-, white-, pigmented- and water-based systems),Pigmented systems,Electronics,Adhesives,can replace Speedcure MBP; 4-MBZ;Omnirad 4-MBZ;JRCURE MBZ;Longchang Chemical is a professional manufacturer and supplier of photoinitiator in China.","og_url":"https:\/\/longchangchemical.com\/de\/product\/photoinitiator-mbp-cas-134-84-9\/","og_site_name":"Longchang Chemical","article_modified_time":"2025-12-16T02:25:48+00:00","og_image":[{"width":600,"height":600,"url":"https:\/\/longchangchemical.com\/wp-content\/uploads\/2024\/11\/134-84-9.jpg","type":"image\/jpeg"}],"twitter_card":"summary_large_image","schema":{"@context":"https:\/\/schema.org","@graph":[{"@type":"WebPage","@id":"https:\/\/longchangchemical.com\/product\/photoinitiator-mbp-cas-134-84-9\/","url":"https:\/\/longchangchemical.com\/product\/photoinitiator-mbp-cas-134-84-9\/","name":"UV-Fotoinitiator MBP \/ 4-Methylbenzophenon CAS-Nr. 134-84-9 Hersteller -Longchang Chemical","isPartOf":{"@id":"https:\/\/longchangchemical.com\/#website"},"primaryImageOfPage":{"@id":"https:\/\/longchangchemical.com\/product\/photoinitiator-mbp-cas-134-84-9\/#primaryimage"},"image":{"@id":"https:\/\/longchangchemical.com\/product\/photoinitiator-mbp-cas-134-84-9\/#primaryimage"},"thumbnailUrl":"https:\/\/longchangchemical.com\/wp-content\/uploads\/2024\/11\/134-84-9.jpg","datePublished":"2024-11-11T06:01:30+00:00","dateModified":"2025-12-16T02:25:48+00:00","description":"MBP ist ein Fotoinitiator, der in UV-Beschichtungen (klare, wei\u00dfe, pigmentierte und wasserbasierte Systeme), pigmentierten Systemen, Elektronik und Klebstoffen verwendet werden kann und Speedcure MBP, 4-MBZ, Omnirad 4-MBZ und JRCURE MBZ ersetzen kann. Longchang Chemical ist ein professioneller Hersteller und Lieferant von Fotoinitiatoren in China.","breadcrumb":{"@id":"https:\/\/longchangchemical.com\/product\/photoinitiator-mbp-cas-134-84-9\/#breadcrumb"},"inLanguage":"de","potentialAction":[{"@type":"ReadAction","target":["https:\/\/longchangchemical.com\/product\/photoinitiator-mbp-cas-134-84-9\/"]}]},{"@type":"ImageObject","inLanguage":"de","@id":"https:\/\/longchangchemical.com\/product\/photoinitiator-mbp-cas-134-84-9\/#primaryimage","url":"https:\/\/longchangchemical.com\/wp-content\/uploads\/2024\/11\/134-84-9.jpg","contentUrl":"https:\/\/longchangchemical.com\/wp-content\/uploads\/2024\/11\/134-84-9.jpg","width":600,"height":600},{"@type":"BreadcrumbList","@id":"https:\/\/longchangchemical.com\/product\/photoinitiator-mbp-cas-134-84-9\/#breadcrumb","itemListElement":[{"@type":"ListItem","position":1,"name":"Home","item":"https:\/\/longchangchemical.com\/"},{"@type":"ListItem","position":2,"name":"Products Longchang","item":"https:\/\/longchangchemical.com\/product\/"},{"@type":"ListItem","position":3,"name":"CHLUMINIT\u00ae MBP \/ Photoinitiator MBP CAS 134-84-9"}]},{"@type":"WebSite","@id":"https:\/\/longchangchemical.com\/#website","url":"https:\/\/longchangchemical.com\/","name":"Longchang Chemical","description":"China Hersteller von Chemikalien \uff06 Lieferant","publisher":{"@id":"https:\/\/longchangchemical.com\/#organization"},"potentialAction":[{"@type":"SearchAction","target":{"@type":"EntryPoint","urlTemplate":"https:\/\/longchangchemical.com\/?s={search_term_string}"},"query-input":{"@type":"PropertyValueSpecification","valueRequired":true,"valueName":"search_term_string"}}],"inLanguage":"de"},{"@type":"Organization","@id":"https:\/\/longchangchemical.com\/#organization","name":"Longchang Chemical","url":"https:\/\/longchangchemical.com\/","logo":{"@type":"ImageObject","inLanguage":"de","@id":"https:\/\/longchangchemical.com\/#\/schema\/logo\/image\/","url":"https:\/\/longchangchemical.com\/wp-content\/uploads\/2020\/08\/cropped-longchang-logo.png","contentUrl":"https:\/\/longchangchemical.com\/wp-content\/uploads\/2020\/08\/cropped-longchang-logo.png","width":512,"height":512,"caption":"Longchang Chemical"},"image":{"@id":"https:\/\/longchangchemical.com\/#\/schema\/logo\/image\/"}}]}},"_links":{"self":[{"href":"https:\/\/longchangchemical.com\/de\/wp-json\/wp\/v2\/product\/7581","targetHints":{"allow":["GET"]}}],"collection":[{"href":"https:\/\/longchangchemical.com\/de\/wp-json\/wp\/v2\/product"}],"about":[{"href":"https:\/\/longchangchemical.com\/de\/wp-json\/wp\/v2\/types\/product"}],"replies":[{"embeddable":true,"href":"https:\/\/longchangchemical.com\/de\/wp-json\/wp\/v2\/comments?post=7581"}],"wp:featuredmedia":[{"embeddable":true,"href":"https:\/\/longchangchemical.com\/de\/wp-json\/wp\/v2\/media\/8074"}],"wp:attachment":[{"href":"https:\/\/longchangchemical.com\/de\/wp-json\/wp\/v2\/media?parent=7581"}],"wp:term":[{"taxonomy":"product_brand","embeddable":true,"href":"https:\/\/longchangchemical.com\/de\/wp-json\/wp\/v2\/product_brand?post=7581"},{"taxonomy":"product_cat","embeddable":true,"href":"https:\/\/longchangchemical.com\/de\/wp-json\/wp\/v2\/product_cat?post=7581"},{"taxonomy":"product_tag","embeddable":true,"href":"https:\/\/longchangchemical.com\/de\/wp-json\/wp\/v2\/product_tag?post=7581"}],"curies":[{"name":"wp","href":"https:\/\/api.w.org\/{rel}","templated":true}]}}