{"id":7548,"date":"2024-11-11T06:01:19","date_gmt":"2024-11-11T06:01:19","guid":{"rendered":"https:\/\/longchangchemical.com\/?post_type=product&#038;p=7548"},"modified":"2025-12-16T06:02:29","modified_gmt":"2025-12-16T06:02:29","slug":"photoinitiator-bdk-cas-24650-42-8","status":"publish","type":"product","link":"https:\/\/longchangchemical.com\/de\/product\/photoinitiator-bdk-cas-24650-42-8\/","title":{"rendered":"CHLUMINIT\u00ae BDK \/ Photoinitiator BDK \/ irgacure BDK \/ Omnirad BDK CAS 24650-42-8"},"content":{"rendered":"<h1>Photoinitiator BDK \/ irgacure BDK \/ Omnirad BDK CAS 24650-42-8<\/h1>\n<p><strong>Chemische Bezeichnung:<\/strong> Benzil Dimethyl Ketal \/ 2,2-Dimethoxy-2-phenylacetophenon<\/p>\n<p><strong>Synonym<\/strong><strong>: <\/strong>Omnirad BDK;Omnirad 651; 651;Speedcure BDK;Speedcure BKL;RC651 BDK;DOUBLECURE BDK;GKCH BDK<\/p>\n<p><strong>CAS-Nr.:<\/strong>\u00a024650-42-8<\/p>\n<p><strong>MF<\/strong><strong>: <\/strong>C16H16O3<\/p>\n<p><strong><b>Standard<\/b><\/strong><\/p>\n<table>\n<tbody>\n<tr>\n<td width=\"208\">Artikel<\/td>\n<td colspan=\"2\" width=\"311\">Spezifikationen<\/td>\n<\/tr>\n<tr>\n<td width=\"208\">Erscheinungsbild<\/td>\n<td colspan=\"2\" width=\"311\">Wei\u00dfes Pulver oder kristallines Pulver<\/td>\n<\/tr>\n<tr>\n<td width=\"208\">Reinheit , %<\/td>\n<td colspan=\"2\" width=\"311\">\u226599.5<\/td>\n<\/tr>\n<tr>\n<td width=\"208\">Schmelzpunktbereich , \u2103<\/td>\n<td colspan=\"2\" width=\"311\">64.0~67.0<\/td>\n<\/tr>\n<tr>\n<td width=\"208\">Verlust beim Trocknen , %<\/td>\n<td colspan=\"2\" width=\"311\">\u22640.5<\/td>\n<\/tr>\n<tr>\n<td width=\"208\">Luftfeuchtigkeit , %<\/td>\n<td colspan=\"2\" width=\"311\">\u22640.5<\/td>\n<\/tr>\n<tr>\n<td width=\"208\">R\u00fcckst\u00e4nde beim Anz\u00fcnden , %<\/td>\n<td colspan=\"2\" width=\"311\">\u22640.1<\/td>\n<\/tr>\n<tr>\n<td rowspan=\"3\" width=\"208\">Lichtdurchl\u00e4ssigkeit , %<\/p>\n<p>(10% Toluol-L\u00f6sung)<\/td>\n<td width=\"151\">425nm<\/td>\n<td width=\"160\">\u226595.0<\/td>\n<\/tr>\n<tr>\n<td width=\"151\">450nm<\/td>\n<td width=\"160\">\u226596.0<\/td>\n<\/tr>\n<tr>\n<td width=\"151\">500nm<\/td>\n<td width=\"160\">\u226598.0<\/td>\n<\/tr>\n<\/tbody>\n<\/table>\n<p><strong>Verwendung:<\/strong><\/p>\n<p>Fotoinitiatoren, die haupts\u00e4chlich f\u00fcr Siebdruckfarben, Lithografiedruckfarben, Flexodruckfarben und Holzbeschichtungen verwendet werden<\/p>\n<p><strong>Paket:<\/strong> 20kg\/Karton.<\/p>\n<p><strong>Lagerung:<\/strong><\/p>\n<p>Sie werden in einem trockenen, sauberen Lager mit guter Bel\u00fcftung aufbewahrt.<\/p>\n<p>Vermeiden Sie Licht- und Hitzeeinwirkung.<\/p>\n<p>Schutz des Produkts vor Auslaufen, Regen und Sonneneinstrahlung w\u00e4hrend des Transports.<\/p>\n<h2><strong><b>Kontaktieren Sie uns jetzt!<\/b><\/strong><\/h2>\n<h4><strong><b>Wenn Sie einen Preis ben\u00f6tigen, tragen Sie bitte Ihre Kontaktdaten in das unten stehende Formular ein. Wir werden uns in der Regel innerhalb von 24 Stunden mit Ihnen in Verbindung setzen. Sie k\u00f6nnen mir auch mailen <span style=\"color: #00ccff;\"><a style=\"color: #00ccff;\" href=\"mailto:info@longchangchemical.com\">info@longchangchemical.com<\/a><\/span>\u00a0w\u00e4hrend der Gesch\u00e4ftszeiten ( 8:30 bis 18:00 Uhr UTC+8 Mo.~Sa. ) oder nutzen Sie den Live-Chat auf der Website, um eine schnelle Antwort zu erhalten.<\/b><\/strong><\/h4>","protected":false},"excerpt":{"rendered":"<p>BDK\/651 (Benzil Dimethyl Ketal) ist ein neuartiger Ultraviolett-Photosensibilisator mit ausgezeichneter Leistung. Er kann unter ultraviolettem Licht hochaktive Methylradikale bei einer Einsatzmenge von 0,5% bis 5% erzeugen. Es ist mit anderem Benzoe kompatibel. Im Vergleich zu Photosensibilisatoren auf Etherbasis hat es die Vorteile einer hohen Photoinitiationseffizienz und einer Stabilit\u00e4t bei dunkler Lagerung. Es findet breite Anwendung bei der Polymerisation von Acrylat, Methacrylat, Acrylnitril, Acrylamid, Styrol, Maleins\u00e4ure, Fumars\u00e4ure und anderen unges\u00e4ttigten Monomeren und deren Mischungen sowie bei der Polymerisation von unges\u00e4ttigten Monomeren und Polyvinylalkohol, Polyvinylalkohol und Polyvinylalkohol. Polymerisation und Vernetzung von Oligomeren wie Phenol.Es ist weit verbreitet als Initiator bei der Herstellung von Farben, Lacken, Tinten, Klebstoffen und Harzen verwendet.<\/p>","protected":false},"featured_media":8098,"comment_status":"open","ping_status":"closed","template":"","meta":[],"product_brand":[],"product_cat":[174,177],"product_tag":[],"class_list":{"0":"post-7548","1":"product","2":"type-product","3":"status-publish","4":"has-post-thumbnail","6":"product_cat-photoinitiator","7":"product_cat-type-i-free-radical-photoinitiator","9":"first","10":"instock","11":"shipping-taxable","12":"product-type-simple"},"yoast_head":"<!-- This site is optimized with the Yoast SEO plugin v25.3.1 - https:\/\/yoast.com\/wordpress\/plugins\/seo\/ -->\n<title>Photoinitiator BDK Cas No 24650-42-8 manufacturer-Longchang Chemical<\/title>\n<meta name=\"description\" content=\"BDK can replace Omnirad BDK;Omnirad 651; 651,used as a photoinitiator and is the key product of Longchang Chemical. We are the leading Photoinitaitor manufacturer and supplier in China with the best quanlity and competitive price.\" \/>\n<meta name=\"robots\" content=\"index, follow, max-snippet:-1, max-image-preview:large, max-video-preview:-1\" \/>\n<link rel=\"canonical\" href=\"https:\/\/longchangchemical.com\/de\/product\/photoinitiator-bdk-cas-24650-42-8\/\" \/>\n<meta property=\"og:locale\" content=\"de_DE\" \/>\n<meta property=\"og:type\" content=\"article\" \/>\n<meta property=\"og:title\" content=\"Photoinitiator BDK Cas No 24650-42-8 manufacturer-Longchang Chemical\" \/>\n<meta property=\"og:description\" content=\"BDK can replace Omnirad BDK;Omnirad 651; 651,used as a photoinitiator and is the key product of Longchang Chemical. We are the leading Photoinitaitor manufacturer and supplier in China with the best quanlity and competitive price.\" \/>\n<meta property=\"og:url\" content=\"https:\/\/longchangchemical.com\/de\/product\/photoinitiator-bdk-cas-24650-42-8\/\" \/>\n<meta property=\"og:site_name\" content=\"Longchang Chemical\" \/>\n<meta property=\"article:modified_time\" content=\"2025-12-16T06:02:29+00:00\" \/>\n<meta property=\"og:image\" content=\"https:\/\/longchangchemical.com\/wp-content\/uploads\/2024\/11\/24650-42-8.jpg\" \/>\n\t<meta property=\"og:image:width\" content=\"600\" \/>\n\t<meta property=\"og:image:height\" content=\"600\" \/>\n\t<meta property=\"og:image:type\" content=\"image\/jpeg\" \/>\n<meta name=\"twitter:card\" content=\"summary_large_image\" \/>\n<script type=\"application\/ld+json\" class=\"yoast-schema-graph\">{\"@context\":\"https:\/\/schema.org\",\"@graph\":[{\"@type\":\"WebPage\",\"@id\":\"https:\/\/longchangchemical.com\/product\/photoinitiator-bdk-cas-24650-42-8\/\",\"url\":\"https:\/\/longchangchemical.com\/product\/photoinitiator-bdk-cas-24650-42-8\/\",\"name\":\"Photoinitiator BDK Cas No 24650-42-8 manufacturer-Longchang Chemical\",\"isPartOf\":{\"@id\":\"https:\/\/longchangchemical.com\/#website\"},\"primaryImageOfPage\":{\"@id\":\"https:\/\/longchangchemical.com\/product\/photoinitiator-bdk-cas-24650-42-8\/#primaryimage\"},\"image\":{\"@id\":\"https:\/\/longchangchemical.com\/product\/photoinitiator-bdk-cas-24650-42-8\/#primaryimage\"},\"thumbnailUrl\":\"https:\/\/longchangchemical.com\/wp-content\/uploads\/2024\/11\/24650-42-8.jpg\",\"datePublished\":\"2024-11-11T06:01:19+00:00\",\"dateModified\":\"2025-12-16T06:02:29+00:00\",\"description\":\"BDK can replace Omnirad BDK;Omnirad 651; 651,used as a photoinitiator and is the key product of Longchang Chemical. We are the leading Photoinitaitor manufacturer and supplier in China with the best quanlity and competitive price.\",\"breadcrumb\":{\"@id\":\"https:\/\/longchangchemical.com\/product\/photoinitiator-bdk-cas-24650-42-8\/#breadcrumb\"},\"inLanguage\":\"de\",\"potentialAction\":[{\"@type\":\"ReadAction\",\"target\":[\"https:\/\/longchangchemical.com\/product\/photoinitiator-bdk-cas-24650-42-8\/\"]}]},{\"@type\":\"ImageObject\",\"inLanguage\":\"de\",\"@id\":\"https:\/\/longchangchemical.com\/product\/photoinitiator-bdk-cas-24650-42-8\/#primaryimage\",\"url\":\"https:\/\/longchangchemical.com\/wp-content\/uploads\/2024\/11\/24650-42-8.jpg\",\"contentUrl\":\"https:\/\/longchangchemical.com\/wp-content\/uploads\/2024\/11\/24650-42-8.jpg\",\"width\":600,\"height\":600},{\"@type\":\"BreadcrumbList\",\"@id\":\"https:\/\/longchangchemical.com\/product\/photoinitiator-bdk-cas-24650-42-8\/#breadcrumb\",\"itemListElement\":[{\"@type\":\"ListItem\",\"position\":1,\"name\":\"Home\",\"item\":\"https:\/\/longchangchemical.com\/\"},{\"@type\":\"ListItem\",\"position\":2,\"name\":\"Products Longchang\",\"item\":\"https:\/\/longchangchemical.com\/product\/\"},{\"@type\":\"ListItem\",\"position\":3,\"name\":\"CHLUMINIT\u00ae BDK \/ Photoinitiator BDK \/ irgacure BDK \/ Omnirad BDK CAS 24650-42-8\"}]},{\"@type\":\"WebSite\",\"@id\":\"https:\/\/longchangchemical.com\/#website\",\"url\":\"https:\/\/longchangchemical.com\/\",\"name\":\"Longchang Chemical\",\"description\":\"China chemical manufacturer \uff06 supplier\",\"publisher\":{\"@id\":\"https:\/\/longchangchemical.com\/#organization\"},\"potentialAction\":[{\"@type\":\"SearchAction\",\"target\":{\"@type\":\"EntryPoint\",\"urlTemplate\":\"https:\/\/longchangchemical.com\/?s={search_term_string}\"},\"query-input\":{\"@type\":\"PropertyValueSpecification\",\"valueRequired\":true,\"valueName\":\"search_term_string\"}}],\"inLanguage\":\"de\"},{\"@type\":\"Organization\",\"@id\":\"https:\/\/longchangchemical.com\/#organization\",\"name\":\"Longchang Chemical\",\"url\":\"https:\/\/longchangchemical.com\/\",\"logo\":{\"@type\":\"ImageObject\",\"inLanguage\":\"de\",\"@id\":\"https:\/\/longchangchemical.com\/#\/schema\/logo\/image\/\",\"url\":\"https:\/\/longchangchemical.com\/wp-content\/uploads\/2020\/08\/cropped-longchang-logo.png\",\"contentUrl\":\"https:\/\/longchangchemical.com\/wp-content\/uploads\/2020\/08\/cropped-longchang-logo.png\",\"width\":512,\"height\":512,\"caption\":\"Longchang Chemical\"},\"image\":{\"@id\":\"https:\/\/longchangchemical.com\/#\/schema\/logo\/image\/\"}}]}<\/script>\n<!-- \/ Yoast SEO plugin. -->","yoast_head_json":{"title":"Photoinitiator BDK Cas No 24650-42-8 Hersteller-Longchang Chemical","description":"BDK kann Omnirad BDK; Omnirad 651; 651 ersetzen, wird als Photoinitiator verwendet und ist das Schl\u00fcsselprodukt von Longchang Chemical. Wir sind der f\u00fchrende Hersteller und Lieferant von Photoinitiatoren in China mit der besten Qualit\u00e4t und dem g\u00fcnstigsten Preis.","robots":{"index":"index","follow":"follow","max-snippet":"max-snippet:-1","max-image-preview":"max-image-preview:large","max-video-preview":"max-video-preview:-1"},"canonical":"https:\/\/longchangchemical.com\/de\/product\/photoinitiator-bdk-cas-24650-42-8\/","og_locale":"de_DE","og_type":"article","og_title":"Photoinitiator BDK Cas No 24650-42-8 manufacturer-Longchang Chemical","og_description":"BDK can replace Omnirad BDK;Omnirad 651; 651,used as a photoinitiator and is the key product of Longchang Chemical. We are the leading Photoinitaitor manufacturer and supplier in China with the best quanlity and competitive price.","og_url":"https:\/\/longchangchemical.com\/de\/product\/photoinitiator-bdk-cas-24650-42-8\/","og_site_name":"Longchang Chemical","article_modified_time":"2025-12-16T06:02:29+00:00","og_image":[{"width":600,"height":600,"url":"https:\/\/longchangchemical.com\/wp-content\/uploads\/2024\/11\/24650-42-8.jpg","type":"image\/jpeg"}],"twitter_card":"summary_large_image","schema":{"@context":"https:\/\/schema.org","@graph":[{"@type":"WebPage","@id":"https:\/\/longchangchemical.com\/product\/photoinitiator-bdk-cas-24650-42-8\/","url":"https:\/\/longchangchemical.com\/product\/photoinitiator-bdk-cas-24650-42-8\/","name":"Photoinitiator BDK Cas No 24650-42-8 Hersteller-Longchang Chemical","isPartOf":{"@id":"https:\/\/longchangchemical.com\/#website"},"primaryImageOfPage":{"@id":"https:\/\/longchangchemical.com\/product\/photoinitiator-bdk-cas-24650-42-8\/#primaryimage"},"image":{"@id":"https:\/\/longchangchemical.com\/product\/photoinitiator-bdk-cas-24650-42-8\/#primaryimage"},"thumbnailUrl":"https:\/\/longchangchemical.com\/wp-content\/uploads\/2024\/11\/24650-42-8.jpg","datePublished":"2024-11-11T06:01:19+00:00","dateModified":"2025-12-16T06:02:29+00:00","description":"BDK kann Omnirad BDK; Omnirad 651; 651 ersetzen, wird als Photoinitiator verwendet und ist das Schl\u00fcsselprodukt von Longchang Chemical. Wir sind der f\u00fchrende Hersteller und Lieferant von Photoinitiatoren in China mit der besten Qualit\u00e4t und dem g\u00fcnstigsten Preis.","breadcrumb":{"@id":"https:\/\/longchangchemical.com\/product\/photoinitiator-bdk-cas-24650-42-8\/#breadcrumb"},"inLanguage":"de","potentialAction":[{"@type":"ReadAction","target":["https:\/\/longchangchemical.com\/product\/photoinitiator-bdk-cas-24650-42-8\/"]}]},{"@type":"ImageObject","inLanguage":"de","@id":"https:\/\/longchangchemical.com\/product\/photoinitiator-bdk-cas-24650-42-8\/#primaryimage","url":"https:\/\/longchangchemical.com\/wp-content\/uploads\/2024\/11\/24650-42-8.jpg","contentUrl":"https:\/\/longchangchemical.com\/wp-content\/uploads\/2024\/11\/24650-42-8.jpg","width":600,"height":600},{"@type":"BreadcrumbList","@id":"https:\/\/longchangchemical.com\/product\/photoinitiator-bdk-cas-24650-42-8\/#breadcrumb","itemListElement":[{"@type":"ListItem","position":1,"name":"Home","item":"https:\/\/longchangchemical.com\/"},{"@type":"ListItem","position":2,"name":"Products Longchang","item":"https:\/\/longchangchemical.com\/product\/"},{"@type":"ListItem","position":3,"name":"CHLUMINIT\u00ae BDK \/ Photoinitiator BDK \/ irgacure BDK \/ Omnirad BDK CAS 24650-42-8"}]},{"@type":"WebSite","@id":"https:\/\/longchangchemical.com\/#website","url":"https:\/\/longchangchemical.com\/","name":"Longchang Chemical","description":"China Hersteller von Chemikalien \uff06 Lieferant","publisher":{"@id":"https:\/\/longchangchemical.com\/#organization"},"potentialAction":[{"@type":"SearchAction","target":{"@type":"EntryPoint","urlTemplate":"https:\/\/longchangchemical.com\/?s={search_term_string}"},"query-input":{"@type":"PropertyValueSpecification","valueRequired":true,"valueName":"search_term_string"}}],"inLanguage":"de"},{"@type":"Organization","@id":"https:\/\/longchangchemical.com\/#organization","name":"Longchang Chemical","url":"https:\/\/longchangchemical.com\/","logo":{"@type":"ImageObject","inLanguage":"de","@id":"https:\/\/longchangchemical.com\/#\/schema\/logo\/image\/","url":"https:\/\/longchangchemical.com\/wp-content\/uploads\/2020\/08\/cropped-longchang-logo.png","contentUrl":"https:\/\/longchangchemical.com\/wp-content\/uploads\/2020\/08\/cropped-longchang-logo.png","width":512,"height":512,"caption":"Longchang Chemical"},"image":{"@id":"https:\/\/longchangchemical.com\/#\/schema\/logo\/image\/"}}]}},"_links":{"self":[{"href":"https:\/\/longchangchemical.com\/de\/wp-json\/wp\/v2\/product\/7548","targetHints":{"allow":["GET"]}}],"collection":[{"href":"https:\/\/longchangchemical.com\/de\/wp-json\/wp\/v2\/product"}],"about":[{"href":"https:\/\/longchangchemical.com\/de\/wp-json\/wp\/v2\/types\/product"}],"replies":[{"embeddable":true,"href":"https:\/\/longchangchemical.com\/de\/wp-json\/wp\/v2\/comments?post=7548"}],"wp:featuredmedia":[{"embeddable":true,"href":"https:\/\/longchangchemical.com\/de\/wp-json\/wp\/v2\/media\/8098"}],"wp:attachment":[{"href":"https:\/\/longchangchemical.com\/de\/wp-json\/wp\/v2\/media?parent=7548"}],"wp:term":[{"taxonomy":"product_brand","embeddable":true,"href":"https:\/\/longchangchemical.com\/de\/wp-json\/wp\/v2\/product_brand?post=7548"},{"taxonomy":"product_cat","embeddable":true,"href":"https:\/\/longchangchemical.com\/de\/wp-json\/wp\/v2\/product_cat?post=7548"},{"taxonomy":"product_tag","embeddable":true,"href":"https:\/\/longchangchemical.com\/de\/wp-json\/wp\/v2\/product_tag?post=7548"}],"curies":[{"name":"wp","href":"https:\/\/api.w.org\/{rel}","templated":true}]}}