{"id":7417,"date":"2024-09-29T13:02:38","date_gmt":"2024-09-29T13:02:38","guid":{"rendered":"https:\/\/longchangchemical.com\/?post_type=product&#038;p=7417"},"modified":"2025-04-01T03:15:41","modified_gmt":"2025-04-01T03:15:41","slug":"tricyclodecanedimethanol-muscomer-cas-26896-48-0","status":"publish","type":"product","link":"https:\/\/longchangchemical.com\/de\/product\/tricyclodecanedimethanol-muscomer-cas-26896-48-0\/","title":{"rendered":"CHLUMICRYL\u00ae Tricyclodecanedimethanol \/ Muscomer CAS 26896-48-0"},"content":{"rendered":"<p>&nbsp;<\/p>\n<p>enth\u00e4lt eine dreigliedrige Ringstruktur und kann bei der Synthese von Polymeren wie Polyacrylaten, Polyestern, Epoxidharzen und Polyurethanen verwendet werden. Es kann den Polymeren eine gute Haftung, hohe Zugfestigkeit, Hitze-, Witterungs- und Schlagfestigkeit verleihen. Das Produkt kann auch f\u00fcr die Synthese von Anwendungsmaterialien mit hoher Lichtempfindlichkeit, hoher Transparenz, Lichtbest\u00e4ndigkeit und Best\u00e4ndigkeit gegen Trocken\u00e4tzung verwendet werden.<\/p>\n<h2><strong><b>Kontaktieren Sie uns jetzt!<\/b><\/strong><\/h2>\n<h4><strong><b>Wenn Sie einen Preis ben\u00f6tigen, tragen Sie bitte Ihre Kontaktdaten in das unten stehende Formular ein. Wir werden uns in der Regel innerhalb von 24 Stunden mit Ihnen in Verbindung setzen. Sie k\u00f6nnen mir auch mailen\u00a0<span style=\"color: #00ccff;\"><a style=\"color: #00ccff;\" href=\"mailto:info@longchangchemical.com\">info@longchangchemical.com<\/a><\/span>\u00a0w\u00e4hrend der Gesch\u00e4ftszeiten ( 8:30 bis 18:00 Uhr UTC+8 Mo.~Sa. ) oder nutzen Sie den Live-Chat auf der Website, um eine schnelle Antwort zu erhalten.<\/b><\/strong><\/h4>","protected":false},"excerpt":{"rendered":"<p>Aussehen : Gekl\u00e4rt und transparent<br \/>\nGehalt (%) : &gt;97<br \/>\nS\u00e4urewert (mg KOH\/g) : &lt;1<br \/>\nViskosit\u00e4t (cps bei25\u2103) : 600-650<br \/>\nMolekulargewicht (g\/mol) : 192<\/p>\n<h4><strong><b>Mailen Sie mir: <span style=\"color: #00ccff;\"><a style=\"color: #00ccff;\" href=\"mailto:info@longchangchemical.com\">info@longchangchemical.com<\/a><\/span><\/b><\/strong><\/h4>","protected":false},"featured_media":7418,"comment_status":"closed","ping_status":"closed","template":"","meta":[],"product_brand":[],"product_cat":[115],"product_tag":[],"class_list":{"0":"post-7417","1":"product","2":"type-product","3":"status-publish","4":"has-post-thumbnail","6":"product_cat-functional-monomers","8":"first","9":"instock","10":"shipping-taxable","11":"product-type-simple"},"yoast_head":"<!-- This site is optimized with the Yoast SEO plugin v25.3.1 - https:\/\/yoast.com\/wordpress\/plugins\/seo\/ -->\n<title>China CHLUMICRYL\u00ae Tricyclodecanedimethanol \/ Muscomer CAS 26896-48-0 Manufacturer - Longchang Chemical<\/title>\n<meta name=\"description\" content=\"CHLUMICRYL\u00ae Tricyclodecanedimethanol \/ Muscomer CAS 26896-48-0 is a key product of Longchang Chemical. We provide the best price. We are the leading manufacturer in China with the best quality and competitive price.\" \/>\n<meta name=\"robots\" content=\"index, follow, max-snippet:-1, max-image-preview:large, max-video-preview:-1\" \/>\n<link rel=\"canonical\" href=\"https:\/\/longchangchemical.com\/de\/product\/tricyclodecanedimethanol-muscomer-cas-26896-48-0\/\" \/>\n<meta property=\"og:locale\" content=\"de_DE\" \/>\n<meta property=\"og:type\" content=\"article\" \/>\n<meta property=\"og:title\" content=\"China CHLUMICRYL\u00ae Tricyclodecanedimethanol \/ Muscomer CAS 26896-48-0 Manufacturer - Longchang Chemical\" \/>\n<meta property=\"og:description\" content=\"CHLUMICRYL\u00ae Tricyclodecanedimethanol \/ Muscomer CAS 26896-48-0 is a key product of Longchang Chemical. We provide the best price. We are the leading manufacturer in China with the best quality and competitive price.\" \/>\n<meta property=\"og:url\" content=\"https:\/\/longchangchemical.com\/de\/product\/tricyclodecanedimethanol-muscomer-cas-26896-48-0\/\" \/>\n<meta property=\"og:site_name\" content=\"Longchang Chemical\" \/>\n<meta property=\"article:modified_time\" content=\"2025-04-01T03:15:41+00:00\" \/>\n<meta property=\"og:image\" content=\"https:\/\/longchangchemical.com\/wp-content\/uploads\/2024\/09\/Tricyclodecanedimethanol-Muscomer-CAS-26896-48-0.jpg\" \/>\n\t<meta property=\"og:image:width\" content=\"400\" \/>\n\t<meta property=\"og:image:height\" content=\"400\" \/>\n\t<meta property=\"og:image:type\" content=\"image\/jpeg\" \/>\n<meta name=\"twitter:card\" content=\"summary_large_image\" \/>\n<script type=\"application\/ld+json\" class=\"yoast-schema-graph\">{\"@context\":\"https:\/\/schema.org\",\"@graph\":[{\"@type\":\"WebPage\",\"@id\":\"https:\/\/longchangchemical.com\/product\/tricyclodecanedimethanol-muscomer-cas-26896-48-0\/\",\"url\":\"https:\/\/longchangchemical.com\/product\/tricyclodecanedimethanol-muscomer-cas-26896-48-0\/\",\"name\":\"China CHLUMICRYL\u00ae Tricyclodecanedimethanol \/ Muscomer CAS 26896-48-0 Manufacturer - Longchang Chemical\",\"isPartOf\":{\"@id\":\"https:\/\/longchangchemical.com\/#website\"},\"primaryImageOfPage\":{\"@id\":\"https:\/\/longchangchemical.com\/product\/tricyclodecanedimethanol-muscomer-cas-26896-48-0\/#primaryimage\"},\"image\":{\"@id\":\"https:\/\/longchangchemical.com\/product\/tricyclodecanedimethanol-muscomer-cas-26896-48-0\/#primaryimage\"},\"thumbnailUrl\":\"https:\/\/longchangchemical.com\/wp-content\/uploads\/2024\/09\/Tricyclodecanedimethanol-Muscomer-CAS-26896-48-0.jpg\",\"datePublished\":\"2024-09-29T13:02:38+00:00\",\"dateModified\":\"2025-04-01T03:15:41+00:00\",\"description\":\"CHLUMICRYL\u00ae Tricyclodecanedimethanol \/ Muscomer CAS 26896-48-0 is a key product of Longchang Chemical. We provide the best price. We are the leading manufacturer in China with the best quality and competitive price.\",\"breadcrumb\":{\"@id\":\"https:\/\/longchangchemical.com\/product\/tricyclodecanedimethanol-muscomer-cas-26896-48-0\/#breadcrumb\"},\"inLanguage\":\"de\",\"potentialAction\":[{\"@type\":\"ReadAction\",\"target\":[\"https:\/\/longchangchemical.com\/product\/tricyclodecanedimethanol-muscomer-cas-26896-48-0\/\"]}]},{\"@type\":\"ImageObject\",\"inLanguage\":\"de\",\"@id\":\"https:\/\/longchangchemical.com\/product\/tricyclodecanedimethanol-muscomer-cas-26896-48-0\/#primaryimage\",\"url\":\"https:\/\/longchangchemical.com\/wp-content\/uploads\/2024\/09\/Tricyclodecanedimethanol-Muscomer-CAS-26896-48-0.jpg\",\"contentUrl\":\"https:\/\/longchangchemical.com\/wp-content\/uploads\/2024\/09\/Tricyclodecanedimethanol-Muscomer-CAS-26896-48-0.jpg\",\"width\":400,\"height\":400,\"caption\":\"Tricyclodecanedimethanol \/ Muscomer CAS 26896-48-0\"},{\"@type\":\"BreadcrumbList\",\"@id\":\"https:\/\/longchangchemical.com\/product\/tricyclodecanedimethanol-muscomer-cas-26896-48-0\/#breadcrumb\",\"itemListElement\":[{\"@type\":\"ListItem\",\"position\":1,\"name\":\"Home\",\"item\":\"https:\/\/longchangchemical.com\/\"},{\"@type\":\"ListItem\",\"position\":2,\"name\":\"Products Longchang\",\"item\":\"https:\/\/longchangchemical.com\/product\/\"},{\"@type\":\"ListItem\",\"position\":3,\"name\":\"CHLUMICRYL\u00ae Tricyclodecanedimethanol \/ Muscomer CAS 26896-48-0\"}]},{\"@type\":\"WebSite\",\"@id\":\"https:\/\/longchangchemical.com\/#website\",\"url\":\"https:\/\/longchangchemical.com\/\",\"name\":\"Longchang Chemical\",\"description\":\"China chemical manufacturer \uff06 supplier\",\"publisher\":{\"@id\":\"https:\/\/longchangchemical.com\/#organization\"},\"potentialAction\":[{\"@type\":\"SearchAction\",\"target\":{\"@type\":\"EntryPoint\",\"urlTemplate\":\"https:\/\/longchangchemical.com\/?s={search_term_string}\"},\"query-input\":{\"@type\":\"PropertyValueSpecification\",\"valueRequired\":true,\"valueName\":\"search_term_string\"}}],\"inLanguage\":\"de\"},{\"@type\":\"Organization\",\"@id\":\"https:\/\/longchangchemical.com\/#organization\",\"name\":\"Longchang Chemical\",\"url\":\"https:\/\/longchangchemical.com\/\",\"logo\":{\"@type\":\"ImageObject\",\"inLanguage\":\"de\",\"@id\":\"https:\/\/longchangchemical.com\/#\/schema\/logo\/image\/\",\"url\":\"https:\/\/longchangchemical.com\/wp-content\/uploads\/2020\/08\/cropped-longchang-logo.png\",\"contentUrl\":\"https:\/\/longchangchemical.com\/wp-content\/uploads\/2020\/08\/cropped-longchang-logo.png\",\"width\":512,\"height\":512,\"caption\":\"Longchang Chemical\"},\"image\":{\"@id\":\"https:\/\/longchangchemical.com\/#\/schema\/logo\/image\/\"}}]}<\/script>\n<!-- \/ Yoast SEO plugin. -->","yoast_head_json":{"title":"China CHLUMICRYL\u00ae Tricyclodecanedimethanol \/ Muscomer CAS 26896-48-0 Hersteller - Longchang Chemical","description":"CHLUMICRYL\u00ae Tricyclodecanedimethanol \/ Muscomer CAS 26896-48-0 ist ein Schl\u00fcsselprodukt von Longchang Chemical. Wir bieten den besten Preis. Wir sind der f\u00fchrende Hersteller in China mit der besten Qualit\u00e4t und konkurrenzf\u00e4higem Preis.","robots":{"index":"index","follow":"follow","max-snippet":"max-snippet:-1","max-image-preview":"max-image-preview:large","max-video-preview":"max-video-preview:-1"},"canonical":"https:\/\/longchangchemical.com\/de\/product\/tricyclodecanedimethanol-muscomer-cas-26896-48-0\/","og_locale":"de_DE","og_type":"article","og_title":"China CHLUMICRYL\u00ae Tricyclodecanedimethanol \/ Muscomer CAS 26896-48-0 Manufacturer - Longchang Chemical","og_description":"CHLUMICRYL\u00ae Tricyclodecanedimethanol \/ Muscomer CAS 26896-48-0 is a key product of Longchang Chemical. We provide the best price. We are the leading manufacturer in China with the best quality and competitive price.","og_url":"https:\/\/longchangchemical.com\/de\/product\/tricyclodecanedimethanol-muscomer-cas-26896-48-0\/","og_site_name":"Longchang Chemical","article_modified_time":"2025-04-01T03:15:41+00:00","og_image":[{"width":400,"height":400,"url":"https:\/\/longchangchemical.com\/wp-content\/uploads\/2024\/09\/Tricyclodecanedimethanol-Muscomer-CAS-26896-48-0.jpg","type":"image\/jpeg"}],"twitter_card":"summary_large_image","schema":{"@context":"https:\/\/schema.org","@graph":[{"@type":"WebPage","@id":"https:\/\/longchangchemical.com\/product\/tricyclodecanedimethanol-muscomer-cas-26896-48-0\/","url":"https:\/\/longchangchemical.com\/product\/tricyclodecanedimethanol-muscomer-cas-26896-48-0\/","name":"China CHLUMICRYL\u00ae Tricyclodecanedimethanol \/ Muscomer CAS 26896-48-0 Hersteller - Longchang Chemical","isPartOf":{"@id":"https:\/\/longchangchemical.com\/#website"},"primaryImageOfPage":{"@id":"https:\/\/longchangchemical.com\/product\/tricyclodecanedimethanol-muscomer-cas-26896-48-0\/#primaryimage"},"image":{"@id":"https:\/\/longchangchemical.com\/product\/tricyclodecanedimethanol-muscomer-cas-26896-48-0\/#primaryimage"},"thumbnailUrl":"https:\/\/longchangchemical.com\/wp-content\/uploads\/2024\/09\/Tricyclodecanedimethanol-Muscomer-CAS-26896-48-0.jpg","datePublished":"2024-09-29T13:02:38+00:00","dateModified":"2025-04-01T03:15:41+00:00","description":"CHLUMICRYL\u00ae Tricyclodecanedimethanol \/ Muscomer CAS 26896-48-0 ist ein Schl\u00fcsselprodukt von Longchang Chemical. Wir bieten den besten Preis. Wir sind der f\u00fchrende Hersteller in China mit der besten Qualit\u00e4t und konkurrenzf\u00e4higem Preis.","breadcrumb":{"@id":"https:\/\/longchangchemical.com\/product\/tricyclodecanedimethanol-muscomer-cas-26896-48-0\/#breadcrumb"},"inLanguage":"de","potentialAction":[{"@type":"ReadAction","target":["https:\/\/longchangchemical.com\/product\/tricyclodecanedimethanol-muscomer-cas-26896-48-0\/"]}]},{"@type":"ImageObject","inLanguage":"de","@id":"https:\/\/longchangchemical.com\/product\/tricyclodecanedimethanol-muscomer-cas-26896-48-0\/#primaryimage","url":"https:\/\/longchangchemical.com\/wp-content\/uploads\/2024\/09\/Tricyclodecanedimethanol-Muscomer-CAS-26896-48-0.jpg","contentUrl":"https:\/\/longchangchemical.com\/wp-content\/uploads\/2024\/09\/Tricyclodecanedimethanol-Muscomer-CAS-26896-48-0.jpg","width":400,"height":400,"caption":"Tricyclodecanedimethanol \/ Muscomer CAS 26896-48-0"},{"@type":"BreadcrumbList","@id":"https:\/\/longchangchemical.com\/product\/tricyclodecanedimethanol-muscomer-cas-26896-48-0\/#breadcrumb","itemListElement":[{"@type":"ListItem","position":1,"name":"Home","item":"https:\/\/longchangchemical.com\/"},{"@type":"ListItem","position":2,"name":"Products Longchang","item":"https:\/\/longchangchemical.com\/product\/"},{"@type":"ListItem","position":3,"name":"CHLUMICRYL\u00ae Tricyclodecanedimethanol \/ Muscomer CAS 26896-48-0"}]},{"@type":"WebSite","@id":"https:\/\/longchangchemical.com\/#website","url":"https:\/\/longchangchemical.com\/","name":"Longchang Chemical","description":"China Hersteller von Chemikalien \uff06 Lieferant","publisher":{"@id":"https:\/\/longchangchemical.com\/#organization"},"potentialAction":[{"@type":"SearchAction","target":{"@type":"EntryPoint","urlTemplate":"https:\/\/longchangchemical.com\/?s={search_term_string}"},"query-input":{"@type":"PropertyValueSpecification","valueRequired":true,"valueName":"search_term_string"}}],"inLanguage":"de"},{"@type":"Organization","@id":"https:\/\/longchangchemical.com\/#organization","name":"Longchang Chemical","url":"https:\/\/longchangchemical.com\/","logo":{"@type":"ImageObject","inLanguage":"de","@id":"https:\/\/longchangchemical.com\/#\/schema\/logo\/image\/","url":"https:\/\/longchangchemical.com\/wp-content\/uploads\/2020\/08\/cropped-longchang-logo.png","contentUrl":"https:\/\/longchangchemical.com\/wp-content\/uploads\/2020\/08\/cropped-longchang-logo.png","width":512,"height":512,"caption":"Longchang Chemical"},"image":{"@id":"https:\/\/longchangchemical.com\/#\/schema\/logo\/image\/"}}]}},"_links":{"self":[{"href":"https:\/\/longchangchemical.com\/de\/wp-json\/wp\/v2\/product\/7417","targetHints":{"allow":["GET"]}}],"collection":[{"href":"https:\/\/longchangchemical.com\/de\/wp-json\/wp\/v2\/product"}],"about":[{"href":"https:\/\/longchangchemical.com\/de\/wp-json\/wp\/v2\/types\/product"}],"replies":[{"embeddable":true,"href":"https:\/\/longchangchemical.com\/de\/wp-json\/wp\/v2\/comments?post=7417"}],"wp:featuredmedia":[{"embeddable":true,"href":"https:\/\/longchangchemical.com\/de\/wp-json\/wp\/v2\/media\/7418"}],"wp:attachment":[{"href":"https:\/\/longchangchemical.com\/de\/wp-json\/wp\/v2\/media?parent=7417"}],"wp:term":[{"taxonomy":"product_brand","embeddable":true,"href":"https:\/\/longchangchemical.com\/de\/wp-json\/wp\/v2\/product_brand?post=7417"},{"taxonomy":"product_cat","embeddable":true,"href":"https:\/\/longchangchemical.com\/de\/wp-json\/wp\/v2\/product_cat?post=7417"},{"taxonomy":"product_tag","embeddable":true,"href":"https:\/\/longchangchemical.com\/de\/wp-json\/wp\/v2\/product_tag?post=7417"}],"curies":[{"name":"wp","href":"https:\/\/api.w.org\/{rel}","templated":true}]}}