{"id":7367,"date":"2024-09-26T15:11:24","date_gmt":"2024-09-26T15:11:24","guid":{"rendered":"https:\/\/longchangchemical.com\/?post_type=product&#038;p=7367"},"modified":"2025-12-16T08:00:36","modified_gmt":"2025-12-16T08:00:36","slug":"dextranase-cas-9025-70-1","status":"publish","type":"product","link":"https:\/\/longchangchemical.com\/de\/product\/dextranase-cas-9025-70-1\/","title":{"rendered":"Longzyme\u00ae Dextranase CAS 9025-70-1"},"content":{"rendered":"<h2><strong>27.000 Enzymaktivit\u00e4t\/Lebensmittelqualit\u00e4t<\/strong><\/h2>\n<table style=\"border-collapse: collapse; width: 276.02pt;\" border=\"0\" width=\"368\" cellspacing=\"0\" cellpadding=\"0\">\n<tbody>\n<tr style=\"height: 28.50pt;\">\n<td class=\"et2\" style=\"height: 28.50pt; width: 155.25pt;\" width=\"207\" height=\"38\">Optimaler Temperaturbereich<\/td>\n<td class=\"et3\" style=\"width: 120.75pt;\" width=\"161\">65-75\u2103<\/td>\n<\/tr>\n<tr style=\"height: 14.25pt;\">\n<td class=\"et2\" style=\"height: 14.25pt; width: 155.25pt;\" width=\"207\" height=\"19\">Quelle<\/td>\n<td class=\"et3\" style=\"width: 120.75pt;\" width=\"161\">Mikrobielle<\/td>\n<\/tr>\n<tr style=\"height: 14.25pt;\">\n<td class=\"et2\" style=\"height: 14.25pt; width: 155.25pt;\" width=\"207\" height=\"19\">Formular<\/td>\n<td class=\"et3\" style=\"width: 120.75pt;\" width=\"161\">fl\u00fcssig<\/td>\n<\/tr>\n<tr style=\"height: 14.25pt;\">\n<td class=\"et2\" style=\"height: 14.25pt; width: 155.25pt;\" width=\"207\" height=\"19\">Farbe<\/td>\n<td class=\"et3\" style=\"width: 120.75pt;\" width=\"161\">gelblich braun<\/td>\n<\/tr>\n<tr style=\"height: 14.25pt;\">\n<td class=\"et2\" style=\"height: 14.25pt; width: 155.25pt;\" width=\"207\" height=\"19\">Wirksamer pH-Wert<\/td>\n<td class=\"et3\" style=\"width: 120.75pt;\" width=\"161\">3.5-7.0<\/td>\n<\/tr>\n<tr style=\"height: 28.50pt;\">\n<td class=\"et2\" style=\"height: 28.50pt; width: 155.25pt;\" width=\"207\" height=\"38\">Effektiver Temperaturbereich<\/td>\n<td class=\"et3\" style=\"width: 120.75pt;\" width=\"161\">40-80\u2103<\/td>\n<\/tr>\n<tr style=\"height: 14.25pt;\">\n<td class=\"et2\" style=\"height: 14.25pt; width: 155.25pt;\" width=\"207\" height=\"19\">Optimaler pH-Bereich<\/td>\n<td class=\"et3\" style=\"width: 120.75pt;\" width=\"161\">4.0-6.0<\/td>\n<\/tr>\n<\/tbody>\n<\/table>\n<p>Haupts\u00e4chlich in der Lebensmittelindustrie verwendet.<br \/>\nB-Glucanase in Lebensmittelqualit\u00e4t wird mit Hilfe von Trichoderma reesei durch Verfahren wie getauchte Fl\u00fcssigfermentation und Ultrafiltration hergestellt. Das Enzym hat eine gute Temperaturbest\u00e4ndigkeit und einen breiten pH-Bereich.<\/p>\n<h2><strong>12000u\/g\/Lebensmittelqualit\u00e4t<\/strong><\/h2>\n<table style=\"border-collapse: collapse; width: 276.02pt;\" border=\"0\" width=\"368\" cellspacing=\"0\" cellpadding=\"0\">\n<tbody>\n<tr style=\"height: 28.50pt;\">\n<td class=\"et2\" style=\"height: 28.50pt; width: 155.25pt;\" width=\"207\" height=\"38\">Optimaler Temperaturbereich<\/td>\n<td class=\"et3\" style=\"width: 120.75pt;\" width=\"161\">45-50\u2103<\/td>\n<\/tr>\n<tr style=\"height: 28.50pt;\">\n<td class=\"et2\" style=\"height: 28.50pt; width: 155.25pt;\" width=\"207\" height=\"38\">Effektiver Temperaturbereich<\/td>\n<td class=\"et3\" style=\"width: 120.75pt;\" width=\"161\">40-55\u2103<\/td>\n<\/tr>\n<tr style=\"height: 14.25pt;\">\n<td class=\"et2\" style=\"height: 14.25pt; width: 155.25pt;\" width=\"207\" height=\"19\">Optimaler pH-Bereich<\/td>\n<td class=\"et3\" style=\"width: 120.75pt;\" width=\"161\">4.0-5.0<\/td>\n<\/tr>\n<tr style=\"height: 14.25pt;\">\n<td class=\"et2\" style=\"height: 14.25pt; width: 155.25pt;\" width=\"207\" height=\"19\">Wirksamer pH-Wert<\/td>\n<td class=\"et3\" style=\"width: 120.75pt;\" width=\"161\">4.0-6.0<\/td>\n<\/tr>\n<tr style=\"height: 14.25pt;\">\n<td class=\"et2\" style=\"height: 14.25pt; width: 155.25pt;\" width=\"207\" height=\"19\">Quelle<\/td>\n<td class=\"et3\" style=\"width: 120.75pt;\" width=\"161\">Mikrobielle<\/td>\n<\/tr>\n<tr style=\"height: 14.25pt;\">\n<td class=\"et2\" style=\"height: 14.25pt; width: 155.25pt;\" width=\"207\" height=\"19\">Formular<\/td>\n<td class=\"et3\" style=\"width: 120.75pt;\" width=\"161\">Solide<\/td>\n<\/tr>\n<tr style=\"height: 28.50pt;\">\n<td class=\"et2\" style=\"height: 28.50pt; width: 155.25pt;\" width=\"207\" height=\"38\">Farbe<\/td>\n<td class=\"et3\" style=\"width: 120.75pt;\" width=\"161\">Hellgelb bis br\u00e4unlich gelb<\/td>\n<\/tr>\n<\/tbody>\n<\/table>\n<p>Haupts\u00e4chlich verwendet im Bereich der Isoflavone\/Saponinextraktion\/Polysaccharidpolymerisation! Abbau und Extraktion seiner Hydrolyseprodukte.<\/p>\n<p>Bei diesem Produkt handelt es sich um ein hocheffizientes, spezialisiertes Enzympr\u00e4parat, das aus einem hervorragenden Bakterienstamm durch Fl\u00fcssigfermentation und Reinigung hergestellt wird. Das Hauptenzymsystem von SPE-005 ist die B-Glucanase, die auch Amylase und Pektinase enth\u00e4lt. Das Enzymsystem hat eine starke synergistische Wirkung. Es hydrolysiert haupts\u00e4chlich Makromolek\u00fcle wie Glucan, Amylopektin und Amylose und wandelt sie in kleine Molek\u00fcle wie Oligosaccharide und kurzkettige Dextrine um. Es verringert die Viskosit\u00e4t der Extraktionsl\u00f6sung, reduziert das Risiko von Verstopfungen und verbessert die Filtrationsrate.<\/p>\n<h2><strong><b>Kontaktieren Sie uns jetzt!<\/b><\/strong><\/h2>\n<h4><strong><b>Wenn Sie einen Preis ben\u00f6tigen, tragen Sie bitte Ihre Kontaktdaten in das unten stehende Formular ein. Wir werden uns in der Regel innerhalb von 24 Stunden mit Ihnen in Verbindung setzen. Sie k\u00f6nnen mir auch mailen\u00a0<span style=\"color: #00ccff;\"><a style=\"color: #00ccff;\" href=\"mailto:info@longchangchemical.com\">info@longchangchemical.com<\/a><\/span>\u00a0w\u00e4hrend der Gesch\u00e4ftszeiten ( 8:30 bis 18:00 Uhr UTC+8 Mo.~Sa. ) oder nutzen Sie den Live-Chat auf der Website, um eine schnelle Antwort zu erhalten.<\/b><\/strong><\/h4>\n<table style=\"border-collapse: collapse; width: 326.27pt;\" border=\"0\" width=\"435\" cellspacing=\"0\" cellpadding=\"0\">\n<tbody>\n<tr style=\"height: 13.50pt;\">\n<td class=\"et2\" style=\"height: 13.50pt; width: 164.25pt;\" width=\"219\" height=\"18\"><a href=\"https:\/\/longchangchemical.com\/de\/product\/compound-glucoamylase-cas-9032-08-0\/\"><span style=\"color: #00ccff;\">Verbindung Glucoamylase<\/span><\/a><\/td>\n<td class=\"et2\" style=\"width: 162.00pt;\" width=\"216\">9032-08-0<\/td>\n<\/tr>\n<tr style=\"height: 13.50pt;\">\n<td class=\"et2\" style=\"height: 13.50pt;\" height=\"18\"><a href=\"https:\/\/longchangchemical.com\/de\/product\/pullulanase-cas-9075-68-7\/\"><span style=\"color: #00ccff;\">Pullulanase<\/span><\/a><\/td>\n<td class=\"et2\">9075-68-7<\/td>\n<\/tr>\n<tr style=\"height: 13.50pt;\">\n<td class=\"et2\" style=\"height: 13.50pt;\" height=\"18\"><a href=\"https:\/\/longchangchemical.com\/de\/product\/xylanase-cas-37278-89-0\/\"><span style=\"color: #00ccff;\">Xylanase<\/span><\/a><\/td>\n<td class=\"et2\">37278-89-0<\/td>\n<\/tr>\n<tr style=\"height: 13.50pt;\">\n<td class=\"et2\" style=\"height: 13.50pt;\" height=\"18\"><a href=\"https:\/\/longchangchemical.com\/de\/product\/cellulase-cas-9012-54-8\/\"><span style=\"color: #00ccff;\">Cellulase<\/span><\/a><\/td>\n<td class=\"et2\">9012-54-8<\/td>\n<\/tr>\n<tr style=\"height: 13.50pt;\">\n<td class=\"et2\" style=\"height: 13.50pt;\" height=\"18\"><a href=\"https:\/\/longchangchemical.com\/de\/product\/naringinase-cas-9068-31-9\/\"><span style=\"color: #00ccff;\">Naringinase<\/span><\/a><\/td>\n<td class=\"et2\">9068-31-9<\/td>\n<\/tr>\n<tr style=\"height: 13.50pt;\">\n<td class=\"et2\" style=\"height: 13.50pt;\" height=\"18\"><a href=\"https:\/\/longchangchemical.com\/de\/product\/beta-amylase-cas-9000-91-3\/\"><span style=\"color: #00ccff;\">\u03b2-Amylase<\/span><\/a><\/td>\n<td class=\"et2\">9000-91-3<\/td>\n<\/tr>\n<tr style=\"height: 13.50pt;\">\n<td class=\"et2\" style=\"height: 13.50pt;\" height=\"18\"><a href=\"https:\/\/longchangchemical.com\/de\/product\/glucose-oxidase-cas-9001-37-0\/\"><span style=\"color: #00ccff;\">Glukose-Oxidase<\/span><\/a><\/td>\n<td class=\"et2\">9001-37-0<\/td>\n<\/tr>\n<tr style=\"height: 13.50pt;\">\n<td class=\"et2\" style=\"height: 13.50pt;\" height=\"18\">alpha-Amylase<\/td>\n<td class=\"et2\">9000-90-2<\/td>\n<\/tr>\n<tr style=\"height: 13.50pt;\">\n<td class=\"et2\" style=\"height: 13.50pt;\" height=\"18\"><a href=\"https:\/\/longchangchemical.com\/de\/product\/longzyme-acid-pectinase-cas-9032-75-1\/\"><span style=\"color: #00ccff;\">Pektinase<\/span><\/a><\/td>\n<td class=\"et2\">9032-75-1<\/td>\n<\/tr>\n<tr style=\"height: 13.50pt;\">\n<td class=\"et2\" style=\"height: 13.50pt;\" height=\"18\">Peroxidase<\/td>\n<td class=\"et2\">9003-99-0<\/td>\n<\/tr>\n<tr style=\"height: 13.50pt;\">\n<td class=\"et2\" style=\"height: 13.50pt;\" height=\"18\"><a href=\"https:\/\/longchangchemical.com\/de\/product\/lipase-cas-9001-62-1\/\"><span style=\"color: #00ccff;\">Lipase<\/span><\/a><\/td>\n<td class=\"et2\">9001-62-1<\/td>\n<\/tr>\n<tr style=\"height: 13.50pt;\">\n<td class=\"et2\" style=\"height: 13.50pt;\" height=\"18\"><a href=\"https:\/\/longchangchemical.com\/de\/product\/catalase-cas-9001-05-2\/\"><span style=\"color: #00ccff;\">Katalase<\/span><\/a><\/td>\n<td class=\"et4\">9001-05-2<\/td>\n<\/tr>\n<tr style=\"height: 13.50pt;\">\n<td class=\"et2\" style=\"height: 13.50pt;\" height=\"18\"><a href=\"https:\/\/longchangchemical.com\/de\/product\/tannase-cas-9025-71-2\/\"><span style=\"color: #00ccff;\">TANNASE<\/span><\/a><\/td>\n<td class=\"et2\">9025-71-2<\/td>\n<\/tr>\n<tr style=\"height: 13.50pt;\">\n<td class=\"et2\" style=\"height: 13.50pt;\" height=\"18\"><a href=\"https:\/\/longchangchemical.com\/de\/product\/elastase-cas-39445-21-1\/\"><span style=\"color: #00ccff;\">Elastase<\/span><\/a><\/td>\n<td class=\"et2\">39445-21-1<\/td>\n<\/tr>\n<tr style=\"height: 13.50pt;\">\n<td class=\"et2\" style=\"height: 13.50pt;\" height=\"18\"><a href=\"https:\/\/longchangchemical.com\/de\/product\/urease-cas-9002-13-5\/\"><span style=\"color: #00ccff;\">Urease<\/span><\/a><\/td>\n<td class=\"et2\">9002-13-5<\/td>\n<\/tr>\n<tr style=\"height: 13.50pt;\">\n<td class=\"et2\" style=\"height: 13.50pt;\" height=\"18\"><a href=\"https:\/\/longchangchemical.com\/de\/product\/dextranase-cas-9025-70-1\/\"><span style=\"color: #00ccff;\">DEXTRANASE<\/span><\/a><\/td>\n<td class=\"et2\">9025-70-1<\/td>\n<\/tr>\n<tr style=\"height: 13.50pt;\">\n<td class=\"et2\" style=\"height: 13.5pt; text-align: left;\" height=\"18\"><a href=\"https:\/\/longchangchemical.com\/de\/product\/l-lactic-dehydrogenase-cas-9001-60-9\/\"><span style=\"color: #00ccff;\">L-Milch-Dehydrogenase<\/span><\/a><\/td>\n<td class=\"et2\">9001-60-9<\/td>\n<\/tr>\n<tr style=\"height: 13.50pt;\">\n<td class=\"et2\" style=\"height: 13.50pt;\" height=\"18\"><a href=\"https:\/\/longchangchemical.com\/de\/product\/dehydrogenase-malate-cas-9001-64-3\/\"><span style=\"color: #00ccff;\">Dehydrogenase Malat<\/span><\/a><\/td>\n<td class=\"et2\">9001-64-3<\/td>\n<\/tr>\n<tr style=\"height: 13.50pt;\">\n<td class=\"et2\" style=\"height: 13.50pt;\" height=\"18\"><a href=\"https:\/\/longchangchemical.com\/de\/product\/cholesterol-oxidase-cas-9028-76-6\/\"><span style=\"color: #00ccff;\">Cholesterin-Oxidase<\/span><\/a><\/td>\n<td class=\"et2\">9028-76-6<\/td>\n<\/tr>\n<\/tbody>\n<\/table>","protected":false},"excerpt":{"rendered":"<p>27.000 Enzymaktivit\u00e4t\/Lebensmittelqualit\u00e4t Optimaler Temperaturbereich 65-75\u2103 Quelle Mikroben Form fl\u00fcssig Farbe gelblich-braun Effektiver pH-Wert 3,5-7,0 Effektiver Temperaturbereich 40-80\u2103 Optimaler pH-Bereich 4,0-6,0 Haupts\u00e4chlich in der Lebensmittelindustrie verwendet. B-Glucanase in Lebensmittelqualit\u00e4t wird mit Hilfe von Trichoderma reesei durch Verfahren wie submerse Fl\u00fcssigfermentation und Ultrafiltration hergestellt. Das Enzym hat eine gute Temperaturbest\u00e4ndigkeit [...]<\/p>","protected":false},"featured_media":7374,"comment_status":"closed","ping_status":"closed","template":"","meta":[],"product_brand":[],"product_cat":[172],"product_tag":[],"class_list":{"0":"post-7367","1":"product","2":"type-product","3":"status-publish","4":"has-post-thumbnail","6":"product_cat-longzyme-enzyme","8":"first","9":"instock","10":"shipping-taxable","11":"product-type-simple"},"yoast_head":"<!-- This site is optimized with the Yoast SEO plugin v25.3.1 - https:\/\/yoast.com\/wordpress\/plugins\/seo\/ -->\n<title>China Longzyme\u00ae Dextranase CAS 9025-70-1 Manufacturer - Longchang Chemical<\/title>\n<meta name=\"description\" content=\"Longzyme\u00ae Dextranase CAS 9025-70-1 is a key product of Longchang Chemical. We provide the best price. We are the leading manufacturer in China with the best quality and competitive price.\" \/>\n<meta name=\"robots\" content=\"index, follow, max-snippet:-1, max-image-preview:large, max-video-preview:-1\" \/>\n<link rel=\"canonical\" href=\"https:\/\/longchangchemical.com\/de\/product\/dextranase-cas-9025-70-1\/\" \/>\n<meta property=\"og:locale\" content=\"de_DE\" \/>\n<meta property=\"og:type\" content=\"article\" \/>\n<meta property=\"og:title\" content=\"China Longzyme\u00ae Dextranase CAS 9025-70-1 Manufacturer - Longchang Chemical\" \/>\n<meta property=\"og:description\" content=\"Longzyme\u00ae Dextranase CAS 9025-70-1 is a key product of Longchang Chemical. We provide the best price. We are the leading manufacturer in China with the best quality and competitive price.\" \/>\n<meta property=\"og:url\" content=\"https:\/\/longchangchemical.com\/de\/product\/dextranase-cas-9025-70-1\/\" \/>\n<meta property=\"og:site_name\" content=\"Longchang Chemical\" \/>\n<meta property=\"article:modified_time\" content=\"2025-12-16T08:00:36+00:00\" \/>\n<meta property=\"og:image\" content=\"https:\/\/longchangchemical.com\/wp-content\/uploads\/2024\/09\/Longzyme-Enzyme.jpg\" \/>\n\t<meta property=\"og:image:width\" content=\"800\" \/>\n\t<meta property=\"og:image:height\" content=\"800\" \/>\n\t<meta property=\"og:image:type\" content=\"image\/jpeg\" \/>\n<meta name=\"twitter:card\" content=\"summary_large_image\" \/>\n<script type=\"application\/ld+json\" class=\"yoast-schema-graph\">{\"@context\":\"https:\/\/schema.org\",\"@graph\":[{\"@type\":\"WebPage\",\"@id\":\"https:\/\/longchangchemical.com\/product\/dextranase-cas-9025-70-1\/\",\"url\":\"https:\/\/longchangchemical.com\/product\/dextranase-cas-9025-70-1\/\",\"name\":\"China Longzyme\u00ae Dextranase CAS 9025-70-1 Manufacturer - Longchang Chemical\",\"isPartOf\":{\"@id\":\"https:\/\/longchangchemical.com\/#website\"},\"primaryImageOfPage\":{\"@id\":\"https:\/\/longchangchemical.com\/product\/dextranase-cas-9025-70-1\/#primaryimage\"},\"image\":{\"@id\":\"https:\/\/longchangchemical.com\/product\/dextranase-cas-9025-70-1\/#primaryimage\"},\"thumbnailUrl\":\"https:\/\/longchangchemical.com\/wp-content\/uploads\/2024\/09\/Longzyme-Enzyme.jpg\",\"datePublished\":\"2024-09-26T15:11:24+00:00\",\"dateModified\":\"2025-12-16T08:00:36+00:00\",\"description\":\"Longzyme\u00ae Dextranase CAS 9025-70-1 is a key product of Longchang Chemical. We provide the best price. We are the leading manufacturer in China with the best quality and competitive price.\",\"breadcrumb\":{\"@id\":\"https:\/\/longchangchemical.com\/product\/dextranase-cas-9025-70-1\/#breadcrumb\"},\"inLanguage\":\"de\",\"potentialAction\":[{\"@type\":\"ReadAction\",\"target\":[\"https:\/\/longchangchemical.com\/product\/dextranase-cas-9025-70-1\/\"]}]},{\"@type\":\"ImageObject\",\"inLanguage\":\"de\",\"@id\":\"https:\/\/longchangchemical.com\/product\/dextranase-cas-9025-70-1\/#primaryimage\",\"url\":\"https:\/\/longchangchemical.com\/wp-content\/uploads\/2024\/09\/Longzyme-Enzyme.jpg\",\"contentUrl\":\"https:\/\/longchangchemical.com\/wp-content\/uploads\/2024\/09\/Longzyme-Enzyme.jpg\",\"width\":800,\"height\":800,\"caption\":\"Longzyme\u00ae Enzyme\"},{\"@type\":\"BreadcrumbList\",\"@id\":\"https:\/\/longchangchemical.com\/product\/dextranase-cas-9025-70-1\/#breadcrumb\",\"itemListElement\":[{\"@type\":\"ListItem\",\"position\":1,\"name\":\"Home\",\"item\":\"https:\/\/longchangchemical.com\/\"},{\"@type\":\"ListItem\",\"position\":2,\"name\":\"Products Longchang\",\"item\":\"https:\/\/longchangchemical.com\/product\/\"},{\"@type\":\"ListItem\",\"position\":3,\"name\":\"Longzyme\u00ae Dextranase CAS 9025-70-1\"}]},{\"@type\":\"WebSite\",\"@id\":\"https:\/\/longchangchemical.com\/#website\",\"url\":\"https:\/\/longchangchemical.com\/\",\"name\":\"Longchang Chemical\",\"description\":\"China chemical manufacturer \uff06 supplier\",\"publisher\":{\"@id\":\"https:\/\/longchangchemical.com\/#organization\"},\"potentialAction\":[{\"@type\":\"SearchAction\",\"target\":{\"@type\":\"EntryPoint\",\"urlTemplate\":\"https:\/\/longchangchemical.com\/?s={search_term_string}\"},\"query-input\":{\"@type\":\"PropertyValueSpecification\",\"valueRequired\":true,\"valueName\":\"search_term_string\"}}],\"inLanguage\":\"de\"},{\"@type\":\"Organization\",\"@id\":\"https:\/\/longchangchemical.com\/#organization\",\"name\":\"Longchang Chemical\",\"url\":\"https:\/\/longchangchemical.com\/\",\"logo\":{\"@type\":\"ImageObject\",\"inLanguage\":\"de\",\"@id\":\"https:\/\/longchangchemical.com\/#\/schema\/logo\/image\/\",\"url\":\"https:\/\/longchangchemical.com\/wp-content\/uploads\/2020\/08\/cropped-longchang-logo.png\",\"contentUrl\":\"https:\/\/longchangchemical.com\/wp-content\/uploads\/2020\/08\/cropped-longchang-logo.png\",\"width\":512,\"height\":512,\"caption\":\"Longchang Chemical\"},\"image\":{\"@id\":\"https:\/\/longchangchemical.com\/#\/schema\/logo\/image\/\"}}]}<\/script>\n<!-- \/ Yoast SEO plugin. -->","yoast_head_json":{"title":"China Longzyme\u00ae Dextranase CAS 9025-70-1 Hersteller - Longchang Chemical","description":"Longzyme\u00ae Dextranase CAS 9025-70-1 ist ein Schl\u00fcsselprodukt von Longchang Chemical. Wir bieten den besten Preis. Wir sind der f\u00fchrende Hersteller in China mit der besten Qualit\u00e4t und konkurrenzf\u00e4higem Preis.","robots":{"index":"index","follow":"follow","max-snippet":"max-snippet:-1","max-image-preview":"max-image-preview:large","max-video-preview":"max-video-preview:-1"},"canonical":"https:\/\/longchangchemical.com\/de\/product\/dextranase-cas-9025-70-1\/","og_locale":"de_DE","og_type":"article","og_title":"China Longzyme\u00ae Dextranase CAS 9025-70-1 Manufacturer - Longchang Chemical","og_description":"Longzyme\u00ae Dextranase CAS 9025-70-1 is a key product of Longchang Chemical. We provide the best price. We are the leading manufacturer in China with the best quality and competitive price.","og_url":"https:\/\/longchangchemical.com\/de\/product\/dextranase-cas-9025-70-1\/","og_site_name":"Longchang Chemical","article_modified_time":"2025-12-16T08:00:36+00:00","og_image":[{"width":800,"height":800,"url":"https:\/\/longchangchemical.com\/wp-content\/uploads\/2024\/09\/Longzyme-Enzyme.jpg","type":"image\/jpeg"}],"twitter_card":"summary_large_image","schema":{"@context":"https:\/\/schema.org","@graph":[{"@type":"WebPage","@id":"https:\/\/longchangchemical.com\/product\/dextranase-cas-9025-70-1\/","url":"https:\/\/longchangchemical.com\/product\/dextranase-cas-9025-70-1\/","name":"China Longzyme\u00ae Dextranase CAS 9025-70-1 Hersteller - Longchang Chemical","isPartOf":{"@id":"https:\/\/longchangchemical.com\/#website"},"primaryImageOfPage":{"@id":"https:\/\/longchangchemical.com\/product\/dextranase-cas-9025-70-1\/#primaryimage"},"image":{"@id":"https:\/\/longchangchemical.com\/product\/dextranase-cas-9025-70-1\/#primaryimage"},"thumbnailUrl":"https:\/\/longchangchemical.com\/wp-content\/uploads\/2024\/09\/Longzyme-Enzyme.jpg","datePublished":"2024-09-26T15:11:24+00:00","dateModified":"2025-12-16T08:00:36+00:00","description":"Longzyme\u00ae Dextranase CAS 9025-70-1 ist ein Schl\u00fcsselprodukt von Longchang Chemical. Wir bieten den besten Preis. Wir sind der f\u00fchrende Hersteller in China mit der besten Qualit\u00e4t und konkurrenzf\u00e4higem Preis.","breadcrumb":{"@id":"https:\/\/longchangchemical.com\/product\/dextranase-cas-9025-70-1\/#breadcrumb"},"inLanguage":"de","potentialAction":[{"@type":"ReadAction","target":["https:\/\/longchangchemical.com\/product\/dextranase-cas-9025-70-1\/"]}]},{"@type":"ImageObject","inLanguage":"de","@id":"https:\/\/longchangchemical.com\/product\/dextranase-cas-9025-70-1\/#primaryimage","url":"https:\/\/longchangchemical.com\/wp-content\/uploads\/2024\/09\/Longzyme-Enzyme.jpg","contentUrl":"https:\/\/longchangchemical.com\/wp-content\/uploads\/2024\/09\/Longzyme-Enzyme.jpg","width":800,"height":800,"caption":"Longzyme\u00ae Enzyme"},{"@type":"BreadcrumbList","@id":"https:\/\/longchangchemical.com\/product\/dextranase-cas-9025-70-1\/#breadcrumb","itemListElement":[{"@type":"ListItem","position":1,"name":"Home","item":"https:\/\/longchangchemical.com\/"},{"@type":"ListItem","position":2,"name":"Products Longchang","item":"https:\/\/longchangchemical.com\/product\/"},{"@type":"ListItem","position":3,"name":"Longzyme\u00ae Dextranase CAS 9025-70-1"}]},{"@type":"WebSite","@id":"https:\/\/longchangchemical.com\/#website","url":"https:\/\/longchangchemical.com\/","name":"Longchang Chemical","description":"China Hersteller von Chemikalien \uff06 Lieferant","publisher":{"@id":"https:\/\/longchangchemical.com\/#organization"},"potentialAction":[{"@type":"SearchAction","target":{"@type":"EntryPoint","urlTemplate":"https:\/\/longchangchemical.com\/?s={search_term_string}"},"query-input":{"@type":"PropertyValueSpecification","valueRequired":true,"valueName":"search_term_string"}}],"inLanguage":"de"},{"@type":"Organization","@id":"https:\/\/longchangchemical.com\/#organization","name":"Longchang Chemical","url":"https:\/\/longchangchemical.com\/","logo":{"@type":"ImageObject","inLanguage":"de","@id":"https:\/\/longchangchemical.com\/#\/schema\/logo\/image\/","url":"https:\/\/longchangchemical.com\/wp-content\/uploads\/2020\/08\/cropped-longchang-logo.png","contentUrl":"https:\/\/longchangchemical.com\/wp-content\/uploads\/2020\/08\/cropped-longchang-logo.png","width":512,"height":512,"caption":"Longchang Chemical"},"image":{"@id":"https:\/\/longchangchemical.com\/#\/schema\/logo\/image\/"}}]}},"_links":{"self":[{"href":"https:\/\/longchangchemical.com\/de\/wp-json\/wp\/v2\/product\/7367","targetHints":{"allow":["GET"]}}],"collection":[{"href":"https:\/\/longchangchemical.com\/de\/wp-json\/wp\/v2\/product"}],"about":[{"href":"https:\/\/longchangchemical.com\/de\/wp-json\/wp\/v2\/types\/product"}],"replies":[{"embeddable":true,"href":"https:\/\/longchangchemical.com\/de\/wp-json\/wp\/v2\/comments?post=7367"}],"wp:featuredmedia":[{"embeddable":true,"href":"https:\/\/longchangchemical.com\/de\/wp-json\/wp\/v2\/media\/7374"}],"wp:attachment":[{"href":"https:\/\/longchangchemical.com\/de\/wp-json\/wp\/v2\/media?parent=7367"}],"wp:term":[{"taxonomy":"product_brand","embeddable":true,"href":"https:\/\/longchangchemical.com\/de\/wp-json\/wp\/v2\/product_brand?post=7367"},{"taxonomy":"product_cat","embeddable":true,"href":"https:\/\/longchangchemical.com\/de\/wp-json\/wp\/v2\/product_cat?post=7367"},{"taxonomy":"product_tag","embeddable":true,"href":"https:\/\/longchangchemical.com\/de\/wp-json\/wp\/v2\/product_tag?post=7367"}],"curies":[{"name":"wp","href":"https:\/\/api.w.org\/{rel}","templated":true}]}}