{"id":7361,"date":"2024-09-26T13:24:08","date_gmt":"2024-09-26T13:24:08","guid":{"rendered":"https:\/\/longchangchemical.com\/?post_type=product&#038;p=7361"},"modified":"2025-12-16T08:18:23","modified_gmt":"2025-12-16T08:18:23","slug":"glucose-oxidase-cas-9001-37-0","status":"publish","type":"product","link":"https:\/\/longchangchemical.com\/de\/product\/glucose-oxidase-cas-9001-37-0\/","title":{"rendered":"Longzyme\u00ae Glucoseoxidase CAS 9001-37-0"},"content":{"rendered":"<h1><strong>Glucoseoxidase CAS 9001-37-0<\/strong><\/h1>\n<table style=\"border-collapse: collapse; width: 338.27pt;\" border=\"0\" width=\"451\" cellspacing=\"0\" cellpadding=\"0\">\n<tbody>\n<tr style=\"height: 13.50pt;\">\n<td class=\"et2\" style=\"height: 13.50pt; width: 219.75pt;\" width=\"293\" height=\"18\">Artikel<\/td>\n<td class=\"et2\" style=\"width: 118.50pt;\" width=\"158\">Norm<\/td>\n<\/tr>\n<tr style=\"height: 13.50pt;\">\n<td class=\"et2\" style=\"height: 13.50pt;\" height=\"18\">Volumen g\/ml<\/td>\n<td class=\"et2\">1.10-1.25<\/td>\n<\/tr>\n<tr style=\"height: 13.50pt;\">\n<td class=\"et2\" style=\"height: 13.50pt;\" height=\"18\">pH(25\u00b0C)<\/td>\n<td class=\"et2\">3.5-5.5<\/td>\n<\/tr>\n<tr style=\"height: 13.50pt;\">\n<td class=\"et2\" style=\"height: 13.50pt;\" height=\"18\">Blei(Pb)\/(mg\/kg)<\/td>\n<td class=\"et2\">&lt;5.0<\/td>\n<\/tr>\n<tr style=\"height: 13.50pt;\">\n<td class=\"et2\" style=\"height: 13.50pt;\" height=\"18\">Gesamtarsen(As)\/(mg\/kg)<\/td>\n<td class=\"et2\">&lt;3.0<\/td>\n<\/tr>\n<tr style=\"height: 13.50pt;\">\n<td class=\"et2\" style=\"height: 13.50pt;\" height=\"18\">Gesamtkolonie\/(KBE\/ml)<\/td>\n<td class=\"et2\">&lt;50000<\/td>\n<\/tr>\n<tr style=\"height: 13.50pt;\">\n<td class=\"et2\" style=\"height: 13.50pt;\" height=\"18\">Coliform\/(KBE\/ml)<\/td>\n<td class=\"et2\">&lt;30<\/td>\n<\/tr>\n<tr style=\"height: 13.50pt;\">\n<td class=\"et2\" style=\"height: 13.50pt;\" height=\"18\">Escherichia coli(CFU\/mL)\/(MPN\/mL)<\/td>\n<td class=\"et2\">&lt;10\/&lt;3.0<\/td>\n<\/tr>\n<tr style=\"height: 13.50pt;\">\n<td class=\"et2\" style=\"height: 13.50pt;\" height=\"18\">Salmonellen(25ml)<\/td>\n<td class=\"et2\">nicht nachweisbar<\/td>\n<\/tr>\n<\/tbody>\n<\/table>\n<h2><\/h2>\n<p>1. Glukoseoxidase (f\u00fcr die Gluconatproduktion)<br \/>\n(12.000 Enzymaktivit\u00e4t\/Lebensmittelqualit\u00e4t)<br \/>\nHaupts\u00e4chlich in der Gluconatproduktion verwendet<br \/>\nGlucoseoxidase (f\u00fcr die Gluconatproduktion) wird durch tiefe Fl\u00fcssigfermentation mit Aspergillus niger als Produktionsstamm hergestellt. Das Enzym ist eine Oxidoreduktase, die ausschlie\u00dflich Glukose oxidiert, um in Gegenwart von molekularem Sauerstoff Gluconolacton zu erzeugen, und gleichzeitig Sauerstoff verbraucht, um Wasserstoffperoxid zu erzeugen, und aus Gluconolacton weiter Glucons\u00e4ure erzeugt.<\/p>\n<p>2. Neue hochtemperaturbest\u00e4ndige Glukoseoxidase (10.000 Enzymaktivit\u00e4ten\/Futtermittelqualit\u00e4t)<br \/>\nHaupts\u00e4chlich in Vieh- und Gefl\u00fcgelfutter verwendet<br \/>\nDie neuartige, hochtemperaturbest\u00e4ndige Glukoseoxidase wurde durch eine Reihe von Stammscreenings hergestellt, wobei der ausgezeichnete Stamm Aspergillus niger als Produktionsstamm ausgew\u00e4hlt und durch tiefe Fl\u00fcssigfermentation verfeinert wurde. Die Glukoseoxidase aus diesem Stamm weist eine wesentlich h\u00f6here Temperaturbest\u00e4ndigkeit auf (die Enzymaktivit\u00e4t kann nach einer dreimin\u00fctigen Wasserbadbehandlung bei 85 \u00b0C mehr als 80% beibehalten werden), so dass sie Hochtemperaturprozessen wie der Pelletierung und Verarbeitung von Futtermitteln standhalten kann.<\/p>\n<h2><strong>Anderer Name:\u00a0<\/strong><\/h2>\n<p>D-Glucose-1-Oxidase;<\/p>\n<p>notatin;<\/p>\n<p>Oxidase-Glukose;<\/p>\n<h2><strong><b>Kontaktieren Sie uns jetzt!<\/b><\/strong><\/h2>\n<h4><strong><b>Wenn Sie einen Preis ben\u00f6tigen, tragen Sie bitte Ihre Kontaktdaten in das unten stehende Formular ein. Wir werden uns in der Regel innerhalb von 24 Stunden mit Ihnen in Verbindung setzen. Sie k\u00f6nnen mir auch mailen\u00a0<span style=\"color: #00ccff;\"><a style=\"color: #00ccff;\" href=\"mailto:info@longchangchemical.com\">info@longchangchemical.com<\/a><\/span>\u00a0w\u00e4hrend der Gesch\u00e4ftszeiten ( 8:30 bis 18:00 Uhr UTC+8 Mo.~Sa. ) oder nutzen Sie den Live-Chat auf der Website, um eine schnelle Antwort zu erhalten.<\/b><\/strong><\/h4>\n<table style=\"border-collapse: collapse; width: 326.27pt;\" border=\"0\" width=\"435\" cellspacing=\"0\" cellpadding=\"0\">\n<tbody>\n<tr style=\"height: 13.50pt;\">\n<td class=\"et2\" style=\"height: 13.50pt; width: 164.25pt;\" width=\"219\" height=\"18\"><a href=\"https:\/\/longchangchemical.com\/de\/product\/compound-glucoamylase-cas-9032-08-0\/\"><span style=\"color: #00ccff;\">Verbindung Glucoamylase<\/span><\/a><\/td>\n<td class=\"et2\" style=\"width: 162.00pt;\" width=\"216\">9032-08-0<\/td>\n<\/tr>\n<tr style=\"height: 13.50pt;\">\n<td class=\"et2\" style=\"height: 13.50pt;\" height=\"18\"><a href=\"https:\/\/longchangchemical.com\/de\/product\/pullulanase-cas-9075-68-7\/\"><span style=\"color: #00ccff;\">Pullulanase<\/span><\/a><\/td>\n<td class=\"et2\">9075-68-7<\/td>\n<\/tr>\n<tr style=\"height: 13.50pt;\">\n<td class=\"et2\" style=\"height: 13.50pt;\" height=\"18\"><a href=\"https:\/\/longchangchemical.com\/de\/product\/xylanase-cas-37278-89-0\/\"><span style=\"color: #00ccff;\">Xylanase<\/span><\/a><\/td>\n<td class=\"et2\">37278-89-0<\/td>\n<\/tr>\n<tr style=\"height: 13.50pt;\">\n<td class=\"et2\" style=\"height: 13.50pt;\" height=\"18\"><a href=\"https:\/\/longchangchemical.com\/de\/product\/cellulase-cas-9012-54-8\/\"><span style=\"color: #00ccff;\">Cellulase<\/span><\/a><\/td>\n<td class=\"et2\">9012-54-8<\/td>\n<\/tr>\n<tr style=\"height: 13.50pt;\">\n<td class=\"et2\" style=\"height: 13.50pt;\" height=\"18\"><a href=\"https:\/\/longchangchemical.com\/de\/product\/naringinase-cas-9068-31-9\/\"><span style=\"color: #00ccff;\">Naringinase<\/span><\/a><\/td>\n<td class=\"et2\">9068-31-9<\/td>\n<\/tr>\n<tr style=\"height: 13.50pt;\">\n<td class=\"et2\" style=\"height: 13.50pt;\" height=\"18\"><a href=\"https:\/\/longchangchemical.com\/de\/product\/beta-amylase-cas-9000-91-3\/\"><span style=\"color: #00ccff;\">\u03b2-Amylase<\/span><\/a><\/td>\n<td class=\"et2\">9000-91-3<\/td>\n<\/tr>\n<tr style=\"height: 13.50pt;\">\n<td class=\"et2\" style=\"height: 13.50pt;\" height=\"18\"><a href=\"https:\/\/longchangchemical.com\/de\/product\/glucose-oxidase-cas-9001-37-0\/\"><span style=\"color: #00ccff;\">Glukose-Oxidase<\/span><\/a><\/td>\n<td class=\"et2\">9001-37-0<\/td>\n<\/tr>\n<tr style=\"height: 13.50pt;\">\n<td class=\"et2\" style=\"height: 13.50pt;\" height=\"18\">alpha-Amylase<\/td>\n<td class=\"et2\">9000-90-2<\/td>\n<\/tr>\n<tr style=\"height: 13.50pt;\">\n<td class=\"et2\" style=\"height: 13.50pt;\" height=\"18\"><a href=\"https:\/\/longchangchemical.com\/de\/product\/longzyme-acid-pectinase-cas-9032-75-1\/\"><span style=\"color: #00ccff;\">Pektinase<\/span><\/a><\/td>\n<td class=\"et2\">9032-75-1<\/td>\n<\/tr>\n<tr style=\"height: 13.50pt;\">\n<td class=\"et2\" style=\"height: 13.50pt;\" height=\"18\">Peroxidase<\/td>\n<td class=\"et2\">9003-99-0<\/td>\n<\/tr>\n<tr style=\"height: 13.50pt;\">\n<td class=\"et2\" style=\"height: 13.50pt;\" height=\"18\"><a href=\"https:\/\/longchangchemical.com\/de\/product\/lipase-cas-9001-62-1\/\"><span style=\"color: #00ccff;\">Lipase<\/span><\/a><\/td>\n<td class=\"et2\">9001-62-1<\/td>\n<\/tr>\n<tr style=\"height: 13.50pt;\">\n<td class=\"et2\" style=\"height: 13.50pt;\" height=\"18\"><a href=\"https:\/\/longchangchemical.com\/de\/product\/catalase-cas-9001-05-2\/\"><span style=\"color: #00ccff;\">Katalase<\/span><\/a><\/td>\n<td class=\"et4\">9001-05-2<\/td>\n<\/tr>\n<tr style=\"height: 13.50pt;\">\n<td class=\"et2\" style=\"height: 13.50pt;\" height=\"18\"><a href=\"https:\/\/longchangchemical.com\/de\/product\/tannase-cas-9025-71-2\/\"><span style=\"color: #00ccff;\">TANNASE<\/span><\/a><\/td>\n<td class=\"et2\">9025-71-2<\/td>\n<\/tr>\n<tr style=\"height: 13.50pt;\">\n<td class=\"et2\" style=\"height: 13.50pt;\" height=\"18\"><a href=\"https:\/\/longchangchemical.com\/de\/product\/elastase-cas-39445-21-1\/\"><span style=\"color: #00ccff;\">Elastase<\/span><\/a><\/td>\n<td class=\"et2\">39445-21-1<\/td>\n<\/tr>\n<tr style=\"height: 13.50pt;\">\n<td class=\"et2\" style=\"height: 13.50pt;\" height=\"18\"><a href=\"https:\/\/longchangchemical.com\/de\/product\/urease-cas-9002-13-5\/\"><span style=\"color: #00ccff;\">Urease<\/span><\/a><\/td>\n<td class=\"et2\">9002-13-5<\/td>\n<\/tr>\n<tr style=\"height: 13.50pt;\">\n<td class=\"et2\" style=\"height: 13.50pt;\" height=\"18\"><a href=\"https:\/\/longchangchemical.com\/de\/product\/dextranase-cas-9025-70-1\/\"><span style=\"color: #00ccff;\">DEXTRANASE<\/span><\/a><\/td>\n<td class=\"et2\">9025-70-1<\/td>\n<\/tr>\n<tr style=\"height: 13.50pt;\">\n<td class=\"et2\" style=\"height: 13.5pt; text-align: left;\" height=\"18\"><a href=\"https:\/\/longchangchemical.com\/de\/product\/l-lactic-dehydrogenase-cas-9001-60-9\/\"><span style=\"color: #00ccff;\">L-Milch-Dehydrogenase<\/span><\/a><\/td>\n<td class=\"et2\">9001-60-9<\/td>\n<\/tr>\n<tr style=\"height: 13.50pt;\">\n<td class=\"et2\" style=\"height: 13.50pt;\" height=\"18\"><a href=\"https:\/\/longchangchemical.com\/de\/product\/dehydrogenase-malate-cas-9001-64-3\/\"><span style=\"color: #00ccff;\">Dehydrogenase Malat<\/span><\/a><\/td>\n<td class=\"et2\">9001-64-3<\/td>\n<\/tr>\n<tr style=\"height: 13.50pt;\">\n<td class=\"et2\" style=\"height: 13.50pt;\" height=\"18\"><a href=\"https:\/\/longchangchemical.com\/de\/product\/cholesterol-oxidase-cas-9028-76-6\/\"><span style=\"color: #00ccff;\">Cholesterin-Oxidase<\/span><\/a><\/td>\n<td class=\"et2\">9028-76-6<\/td>\n<\/tr>\n<\/tbody>\n<\/table>","protected":false},"excerpt":{"rendered":"<p>Glucoseoxidase CAS 9001-37-0 Artikel Norm Volumen g\/ml 1,10-1,25 pH(25\u00b0C) 3,5-5,5 Blei(Pb)\/(mg\/kg) &lt;5,0 Gesamtarsen(As)\/(mg\/kg) &lt;3,0 Gesamtkolonie\/(KBE\/mL) &lt;50000 Coliform\/(KBE\/mL) &lt;30 Escherichia coli(KBE\/mL)\/(MPN\/mL) &lt;10\/&lt;3,0 Salmonellen(25ml) nicht nachweisbar 1. Glucose-Oxidase (f\u00fcr die Gluconat-Produktion) (12.000 Enzymaktivit\u00e4t\/Lebensmittelqualit\u00e4t) Haupts\u00e4chlich f\u00fcr die Gluconat-Produktion verwendet Glucose-Oxidase (f\u00fcr die Gluconat-Produktion) wird durch tiefe Fl\u00fcssigfermentation mit Aspergillus [...]<\/p>","protected":false},"featured_media":7374,"comment_status":"closed","ping_status":"closed","template":"","meta":[],"product_brand":[],"product_cat":[172],"product_tag":[],"class_list":{"0":"post-7361","1":"product","2":"type-product","3":"status-publish","4":"has-post-thumbnail","6":"product_cat-longzyme-enzyme","8":"first","9":"instock","10":"shipping-taxable","11":"product-type-simple"},"yoast_head":"<!-- This site is optimized with the Yoast SEO plugin v25.3.1 - https:\/\/yoast.com\/wordpress\/plugins\/seo\/ -->\n<title>China Longzyme\u00ae Glucose oxidase CAS 9001-37-0 Manufacturer - Longchang Chemical<\/title>\n<meta name=\"description\" content=\"Longzyme\u00ae Glucose oxidase CAS 9001-37-0 is a key product of Longchang Chemical. We provide the best price. We are the leading manufacturer in China with the best quality and competitive price. Other Name:\u00a0D-Glucose-1-oxidase;\u00a0notatin;\u00a0oxidaseglucose;\u00a0\" \/>\n<meta name=\"robots\" content=\"index, follow, max-snippet:-1, max-image-preview:large, max-video-preview:-1\" \/>\n<link rel=\"canonical\" href=\"https:\/\/longchangchemical.com\/de\/product\/glucose-oxidase-cas-9001-37-0\/\" \/>\n<meta property=\"og:locale\" content=\"de_DE\" \/>\n<meta property=\"og:type\" content=\"article\" \/>\n<meta property=\"og:title\" content=\"China Longzyme\u00ae Glucose oxidase CAS 9001-37-0 Manufacturer - Longchang Chemical\" \/>\n<meta property=\"og:description\" content=\"Longzyme\u00ae Glucose oxidase CAS 9001-37-0 is a key product of Longchang Chemical. We provide the best price. We are the leading manufacturer in China with the best quality and competitive price. Other Name:\u00a0D-Glucose-1-oxidase;\u00a0notatin;\u00a0oxidaseglucose;\u00a0\" \/>\n<meta property=\"og:url\" content=\"https:\/\/longchangchemical.com\/de\/product\/glucose-oxidase-cas-9001-37-0\/\" \/>\n<meta property=\"og:site_name\" content=\"Longchang Chemical\" \/>\n<meta property=\"article:modified_time\" content=\"2025-12-16T08:18:23+00:00\" \/>\n<meta property=\"og:image\" content=\"https:\/\/longchangchemical.com\/wp-content\/uploads\/2024\/09\/Longzyme-Enzyme.jpg\" \/>\n\t<meta property=\"og:image:width\" content=\"800\" \/>\n\t<meta property=\"og:image:height\" content=\"800\" \/>\n\t<meta property=\"og:image:type\" content=\"image\/jpeg\" \/>\n<meta name=\"twitter:card\" content=\"summary_large_image\" \/>\n<script type=\"application\/ld+json\" class=\"yoast-schema-graph\">{\"@context\":\"https:\/\/schema.org\",\"@graph\":[{\"@type\":\"WebPage\",\"@id\":\"https:\/\/longchangchemical.com\/product\/glucose-oxidase-cas-9001-37-0\/\",\"url\":\"https:\/\/longchangchemical.com\/product\/glucose-oxidase-cas-9001-37-0\/\",\"name\":\"China Longzyme\u00ae Glucose oxidase CAS 9001-37-0 Manufacturer - Longchang Chemical\",\"isPartOf\":{\"@id\":\"https:\/\/longchangchemical.com\/#website\"},\"primaryImageOfPage\":{\"@id\":\"https:\/\/longchangchemical.com\/product\/glucose-oxidase-cas-9001-37-0\/#primaryimage\"},\"image\":{\"@id\":\"https:\/\/longchangchemical.com\/product\/glucose-oxidase-cas-9001-37-0\/#primaryimage\"},\"thumbnailUrl\":\"https:\/\/longchangchemical.com\/wp-content\/uploads\/2024\/09\/Longzyme-Enzyme.jpg\",\"datePublished\":\"2024-09-26T13:24:08+00:00\",\"dateModified\":\"2025-12-16T08:18:23+00:00\",\"description\":\"Longzyme\u00ae Glucose oxidase CAS 9001-37-0 is a key product of Longchang Chemical. We provide the best price. We are the leading manufacturer in China with the best quality and competitive price. Other Name:\u00a0D-Glucose-1-oxidase;\u00a0notatin;\u00a0oxidaseglucose;\u00a0\",\"breadcrumb\":{\"@id\":\"https:\/\/longchangchemical.com\/product\/glucose-oxidase-cas-9001-37-0\/#breadcrumb\"},\"inLanguage\":\"de\",\"potentialAction\":[{\"@type\":\"ReadAction\",\"target\":[\"https:\/\/longchangchemical.com\/product\/glucose-oxidase-cas-9001-37-0\/\"]}]},{\"@type\":\"ImageObject\",\"inLanguage\":\"de\",\"@id\":\"https:\/\/longchangchemical.com\/product\/glucose-oxidase-cas-9001-37-0\/#primaryimage\",\"url\":\"https:\/\/longchangchemical.com\/wp-content\/uploads\/2024\/09\/Longzyme-Enzyme.jpg\",\"contentUrl\":\"https:\/\/longchangchemical.com\/wp-content\/uploads\/2024\/09\/Longzyme-Enzyme.jpg\",\"width\":800,\"height\":800,\"caption\":\"Longzyme\u00ae Enzyme\"},{\"@type\":\"BreadcrumbList\",\"@id\":\"https:\/\/longchangchemical.com\/product\/glucose-oxidase-cas-9001-37-0\/#breadcrumb\",\"itemListElement\":[{\"@type\":\"ListItem\",\"position\":1,\"name\":\"Home\",\"item\":\"https:\/\/longchangchemical.com\/\"},{\"@type\":\"ListItem\",\"position\":2,\"name\":\"Products Longchang\",\"item\":\"https:\/\/longchangchemical.com\/product\/\"},{\"@type\":\"ListItem\",\"position\":3,\"name\":\"Longzyme\u00ae Glucose oxidase CAS 9001-37-0\"}]},{\"@type\":\"WebSite\",\"@id\":\"https:\/\/longchangchemical.com\/#website\",\"url\":\"https:\/\/longchangchemical.com\/\",\"name\":\"Longchang Chemical\",\"description\":\"China chemical manufacturer \uff06 supplier\",\"publisher\":{\"@id\":\"https:\/\/longchangchemical.com\/#organization\"},\"potentialAction\":[{\"@type\":\"SearchAction\",\"target\":{\"@type\":\"EntryPoint\",\"urlTemplate\":\"https:\/\/longchangchemical.com\/?s={search_term_string}\"},\"query-input\":{\"@type\":\"PropertyValueSpecification\",\"valueRequired\":true,\"valueName\":\"search_term_string\"}}],\"inLanguage\":\"de\"},{\"@type\":\"Organization\",\"@id\":\"https:\/\/longchangchemical.com\/#organization\",\"name\":\"Longchang Chemical\",\"url\":\"https:\/\/longchangchemical.com\/\",\"logo\":{\"@type\":\"ImageObject\",\"inLanguage\":\"de\",\"@id\":\"https:\/\/longchangchemical.com\/#\/schema\/logo\/image\/\",\"url\":\"https:\/\/longchangchemical.com\/wp-content\/uploads\/2020\/08\/cropped-longchang-logo.png\",\"contentUrl\":\"https:\/\/longchangchemical.com\/wp-content\/uploads\/2020\/08\/cropped-longchang-logo.png\",\"width\":512,\"height\":512,\"caption\":\"Longchang Chemical\"},\"image\":{\"@id\":\"https:\/\/longchangchemical.com\/#\/schema\/logo\/image\/\"}}]}<\/script>\n<!-- \/ Yoast SEO plugin. -->","yoast_head_json":{"title":"China Longzyme\u00ae Glucoseoxidase CAS 9001-37-0 Hersteller - Longchang Chemical","description":"Longzyme\u00ae Glucoseoxidase CAS 9001-37-0 ist ein Schl\u00fcsselprodukt von Longchang Chemical. Wir bieten den besten Preis. Wir sind der f\u00fchrende Hersteller in China mit der besten Qualit\u00e4t und konkurrenzf\u00e4higem Preis. Anderer Name: D-Glucose-1-Oxidase; Notatin; Oxidaseglucose;\u00a0","robots":{"index":"index","follow":"follow","max-snippet":"max-snippet:-1","max-image-preview":"max-image-preview:large","max-video-preview":"max-video-preview:-1"},"canonical":"https:\/\/longchangchemical.com\/de\/product\/glucose-oxidase-cas-9001-37-0\/","og_locale":"de_DE","og_type":"article","og_title":"China Longzyme\u00ae Glucose oxidase CAS 9001-37-0 Manufacturer - Longchang Chemical","og_description":"Longzyme\u00ae Glucose oxidase CAS 9001-37-0 is a key product of Longchang Chemical. We provide the best price. We are the leading manufacturer in China with the best quality and competitive price. Other Name:\u00a0D-Glucose-1-oxidase;\u00a0notatin;\u00a0oxidaseglucose;\u00a0","og_url":"https:\/\/longchangchemical.com\/de\/product\/glucose-oxidase-cas-9001-37-0\/","og_site_name":"Longchang Chemical","article_modified_time":"2025-12-16T08:18:23+00:00","og_image":[{"width":800,"height":800,"url":"https:\/\/longchangchemical.com\/wp-content\/uploads\/2024\/09\/Longzyme-Enzyme.jpg","type":"image\/jpeg"}],"twitter_card":"summary_large_image","schema":{"@context":"https:\/\/schema.org","@graph":[{"@type":"WebPage","@id":"https:\/\/longchangchemical.com\/product\/glucose-oxidase-cas-9001-37-0\/","url":"https:\/\/longchangchemical.com\/product\/glucose-oxidase-cas-9001-37-0\/","name":"China Longzyme\u00ae Glucoseoxidase CAS 9001-37-0 Hersteller - Longchang Chemical","isPartOf":{"@id":"https:\/\/longchangchemical.com\/#website"},"primaryImageOfPage":{"@id":"https:\/\/longchangchemical.com\/product\/glucose-oxidase-cas-9001-37-0\/#primaryimage"},"image":{"@id":"https:\/\/longchangchemical.com\/product\/glucose-oxidase-cas-9001-37-0\/#primaryimage"},"thumbnailUrl":"https:\/\/longchangchemical.com\/wp-content\/uploads\/2024\/09\/Longzyme-Enzyme.jpg","datePublished":"2024-09-26T13:24:08+00:00","dateModified":"2025-12-16T08:18:23+00:00","description":"Longzyme\u00ae Glucoseoxidase CAS 9001-37-0 ist ein Schl\u00fcsselprodukt von Longchang Chemical. Wir bieten den besten Preis. Wir sind der f\u00fchrende Hersteller in China mit der besten Qualit\u00e4t und konkurrenzf\u00e4higem Preis. Anderer Name: D-Glucose-1-Oxidase; Notatin; Oxidaseglucose;\u00a0","breadcrumb":{"@id":"https:\/\/longchangchemical.com\/product\/glucose-oxidase-cas-9001-37-0\/#breadcrumb"},"inLanguage":"de","potentialAction":[{"@type":"ReadAction","target":["https:\/\/longchangchemical.com\/product\/glucose-oxidase-cas-9001-37-0\/"]}]},{"@type":"ImageObject","inLanguage":"de","@id":"https:\/\/longchangchemical.com\/product\/glucose-oxidase-cas-9001-37-0\/#primaryimage","url":"https:\/\/longchangchemical.com\/wp-content\/uploads\/2024\/09\/Longzyme-Enzyme.jpg","contentUrl":"https:\/\/longchangchemical.com\/wp-content\/uploads\/2024\/09\/Longzyme-Enzyme.jpg","width":800,"height":800,"caption":"Longzyme\u00ae Enzyme"},{"@type":"BreadcrumbList","@id":"https:\/\/longchangchemical.com\/product\/glucose-oxidase-cas-9001-37-0\/#breadcrumb","itemListElement":[{"@type":"ListItem","position":1,"name":"Home","item":"https:\/\/longchangchemical.com\/"},{"@type":"ListItem","position":2,"name":"Products Longchang","item":"https:\/\/longchangchemical.com\/product\/"},{"@type":"ListItem","position":3,"name":"Longzyme\u00ae Glucose oxidase CAS 9001-37-0"}]},{"@type":"WebSite","@id":"https:\/\/longchangchemical.com\/#website","url":"https:\/\/longchangchemical.com\/","name":"Longchang Chemical","description":"China Hersteller von Chemikalien \uff06 Lieferant","publisher":{"@id":"https:\/\/longchangchemical.com\/#organization"},"potentialAction":[{"@type":"SearchAction","target":{"@type":"EntryPoint","urlTemplate":"https:\/\/longchangchemical.com\/?s={search_term_string}"},"query-input":{"@type":"PropertyValueSpecification","valueRequired":true,"valueName":"search_term_string"}}],"inLanguage":"de"},{"@type":"Organization","@id":"https:\/\/longchangchemical.com\/#organization","name":"Longchang Chemical","url":"https:\/\/longchangchemical.com\/","logo":{"@type":"ImageObject","inLanguage":"de","@id":"https:\/\/longchangchemical.com\/#\/schema\/logo\/image\/","url":"https:\/\/longchangchemical.com\/wp-content\/uploads\/2020\/08\/cropped-longchang-logo.png","contentUrl":"https:\/\/longchangchemical.com\/wp-content\/uploads\/2020\/08\/cropped-longchang-logo.png","width":512,"height":512,"caption":"Longchang Chemical"},"image":{"@id":"https:\/\/longchangchemical.com\/#\/schema\/logo\/image\/"}}]}},"_links":{"self":[{"href":"https:\/\/longchangchemical.com\/de\/wp-json\/wp\/v2\/product\/7361","targetHints":{"allow":["GET"]}}],"collection":[{"href":"https:\/\/longchangchemical.com\/de\/wp-json\/wp\/v2\/product"}],"about":[{"href":"https:\/\/longchangchemical.com\/de\/wp-json\/wp\/v2\/types\/product"}],"replies":[{"embeddable":true,"href":"https:\/\/longchangchemical.com\/de\/wp-json\/wp\/v2\/comments?post=7361"}],"wp:featuredmedia":[{"embeddable":true,"href":"https:\/\/longchangchemical.com\/de\/wp-json\/wp\/v2\/media\/7374"}],"wp:attachment":[{"href":"https:\/\/longchangchemical.com\/de\/wp-json\/wp\/v2\/media?parent=7361"}],"wp:term":[{"taxonomy":"product_brand","embeddable":true,"href":"https:\/\/longchangchemical.com\/de\/wp-json\/wp\/v2\/product_brand?post=7361"},{"taxonomy":"product_cat","embeddable":true,"href":"https:\/\/longchangchemical.com\/de\/wp-json\/wp\/v2\/product_cat?post=7361"},{"taxonomy":"product_tag","embeddable":true,"href":"https:\/\/longchangchemical.com\/de\/wp-json\/wp\/v2\/product_tag?post=7361"}],"curies":[{"name":"wp","href":"https:\/\/api.w.org\/{rel}","templated":true}]}}