{"id":7341,"date":"2024-09-26T03:53:07","date_gmt":"2024-09-26T03:53:07","guid":{"rendered":"https:\/\/longchangchemical.com\/?post_type=product&#038;p=7341"},"modified":"2025-12-16T07:11:33","modified_gmt":"2025-12-16T07:11:33","slug":"tricyclodecenyl-propionate-cas-17511-60-3","status":"publish","type":"product","link":"https:\/\/longchangchemical.com\/de\/product\/tricyclodecenyl-propionate-cas-17511-60-3\/","title":{"rendered":"Tricyclodecenylpropionat CAS 17511-60-3"},"content":{"rendered":"<h1><strong>Tricyclodecenylpropionat CAS 17511-60-3<\/strong><\/h1>\n<p>Wird vor allem in Kosmetika, Seifen und Waschmitteln mit Zitrus-, Lavendel-, Blumen-, Frucht- und anderen Duftstoffen verwendet.<\/p>\n<h2><strong><b>Kontaktieren Sie uns jetzt!<\/b><\/strong><\/h2>\n<h4><strong><b>Wenn Sie einen Preis ben\u00f6tigen, tragen Sie bitte Ihre Kontaktdaten in das unten stehende Formular ein. Wir werden uns in der Regel innerhalb von 24 Stunden mit Ihnen in Verbindung setzen. Sie k\u00f6nnen mir auch mailen\u00a0<span style=\"color: #00ccff;\"><a style=\"color: #00ccff;\" href=\"mailto:info@longchangchemical.com\">info@longchangchemical.com<\/a><\/span>\u00a0w\u00e4hrend der Gesch\u00e4ftszeiten ( 8:30 bis 18:00 Uhr UTC+8 Mo.~Sa. ) oder nutzen Sie den Live-Chat auf der Website, um eine schnelle Antwort zu erhalten.<\/b><\/strong><\/h4>","protected":false},"excerpt":{"rendered":"<p>Molekulargewicht (g\/mol): 220<br \/>\n\u00c4u\u00dferes Erscheinungsbild: Farblose transparente Fl\u00fcssigkeit<br \/>\nInhalt %: \u226598<\/p>","protected":false},"featured_media":7353,"comment_status":"closed","ping_status":"closed","template":"","meta":[],"product_brand":[],"product_cat":[173],"product_tag":[],"class_list":{"0":"post-7341","1":"product","2":"type-product","3":"status-publish","4":"has-post-thumbnail","6":"product_cat-flavors-and-fragrances","8":"first","9":"instock","10":"shipping-taxable","11":"product-type-simple"},"yoast_head":"<!-- This site is optimized with the Yoast SEO plugin v25.3.1 - https:\/\/yoast.com\/wordpress\/plugins\/seo\/ -->\n<title>China Tricyclodecenyl Propionate CAS 17511-60-3 Manufacturer - Longchang Chemical<\/title>\n<meta name=\"description\" content=\"Tricyclodecenyl Propionate CAS 17511-60-3 is a key product of Longchang Chemical. We provide the best price. We are the leading manufacturer in China with the best quality and competitive price.\" \/>\n<meta name=\"robots\" content=\"index, follow, max-snippet:-1, max-image-preview:large, max-video-preview:-1\" \/>\n<link rel=\"canonical\" href=\"https:\/\/longchangchemical.com\/de\/product\/tricyclodecenyl-propionate-cas-17511-60-3\/\" \/>\n<meta property=\"og:locale\" content=\"de_DE\" \/>\n<meta property=\"og:type\" content=\"article\" \/>\n<meta property=\"og:title\" content=\"China Tricyclodecenyl Propionate CAS 17511-60-3 Manufacturer - Longchang Chemical\" \/>\n<meta property=\"og:description\" content=\"Tricyclodecenyl Propionate CAS 17511-60-3 is a key product of Longchang Chemical. We provide the best price. We are the leading manufacturer in China with the best quality and competitive price.\" \/>\n<meta property=\"og:url\" content=\"https:\/\/longchangchemical.com\/de\/product\/tricyclodecenyl-propionate-cas-17511-60-3\/\" \/>\n<meta property=\"og:site_name\" content=\"Longchang Chemical\" \/>\n<meta property=\"article:modified_time\" content=\"2025-12-16T07:11:33+00:00\" \/>\n<meta property=\"og:image\" content=\"https:\/\/longchangchemical.com\/wp-content\/uploads\/2024\/09\/Tricyclodecenyl-Propionate-CAS-17511-60-3.jpg\" \/>\n\t<meta property=\"og:image:width\" content=\"400\" \/>\n\t<meta property=\"og:image:height\" content=\"400\" \/>\n\t<meta property=\"og:image:type\" content=\"image\/jpeg\" \/>\n<meta name=\"twitter:card\" content=\"summary_large_image\" \/>\n<script type=\"application\/ld+json\" class=\"yoast-schema-graph\">{\"@context\":\"https:\/\/schema.org\",\"@graph\":[{\"@type\":\"WebPage\",\"@id\":\"https:\/\/longchangchemical.com\/product\/tricyclodecenyl-propionate-cas-17511-60-3\/\",\"url\":\"https:\/\/longchangchemical.com\/product\/tricyclodecenyl-propionate-cas-17511-60-3\/\",\"name\":\"China Tricyclodecenyl Propionate CAS 17511-60-3 Manufacturer - Longchang Chemical\",\"isPartOf\":{\"@id\":\"https:\/\/longchangchemical.com\/#website\"},\"primaryImageOfPage\":{\"@id\":\"https:\/\/longchangchemical.com\/product\/tricyclodecenyl-propionate-cas-17511-60-3\/#primaryimage\"},\"image\":{\"@id\":\"https:\/\/longchangchemical.com\/product\/tricyclodecenyl-propionate-cas-17511-60-3\/#primaryimage\"},\"thumbnailUrl\":\"https:\/\/longchangchemical.com\/wp-content\/uploads\/2024\/09\/Tricyclodecenyl-Propionate-CAS-17511-60-3.jpg\",\"datePublished\":\"2024-09-26T03:53:07+00:00\",\"dateModified\":\"2025-12-16T07:11:33+00:00\",\"description\":\"Tricyclodecenyl Propionate CAS 17511-60-3 is a key product of Longchang Chemical. We provide the best price. We are the leading manufacturer in China with the best quality and competitive price.\",\"breadcrumb\":{\"@id\":\"https:\/\/longchangchemical.com\/product\/tricyclodecenyl-propionate-cas-17511-60-3\/#breadcrumb\"},\"inLanguage\":\"de\",\"potentialAction\":[{\"@type\":\"ReadAction\",\"target\":[\"https:\/\/longchangchemical.com\/product\/tricyclodecenyl-propionate-cas-17511-60-3\/\"]}]},{\"@type\":\"ImageObject\",\"inLanguage\":\"de\",\"@id\":\"https:\/\/longchangchemical.com\/product\/tricyclodecenyl-propionate-cas-17511-60-3\/#primaryimage\",\"url\":\"https:\/\/longchangchemical.com\/wp-content\/uploads\/2024\/09\/Tricyclodecenyl-Propionate-CAS-17511-60-3.jpg\",\"contentUrl\":\"https:\/\/longchangchemical.com\/wp-content\/uploads\/2024\/09\/Tricyclodecenyl-Propionate-CAS-17511-60-3.jpg\",\"width\":400,\"height\":400,\"caption\":\"Tricyclodecenyl Propionate CAS 17511-60-3\"},{\"@type\":\"BreadcrumbList\",\"@id\":\"https:\/\/longchangchemical.com\/product\/tricyclodecenyl-propionate-cas-17511-60-3\/#breadcrumb\",\"itemListElement\":[{\"@type\":\"ListItem\",\"position\":1,\"name\":\"Home\",\"item\":\"https:\/\/longchangchemical.com\/\"},{\"@type\":\"ListItem\",\"position\":2,\"name\":\"Products Longchang\",\"item\":\"https:\/\/longchangchemical.com\/product\/\"},{\"@type\":\"ListItem\",\"position\":3,\"name\":\"Tricyclodecenyl Propionate CAS 17511-60-3\"}]},{\"@type\":\"WebSite\",\"@id\":\"https:\/\/longchangchemical.com\/#website\",\"url\":\"https:\/\/longchangchemical.com\/\",\"name\":\"Longchang Chemical\",\"description\":\"China chemical manufacturer \uff06 supplier\",\"publisher\":{\"@id\":\"https:\/\/longchangchemical.com\/#organization\"},\"potentialAction\":[{\"@type\":\"SearchAction\",\"target\":{\"@type\":\"EntryPoint\",\"urlTemplate\":\"https:\/\/longchangchemical.com\/?s={search_term_string}\"},\"query-input\":{\"@type\":\"PropertyValueSpecification\",\"valueRequired\":true,\"valueName\":\"search_term_string\"}}],\"inLanguage\":\"de\"},{\"@type\":\"Organization\",\"@id\":\"https:\/\/longchangchemical.com\/#organization\",\"name\":\"Longchang Chemical\",\"url\":\"https:\/\/longchangchemical.com\/\",\"logo\":{\"@type\":\"ImageObject\",\"inLanguage\":\"de\",\"@id\":\"https:\/\/longchangchemical.com\/#\/schema\/logo\/image\/\",\"url\":\"https:\/\/longchangchemical.com\/wp-content\/uploads\/2020\/08\/cropped-longchang-logo.png\",\"contentUrl\":\"https:\/\/longchangchemical.com\/wp-content\/uploads\/2020\/08\/cropped-longchang-logo.png\",\"width\":512,\"height\":512,\"caption\":\"Longchang Chemical\"},\"image\":{\"@id\":\"https:\/\/longchangchemical.com\/#\/schema\/logo\/image\/\"}}]}<\/script>\n<!-- \/ Yoast SEO plugin. -->","yoast_head_json":{"title":"China Tricyclodecenylpropionat CAS 17511-60-3 Hersteller - Longchang Chemical","description":"Tricyclodecenylpropionat CAS 17511-60-3 ist ein Schl\u00fcsselprodukt von Longchang Chemical. Wir bieten den besten Preis. Wir sind der f\u00fchrende Hersteller in China mit der besten Qualit\u00e4t und konkurrenzf\u00e4higem Preis.","robots":{"index":"index","follow":"follow","max-snippet":"max-snippet:-1","max-image-preview":"max-image-preview:large","max-video-preview":"max-video-preview:-1"},"canonical":"https:\/\/longchangchemical.com\/de\/product\/tricyclodecenyl-propionate-cas-17511-60-3\/","og_locale":"de_DE","og_type":"article","og_title":"China Tricyclodecenyl Propionate CAS 17511-60-3 Manufacturer - Longchang Chemical","og_description":"Tricyclodecenyl Propionate CAS 17511-60-3 is a key product of Longchang Chemical. We provide the best price. We are the leading manufacturer in China with the best quality and competitive price.","og_url":"https:\/\/longchangchemical.com\/de\/product\/tricyclodecenyl-propionate-cas-17511-60-3\/","og_site_name":"Longchang Chemical","article_modified_time":"2025-12-16T07:11:33+00:00","og_image":[{"width":400,"height":400,"url":"https:\/\/longchangchemical.com\/wp-content\/uploads\/2024\/09\/Tricyclodecenyl-Propionate-CAS-17511-60-3.jpg","type":"image\/jpeg"}],"twitter_card":"summary_large_image","schema":{"@context":"https:\/\/schema.org","@graph":[{"@type":"WebPage","@id":"https:\/\/longchangchemical.com\/product\/tricyclodecenyl-propionate-cas-17511-60-3\/","url":"https:\/\/longchangchemical.com\/product\/tricyclodecenyl-propionate-cas-17511-60-3\/","name":"China Tricyclodecenylpropionat CAS 17511-60-3 Hersteller - Longchang Chemical","isPartOf":{"@id":"https:\/\/longchangchemical.com\/#website"},"primaryImageOfPage":{"@id":"https:\/\/longchangchemical.com\/product\/tricyclodecenyl-propionate-cas-17511-60-3\/#primaryimage"},"image":{"@id":"https:\/\/longchangchemical.com\/product\/tricyclodecenyl-propionate-cas-17511-60-3\/#primaryimage"},"thumbnailUrl":"https:\/\/longchangchemical.com\/wp-content\/uploads\/2024\/09\/Tricyclodecenyl-Propionate-CAS-17511-60-3.jpg","datePublished":"2024-09-26T03:53:07+00:00","dateModified":"2025-12-16T07:11:33+00:00","description":"Tricyclodecenylpropionat CAS 17511-60-3 ist ein Schl\u00fcsselprodukt von Longchang Chemical. Wir bieten den besten Preis. Wir sind der f\u00fchrende Hersteller in China mit der besten Qualit\u00e4t und konkurrenzf\u00e4higem Preis.","breadcrumb":{"@id":"https:\/\/longchangchemical.com\/product\/tricyclodecenyl-propionate-cas-17511-60-3\/#breadcrumb"},"inLanguage":"de","potentialAction":[{"@type":"ReadAction","target":["https:\/\/longchangchemical.com\/product\/tricyclodecenyl-propionate-cas-17511-60-3\/"]}]},{"@type":"ImageObject","inLanguage":"de","@id":"https:\/\/longchangchemical.com\/product\/tricyclodecenyl-propionate-cas-17511-60-3\/#primaryimage","url":"https:\/\/longchangchemical.com\/wp-content\/uploads\/2024\/09\/Tricyclodecenyl-Propionate-CAS-17511-60-3.jpg","contentUrl":"https:\/\/longchangchemical.com\/wp-content\/uploads\/2024\/09\/Tricyclodecenyl-Propionate-CAS-17511-60-3.jpg","width":400,"height":400,"caption":"Tricyclodecenyl Propionate CAS 17511-60-3"},{"@type":"BreadcrumbList","@id":"https:\/\/longchangchemical.com\/product\/tricyclodecenyl-propionate-cas-17511-60-3\/#breadcrumb","itemListElement":[{"@type":"ListItem","position":1,"name":"Home","item":"https:\/\/longchangchemical.com\/"},{"@type":"ListItem","position":2,"name":"Products Longchang","item":"https:\/\/longchangchemical.com\/product\/"},{"@type":"ListItem","position":3,"name":"Tricyclodecenyl Propionate CAS 17511-60-3"}]},{"@type":"WebSite","@id":"https:\/\/longchangchemical.com\/#website","url":"https:\/\/longchangchemical.com\/","name":"Longchang Chemical","description":"China Hersteller von Chemikalien \uff06 Lieferant","publisher":{"@id":"https:\/\/longchangchemical.com\/#organization"},"potentialAction":[{"@type":"SearchAction","target":{"@type":"EntryPoint","urlTemplate":"https:\/\/longchangchemical.com\/?s={search_term_string}"},"query-input":{"@type":"PropertyValueSpecification","valueRequired":true,"valueName":"search_term_string"}}],"inLanguage":"de"},{"@type":"Organization","@id":"https:\/\/longchangchemical.com\/#organization","name":"Longchang Chemical","url":"https:\/\/longchangchemical.com\/","logo":{"@type":"ImageObject","inLanguage":"de","@id":"https:\/\/longchangchemical.com\/#\/schema\/logo\/image\/","url":"https:\/\/longchangchemical.com\/wp-content\/uploads\/2020\/08\/cropped-longchang-logo.png","contentUrl":"https:\/\/longchangchemical.com\/wp-content\/uploads\/2020\/08\/cropped-longchang-logo.png","width":512,"height":512,"caption":"Longchang Chemical"},"image":{"@id":"https:\/\/longchangchemical.com\/#\/schema\/logo\/image\/"}}]}},"_links":{"self":[{"href":"https:\/\/longchangchemical.com\/de\/wp-json\/wp\/v2\/product\/7341","targetHints":{"allow":["GET"]}}],"collection":[{"href":"https:\/\/longchangchemical.com\/de\/wp-json\/wp\/v2\/product"}],"about":[{"href":"https:\/\/longchangchemical.com\/de\/wp-json\/wp\/v2\/types\/product"}],"replies":[{"embeddable":true,"href":"https:\/\/longchangchemical.com\/de\/wp-json\/wp\/v2\/comments?post=7341"}],"wp:featuredmedia":[{"embeddable":true,"href":"https:\/\/longchangchemical.com\/de\/wp-json\/wp\/v2\/media\/7353"}],"wp:attachment":[{"href":"https:\/\/longchangchemical.com\/de\/wp-json\/wp\/v2\/media?parent=7341"}],"wp:term":[{"taxonomy":"product_brand","embeddable":true,"href":"https:\/\/longchangchemical.com\/de\/wp-json\/wp\/v2\/product_brand?post=7341"},{"taxonomy":"product_cat","embeddable":true,"href":"https:\/\/longchangchemical.com\/de\/wp-json\/wp\/v2\/product_cat?post=7341"},{"taxonomy":"product_tag","embeddable":true,"href":"https:\/\/longchangchemical.com\/de\/wp-json\/wp\/v2\/product_tag?post=7341"}],"curies":[{"name":"wp","href":"https:\/\/api.w.org\/{rel}","templated":true}]}}