{"id":7340,"date":"2024-09-26T02:49:32","date_gmt":"2024-09-26T02:49:32","guid":{"rendered":"https:\/\/longchangchemical.com\/?post_type=product&#038;p=7340"},"modified":"2024-09-26T02:49:32","modified_gmt":"2024-09-26T02:49:32","slug":"tricyclodecnyl-acetate-cas-5413-60-5","status":"publish","type":"product","link":"https:\/\/longchangchemical.com\/de\/product\/tricyclodecnyl-acetate-cas-5413-60-5\/","title":{"rendered":"Tricyclodecnylacetat CAS 5413-60-5"},"content":{"rendered":"<h1><strong>Tricyclodecnylacetat CAS 5413-60-5<\/strong><\/h1>\n<table>\n<tbody>\n<tr>\n<td width=\"284\"><strong>ITEMS<\/strong><\/td>\n<td width=\"284\"><strong>SPEZIFIKATION<\/strong><\/td>\n<\/tr>\n<tr>\n<td width=\"284\">Dichte<\/td>\n<td width=\"284\">1.0240<\/td>\n<\/tr>\n<tr>\n<td width=\"284\">Siedepunkt<\/td>\n<td width=\"284\">288.25\u00b0C<\/td>\n<\/tr>\n<tr>\n<td width=\"284\">Erscheinungsbild<\/td>\n<td width=\"284\">Farblose viskose Fl\u00fcssigkeit<\/td>\n<\/tr>\n<tr>\n<td width=\"284\">Geruch<\/td>\n<td width=\"284\">Blumiger, holziger Duft<\/td>\n<\/tr>\n<\/tbody>\n<\/table>\n<p><strong><b>\u00a0<\/b><\/strong><\/p>\n<p><strong><b>Tricyclodecnylacetat<\/b><\/strong><strong><b>\u00a0Anwendung:<\/b><\/strong><\/p>\n<p>1. Weit verbreitet in Seife, Waschmittel, Lufterfrischer Geschmack Formel verwendet. Gilt auch f\u00fcr die Gardenie, die Glocke Orchidee, der Flieder, der Jasmin, die vegetarische Herz-Orchidee, die duftende Wicke, der Lavendel, die Aldehyde Duft - der Holz-Duft, der klare Duft - der fruchtige Duft und die moderne neue Aroma-Typ-Duft, wie die Verwendung angemessen ist, kann die sehr gute Aroma-Effekt zu erhalten und zeigt das besondere Aroma. Kann nicht als essbares Aroma verwendet werden.<\/p>\n<p>2, die Modulation von Lavendel, Holz, Fuchsia, Suzin Orchid und andere aromatische Aromen, in der Kosmetik verwendet werden; aufgrund der Stabilit\u00e4t des alkalischen Mediums, kann als Seife oder Waschmittel D\u00fcfte verwendet werden.<\/p>\n<p><strong><b>Tricyclodecnylacetat<\/b><\/strong><strong><b>\u00a0<\/b><\/strong><strong><b>Verpackung und Versand<\/b><\/strong><strong><b>\u00a0<\/b><\/strong><\/p>\n<p>nach den Bed\u00fcrfnissen der Kunden angepasst.<\/p>\n<p><strong><b>Tricyclodecnylacetat<\/b><\/strong><strong><b>\u00a0Lagerung<\/b><\/strong><\/p>\n<p>Es sollte an einem sauberen, trockenen und k\u00fchlen Ort gelagert werden, der vor Sonnenlicht und Regen gesch\u00fctzt ist.<\/p>\n<h2><strong><b>Kontaktieren Sie uns jetzt!<\/b><\/strong><\/h2>\n<h4><strong><b>Wenn Sie einen Preis ben\u00f6tigen, tragen Sie bitte Ihre Kontaktdaten in das unten stehende Formular ein. Wir werden uns in der Regel innerhalb von 24 Stunden mit Ihnen in Verbindung setzen. Sie k\u00f6nnen mir auch mailen\u00a0<span style=\"color: #00ccff;\"><a style=\"color: #00ccff;\" href=\"mailto:info@longchangchemical.com\">info@longchangchemical.com<\/a><\/span>\u00a0w\u00e4hrend der Gesch\u00e4ftszeiten ( 8:30 bis 18:00 Uhr UTC+8 Mo.~Sa. ) oder nutzen Sie den Live-Chat auf der Website, um eine schnelle Antwort zu erhalten.<\/b><\/strong><\/h4>","protected":false},"excerpt":{"rendered":"<p>Chemische Bezeichnung:Tricyclodecnylacetat<\/p>\n<p>CAS-Nr.: 5413-60-5<\/p>\n<p>\u00c4u\u00dferes Erscheinungsbild: Farblose bis hellgelbe viskose Fl\u00fcssigkeit<\/p>\n<p>Assay\uff1a\u226597.0%<\/p>","protected":false},"featured_media":7350,"comment_status":"closed","ping_status":"closed","template":"","meta":[],"product_brand":[],"product_cat":[173],"product_tag":[],"class_list":{"0":"post-7340","1":"product","2":"type-product","3":"status-publish","4":"has-post-thumbnail","6":"product_cat-flavors-and-fragrances","8":"first","9":"instock","10":"shipping-taxable","11":"product-type-simple"},"yoast_head":"<!-- This site is optimized with the Yoast SEO plugin v25.3.1 - https:\/\/yoast.com\/wordpress\/plugins\/seo\/ -->\n<title>China Tricyclodecnyl Acetate CAS 5413-60-5 Manufacturer - Longchang Chemical<\/title>\n<meta name=\"description\" content=\"Tricyclodecnyl Acetate CAS 5413-60-5 is a key product of Longchang Chemical. We provide the best price. We are the leading manufacturer in China with the best quality and competitive price.\" \/>\n<meta name=\"robots\" content=\"index, follow, max-snippet:-1, max-image-preview:large, max-video-preview:-1\" \/>\n<link rel=\"canonical\" href=\"https:\/\/longchangchemical.com\/de\/product\/tricyclodecnyl-acetate-cas-5413-60-5\/\" \/>\n<meta property=\"og:locale\" content=\"de_DE\" \/>\n<meta property=\"og:type\" content=\"article\" \/>\n<meta property=\"og:title\" content=\"China Tricyclodecnyl Acetate CAS 5413-60-5 Manufacturer - Longchang Chemical\" \/>\n<meta property=\"og:description\" content=\"Tricyclodecnyl Acetate CAS 5413-60-5 is a key product of Longchang Chemical. We provide the best price. We are the leading manufacturer in China with the best quality and competitive price.\" \/>\n<meta property=\"og:url\" content=\"https:\/\/longchangchemical.com\/de\/product\/tricyclodecnyl-acetate-cas-5413-60-5\/\" \/>\n<meta property=\"og:site_name\" content=\"Longchang Chemical\" \/>\n<meta property=\"og:image\" content=\"https:\/\/longchangchemical.com\/wp-content\/uploads\/2024\/09\/Tricyclodecnyl-Acetate-CAS-5413-60-5.jpg\" \/>\n\t<meta property=\"og:image:width\" content=\"400\" \/>\n\t<meta property=\"og:image:height\" content=\"400\" \/>\n\t<meta property=\"og:image:type\" content=\"image\/jpeg\" \/>\n<meta name=\"twitter:card\" content=\"summary_large_image\" \/>\n<script type=\"application\/ld+json\" class=\"yoast-schema-graph\">{\"@context\":\"https:\/\/schema.org\",\"@graph\":[{\"@type\":\"WebPage\",\"@id\":\"https:\/\/longchangchemical.com\/product\/tricyclodecnyl-acetate-cas-5413-60-5\/\",\"url\":\"https:\/\/longchangchemical.com\/product\/tricyclodecnyl-acetate-cas-5413-60-5\/\",\"name\":\"China Tricyclodecnyl Acetate CAS 5413-60-5 Manufacturer - Longchang Chemical\",\"isPartOf\":{\"@id\":\"https:\/\/longchangchemical.com\/#website\"},\"primaryImageOfPage\":{\"@id\":\"https:\/\/longchangchemical.com\/product\/tricyclodecnyl-acetate-cas-5413-60-5\/#primaryimage\"},\"image\":{\"@id\":\"https:\/\/longchangchemical.com\/product\/tricyclodecnyl-acetate-cas-5413-60-5\/#primaryimage\"},\"thumbnailUrl\":\"https:\/\/longchangchemical.com\/wp-content\/uploads\/2024\/09\/Tricyclodecnyl-Acetate-CAS-5413-60-5.jpg\",\"datePublished\":\"2024-09-26T02:49:32+00:00\",\"description\":\"Tricyclodecnyl Acetate CAS 5413-60-5 is a key product of Longchang Chemical. We provide the best price. We are the leading manufacturer in China with the best quality and competitive price.\",\"breadcrumb\":{\"@id\":\"https:\/\/longchangchemical.com\/product\/tricyclodecnyl-acetate-cas-5413-60-5\/#breadcrumb\"},\"inLanguage\":\"de\",\"potentialAction\":[{\"@type\":\"ReadAction\",\"target\":[\"https:\/\/longchangchemical.com\/product\/tricyclodecnyl-acetate-cas-5413-60-5\/\"]}]},{\"@type\":\"ImageObject\",\"inLanguage\":\"de\",\"@id\":\"https:\/\/longchangchemical.com\/product\/tricyclodecnyl-acetate-cas-5413-60-5\/#primaryimage\",\"url\":\"https:\/\/longchangchemical.com\/wp-content\/uploads\/2024\/09\/Tricyclodecnyl-Acetate-CAS-5413-60-5.jpg\",\"contentUrl\":\"https:\/\/longchangchemical.com\/wp-content\/uploads\/2024\/09\/Tricyclodecnyl-Acetate-CAS-5413-60-5.jpg\",\"width\":400,\"height\":400,\"caption\":\"Tricyclodecnyl Acetate CAS 5413-60-5\"},{\"@type\":\"BreadcrumbList\",\"@id\":\"https:\/\/longchangchemical.com\/product\/tricyclodecnyl-acetate-cas-5413-60-5\/#breadcrumb\",\"itemListElement\":[{\"@type\":\"ListItem\",\"position\":1,\"name\":\"Home\",\"item\":\"https:\/\/longchangchemical.com\/\"},{\"@type\":\"ListItem\",\"position\":2,\"name\":\"Products Longchang\",\"item\":\"https:\/\/longchangchemical.com\/product\/\"},{\"@type\":\"ListItem\",\"position\":3,\"name\":\"Tricyclodecnyl Acetate CAS 5413-60-5\"}]},{\"@type\":\"WebSite\",\"@id\":\"https:\/\/longchangchemical.com\/#website\",\"url\":\"https:\/\/longchangchemical.com\/\",\"name\":\"Longchang Chemical\",\"description\":\"China chemical manufacturer \uff06 supplier\",\"publisher\":{\"@id\":\"https:\/\/longchangchemical.com\/#organization\"},\"potentialAction\":[{\"@type\":\"SearchAction\",\"target\":{\"@type\":\"EntryPoint\",\"urlTemplate\":\"https:\/\/longchangchemical.com\/?s={search_term_string}\"},\"query-input\":{\"@type\":\"PropertyValueSpecification\",\"valueRequired\":true,\"valueName\":\"search_term_string\"}}],\"inLanguage\":\"de\"},{\"@type\":\"Organization\",\"@id\":\"https:\/\/longchangchemical.com\/#organization\",\"name\":\"Longchang Chemical\",\"url\":\"https:\/\/longchangchemical.com\/\",\"logo\":{\"@type\":\"ImageObject\",\"inLanguage\":\"de\",\"@id\":\"https:\/\/longchangchemical.com\/#\/schema\/logo\/image\/\",\"url\":\"https:\/\/longchangchemical.com\/wp-content\/uploads\/2020\/08\/cropped-longchang-logo.png\",\"contentUrl\":\"https:\/\/longchangchemical.com\/wp-content\/uploads\/2020\/08\/cropped-longchang-logo.png\",\"width\":512,\"height\":512,\"caption\":\"Longchang Chemical\"},\"image\":{\"@id\":\"https:\/\/longchangchemical.com\/#\/schema\/logo\/image\/\"}}]}<\/script>\n<!-- \/ Yoast SEO plugin. -->","yoast_head_json":{"title":"China Tricyclodecnylacetat CAS 5413-60-5 Hersteller - Longchang Chemical","description":"Tricyclodecnylacetat CAS 5413-60-5 ist ein Schl\u00fcsselprodukt von Longchang Chemical. Wir bieten den besten Preis. Wir sind der f\u00fchrende Hersteller in China mit der besten Qualit\u00e4t und konkurrenzf\u00e4higem Preis.","robots":{"index":"index","follow":"follow","max-snippet":"max-snippet:-1","max-image-preview":"max-image-preview:large","max-video-preview":"max-video-preview:-1"},"canonical":"https:\/\/longchangchemical.com\/de\/product\/tricyclodecnyl-acetate-cas-5413-60-5\/","og_locale":"de_DE","og_type":"article","og_title":"China Tricyclodecnyl Acetate CAS 5413-60-5 Manufacturer - Longchang Chemical","og_description":"Tricyclodecnyl Acetate CAS 5413-60-5 is a key product of Longchang Chemical. We provide the best price. We are the leading manufacturer in China with the best quality and competitive price.","og_url":"https:\/\/longchangchemical.com\/de\/product\/tricyclodecnyl-acetate-cas-5413-60-5\/","og_site_name":"Longchang Chemical","og_image":[{"width":400,"height":400,"url":"https:\/\/longchangchemical.com\/wp-content\/uploads\/2024\/09\/Tricyclodecnyl-Acetate-CAS-5413-60-5.jpg","type":"image\/jpeg"}],"twitter_card":"summary_large_image","schema":{"@context":"https:\/\/schema.org","@graph":[{"@type":"WebPage","@id":"https:\/\/longchangchemical.com\/product\/tricyclodecnyl-acetate-cas-5413-60-5\/","url":"https:\/\/longchangchemical.com\/product\/tricyclodecnyl-acetate-cas-5413-60-5\/","name":"China Tricyclodecnylacetat CAS 5413-60-5 Hersteller - Longchang Chemical","isPartOf":{"@id":"https:\/\/longchangchemical.com\/#website"},"primaryImageOfPage":{"@id":"https:\/\/longchangchemical.com\/product\/tricyclodecnyl-acetate-cas-5413-60-5\/#primaryimage"},"image":{"@id":"https:\/\/longchangchemical.com\/product\/tricyclodecnyl-acetate-cas-5413-60-5\/#primaryimage"},"thumbnailUrl":"https:\/\/longchangchemical.com\/wp-content\/uploads\/2024\/09\/Tricyclodecnyl-Acetate-CAS-5413-60-5.jpg","datePublished":"2024-09-26T02:49:32+00:00","description":"Tricyclodecnylacetat CAS 5413-60-5 ist ein Schl\u00fcsselprodukt von Longchang Chemical. Wir bieten den besten Preis. Wir sind der f\u00fchrende Hersteller in China mit der besten Qualit\u00e4t und konkurrenzf\u00e4higem Preis.","breadcrumb":{"@id":"https:\/\/longchangchemical.com\/product\/tricyclodecnyl-acetate-cas-5413-60-5\/#breadcrumb"},"inLanguage":"de","potentialAction":[{"@type":"ReadAction","target":["https:\/\/longchangchemical.com\/product\/tricyclodecnyl-acetate-cas-5413-60-5\/"]}]},{"@type":"ImageObject","inLanguage":"de","@id":"https:\/\/longchangchemical.com\/product\/tricyclodecnyl-acetate-cas-5413-60-5\/#primaryimage","url":"https:\/\/longchangchemical.com\/wp-content\/uploads\/2024\/09\/Tricyclodecnyl-Acetate-CAS-5413-60-5.jpg","contentUrl":"https:\/\/longchangchemical.com\/wp-content\/uploads\/2024\/09\/Tricyclodecnyl-Acetate-CAS-5413-60-5.jpg","width":400,"height":400,"caption":"Tricyclodecnyl Acetate CAS 5413-60-5"},{"@type":"BreadcrumbList","@id":"https:\/\/longchangchemical.com\/product\/tricyclodecnyl-acetate-cas-5413-60-5\/#breadcrumb","itemListElement":[{"@type":"ListItem","position":1,"name":"Home","item":"https:\/\/longchangchemical.com\/"},{"@type":"ListItem","position":2,"name":"Products Longchang","item":"https:\/\/longchangchemical.com\/product\/"},{"@type":"ListItem","position":3,"name":"Tricyclodecnyl Acetate CAS 5413-60-5"}]},{"@type":"WebSite","@id":"https:\/\/longchangchemical.com\/#website","url":"https:\/\/longchangchemical.com\/","name":"Longchang Chemical","description":"China Hersteller von Chemikalien \uff06 Lieferant","publisher":{"@id":"https:\/\/longchangchemical.com\/#organization"},"potentialAction":[{"@type":"SearchAction","target":{"@type":"EntryPoint","urlTemplate":"https:\/\/longchangchemical.com\/?s={search_term_string}"},"query-input":{"@type":"PropertyValueSpecification","valueRequired":true,"valueName":"search_term_string"}}],"inLanguage":"de"},{"@type":"Organization","@id":"https:\/\/longchangchemical.com\/#organization","name":"Longchang Chemical","url":"https:\/\/longchangchemical.com\/","logo":{"@type":"ImageObject","inLanguage":"de","@id":"https:\/\/longchangchemical.com\/#\/schema\/logo\/image\/","url":"https:\/\/longchangchemical.com\/wp-content\/uploads\/2020\/08\/cropped-longchang-logo.png","contentUrl":"https:\/\/longchangchemical.com\/wp-content\/uploads\/2020\/08\/cropped-longchang-logo.png","width":512,"height":512,"caption":"Longchang Chemical"},"image":{"@id":"https:\/\/longchangchemical.com\/#\/schema\/logo\/image\/"}}]}},"_links":{"self":[{"href":"https:\/\/longchangchemical.com\/de\/wp-json\/wp\/v2\/product\/7340","targetHints":{"allow":["GET"]}}],"collection":[{"href":"https:\/\/longchangchemical.com\/de\/wp-json\/wp\/v2\/product"}],"about":[{"href":"https:\/\/longchangchemical.com\/de\/wp-json\/wp\/v2\/types\/product"}],"replies":[{"embeddable":true,"href":"https:\/\/longchangchemical.com\/de\/wp-json\/wp\/v2\/comments?post=7340"}],"wp:featuredmedia":[{"embeddable":true,"href":"https:\/\/longchangchemical.com\/de\/wp-json\/wp\/v2\/media\/7350"}],"wp:attachment":[{"href":"https:\/\/longchangchemical.com\/de\/wp-json\/wp\/v2\/media?parent=7340"}],"wp:term":[{"taxonomy":"product_brand","embeddable":true,"href":"https:\/\/longchangchemical.com\/de\/wp-json\/wp\/v2\/product_brand?post=7340"},{"taxonomy":"product_cat","embeddable":true,"href":"https:\/\/longchangchemical.com\/de\/wp-json\/wp\/v2\/product_cat?post=7340"},{"taxonomy":"product_tag","embeddable":true,"href":"https:\/\/longchangchemical.com\/de\/wp-json\/wp\/v2\/product_tag?post=7340"}],"curies":[{"name":"wp","href":"https:\/\/api.w.org\/{rel}","templated":true}]}}