{"id":7309,"date":"2024-09-04T09:21:19","date_gmt":"2024-09-04T09:21:19","guid":{"rendered":"https:\/\/longchangchemical.com\/?post_type=product&#038;p=7309"},"modified":"2025-12-16T08:30:07","modified_gmt":"2025-12-16T08:30:07","slug":"catalase-cas-9001-05-2","status":"publish","type":"product","link":"https:\/\/longchangchemical.com\/de\/product\/catalase-cas-9001-05-2\/","title":{"rendered":"Longzyme\u00ae Katalase CAS 9001-05-2"},"content":{"rendered":"<h1><strong>Longzyme\u00ae Katalase CAS 9001-05-2<\/strong><\/h1>\n<p>&nbsp;<\/p>\n<p>Das Wasserstoffperoxid-Enzym verwendet Wasserstoffperoxid als spezifisches Substrat und katalysiert die \u00dcbertragung eines Elektronenpaares, wodurch es schlie\u00dflich zu Wasser und Sauerstoff abgebaut wird. Produktmerkmale<br \/>\n1, Temperaturbereich: effektive Temperaturbereich 20-60 \u2103 \u2103, der optimale Temperaturbereich 40-55 \u2103.<br \/>\n2, pH-Bereich: effektiver pH-Bereich 5,0-9,5, optimaler pH-Bereich 6,0-8,0.<br \/>\n3\u3001Auswirkungen von Metallionen auf die Enzymaktivit\u00e4t: Hg'NY, CU, Fe haben eine hemmende Wirkung auf Katalase; niedrige Konzentrationen von A1, Zn, Mg, Ca haben keine Wirkung auf die Enzymaktivit\u00e4t.<\/p>\n<p>Eigenschaften des Produkts<\/p>\n<p>1\u3001Produktspezifikation: fl\u00fcssig Typ 50000, 200000u\/mL. Fl\u00fcssiges Enzym pH(25\u2103\u2103):6.0-7.0, Kapazit\u00e4t:\u22641.25g\/mL.<br \/>\n2, Enzymaktivit\u00e4t Definition: in PH7.0, 30 \u2103 Bedingungen, 1min Zersetzung von 1umol Wasserstoffperoxid Enzym f\u00fcr die Definition einer Einheit der Aktivit\u00e4t erforderlich, ausgedr\u00fcckt in u \/ mL.<\/p>\n<p>Methode der Anwendung<\/p>\n<p>1, in der Textilindustrie kann das Enzym das restliche Wasserstoffperoxid nach dem Bleichen entfernen, um den Prozess zu verk\u00fcrzen, Energieeinsparung, Wassereinsparung, reduzieren die Verschmutzung der Umwelt. Empfohlene Dosierung 0.3-5mL\/L (Enzymaktivit\u00e4t von 50000u\/mL, das gleiche unten), geeignete Reaktionsbedingungen f\u00fcr 10-30min.<br \/>\n2, Lebensmittel-und Frischmilchkonservierung Industrie, ist das Enzym verwendet werden, um restliche Wasserstoffperoxid zu entfernen, die empfohlene Dosierung von 50-150mL\/t frische Rohstoffe, 30-45 \u2103 W\u00e4rmekonservierung 10-30min, nicht den pH-Wert einstellen.<br \/>\n3\u3001Bierlagerung und Natriumgluconat-Industrie: Das Enzym muss in Verbindung mit Glucoseoxidase verwendet werden, um Sauerstoff im Bier zu entfernen und Glucose in Glucons\u00e4ure umzuwandeln. In der Bierindustrie betr\u00e4gt die Dosierung des Enzyms 20-100 ml\/t Bier, gelagert bei Raumtemperatur. In der Natriumgluconat-Industrie betr\u00e4gt die Enzymdosierung 2000-6000mL\/t Trockensubstanz, Konzentration 30-35%, PH-Einstellung von 5,5 oder so, 30-55 \u00b0 C Umwandlung von etwa 30 Stunden.<br \/>\n4, Zellstoff-und Papierindustrie, das Enzym wird verwendet, um die restlichen Wasserstoffperoxid nach dem Bleichen Zellstoff zu entfernen. Empfohlene Dosierung 100-300mL\/t absolut trockenen Zellstoff, 40-60 \u00b0 C Behandlung f\u00fcr ca. 30min, ohne Anpassung des pH-Wertes.<\/p>\n<p>Verpackung und Lagerung<\/p>\n<p>Verpackt im Plastikfass, 25kg\/Fass. Dieses Produkt ist eine biologisch aktive Substanz, hohe Temperaturen, starke S\u00e4uren und Laugen f\u00fchren zu einer Inaktivierung des Enzyms, so dass w\u00e4hrend des Transports und der Lagerung Sonneneinstrahlung vermieden werden sollte. Das Lager sollte sauber, k\u00fchl und trocken gehalten werden.<\/p>\n<h2><strong>Anderer Name:<\/strong><\/h2>\n<p>Caperase;<\/p>\n<p>Equilase;<\/p>\n<p>Fungalcatalase;<\/p>\n<p>Optidase;<\/p>\n<h2><strong><b>Kontaktieren Sie uns jetzt!<\/b><\/strong><\/h2>\n<h4><strong><b>Wenn Sie einen Preis ben\u00f6tigen, tragen Sie bitte Ihre Kontaktdaten in das unten stehende Formular ein. Wir werden uns in der Regel innerhalb von 24 Stunden mit Ihnen in Verbindung setzen. Sie k\u00f6nnen mir auch mailen\u00a0<span style=\"color: #00ccff;\"><a style=\"color: #00ccff;\" href=\"mailto:info@longchangchemical.com\">info@longchangchemical.com<\/a><\/span>\u00a0w\u00e4hrend der Gesch\u00e4ftszeiten ( 8:30 bis 18:00 Uhr UTC+8 Mo.~Sa. ) oder nutzen Sie den Live-Chat auf der Website, um eine schnelle Antwort zu erhalten.<\/b><\/strong><\/h4>\n<table style=\"border-collapse: collapse; width: 326.27pt;\" border=\"0\" width=\"435\" cellspacing=\"0\" cellpadding=\"0\">\n<tbody>\n<tr style=\"height: 13.50pt;\">\n<td class=\"et2\" style=\"height: 13.50pt; width: 164.25pt;\" width=\"219\" height=\"18\"><a href=\"https:\/\/longchangchemical.com\/de\/product\/compound-glucoamylase-cas-9032-08-0\/\"><span style=\"color: #00ccff;\">Verbindung Glucoamylase<\/span><\/a><\/td>\n<td class=\"et2\" style=\"width: 162.00pt;\" width=\"216\">9032-08-0<\/td>\n<\/tr>\n<tr style=\"height: 13.50pt;\">\n<td class=\"et2\" style=\"height: 13.50pt;\" height=\"18\"><a href=\"https:\/\/longchangchemical.com\/de\/product\/pullulanase-cas-9075-68-7\/\"><span style=\"color: #00ccff;\">Pullulanase<\/span><\/a><\/td>\n<td class=\"et2\">9075-68-7<\/td>\n<\/tr>\n<tr style=\"height: 13.50pt;\">\n<td class=\"et2\" style=\"height: 13.50pt;\" height=\"18\"><a href=\"https:\/\/longchangchemical.com\/de\/product\/xylanase-cas-37278-89-0\/\"><span style=\"color: #00ccff;\">Xylanase<\/span><\/a><\/td>\n<td class=\"et2\">37278-89-0<\/td>\n<\/tr>\n<tr style=\"height: 13.50pt;\">\n<td class=\"et2\" style=\"height: 13.50pt;\" height=\"18\"><a href=\"https:\/\/longchangchemical.com\/de\/product\/cellulase-cas-9012-54-8\/\"><span style=\"color: #00ccff;\">Cellulase<\/span><\/a><\/td>\n<td class=\"et2\">9012-54-8<\/td>\n<\/tr>\n<tr style=\"height: 13.50pt;\">\n<td class=\"et2\" style=\"height: 13.50pt;\" height=\"18\"><a href=\"https:\/\/longchangchemical.com\/de\/product\/naringinase-cas-9068-31-9\/\"><span style=\"color: #00ccff;\">Naringinase<\/span><\/a><\/td>\n<td class=\"et2\">9068-31-9<\/td>\n<\/tr>\n<tr style=\"height: 13.50pt;\">\n<td class=\"et2\" style=\"height: 13.50pt;\" height=\"18\"><a href=\"https:\/\/longchangchemical.com\/de\/product\/beta-amylase-cas-9000-91-3\/\"><span style=\"color: #00ccff;\">\u03b2-Amylase<\/span><\/a><\/td>\n<td class=\"et2\">9000-91-3<\/td>\n<\/tr>\n<tr style=\"height: 13.50pt;\">\n<td class=\"et2\" style=\"height: 13.50pt;\" height=\"18\"><a href=\"https:\/\/longchangchemical.com\/de\/product\/glucose-oxidase-cas-9001-37-0\/\"><span style=\"color: #00ccff;\">Glukose-Oxidase<\/span><\/a><\/td>\n<td class=\"et2\">9001-37-0<\/td>\n<\/tr>\n<tr style=\"height: 13.50pt;\">\n<td class=\"et2\" style=\"height: 13.50pt;\" height=\"18\">alpha-Amylase<\/td>\n<td class=\"et2\">9000-90-2<\/td>\n<\/tr>\n<tr style=\"height: 13.50pt;\">\n<td class=\"et2\" style=\"height: 13.50pt;\" height=\"18\"><a href=\"https:\/\/longchangchemical.com\/de\/product\/longzyme-acid-pectinase-cas-9032-75-1\/\"><span style=\"color: #00ccff;\">Pektinase<\/span><\/a><\/td>\n<td class=\"et2\">9032-75-1<\/td>\n<\/tr>\n<tr style=\"height: 13.50pt;\">\n<td class=\"et2\" style=\"height: 13.50pt;\" height=\"18\">Peroxidase<\/td>\n<td class=\"et2\">9003-99-0<\/td>\n<\/tr>\n<tr style=\"height: 13.50pt;\">\n<td class=\"et2\" style=\"height: 13.50pt;\" height=\"18\"><a href=\"https:\/\/longchangchemical.com\/de\/product\/lipase-cas-9001-62-1\/\"><span style=\"color: #00ccff;\">Lipase<\/span><\/a><\/td>\n<td class=\"et2\">9001-62-1<\/td>\n<\/tr>\n<tr style=\"height: 13.50pt;\">\n<td class=\"et2\" style=\"height: 13.50pt;\" height=\"18\"><a href=\"https:\/\/longchangchemical.com\/de\/product\/catalase-cas-9001-05-2\/\"><span style=\"color: #00ccff;\">Katalase<\/span><\/a><\/td>\n<td class=\"et4\">9001-05-2<\/td>\n<\/tr>\n<tr style=\"height: 13.50pt;\">\n<td class=\"et2\" style=\"height: 13.50pt;\" height=\"18\"><a href=\"https:\/\/longchangchemical.com\/de\/product\/tannase-cas-9025-71-2\/\"><span style=\"color: #00ccff;\">TANNASE<\/span><\/a><\/td>\n<td class=\"et2\">9025-71-2<\/td>\n<\/tr>\n<tr style=\"height: 13.50pt;\">\n<td class=\"et2\" style=\"height: 13.50pt;\" height=\"18\"><a href=\"https:\/\/longchangchemical.com\/de\/product\/elastase-cas-39445-21-1\/\"><span style=\"color: #00ccff;\">Elastase<\/span><\/a><\/td>\n<td class=\"et2\">39445-21-1<\/td>\n<\/tr>\n<tr style=\"height: 13.50pt;\">\n<td class=\"et2\" style=\"height: 13.50pt;\" height=\"18\"><a href=\"https:\/\/longchangchemical.com\/de\/product\/urease-cas-9002-13-5\/\"><span style=\"color: #00ccff;\">Urease<\/span><\/a><\/td>\n<td class=\"et2\">9002-13-5<\/td>\n<\/tr>\n<tr style=\"height: 13.50pt;\">\n<td class=\"et2\" style=\"height: 13.50pt;\" height=\"18\"><a href=\"https:\/\/longchangchemical.com\/de\/product\/dextranase-cas-9025-70-1\/\"><span style=\"color: #00ccff;\">DEXTRANASE<\/span><\/a><\/td>\n<td class=\"et2\">9025-70-1<\/td>\n<\/tr>\n<tr style=\"height: 13.50pt;\">\n<td class=\"et2\" style=\"height: 13.5pt; text-align: left;\" height=\"18\"><a href=\"https:\/\/longchangchemical.com\/de\/product\/l-lactic-dehydrogenase-cas-9001-60-9\/\"><span style=\"color: #00ccff;\">L-Milch-Dehydrogenase<\/span><\/a><\/td>\n<td class=\"et2\">9001-60-9<\/td>\n<\/tr>\n<tr style=\"height: 13.50pt;\">\n<td class=\"et2\" style=\"height: 13.50pt;\" height=\"18\"><a href=\"https:\/\/longchangchemical.com\/de\/product\/dehydrogenase-malate-cas-9001-64-3\/\"><span style=\"color: #00ccff;\">Dehydrogenase Malat<\/span><\/a><\/td>\n<td class=\"et2\">9001-64-3<\/td>\n<\/tr>\n<tr style=\"height: 13.50pt;\">\n<td class=\"et2\" style=\"height: 13.50pt;\" height=\"18\"><a href=\"https:\/\/longchangchemical.com\/de\/product\/cholesterol-oxidase-cas-9028-76-6\/\"><span style=\"color: #00ccff;\">Cholesterin-Oxidase<\/span><\/a><\/td>\n<td class=\"et2\">9028-76-6<\/td>\n<\/tr>\n<\/tbody>\n<\/table>","protected":false},"excerpt":{"rendered":"<p>Katalase wird aus Aspergillus niger, einem hervorragenden Stamm von Aspergillus niger, durch Tiefenfermentation gewonnen. Sie wird in der Textil-, Bier-, Enzym-Natriumglukonat-, Zellstoff- und Papier-, Lebensmittel- und Milchverarbeitungsindustrie sowie in anderen Branchen zur Entfernung von Wasserstoffperoxid eingesetzt.<\/p>","protected":false},"featured_media":7372,"comment_status":"closed","ping_status":"closed","template":"","meta":[],"product_brand":[],"product_cat":[172],"product_tag":[],"class_list":{"0":"post-7309","1":"product","2":"type-product","3":"status-publish","4":"has-post-thumbnail","6":"product_cat-longzyme-enzyme","8":"first","9":"instock","10":"shipping-taxable","11":"product-type-simple"},"yoast_head":"<!-- This site is optimized with the Yoast SEO plugin v25.3.1 - https:\/\/yoast.com\/wordpress\/plugins\/seo\/ -->\n<title>China Longzyme\u00ae Catalase CAS 9001-05-2 Manufacturer - Longchang Chemical<\/title>\n<meta name=\"description\" content=\"Longzyme\u00ae Catalase CAS 9001-05-2 is a key product of Longchang Chemical. We provide the best price. We are the leading manufacturer in China with the best quality and competitive price. Other Name:Caperase;\u00a0Equilase;\u00a0Fungalcatalase;\u00a0Optidase;\u00a0\" \/>\n<meta name=\"robots\" content=\"index, follow, max-snippet:-1, max-image-preview:large, max-video-preview:-1\" \/>\n<link rel=\"canonical\" href=\"https:\/\/longchangchemical.com\/de\/product\/catalase-cas-9001-05-2\/\" \/>\n<meta property=\"og:locale\" content=\"de_DE\" \/>\n<meta property=\"og:type\" content=\"article\" \/>\n<meta property=\"og:title\" content=\"China Longzyme\u00ae Catalase CAS 9001-05-2 Manufacturer - Longchang Chemical\" \/>\n<meta property=\"og:description\" content=\"Longzyme\u00ae Catalase CAS 9001-05-2 is a key product of Longchang Chemical. We provide the best price. We are the leading manufacturer in China with the best quality and competitive price. Other Name:Caperase;\u00a0Equilase;\u00a0Fungalcatalase;\u00a0Optidase;\u00a0\" \/>\n<meta property=\"og:url\" content=\"https:\/\/longchangchemical.com\/de\/product\/catalase-cas-9001-05-2\/\" \/>\n<meta property=\"og:site_name\" content=\"Longchang Chemical\" \/>\n<meta property=\"article:modified_time\" content=\"2025-12-16T08:30:07+00:00\" \/>\n<meta property=\"og:image\" content=\"https:\/\/longchangchemical.com\/wp-content\/uploads\/2024\/09\/Catalase-CAS-9001-05-2.jpg\" \/>\n\t<meta property=\"og:image:width\" content=\"400\" \/>\n\t<meta property=\"og:image:height\" content=\"400\" \/>\n\t<meta property=\"og:image:type\" content=\"image\/jpeg\" \/>\n<meta name=\"twitter:card\" content=\"summary_large_image\" \/>\n<script type=\"application\/ld+json\" class=\"yoast-schema-graph\">{\"@context\":\"https:\/\/schema.org\",\"@graph\":[{\"@type\":\"WebPage\",\"@id\":\"https:\/\/longchangchemical.com\/product\/catalase-cas-9001-05-2\/\",\"url\":\"https:\/\/longchangchemical.com\/product\/catalase-cas-9001-05-2\/\",\"name\":\"China Longzyme\u00ae Catalase CAS 9001-05-2 Manufacturer - Longchang Chemical\",\"isPartOf\":{\"@id\":\"https:\/\/longchangchemical.com\/#website\"},\"primaryImageOfPage\":{\"@id\":\"https:\/\/longchangchemical.com\/product\/catalase-cas-9001-05-2\/#primaryimage\"},\"image\":{\"@id\":\"https:\/\/longchangchemical.com\/product\/catalase-cas-9001-05-2\/#primaryimage\"},\"thumbnailUrl\":\"https:\/\/longchangchemical.com\/wp-content\/uploads\/2024\/09\/Catalase-CAS-9001-05-2.jpg\",\"datePublished\":\"2024-09-04T09:21:19+00:00\",\"dateModified\":\"2025-12-16T08:30:07+00:00\",\"description\":\"Longzyme\u00ae Catalase CAS 9001-05-2 is a key product of Longchang Chemical. We provide the best price. We are the leading manufacturer in China with the best quality and competitive price. Other Name:Caperase;\u00a0Equilase;\u00a0Fungalcatalase;\u00a0Optidase;\u00a0\",\"breadcrumb\":{\"@id\":\"https:\/\/longchangchemical.com\/product\/catalase-cas-9001-05-2\/#breadcrumb\"},\"inLanguage\":\"de\",\"potentialAction\":[{\"@type\":\"ReadAction\",\"target\":[\"https:\/\/longchangchemical.com\/product\/catalase-cas-9001-05-2\/\"]}]},{\"@type\":\"ImageObject\",\"inLanguage\":\"de\",\"@id\":\"https:\/\/longchangchemical.com\/product\/catalase-cas-9001-05-2\/#primaryimage\",\"url\":\"https:\/\/longchangchemical.com\/wp-content\/uploads\/2024\/09\/Catalase-CAS-9001-05-2.jpg\",\"contentUrl\":\"https:\/\/longchangchemical.com\/wp-content\/uploads\/2024\/09\/Catalase-CAS-9001-05-2.jpg\",\"width\":400,\"height\":400,\"caption\":\"Catalase CAS 9001-05-2\"},{\"@type\":\"BreadcrumbList\",\"@id\":\"https:\/\/longchangchemical.com\/product\/catalase-cas-9001-05-2\/#breadcrumb\",\"itemListElement\":[{\"@type\":\"ListItem\",\"position\":1,\"name\":\"Home\",\"item\":\"https:\/\/longchangchemical.com\/\"},{\"@type\":\"ListItem\",\"position\":2,\"name\":\"Products Longchang\",\"item\":\"https:\/\/longchangchemical.com\/product\/\"},{\"@type\":\"ListItem\",\"position\":3,\"name\":\"Longzyme\u00ae Catalase CAS 9001-05-2\"}]},{\"@type\":\"WebSite\",\"@id\":\"https:\/\/longchangchemical.com\/#website\",\"url\":\"https:\/\/longchangchemical.com\/\",\"name\":\"Longchang Chemical\",\"description\":\"China chemical manufacturer \uff06 supplier\",\"publisher\":{\"@id\":\"https:\/\/longchangchemical.com\/#organization\"},\"potentialAction\":[{\"@type\":\"SearchAction\",\"target\":{\"@type\":\"EntryPoint\",\"urlTemplate\":\"https:\/\/longchangchemical.com\/?s={search_term_string}\"},\"query-input\":{\"@type\":\"PropertyValueSpecification\",\"valueRequired\":true,\"valueName\":\"search_term_string\"}}],\"inLanguage\":\"de\"},{\"@type\":\"Organization\",\"@id\":\"https:\/\/longchangchemical.com\/#organization\",\"name\":\"Longchang Chemical\",\"url\":\"https:\/\/longchangchemical.com\/\",\"logo\":{\"@type\":\"ImageObject\",\"inLanguage\":\"de\",\"@id\":\"https:\/\/longchangchemical.com\/#\/schema\/logo\/image\/\",\"url\":\"https:\/\/longchangchemical.com\/wp-content\/uploads\/2020\/08\/cropped-longchang-logo.png\",\"contentUrl\":\"https:\/\/longchangchemical.com\/wp-content\/uploads\/2020\/08\/cropped-longchang-logo.png\",\"width\":512,\"height\":512,\"caption\":\"Longchang Chemical\"},\"image\":{\"@id\":\"https:\/\/longchangchemical.com\/#\/schema\/logo\/image\/\"}}]}<\/script>\n<!-- \/ Yoast SEO plugin. -->","yoast_head_json":{"title":"China Longzyme\u00ae Katalase CAS 9001-05-2 Hersteller - Longchang Chemical","description":"Longzyme\u00ae Catalase CAS 9001-05-2 ist ein Schl\u00fcsselprodukt von Longchang Chemical. Wir bieten den besten Preis. Wir sind der f\u00fchrende Hersteller in China mit der besten Qualit\u00e4t und konkurrenzf\u00e4higem Preis. Andere Namen: Caperase; Equilase; Fungalcatalase; Optidase;\u00a0","robots":{"index":"index","follow":"follow","max-snippet":"max-snippet:-1","max-image-preview":"max-image-preview:large","max-video-preview":"max-video-preview:-1"},"canonical":"https:\/\/longchangchemical.com\/de\/product\/catalase-cas-9001-05-2\/","og_locale":"de_DE","og_type":"article","og_title":"China Longzyme\u00ae Catalase CAS 9001-05-2 Manufacturer - Longchang Chemical","og_description":"Longzyme\u00ae Catalase CAS 9001-05-2 is a key product of Longchang Chemical. We provide the best price. We are the leading manufacturer in China with the best quality and competitive price. Other Name:Caperase;\u00a0Equilase;\u00a0Fungalcatalase;\u00a0Optidase;\u00a0","og_url":"https:\/\/longchangchemical.com\/de\/product\/catalase-cas-9001-05-2\/","og_site_name":"Longchang Chemical","article_modified_time":"2025-12-16T08:30:07+00:00","og_image":[{"width":400,"height":400,"url":"https:\/\/longchangchemical.com\/wp-content\/uploads\/2024\/09\/Catalase-CAS-9001-05-2.jpg","type":"image\/jpeg"}],"twitter_card":"summary_large_image","schema":{"@context":"https:\/\/schema.org","@graph":[{"@type":"WebPage","@id":"https:\/\/longchangchemical.com\/product\/catalase-cas-9001-05-2\/","url":"https:\/\/longchangchemical.com\/product\/catalase-cas-9001-05-2\/","name":"China Longzyme\u00ae Katalase CAS 9001-05-2 Hersteller - Longchang Chemical","isPartOf":{"@id":"https:\/\/longchangchemical.com\/#website"},"primaryImageOfPage":{"@id":"https:\/\/longchangchemical.com\/product\/catalase-cas-9001-05-2\/#primaryimage"},"image":{"@id":"https:\/\/longchangchemical.com\/product\/catalase-cas-9001-05-2\/#primaryimage"},"thumbnailUrl":"https:\/\/longchangchemical.com\/wp-content\/uploads\/2024\/09\/Catalase-CAS-9001-05-2.jpg","datePublished":"2024-09-04T09:21:19+00:00","dateModified":"2025-12-16T08:30:07+00:00","description":"Longzyme\u00ae Catalase CAS 9001-05-2 ist ein Schl\u00fcsselprodukt von Longchang Chemical. Wir bieten den besten Preis. Wir sind der f\u00fchrende Hersteller in China mit der besten Qualit\u00e4t und konkurrenzf\u00e4higem Preis. Andere Namen: Caperase; Equilase; Fungalcatalase; Optidase;\u00a0","breadcrumb":{"@id":"https:\/\/longchangchemical.com\/product\/catalase-cas-9001-05-2\/#breadcrumb"},"inLanguage":"de","potentialAction":[{"@type":"ReadAction","target":["https:\/\/longchangchemical.com\/product\/catalase-cas-9001-05-2\/"]}]},{"@type":"ImageObject","inLanguage":"de","@id":"https:\/\/longchangchemical.com\/product\/catalase-cas-9001-05-2\/#primaryimage","url":"https:\/\/longchangchemical.com\/wp-content\/uploads\/2024\/09\/Catalase-CAS-9001-05-2.jpg","contentUrl":"https:\/\/longchangchemical.com\/wp-content\/uploads\/2024\/09\/Catalase-CAS-9001-05-2.jpg","width":400,"height":400,"caption":"Catalase CAS 9001-05-2"},{"@type":"BreadcrumbList","@id":"https:\/\/longchangchemical.com\/product\/catalase-cas-9001-05-2\/#breadcrumb","itemListElement":[{"@type":"ListItem","position":1,"name":"Home","item":"https:\/\/longchangchemical.com\/"},{"@type":"ListItem","position":2,"name":"Products Longchang","item":"https:\/\/longchangchemical.com\/product\/"},{"@type":"ListItem","position":3,"name":"Longzyme\u00ae Catalase CAS 9001-05-2"}]},{"@type":"WebSite","@id":"https:\/\/longchangchemical.com\/#website","url":"https:\/\/longchangchemical.com\/","name":"Longchang Chemical","description":"China Hersteller von Chemikalien \uff06 Lieferant","publisher":{"@id":"https:\/\/longchangchemical.com\/#organization"},"potentialAction":[{"@type":"SearchAction","target":{"@type":"EntryPoint","urlTemplate":"https:\/\/longchangchemical.com\/?s={search_term_string}"},"query-input":{"@type":"PropertyValueSpecification","valueRequired":true,"valueName":"search_term_string"}}],"inLanguage":"de"},{"@type":"Organization","@id":"https:\/\/longchangchemical.com\/#organization","name":"Longchang Chemical","url":"https:\/\/longchangchemical.com\/","logo":{"@type":"ImageObject","inLanguage":"de","@id":"https:\/\/longchangchemical.com\/#\/schema\/logo\/image\/","url":"https:\/\/longchangchemical.com\/wp-content\/uploads\/2020\/08\/cropped-longchang-logo.png","contentUrl":"https:\/\/longchangchemical.com\/wp-content\/uploads\/2020\/08\/cropped-longchang-logo.png","width":512,"height":512,"caption":"Longchang Chemical"},"image":{"@id":"https:\/\/longchangchemical.com\/#\/schema\/logo\/image\/"}}]}},"_links":{"self":[{"href":"https:\/\/longchangchemical.com\/de\/wp-json\/wp\/v2\/product\/7309","targetHints":{"allow":["GET"]}}],"collection":[{"href":"https:\/\/longchangchemical.com\/de\/wp-json\/wp\/v2\/product"}],"about":[{"href":"https:\/\/longchangchemical.com\/de\/wp-json\/wp\/v2\/types\/product"}],"replies":[{"embeddable":true,"href":"https:\/\/longchangchemical.com\/de\/wp-json\/wp\/v2\/comments?post=7309"}],"wp:featuredmedia":[{"embeddable":true,"href":"https:\/\/longchangchemical.com\/de\/wp-json\/wp\/v2\/media\/7372"}],"wp:attachment":[{"href":"https:\/\/longchangchemical.com\/de\/wp-json\/wp\/v2\/media?parent=7309"}],"wp:term":[{"taxonomy":"product_brand","embeddable":true,"href":"https:\/\/longchangchemical.com\/de\/wp-json\/wp\/v2\/product_brand?post=7309"},{"taxonomy":"product_cat","embeddable":true,"href":"https:\/\/longchangchemical.com\/de\/wp-json\/wp\/v2\/product_cat?post=7309"},{"taxonomy":"product_tag","embeddable":true,"href":"https:\/\/longchangchemical.com\/de\/wp-json\/wp\/v2\/product_tag?post=7309"}],"curies":[{"name":"wp","href":"https:\/\/api.w.org\/{rel}","templated":true}]}}