{"id":7287,"date":"2024-09-03T06:45:34","date_gmt":"2024-09-03T06:45:34","guid":{"rendered":"https:\/\/longchangchemical.com\/?post_type=product&#038;p=7287"},"modified":"2025-12-16T08:32:18","modified_gmt":"2025-12-16T08:32:18","slug":"beta-amylase-cas-9000-91-3","status":"publish","type":"product","link":"https:\/\/longchangchemical.com\/de\/product\/beta-amylase-cas-9000-91-3\/","title":{"rendered":"Longzyme\u00ae \u03b2-Amylase CAS 9000-91-3"},"content":{"rendered":"<h1><strong>Longzyme\u00ae \u03b2-Amylase CAS 9000-91-3<\/strong><\/h1>\n<p>&nbsp;<\/p>\n<p>Grundsatz<\/p>\n<p>Die \u03b2-Amylase ist eine Exonuklease, die am nicht reduzierenden Ende der verfl\u00fcssigten St\u00e4rke ansetzt und diese nacheinander in Maltoseeinheiten hydrolysiert, wobei eine Walden-Transpositionsreaktion stattfindet, so dass das Produkt von \u03b1-Maltose in B-Maltose umgewandelt wird. Die a-1,6-glykosidische Bindung an der Verzweigung der St\u00e4rke kann nicht hydrolysiert werden, und die Zersetzung der St\u00e4rke endet bei 2~3 Glukoseresten vor der 1,6-Bindung, so dass die erzeugte Maltose im Grunde glukosefrei ist.<\/p>\n<p>Produktmerkmale<br \/>\n1\u3001Temperaturbereich: Stabil unter 65\u00b0C, die am besten geeignete Temperatur liegt zwischen 55\u00b0C-60\u00b0C.<br \/>\n2, PH-Wert-Bereich: effektiver pH-Bereich 3,0-6,5, optimaler PH-Wert-Bereich 5,0-5,6.<br \/>\n3\u3001Auswirkungen g\u00e4ngiger Metallionen auf die Enzymaktivit\u00e4t: niedrigere Konzentrationen von CaMg haben eine aktivierende Wirkung, Hg, Fe und Oxidationsmittel haben eine hemmende Wirkung auf die Enzymaktivit\u00e4t.<\/p>\n<p>Eigenschaften des Produkts<\/p>\n<p>1, Produktspezifikation: braune Fl\u00fcssigkeit, Enzymaktivit\u00e4t 700000u\/mL.<br \/>\nFl\u00fcssiges Enzym pH(25\u2103\u2103):4.0-6.0, Kapazit\u00e4t:\u22641.25g\/mL.<br \/>\n2\u3001Definition der Enzymaktivit\u00e4t:1mL Enzymfl\u00fcssigkeit (oder 19 Enzympulver) bei<br \/>\nBei einem pH-Wert von 5,5 und 60\u2103 entspricht die Anzahl der durch die Hydrolyse von 1,10% St\u00e4rke pro Stunde gebildeten Maltose-Mg einer Enzymaktivit\u00e4tseinheit, die durch u\/mL(u\/g) ausgedr\u00fcckt wird.<br \/>\n3\u3001Produktnorm: Umsetzung unserer Norm LDZJ03.04-2010.<\/p>\n<p>Methode der Anwendung<\/p>\n<p>Die besten Verzuckerungsbedingungen h\u00e4ngen von Verzuckerungszeit, pH-Wert, Temperatur, Substratkonzentration und Enzymdosierung ab. Jeder Anwendungshersteller sollte die optimalen Prozessbedingungen entsprechend seinen eigenen Bedingungen festlegen; die allgemein empfohlenen Methoden sind die folgenden.<br \/>\n1, in Maltosesirup (Sirup), Bierbrauen, 0,1-0,3L\/t trockenes Substrat optimale Bedingungen f\u00fcr die erste 12-30 Stunden, die zweite Verzuckerung 0,5-1 Stunden.<br \/>\n2, Sirup mit hohem Maltosegehalt (&gt;70%): muss mit Pullulanase-Verzuckerung synergiert werden. Empfohlene Verwendung: B-Amylase 0,5-1,0L\/t Kilobase, Pullulanase 0,5-1,0L\/t Kilobase.<br \/>\n0,5-1,0 l\/t Trockenmasse (die Enzymaktivit\u00e4t wird als 1 k-Einheit gez\u00e4hlt), Verzuckerung \u00fcber 24 Stunden.<br \/>\n3\u3001Ultra hoher Maltosesirup (&gt;90%): muss mit Pullulanase und Maltotriose-Enzym synergiert werden. Empfohlene Verwendung: \u03b2-Amylase 1,5-2,0L\/t trockene Basis, Pullulanase 1,5-2,8L\/t Kilobase (Enzymaktivit\u00e4t in 1.000 Einheiten), Verzuckerung f\u00fcr 24 Stunden, Zugabe von Maltotriose-Enzym 1,5-2,0L\/t Kilobase, und Fortsetzung der Verzuckerung f\u00fcr 24 Stunden.<br \/>\nVerpackung und Lagerung<br \/>\nVerpackt in fl\u00fcssigem Plastikfass, 28kg\/Fass. Dieses Produkt ist eine biologisch aktive Substanz, starkes Licht, hohe Temperatur, starke S\u00e4ure, starkes Alkali wird Enzym Inaktivierung verursachen, sollte von direktem Sonnenlicht verhindert werden sollte in einer niedrigen Temperatur trockenen Ort platziert werden.<\/p>\n<h2><strong><b>Kontaktieren Sie uns jetzt!<\/b><\/strong><\/h2>\n<h4><strong><b>Wenn Sie einen Preis ben\u00f6tigen, tragen Sie bitte Ihre Kontaktdaten in das unten stehende Formular ein. Wir werden uns in der Regel innerhalb von 24 Stunden mit Ihnen in Verbindung setzen. Sie k\u00f6nnen mir auch mailen\u00a0<span style=\"color: #00ccff;\"><a style=\"color: #00ccff;\" href=\"mailto:info@longchangchemical.com\">info@longchangchemical.com<\/a><\/span>\u00a0w\u00e4hrend der Gesch\u00e4ftszeiten ( 8:30 bis 18:00 Uhr UTC+8 Mo.~Sa. ) oder nutzen Sie den Live-Chat auf der Website, um eine schnelle Antwort zu erhalten.<\/b><\/strong><\/h4>\n<table style=\"border-collapse: collapse; width: 326.27pt;\" border=\"0\" width=\"435\" cellspacing=\"0\" cellpadding=\"0\">\n<tbody>\n<tr style=\"height: 13.50pt;\">\n<td class=\"et2\" style=\"height: 13.50pt; width: 164.25pt;\" width=\"219\" height=\"18\"><a href=\"https:\/\/longchangchemical.com\/de\/product\/compound-glucoamylase-cas-9032-08-0\/\"><span style=\"color: #00ccff;\">Verbindung Glucoamylase<\/span><\/a><\/td>\n<td class=\"et2\" style=\"width: 162.00pt;\" width=\"216\">9032-08-0<\/td>\n<\/tr>\n<tr style=\"height: 13.50pt;\">\n<td class=\"et2\" style=\"height: 13.50pt;\" height=\"18\"><a href=\"https:\/\/longchangchemical.com\/de\/product\/pullulanase-cas-9075-68-7\/\"><span style=\"color: #00ccff;\">Pullulanase<\/span><\/a><\/td>\n<td class=\"et2\">9075-68-7<\/td>\n<\/tr>\n<tr style=\"height: 13.50pt;\">\n<td class=\"et2\" style=\"height: 13.50pt;\" height=\"18\"><a href=\"https:\/\/longchangchemical.com\/de\/product\/xylanase-cas-37278-89-0\/\"><span style=\"color: #00ccff;\">Xylanase<\/span><\/a><\/td>\n<td class=\"et2\">37278-89-0<\/td>\n<\/tr>\n<tr style=\"height: 13.50pt;\">\n<td class=\"et2\" style=\"height: 13.50pt;\" height=\"18\"><a href=\"https:\/\/longchangchemical.com\/de\/product\/cellulase-cas-9012-54-8\/\"><span style=\"color: #00ccff;\">Cellulase<\/span><\/a><\/td>\n<td class=\"et2\">9012-54-8<\/td>\n<\/tr>\n<tr style=\"height: 13.50pt;\">\n<td class=\"et2\" style=\"height: 13.50pt;\" height=\"18\"><a href=\"https:\/\/longchangchemical.com\/de\/product\/naringinase-cas-9068-31-9\/\"><span style=\"color: #00ccff;\">Naringinase<\/span><\/a><\/td>\n<td class=\"et2\">9068-31-9<\/td>\n<\/tr>\n<tr style=\"height: 13.50pt;\">\n<td class=\"et2\" style=\"height: 13.50pt;\" height=\"18\"><a href=\"https:\/\/longchangchemical.com\/de\/product\/beta-amylase-cas-9000-91-3\/\"><span style=\"color: #00ccff;\">\u03b2-Amylase<\/span><\/a><\/td>\n<td class=\"et2\">9000-91-3<\/td>\n<\/tr>\n<tr style=\"height: 13.50pt;\">\n<td class=\"et2\" style=\"height: 13.50pt;\" height=\"18\"><a href=\"https:\/\/longchangchemical.com\/de\/product\/glucose-oxidase-cas-9001-37-0\/\"><span style=\"color: #00ccff;\">Glukose-Oxidase<\/span><\/a><\/td>\n<td class=\"et2\">9001-37-0<\/td>\n<\/tr>\n<tr style=\"height: 13.50pt;\">\n<td class=\"et2\" style=\"height: 13.50pt;\" height=\"18\">alpha-Amylase<\/td>\n<td class=\"et2\">9000-90-2<\/td>\n<\/tr>\n<tr style=\"height: 13.50pt;\">\n<td class=\"et2\" style=\"height: 13.50pt;\" height=\"18\"><a href=\"https:\/\/longchangchemical.com\/de\/product\/longzyme-acid-pectinase-cas-9032-75-1\/\"><span style=\"color: #00ccff;\">Pektinase<\/span><\/a><\/td>\n<td class=\"et2\">9032-75-1<\/td>\n<\/tr>\n<tr style=\"height: 13.50pt;\">\n<td class=\"et2\" style=\"height: 13.50pt;\" height=\"18\">Peroxidase<\/td>\n<td class=\"et2\">9003-99-0<\/td>\n<\/tr>\n<tr style=\"height: 13.50pt;\">\n<td class=\"et2\" style=\"height: 13.50pt;\" height=\"18\"><a href=\"https:\/\/longchangchemical.com\/de\/product\/lipase-cas-9001-62-1\/\"><span style=\"color: #00ccff;\">Lipase<\/span><\/a><\/td>\n<td class=\"et2\">9001-62-1<\/td>\n<\/tr>\n<tr style=\"height: 13.50pt;\">\n<td class=\"et2\" style=\"height: 13.50pt;\" height=\"18\"><a href=\"https:\/\/longchangchemical.com\/de\/product\/catalase-cas-9001-05-2\/\"><span style=\"color: #00ccff;\">Katalase<\/span><\/a><\/td>\n<td class=\"et4\">9001-05-2<\/td>\n<\/tr>\n<tr style=\"height: 13.50pt;\">\n<td class=\"et2\" style=\"height: 13.50pt;\" height=\"18\"><a href=\"https:\/\/longchangchemical.com\/de\/product\/tannase-cas-9025-71-2\/\"><span style=\"color: #00ccff;\">TANNASE<\/span><\/a><\/td>\n<td class=\"et2\">9025-71-2<\/td>\n<\/tr>\n<tr style=\"height: 13.50pt;\">\n<td class=\"et2\" style=\"height: 13.50pt;\" height=\"18\"><a href=\"https:\/\/longchangchemical.com\/de\/product\/elastase-cas-39445-21-1\/\"><span style=\"color: #00ccff;\">Elastase<\/span><\/a><\/td>\n<td class=\"et2\">39445-21-1<\/td>\n<\/tr>\n<tr style=\"height: 13.50pt;\">\n<td class=\"et2\" style=\"height: 13.50pt;\" height=\"18\"><a href=\"https:\/\/longchangchemical.com\/de\/product\/urease-cas-9002-13-5\/\"><span style=\"color: #00ccff;\">Urease<\/span><\/a><\/td>\n<td class=\"et2\">9002-13-5<\/td>\n<\/tr>\n<tr style=\"height: 13.50pt;\">\n<td class=\"et2\" style=\"height: 13.50pt;\" height=\"18\"><a href=\"https:\/\/longchangchemical.com\/de\/product\/dextranase-cas-9025-70-1\/\"><span style=\"color: #00ccff;\">DEXTRANASE<\/span><\/a><\/td>\n<td class=\"et2\">9025-70-1<\/td>\n<\/tr>\n<tr style=\"height: 13.50pt;\">\n<td class=\"et2\" style=\"height: 13.5pt; text-align: left;\" height=\"18\"><a href=\"https:\/\/longchangchemical.com\/de\/product\/l-lactic-dehydrogenase-cas-9001-60-9\/\"><span style=\"color: #00ccff;\">L-Milch-Dehydrogenase<\/span><\/a><\/td>\n<td class=\"et2\">9001-60-9<\/td>\n<\/tr>\n<tr style=\"height: 13.50pt;\">\n<td class=\"et2\" style=\"height: 13.50pt;\" height=\"18\"><a href=\"https:\/\/longchangchemical.com\/de\/product\/dehydrogenase-malate-cas-9001-64-3\/\"><span style=\"color: #00ccff;\">Dehydrogenase Malat<\/span><\/a><\/td>\n<td class=\"et2\">9001-64-3<\/td>\n<\/tr>\n<tr style=\"height: 13.50pt;\">\n<td class=\"et2\" style=\"height: 13.50pt;\" height=\"18\"><a href=\"https:\/\/longchangchemical.com\/de\/product\/cholesterol-oxidase-cas-9028-76-6\/\"><span style=\"color: #00ccff;\">Cholesterin-Oxidase<\/span><\/a><\/td>\n<td class=\"et2\">9028-76-6<\/td>\n<\/tr>\n<\/tbody>\n<\/table>","protected":false},"excerpt":{"rendered":"<p>\u03b2-Amylase ist eine Art hocheffizientes Enzympr\u00e4parat, das durch eine Reihe wissenschaftlicher Methoden aus Pflanzen gewonnen und verfeinert wird. Dieses Produkt hat ein reines Enzymsystem, eine hohe Vitalit\u00e4t, eine gute Hitzebest\u00e4ndigkeit und keinen eigenartigen Geruch. Es findet breite Anwendung bei der Herstellung von Bier, Essig, maltosereichem Sirup, kristallisiertem Maltit und anderen Zuckern mit Maltose als Produkt oder Zwischenprodukt.<\/p>\n<p>\u03b2-Amylase wird in der Lebensmittelindustrie als Verzuckerungsmittel bei der Herstellung von Maltosesirup, Bier, Brot usw. verwendet. Eine wichtige Verwendung von \u03b2-Amylase in der pharmazeutischen Industrie ist die Herstellung von Maltose. Die Absorption von Maltose ist nicht von Insulin abh\u00e4ngig, so dass sie auch von Diabetikern in Ma\u00dfen konsumiert werden kann. In der Medizin kann die \u03b2-Amylase zusammen mit der \u03b1-Amylase als Verdauungshilfe eingesetzt werden.<\/p>\n<div class=\"chemical-th fw-500\">HS: 35079090<\/div>","protected":false},"featured_media":7371,"comment_status":"closed","ping_status":"closed","template":"","meta":[],"product_brand":[],"product_cat":[172],"product_tag":[],"class_list":{"0":"post-7287","1":"product","2":"type-product","3":"status-publish","4":"has-post-thumbnail","6":"product_cat-longzyme-enzyme","8":"first","9":"instock","10":"shipping-taxable","11":"product-type-simple"},"yoast_head":"<!-- This site is optimized with the Yoast SEO plugin v25.3.1 - https:\/\/yoast.com\/wordpress\/plugins\/seo\/ -->\n<title>China Longzyme\u00ae \u03b2-Amylase CAS 9000-91-3 Manufacturer - Longchang Chemical<\/title>\n<meta name=\"description\" content=\"Longzyme\u00ae \u03b2-Amylase CAS 9000-91-3 is a key product of Longchang Chemical. We provide the best price. We are the leading manufacturer in China with the best quality and competitive price. Ohther Name: beta-Amylase\" \/>\n<meta name=\"robots\" content=\"index, follow, max-snippet:-1, max-image-preview:large, max-video-preview:-1\" \/>\n<link rel=\"canonical\" href=\"https:\/\/longchangchemical.com\/de\/product\/beta-amylase-cas-9000-91-3\/\" \/>\n<meta property=\"og:locale\" content=\"de_DE\" \/>\n<meta property=\"og:type\" content=\"article\" \/>\n<meta property=\"og:title\" content=\"China Longzyme\u00ae \u03b2-Amylase CAS 9000-91-3 Manufacturer - Longchang Chemical\" \/>\n<meta property=\"og:description\" content=\"Longzyme\u00ae \u03b2-Amylase CAS 9000-91-3 is a key product of Longchang Chemical. We provide the best price. We are the leading manufacturer in China with the best quality and competitive price. Ohther Name: beta-Amylase\" \/>\n<meta property=\"og:url\" content=\"https:\/\/longchangchemical.com\/de\/product\/beta-amylase-cas-9000-91-3\/\" \/>\n<meta property=\"og:site_name\" content=\"Longchang Chemical\" \/>\n<meta property=\"article:modified_time\" content=\"2025-12-16T08:32:18+00:00\" \/>\n<meta property=\"og:image\" content=\"https:\/\/longchangchemical.com\/wp-content\/uploads\/2024\/09\/beta-amylase-cas-9000-91-3.jpg\" \/>\n\t<meta property=\"og:image:width\" content=\"400\" \/>\n\t<meta property=\"og:image:height\" content=\"400\" \/>\n\t<meta property=\"og:image:type\" content=\"image\/jpeg\" \/>\n<meta name=\"twitter:card\" content=\"summary_large_image\" \/>\n<script type=\"application\/ld+json\" class=\"yoast-schema-graph\">{\"@context\":\"https:\/\/schema.org\",\"@graph\":[{\"@type\":\"WebPage\",\"@id\":\"https:\/\/longchangchemical.com\/product\/beta-amylase-cas-9000-91-3\/\",\"url\":\"https:\/\/longchangchemical.com\/product\/beta-amylase-cas-9000-91-3\/\",\"name\":\"China Longzyme\u00ae \u03b2-Amylase CAS 9000-91-3 Manufacturer - Longchang Chemical\",\"isPartOf\":{\"@id\":\"https:\/\/longchangchemical.com\/#website\"},\"primaryImageOfPage\":{\"@id\":\"https:\/\/longchangchemical.com\/product\/beta-amylase-cas-9000-91-3\/#primaryimage\"},\"image\":{\"@id\":\"https:\/\/longchangchemical.com\/product\/beta-amylase-cas-9000-91-3\/#primaryimage\"},\"thumbnailUrl\":\"https:\/\/longchangchemical.com\/wp-content\/uploads\/2024\/09\/beta-amylase-cas-9000-91-3.jpg\",\"datePublished\":\"2024-09-03T06:45:34+00:00\",\"dateModified\":\"2025-12-16T08:32:18+00:00\",\"description\":\"Longzyme\u00ae \u03b2-Amylase CAS 9000-91-3 is a key product of Longchang Chemical. We provide the best price. We are the leading manufacturer in China with the best quality and competitive price. Ohther Name: beta-Amylase\",\"breadcrumb\":{\"@id\":\"https:\/\/longchangchemical.com\/product\/beta-amylase-cas-9000-91-3\/#breadcrumb\"},\"inLanguage\":\"de\",\"potentialAction\":[{\"@type\":\"ReadAction\",\"target\":[\"https:\/\/longchangchemical.com\/product\/beta-amylase-cas-9000-91-3\/\"]}]},{\"@type\":\"ImageObject\",\"inLanguage\":\"de\",\"@id\":\"https:\/\/longchangchemical.com\/product\/beta-amylase-cas-9000-91-3\/#primaryimage\",\"url\":\"https:\/\/longchangchemical.com\/wp-content\/uploads\/2024\/09\/beta-amylase-cas-9000-91-3.jpg\",\"contentUrl\":\"https:\/\/longchangchemical.com\/wp-content\/uploads\/2024\/09\/beta-amylase-cas-9000-91-3.jpg\",\"width\":400,\"height\":400,\"caption\":\"beta-amylase-cas-9000-91-3\"},{\"@type\":\"BreadcrumbList\",\"@id\":\"https:\/\/longchangchemical.com\/product\/beta-amylase-cas-9000-91-3\/#breadcrumb\",\"itemListElement\":[{\"@type\":\"ListItem\",\"position\":1,\"name\":\"Home\",\"item\":\"https:\/\/longchangchemical.com\/\"},{\"@type\":\"ListItem\",\"position\":2,\"name\":\"Products Longchang\",\"item\":\"https:\/\/longchangchemical.com\/product\/\"},{\"@type\":\"ListItem\",\"position\":3,\"name\":\"Longzyme\u00ae \u03b2-Amylase CAS 9000-91-3\"}]},{\"@type\":\"WebSite\",\"@id\":\"https:\/\/longchangchemical.com\/#website\",\"url\":\"https:\/\/longchangchemical.com\/\",\"name\":\"Longchang Chemical\",\"description\":\"China chemical manufacturer \uff06 supplier\",\"publisher\":{\"@id\":\"https:\/\/longchangchemical.com\/#organization\"},\"potentialAction\":[{\"@type\":\"SearchAction\",\"target\":{\"@type\":\"EntryPoint\",\"urlTemplate\":\"https:\/\/longchangchemical.com\/?s={search_term_string}\"},\"query-input\":{\"@type\":\"PropertyValueSpecification\",\"valueRequired\":true,\"valueName\":\"search_term_string\"}}],\"inLanguage\":\"de\"},{\"@type\":\"Organization\",\"@id\":\"https:\/\/longchangchemical.com\/#organization\",\"name\":\"Longchang Chemical\",\"url\":\"https:\/\/longchangchemical.com\/\",\"logo\":{\"@type\":\"ImageObject\",\"inLanguage\":\"de\",\"@id\":\"https:\/\/longchangchemical.com\/#\/schema\/logo\/image\/\",\"url\":\"https:\/\/longchangchemical.com\/wp-content\/uploads\/2020\/08\/cropped-longchang-logo.png\",\"contentUrl\":\"https:\/\/longchangchemical.com\/wp-content\/uploads\/2020\/08\/cropped-longchang-logo.png\",\"width\":512,\"height\":512,\"caption\":\"Longchang Chemical\"},\"image\":{\"@id\":\"https:\/\/longchangchemical.com\/#\/schema\/logo\/image\/\"}}]}<\/script>\n<!-- \/ Yoast SEO plugin. -->","yoast_head_json":{"title":"China Longzyme\u00ae \u03b2-Amylase CAS 9000-91-3 Hersteller - Longchang Chemical","description":"Longzyme\u00ae \u03b2-Amylase CAS 9000-91-3 ist ein Schl\u00fcsselprodukt von Longchang Chemical. Wir bieten den besten Preis. Wir sind der f\u00fchrende Hersteller in China mit der besten Qualit\u00e4t und konkurrenzf\u00e4higem Preis. Weiterer Name: beta-Amylase","robots":{"index":"index","follow":"follow","max-snippet":"max-snippet:-1","max-image-preview":"max-image-preview:large","max-video-preview":"max-video-preview:-1"},"canonical":"https:\/\/longchangchemical.com\/de\/product\/beta-amylase-cas-9000-91-3\/","og_locale":"de_DE","og_type":"article","og_title":"China Longzyme\u00ae \u03b2-Amylase CAS 9000-91-3 Manufacturer - Longchang Chemical","og_description":"Longzyme\u00ae \u03b2-Amylase CAS 9000-91-3 is a key product of Longchang Chemical. We provide the best price. We are the leading manufacturer in China with the best quality and competitive price. Ohther Name: beta-Amylase","og_url":"https:\/\/longchangchemical.com\/de\/product\/beta-amylase-cas-9000-91-3\/","og_site_name":"Longchang Chemical","article_modified_time":"2025-12-16T08:32:18+00:00","og_image":[{"width":400,"height":400,"url":"https:\/\/longchangchemical.com\/wp-content\/uploads\/2024\/09\/beta-amylase-cas-9000-91-3.jpg","type":"image\/jpeg"}],"twitter_card":"summary_large_image","schema":{"@context":"https:\/\/schema.org","@graph":[{"@type":"WebPage","@id":"https:\/\/longchangchemical.com\/product\/beta-amylase-cas-9000-91-3\/","url":"https:\/\/longchangchemical.com\/product\/beta-amylase-cas-9000-91-3\/","name":"China Longzyme\u00ae \u03b2-Amylase CAS 9000-91-3 Hersteller - Longchang Chemical","isPartOf":{"@id":"https:\/\/longchangchemical.com\/#website"},"primaryImageOfPage":{"@id":"https:\/\/longchangchemical.com\/product\/beta-amylase-cas-9000-91-3\/#primaryimage"},"image":{"@id":"https:\/\/longchangchemical.com\/product\/beta-amylase-cas-9000-91-3\/#primaryimage"},"thumbnailUrl":"https:\/\/longchangchemical.com\/wp-content\/uploads\/2024\/09\/beta-amylase-cas-9000-91-3.jpg","datePublished":"2024-09-03T06:45:34+00:00","dateModified":"2025-12-16T08:32:18+00:00","description":"Longzyme\u00ae \u03b2-Amylase CAS 9000-91-3 ist ein Schl\u00fcsselprodukt von Longchang Chemical. Wir bieten den besten Preis. Wir sind der f\u00fchrende Hersteller in China mit der besten Qualit\u00e4t und konkurrenzf\u00e4higem Preis. Weiterer Name: beta-Amylase","breadcrumb":{"@id":"https:\/\/longchangchemical.com\/product\/beta-amylase-cas-9000-91-3\/#breadcrumb"},"inLanguage":"de","potentialAction":[{"@type":"ReadAction","target":["https:\/\/longchangchemical.com\/product\/beta-amylase-cas-9000-91-3\/"]}]},{"@type":"ImageObject","inLanguage":"de","@id":"https:\/\/longchangchemical.com\/product\/beta-amylase-cas-9000-91-3\/#primaryimage","url":"https:\/\/longchangchemical.com\/wp-content\/uploads\/2024\/09\/beta-amylase-cas-9000-91-3.jpg","contentUrl":"https:\/\/longchangchemical.com\/wp-content\/uploads\/2024\/09\/beta-amylase-cas-9000-91-3.jpg","width":400,"height":400,"caption":"beta-amylase-cas-9000-91-3"},{"@type":"BreadcrumbList","@id":"https:\/\/longchangchemical.com\/product\/beta-amylase-cas-9000-91-3\/#breadcrumb","itemListElement":[{"@type":"ListItem","position":1,"name":"Home","item":"https:\/\/longchangchemical.com\/"},{"@type":"ListItem","position":2,"name":"Products Longchang","item":"https:\/\/longchangchemical.com\/product\/"},{"@type":"ListItem","position":3,"name":"Longzyme\u00ae \u03b2-Amylase CAS 9000-91-3"}]},{"@type":"WebSite","@id":"https:\/\/longchangchemical.com\/#website","url":"https:\/\/longchangchemical.com\/","name":"Longchang Chemical","description":"China Hersteller von Chemikalien \uff06 Lieferant","publisher":{"@id":"https:\/\/longchangchemical.com\/#organization"},"potentialAction":[{"@type":"SearchAction","target":{"@type":"EntryPoint","urlTemplate":"https:\/\/longchangchemical.com\/?s={search_term_string}"},"query-input":{"@type":"PropertyValueSpecification","valueRequired":true,"valueName":"search_term_string"}}],"inLanguage":"de"},{"@type":"Organization","@id":"https:\/\/longchangchemical.com\/#organization","name":"Longchang Chemical","url":"https:\/\/longchangchemical.com\/","logo":{"@type":"ImageObject","inLanguage":"de","@id":"https:\/\/longchangchemical.com\/#\/schema\/logo\/image\/","url":"https:\/\/longchangchemical.com\/wp-content\/uploads\/2020\/08\/cropped-longchang-logo.png","contentUrl":"https:\/\/longchangchemical.com\/wp-content\/uploads\/2020\/08\/cropped-longchang-logo.png","width":512,"height":512,"caption":"Longchang Chemical"},"image":{"@id":"https:\/\/longchangchemical.com\/#\/schema\/logo\/image\/"}}]}},"_links":{"self":[{"href":"https:\/\/longchangchemical.com\/de\/wp-json\/wp\/v2\/product\/7287","targetHints":{"allow":["GET"]}}],"collection":[{"href":"https:\/\/longchangchemical.com\/de\/wp-json\/wp\/v2\/product"}],"about":[{"href":"https:\/\/longchangchemical.com\/de\/wp-json\/wp\/v2\/types\/product"}],"replies":[{"embeddable":true,"href":"https:\/\/longchangchemical.com\/de\/wp-json\/wp\/v2\/comments?post=7287"}],"wp:featuredmedia":[{"embeddable":true,"href":"https:\/\/longchangchemical.com\/de\/wp-json\/wp\/v2\/media\/7371"}],"wp:attachment":[{"href":"https:\/\/longchangchemical.com\/de\/wp-json\/wp\/v2\/media?parent=7287"}],"wp:term":[{"taxonomy":"product_brand","embeddable":true,"href":"https:\/\/longchangchemical.com\/de\/wp-json\/wp\/v2\/product_brand?post=7287"},{"taxonomy":"product_cat","embeddable":true,"href":"https:\/\/longchangchemical.com\/de\/wp-json\/wp\/v2\/product_cat?post=7287"},{"taxonomy":"product_tag","embeddable":true,"href":"https:\/\/longchangchemical.com\/de\/wp-json\/wp\/v2\/product_tag?post=7287"}],"curies":[{"name":"wp","href":"https:\/\/api.w.org\/{rel}","templated":true}]}}