{"id":7000,"date":"2024-06-13T02:33:33","date_gmt":"2024-06-13T02:33:33","guid":{"rendered":"https:\/\/longchangchemical.com\/?post_type=product&#038;p=7000"},"modified":"2025-04-01T07:06:52","modified_gmt":"2025-04-01T07:06:52","slug":"df-d952r","status":"publish","type":"product","link":"https:\/\/longchangchemical.com\/de\/product\/df-d952r\/","title":{"rendered":"CHLUMICRYL\u00ae DF-D952R \/ Entsch\u00e4umer"},"content":{"rendered":"<h1>Entsch\u00e4umer-Acrylat-Copolymer-L\u00f6sung<\/h1>\n<p><strong><b>Produktname:\u00a0<\/b><\/strong><strong><b>\u00a0\u00a0<\/b><\/strong> DF-D952R<\/p>\n<p><strong>Spezifikation<\/strong><\/p>\n<table width=\"594\" cellspacing=\"0\" cellpadding=\"0\">\n<tbody>\n<tr>\n<td>Zusammensetzung<\/td>\n<td>Acrylat-Copolymer-L\u00f6sung<\/td>\n<\/tr>\n<tr>\n<td>Erscheinungsbild<\/td>\n<td>Schwach gelblich-klare Fl\u00fcssigkeit<\/td>\n<\/tr>\n<tr>\n<td>L\u00f6sungsmittel<\/td>\n<td>Diisobutyladipat<\/td>\n<\/tr>\n<tr>\n<td>Wirkstoff<\/td>\n<td>40%<\/td>\n<\/tr>\n<tr>\n<td>Dichte<\/td>\n<td>0,92-0,96g\/ml(25\u00b11)\u2103<\/td>\n<\/tr>\n<tr>\n<td>Viskosit\u00e4t<\/td>\n<td>20-40s(Tu-4 viscometer)(25\u00b10.2)\u2103<\/td>\n<\/tr>\n<tr>\n<td>Flammpunkt<\/td>\n<td>\uff1e100\u2103<\/td>\n<\/tr>\n<\/tbody>\n<\/table>\n<p>Hinweis: Dieses Datenblatt enth\u00e4lt typische Ergebnisse, keine Standardwerte, vorbehaltlich COA.<\/p>\n<p><strong>Anwendungssystem<\/strong><\/p>\n<p>L\u00f6sungsmittelhaltige Beschichtung\/Farbe Tinte<\/p>\n<p><strong>Eigenschaften<\/strong><\/p>\n<p>Hervorragende schaumhemmende und entl\u00fcftende Wirkung ohne Nebeneffekt.<\/p>\n<p>Kann in Acryl-, Polyester-, Epoxid-, Alkyd- und anderen Systemen verwendet werden, au\u00dfer in Lacken.<\/p>\n<p>Unterliegt nicht der TATA DGR<\/p>\n<p><strong>Eingliederung<\/strong><\/p>\n<p>Sollte der M\u00fchlenbasis zugesetzt werden, um die Schaumhemmung, Entl\u00fcftung und Entsch\u00e4umungsgeschwindigkeit des Systems zu verbessern.<\/p>\n<p><strong>Zusatz vorschlagen<\/strong><\/p>\n<p>Zusatz zur Gesamtformulierung 0,15-0,8%<\/p>\n<p><strong><b>Paket<\/b><\/strong><strong><b>:<\/b><\/strong><\/p>\n<p>25KG \/ 180KG-Fass<\/p>\n<p><strong><b>Lagerung:<\/b><\/strong><\/p>\n<p>Sie werden in einem trockenen, sauberen Lager mit guter Bel\u00fcftung aufbewahrt.<\/p>\n<p>Vermeiden Sie Licht- und Hitzeeinwirkung.<\/p>\n<p>Schutz des Produkts vor Auslaufen, Regen und Sonneneinstrahlung w\u00e4hrend des Transports.<\/p>\n<p>Unversehrt 24 Monate in der Originalverpackung aufbewahren; Produkte, die \u00fcber die Lagerzeit hinausgehen, k\u00f6nnen nach Pr\u00fcfung weiter verwendet werden. Der Beh\u00e4lter muss sofort nach Gebrauch verschlossen werden.<\/p>\n<h2><strong><b>Kontaktieren Sie uns jetzt!<\/b><\/strong><\/h2>\n<h4><strong><b>Wenn Sie einen Preis ben\u00f6tigen, tragen Sie bitte Ihre Kontaktdaten in das unten stehende Formular ein. Wir werden uns in der Regel innerhalb von 24 Stunden mit Ihnen in Verbindung setzen. Sie k\u00f6nnen mir auch mailen<span style=\"color: #00ccff;\">\u00a0<a style=\"color: #00ccff;\" href=\"mailto:info@longchangchemical.com\">info@longchangchemical.com<\/a>\u00a0<\/span>w\u00e4hrend der Gesch\u00e4ftszeiten ( 8:30 bis 18:00 Uhr UTC+8 Mo.~Sa. ) oder nutzen Sie den Live-Chat auf der Website, um eine schnelle Antwort zu erhalten.<\/b><\/strong><\/h4>\n<p>&nbsp;<\/p>","protected":false},"excerpt":{"rendered":"<p>Entsch\u00e4umer-Acrylat-Copolymer-L\u00f6sung L\u00f6sung Produktname:    DF-D952R Spezifikation Zusammensetzung Acrylat-Copolymer-L\u00f6sung Aussehen Leicht gelblich-tr\u00fcbe Fl\u00fcssigkeit L\u00f6sungsmittel Diisobutyladipat Wirkstoff 40% Dichte 0,92-0,96g\/ml(25\u00b11)\u2103 Viskosit\u00e4t 20-40s(Tu-4 Viskosimeter)(25\u00b10,2)\u2103 Flammpunkt \uff1e100\u2103 Hinweis: Dieses Datenblatt soll typische Ergebnisse, nicht standard.Subject to COA geben. Anwendungssystem L\u00f6semittelbasierte Beschichtung\/Farbe Farbeigenschaften \u25cfAusgezeichnete Schaumhemmung und Entl\u00fcftungsf\u00e4higkeit ohne [...]<\/p>","protected":false},"featured_media":0,"comment_status":"closed","ping_status":"closed","template":"","meta":[],"product_brand":[],"product_cat":[138],"product_tag":[],"class_list":{"0":"post-7000","1":"product","2":"type-product","3":"status-publish","5":"product_cat-coating-and-ink-additives","7":"first","8":"instock","9":"shipping-taxable","10":"product-type-simple"},"yoast_head":"<!-- This site is optimized with the Yoast SEO plugin v25.3.1 - https:\/\/yoast.com\/wordpress\/plugins\/seo\/ -->\n<title>China CHLUMICRYL\u00ae DF-D952R \/ defoamer Manufacturer - Longchang Chemical<\/title>\n<meta name=\"description\" content=\"Polyether siloxane copolymer; Tego Foamex N; Tego Airex 900; Tego Airex 920\" \/>\n<meta name=\"robots\" content=\"index, follow, max-snippet:-1, max-image-preview:large, max-video-preview:-1\" \/>\n<link rel=\"canonical\" href=\"https:\/\/longchangchemical.com\/de\/product\/df-d952r\/\" \/>\n<meta property=\"og:locale\" content=\"de_DE\" \/>\n<meta property=\"og:type\" content=\"article\" \/>\n<meta property=\"og:title\" content=\"China CHLUMICRYL\u00ae DF-D952R \/ defoamer Manufacturer - Longchang Chemical\" \/>\n<meta property=\"og:description\" content=\"Polyether siloxane copolymer; Tego Foamex N; Tego Airex 900; Tego Airex 920\" \/>\n<meta property=\"og:url\" content=\"https:\/\/longchangchemical.com\/de\/product\/df-d952r\/\" \/>\n<meta property=\"og:site_name\" content=\"Longchang Chemical\" \/>\n<meta property=\"article:modified_time\" content=\"2025-04-01T07:06:52+00:00\" \/>\n<meta property=\"og:image\" content=\"https:\/\/longchangchemical.com\/wp-content\/uploads\/2024\/02\/logo-jpeg.jpg\" \/>\n\t<meta property=\"og:image:width\" content=\"1000\" \/>\n\t<meta property=\"og:image:height\" content=\"1000\" \/>\n\t<meta property=\"og:image:type\" content=\"image\/jpeg\" \/>\n<meta name=\"twitter:card\" content=\"summary_large_image\" \/>\n<script type=\"application\/ld+json\" class=\"yoast-schema-graph\">{\"@context\":\"https:\/\/schema.org\",\"@graph\":[{\"@type\":\"WebPage\",\"@id\":\"https:\/\/longchangchemical.com\/product\/df-d952r\/\",\"url\":\"https:\/\/longchangchemical.com\/product\/df-d952r\/\",\"name\":\"China CHLUMICRYL\u00ae DF-D952R \/ defoamer Manufacturer - Longchang Chemical\",\"isPartOf\":{\"@id\":\"https:\/\/longchangchemical.com\/#website\"},\"datePublished\":\"2024-06-13T02:33:33+00:00\",\"dateModified\":\"2025-04-01T07:06:52+00:00\",\"description\":\"Polyether siloxane copolymer; Tego Foamex N; Tego Airex 900; Tego Airex 920\",\"breadcrumb\":{\"@id\":\"https:\/\/longchangchemical.com\/product\/df-d952r\/#breadcrumb\"},\"inLanguage\":\"de\",\"potentialAction\":[{\"@type\":\"ReadAction\",\"target\":[\"https:\/\/longchangchemical.com\/product\/df-d952r\/\"]}]},{\"@type\":\"BreadcrumbList\",\"@id\":\"https:\/\/longchangchemical.com\/product\/df-d952r\/#breadcrumb\",\"itemListElement\":[{\"@type\":\"ListItem\",\"position\":1,\"name\":\"Home\",\"item\":\"https:\/\/longchangchemical.com\/\"},{\"@type\":\"ListItem\",\"position\":2,\"name\":\"Products Longchang\",\"item\":\"https:\/\/longchangchemical.com\/product\/\"},{\"@type\":\"ListItem\",\"position\":3,\"name\":\"CHLUMICRYL\u00ae DF-D952R \/ defoamer\"}]},{\"@type\":\"WebSite\",\"@id\":\"https:\/\/longchangchemical.com\/#website\",\"url\":\"https:\/\/longchangchemical.com\/\",\"name\":\"Longchang Chemical\",\"description\":\"China chemical manufacturer \uff06 supplier\",\"publisher\":{\"@id\":\"https:\/\/longchangchemical.com\/#organization\"},\"potentialAction\":[{\"@type\":\"SearchAction\",\"target\":{\"@type\":\"EntryPoint\",\"urlTemplate\":\"https:\/\/longchangchemical.com\/?s={search_term_string}\"},\"query-input\":{\"@type\":\"PropertyValueSpecification\",\"valueRequired\":true,\"valueName\":\"search_term_string\"}}],\"inLanguage\":\"de\"},{\"@type\":\"Organization\",\"@id\":\"https:\/\/longchangchemical.com\/#organization\",\"name\":\"Longchang Chemical\",\"url\":\"https:\/\/longchangchemical.com\/\",\"logo\":{\"@type\":\"ImageObject\",\"inLanguage\":\"de\",\"@id\":\"https:\/\/longchangchemical.com\/#\/schema\/logo\/image\/\",\"url\":\"https:\/\/longchangchemical.com\/wp-content\/uploads\/2020\/08\/cropped-longchang-logo.png\",\"contentUrl\":\"https:\/\/longchangchemical.com\/wp-content\/uploads\/2020\/08\/cropped-longchang-logo.png\",\"width\":512,\"height\":512,\"caption\":\"Longchang Chemical\"},\"image\":{\"@id\":\"https:\/\/longchangchemical.com\/#\/schema\/logo\/image\/\"}}]}<\/script>\n<!-- \/ Yoast SEO plugin. -->","yoast_head_json":{"title":"China CHLUMICRYL\u00ae DF-D952R \/ Entsch\u00e4umer Hersteller - Longchang Chemical","description":"Poly\u00e4thersiloxan-Copolymer; Tego Foamex N; Tego Airex 900; Tego Airex 920","robots":{"index":"index","follow":"follow","max-snippet":"max-snippet:-1","max-image-preview":"max-image-preview:large","max-video-preview":"max-video-preview:-1"},"canonical":"https:\/\/longchangchemical.com\/de\/product\/df-d952r\/","og_locale":"de_DE","og_type":"article","og_title":"China CHLUMICRYL\u00ae DF-D952R \/ defoamer Manufacturer - Longchang Chemical","og_description":"Polyether siloxane copolymer; Tego Foamex N; Tego Airex 900; Tego Airex 920","og_url":"https:\/\/longchangchemical.com\/de\/product\/df-d952r\/","og_site_name":"Longchang Chemical","article_modified_time":"2025-04-01T07:06:52+00:00","og_image":[{"width":1000,"height":1000,"url":"https:\/\/longchangchemical.com\/wp-content\/uploads\/2024\/02\/logo-jpeg.jpg","type":"image\/jpeg"}],"twitter_card":"summary_large_image","schema":{"@context":"https:\/\/schema.org","@graph":[{"@type":"WebPage","@id":"https:\/\/longchangchemical.com\/product\/df-d952r\/","url":"https:\/\/longchangchemical.com\/product\/df-d952r\/","name":"China CHLUMICRYL\u00ae DF-D952R \/ Entsch\u00e4umer Hersteller - Longchang Chemical","isPartOf":{"@id":"https:\/\/longchangchemical.com\/#website"},"datePublished":"2024-06-13T02:33:33+00:00","dateModified":"2025-04-01T07:06:52+00:00","description":"Poly\u00e4thersiloxan-Copolymer; Tego Foamex N; Tego Airex 900; Tego Airex 920","breadcrumb":{"@id":"https:\/\/longchangchemical.com\/product\/df-d952r\/#breadcrumb"},"inLanguage":"de","potentialAction":[{"@type":"ReadAction","target":["https:\/\/longchangchemical.com\/product\/df-d952r\/"]}]},{"@type":"BreadcrumbList","@id":"https:\/\/longchangchemical.com\/product\/df-d952r\/#breadcrumb","itemListElement":[{"@type":"ListItem","position":1,"name":"Home","item":"https:\/\/longchangchemical.com\/"},{"@type":"ListItem","position":2,"name":"Products Longchang","item":"https:\/\/longchangchemical.com\/product\/"},{"@type":"ListItem","position":3,"name":"CHLUMICRYL\u00ae DF-D952R \/ defoamer"}]},{"@type":"WebSite","@id":"https:\/\/longchangchemical.com\/#website","url":"https:\/\/longchangchemical.com\/","name":"Longchang Chemical","description":"China Hersteller von Chemikalien \uff06 Lieferant","publisher":{"@id":"https:\/\/longchangchemical.com\/#organization"},"potentialAction":[{"@type":"SearchAction","target":{"@type":"EntryPoint","urlTemplate":"https:\/\/longchangchemical.com\/?s={search_term_string}"},"query-input":{"@type":"PropertyValueSpecification","valueRequired":true,"valueName":"search_term_string"}}],"inLanguage":"de"},{"@type":"Organization","@id":"https:\/\/longchangchemical.com\/#organization","name":"Longchang Chemical","url":"https:\/\/longchangchemical.com\/","logo":{"@type":"ImageObject","inLanguage":"de","@id":"https:\/\/longchangchemical.com\/#\/schema\/logo\/image\/","url":"https:\/\/longchangchemical.com\/wp-content\/uploads\/2020\/08\/cropped-longchang-logo.png","contentUrl":"https:\/\/longchangchemical.com\/wp-content\/uploads\/2020\/08\/cropped-longchang-logo.png","width":512,"height":512,"caption":"Longchang Chemical"},"image":{"@id":"https:\/\/longchangchemical.com\/#\/schema\/logo\/image\/"}}]}},"_links":{"self":[{"href":"https:\/\/longchangchemical.com\/de\/wp-json\/wp\/v2\/product\/7000","targetHints":{"allow":["GET"]}}],"collection":[{"href":"https:\/\/longchangchemical.com\/de\/wp-json\/wp\/v2\/product"}],"about":[{"href":"https:\/\/longchangchemical.com\/de\/wp-json\/wp\/v2\/types\/product"}],"replies":[{"embeddable":true,"href":"https:\/\/longchangchemical.com\/de\/wp-json\/wp\/v2\/comments?post=7000"}],"wp:attachment":[{"href":"https:\/\/longchangchemical.com\/de\/wp-json\/wp\/v2\/media?parent=7000"}],"wp:term":[{"taxonomy":"product_brand","embeddable":true,"href":"https:\/\/longchangchemical.com\/de\/wp-json\/wp\/v2\/product_brand?post=7000"},{"taxonomy":"product_cat","embeddable":true,"href":"https:\/\/longchangchemical.com\/de\/wp-json\/wp\/v2\/product_cat?post=7000"},{"taxonomy":"product_tag","embeddable":true,"href":"https:\/\/longchangchemical.com\/de\/wp-json\/wp\/v2\/product_tag?post=7000"}],"curies":[{"name":"wp","href":"https:\/\/api.w.org\/{rel}","templated":true}]}}