{"id":6963,"date":"2024-05-22T05:42:08","date_gmt":"2024-05-22T05:42:08","guid":{"rendered":"https:\/\/longchangchemical.com\/?post_type=product&#038;p=6963"},"modified":"2026-05-08T03:00:06","modified_gmt":"2026-05-08T03:00:06","slug":"yeast-extract-cas-8013-01-2","status":"publish","type":"product","link":"https:\/\/longchangchemical.com\/de\/product\/yeast-extract-cas-8013-01-2\/","title":{"rendered":"Hefeextrakt CAS 8013-01-2"},"content":{"rendered":"<div class=\"col-md-6\">\n<h2><strong>Hefeextrakt CAS 8013-01-2<\/strong><\/h2>\n<p>Hefeextrakt wird aus proteinreicher B\u00e4cker- oder Bierhefe als Rohstoff gewonnen und durch Autolyse, Enzymolyse, Konzentration, Trocknung und andere Verfahren hergestellt. Er ist reich an Proteinen, Aminos\u00e4uren, Peptiden, Peptiden, Nukleins\u00e4uren, Vitaminen und Spurenelementen. Inhaltsstoffe von Biomedium-Produkten.<br \/>\nlcnacure\u00aeHefeextrakt ist reich an N\u00e4hrstoffen und findet breite Anwendung in der Mikrobenkulturindustrie, und einige Spezifikationen werden auch in der Lebensmittelindustrie verwendet, z. B. f\u00fcr Fleisch auf Pflanzenbasis.<\/p>\n<ul>\n<li>Ultrafiltrations-\/Mikrofiltrationsgrad:\u00a0<strong>FM888, FM808, FM818, FM828, FM808<\/strong><\/li>\n<li>Standardkategorie:\u00a0<strong>FM902, FM860, LM800, YA801 (autolysierte Hefe), LD00, FM905<\/strong><\/li>\n<li>Lebensmittelindustrie (nicht-tierischen Ursprungs):\u00a0<strong>KU012, SA524, VKA246<\/strong><\/li>\n<li>Kategorie N\u00e4hrstoffanreicherung:\u00a0<strong>FM803, LM802, FM505, LM505<\/strong><\/li>\n<li>Hefeextrakt Trockenpulver:\u00a0<strong>YI01, YI02<\/strong><\/li>\n<li>Hefeextrakt f\u00fcr die Zellkultur:<strong>\u00a0CM01, CM02<\/strong><\/li>\n<\/ul>\n<table width=\"521\">\n<tbody>\n<tr>\n<td width=\"199\">Artikel<\/td>\n<td width=\"322\">Spezifikationen<\/td>\n<\/tr>\n<tr>\n<td width=\"199\">Erscheinungsbild<\/td>\n<td width=\"322\">Gelbes Pulver mit spezifischem Geschmack, ohne<\/p>\n<p>Fremdgeruch und sichtbare Verunreinigung<\/td>\n<\/tr>\n<tr>\n<td width=\"199\">PH(8%-L\u00f6sung)<\/td>\n<td width=\"322\">4.5-8<\/td>\n<\/tr>\n<tr>\n<td width=\"199\">Trockenmasse (DM), %<\/td>\n<td width=\"322\">\u226594.0<\/td>\n<\/tr>\n<tr>\n<td width=\"199\">Gesamtstickstoff\/(DM-NaCl), %<\/td>\n<td width=\"322\">\u22659.0<\/td>\n<\/tr>\n<tr>\n<td width=\"199\">Natriumchlorid, %<\/td>\n<td width=\"322\">\u22641.0<\/td>\n<\/tr>\n<tr>\n<td width=\"199\">Aerobe Keimzahl, cfu\/g<\/td>\n<td width=\"322\">\u22645000<\/td>\n<\/tr>\n<tr>\n<td width=\"199\">Coliforme Keime, cfu\/g<\/td>\n<td width=\"322\">\u226430<\/td>\n<\/tr>\n<tr>\n<td width=\"199\">Clostridium perfringens, cfu\/g<\/td>\n<td width=\"322\">\u226410<\/td>\n<\/tr>\n<tr>\n<td width=\"199\">Hefen, cfu\/g<\/td>\n<td width=\"322\">&lt;50<\/td>\n<\/tr>\n<tr>\n<td width=\"199\">Schimmelpilze, cfu\/g<\/td>\n<td width=\"322\">\u226450<\/td>\n<\/tr>\n<tr>\n<td width=\"199\">Salmonellen, \/25g<\/td>\n<td width=\"322\">Abwesenheit<\/td>\n<\/tr>\n<tr>\n<td width=\"199\">Escherichia coli, \/25g<\/td>\n<td width=\"322\">Abwesenheit<\/td>\n<\/tr>\n<tr>\n<td width=\"199\">Staphylococcus aureus, \/25g<\/td>\n<td width=\"322\">Abwesenheit<\/td>\n<\/tr>\n<\/tbody>\n<\/table>\n<p><strong>\u00a0<\/strong><\/p>\n<p><strong>Funktion des Hefeextrakts:<\/strong><\/p>\n<ol>\n<li>Verwendung f\u00fcr Gew\u00fcrze, Nahrungserg\u00e4nzungsmittel, Verdickungsmittel usw. in der Lebensmittelindustrie<\/li>\n<li>Verwendet f\u00fcr Medienkomponenten im mikrobiellen Bereich.<\/li>\n<li>Rohstoffe f\u00fcr die Herstellung von Antibiotika im Bereich der Medizin<\/li>\n<\/ol>\n<p><strong>Hefeextrakt Verpackung und Versand:<\/strong><\/p>\n<p>Verpackung:20kg Sack.<\/p>\n<p>Lieferung: innerhalb von 5-7 Arbeitstagen.<\/p>\n<p><strong>\u00a0<\/strong><\/p>\n<p><strong>Lagerung von Hefeextrakt:<\/strong><\/p>\n<p>An einem k\u00fchlen, trockenen Ort ohne direkte Sonneneinstrahlung aufbewahren.<\/p>\n<\/div>\n<div class=\"col-md-6\">\n<h2><strong><b>Kontaktieren Sie uns jetzt!<\/b><\/strong><\/h2>\n<h4><strong><b>Wir bieten ma\u00dfgeschneiderte Dienstleistungen an und werden Sie in der Regel innerhalb von 24 Stunden kontaktieren. Sie k\u00f6nnen mir auch mailen <span style=\"color: #00ccff;\"><a style=\"color: #00ccff;\" href=\"mailto:info@longchangchemical.com\">info@longchangchemical.com<\/a><\/span> w\u00e4hrend der Gesch\u00e4ftszeiten ( 8:30 bis 18:00 Uhr UTC+8 Mo.~Sa. ) oder nutzen Sie den Live-Chat auf der Website, um eine schnelle Antwort zu erhalten.<\/b><\/strong><\/h4>\n<\/div>","protected":false},"excerpt":{"rendered":"<p>Andere Bezeichnung: Hefeextraktpulver;Hefeextrakt Fermentation<\/p>\n<p>CAS-Nr.: 8013-01-2<\/p>\n<p>Anwendung: Mikrobieller N\u00e4hrboden; Lebensmittelindustrie<\/p>\n<p>Verpackung: 20kg\/Sack<\/p>","protected":false},"featured_media":6964,"comment_status":"closed","ping_status":"closed","template":"","meta":[],"product_brand":[],"product_cat":[15],"product_tag":[],"class_list":{"0":"post-6963","1":"product","2":"type-product","3":"status-publish","4":"has-post-thumbnail","6":"product_cat-food-additives","8":"first","9":"instock","10":"shipping-taxable","11":"product-type-simple"},"yoast_head":"<!-- This site is optimized with the Yoast SEO plugin v25.3.1 - https:\/\/yoast.com\/wordpress\/plugins\/seo\/ -->\n<title>China Yeast Extract CAS 8013-01-2 Manufacturer - Longchang Chemical<\/title>\n<meta name=\"description\" content=\"Yeast Extract CAS 8013-01-2 is key product of LongChang Chemical. We provide best price. We are the leading manufacturer in China with the best quanlity and competitive price.\" \/>\n<meta name=\"robots\" content=\"index, follow, max-snippet:-1, max-image-preview:large, max-video-preview:-1\" \/>\n<link rel=\"canonical\" href=\"https:\/\/longchangchemical.com\/de\/product\/yeast-extract-cas-8013-01-2\/\" \/>\n<meta property=\"og:locale\" content=\"de_DE\" \/>\n<meta property=\"og:type\" content=\"article\" \/>\n<meta property=\"og:title\" content=\"China Yeast Extract CAS 8013-01-2 Manufacturer - Longchang Chemical\" \/>\n<meta property=\"og:description\" content=\"Yeast Extract CAS 8013-01-2 is key product of LongChang Chemical. We provide best price. We are the leading manufacturer in China with the best quanlity and competitive price.\" \/>\n<meta property=\"og:url\" content=\"https:\/\/longchangchemical.com\/de\/product\/yeast-extract-cas-8013-01-2\/\" \/>\n<meta property=\"og:site_name\" content=\"Longchang Chemical\" \/>\n<meta property=\"article:modified_time\" content=\"2026-05-08T03:00:06+00:00\" \/>\n<meta property=\"og:image\" content=\"https:\/\/longchangchemical.com\/wp-content\/uploads\/2024\/05\/Yeast-Extracts-manufacturer.jpg\" \/>\n\t<meta property=\"og:image:width\" content=\"800\" \/>\n\t<meta property=\"og:image:height\" content=\"800\" \/>\n\t<meta property=\"og:image:type\" content=\"image\/jpeg\" \/>\n<meta name=\"twitter:card\" content=\"summary_large_image\" \/>\n<script type=\"application\/ld+json\" class=\"yoast-schema-graph\">{\"@context\":\"https:\/\/schema.org\",\"@graph\":[{\"@type\":\"WebPage\",\"@id\":\"https:\/\/longchangchemical.com\/product\/yeast-extract-cas-8013-01-2\/\",\"url\":\"https:\/\/longchangchemical.com\/product\/yeast-extract-cas-8013-01-2\/\",\"name\":\"China Yeast Extract CAS 8013-01-2 Manufacturer - Longchang Chemical\",\"isPartOf\":{\"@id\":\"https:\/\/longchangchemical.com\/#website\"},\"primaryImageOfPage\":{\"@id\":\"https:\/\/longchangchemical.com\/product\/yeast-extract-cas-8013-01-2\/#primaryimage\"},\"image\":{\"@id\":\"https:\/\/longchangchemical.com\/product\/yeast-extract-cas-8013-01-2\/#primaryimage\"},\"thumbnailUrl\":\"https:\/\/longchangchemical.com\/wp-content\/uploads\/2024\/05\/Yeast-Extracts-manufacturer.jpg\",\"datePublished\":\"2024-05-22T05:42:08+00:00\",\"dateModified\":\"2026-05-08T03:00:06+00:00\",\"description\":\"Yeast Extract CAS 8013-01-2 is key product of LongChang Chemical. We provide best price. We are the leading manufacturer in China with the best quanlity and competitive price.\",\"breadcrumb\":{\"@id\":\"https:\/\/longchangchemical.com\/product\/yeast-extract-cas-8013-01-2\/#breadcrumb\"},\"inLanguage\":\"de\",\"potentialAction\":[{\"@type\":\"ReadAction\",\"target\":[\"https:\/\/longchangchemical.com\/product\/yeast-extract-cas-8013-01-2\/\"]}]},{\"@type\":\"ImageObject\",\"inLanguage\":\"de\",\"@id\":\"https:\/\/longchangchemical.com\/product\/yeast-extract-cas-8013-01-2\/#primaryimage\",\"url\":\"https:\/\/longchangchemical.com\/wp-content\/uploads\/2024\/05\/Yeast-Extracts-manufacturer.jpg\",\"contentUrl\":\"https:\/\/longchangchemical.com\/wp-content\/uploads\/2024\/05\/Yeast-Extracts-manufacturer.jpg\",\"width\":800,\"height\":800,\"caption\":\"Yeast Extracts manufacturer\"},{\"@type\":\"BreadcrumbList\",\"@id\":\"https:\/\/longchangchemical.com\/product\/yeast-extract-cas-8013-01-2\/#breadcrumb\",\"itemListElement\":[{\"@type\":\"ListItem\",\"position\":1,\"name\":\"Home\",\"item\":\"https:\/\/longchangchemical.com\/\"},{\"@type\":\"ListItem\",\"position\":2,\"name\":\"Products Longchang\",\"item\":\"https:\/\/longchangchemical.com\/product\/\"},{\"@type\":\"ListItem\",\"position\":3,\"name\":\"Yeast Extract CAS 8013-01-2\"}]},{\"@type\":\"WebSite\",\"@id\":\"https:\/\/longchangchemical.com\/#website\",\"url\":\"https:\/\/longchangchemical.com\/\",\"name\":\"Longchang Chemical\",\"description\":\"China chemical manufacturer \uff06 supplier\",\"publisher\":{\"@id\":\"https:\/\/longchangchemical.com\/#organization\"},\"potentialAction\":[{\"@type\":\"SearchAction\",\"target\":{\"@type\":\"EntryPoint\",\"urlTemplate\":\"https:\/\/longchangchemical.com\/?s={search_term_string}\"},\"query-input\":{\"@type\":\"PropertyValueSpecification\",\"valueRequired\":true,\"valueName\":\"search_term_string\"}}],\"inLanguage\":\"de\"},{\"@type\":\"Organization\",\"@id\":\"https:\/\/longchangchemical.com\/#organization\",\"name\":\"Longchang Chemical\",\"url\":\"https:\/\/longchangchemical.com\/\",\"logo\":{\"@type\":\"ImageObject\",\"inLanguage\":\"de\",\"@id\":\"https:\/\/longchangchemical.com\/#\/schema\/logo\/image\/\",\"url\":\"https:\/\/longchangchemical.com\/wp-content\/uploads\/2020\/08\/cropped-longchang-logo.png\",\"contentUrl\":\"https:\/\/longchangchemical.com\/wp-content\/uploads\/2020\/08\/cropped-longchang-logo.png\",\"width\":512,\"height\":512,\"caption\":\"Longchang Chemical\"},\"image\":{\"@id\":\"https:\/\/longchangchemical.com\/#\/schema\/logo\/image\/\"}}]}<\/script>\n<!-- \/ Yoast SEO plugin. -->","yoast_head_json":{"title":"China Hefeextrakt CAS 8013-01-2 Hersteller - Longchang Chemical","description":"Hefeextrakt CAS 8013-01-2 ist ein Schl\u00fcsselprodukt von LongChang Chemical. Wir bieten besten Preis. Wir sind der f\u00fchrende Hersteller in China mit dem besten quanlity und konkurrenzf\u00e4higen Preis.","robots":{"index":"index","follow":"follow","max-snippet":"max-snippet:-1","max-image-preview":"max-image-preview:large","max-video-preview":"max-video-preview:-1"},"canonical":"https:\/\/longchangchemical.com\/de\/product\/yeast-extract-cas-8013-01-2\/","og_locale":"de_DE","og_type":"article","og_title":"China Yeast Extract CAS 8013-01-2 Manufacturer - Longchang Chemical","og_description":"Yeast Extract CAS 8013-01-2 is key product of LongChang Chemical. We provide best price. We are the leading manufacturer in China with the best quanlity and competitive price.","og_url":"https:\/\/longchangchemical.com\/de\/product\/yeast-extract-cas-8013-01-2\/","og_site_name":"Longchang Chemical","article_modified_time":"2026-05-08T03:00:06+00:00","og_image":[{"width":800,"height":800,"url":"https:\/\/longchangchemical.com\/wp-content\/uploads\/2024\/05\/Yeast-Extracts-manufacturer.jpg","type":"image\/jpeg"}],"twitter_card":"summary_large_image","schema":{"@context":"https:\/\/schema.org","@graph":[{"@type":"WebPage","@id":"https:\/\/longchangchemical.com\/product\/yeast-extract-cas-8013-01-2\/","url":"https:\/\/longchangchemical.com\/product\/yeast-extract-cas-8013-01-2\/","name":"China Hefeextrakt CAS 8013-01-2 Hersteller - Longchang Chemical","isPartOf":{"@id":"https:\/\/longchangchemical.com\/#website"},"primaryImageOfPage":{"@id":"https:\/\/longchangchemical.com\/product\/yeast-extract-cas-8013-01-2\/#primaryimage"},"image":{"@id":"https:\/\/longchangchemical.com\/product\/yeast-extract-cas-8013-01-2\/#primaryimage"},"thumbnailUrl":"https:\/\/longchangchemical.com\/wp-content\/uploads\/2024\/05\/Yeast-Extracts-manufacturer.jpg","datePublished":"2024-05-22T05:42:08+00:00","dateModified":"2026-05-08T03:00:06+00:00","description":"Hefeextrakt CAS 8013-01-2 ist ein Schl\u00fcsselprodukt von LongChang Chemical. Wir bieten besten Preis. Wir sind der f\u00fchrende Hersteller in China mit dem besten quanlity und konkurrenzf\u00e4higen Preis.","breadcrumb":{"@id":"https:\/\/longchangchemical.com\/product\/yeast-extract-cas-8013-01-2\/#breadcrumb"},"inLanguage":"de","potentialAction":[{"@type":"ReadAction","target":["https:\/\/longchangchemical.com\/product\/yeast-extract-cas-8013-01-2\/"]}]},{"@type":"ImageObject","inLanguage":"de","@id":"https:\/\/longchangchemical.com\/product\/yeast-extract-cas-8013-01-2\/#primaryimage","url":"https:\/\/longchangchemical.com\/wp-content\/uploads\/2024\/05\/Yeast-Extracts-manufacturer.jpg","contentUrl":"https:\/\/longchangchemical.com\/wp-content\/uploads\/2024\/05\/Yeast-Extracts-manufacturer.jpg","width":800,"height":800,"caption":"Yeast Extracts manufacturer"},{"@type":"BreadcrumbList","@id":"https:\/\/longchangchemical.com\/product\/yeast-extract-cas-8013-01-2\/#breadcrumb","itemListElement":[{"@type":"ListItem","position":1,"name":"Home","item":"https:\/\/longchangchemical.com\/"},{"@type":"ListItem","position":2,"name":"Products Longchang","item":"https:\/\/longchangchemical.com\/product\/"},{"@type":"ListItem","position":3,"name":"Yeast Extract CAS 8013-01-2"}]},{"@type":"WebSite","@id":"https:\/\/longchangchemical.com\/#website","url":"https:\/\/longchangchemical.com\/","name":"Longchang Chemical","description":"China Hersteller von Chemikalien \uff06 Lieferant","publisher":{"@id":"https:\/\/longchangchemical.com\/#organization"},"potentialAction":[{"@type":"SearchAction","target":{"@type":"EntryPoint","urlTemplate":"https:\/\/longchangchemical.com\/?s={search_term_string}"},"query-input":{"@type":"PropertyValueSpecification","valueRequired":true,"valueName":"search_term_string"}}],"inLanguage":"de"},{"@type":"Organization","@id":"https:\/\/longchangchemical.com\/#organization","name":"Longchang Chemical","url":"https:\/\/longchangchemical.com\/","logo":{"@type":"ImageObject","inLanguage":"de","@id":"https:\/\/longchangchemical.com\/#\/schema\/logo\/image\/","url":"https:\/\/longchangchemical.com\/wp-content\/uploads\/2020\/08\/cropped-longchang-logo.png","contentUrl":"https:\/\/longchangchemical.com\/wp-content\/uploads\/2020\/08\/cropped-longchang-logo.png","width":512,"height":512,"caption":"Longchang Chemical"},"image":{"@id":"https:\/\/longchangchemical.com\/#\/schema\/logo\/image\/"}}]}},"_links":{"self":[{"href":"https:\/\/longchangchemical.com\/de\/wp-json\/wp\/v2\/product\/6963","targetHints":{"allow":["GET"]}}],"collection":[{"href":"https:\/\/longchangchemical.com\/de\/wp-json\/wp\/v2\/product"}],"about":[{"href":"https:\/\/longchangchemical.com\/de\/wp-json\/wp\/v2\/types\/product"}],"replies":[{"embeddable":true,"href":"https:\/\/longchangchemical.com\/de\/wp-json\/wp\/v2\/comments?post=6963"}],"wp:featuredmedia":[{"embeddable":true,"href":"https:\/\/longchangchemical.com\/de\/wp-json\/wp\/v2\/media\/6964"}],"wp:attachment":[{"href":"https:\/\/longchangchemical.com\/de\/wp-json\/wp\/v2\/media?parent=6963"}],"wp:term":[{"taxonomy":"product_brand","embeddable":true,"href":"https:\/\/longchangchemical.com\/de\/wp-json\/wp\/v2\/product_brand?post=6963"},{"taxonomy":"product_cat","embeddable":true,"href":"https:\/\/longchangchemical.com\/de\/wp-json\/wp\/v2\/product_cat?post=6963"},{"taxonomy":"product_tag","embeddable":true,"href":"https:\/\/longchangchemical.com\/de\/wp-json\/wp\/v2\/product_tag?post=6963"}],"curies":[{"name":"wp","href":"https:\/\/api.w.org\/{rel}","templated":true}]}}