{"id":6956,"date":"2024-05-14T07:33:11","date_gmt":"2024-05-14T07:33:11","guid":{"rendered":"https:\/\/longchangchemical.com\/?post_type=product&#038;p=6956"},"modified":"2025-12-16T09:42:52","modified_gmt":"2025-12-16T09:42:52","slug":"polyphosphoric-acid-cas-8017-16-1","status":"publish","type":"product","link":"https:\/\/longchangchemical.com\/de\/product\/polyphosphoric-acid-cas-8017-16-1\/","title":{"rendered":"Polyphosphors\u00e4ure CAS 8017-16-1"},"content":{"rendered":"<h1><strong>Polyphosphors\u00e4ure CAS 8017-16-1<\/strong><\/h1>\n<table>\n<tbody>\n<tr>\n<td width=\"170\">Artikel<\/td>\n<td colspan=\"5\" width=\"374\">Spezifikation<\/td>\n<\/tr>\n<tr>\n<td width=\"170\">Erscheinungsbild<\/td>\n<td colspan=\"5\" width=\"374\">Farblose transparente oder leicht gelbliche, viskose Fl\u00fcssigkeit<\/td>\n<\/tr>\n<tr>\n<td width=\"170\">H3PO4, %<\/td>\n<td width=\"73\">\u2265105.0<\/td>\n<td width=\"78\">\u2265115.0<\/td>\n<td width=\"71\">\u2265116.0<\/td>\n<td width=\"79\">\u2265117.0<\/td>\n<td width=\"73\">\u2265118.0<\/td>\n<\/tr>\n<tr>\n<td width=\"170\">P2O5, %<\/td>\n<td width=\"73\">\u226576.0<\/td>\n<td width=\"78\">\u226583.3<\/td>\n<td width=\"71\">\u226584.0<\/td>\n<td width=\"79\">\u226584.7<\/td>\n<td width=\"73\">\u226585.4<\/td>\n<\/tr>\n<tr>\n<td width=\"170\">Chlor, %<\/td>\n<td width=\"73\">\u22640.0010<\/td>\n<td width=\"78\">\u22640.0010<\/td>\n<td width=\"71\">\u22640.0010<\/td>\n<td width=\"79\">\u22640.0010<\/td>\n<td width=\"73\">\u22640.0010<\/td>\n<\/tr>\n<tr>\n<td width=\"170\">Eisen, %<\/td>\n<td width=\"73\">\u22640.0020<\/td>\n<td width=\"78\">\u22640.0020<\/td>\n<td width=\"71\">\u22640.0020<\/td>\n<td width=\"79\">\u22640.0020<\/td>\n<td width=\"73\">\u22640.0020<\/td>\n<\/tr>\n<tr>\n<td width=\"170\">Arsen, %<\/td>\n<td width=\"73\">\u22640.0100<\/td>\n<td width=\"78\">\u22640.0100<\/td>\n<td width=\"71\">\u22640.0100<\/td>\n<td width=\"79\">\u22640.0100<\/td>\n<td width=\"73\">\u22640.0100<\/td>\n<\/tr>\n<tr>\n<td width=\"170\">Schwermetalle (berechnet als Blei),%<\/td>\n<td width=\"73\">\u22640.0030<\/td>\n<td width=\"78\">\u22640.0030<\/td>\n<td width=\"71\">\u22640.0030<\/td>\n<td width=\"79\">\u22640.0030<\/td>\n<td width=\"73\">\u22640.0030<\/td>\n<\/tr>\n<\/tbody>\n<\/table>\n<p>&nbsp;<\/p>\n<p><strong>Anwendung:<\/strong><\/p>\n<p>1. Polyphosphors\u00e4ure (PPA) ist ein h\u00e4ufig verwendeter chemischer Modifikator f\u00fcr Asphalt. Im Gemisch mit Asphalt bildet sie stabile chemische Bindungen, verbessert die Grenzfl\u00e4chenkompatibilit\u00e4t und die Modifikationseffekte und hat in den letzten Jahren viel Aufmerksamkeit erhalten.<\/p>\n<p>2. Polyphosphors\u00e4ure (PPA) durchl\u00e4uft w\u00e4hrend des Modifizierungsprozesses zwei chemische Reaktionen: Neutralisierung und Veresterung. Im Vergleich zu anderen Modifizierungsmitteln hat Polyphosphors\u00e4ure hervorragende Modifizierungseffekte auf Asphalt, wie z. B. die Verbesserung der Best\u00e4ndigkeit gegen Wassersch\u00e4den und Spurrillen, die Verbesserung der Hochtemperaturleistung und die Verringerung der Temperaturempfindlichkeit.<\/p>\n<p>3. Dar\u00fcber hinaus hat die Forschung gezeigt, dass die Polyphosphors\u00e4ure und einige Polymer-Mischung, nicht nur die gleiche Wirkung mit der Verwendung von Polymer-modifizierten Asphalt allein zu erreichen, sondern auch mit billigen Polyphosphors\u00e4ure Modifikator anstelle von einigen der teuren Polymer-Modifikatoren, reduzieren die Kosten der modifizierten Asphalt.<\/p>\n<p>4. Polyphosphors\u00e4ure kann auch in der organischen Synthese als Wasserverlustmittel, Cyclisierungsmittel, Acylierungsmittel, Kondensations-, Cyclisierungs-, Umlagerungs-, Substitutions- und andere Reaktionen des Katalysators oder L\u00f6sungsmittels verwendet werden.<\/p>\n<p>5. Manchmal mit Polyphosphors\u00e4ureester (PPE) Klasse zur Erh\u00f6hung der L\u00f6slichkeit von Polyphosphors\u00e4ure in organischen L\u00f6sungsmitteln, zus\u00e4tzlich zu Polyphosphors\u00e4ure wird auch als Orthophosphors\u00e4ure-Ersatz und analytische Reagenzien verwendet.<\/p>\n<p>6. Es wird als Katalysator f\u00fcr die Polymerisation, Alkylierung, Dehydratisierung und Isomerisierung in der chemischen und petrochemischen Industrie verwendet und hat eine breite Palette von Anwendungen, insbesondere in Arzneimitteln, organischen Pigmenten und petrochemischen Katalysatoren. Es kann auch bei der Synthese von pharmazeutischen Produkten wie Fluormethaquin und Ketotifen verwendet werden.<\/p>\n<p>&nbsp;<\/p>\n<p><strong><b>P<\/b><\/strong><strong><b>ackag<\/b><\/strong><strong><b>e<\/b><\/strong><strong><b>:<\/b><\/strong>40 kg\/Fass; 340 kg\/Fass; IBC-Fass.<\/p>\n<p><strong><b>\u00a0<\/b><\/strong><\/p>\n<p><strong><b>Lagerung: <\/b><\/strong><\/p>\n<p>Sie werden in einem trockenen, sauberen Lager mit guter Bel\u00fcftung aufbewahrt.<\/p>\n<p>Vermeiden Sie Licht- und Hitzeeinwirkung.<\/p>\n<p>Schutz des Produkts vor Auslaufen, Regen und Sonneneinstrahlung w\u00e4hrend des Transports.<\/p>\n<p>&nbsp;<\/p>\n<h2><span style=\"color: #000000;\"><strong><b>Kontaktieren Sie uns jetzt!<\/b><\/strong><\/span><\/h2>\n<h4><span style=\"color: #000000;\"><strong><b>Wenn Sie einen Preis ben\u00f6tigen, tragen Sie bitte Ihre Kontaktdaten in das unten stehende Formular ein. Wir werden uns in der Regel innerhalb von 24 Stunden mit Ihnen in Verbindung setzen. Sie k\u00f6nnen mir auch mailen <span style=\"color: #00ffff;\"><a style=\"color: #00ffff;\" href=\"mailto:info@longchangchemical.com\">info@longchangchemical.com<\/a><\/span> w\u00e4hrend der Gesch\u00e4ftszeiten ( 8:30 bis 18:00 Uhr UTC+8 Mo.~Sa. ) oder nutzen Sie den Live-Chat auf der Website, um eine schnelle Antwort zu erhalten.<\/b><\/strong><\/span><\/h4>","protected":false},"excerpt":{"rendered":"<p><strong>Chemische Bezeichnung:<\/strong>\u00a0Polyphosphors\u00e4ure<\/p>\n<p><strong>Synonym: <\/strong>&#8211;<\/p>\n<p><strong>CAS-Nr.:<\/strong>\u00a08017-16-1<\/p>\n<p><strong>MF<\/strong>: (H)n+2.(P)n.(O)3n+1\u00a0\u00a0\u00a0 <strong>MW<\/strong><strong>:<\/strong>&#8211;<\/p>\n<p><strong>Molekulare Struktur\uff1a<img decoding=\"async\" class=\"alignnone size-full wp-image-6957\" src=\"https:\/\/longchangchemical.com\/wp-content\/uploads\/2024\/05\/CAS-8017-16-1.png\" alt=\"\" width=\"93\" height=\"60\" \/><\/strong><\/p>\n<p><strong>\u00a0<\/strong><\/p>","protected":false},"featured_media":0,"comment_status":"closed","ping_status":"closed","template":"","meta":[],"product_brand":[],"product_cat":[113],"product_tag":[],"class_list":{"0":"post-6956","1":"product","2":"type-product","3":"status-publish","5":"product_cat-organic-intermediate","7":"first","8":"instock","9":"shipping-taxable","10":"product-type-simple"},"yoast_head":"<!-- This site is optimized with the Yoast SEO plugin v25.3.1 - https:\/\/yoast.com\/wordpress\/plugins\/seo\/ -->\n<title>China Polyphosphoric acid CAS 8017-16-1 Manufacturer - Longchang Chemical<\/title>\n<meta name=\"description\" content=\"Polyphosphoric acid CAS 8017-16-1 is key product of LongChang Chemical. We provide best price. We are the leading manufacturer in China with the best quanlity and competitive price.\" \/>\n<meta name=\"robots\" content=\"index, follow, max-snippet:-1, max-image-preview:large, max-video-preview:-1\" \/>\n<link rel=\"canonical\" href=\"https:\/\/longchangchemical.com\/de\/product\/polyphosphoric-acid-cas-8017-16-1\/\" \/>\n<meta property=\"og:locale\" content=\"de_DE\" \/>\n<meta property=\"og:type\" content=\"article\" \/>\n<meta property=\"og:title\" content=\"China Polyphosphoric acid CAS 8017-16-1 Manufacturer - Longchang Chemical\" \/>\n<meta property=\"og:description\" content=\"Polyphosphoric acid CAS 8017-16-1 is key product of LongChang Chemical. We provide best price. We are the leading manufacturer in China with the best quanlity and competitive price.\" \/>\n<meta property=\"og:url\" content=\"https:\/\/longchangchemical.com\/de\/product\/polyphosphoric-acid-cas-8017-16-1\/\" \/>\n<meta property=\"og:site_name\" content=\"Longchang Chemical\" \/>\n<meta property=\"article:modified_time\" content=\"2025-12-16T09:42:52+00:00\" \/>\n<meta property=\"og:image\" content=\"https:\/\/longchangchemical.com\/wp-content\/uploads\/2024\/02\/logo-jpeg.jpg\" \/>\n\t<meta property=\"og:image:width\" content=\"1000\" \/>\n\t<meta property=\"og:image:height\" content=\"1000\" \/>\n\t<meta property=\"og:image:type\" content=\"image\/jpeg\" \/>\n<meta name=\"twitter:card\" content=\"summary_large_image\" \/>\n<script type=\"application\/ld+json\" class=\"yoast-schema-graph\">{\"@context\":\"https:\/\/schema.org\",\"@graph\":[{\"@type\":\"WebPage\",\"@id\":\"https:\/\/longchangchemical.com\/product\/polyphosphoric-acid-cas-8017-16-1\/\",\"url\":\"https:\/\/longchangchemical.com\/product\/polyphosphoric-acid-cas-8017-16-1\/\",\"name\":\"China Polyphosphoric acid CAS 8017-16-1 Manufacturer - Longchang Chemical\",\"isPartOf\":{\"@id\":\"https:\/\/longchangchemical.com\/#website\"},\"datePublished\":\"2024-05-14T07:33:11+00:00\",\"dateModified\":\"2025-12-16T09:42:52+00:00\",\"description\":\"Polyphosphoric acid CAS 8017-16-1 is key product of LongChang Chemical. We provide best price. We are the leading manufacturer in China with the best quanlity and competitive price.\",\"breadcrumb\":{\"@id\":\"https:\/\/longchangchemical.com\/product\/polyphosphoric-acid-cas-8017-16-1\/#breadcrumb\"},\"inLanguage\":\"de\",\"potentialAction\":[{\"@type\":\"ReadAction\",\"target\":[\"https:\/\/longchangchemical.com\/product\/polyphosphoric-acid-cas-8017-16-1\/\"]}]},{\"@type\":\"BreadcrumbList\",\"@id\":\"https:\/\/longchangchemical.com\/product\/polyphosphoric-acid-cas-8017-16-1\/#breadcrumb\",\"itemListElement\":[{\"@type\":\"ListItem\",\"position\":1,\"name\":\"Home\",\"item\":\"https:\/\/longchangchemical.com\/\"},{\"@type\":\"ListItem\",\"position\":2,\"name\":\"Products Longchang\",\"item\":\"https:\/\/longchangchemical.com\/product\/\"},{\"@type\":\"ListItem\",\"position\":3,\"name\":\"Polyphosphoric acid CAS 8017-16-1\"}]},{\"@type\":\"WebSite\",\"@id\":\"https:\/\/longchangchemical.com\/#website\",\"url\":\"https:\/\/longchangchemical.com\/\",\"name\":\"Longchang Chemical\",\"description\":\"China chemical manufacturer \uff06 supplier\",\"publisher\":{\"@id\":\"https:\/\/longchangchemical.com\/#organization\"},\"potentialAction\":[{\"@type\":\"SearchAction\",\"target\":{\"@type\":\"EntryPoint\",\"urlTemplate\":\"https:\/\/longchangchemical.com\/?s={search_term_string}\"},\"query-input\":{\"@type\":\"PropertyValueSpecification\",\"valueRequired\":true,\"valueName\":\"search_term_string\"}}],\"inLanguage\":\"de\"},{\"@type\":\"Organization\",\"@id\":\"https:\/\/longchangchemical.com\/#organization\",\"name\":\"Longchang Chemical\",\"url\":\"https:\/\/longchangchemical.com\/\",\"logo\":{\"@type\":\"ImageObject\",\"inLanguage\":\"de\",\"@id\":\"https:\/\/longchangchemical.com\/#\/schema\/logo\/image\/\",\"url\":\"https:\/\/longchangchemical.com\/wp-content\/uploads\/2020\/08\/cropped-longchang-logo.png\",\"contentUrl\":\"https:\/\/longchangchemical.com\/wp-content\/uploads\/2020\/08\/cropped-longchang-logo.png\",\"width\":512,\"height\":512,\"caption\":\"Longchang Chemical\"},\"image\":{\"@id\":\"https:\/\/longchangchemical.com\/#\/schema\/logo\/image\/\"}}]}<\/script>\n<!-- \/ Yoast SEO plugin. -->","yoast_head_json":{"title":"China Polyphosphors\u00e4ure CAS 8017-16-1 Hersteller - Longchang Chemical","description":"Polyphosphors\u00e4ure CAS 8017-16-1 ist ein Schl\u00fcsselprodukt von LongChang Chemical. Wir bieten besten Preis. Wir sind der f\u00fchrende Hersteller in China mit der besten quanlity und konkurrenzf\u00e4higen Preis.","robots":{"index":"index","follow":"follow","max-snippet":"max-snippet:-1","max-image-preview":"max-image-preview:large","max-video-preview":"max-video-preview:-1"},"canonical":"https:\/\/longchangchemical.com\/de\/product\/polyphosphoric-acid-cas-8017-16-1\/","og_locale":"de_DE","og_type":"article","og_title":"China Polyphosphoric acid CAS 8017-16-1 Manufacturer - Longchang Chemical","og_description":"Polyphosphoric acid CAS 8017-16-1 is key product of LongChang Chemical. We provide best price. We are the leading manufacturer in China with the best quanlity and competitive price.","og_url":"https:\/\/longchangchemical.com\/de\/product\/polyphosphoric-acid-cas-8017-16-1\/","og_site_name":"Longchang Chemical","article_modified_time":"2025-12-16T09:42:52+00:00","og_image":[{"width":1000,"height":1000,"url":"https:\/\/longchangchemical.com\/wp-content\/uploads\/2024\/02\/logo-jpeg.jpg","type":"image\/jpeg"}],"twitter_card":"summary_large_image","schema":{"@context":"https:\/\/schema.org","@graph":[{"@type":"WebPage","@id":"https:\/\/longchangchemical.com\/product\/polyphosphoric-acid-cas-8017-16-1\/","url":"https:\/\/longchangchemical.com\/product\/polyphosphoric-acid-cas-8017-16-1\/","name":"China Polyphosphors\u00e4ure CAS 8017-16-1 Hersteller - Longchang Chemical","isPartOf":{"@id":"https:\/\/longchangchemical.com\/#website"},"datePublished":"2024-05-14T07:33:11+00:00","dateModified":"2025-12-16T09:42:52+00:00","description":"Polyphosphors\u00e4ure CAS 8017-16-1 ist ein Schl\u00fcsselprodukt von LongChang Chemical. Wir bieten besten Preis. Wir sind der f\u00fchrende Hersteller in China mit der besten quanlity und konkurrenzf\u00e4higen Preis.","breadcrumb":{"@id":"https:\/\/longchangchemical.com\/product\/polyphosphoric-acid-cas-8017-16-1\/#breadcrumb"},"inLanguage":"de","potentialAction":[{"@type":"ReadAction","target":["https:\/\/longchangchemical.com\/product\/polyphosphoric-acid-cas-8017-16-1\/"]}]},{"@type":"BreadcrumbList","@id":"https:\/\/longchangchemical.com\/product\/polyphosphoric-acid-cas-8017-16-1\/#breadcrumb","itemListElement":[{"@type":"ListItem","position":1,"name":"Home","item":"https:\/\/longchangchemical.com\/"},{"@type":"ListItem","position":2,"name":"Products Longchang","item":"https:\/\/longchangchemical.com\/product\/"},{"@type":"ListItem","position":3,"name":"Polyphosphoric acid CAS 8017-16-1"}]},{"@type":"WebSite","@id":"https:\/\/longchangchemical.com\/#website","url":"https:\/\/longchangchemical.com\/","name":"Longchang Chemical","description":"China Hersteller von Chemikalien \uff06 Lieferant","publisher":{"@id":"https:\/\/longchangchemical.com\/#organization"},"potentialAction":[{"@type":"SearchAction","target":{"@type":"EntryPoint","urlTemplate":"https:\/\/longchangchemical.com\/?s={search_term_string}"},"query-input":{"@type":"PropertyValueSpecification","valueRequired":true,"valueName":"search_term_string"}}],"inLanguage":"de"},{"@type":"Organization","@id":"https:\/\/longchangchemical.com\/#organization","name":"Longchang Chemical","url":"https:\/\/longchangchemical.com\/","logo":{"@type":"ImageObject","inLanguage":"de","@id":"https:\/\/longchangchemical.com\/#\/schema\/logo\/image\/","url":"https:\/\/longchangchemical.com\/wp-content\/uploads\/2020\/08\/cropped-longchang-logo.png","contentUrl":"https:\/\/longchangchemical.com\/wp-content\/uploads\/2020\/08\/cropped-longchang-logo.png","width":512,"height":512,"caption":"Longchang Chemical"},"image":{"@id":"https:\/\/longchangchemical.com\/#\/schema\/logo\/image\/"}}]}},"_links":{"self":[{"href":"https:\/\/longchangchemical.com\/de\/wp-json\/wp\/v2\/product\/6956","targetHints":{"allow":["GET"]}}],"collection":[{"href":"https:\/\/longchangchemical.com\/de\/wp-json\/wp\/v2\/product"}],"about":[{"href":"https:\/\/longchangchemical.com\/de\/wp-json\/wp\/v2\/types\/product"}],"replies":[{"embeddable":true,"href":"https:\/\/longchangchemical.com\/de\/wp-json\/wp\/v2\/comments?post=6956"}],"wp:attachment":[{"href":"https:\/\/longchangchemical.com\/de\/wp-json\/wp\/v2\/media?parent=6956"}],"wp:term":[{"taxonomy":"product_brand","embeddable":true,"href":"https:\/\/longchangchemical.com\/de\/wp-json\/wp\/v2\/product_brand?post=6956"},{"taxonomy":"product_cat","embeddable":true,"href":"https:\/\/longchangchemical.com\/de\/wp-json\/wp\/v2\/product_cat?post=6956"},{"taxonomy":"product_tag","embeddable":true,"href":"https:\/\/longchangchemical.com\/de\/wp-json\/wp\/v2\/product_tag?post=6956"}],"curies":[{"name":"wp","href":"https:\/\/api.w.org\/{rel}","templated":true}]}}