{"id":6907,"date":"2024-05-07T05:38:50","date_gmt":"2024-05-07T05:38:50","guid":{"rendered":"https:\/\/longchangchemical.com\/?post_type=product&#038;p=6907"},"modified":"2025-12-17T01:55:34","modified_gmt":"2025-12-17T01:55:34","slug":"dimethyldineodecanoatetin-cas-68928-76-7","status":"publish","type":"product","link":"https:\/\/longchangchemical.com\/de\/product\/dimethyldineodecanoatetin-cas-68928-76-7\/","title":{"rendered":"Dimethyldineodecanoatetin CAS 68928-76-7"},"content":{"rendered":"<h1><strong>Dimethyldineodecanoatetin CAS 68928-76-7<\/strong><\/h1>\n<p>Chemische Eigenschaften<\/p>\n<p>Schmelzpunkt: -6\u00b0C<\/p>\n<p>Siedepunkt: 265,6\u00b0C bei 760 mmHg<\/p>\n<p>Flammpunkt: 153\u00b0C<\/p>\n<p>Dichte: 1,14 g\/cm3<\/p>\n<p>Dampfdruck: 0.00263mmHg bei 25\u00b0CRefractive<\/p>\n<p>Index: 1.47<\/p>\n<p>Wasserl\u00f6slichkeit: 16,27\u03bcg\/L bei 25\u2103<\/p>\n<h2><strong>Dimethyldineodecanoatetin Verwendung<\/strong><\/h2>\n<p>1. Dimethyldineodecanoatetin wird als effizienter Katalysator bei der Herstellung von Polyurethan-Schaumstoffen, Beschichtungen, Klebstoffen und Dichtungsmitteln verwendet.<\/p>\n<p>2. Dimethyldineodecanoatetin wird in Zweikomponenten-Polyurethan, Polyester, Nitrolacken, Druckfarben, H\u00e4rtekatalysatoren usw. verwendet. Es hat eine gute Oxidationsbest\u00e4ndigkeit.<br \/>\n3. Dimethyldineodecanoatetin wird bei der Herstellung von Polyurethan-Kunststoffen, Polyurethan-Beschichtungen, Silikonkautschuk-Katalysatoren, Katalysatoren usw. verwendet.<\/p>\n<p>Er hat die h\u00f6chste katalytische Aktivit\u00e4t unter den zinnorganischen Katalysatoren und erzielt sehr kurze Gelier- und Antihaftzeiten. Seine Aktivit\u00e4t ist \u00e4hnlich wie die von Dibutylzinndiacetat (DBTDA), jedoch ohne den Essigs\u00e4uregeruch oder die Korrosivit\u00e4t von DBTDA. Es ersetzt DBTDL in vielen Polyurethanschaumsystemen mit den Vorteilen einer niedrigen Dosierung und geringer Kosten. Es hat einen niedrigeren Gefrierpunkt als DBTDL und eine etwas bessere Hydrolysebest\u00e4ndigkeit. Es kann f\u00fcr schnell aush\u00e4rtende Gie\u00df- und Spr\u00fchelastomere verwendet werden, kann in bei Raumtemperatur aush\u00e4rtenden Polyurethan- und Silikonsystemen eingesetzt werden und ist besonders f\u00fcr aliphatische Polyurethansysteme geeignet.<\/p>\n<h2><strong>Anderer Name:<\/strong><\/h2>\n<p>Dimethylbis[(1-oxoneodecyl)oxy]stannan<\/p>\n<p>Dimethylzinndineodecanoat<\/p>\n<p>Dimethyldineodecanoatetin<\/p>\n<p>Dimethylzinndineodecanoat<\/p>\n<p>Dimethyltinneodecanoat<\/p>\n<p>&nbsp;<\/p>\n<h2><span style=\"color: #000000;\"><strong><b>Kontaktieren Sie uns jetzt!<\/b><\/strong><\/span><\/h2>\n<h4><span style=\"color: #000000;\"><strong><b>Wenn Sie einen Preis ben\u00f6tigen, tragen Sie bitte Ihre Kontaktdaten in das unten stehende Formular ein. Wir werden uns in der Regel innerhalb von 24 Stunden mit Ihnen in Verbindung setzen. Sie k\u00f6nnen mir auch mailen <span style=\"color: #00ffff;\"><a style=\"color: #00ffff;\" href=\"mailto:info@longchangchemical.com\">info@longchangchemical.com<\/a><\/span> w\u00e4hrend der Gesch\u00e4ftszeiten ( 8:30 bis 18:00 Uhr UTC+8 Mo.~Sa. ) oder nutzen Sie den Live-Chat auf der Website, um eine schnelle Antwort zu erhalten.<\/b><\/strong><\/span><\/h4>\n<p>&nbsp;<\/p>\n<table class=\"aligncenter\" style=\"border-collapse: collapse; width: 326.27pt;\" border=\"0\" width=\"435\" cellspacing=\"0\" cellpadding=\"0\">\n<tbody>\n<tr style=\"height: 13.50pt;\">\n<td class=\"et2\" style=\"height: 13.50pt; width: 164.25pt;\" width=\"219\" height=\"18\"><a href=\"https:\/\/longchangchemical.com\/de\/product\/stannous-chloride-anhydrous-cas-7772-99-8\/\"><span style=\"color: #00ccff;\">Zinn(II)-chlorid, wasserfrei<\/span><\/a><\/td>\n<td class=\"et2\" style=\"width: 162.00pt;\" width=\"216\">7772-99-8<\/td>\n<\/tr>\n<tr style=\"height: 13.50pt;\">\n<td class=\"et2\" style=\"height: 13.50pt;\" height=\"18\"><a href=\"https:\/\/longchangchemical.com\/de\/product\/dimethyltin-dichloride-cas-753-73-1\/\"><span style=\"color: #00ccff;\">Dimethylzinndichlorid<\/span><\/a><\/td>\n<td class=\"et2\">753-73-1<\/td>\n<\/tr>\n<tr style=\"height: 14.25pt;\">\n<td class=\"et3\" style=\"height: 14.25pt; width: 164.25pt;\" width=\"219\" height=\"19\"><a href=\"https:\/\/longchangchemical.com\/de\/product\/monobutyltin-oxide-cas-2273-43-0\/\"><span class=\"font2\" style=\"color: #00ccff;\">Monobutylzinn-Oxid<\/span><\/a><\/td>\n<td class=\"et4\" style=\"width: 162.00pt;\" width=\"216\">2273-43-0<\/td>\n<\/tr>\n<tr style=\"height: 14.25pt;\">\n<td class=\"et3\" style=\"height: 14.25pt; width: 164.25pt;\" width=\"219\" height=\"19\"><a href=\"https:\/\/longchangchemical.com\/de\/product\/dibutyltin-oxide-cas-818-08-6\/\"><span class=\"font2\" style=\"color: #00ccff;\">Dibutylzinn-Oxid<\/span><\/a><\/td>\n<td class=\"et4\" style=\"width: 162.00pt;\" width=\"216\">818-08-6<\/td>\n<\/tr>\n<tr style=\"height: 14.25pt;\">\n<td class=\"et3\" style=\"height: 14.25pt; width: 164.25pt;\" width=\"219\" height=\"19\"><a href=\"https:\/\/longchangchemical.com\/de\/product\/tributyltin-oxide-cas-56-35-9\/\"><span class=\"font2\" style=\"color: #00ccff;\">Tributylzinn-Oxid<\/span><\/a><\/td>\n<td class=\"et4\" style=\"width: 162.00pt;\" width=\"216\">56-35-9<\/td>\n<\/tr>\n<tr style=\"height: 14.25pt;\">\n<td class=\"et4\" style=\"height: 14.25pt; width: 164.25pt;\" width=\"219\" height=\"19\"><a href=\"https:\/\/longchangchemical.com\/de\/product\/tetrabutyl-tin-cas-1461-25-2\/\"><span style=\"color: #00ccff;\">Tetrabutylzinn<\/span><\/a><\/td>\n<td class=\"et4\" style=\"width: 162.00pt;\" width=\"216\">1461-25-2<\/td>\n<\/tr>\n<tr style=\"height: 14.25pt;\">\n<td class=\"et3\" style=\"height: 14.25pt; width: 164.25pt;\" width=\"219\" height=\"19\"><a href=\"https:\/\/longchangchemical.com\/de\/product\/butyltin-mercaptide-cas-26410-42-4\/\"><span class=\"font2\" style=\"color: #00ccff;\">Butylzinn-Mercaptid<\/span><\/a><\/td>\n<td class=\"et4\" style=\"width: 162.00pt;\" width=\"216\">26410-42-4<\/td>\n<\/tr>\n<tr style=\"height: 14.25pt;\">\n<td class=\"et4\" style=\"height: 14.25pt; width: 164.25pt;\" width=\"219\" height=\"19\"><a href=\"https:\/\/longchangchemical.com\/de\/product\/dibutyltin-diacetate-cas-1067-33-0\/\"><span style=\"color: #00ccff;\">Dibutylzinndiacetat<\/span><\/a><\/td>\n<td class=\"et5\" style=\"width: 162.00pt;\" width=\"216\">1067-33-0<\/td>\n<\/tr>\n<tr style=\"height: 14.25pt;\">\n<td class=\"et3\" style=\"height: 14.25pt; width: 164.25pt;\" width=\"219\" height=\"19\"><a href=\"https:\/\/longchangchemical.com\/de\/product\/dibutyltin-dilaurate-dbtdl-cas-77-58-7\/\"><span class=\"font2\" style=\"color: #00ccff;\">Dibutylzinndilaurat<\/span><\/a><\/td>\n<td class=\"et6\" style=\"width: 162.00pt;\" width=\"216\"><span class=\"font2\">77-58-7<\/span><\/td>\n<\/tr>\n<tr style=\"height: 15.00pt;\">\n<td class=\"et3\" style=\"height: 15.00pt; width: 164.25pt;\" width=\"219\" height=\"20\"><a href=\"https:\/\/longchangchemical.com\/de\/product\/dibutyltin-maleate-cas-78-04-2\/\"><span class=\"font2\" style=\"color: #00ccff;\">Dibutylzinnmaleat<\/span><\/a><\/td>\n<td class=\"et7\" style=\"width: 162.00pt;\" width=\"216\">78-04-2<\/td>\n<\/tr>\n<tr style=\"height: 14.25pt;\">\n<td class=\"et3\" style=\"height: 14.25pt; width: 164.25pt;\" width=\"219\" height=\"19\"><a href=\"https:\/\/longchangchemical.com\/de\/product\/monobutyltin-trichloride-cas-1118-46-3\/\"><span class=\"font2\" style=\"color: #00ccff;\">Monobutylzinntrichlorid<\/span><\/a><\/td>\n<td class=\"et3\" style=\"width: 162.00pt;\" width=\"216\"><span class=\"font2\">1118-46-3<\/span><\/td>\n<\/tr>\n<tr style=\"height: 14.25pt;\">\n<td class=\"et3\" style=\"height: 14.25pt; width: 164.25pt;\" width=\"219\" height=\"19\"><a href=\"https:\/\/longchangchemical.com\/de\/product\/dibutyltin-dichloride-cas-683-18-1\/\"><span class=\"font2\" style=\"color: #00ccff;\">Dibutylzinndichlorid<\/span><\/a><\/td>\n<td class=\"et3\" style=\"width: 162.00pt;\" width=\"216\"><span class=\"font2\">683-18-1<\/span><\/td>\n<\/tr>\n<tr style=\"height: 14.25pt;\">\n<td class=\"et3\" style=\"height: 14.25pt; width: 164.25pt;\" width=\"219\" height=\"19\"><a href=\"https:\/\/longchangchemical.com\/de\/product\/tributyltin-chloride-cas-1461-22-9\/\"><span class=\"font2\" style=\"color: #00ccff;\">Tributylzinnchlorid<\/span><\/a><\/td>\n<td class=\"et3\" style=\"width: 162.00pt;\" width=\"216\"><span class=\"font2\">1461-22-9<\/span><\/td>\n<\/tr>\n<tr style=\"height: 28.50pt;\">\n<td class=\"et3\" style=\"height: 28.50pt; width: 164.25pt;\" width=\"219\" height=\"38\"><a href=\"https:\/\/longchangchemical.com\/de\/product\/butyltin-tris2-ethylhexanoate-cas-23850-94-4\/\"><span class=\"font2\" style=\"color: #00ccff;\">Butylzinntris(2-Ethylhexanoat)<\/span><\/a><\/td>\n<td class=\"et3\" style=\"width: 162.00pt;\" width=\"216\"><span class=\"font2\">23850-94-4<\/span><\/td>\n<\/tr>\n<tr style=\"height: 14.25pt;\">\n<td class=\"et3\" style=\"height: 14.25pt; width: 164.25pt;\" width=\"219\" height=\"19\"><a href=\"https:\/\/longchangchemical.com\/de\/product\/di-n-octyltin-oxide-cas-870-08-6\/\"><span class=\"font2\" style=\"color: #00ccff;\">Di-n-Octylzinn-Oxid<\/span><\/a><\/td>\n<td class=\"et3\" style=\"width: 162.00pt;\" width=\"216\"><span class=\"font2\">870-08-6<\/span><\/td>\n<\/tr>\n<tr style=\"height: 14.25pt;\">\n<td class=\"et3\" style=\"height: 14.25pt; width: 164.25pt;\" width=\"219\" height=\"19\"><a href=\"https:\/\/longchangchemical.com\/de\/product\/dimethyldineodecanoatetin-cas-68928-76-7\/\"><span class=\"font2\" style=\"color: #00ccff;\">Dimethyldineodecanoatetin<\/span><\/a><\/td>\n<td class=\"et3\" style=\"width: 162.00pt;\" width=\"216\"><span class=\"font2\">68928-76-7<\/span><\/td>\n<\/tr>\n<tr style=\"height: 14.25pt;\">\n<td class=\"et3\" style=\"height: 14.25pt; width: 164.25pt;\" width=\"219\" height=\"19\"><a href=\"https:\/\/longchangchemical.com\/de\/product\/otm-cas-26401-97-8\/\"><span class=\"font2\" style=\"color: #00ccff;\">Octylzinn-Mercaptid<\/span><\/a><\/td>\n<td class=\"et3\" style=\"width: 162.00pt;\" width=\"216\"><span class=\"font2\">26401-97-8<\/span><\/td>\n<\/tr>\n<\/tbody>\n<\/table>\n<p><!--more--><\/p>\n<p>Analyse der Auswahl von Polyurethan-Katalysatoren<\/p>\n<p>Es gibt zwei Hauptzwecke f\u00fcr die Verwendung von Katalysatoren:<\/p>\n<p>1, Damit die Reaktion in die erwartete Richtung verl\u00e4uft;<br \/>\n2, um die Reaktionsgeschwindigkeit zu regulieren, die Reaktionszeit zu verk\u00fcrzen und die Produktionseffizienz zu verbessern.<\/p>\n<p>Bei der Auswahl von Polyurethanschaum-Katalysatoren werden Polyurethanschaum-Produkte haupts\u00e4chlich aus Polyether, Isocyanat, Schaumbildner, Katalysator usw. synthetisiert. Der Hauptprozess der Schaumbildung wird im Allgemeinen wie folgt betrachtet:<br \/>\n1, durch physikalische Methoden und chemische Methoden in der Polyurethan-Reaktionssystem, um Schaum zu produzieren, und lassen Sie den Schaum gleichm\u00e4\u00dfig in das Reaktionssystem, in dem die wichtigsten sch\u00e4umenden Methode ist die Verwendung von Wasser und Isocyanat Produktion von Kohlendioxid zu sch\u00e4umen dispergiert.<br \/>\n2. Der Prozess der Schaumbildung erfordert einen Anstieg der Viskosit\u00e4t des Reaktionssystems, um den Schaum am Entweichen zu hindern.<br \/>\n3\u3001Wenn die Schaumbildung die gew\u00fcnschte Anzahl und Gr\u00f6\u00dfe erreicht, muss die Viskosit\u00e4t des Reaktionssystems weiter ansteigen und sogar ein Vernetzungssystem bilden, um den Schaum zu stabilisieren und ihn zu einem Produkt zu formen.<\/p>\n<p>In diesem Fall ben\u00f6tigen wir mindestens zwei Katalysatoren, um die Reaktion zu regulieren. Ein Katalysator f\u00f6rdert die Reaktion von Isocyanat und Wasser, d. h. die Sch\u00e4umungsreaktion, wof\u00fcr in der Regel Aminkatalysatoren gew\u00e4hlt werden; der andere Katalysator f\u00f6rdert die Reaktion von Isocyanat und Polyether oder Alkohol, d. h. die Reaktion des Kettenwachstums und der Vernetzung der Polyurethanmolek\u00fcle, wof\u00fcr in der Regel Metallkatalysatoren gew\u00e4hlt werden. Daher w\u00e4hlen wir bei der Synthese von Polyurethanschaum in der Regel Aminkatalysatoren und metallorganische Katalysatoren, die zusammenarbeiten, um Synergieeffekte zu erzielen und die besten Ergebnisse zu erzielen.<\/p>\n<p>Organometallische Katalysatoren<\/p>\n<p>In Polyurethanelastomeren und -klebstoffen, Beschichtungen, Dichtungsmitteln, wasserfesten Beschichtungen, Pflastermaterialien und anderen Formulierungen werden am h\u00e4ufigsten die traditionellen zinnorganischen und anderen metallorganischen Katalysatoren verwendet, die die Reflexion der Isocyanatgruppe und der Hydroxylgruppe sehr wirksam f\u00f6rdern. Aber angesichts der Anforderungen des Umweltschutzes werden immer h\u00e4ufiger umweltfreundliche wismutorganische und zinkhaltige Produkte verwendet.<\/p>","protected":false},"excerpt":{"rendered":"<p>Grundlegende Informationen<\/p>\n<p>Produktname: DIMETHYLDINEODECANOATETIN<\/p>\n<p>Synonyme: Dimethylbis[(1-oxoneodecyl)oxy]-stannan;Dimethylbis[(1-oxoneodecyl)oxy]-Stannan;DIMETHYLDINEODECANOATETIN;DIMETHYLTIN DINEODECANOATE;Stannan, Dimethylbis(1-oxoneodecyl)oxy-;Einecs 273-028-6;Neodecans\u00e4ure, 1,1\u2032-(Dimethylstannylen)ester;DIMETHYLDINEODECANOATETIN, tech-95<\/p>\n<p>CAS-NR.:68928-76-7<\/p>\n<p>Molekulare Formel: C22H44O4SnMolekular<\/p>\n<p>Gewicht: 491,29<\/p>\n<p>EINECS: 273-028-6<\/p>\n<p>Produktkategorien: F\u00fcr die Herstellung von Polyurethan-Kunststoff, Polyurethan-Farbe, organischem Silikonkautschuk, Katalysator, Trockner<\/p>","protected":false},"featured_media":6930,"comment_status":"closed","ping_status":"closed","template":"","meta":[],"product_brand":[],"product_cat":[113],"product_tag":[],"class_list":{"0":"post-6907","1":"product","2":"type-product","3":"status-publish","4":"has-post-thumbnail","6":"product_cat-organic-intermediate","8":"first","9":"instock","10":"shipping-taxable","11":"product-type-simple"},"yoast_head":"<!-- This site is optimized with the Yoast SEO plugin v25.3.1 - https:\/\/yoast.com\/wordpress\/plugins\/seo\/ -->\n<title>China Manufacturer Dimethyldineodecanoatetin CAS 68928-76-7 -Longchang Chemical<\/title>\n<meta name=\"description\" content=\"Dimethyldineodecanoatetin CAS 68928-76-7 is key product of LongChang Chemical. We provide best price. We are the leading manufacturer in China with the best quanlity and competitive price.\" \/>\n<meta name=\"robots\" content=\"index, follow, max-snippet:-1, max-image-preview:large, max-video-preview:-1\" \/>\n<link rel=\"canonical\" href=\"https:\/\/longchangchemical.com\/de\/product\/dimethyldineodecanoatetin-cas-68928-76-7\/\" \/>\n<meta property=\"og:locale\" content=\"de_DE\" \/>\n<meta property=\"og:type\" content=\"article\" \/>\n<meta property=\"og:title\" content=\"China Manufacturer Dimethyldineodecanoatetin CAS 68928-76-7 -Longchang Chemical\" \/>\n<meta property=\"og:description\" content=\"Dimethyldineodecanoatetin CAS 68928-76-7 is key product of LongChang Chemical. We provide best price. We are the leading manufacturer in China with the best quanlity and competitive price.\" \/>\n<meta property=\"og:url\" content=\"https:\/\/longchangchemical.com\/de\/product\/dimethyldineodecanoatetin-cas-68928-76-7\/\" \/>\n<meta property=\"og:site_name\" content=\"Longchang Chemical\" \/>\n<meta property=\"article:modified_time\" content=\"2025-12-17T01:55:34+00:00\" \/>\n<meta property=\"og:image\" content=\"https:\/\/longchangchemical.com\/wp-content\/uploads\/2024\/04\/Dimethyldineodecanoatetin.jpg\" \/>\n\t<meta property=\"og:image:width\" content=\"800\" \/>\n\t<meta property=\"og:image:height\" content=\"800\" \/>\n\t<meta property=\"og:image:type\" content=\"image\/jpeg\" \/>\n<meta name=\"twitter:card\" content=\"summary_large_image\" \/>\n<script type=\"application\/ld+json\" class=\"yoast-schema-graph\">{\"@context\":\"https:\/\/schema.org\",\"@graph\":[{\"@type\":\"WebPage\",\"@id\":\"https:\/\/longchangchemical.com\/product\/dimethyldineodecanoatetin-cas-68928-76-7\/\",\"url\":\"https:\/\/longchangchemical.com\/product\/dimethyldineodecanoatetin-cas-68928-76-7\/\",\"name\":\"China Manufacturer Dimethyldineodecanoatetin CAS 68928-76-7 -Longchang Chemical\",\"isPartOf\":{\"@id\":\"https:\/\/longchangchemical.com\/#website\"},\"primaryImageOfPage\":{\"@id\":\"https:\/\/longchangchemical.com\/product\/dimethyldineodecanoatetin-cas-68928-76-7\/#primaryimage\"},\"image\":{\"@id\":\"https:\/\/longchangchemical.com\/product\/dimethyldineodecanoatetin-cas-68928-76-7\/#primaryimage\"},\"thumbnailUrl\":\"https:\/\/longchangchemical.com\/wp-content\/uploads\/2024\/04\/Dimethyldineodecanoatetin.jpg\",\"datePublished\":\"2024-05-07T05:38:50+00:00\",\"dateModified\":\"2025-12-17T01:55:34+00:00\",\"description\":\"Dimethyldineodecanoatetin CAS 68928-76-7 is key product of LongChang Chemical. We provide best price. We are the leading manufacturer in China with the best quanlity and competitive price.\",\"breadcrumb\":{\"@id\":\"https:\/\/longchangchemical.com\/product\/dimethyldineodecanoatetin-cas-68928-76-7\/#breadcrumb\"},\"inLanguage\":\"de\",\"potentialAction\":[{\"@type\":\"ReadAction\",\"target\":[\"https:\/\/longchangchemical.com\/product\/dimethyldineodecanoatetin-cas-68928-76-7\/\"]}]},{\"@type\":\"ImageObject\",\"inLanguage\":\"de\",\"@id\":\"https:\/\/longchangchemical.com\/product\/dimethyldineodecanoatetin-cas-68928-76-7\/#primaryimage\",\"url\":\"https:\/\/longchangchemical.com\/wp-content\/uploads\/2024\/04\/Dimethyldineodecanoatetin.jpg\",\"contentUrl\":\"https:\/\/longchangchemical.com\/wp-content\/uploads\/2024\/04\/Dimethyldineodecanoatetin.jpg\",\"width\":800,\"height\":800,\"caption\":\"Dimethyldineodecanoatetin CAS 68928-76-7\"},{\"@type\":\"BreadcrumbList\",\"@id\":\"https:\/\/longchangchemical.com\/product\/dimethyldineodecanoatetin-cas-68928-76-7\/#breadcrumb\",\"itemListElement\":[{\"@type\":\"ListItem\",\"position\":1,\"name\":\"Home\",\"item\":\"https:\/\/longchangchemical.com\/\"},{\"@type\":\"ListItem\",\"position\":2,\"name\":\"Products Longchang\",\"item\":\"https:\/\/longchangchemical.com\/product\/\"},{\"@type\":\"ListItem\",\"position\":3,\"name\":\"Dimethyldineodecanoatetin CAS 68928-76-7\"}]},{\"@type\":\"WebSite\",\"@id\":\"https:\/\/longchangchemical.com\/#website\",\"url\":\"https:\/\/longchangchemical.com\/\",\"name\":\"Longchang Chemical\",\"description\":\"China chemical manufacturer \uff06 supplier\",\"publisher\":{\"@id\":\"https:\/\/longchangchemical.com\/#organization\"},\"potentialAction\":[{\"@type\":\"SearchAction\",\"target\":{\"@type\":\"EntryPoint\",\"urlTemplate\":\"https:\/\/longchangchemical.com\/?s={search_term_string}\"},\"query-input\":{\"@type\":\"PropertyValueSpecification\",\"valueRequired\":true,\"valueName\":\"search_term_string\"}}],\"inLanguage\":\"de\"},{\"@type\":\"Organization\",\"@id\":\"https:\/\/longchangchemical.com\/#organization\",\"name\":\"Longchang Chemical\",\"url\":\"https:\/\/longchangchemical.com\/\",\"logo\":{\"@type\":\"ImageObject\",\"inLanguage\":\"de\",\"@id\":\"https:\/\/longchangchemical.com\/#\/schema\/logo\/image\/\",\"url\":\"https:\/\/longchangchemical.com\/wp-content\/uploads\/2020\/08\/cropped-longchang-logo.png\",\"contentUrl\":\"https:\/\/longchangchemical.com\/wp-content\/uploads\/2020\/08\/cropped-longchang-logo.png\",\"width\":512,\"height\":512,\"caption\":\"Longchang Chemical\"},\"image\":{\"@id\":\"https:\/\/longchangchemical.com\/#\/schema\/logo\/image\/\"}}]}<\/script>\n<!-- \/ Yoast SEO plugin. -->","yoast_head_json":{"title":"China Hersteller Dimethyldineodecanoatetin CAS 68928-76-7 -Longchang Chemical","description":"Dimethyldineodecanoatetin CAS 68928-76-7 ist ein Schl\u00fcsselprodukt von LongChang Chemical. Wir bieten besten Preis. Wir sind der f\u00fchrende Hersteller in China mit der besten quanlity und konkurrenzf\u00e4higen Preis.","robots":{"index":"index","follow":"follow","max-snippet":"max-snippet:-1","max-image-preview":"max-image-preview:large","max-video-preview":"max-video-preview:-1"},"canonical":"https:\/\/longchangchemical.com\/de\/product\/dimethyldineodecanoatetin-cas-68928-76-7\/","og_locale":"de_DE","og_type":"article","og_title":"China Manufacturer Dimethyldineodecanoatetin CAS 68928-76-7 -Longchang Chemical","og_description":"Dimethyldineodecanoatetin CAS 68928-76-7 is key product of LongChang Chemical. We provide best price. We are the leading manufacturer in China with the best quanlity and competitive price.","og_url":"https:\/\/longchangchemical.com\/de\/product\/dimethyldineodecanoatetin-cas-68928-76-7\/","og_site_name":"Longchang Chemical","article_modified_time":"2025-12-17T01:55:34+00:00","og_image":[{"width":800,"height":800,"url":"https:\/\/longchangchemical.com\/wp-content\/uploads\/2024\/04\/Dimethyldineodecanoatetin.jpg","type":"image\/jpeg"}],"twitter_card":"summary_large_image","schema":{"@context":"https:\/\/schema.org","@graph":[{"@type":"WebPage","@id":"https:\/\/longchangchemical.com\/product\/dimethyldineodecanoatetin-cas-68928-76-7\/","url":"https:\/\/longchangchemical.com\/product\/dimethyldineodecanoatetin-cas-68928-76-7\/","name":"China Hersteller Dimethyldineodecanoatetin CAS 68928-76-7 -Longchang Chemical","isPartOf":{"@id":"https:\/\/longchangchemical.com\/#website"},"primaryImageOfPage":{"@id":"https:\/\/longchangchemical.com\/product\/dimethyldineodecanoatetin-cas-68928-76-7\/#primaryimage"},"image":{"@id":"https:\/\/longchangchemical.com\/product\/dimethyldineodecanoatetin-cas-68928-76-7\/#primaryimage"},"thumbnailUrl":"https:\/\/longchangchemical.com\/wp-content\/uploads\/2024\/04\/Dimethyldineodecanoatetin.jpg","datePublished":"2024-05-07T05:38:50+00:00","dateModified":"2025-12-17T01:55:34+00:00","description":"Dimethyldineodecanoatetin CAS 68928-76-7 ist ein Schl\u00fcsselprodukt von LongChang Chemical. Wir bieten besten Preis. Wir sind der f\u00fchrende Hersteller in China mit der besten quanlity und konkurrenzf\u00e4higen Preis.","breadcrumb":{"@id":"https:\/\/longchangchemical.com\/product\/dimethyldineodecanoatetin-cas-68928-76-7\/#breadcrumb"},"inLanguage":"de","potentialAction":[{"@type":"ReadAction","target":["https:\/\/longchangchemical.com\/product\/dimethyldineodecanoatetin-cas-68928-76-7\/"]}]},{"@type":"ImageObject","inLanguage":"de","@id":"https:\/\/longchangchemical.com\/product\/dimethyldineodecanoatetin-cas-68928-76-7\/#primaryimage","url":"https:\/\/longchangchemical.com\/wp-content\/uploads\/2024\/04\/Dimethyldineodecanoatetin.jpg","contentUrl":"https:\/\/longchangchemical.com\/wp-content\/uploads\/2024\/04\/Dimethyldineodecanoatetin.jpg","width":800,"height":800,"caption":"Dimethyldineodecanoatetin CAS 68928-76-7"},{"@type":"BreadcrumbList","@id":"https:\/\/longchangchemical.com\/product\/dimethyldineodecanoatetin-cas-68928-76-7\/#breadcrumb","itemListElement":[{"@type":"ListItem","position":1,"name":"Home","item":"https:\/\/longchangchemical.com\/"},{"@type":"ListItem","position":2,"name":"Products Longchang","item":"https:\/\/longchangchemical.com\/product\/"},{"@type":"ListItem","position":3,"name":"Dimethyldineodecanoatetin CAS 68928-76-7"}]},{"@type":"WebSite","@id":"https:\/\/longchangchemical.com\/#website","url":"https:\/\/longchangchemical.com\/","name":"Longchang Chemical","description":"China Hersteller von Chemikalien \uff06 Lieferant","publisher":{"@id":"https:\/\/longchangchemical.com\/#organization"},"potentialAction":[{"@type":"SearchAction","target":{"@type":"EntryPoint","urlTemplate":"https:\/\/longchangchemical.com\/?s={search_term_string}"},"query-input":{"@type":"PropertyValueSpecification","valueRequired":true,"valueName":"search_term_string"}}],"inLanguage":"de"},{"@type":"Organization","@id":"https:\/\/longchangchemical.com\/#organization","name":"Longchang Chemical","url":"https:\/\/longchangchemical.com\/","logo":{"@type":"ImageObject","inLanguage":"de","@id":"https:\/\/longchangchemical.com\/#\/schema\/logo\/image\/","url":"https:\/\/longchangchemical.com\/wp-content\/uploads\/2020\/08\/cropped-longchang-logo.png","contentUrl":"https:\/\/longchangchemical.com\/wp-content\/uploads\/2020\/08\/cropped-longchang-logo.png","width":512,"height":512,"caption":"Longchang Chemical"},"image":{"@id":"https:\/\/longchangchemical.com\/#\/schema\/logo\/image\/"}}]}},"_links":{"self":[{"href":"https:\/\/longchangchemical.com\/de\/wp-json\/wp\/v2\/product\/6907","targetHints":{"allow":["GET"]}}],"collection":[{"href":"https:\/\/longchangchemical.com\/de\/wp-json\/wp\/v2\/product"}],"about":[{"href":"https:\/\/longchangchemical.com\/de\/wp-json\/wp\/v2\/types\/product"}],"replies":[{"embeddable":true,"href":"https:\/\/longchangchemical.com\/de\/wp-json\/wp\/v2\/comments?post=6907"}],"wp:featuredmedia":[{"embeddable":true,"href":"https:\/\/longchangchemical.com\/de\/wp-json\/wp\/v2\/media\/6930"}],"wp:attachment":[{"href":"https:\/\/longchangchemical.com\/de\/wp-json\/wp\/v2\/media?parent=6907"}],"wp:term":[{"taxonomy":"product_brand","embeddable":true,"href":"https:\/\/longchangchemical.com\/de\/wp-json\/wp\/v2\/product_brand?post=6907"},{"taxonomy":"product_cat","embeddable":true,"href":"https:\/\/longchangchemical.com\/de\/wp-json\/wp\/v2\/product_cat?post=6907"},{"taxonomy":"product_tag","embeddable":true,"href":"https:\/\/longchangchemical.com\/de\/wp-json\/wp\/v2\/product_tag?post=6907"}],"curies":[{"name":"wp","href":"https:\/\/api.w.org\/{rel}","templated":true}]}}