{"id":6906,"date":"2024-05-07T05:54:14","date_gmt":"2024-05-07T05:54:14","guid":{"rendered":"https:\/\/longchangchemical.com\/?post_type=product&#038;p=6906"},"modified":"2026-05-08T08:26:27","modified_gmt":"2026-05-08T08:26:27","slug":"hydrotalcite-cas-11097-59-9","status":"publish","type":"product","link":"https:\/\/longchangchemical.com\/de\/product\/hydrotalcite-cas-11097-59-9\/","title":{"rendered":"Hydrotalcit CAS-Nr. 11097-59-9"},"content":{"rendered":"<h2><strong>Hydrotalcit CAS-Nr. 11097-59-9<\/strong><\/h2>\n<table class=\"table-1\">\n<tbody>\n<tr>\n<td width=\"235\"><strong><b>Artikel<\/b><\/strong><\/td>\n<td width=\"180\"><strong><b>Spezifikationen<\/b><\/strong><\/td>\n<td width=\"227\"><strong><b>Ergebnisse<\/b><\/strong><\/td>\n<\/tr>\n<tr>\n<td width=\"235\">Erscheinungsbild<\/td>\n<td width=\"180\">Wei\u00dfes Puder<\/td>\n<td width=\"227\">Wei\u00dfes Puder<\/td>\n<\/tr>\n<tr>\n<td width=\"235\">MgO\uff0fAl2O3\uff08Molverh\u00e4ltnis\uff09\uff09<\/td>\n<td width=\"180\">3.8-4.2<\/td>\n<td width=\"227\">4.1<\/td>\n<\/tr>\n<tr>\n<td width=\"235\">Massenanteil von Fe %<\/td>\n<td width=\"180\">\u2264100ppm<\/td>\n<td width=\"227\">0,006ppm<\/td>\n<\/tr>\n<tr>\n<td width=\"235\">Schwermetall (beginnend mit Pb)<\/td>\n<td width=\"180\">\u226410ppm<\/td>\n<td width=\"227\">10ppm<\/td>\n<\/tr>\n<tr>\n<td width=\"235\">Massenanteil der Feuchte<\/td>\n<td width=\"180\">\u22641%<\/td>\n<td width=\"227\">1%<\/td>\n<\/tr>\n<tr>\n<td width=\"235\">Durchschnittliche Partikelgr\u00f6\u00dfe<\/td>\n<td width=\"180\">2-3<\/td>\n<td width=\"227\">2.9<\/td>\n<\/tr>\n<tr>\n<td width=\"235\">Wei\u00dfsein<\/td>\n<td width=\"180\">\u226592<\/td>\n<td width=\"227\">92<\/td>\n<\/tr>\n<tr>\n<td width=\"235\">\u00a0PH-Wert<\/td>\n<td width=\"180\">7.0-9.0<\/td>\n<td width=\"227\">7.8<\/td>\n<\/tr>\n<\/tbody>\n<\/table>\n<p><strong>Hydrotalcit Verwendung<\/strong><\/p>\n<p>1) Es ist eine anorganische Verbindung und ein gutes S\u00e4ureabsorptionsmittel, das die Verbrennung von Zink w\u00e4hrend der Verarbeitung wirksam verhindern kann.<\/p>\n<p>2. gute thermische Stabilit\u00e4t bei hohen Temperaturen, bis zu 400\u00b0C, besonders geeignet f\u00fcr Hartverarbeitungsformulierungen<\/p>\n<p>3. in Kombination mit St-220 hat es einen guten Multiplikationseffekt auf die Hitzestabilit\u00e4t<\/p>\n<p>4. es eignet sich f\u00fcr den Zusatz von Ba-Zn- und Ca-Zn-Formeln und kann seine einzigartige Wirkung entfalten, wenn es in starren Ba-Zn- und Ca-Zn-Formulierungen angewendet wird<\/p>\n<p>5. selbst bei Temperaturen \u00fcber 350\u00b0C tritt das Ph\u00e4nomen der Trennung von Blasen wie CO2 und H2O nicht auf, so dass es effektiv als Hart-PVC-Stabilisator bei hohen Verarbeitungstemperaturen verwendet werden kann<\/p>\n<p>Bei alleiniger Verwendung von 5 phr erreichte die Kongorot-Zeit bei 200\u00b0C 183 Minuten.<\/p>\n<p><strong>Hydrotalcit Verpackung und Versand<\/strong><\/p>\n<p>Verpackung: 20kg\/Sack<\/p>\n<p>Lieferung: innerhalb von 5-7 Arbeitstagen<\/p>\n<p><strong>Hydrotalcit-Speicher<\/strong><\/p>\n<p>An einem k\u00fchlen, trockenen, bel\u00fcfteten und lichtgesch\u00fctzten Ort aufbewahren.<\/p>\n<h2><span style=\"color: #000000;\"><strong><b>Kontaktieren Sie uns jetzt!<\/b><\/strong><\/span><\/h2>\n<h4><span style=\"color: #000000;\"><strong><b>Wenn Sie einen Preis ben\u00f6tigen, tragen Sie bitte Ihre Kontaktdaten in das unten stehende Formular ein. Wir werden uns in der Regel innerhalb von 24 Stunden mit Ihnen in Verbindung setzen. Sie k\u00f6nnen mir auch mailen <span style=\"color: #00ffff;\"><a style=\"color: #00ffff;\" href=\"mailto:info@longchangchemical.com\">info@longchangchemical.com<\/a><\/span> w\u00e4hrend der Gesch\u00e4ftszeiten ( 8:30 bis 18:00 Uhr UTC+8 Mo.~Sa. ) oder nutzen Sie den Live-Chat auf der Website, um eine schnelle Antwort zu erhalten.<\/b><\/strong><\/span><\/h4>","protected":false},"excerpt":{"rendered":"<p>Hydrotalcite CAS 11097-59-9 Organic Intermediate is an organic intermediate for chemical synthesis and formulation manufacturing. Key properties include which can effectively inhibit zinc burning during processing 2.Good thermal stability at high temperatures, up to 400\u00b0C, and especially suitable for hard processing formulations 3.When used in combination with St-220.<\/p>","protected":false},"featured_media":6929,"comment_status":"closed","ping_status":"closed","template":"","meta":[],"product_brand":[],"product_cat":[113],"product_tag":[],"class_list":{"0":"post-6906","1":"product","2":"type-product","3":"status-publish","4":"has-post-thumbnail","6":"product_cat-organic-intermediate","8":"first","9":"instock","10":"shipping-taxable","11":"product-type-simple"},"yoast_head":"<!-- This site is optimized with the Yoast SEO plugin v25.3.1 - https:\/\/yoast.com\/wordpress\/plugins\/seo\/ -->\n<title>China Manufacturer Hydrotalcite -Longchang Chemical<\/title>\n<meta name=\"description\" content=\"Hydrotalcite is key product of LongChang Chemical. We provide best price. We are the leading manufacturer in China with the best quanlity and competitive price.\" \/>\n<meta name=\"robots\" content=\"index, follow, max-snippet:-1, max-image-preview:large, max-video-preview:-1\" \/>\n<link rel=\"canonical\" href=\"https:\/\/longchangchemical.com\/de\/product\/hydrotalcite-cas-11097-59-9\/\" \/>\n<meta property=\"og:locale\" content=\"de_DE\" \/>\n<meta property=\"og:type\" content=\"article\" \/>\n<meta property=\"og:title\" content=\"China Manufacturer Hydrotalcite -Longchang Chemical\" \/>\n<meta property=\"og:description\" content=\"Hydrotalcite is key product of LongChang Chemical. We provide best price. We are the leading manufacturer in China with the best quanlity and competitive price.\" \/>\n<meta property=\"og:url\" content=\"https:\/\/longchangchemical.com\/de\/product\/hydrotalcite-cas-11097-59-9\/\" \/>\n<meta property=\"og:site_name\" content=\"Longchang Chemical\" \/>\n<meta property=\"article:modified_time\" content=\"2026-05-08T08:26:27+00:00\" \/>\n<meta property=\"og:image\" content=\"https:\/\/longchangchemical.com\/wp-content\/uploads\/2024\/04\/Hydrotalcite.jpg\" \/>\n\t<meta property=\"og:image:width\" content=\"800\" \/>\n\t<meta property=\"og:image:height\" content=\"800\" \/>\n\t<meta property=\"og:image:type\" content=\"image\/jpeg\" \/>\n<meta name=\"twitter:card\" content=\"summary_large_image\" \/>\n<script type=\"application\/ld+json\" class=\"yoast-schema-graph\">{\"@context\":\"https:\/\/schema.org\",\"@graph\":[{\"@type\":\"WebPage\",\"@id\":\"https:\/\/longchangchemical.com\/product\/hydrotalcite-cas-11097-59-9\/\",\"url\":\"https:\/\/longchangchemical.com\/product\/hydrotalcite-cas-11097-59-9\/\",\"name\":\"China Manufacturer Hydrotalcite -Longchang Chemical\",\"isPartOf\":{\"@id\":\"https:\/\/longchangchemical.com\/#website\"},\"primaryImageOfPage\":{\"@id\":\"https:\/\/longchangchemical.com\/product\/hydrotalcite-cas-11097-59-9\/#primaryimage\"},\"image\":{\"@id\":\"https:\/\/longchangchemical.com\/product\/hydrotalcite-cas-11097-59-9\/#primaryimage\"},\"thumbnailUrl\":\"https:\/\/longchangchemical.com\/wp-content\/uploads\/2024\/04\/Hydrotalcite.jpg\",\"datePublished\":\"2024-05-07T05:54:14+00:00\",\"dateModified\":\"2026-05-08T08:26:27+00:00\",\"description\":\"Hydrotalcite is key product of LongChang Chemical. We provide best price. We are the leading manufacturer in China with the best quanlity and competitive price.\",\"breadcrumb\":{\"@id\":\"https:\/\/longchangchemical.com\/product\/hydrotalcite-cas-11097-59-9\/#breadcrumb\"},\"inLanguage\":\"de\",\"potentialAction\":[{\"@type\":\"ReadAction\",\"target\":[\"https:\/\/longchangchemical.com\/product\/hydrotalcite-cas-11097-59-9\/\"]}]},{\"@type\":\"ImageObject\",\"inLanguage\":\"de\",\"@id\":\"https:\/\/longchangchemical.com\/product\/hydrotalcite-cas-11097-59-9\/#primaryimage\",\"url\":\"https:\/\/longchangchemical.com\/wp-content\/uploads\/2024\/04\/Hydrotalcite.jpg\",\"contentUrl\":\"https:\/\/longchangchemical.com\/wp-content\/uploads\/2024\/04\/Hydrotalcite.jpg\",\"width\":800,\"height\":800,\"caption\":\"Hydrotalcite\"},{\"@type\":\"BreadcrumbList\",\"@id\":\"https:\/\/longchangchemical.com\/product\/hydrotalcite-cas-11097-59-9\/#breadcrumb\",\"itemListElement\":[{\"@type\":\"ListItem\",\"position\":1,\"name\":\"Home\",\"item\":\"https:\/\/longchangchemical.com\/\"},{\"@type\":\"ListItem\",\"position\":2,\"name\":\"Products Longchang\",\"item\":\"https:\/\/longchangchemical.com\/product\/\"},{\"@type\":\"ListItem\",\"position\":3,\"name\":\"Hydrotalcite CAS 11097-59-9\"}]},{\"@type\":\"WebSite\",\"@id\":\"https:\/\/longchangchemical.com\/#website\",\"url\":\"https:\/\/longchangchemical.com\/\",\"name\":\"Longchang Chemical\",\"description\":\"China chemical manufacturer \uff06 supplier\",\"publisher\":{\"@id\":\"https:\/\/longchangchemical.com\/#organization\"},\"potentialAction\":[{\"@type\":\"SearchAction\",\"target\":{\"@type\":\"EntryPoint\",\"urlTemplate\":\"https:\/\/longchangchemical.com\/?s={search_term_string}\"},\"query-input\":{\"@type\":\"PropertyValueSpecification\",\"valueRequired\":true,\"valueName\":\"search_term_string\"}}],\"inLanguage\":\"de\"},{\"@type\":\"Organization\",\"@id\":\"https:\/\/longchangchemical.com\/#organization\",\"name\":\"Longchang Chemical\",\"url\":\"https:\/\/longchangchemical.com\/\",\"logo\":{\"@type\":\"ImageObject\",\"inLanguage\":\"de\",\"@id\":\"https:\/\/longchangchemical.com\/#\/schema\/logo\/image\/\",\"url\":\"https:\/\/longchangchemical.com\/wp-content\/uploads\/2020\/08\/cropped-longchang-logo.png\",\"contentUrl\":\"https:\/\/longchangchemical.com\/wp-content\/uploads\/2020\/08\/cropped-longchang-logo.png\",\"width\":512,\"height\":512,\"caption\":\"Longchang Chemical\"},\"image\":{\"@id\":\"https:\/\/longchangchemical.com\/#\/schema\/logo\/image\/\"}}]}<\/script>\n<!-- \/ Yoast SEO plugin. -->","yoast_head_json":{"title":"China Hersteller Hydrotalcit -Longchang Chemical","description":"Hydrotalcit ist ein Schl\u00fcsselprodukt von LongChang Chemical. Wir bieten den besten Preis. Wir sind der f\u00fchrende Hersteller in China mit der besten Qualit\u00e4t und wettbewerbsf\u00e4higen Preis.","robots":{"index":"index","follow":"follow","max-snippet":"max-snippet:-1","max-image-preview":"max-image-preview:large","max-video-preview":"max-video-preview:-1"},"canonical":"https:\/\/longchangchemical.com\/de\/product\/hydrotalcite-cas-11097-59-9\/","og_locale":"de_DE","og_type":"article","og_title":"China Manufacturer Hydrotalcite -Longchang Chemical","og_description":"Hydrotalcite is key product of LongChang Chemical. We provide best price. We are the leading manufacturer in China with the best quanlity and competitive price.","og_url":"https:\/\/longchangchemical.com\/de\/product\/hydrotalcite-cas-11097-59-9\/","og_site_name":"Longchang Chemical","article_modified_time":"2026-05-08T08:26:27+00:00","og_image":[{"width":800,"height":800,"url":"https:\/\/longchangchemical.com\/wp-content\/uploads\/2024\/04\/Hydrotalcite.jpg","type":"image\/jpeg"}],"twitter_card":"summary_large_image","schema":{"@context":"https:\/\/schema.org","@graph":[{"@type":"WebPage","@id":"https:\/\/longchangchemical.com\/product\/hydrotalcite-cas-11097-59-9\/","url":"https:\/\/longchangchemical.com\/product\/hydrotalcite-cas-11097-59-9\/","name":"China Hersteller Hydrotalcit -Longchang Chemical","isPartOf":{"@id":"https:\/\/longchangchemical.com\/#website"},"primaryImageOfPage":{"@id":"https:\/\/longchangchemical.com\/product\/hydrotalcite-cas-11097-59-9\/#primaryimage"},"image":{"@id":"https:\/\/longchangchemical.com\/product\/hydrotalcite-cas-11097-59-9\/#primaryimage"},"thumbnailUrl":"https:\/\/longchangchemical.com\/wp-content\/uploads\/2024\/04\/Hydrotalcite.jpg","datePublished":"2024-05-07T05:54:14+00:00","dateModified":"2026-05-08T08:26:27+00:00","description":"Hydrotalcit ist ein Schl\u00fcsselprodukt von LongChang Chemical. Wir bieten den besten Preis. Wir sind der f\u00fchrende Hersteller in China mit der besten Qualit\u00e4t und wettbewerbsf\u00e4higen Preis.","breadcrumb":{"@id":"https:\/\/longchangchemical.com\/product\/hydrotalcite-cas-11097-59-9\/#breadcrumb"},"inLanguage":"de","potentialAction":[{"@type":"ReadAction","target":["https:\/\/longchangchemical.com\/product\/hydrotalcite-cas-11097-59-9\/"]}]},{"@type":"ImageObject","inLanguage":"de","@id":"https:\/\/longchangchemical.com\/product\/hydrotalcite-cas-11097-59-9\/#primaryimage","url":"https:\/\/longchangchemical.com\/wp-content\/uploads\/2024\/04\/Hydrotalcite.jpg","contentUrl":"https:\/\/longchangchemical.com\/wp-content\/uploads\/2024\/04\/Hydrotalcite.jpg","width":800,"height":800,"caption":"Hydrotalcite"},{"@type":"BreadcrumbList","@id":"https:\/\/longchangchemical.com\/product\/hydrotalcite-cas-11097-59-9\/#breadcrumb","itemListElement":[{"@type":"ListItem","position":1,"name":"Home","item":"https:\/\/longchangchemical.com\/"},{"@type":"ListItem","position":2,"name":"Products Longchang","item":"https:\/\/longchangchemical.com\/product\/"},{"@type":"ListItem","position":3,"name":"Hydrotalcite CAS 11097-59-9"}]},{"@type":"WebSite","@id":"https:\/\/longchangchemical.com\/#website","url":"https:\/\/longchangchemical.com\/","name":"Longchang Chemical","description":"China Hersteller von Chemikalien \uff06 Lieferant","publisher":{"@id":"https:\/\/longchangchemical.com\/#organization"},"potentialAction":[{"@type":"SearchAction","target":{"@type":"EntryPoint","urlTemplate":"https:\/\/longchangchemical.com\/?s={search_term_string}"},"query-input":{"@type":"PropertyValueSpecification","valueRequired":true,"valueName":"search_term_string"}}],"inLanguage":"de"},{"@type":"Organization","@id":"https:\/\/longchangchemical.com\/#organization","name":"Longchang Chemical","url":"https:\/\/longchangchemical.com\/","logo":{"@type":"ImageObject","inLanguage":"de","@id":"https:\/\/longchangchemical.com\/#\/schema\/logo\/image\/","url":"https:\/\/longchangchemical.com\/wp-content\/uploads\/2020\/08\/cropped-longchang-logo.png","contentUrl":"https:\/\/longchangchemical.com\/wp-content\/uploads\/2020\/08\/cropped-longchang-logo.png","width":512,"height":512,"caption":"Longchang Chemical"},"image":{"@id":"https:\/\/longchangchemical.com\/#\/schema\/logo\/image\/"}}]}},"_links":{"self":[{"href":"https:\/\/longchangchemical.com\/de\/wp-json\/wp\/v2\/product\/6906","targetHints":{"allow":["GET"]}}],"collection":[{"href":"https:\/\/longchangchemical.com\/de\/wp-json\/wp\/v2\/product"}],"about":[{"href":"https:\/\/longchangchemical.com\/de\/wp-json\/wp\/v2\/types\/product"}],"replies":[{"embeddable":true,"href":"https:\/\/longchangchemical.com\/de\/wp-json\/wp\/v2\/comments?post=6906"}],"wp:featuredmedia":[{"embeddable":true,"href":"https:\/\/longchangchemical.com\/de\/wp-json\/wp\/v2\/media\/6929"}],"wp:attachment":[{"href":"https:\/\/longchangchemical.com\/de\/wp-json\/wp\/v2\/media?parent=6906"}],"wp:term":[{"taxonomy":"product_brand","embeddable":true,"href":"https:\/\/longchangchemical.com\/de\/wp-json\/wp\/v2\/product_brand?post=6906"},{"taxonomy":"product_cat","embeddable":true,"href":"https:\/\/longchangchemical.com\/de\/wp-json\/wp\/v2\/product_cat?post=6906"},{"taxonomy":"product_tag","embeddable":true,"href":"https:\/\/longchangchemical.com\/de\/wp-json\/wp\/v2\/product_tag?post=6906"}],"curies":[{"name":"wp","href":"https:\/\/api.w.org\/{rel}","templated":true}]}}