{"id":6899,"date":"2024-05-10T00:33:02","date_gmt":"2024-05-10T00:33:02","guid":{"rendered":"https:\/\/longchangchemical.com\/?post_type=product&#038;p=6899"},"modified":"2026-01-12T06:18:28","modified_gmt":"2026-01-12T06:18:28","slug":"methacrylaldehyde-cas-78-85-3","status":"publish","type":"product","link":"https:\/\/longchangchemical.com\/de\/product\/methacrylaldehyde-cas-78-85-3\/","title":{"rendered":"Methacrylaldehyd \/ Methacrolein CAS 78-85-3"},"content":{"rendered":"<h1>Methacrylaldehyd \/ Methacrolein CAS 78-85-3<\/h1>\n<p>Produktname: 2-Methylacrylaldehyd 98%<br \/>\nCAS-Nr.: 78-85-3<br \/>\nMolekulare Formel: C4H6O<br \/>\nStrukturformel:<\/p>\n<p><img decoding=\"async\" src=\"http:\/\/www.jinghong-chem.com\/uFile\/121704\/image\/202381103624960.png\" alt=\"\" \/><\/p>\n<table style=\"border-collapse: collapse; width: 223.53pt;\" border=\"0\" width=\"298\" cellspacing=\"0\" cellpadding=\"0\">\n<tbody>\n<tr style=\"height: 15.00pt;\">\n<td class=\"et2\" style=\"height: 15.00pt; width: 90.00pt;\" width=\"120\" height=\"20\">Artikel<\/td>\n<td class=\"et2\" style=\"width: 133.50pt;\" width=\"178\">Indikator<\/td>\n<\/tr>\n<tr style=\"height: 29.25pt;\">\n<td class=\"et2\" style=\"height: 29.25pt; width: 90.00pt;\" width=\"120\" height=\"39\">Erscheinungsbild<\/td>\n<td class=\"et2\" style=\"width: 133.50pt;\" width=\"178\">Leicht gelbe transparente Fl\u00fcssigkeit<\/td>\n<\/tr>\n<tr style=\"height: 15.00pt;\">\n<td class=\"et2\" style=\"height: 15.00pt; width: 90.00pt;\" width=\"120\" height=\"20\">Reinheit<\/td>\n<td class=\"et2\" style=\"width: 133.50pt;\" width=\"178\"><span class=\"font1\">\u226598.0%<\/span><\/td>\n<\/tr>\n<\/tbody>\n<\/table>\n<h2><strong>Anderer Name:<\/strong><\/h2>\n<p>2-Methyl-2-propenal;<\/p>\n<p>Methacrolein;<\/p>\n<p>Methacrylaldehyd;<\/p>\n<p>Methyl-2-propenal;<\/p>\n<p>&nbsp;<\/p>\n<h2><span style=\"color: #000000;\"><strong><b>Kontaktieren Sie uns jetzt!<\/b><\/strong><\/span><\/h2>\n<h4><span style=\"color: #000000;\"><strong><b>Wenn Sie einen Preis ben\u00f6tigen, tragen Sie bitte Ihre Kontaktdaten in das unten stehende Formular ein. Wir werden uns in der Regel innerhalb von 24 Stunden mit Ihnen in Verbindung setzen. Sie k\u00f6nnen mir auch mailen <span style=\"color: #00ffff;\"><a style=\"color: #00ffff;\" href=\"mailto:info@longchangchemical.com\">info@longchangchemical.com<\/a><\/span> w\u00e4hrend der Gesch\u00e4ftszeiten ( 8:30 bis 18:00 Uhr UTC+8 Mo.~Sa. ) oder nutzen Sie den Live-Chat auf der Website, um eine schnelle Antwort zu erhalten.<\/b><\/strong><\/span><\/h4>","protected":false},"excerpt":{"rendered":"<p>Methacrylaldehyd \/ Methacrolein CAS 78-85-3 Produktname: 2-Methylacrylaldehyd 98% CAS-Nr.: 78-85-3 Molekulare Formel: C4H6O Strukturformel: Item Indicator Aussehen Leicht gelbe transparente Fl\u00fcssigkeit Reinheit \u226598.0% Andere Bezeichnung: 2-Methyl-2-propenal; Methacrolein; Methacrylaldehyd; Methyl-2-propenal; Kontaktieren Sie uns jetzt! Wenn Sie Preis ben\u00f6tigen, f\u00fcllen Sie bitte Ihre Kontaktdaten in das unten stehende Formular, werden wir in der Regel Kontakt [...]<\/p>","protected":false},"featured_media":6925,"comment_status":"closed","ping_status":"closed","template":"","meta":[],"product_brand":[],"product_cat":[154],"product_tag":[],"class_list":{"0":"post-6899","1":"product","2":"type-product","3":"status-publish","4":"has-post-thumbnail","6":"product_cat-solvent","8":"first","9":"instock","10":"shipping-taxable","11":"product-type-simple"},"yoast_head":"<!-- This site is optimized with the Yoast SEO plugin v25.3.1 - https:\/\/yoast.com\/wordpress\/plugins\/seo\/ -->\n<title>China methacrylaldehyde \/ Methacrolein CAS 78-85-3 Manufacturer - Longchang Chemical<\/title>\n<meta name=\"description\" content=\"methacrylaldehyde \/ Methacrolein CAS 78-85-3 is a key product of Longchang Chemical. We provide the best price. We are the leading manufacturer in China with the best quality and competitive price. Other Name: 2-Methyl -2-propenal; Methacrolein; methacrylaldehyde; Methyl-2-propenal;\u00a0\" \/>\n<meta name=\"robots\" content=\"index, follow, max-snippet:-1, max-image-preview:large, max-video-preview:-1\" \/>\n<link rel=\"canonical\" href=\"https:\/\/longchangchemical.com\/de\/product\/methacrylaldehyde-cas-78-85-3\/\" \/>\n<meta property=\"og:locale\" content=\"de_DE\" \/>\n<meta property=\"og:type\" content=\"article\" \/>\n<meta property=\"og:title\" content=\"China methacrylaldehyde \/ Methacrolein CAS 78-85-3 Manufacturer - Longchang Chemical\" \/>\n<meta property=\"og:description\" content=\"methacrylaldehyde \/ Methacrolein CAS 78-85-3 is a key product of Longchang Chemical. We provide the best price. We are the leading manufacturer in China with the best quality and competitive price. Other Name: 2-Methyl -2-propenal; Methacrolein; methacrylaldehyde; Methyl-2-propenal;\u00a0\" \/>\n<meta property=\"og:url\" content=\"https:\/\/longchangchemical.com\/de\/product\/methacrylaldehyde-cas-78-85-3\/\" \/>\n<meta property=\"og:site_name\" content=\"Longchang Chemical\" \/>\n<meta property=\"article:modified_time\" content=\"2026-01-12T06:18:28+00:00\" \/>\n<meta property=\"og:image\" content=\"https:\/\/longchangchemical.com\/wp-content\/uploads\/2024\/04\/MethacrylaldehydeMethacrolein.jpg\" \/>\n\t<meta property=\"og:image:width\" content=\"800\" \/>\n\t<meta property=\"og:image:height\" content=\"800\" \/>\n\t<meta property=\"og:image:type\" content=\"image\/jpeg\" \/>\n<meta name=\"twitter:card\" content=\"summary_large_image\" \/>\n<script type=\"application\/ld+json\" class=\"yoast-schema-graph\">{\"@context\":\"https:\/\/schema.org\",\"@graph\":[{\"@type\":\"WebPage\",\"@id\":\"https:\/\/longchangchemical.com\/product\/methacrylaldehyde-cas-78-85-3\/\",\"url\":\"https:\/\/longchangchemical.com\/product\/methacrylaldehyde-cas-78-85-3\/\",\"name\":\"China methacrylaldehyde \/ Methacrolein CAS 78-85-3 Manufacturer - Longchang Chemical\",\"isPartOf\":{\"@id\":\"https:\/\/longchangchemical.com\/#website\"},\"primaryImageOfPage\":{\"@id\":\"https:\/\/longchangchemical.com\/product\/methacrylaldehyde-cas-78-85-3\/#primaryimage\"},\"image\":{\"@id\":\"https:\/\/longchangchemical.com\/product\/methacrylaldehyde-cas-78-85-3\/#primaryimage\"},\"thumbnailUrl\":\"https:\/\/longchangchemical.com\/wp-content\/uploads\/2024\/04\/MethacrylaldehydeMethacrolein.jpg\",\"datePublished\":\"2024-05-10T00:33:02+00:00\",\"dateModified\":\"2026-01-12T06:18:28+00:00\",\"description\":\"methacrylaldehyde \/ Methacrolein CAS 78-85-3 is a key product of Longchang Chemical. We provide the best price. We are the leading manufacturer in China with the best quality and competitive price. Other Name: 2-Methyl -2-propenal; Methacrolein; methacrylaldehyde; Methyl-2-propenal;\u00a0\",\"breadcrumb\":{\"@id\":\"https:\/\/longchangchemical.com\/product\/methacrylaldehyde-cas-78-85-3\/#breadcrumb\"},\"inLanguage\":\"de\",\"potentialAction\":[{\"@type\":\"ReadAction\",\"target\":[\"https:\/\/longchangchemical.com\/product\/methacrylaldehyde-cas-78-85-3\/\"]}]},{\"@type\":\"ImageObject\",\"inLanguage\":\"de\",\"@id\":\"https:\/\/longchangchemical.com\/product\/methacrylaldehyde-cas-78-85-3\/#primaryimage\",\"url\":\"https:\/\/longchangchemical.com\/wp-content\/uploads\/2024\/04\/MethacrylaldehydeMethacrolein.jpg\",\"contentUrl\":\"https:\/\/longchangchemical.com\/wp-content\/uploads\/2024\/04\/MethacrylaldehydeMethacrolein.jpg\",\"width\":800,\"height\":800,\"caption\":\"methacrylaldehyde \/ Methacrolein CAS 78-85-3\"},{\"@type\":\"BreadcrumbList\",\"@id\":\"https:\/\/longchangchemical.com\/product\/methacrylaldehyde-cas-78-85-3\/#breadcrumb\",\"itemListElement\":[{\"@type\":\"ListItem\",\"position\":1,\"name\":\"Home\",\"item\":\"https:\/\/longchangchemical.com\/\"},{\"@type\":\"ListItem\",\"position\":2,\"name\":\"Products Longchang\",\"item\":\"https:\/\/longchangchemical.com\/product\/\"},{\"@type\":\"ListItem\",\"position\":3,\"name\":\"methacrylaldehyde \/ Methacrolein CAS 78-85-3\"}]},{\"@type\":\"WebSite\",\"@id\":\"https:\/\/longchangchemical.com\/#website\",\"url\":\"https:\/\/longchangchemical.com\/\",\"name\":\"Longchang Chemical\",\"description\":\"China chemical manufacturer \uff06 supplier\",\"publisher\":{\"@id\":\"https:\/\/longchangchemical.com\/#organization\"},\"potentialAction\":[{\"@type\":\"SearchAction\",\"target\":{\"@type\":\"EntryPoint\",\"urlTemplate\":\"https:\/\/longchangchemical.com\/?s={search_term_string}\"},\"query-input\":{\"@type\":\"PropertyValueSpecification\",\"valueRequired\":true,\"valueName\":\"search_term_string\"}}],\"inLanguage\":\"de\"},{\"@type\":\"Organization\",\"@id\":\"https:\/\/longchangchemical.com\/#organization\",\"name\":\"Longchang Chemical\",\"url\":\"https:\/\/longchangchemical.com\/\",\"logo\":{\"@type\":\"ImageObject\",\"inLanguage\":\"de\",\"@id\":\"https:\/\/longchangchemical.com\/#\/schema\/logo\/image\/\",\"url\":\"https:\/\/longchangchemical.com\/wp-content\/uploads\/2020\/08\/cropped-longchang-logo.png\",\"contentUrl\":\"https:\/\/longchangchemical.com\/wp-content\/uploads\/2020\/08\/cropped-longchang-logo.png\",\"width\":512,\"height\":512,\"caption\":\"Longchang Chemical\"},\"image\":{\"@id\":\"https:\/\/longchangchemical.com\/#\/schema\/logo\/image\/\"}}]}<\/script>\n<!-- \/ Yoast SEO plugin. -->","yoast_head_json":{"title":"China Methacrylaldehyd \/ Methacrolein CAS 78-85-3 Hersteller - Longchang Chemical","description":"Methacrylaldehyd \/ Methacrolein CAS 78-85-3 ist ein Schl\u00fcsselprodukt von Longchang Chemical. Wir bieten den besten Preis. Wir sind der f\u00fchrende Hersteller in China mit der besten Qualit\u00e4t und konkurrenzf\u00e4higem Preis. Anderer Name: 2-Methyl-2-propenal; Methacrolein; Methacrylaldehyd; Methyl-2-propenal;\u00a0","robots":{"index":"index","follow":"follow","max-snippet":"max-snippet:-1","max-image-preview":"max-image-preview:large","max-video-preview":"max-video-preview:-1"},"canonical":"https:\/\/longchangchemical.com\/de\/product\/methacrylaldehyde-cas-78-85-3\/","og_locale":"de_DE","og_type":"article","og_title":"China methacrylaldehyde \/ Methacrolein CAS 78-85-3 Manufacturer - Longchang Chemical","og_description":"methacrylaldehyde \/ Methacrolein CAS 78-85-3 is a key product of Longchang Chemical. We provide the best price. We are the leading manufacturer in China with the best quality and competitive price. Other Name: 2-Methyl -2-propenal; Methacrolein; methacrylaldehyde; Methyl-2-propenal;\u00a0","og_url":"https:\/\/longchangchemical.com\/de\/product\/methacrylaldehyde-cas-78-85-3\/","og_site_name":"Longchang Chemical","article_modified_time":"2026-01-12T06:18:28+00:00","og_image":[{"width":800,"height":800,"url":"https:\/\/longchangchemical.com\/wp-content\/uploads\/2024\/04\/MethacrylaldehydeMethacrolein.jpg","type":"image\/jpeg"}],"twitter_card":"summary_large_image","schema":{"@context":"https:\/\/schema.org","@graph":[{"@type":"WebPage","@id":"https:\/\/longchangchemical.com\/product\/methacrylaldehyde-cas-78-85-3\/","url":"https:\/\/longchangchemical.com\/product\/methacrylaldehyde-cas-78-85-3\/","name":"China Methacrylaldehyd \/ Methacrolein CAS 78-85-3 Hersteller - Longchang Chemical","isPartOf":{"@id":"https:\/\/longchangchemical.com\/#website"},"primaryImageOfPage":{"@id":"https:\/\/longchangchemical.com\/product\/methacrylaldehyde-cas-78-85-3\/#primaryimage"},"image":{"@id":"https:\/\/longchangchemical.com\/product\/methacrylaldehyde-cas-78-85-3\/#primaryimage"},"thumbnailUrl":"https:\/\/longchangchemical.com\/wp-content\/uploads\/2024\/04\/MethacrylaldehydeMethacrolein.jpg","datePublished":"2024-05-10T00:33:02+00:00","dateModified":"2026-01-12T06:18:28+00:00","description":"Methacrylaldehyd \/ Methacrolein CAS 78-85-3 ist ein Schl\u00fcsselprodukt von Longchang Chemical. Wir bieten den besten Preis. Wir sind der f\u00fchrende Hersteller in China mit der besten Qualit\u00e4t und konkurrenzf\u00e4higem Preis. Anderer Name: 2-Methyl-2-propenal; Methacrolein; Methacrylaldehyd; Methyl-2-propenal;\u00a0","breadcrumb":{"@id":"https:\/\/longchangchemical.com\/product\/methacrylaldehyde-cas-78-85-3\/#breadcrumb"},"inLanguage":"de","potentialAction":[{"@type":"ReadAction","target":["https:\/\/longchangchemical.com\/product\/methacrylaldehyde-cas-78-85-3\/"]}]},{"@type":"ImageObject","inLanguage":"de","@id":"https:\/\/longchangchemical.com\/product\/methacrylaldehyde-cas-78-85-3\/#primaryimage","url":"https:\/\/longchangchemical.com\/wp-content\/uploads\/2024\/04\/MethacrylaldehydeMethacrolein.jpg","contentUrl":"https:\/\/longchangchemical.com\/wp-content\/uploads\/2024\/04\/MethacrylaldehydeMethacrolein.jpg","width":800,"height":800,"caption":"methacrylaldehyde \/ Methacrolein CAS 78-85-3"},{"@type":"BreadcrumbList","@id":"https:\/\/longchangchemical.com\/product\/methacrylaldehyde-cas-78-85-3\/#breadcrumb","itemListElement":[{"@type":"ListItem","position":1,"name":"Home","item":"https:\/\/longchangchemical.com\/"},{"@type":"ListItem","position":2,"name":"Products Longchang","item":"https:\/\/longchangchemical.com\/product\/"},{"@type":"ListItem","position":3,"name":"methacrylaldehyde \/ Methacrolein CAS 78-85-3"}]},{"@type":"WebSite","@id":"https:\/\/longchangchemical.com\/#website","url":"https:\/\/longchangchemical.com\/","name":"Longchang Chemical","description":"China Hersteller von Chemikalien \uff06 Lieferant","publisher":{"@id":"https:\/\/longchangchemical.com\/#organization"},"potentialAction":[{"@type":"SearchAction","target":{"@type":"EntryPoint","urlTemplate":"https:\/\/longchangchemical.com\/?s={search_term_string}"},"query-input":{"@type":"PropertyValueSpecification","valueRequired":true,"valueName":"search_term_string"}}],"inLanguage":"de"},{"@type":"Organization","@id":"https:\/\/longchangchemical.com\/#organization","name":"Longchang Chemical","url":"https:\/\/longchangchemical.com\/","logo":{"@type":"ImageObject","inLanguage":"de","@id":"https:\/\/longchangchemical.com\/#\/schema\/logo\/image\/","url":"https:\/\/longchangchemical.com\/wp-content\/uploads\/2020\/08\/cropped-longchang-logo.png","contentUrl":"https:\/\/longchangchemical.com\/wp-content\/uploads\/2020\/08\/cropped-longchang-logo.png","width":512,"height":512,"caption":"Longchang Chemical"},"image":{"@id":"https:\/\/longchangchemical.com\/#\/schema\/logo\/image\/"}}]}},"_links":{"self":[{"href":"https:\/\/longchangchemical.com\/de\/wp-json\/wp\/v2\/product\/6899","targetHints":{"allow":["GET"]}}],"collection":[{"href":"https:\/\/longchangchemical.com\/de\/wp-json\/wp\/v2\/product"}],"about":[{"href":"https:\/\/longchangchemical.com\/de\/wp-json\/wp\/v2\/types\/product"}],"replies":[{"embeddable":true,"href":"https:\/\/longchangchemical.com\/de\/wp-json\/wp\/v2\/comments?post=6899"}],"wp:featuredmedia":[{"embeddable":true,"href":"https:\/\/longchangchemical.com\/de\/wp-json\/wp\/v2\/media\/6925"}],"wp:attachment":[{"href":"https:\/\/longchangchemical.com\/de\/wp-json\/wp\/v2\/media?parent=6899"}],"wp:term":[{"taxonomy":"product_brand","embeddable":true,"href":"https:\/\/longchangchemical.com\/de\/wp-json\/wp\/v2\/product_brand?post=6899"},{"taxonomy":"product_cat","embeddable":true,"href":"https:\/\/longchangchemical.com\/de\/wp-json\/wp\/v2\/product_cat?post=6899"},{"taxonomy":"product_tag","embeddable":true,"href":"https:\/\/longchangchemical.com\/de\/wp-json\/wp\/v2\/product_tag?post=6899"}],"curies":[{"name":"wp","href":"https:\/\/api.w.org\/{rel}","templated":true}]}}