{"id":6898,"date":"2024-05-10T01:09:44","date_gmt":"2024-05-10T01:09:44","guid":{"rendered":"https:\/\/longchangchemical.com\/?post_type=product&#038;p=6898"},"modified":"2025-12-16T10:05:38","modified_gmt":"2025-12-16T10:05:38","slug":"dibutyltin-dilaurate-dbtdl-cas-77-58-7","status":"publish","type":"product","link":"https:\/\/longchangchemical.com\/de\/product\/dibutyltin-dilaurate-dbtdl-cas-77-58-7\/","title":{"rendered":"Dibutylzinndilaurat\/DBTDL CAS 77-58-7"},"content":{"rendered":"<p style=\"margin: 0px 0px 20px; color: #4a4e57; font-family: Roboto;\"><span style=\"font-weight: bolder;\">DBTDL CAS 77-58-7 (Dibutylzinndilaurat) Schnelle Details<\/span><\/p>\n<p style=\"margin: 0px 0px 20px; color: #4a4e57; font-family: Roboto;\">Chemische Bezeichnung: Dibutylzinndilaurat\/DBTDL<\/p>\n<p style=\"margin: 0px 0px 20px; color: #4a4e57; font-family: Roboto;\">CAS-Nr.:77-58-7<\/p>\n<p style=\"margin: 0px 0px 20px; color: #4a4e57; font-family: Roboto;\">Summenformel: C32H64O4Sn<\/p>\n<p style=\"margin: 0px 0px 20px; color: #4a4e57; font-family: Roboto;\">Molekulargewicht: 631.56<\/p>\n<p style=\"margin: 0px 0px 20px; color: #4a4e57; font-family: Roboto;\">\u00c4u\u00dferes Erscheinungsbild: Farblose oder gelbliche Fl\u00fcssigkeit<\/p>\n<p style=\"margin: 0px 0px 20px; color: #4a4e57; font-family: Roboto;\">Assay: 18.2%<\/p>\n<p style=\"margin: 0px 0px 20px; color: #4a4e57; font-family: Roboto;\"><span style=\"font-weight: bolder;\">DBTDL CAS 77-58-7 (Dibutylzinndilaurat) Typische Eigenschaften<\/span><\/p>\n<table class=\"table-1\" style=\"max-width: 100%; border-collapse: collapse; border-spacing: 0px; --awb-margin-top: 0; --awb-margin-right: 0; --awb-margin-bottom: 0; --awb-margin-left: 0; margin: var(--awb-margin-top) var(--awb-margin-right) var(--awb-margin-bottom) var(--awb-margin-left); color: #4a4e57; font-family: Roboto;\">\n<tbody>\n<tr>\n<td style=\"border: 1px solid #dcdcdc; padding: 10px 20px; width: 203.455px;\"><span style=\"font-weight: bolder;\">Artikel<\/span><\/td>\n<td style=\"border: 1px solid #dcdcdc; padding: 10px 20px; width: 247.344px;\"><span style=\"font-weight: bolder;\">Spezifikationen<\/span><\/td>\n<\/tr>\n<tr style=\"background: #f6f6f6;\">\n<td style=\"border: 1px solid #dcdcdc; padding: 10px 20px; width: 203.455px;\">Erscheinungsbild<\/td>\n<td style=\"border: 1px solid #dcdcdc; padding: 10px 20px; width: 247.344px;\">Farblose oder gelbliche Fl\u00fcssigkeit<\/td>\n<\/tr>\n<tr>\n<td style=\"border: 1px solid #dcdcdc; padding: 10px 20px; width: 203.455px;\">Zinn (%)<\/td>\n<td style=\"border: 1px solid #dcdcdc; padding: 10px 20px; width: 247.344px;\">\u226518.2<\/td>\n<\/tr>\n<tr style=\"background: #f6f6f6;\">\n<td style=\"border: 1px solid #dcdcdc; padding: 10px 20px; width: 203.455px;\">Dichte (20\u2103 g\/cm\u00b3)<\/td>\n<td style=\"border: 1px solid #dcdcdc; padding: 10px 20px; width: 247.344px;\">1.05\u00b10.02<\/td>\n<\/tr>\n<tr>\n<td style=\"border: 1px solid #dcdcdc; padding: 10px 20px; width: 203.455px;\">Brechungsindex (25\u2103)<\/td>\n<td style=\"border: 1px solid #dcdcdc; padding: 10px 20px; width: 247.344px;\">1.468\u00b10.001<\/td>\n<\/tr>\n<tr style=\"background: #f6f6f6;\">\n<td style=\"border: 1px solid #dcdcdc; padding: 10px 20px; width: 203.455px;\">Chroma<\/td>\n<td style=\"border: 1px solid #dcdcdc; padding: 10px 20px; width: 247.344px;\">\u2264100<\/td>\n<\/tr>\n<tr>\n<td style=\"border: 1px solid #dcdcdc; padding: 10px 20px; width: 203.455px;\">Wasser %<\/td>\n<td style=\"border: 1px solid #dcdcdc; padding: 10px 20px; width: 247.344px;\">\u22641<\/td>\n<\/tr>\n<\/tbody>\n<\/table>\n<p style=\"margin: 0px 0px 20px; color: #4a4e57; font-family: Roboto;\"><span style=\"font-weight: bolder;\">DBTDL CAS 77-58-7 (Dibutylzinndilaurat) Verwendung<\/span><\/p>\n<p style=\"margin: 0px 0px 20px; color: #4a4e57; font-family: Roboto;\">1. Hitzestabilisator f\u00fcr weiche, transparente PVC-Produkte kann die Verschmutzung durch Sulfide verhindern.<\/p>\n<p style=\"margin: 0px 0px 20px; color: #4a4e57; font-family: Roboto;\">2. f\u00f6rdern die schnelle Aush\u00e4rtung von feuchtigkeitsgeh\u00e4rteten Einkomponenten-PU-Lacken und Zweikomponenten-PU-Beschichtungen. Offensichtlich verk\u00fcrzen die Polierzeit von Polyurethan-Finish.<\/p>\n<p style=\"margin: 0px 0px 20px; color: #4a4e57; font-family: Roboto;\">3. Beschleunigung der schnellen Gelatinierung von einer Komponente Silikonkautschuk und zwei Komponenten Formkleber.<\/p>\n<p style=\"margin: 0px 0px 20px; color: #4a4e57; font-family: Roboto;\">4. Vernetzungskondensation f\u00fcr silanvernetztes Polyethylen.<\/p>\n<p style=\"margin: 0px 0px 20px; color: #4a4e57; font-family: Roboto;\"><span style=\"font-weight: bolder;\">DBTDL CAS 77-58-7 (Dibutylzinndilaurat) Verpackung und Versand<\/span><\/p>\n<p style=\"margin: 0px 0px 20px; color: #4a4e57; font-family: Roboto;\">200 kg\/Fass, 25 kg\/Fass.<\/p>\n<p style=\"margin: 0px 0px 20px; color: #4a4e57; font-family: Roboto;\"><span style=\"font-weight: bolder;\">DBTDL CAS 77-58-7 (Dibutylzinndilaurat) Lagerung<\/span><\/p>\n<p style=\"margin: 0px 0px 20px; color: #4a4e57; font-family: Roboto;\">Bewahren Sie das Siegel auf und bewahren Sie es bei niedrigen Temperaturen und unter trockenen Bedingungen auf.<\/p>\n<h2>Anderer Name:<\/h2>\n<p>Dibutylzinndilaurat;<\/p>\n<p>BRB DBTDL;<\/p>\n<p>Metatin Katalysator 712E;<\/p>\n<p>Dibutylzinndilaurat;<\/p>\n<p>SILOPREN-KATALYSATOR 162;<\/p>\n<p>Zinnstab BL277;<\/p>\n<p>Dibutylzinndodecanoat;<\/p>\n<h2><span style=\"color: #000000;\"><strong><b>Kontaktieren Sie uns jetzt!<\/b><\/strong><\/span><\/h2>\n<h4><span style=\"color: #000000;\"><strong><b>Wenn Sie einen Preis ben\u00f6tigen, tragen Sie bitte Ihre Kontaktdaten in das unten stehende Formular ein. Wir werden uns in der Regel innerhalb von 24 Stunden mit Ihnen in Verbindung setzen. Sie k\u00f6nnen mir auch mailen <span style=\"color: #00ffff;\"><a style=\"color: #00ffff;\" href=\"mailto:info@longchangchemical.com\">info@longchangchemical.com<\/a><\/span> w\u00e4hrend der Gesch\u00e4ftszeiten ( 8:30 bis 18:00 Uhr UTC+8 Mo.~Sa. ) oder nutzen Sie den Live-Chat auf der Website, um eine schnelle Antwort zu erhalten.<\/b><\/strong><\/span><\/h4>\n<p>&nbsp;<\/p>\n<table class=\"aligncenter\" style=\"border-collapse: collapse; width: 326.27pt;\" border=\"0\" width=\"435\" cellspacing=\"0\" cellpadding=\"0\">\n<tbody>\n<tr style=\"height: 13.50pt;\">\n<td class=\"et2\" style=\"height: 13.50pt; width: 164.25pt;\" width=\"219\" height=\"18\"><a href=\"https:\/\/longchangchemical.com\/de\/product\/stannous-chloride-anhydrous-cas-7772-99-8\/\"><span style=\"color: #00ccff;\">Zinn(II)-chlorid, wasserfrei<\/span><\/a><\/td>\n<td class=\"et2\" style=\"width: 162.00pt;\" width=\"216\">7772-99-8<\/td>\n<\/tr>\n<tr style=\"height: 13.50pt;\">\n<td class=\"et2\" style=\"height: 13.50pt;\" height=\"18\"><a href=\"https:\/\/longchangchemical.com\/de\/product\/dimethyltin-dichloride-cas-753-73-1\/\"><span style=\"color: #00ccff;\">Dimethylzinndichlorid<\/span><\/a><\/td>\n<td class=\"et2\">753-73-1<\/td>\n<\/tr>\n<tr style=\"height: 14.25pt;\">\n<td class=\"et3\" style=\"height: 14.25pt; width: 164.25pt;\" width=\"219\" height=\"19\"><a href=\"https:\/\/longchangchemical.com\/de\/product\/monobutyltin-oxide-cas-2273-43-0\/\"><span class=\"font2\" style=\"color: #00ccff;\">Monobutylzinn-Oxid<\/span><\/a><\/td>\n<td class=\"et4\" style=\"width: 162.00pt;\" width=\"216\">2273-43-0<\/td>\n<\/tr>\n<tr style=\"height: 14.25pt;\">\n<td class=\"et3\" style=\"height: 14.25pt; width: 164.25pt;\" width=\"219\" height=\"19\"><a href=\"https:\/\/longchangchemical.com\/de\/product\/dibutyltin-oxide-cas-818-08-6\/\"><span class=\"font2\" style=\"color: #00ccff;\">Dibutylzinn-Oxid<\/span><\/a><\/td>\n<td class=\"et4\" style=\"width: 162.00pt;\" width=\"216\">818-08-6<\/td>\n<\/tr>\n<tr style=\"height: 14.25pt;\">\n<td class=\"et3\" style=\"height: 14.25pt; width: 164.25pt;\" width=\"219\" height=\"19\"><a href=\"https:\/\/longchangchemical.com\/de\/product\/tributyltin-oxide-cas-56-35-9\/\"><span class=\"font2\" style=\"color: #00ccff;\">Tributylzinn-Oxid<\/span><\/a><\/td>\n<td class=\"et4\" style=\"width: 162.00pt;\" width=\"216\">56-35-9<\/td>\n<\/tr>\n<tr style=\"height: 14.25pt;\">\n<td class=\"et4\" style=\"height: 14.25pt; width: 164.25pt;\" width=\"219\" height=\"19\"><a href=\"https:\/\/longchangchemical.com\/de\/product\/tetrabutyl-tin-cas-1461-25-2\/\"><span style=\"color: #00ccff;\">Tetrabutylzinn<\/span><\/a><\/td>\n<td class=\"et4\" style=\"width: 162.00pt;\" width=\"216\">1461-25-2<\/td>\n<\/tr>\n<tr style=\"height: 14.25pt;\">\n<td class=\"et3\" style=\"height: 14.25pt; width: 164.25pt;\" width=\"219\" height=\"19\"><a href=\"https:\/\/longchangchemical.com\/de\/product\/butyltin-mercaptide-cas-26410-42-4\/\"><span class=\"font2\" style=\"color: #00ccff;\">Butylzinn-Mercaptid<\/span><\/a><\/td>\n<td class=\"et4\" style=\"width: 162.00pt;\" width=\"216\">26410-42-4<\/td>\n<\/tr>\n<tr style=\"height: 14.25pt;\">\n<td class=\"et4\" style=\"height: 14.25pt; width: 164.25pt;\" width=\"219\" height=\"19\"><a href=\"https:\/\/longchangchemical.com\/de\/product\/dibutyltin-diacetate-cas-1067-33-0\/\"><span style=\"color: #00ccff;\">Dibutylzinndiacetat<\/span><\/a><\/td>\n<td class=\"et5\" style=\"width: 162.00pt;\" width=\"216\">1067-33-0<\/td>\n<\/tr>\n<tr style=\"height: 14.25pt;\">\n<td class=\"et3\" style=\"height: 14.25pt; width: 164.25pt;\" width=\"219\" height=\"19\"><a href=\"https:\/\/longchangchemical.com\/de\/product\/dibutyltin-dilaurate-dbtdl-cas-77-58-7\/\"><span class=\"font2\" style=\"color: #00ccff;\">Dibutylzinndilaurat<\/span><\/a><\/td>\n<td class=\"et6\" style=\"width: 162.00pt;\" width=\"216\"><span class=\"font2\">77-58-7<\/span><\/td>\n<\/tr>\n<tr style=\"height: 15.00pt;\">\n<td class=\"et3\" style=\"height: 15.00pt; width: 164.25pt;\" width=\"219\" height=\"20\"><a href=\"https:\/\/longchangchemical.com\/de\/product\/dibutyltin-maleate-cas-78-04-2\/\"><span class=\"font2\" style=\"color: #00ccff;\">Dibutylzinnmaleat<\/span><\/a><\/td>\n<td class=\"et7\" style=\"width: 162.00pt;\" width=\"216\">78-04-2<\/td>\n<\/tr>\n<tr style=\"height: 14.25pt;\">\n<td class=\"et3\" style=\"height: 14.25pt; width: 164.25pt;\" width=\"219\" height=\"19\"><a href=\"https:\/\/longchangchemical.com\/de\/product\/monobutyltin-trichloride-cas-1118-46-3\/\"><span class=\"font2\" style=\"color: #00ccff;\">Monobutylzinntrichlorid<\/span><\/a><\/td>\n<td class=\"et3\" style=\"width: 162.00pt;\" width=\"216\"><span class=\"font2\">1118-46-3<\/span><\/td>\n<\/tr>\n<tr style=\"height: 14.25pt;\">\n<td class=\"et3\" style=\"height: 14.25pt; width: 164.25pt;\" width=\"219\" height=\"19\"><a href=\"https:\/\/longchangchemical.com\/de\/product\/dibutyltin-dichloride-cas-683-18-1\/\"><span class=\"font2\" style=\"color: #00ccff;\">Dibutylzinndichlorid<\/span><\/a><\/td>\n<td class=\"et3\" style=\"width: 162.00pt;\" width=\"216\"><span class=\"font2\">683-18-1<\/span><\/td>\n<\/tr>\n<tr style=\"height: 14.25pt;\">\n<td class=\"et3\" style=\"height: 14.25pt; width: 164.25pt;\" width=\"219\" height=\"19\"><a href=\"https:\/\/longchangchemical.com\/de\/product\/tributyltin-chloride-cas-1461-22-9\/\"><span class=\"font2\" style=\"color: #00ccff;\">Tributylzinnchlorid<\/span><\/a><\/td>\n<td class=\"et3\" style=\"width: 162.00pt;\" width=\"216\"><span class=\"font2\">1461-22-9<\/span><\/td>\n<\/tr>\n<tr style=\"height: 28.50pt;\">\n<td class=\"et3\" style=\"height: 28.50pt; width: 164.25pt;\" width=\"219\" height=\"38\"><a href=\"https:\/\/longchangchemical.com\/de\/product\/butyltin-tris2-ethylhexanoate-cas-23850-94-4\/\"><span class=\"font2\" style=\"color: #00ccff;\">Butylzinntris(2-Ethylhexanoat)<\/span><\/a><\/td>\n<td class=\"et3\" style=\"width: 162.00pt;\" width=\"216\"><span class=\"font2\">23850-94-4<\/span><\/td>\n<\/tr>\n<tr style=\"height: 14.25pt;\">\n<td class=\"et3\" style=\"height: 14.25pt; width: 164.25pt;\" width=\"219\" height=\"19\"><a href=\"https:\/\/longchangchemical.com\/de\/product\/di-n-octyltin-oxide-cas-870-08-6\/\"><span class=\"font2\" style=\"color: #00ccff;\">Di-n-Octylzinn-Oxid<\/span><\/a><\/td>\n<td class=\"et3\" style=\"width: 162.00pt;\" width=\"216\"><span class=\"font2\">870-08-6<\/span><\/td>\n<\/tr>\n<tr style=\"height: 14.25pt;\">\n<td class=\"et3\" style=\"height: 14.25pt; width: 164.25pt;\" width=\"219\" height=\"19\"><a href=\"https:\/\/longchangchemical.com\/de\/product\/dimethyldineodecanoatetin-cas-68928-76-7\/\"><span class=\"font2\" style=\"color: #00ccff;\">Dimethyldineodecanoatetin<\/span><\/a><\/td>\n<td class=\"et3\" style=\"width: 162.00pt;\" width=\"216\"><span class=\"font2\">68928-76-7<\/span><\/td>\n<\/tr>\n<tr style=\"height: 14.25pt;\">\n<td class=\"et3\" style=\"height: 14.25pt; width: 164.25pt;\" width=\"219\" height=\"19\"><a href=\"https:\/\/longchangchemical.com\/de\/product\/otm-cas-26401-97-8\/\"><span class=\"font2\" style=\"color: #00ccff;\">Octylzinn-Mercaptid<\/span><\/a><\/td>\n<td class=\"et3\" style=\"width: 162.00pt;\" width=\"216\"><span class=\"font2\">26401-97-8<\/span><\/td>\n<\/tr>\n<\/tbody>\n<\/table>","protected":false},"excerpt":{"rendered":"<p style=\"margin: 0px 0px 20px; color: #4a4e57; font-family: Roboto;\">Analyse: \u226518.2<\/p>\n<p style=\"margin: 0px 0px 20px; color: #4a4e57; font-family: Roboto;\">\u00c4u\u00dferes Erscheinungsbild: Farblose oder gelbliche Fl\u00fcssigkeit<\/p>\n<p style=\"margin: 0px 0px 20px; color: #4a4e57; font-family: Roboto;\">Kapazit\u00e4t: 20-30 Tonnen\/Monat<\/p>\n<p style=\"margin: 0px 0px 20px; color: #4a4e57; font-family: Roboto;\">Verpackung: 25 kg\/Fass, 200 kg\/Fass<\/p>\n<p style=\"margin: 0px 0px 20px; color: #4a4e57; font-family: Roboto;\">Muster: verf\u00fcgbar<\/p>","protected":false},"featured_media":6922,"comment_status":"closed","ping_status":"closed","template":"","meta":[],"product_brand":[],"product_cat":[113],"product_tag":[],"class_list":{"0":"post-6898","1":"product","2":"type-product","3":"status-publish","4":"has-post-thumbnail","6":"product_cat-organic-intermediate","8":"first","9":"instock","10":"shipping-taxable","11":"product-type-simple"},"yoast_head":"<!-- This site is optimized with the Yoast SEO plugin v25.3.1 - https:\/\/yoast.com\/wordpress\/plugins\/seo\/ -->\n<title>China Manufacturer Dibutyltin Dilaurate\/DBTDL CAS 77-58-7 -Longchang Chemical<\/title>\n<meta name=\"description\" content=\"Dibutyltin Dilaurate\/DBTDL CAS 77-58-7 is key product of LongChang Chemical. We provide best price. We are the leading manufacturer in China with the best quanlity and competitive price.Other Name:Dibutyltin dilaurate;\u00a0BRB DBTDL;\u00a0Metatin Catalyst 712E;\u00a0Dibutylzinndilaurat;\u00a0SILOPREN CATALYST 162;\u00a0Tinstab BL277;\u00a0Dibutyltin didodecanoate;\u00a0\" \/>\n<meta name=\"robots\" content=\"index, follow, max-snippet:-1, max-image-preview:large, max-video-preview:-1\" \/>\n<link rel=\"canonical\" href=\"https:\/\/longchangchemical.com\/de\/product\/dibutyltin-dilaurate-dbtdl-cas-77-58-7\/\" \/>\n<meta property=\"og:locale\" content=\"de_DE\" \/>\n<meta property=\"og:type\" content=\"article\" \/>\n<meta property=\"og:title\" content=\"China Manufacturer Dibutyltin Dilaurate\/DBTDL CAS 77-58-7 -Longchang Chemical\" \/>\n<meta property=\"og:description\" content=\"Dibutyltin Dilaurate\/DBTDL CAS 77-58-7 is key product of LongChang Chemical. We provide best price. We are the leading manufacturer in China with the best quanlity and competitive price.Other Name:Dibutyltin dilaurate;\u00a0BRB DBTDL;\u00a0Metatin Catalyst 712E;\u00a0Dibutylzinndilaurat;\u00a0SILOPREN CATALYST 162;\u00a0Tinstab BL277;\u00a0Dibutyltin didodecanoate;\u00a0\" \/>\n<meta property=\"og:url\" content=\"https:\/\/longchangchemical.com\/de\/product\/dibutyltin-dilaurate-dbtdl-cas-77-58-7\/\" \/>\n<meta property=\"og:site_name\" content=\"Longchang Chemical\" \/>\n<meta property=\"article:modified_time\" content=\"2025-12-16T10:05:38+00:00\" \/>\n<meta property=\"og:image\" content=\"https:\/\/longchangchemical.com\/wp-content\/uploads\/2024\/04\/Dibutyltin-DilaurateDBTDL.jpg\" \/>\n\t<meta property=\"og:image:width\" content=\"800\" \/>\n\t<meta property=\"og:image:height\" content=\"800\" \/>\n\t<meta property=\"og:image:type\" content=\"image\/jpeg\" \/>\n<meta name=\"twitter:card\" content=\"summary_large_image\" \/>\n<script type=\"application\/ld+json\" class=\"yoast-schema-graph\">{\"@context\":\"https:\/\/schema.org\",\"@graph\":[{\"@type\":\"WebPage\",\"@id\":\"https:\/\/longchangchemical.com\/product\/dibutyltin-dilaurate-dbtdl-cas-77-58-7\/\",\"url\":\"https:\/\/longchangchemical.com\/product\/dibutyltin-dilaurate-dbtdl-cas-77-58-7\/\",\"name\":\"China Manufacturer Dibutyltin Dilaurate\/DBTDL CAS 77-58-7 -Longchang Chemical\",\"isPartOf\":{\"@id\":\"https:\/\/longchangchemical.com\/#website\"},\"primaryImageOfPage\":{\"@id\":\"https:\/\/longchangchemical.com\/product\/dibutyltin-dilaurate-dbtdl-cas-77-58-7\/#primaryimage\"},\"image\":{\"@id\":\"https:\/\/longchangchemical.com\/product\/dibutyltin-dilaurate-dbtdl-cas-77-58-7\/#primaryimage\"},\"thumbnailUrl\":\"https:\/\/longchangchemical.com\/wp-content\/uploads\/2024\/04\/Dibutyltin-DilaurateDBTDL.jpg\",\"datePublished\":\"2024-05-10T01:09:44+00:00\",\"dateModified\":\"2025-12-16T10:05:38+00:00\",\"description\":\"Dibutyltin Dilaurate\/DBTDL CAS 77-58-7 is key product of LongChang Chemical. We provide best price. We are the leading manufacturer in China with the best quanlity and competitive price.Other Name:Dibutyltin dilaurate;\u00a0BRB DBTDL;\u00a0Metatin Catalyst 712E;\u00a0Dibutylzinndilaurat;\u00a0SILOPREN CATALYST 162;\u00a0Tinstab BL277;\u00a0Dibutyltin didodecanoate;\u00a0\",\"breadcrumb\":{\"@id\":\"https:\/\/longchangchemical.com\/product\/dibutyltin-dilaurate-dbtdl-cas-77-58-7\/#breadcrumb\"},\"inLanguage\":\"de\",\"potentialAction\":[{\"@type\":\"ReadAction\",\"target\":[\"https:\/\/longchangchemical.com\/product\/dibutyltin-dilaurate-dbtdl-cas-77-58-7\/\"]}]},{\"@type\":\"ImageObject\",\"inLanguage\":\"de\",\"@id\":\"https:\/\/longchangchemical.com\/product\/dibutyltin-dilaurate-dbtdl-cas-77-58-7\/#primaryimage\",\"url\":\"https:\/\/longchangchemical.com\/wp-content\/uploads\/2024\/04\/Dibutyltin-DilaurateDBTDL.jpg\",\"contentUrl\":\"https:\/\/longchangchemical.com\/wp-content\/uploads\/2024\/04\/Dibutyltin-DilaurateDBTDL.jpg\",\"width\":800,\"height\":800,\"caption\":\"Dibutyltin Dilaurate\/DBTDL CAS 77-58-7\"},{\"@type\":\"BreadcrumbList\",\"@id\":\"https:\/\/longchangchemical.com\/product\/dibutyltin-dilaurate-dbtdl-cas-77-58-7\/#breadcrumb\",\"itemListElement\":[{\"@type\":\"ListItem\",\"position\":1,\"name\":\"Home\",\"item\":\"https:\/\/longchangchemical.com\/\"},{\"@type\":\"ListItem\",\"position\":2,\"name\":\"Products Longchang\",\"item\":\"https:\/\/longchangchemical.com\/product\/\"},{\"@type\":\"ListItem\",\"position\":3,\"name\":\"Dibutyltin Dilaurate\/DBTDL CAS 77-58-7\"}]},{\"@type\":\"WebSite\",\"@id\":\"https:\/\/longchangchemical.com\/#website\",\"url\":\"https:\/\/longchangchemical.com\/\",\"name\":\"Longchang Chemical\",\"description\":\"China chemical manufacturer \uff06 supplier\",\"publisher\":{\"@id\":\"https:\/\/longchangchemical.com\/#organization\"},\"potentialAction\":[{\"@type\":\"SearchAction\",\"target\":{\"@type\":\"EntryPoint\",\"urlTemplate\":\"https:\/\/longchangchemical.com\/?s={search_term_string}\"},\"query-input\":{\"@type\":\"PropertyValueSpecification\",\"valueRequired\":true,\"valueName\":\"search_term_string\"}}],\"inLanguage\":\"de\"},{\"@type\":\"Organization\",\"@id\":\"https:\/\/longchangchemical.com\/#organization\",\"name\":\"Longchang Chemical\",\"url\":\"https:\/\/longchangchemical.com\/\",\"logo\":{\"@type\":\"ImageObject\",\"inLanguage\":\"de\",\"@id\":\"https:\/\/longchangchemical.com\/#\/schema\/logo\/image\/\",\"url\":\"https:\/\/longchangchemical.com\/wp-content\/uploads\/2020\/08\/cropped-longchang-logo.png\",\"contentUrl\":\"https:\/\/longchangchemical.com\/wp-content\/uploads\/2020\/08\/cropped-longchang-logo.png\",\"width\":512,\"height\":512,\"caption\":\"Longchang Chemical\"},\"image\":{\"@id\":\"https:\/\/longchangchemical.com\/#\/schema\/logo\/image\/\"}}]}<\/script>\n<!-- \/ Yoast SEO plugin. -->","yoast_head_json":{"title":"China Hersteller Dibutylzinndilaurat\/DBTDL CAS 77-58-7 -Longchang Chemical","description":"Dibutylzinndilaurat\/DBTDL CAS 77-58-7 ist ein Schl\u00fcsselprodukt von LongChang Chemical. Wir bieten besten Preis. Wir sind der f\u00fchrende Hersteller in China mit der besten quanlity und konkurrenzf\u00e4higen Preis.andere Namen:Dibutylzinndilaurat; BRB DBTDL; Metatin Katalysator 712E; Dibutylzinndilaurat; SILOPREN CATALYST 162; Tinstab BL277; Dibutylzinndodecanoat;\u00a0","robots":{"index":"index","follow":"follow","max-snippet":"max-snippet:-1","max-image-preview":"max-image-preview:large","max-video-preview":"max-video-preview:-1"},"canonical":"https:\/\/longchangchemical.com\/de\/product\/dibutyltin-dilaurate-dbtdl-cas-77-58-7\/","og_locale":"de_DE","og_type":"article","og_title":"China Manufacturer Dibutyltin Dilaurate\/DBTDL CAS 77-58-7 -Longchang Chemical","og_description":"Dibutyltin Dilaurate\/DBTDL CAS 77-58-7 is key product of LongChang Chemical. We provide best price. We are the leading manufacturer in China with the best quanlity and competitive price.Other Name:Dibutyltin dilaurate;\u00a0BRB DBTDL;\u00a0Metatin Catalyst 712E;\u00a0Dibutylzinndilaurat;\u00a0SILOPREN CATALYST 162;\u00a0Tinstab BL277;\u00a0Dibutyltin didodecanoate;\u00a0","og_url":"https:\/\/longchangchemical.com\/de\/product\/dibutyltin-dilaurate-dbtdl-cas-77-58-7\/","og_site_name":"Longchang Chemical","article_modified_time":"2025-12-16T10:05:38+00:00","og_image":[{"width":800,"height":800,"url":"https:\/\/longchangchemical.com\/wp-content\/uploads\/2024\/04\/Dibutyltin-DilaurateDBTDL.jpg","type":"image\/jpeg"}],"twitter_card":"summary_large_image","schema":{"@context":"https:\/\/schema.org","@graph":[{"@type":"WebPage","@id":"https:\/\/longchangchemical.com\/product\/dibutyltin-dilaurate-dbtdl-cas-77-58-7\/","url":"https:\/\/longchangchemical.com\/product\/dibutyltin-dilaurate-dbtdl-cas-77-58-7\/","name":"China Hersteller Dibutylzinndilaurat\/DBTDL CAS 77-58-7 -Longchang Chemical","isPartOf":{"@id":"https:\/\/longchangchemical.com\/#website"},"primaryImageOfPage":{"@id":"https:\/\/longchangchemical.com\/product\/dibutyltin-dilaurate-dbtdl-cas-77-58-7\/#primaryimage"},"image":{"@id":"https:\/\/longchangchemical.com\/product\/dibutyltin-dilaurate-dbtdl-cas-77-58-7\/#primaryimage"},"thumbnailUrl":"https:\/\/longchangchemical.com\/wp-content\/uploads\/2024\/04\/Dibutyltin-DilaurateDBTDL.jpg","datePublished":"2024-05-10T01:09:44+00:00","dateModified":"2025-12-16T10:05:38+00:00","description":"Dibutylzinndilaurat\/DBTDL CAS 77-58-7 ist ein Schl\u00fcsselprodukt von LongChang Chemical. Wir bieten besten Preis. Wir sind der f\u00fchrende Hersteller in China mit der besten quanlity und konkurrenzf\u00e4higen Preis.andere Namen:Dibutylzinndilaurat; BRB DBTDL; Metatin Katalysator 712E; Dibutylzinndilaurat; SILOPREN CATALYST 162; Tinstab BL277; Dibutylzinndodecanoat;\u00a0","breadcrumb":{"@id":"https:\/\/longchangchemical.com\/product\/dibutyltin-dilaurate-dbtdl-cas-77-58-7\/#breadcrumb"},"inLanguage":"de","potentialAction":[{"@type":"ReadAction","target":["https:\/\/longchangchemical.com\/product\/dibutyltin-dilaurate-dbtdl-cas-77-58-7\/"]}]},{"@type":"ImageObject","inLanguage":"de","@id":"https:\/\/longchangchemical.com\/product\/dibutyltin-dilaurate-dbtdl-cas-77-58-7\/#primaryimage","url":"https:\/\/longchangchemical.com\/wp-content\/uploads\/2024\/04\/Dibutyltin-DilaurateDBTDL.jpg","contentUrl":"https:\/\/longchangchemical.com\/wp-content\/uploads\/2024\/04\/Dibutyltin-DilaurateDBTDL.jpg","width":800,"height":800,"caption":"Dibutyltin Dilaurate\/DBTDL CAS 77-58-7"},{"@type":"BreadcrumbList","@id":"https:\/\/longchangchemical.com\/product\/dibutyltin-dilaurate-dbtdl-cas-77-58-7\/#breadcrumb","itemListElement":[{"@type":"ListItem","position":1,"name":"Home","item":"https:\/\/longchangchemical.com\/"},{"@type":"ListItem","position":2,"name":"Products Longchang","item":"https:\/\/longchangchemical.com\/product\/"},{"@type":"ListItem","position":3,"name":"Dibutyltin Dilaurate\/DBTDL CAS 77-58-7"}]},{"@type":"WebSite","@id":"https:\/\/longchangchemical.com\/#website","url":"https:\/\/longchangchemical.com\/","name":"Longchang Chemical","description":"China Hersteller von Chemikalien \uff06 Lieferant","publisher":{"@id":"https:\/\/longchangchemical.com\/#organization"},"potentialAction":[{"@type":"SearchAction","target":{"@type":"EntryPoint","urlTemplate":"https:\/\/longchangchemical.com\/?s={search_term_string}"},"query-input":{"@type":"PropertyValueSpecification","valueRequired":true,"valueName":"search_term_string"}}],"inLanguage":"de"},{"@type":"Organization","@id":"https:\/\/longchangchemical.com\/#organization","name":"Longchang Chemical","url":"https:\/\/longchangchemical.com\/","logo":{"@type":"ImageObject","inLanguage":"de","@id":"https:\/\/longchangchemical.com\/#\/schema\/logo\/image\/","url":"https:\/\/longchangchemical.com\/wp-content\/uploads\/2020\/08\/cropped-longchang-logo.png","contentUrl":"https:\/\/longchangchemical.com\/wp-content\/uploads\/2020\/08\/cropped-longchang-logo.png","width":512,"height":512,"caption":"Longchang Chemical"},"image":{"@id":"https:\/\/longchangchemical.com\/#\/schema\/logo\/image\/"}}]}},"_links":{"self":[{"href":"https:\/\/longchangchemical.com\/de\/wp-json\/wp\/v2\/product\/6898","targetHints":{"allow":["GET"]}}],"collection":[{"href":"https:\/\/longchangchemical.com\/de\/wp-json\/wp\/v2\/product"}],"about":[{"href":"https:\/\/longchangchemical.com\/de\/wp-json\/wp\/v2\/types\/product"}],"replies":[{"embeddable":true,"href":"https:\/\/longchangchemical.com\/de\/wp-json\/wp\/v2\/comments?post=6898"}],"wp:featuredmedia":[{"embeddable":true,"href":"https:\/\/longchangchemical.com\/de\/wp-json\/wp\/v2\/media\/6922"}],"wp:attachment":[{"href":"https:\/\/longchangchemical.com\/de\/wp-json\/wp\/v2\/media?parent=6898"}],"wp:term":[{"taxonomy":"product_brand","embeddable":true,"href":"https:\/\/longchangchemical.com\/de\/wp-json\/wp\/v2\/product_brand?post=6898"},{"taxonomy":"product_cat","embeddable":true,"href":"https:\/\/longchangchemical.com\/de\/wp-json\/wp\/v2\/product_cat?post=6898"},{"taxonomy":"product_tag","embeddable":true,"href":"https:\/\/longchangchemical.com\/de\/wp-json\/wp\/v2\/product_tag?post=6898"}],"curies":[{"name":"wp","href":"https:\/\/api.w.org\/{rel}","templated":true}]}}