{"id":6889,"date":"2024-05-23T06:14:37","date_gmt":"2024-05-23T06:14:37","guid":{"rendered":"https:\/\/longchangchemical.com\/?post_type=product&#038;p=6889"},"modified":"2025-12-16T09:28:07","modified_gmt":"2025-12-16T09:28:07","slug":"monobutyltin-oxide-cas-2273-43-0","status":"publish","type":"product","link":"https:\/\/longchangchemical.com\/de\/product\/monobutyltin-oxide-cas-2273-43-0\/","title":{"rendered":"Monobutylzinn-Oxid CAS 2273-43-0"},"content":{"rendered":"<p>&nbsp;<\/p>\n<h2>Monobutylzinnoxid Verwendungen:<\/h2>\n<p>&nbsp;<\/p>\n<p>Wei\u00dfes Pulver mit besonderem Geschmack, unl\u00f6slich in Wasser und den meisten organischen L\u00f6sungsmitteln, l\u00f6slich in starken Basen und Minerals\u00e4uren.<\/p>\n<p>&nbsp;<\/p>\n<p>Verwendet bei der Synthese von ges\u00e4ttigtem Polyester f\u00fcr Pulverbeschichtungen, Coil-Coating-Beschichtungen (Stahl), Isolierfarben usw.; verwendet bei der Synthese von unges\u00e4ttigtem Polyester; verwendet bei der Synthese von PBT<\/p>\n<p>&nbsp;<\/p>\n<p>Synthese von technischen Harzen und anderen Veresterungs- und Esteraustauschreaktionsprodukten.<\/p>\n<p>&nbsp;<\/p>\n<h2>Monobutylzinnoxid Lagerung und Transport:<\/h2>\n<p>&nbsp;<\/p>\n<p>Sollte versiegelt und in einem trockenen, k\u00fchlen und bel\u00fcfteten Lagerhaus gelagert werden.<\/p>\n<p>&nbsp;<\/p>\n<h2>Monobutylzinn-Oxid Verpackung:<\/h2>\n<p>&nbsp;<\/p>\n<p>200KG\/Trommel<\/p>\n<p>&nbsp;<\/p>\n<h2>Lagerung von Monobutylzinnoxid:<\/h2>\n<p>&nbsp;<\/p>\n<p>Es wird empfohlen, das Produkt in einem trockenen und k\u00fchlen Raum mit guter Bel\u00fcftung zu lagern. Bitte befestigen Sie den Verpackungsdeckel so bald wie m\u00f6glich nach der Originalverpackung, um die Vermischung mit anderen Substanzen wie Feuchtigkeit und anderen Substanzen, die die Produktleistung beeintr\u00e4chtigen k\u00f6nnen, zu verhindern. Lagern Sie das Produkt an einem k\u00fchlen und trockenen Ort, halten Sie den Beh\u00e4lter verschlossen und vermeiden Sie den Kontakt mit Oxyden. Atmen Sie keinen Staub ein und vermeiden Sie den Kontakt mit Haut und Schleimh\u00e4uten. Rauchen, Essen und Trinken sind am Arbeitsplatz verboten. Nach der Arbeit duschen und die Kleidung wechseln. Kontaminierte Kleidung getrennt aufbewahren und vor Gebrauch waschen. Gute Hygienepraxis einhalten.<\/p>\n<h2><span style=\"color: #000000;\"><strong><b>Kontaktieren Sie uns jetzt!<\/b><\/strong><\/span><\/h2>\n<h4><span style=\"color: #000000;\"><strong><b>Wenn Sie einen Preis ben\u00f6tigen, tragen Sie bitte Ihre Kontaktdaten in das unten stehende Formular ein. Wir werden uns in der Regel innerhalb von 24 Stunden mit Ihnen in Verbindung setzen. Sie k\u00f6nnen mir auch mailen <span style=\"color: #00ffff;\"><a style=\"color: #00ffff;\" href=\"mailto:info@longchangchemical.com\">info@longchangchemical.com<\/a><\/span> w\u00e4hrend der Gesch\u00e4ftszeiten ( 8:30 bis 18:00 Uhr UTC+8 Mo.~Sa. ) oder nutzen Sie den Live-Chat auf der Website, um eine schnelle Antwort zu erhalten.<\/b><\/strong><\/span><\/h4>\n<p>&nbsp;<\/p>\n<table class=\"aligncenter\" style=\"border-collapse: collapse; width: 326.27pt;\" border=\"0\" width=\"435\" cellspacing=\"0\" cellpadding=\"0\">\n<tbody>\n<tr style=\"height: 13.50pt;\">\n<td class=\"et2\" style=\"height: 13.50pt; width: 164.25pt;\" width=\"219\" height=\"18\"><a href=\"https:\/\/longchangchemical.com\/de\/product\/stannous-chloride-anhydrous-cas-7772-99-8\/\"><span style=\"color: #00ccff;\">Zinn(II)-chlorid, wasserfrei<\/span><\/a><\/td>\n<td class=\"et2\" style=\"width: 162.00pt;\" width=\"216\">7772-99-8<\/td>\n<\/tr>\n<tr style=\"height: 13.50pt;\">\n<td class=\"et2\" style=\"height: 13.50pt;\" height=\"18\"><a href=\"https:\/\/longchangchemical.com\/de\/product\/dimethyltin-dichloride-cas-753-73-1\/\"><span style=\"color: #00ccff;\">Dimethylzinndichlorid<\/span><\/a><\/td>\n<td class=\"et2\">753-73-1<\/td>\n<\/tr>\n<tr style=\"height: 14.25pt;\">\n<td class=\"et3\" style=\"height: 14.25pt; width: 164.25pt;\" width=\"219\" height=\"19\"><a href=\"https:\/\/longchangchemical.com\/de\/product\/monobutyltin-oxide-cas-2273-43-0\/\"><span class=\"font2\" style=\"color: #00ccff;\">Monobutylzinn-Oxid<\/span><\/a><\/td>\n<td class=\"et4\" style=\"width: 162.00pt;\" width=\"216\">2273-43-0<\/td>\n<\/tr>\n<tr style=\"height: 14.25pt;\">\n<td class=\"et3\" style=\"height: 14.25pt; width: 164.25pt;\" width=\"219\" height=\"19\"><a href=\"https:\/\/longchangchemical.com\/de\/product\/dibutyltin-oxide-cas-818-08-6\/\"><span class=\"font2\" style=\"color: #00ccff;\">Dibutylzinn-Oxid<\/span><\/a><\/td>\n<td class=\"et4\" style=\"width: 162.00pt;\" width=\"216\">818-08-6<\/td>\n<\/tr>\n<tr style=\"height: 14.25pt;\">\n<td class=\"et3\" style=\"height: 14.25pt; width: 164.25pt;\" width=\"219\" height=\"19\"><a href=\"https:\/\/longchangchemical.com\/de\/product\/tributyltin-oxide-cas-56-35-9\/\"><span class=\"font2\" style=\"color: #00ccff;\">Tributylzinn-Oxid<\/span><\/a><\/td>\n<td class=\"et4\" style=\"width: 162.00pt;\" width=\"216\">56-35-9<\/td>\n<\/tr>\n<tr style=\"height: 14.25pt;\">\n<td class=\"et4\" style=\"height: 14.25pt; width: 164.25pt;\" width=\"219\" height=\"19\"><a href=\"https:\/\/longchangchemical.com\/de\/product\/tetrabutyl-tin-cas-1461-25-2\/\"><span style=\"color: #00ccff;\">Tetrabutylzinn<\/span><\/a><\/td>\n<td class=\"et4\" style=\"width: 162.00pt;\" width=\"216\">1461-25-2<\/td>\n<\/tr>\n<tr style=\"height: 14.25pt;\">\n<td class=\"et3\" style=\"height: 14.25pt; width: 164.25pt;\" width=\"219\" height=\"19\"><a href=\"https:\/\/longchangchemical.com\/de\/product\/butyltin-mercaptide-cas-26410-42-4\/\"><span class=\"font2\" style=\"color: #00ccff;\">Butylzinn-Mercaptid<\/span><\/a><\/td>\n<td class=\"et4\" style=\"width: 162.00pt;\" width=\"216\">26410-42-4<\/td>\n<\/tr>\n<tr style=\"height: 14.25pt;\">\n<td class=\"et4\" style=\"height: 14.25pt; width: 164.25pt;\" width=\"219\" height=\"19\"><a href=\"https:\/\/longchangchemical.com\/de\/product\/dibutyltin-diacetate-cas-1067-33-0\/\"><span style=\"color: #00ccff;\">Dibutylzinndiacetat<\/span><\/a><\/td>\n<td class=\"et5\" style=\"width: 162.00pt;\" width=\"216\">1067-33-0<\/td>\n<\/tr>\n<tr style=\"height: 14.25pt;\">\n<td class=\"et3\" style=\"height: 14.25pt; width: 164.25pt;\" width=\"219\" height=\"19\"><a href=\"https:\/\/longchangchemical.com\/de\/product\/dibutyltin-dilaurate-dbtdl-cas-77-58-7\/\"><span class=\"font2\" style=\"color: #00ccff;\">Dibutylzinndilaurat<\/span><\/a><\/td>\n<td class=\"et6\" style=\"width: 162.00pt;\" width=\"216\"><span class=\"font2\">77-58-7<\/span><\/td>\n<\/tr>\n<tr style=\"height: 15.00pt;\">\n<td class=\"et3\" style=\"height: 15.00pt; width: 164.25pt;\" width=\"219\" height=\"20\"><a href=\"https:\/\/longchangchemical.com\/de\/product\/dibutyltin-maleate-cas-78-04-2\/\"><span class=\"font2\" style=\"color: #00ccff;\">Dibutylzinnmaleat<\/span><\/a><\/td>\n<td class=\"et7\" style=\"width: 162.00pt;\" width=\"216\">78-04-2<\/td>\n<\/tr>\n<tr style=\"height: 14.25pt;\">\n<td class=\"et3\" style=\"height: 14.25pt; width: 164.25pt;\" width=\"219\" height=\"19\"><a href=\"https:\/\/longchangchemical.com\/de\/product\/monobutyltin-trichloride-cas-1118-46-3\/\"><span class=\"font2\" style=\"color: #00ccff;\">Monobutylzinntrichlorid<\/span><\/a><\/td>\n<td class=\"et3\" style=\"width: 162.00pt;\" width=\"216\"><span class=\"font2\">1118-46-3<\/span><\/td>\n<\/tr>\n<tr style=\"height: 14.25pt;\">\n<td class=\"et3\" style=\"height: 14.25pt; width: 164.25pt;\" width=\"219\" height=\"19\"><a href=\"https:\/\/longchangchemical.com\/de\/product\/dibutyltin-dichloride-cas-683-18-1\/\"><span class=\"font2\" style=\"color: #00ccff;\">Dibutylzinndichlorid<\/span><\/a><\/td>\n<td class=\"et3\" style=\"width: 162.00pt;\" width=\"216\"><span class=\"font2\">683-18-1<\/span><\/td>\n<\/tr>\n<tr style=\"height: 14.25pt;\">\n<td class=\"et3\" style=\"height: 14.25pt; width: 164.25pt;\" width=\"219\" height=\"19\"><a href=\"https:\/\/longchangchemical.com\/de\/product\/tributyltin-chloride-cas-1461-22-9\/\"><span class=\"font2\" style=\"color: #00ccff;\">Tributylzinnchlorid<\/span><\/a><\/td>\n<td class=\"et3\" style=\"width: 162.00pt;\" width=\"216\"><span class=\"font2\">1461-22-9<\/span><\/td>\n<\/tr>\n<tr style=\"height: 28.50pt;\">\n<td class=\"et3\" style=\"height: 28.50pt; width: 164.25pt;\" width=\"219\" height=\"38\"><a href=\"https:\/\/longchangchemical.com\/de\/product\/butyltin-tris2-ethylhexanoate-cas-23850-94-4\/\"><span class=\"font2\" style=\"color: #00ccff;\">Butylzinntris(2-Ethylhexanoat)<\/span><\/a><\/td>\n<td class=\"et3\" style=\"width: 162.00pt;\" width=\"216\"><span class=\"font2\">23850-94-4<\/span><\/td>\n<\/tr>\n<tr style=\"height: 14.25pt;\">\n<td class=\"et3\" style=\"height: 14.25pt; width: 164.25pt;\" width=\"219\" height=\"19\"><a href=\"https:\/\/longchangchemical.com\/de\/product\/di-n-octyltin-oxide-cas-870-08-6\/\"><span class=\"font2\" style=\"color: #00ccff;\">Di-n-Octylzinn-Oxid<\/span><\/a><\/td>\n<td class=\"et3\" style=\"width: 162.00pt;\" width=\"216\"><span class=\"font2\">870-08-6<\/span><\/td>\n<\/tr>\n<tr style=\"height: 14.25pt;\">\n<td class=\"et3\" style=\"height: 14.25pt; width: 164.25pt;\" width=\"219\" height=\"19\"><a href=\"https:\/\/longchangchemical.com\/de\/product\/dimethyldineodecanoatetin-cas-68928-76-7\/\"><span class=\"font2\" style=\"color: #00ccff;\">Dimethyldineodecanoatetin<\/span><\/a><\/td>\n<td class=\"et3\" style=\"width: 162.00pt;\" width=\"216\"><span class=\"font2\">68928-76-7<\/span><\/td>\n<\/tr>\n<tr style=\"height: 14.25pt;\">\n<td class=\"et3\" style=\"height: 14.25pt; width: 164.25pt;\" width=\"219\" height=\"19\"><a href=\"https:\/\/longchangchemical.com\/de\/product\/otm-cas-26401-97-8\/\"><span class=\"font2\" style=\"color: #00ccff;\">Octylzinn-Mercaptid<\/span><\/a><\/td>\n<td class=\"et3\" style=\"width: 162.00pt;\" width=\"216\"><span class=\"font2\">26401-97-8<\/span><\/td>\n<\/tr>\n<\/tbody>\n<\/table>","protected":false},"excerpt":{"rendered":"<p>Englischer Name: Monobutylzinnoxid<\/p>\n<p>Andere Namen: Butylzinnoxid; Butylhydroxyoxostannan; Butyloxostannanol; Butyl-Hydroxy-Oxotin; Butylenestannons\u00e4ure; Monobutylzinnoxid<\/p>\n<p>CAS-Nr.: 2273-43-0<\/p>\n<p>Molekulare Formel: C4H10O2Sn<\/p>","protected":false},"featured_media":6916,"comment_status":"closed","ping_status":"closed","template":"","meta":[],"product_brand":[],"product_cat":[113],"product_tag":[],"class_list":{"0":"post-6889","1":"product","2":"type-product","3":"status-publish","4":"has-post-thumbnail","6":"product_cat-organic-intermediate","8":"first","9":"instock","10":"shipping-taxable","11":"product-type-simple"},"yoast_head":"<!-- This site is optimized with the Yoast SEO plugin v25.3.1 - https:\/\/yoast.com\/wordpress\/plugins\/seo\/ -->\n<title>China Manufacturer CAS Monobutyltin Oxide CAS 2273-43-0 -Longchang Chemical<\/title>\n<meta name=\"description\" content=\"Monobutyltin Oxide is key product of LongChang Chemical. We provide best price. We are the leading manufacturer in China with the best quanlity and competitive price. Other Name: Butyltin oxide; Butylhydroxyoxostannane; butyloxostannanol; butyl-hydroxy-oxotin; Butylenestannonic Acid; Monobutyltin Oxide\" \/>\n<meta name=\"robots\" content=\"index, follow, max-snippet:-1, max-image-preview:large, max-video-preview:-1\" \/>\n<link rel=\"canonical\" href=\"https:\/\/longchangchemical.com\/de\/product\/monobutyltin-oxide-cas-2273-43-0\/\" \/>\n<meta property=\"og:locale\" content=\"de_DE\" \/>\n<meta property=\"og:type\" content=\"article\" \/>\n<meta property=\"og:title\" content=\"China Manufacturer CAS Monobutyltin Oxide CAS 2273-43-0 -Longchang Chemical\" \/>\n<meta property=\"og:description\" content=\"Monobutyltin Oxide is key product of LongChang Chemical. We provide best price. We are the leading manufacturer in China with the best quanlity and competitive price. Other Name: Butyltin oxide; Butylhydroxyoxostannane; butyloxostannanol; butyl-hydroxy-oxotin; Butylenestannonic Acid; Monobutyltin Oxide\" \/>\n<meta property=\"og:url\" content=\"https:\/\/longchangchemical.com\/de\/product\/monobutyltin-oxide-cas-2273-43-0\/\" \/>\n<meta property=\"og:site_name\" content=\"Longchang Chemical\" \/>\n<meta property=\"article:modified_time\" content=\"2025-12-16T09:28:07+00:00\" \/>\n<meta property=\"og:image\" content=\"https:\/\/longchangchemical.com\/wp-content\/uploads\/2024\/04\/Monobutyltin-Oxide.jpg\" \/>\n\t<meta property=\"og:image:width\" content=\"800\" \/>\n\t<meta property=\"og:image:height\" content=\"800\" \/>\n\t<meta property=\"og:image:type\" content=\"image\/jpeg\" \/>\n<meta name=\"twitter:card\" content=\"summary_large_image\" \/>\n<script type=\"application\/ld+json\" class=\"yoast-schema-graph\">{\"@context\":\"https:\/\/schema.org\",\"@graph\":[{\"@type\":\"WebPage\",\"@id\":\"https:\/\/longchangchemical.com\/product\/monobutyltin-oxide-cas-2273-43-0\/\",\"url\":\"https:\/\/longchangchemical.com\/product\/monobutyltin-oxide-cas-2273-43-0\/\",\"name\":\"China Manufacturer CAS Monobutyltin Oxide CAS 2273-43-0 -Longchang Chemical\",\"isPartOf\":{\"@id\":\"https:\/\/longchangchemical.com\/#website\"},\"primaryImageOfPage\":{\"@id\":\"https:\/\/longchangchemical.com\/product\/monobutyltin-oxide-cas-2273-43-0\/#primaryimage\"},\"image\":{\"@id\":\"https:\/\/longchangchemical.com\/product\/monobutyltin-oxide-cas-2273-43-0\/#primaryimage\"},\"thumbnailUrl\":\"https:\/\/longchangchemical.com\/wp-content\/uploads\/2024\/04\/Monobutyltin-Oxide.jpg\",\"datePublished\":\"2024-05-23T06:14:37+00:00\",\"dateModified\":\"2025-12-16T09:28:07+00:00\",\"description\":\"Monobutyltin Oxide is key product of LongChang Chemical. We provide best price. We are the leading manufacturer in China with the best quanlity and competitive price. Other Name: Butyltin oxide; Butylhydroxyoxostannane; butyloxostannanol; butyl-hydroxy-oxotin; Butylenestannonic Acid; Monobutyltin Oxide\",\"breadcrumb\":{\"@id\":\"https:\/\/longchangchemical.com\/product\/monobutyltin-oxide-cas-2273-43-0\/#breadcrumb\"},\"inLanguage\":\"de\",\"potentialAction\":[{\"@type\":\"ReadAction\",\"target\":[\"https:\/\/longchangchemical.com\/product\/monobutyltin-oxide-cas-2273-43-0\/\"]}]},{\"@type\":\"ImageObject\",\"inLanguage\":\"de\",\"@id\":\"https:\/\/longchangchemical.com\/product\/monobutyltin-oxide-cas-2273-43-0\/#primaryimage\",\"url\":\"https:\/\/longchangchemical.com\/wp-content\/uploads\/2024\/04\/Monobutyltin-Oxide.jpg\",\"contentUrl\":\"https:\/\/longchangchemical.com\/wp-content\/uploads\/2024\/04\/Monobutyltin-Oxide.jpg\",\"width\":800,\"height\":800,\"caption\":\"Monobutyltin Oxide CAS 2273-43-0\"},{\"@type\":\"BreadcrumbList\",\"@id\":\"https:\/\/longchangchemical.com\/product\/monobutyltin-oxide-cas-2273-43-0\/#breadcrumb\",\"itemListElement\":[{\"@type\":\"ListItem\",\"position\":1,\"name\":\"Home\",\"item\":\"https:\/\/longchangchemical.com\/\"},{\"@type\":\"ListItem\",\"position\":2,\"name\":\"Products Longchang\",\"item\":\"https:\/\/longchangchemical.com\/product\/\"},{\"@type\":\"ListItem\",\"position\":3,\"name\":\"Monobutyltin Oxide CAS 2273-43-0\"}]},{\"@type\":\"WebSite\",\"@id\":\"https:\/\/longchangchemical.com\/#website\",\"url\":\"https:\/\/longchangchemical.com\/\",\"name\":\"Longchang Chemical\",\"description\":\"China chemical manufacturer \uff06 supplier\",\"publisher\":{\"@id\":\"https:\/\/longchangchemical.com\/#organization\"},\"potentialAction\":[{\"@type\":\"SearchAction\",\"target\":{\"@type\":\"EntryPoint\",\"urlTemplate\":\"https:\/\/longchangchemical.com\/?s={search_term_string}\"},\"query-input\":{\"@type\":\"PropertyValueSpecification\",\"valueRequired\":true,\"valueName\":\"search_term_string\"}}],\"inLanguage\":\"de\"},{\"@type\":\"Organization\",\"@id\":\"https:\/\/longchangchemical.com\/#organization\",\"name\":\"Longchang Chemical\",\"url\":\"https:\/\/longchangchemical.com\/\",\"logo\":{\"@type\":\"ImageObject\",\"inLanguage\":\"de\",\"@id\":\"https:\/\/longchangchemical.com\/#\/schema\/logo\/image\/\",\"url\":\"https:\/\/longchangchemical.com\/wp-content\/uploads\/2020\/08\/cropped-longchang-logo.png\",\"contentUrl\":\"https:\/\/longchangchemical.com\/wp-content\/uploads\/2020\/08\/cropped-longchang-logo.png\",\"width\":512,\"height\":512,\"caption\":\"Longchang Chemical\"},\"image\":{\"@id\":\"https:\/\/longchangchemical.com\/#\/schema\/logo\/image\/\"}}]}<\/script>\n<!-- \/ Yoast SEO plugin. -->","yoast_head_json":{"title":"China Hersteller CAS Monobutylzinn-Oxid CAS 2273-43-0 -Longchang Chemical","description":"Monobutylzinnoxid ist ein Schl\u00fcsselprodukt von LongChang Chemical. Wir bieten besten Preis. Wir sind der f\u00fchrende Hersteller in China mit der besten Qualit\u00e4t und konkurrenzf\u00e4higem Preis. Anderer Name: Butylzinnoxid; Butylhydroxyoxostannan; Butyloxostannanol; Butyl-Hydroxy-Oxotin; Butylenestannons\u00e4ure; Monobutylzinnoxid","robots":{"index":"index","follow":"follow","max-snippet":"max-snippet:-1","max-image-preview":"max-image-preview:large","max-video-preview":"max-video-preview:-1"},"canonical":"https:\/\/longchangchemical.com\/de\/product\/monobutyltin-oxide-cas-2273-43-0\/","og_locale":"de_DE","og_type":"article","og_title":"China Manufacturer CAS Monobutyltin Oxide CAS 2273-43-0 -Longchang Chemical","og_description":"Monobutyltin Oxide is key product of LongChang Chemical. We provide best price. We are the leading manufacturer in China with the best quanlity and competitive price. Other Name: Butyltin oxide; Butylhydroxyoxostannane; butyloxostannanol; butyl-hydroxy-oxotin; Butylenestannonic Acid; Monobutyltin Oxide","og_url":"https:\/\/longchangchemical.com\/de\/product\/monobutyltin-oxide-cas-2273-43-0\/","og_site_name":"Longchang Chemical","article_modified_time":"2025-12-16T09:28:07+00:00","og_image":[{"width":800,"height":800,"url":"https:\/\/longchangchemical.com\/wp-content\/uploads\/2024\/04\/Monobutyltin-Oxide.jpg","type":"image\/jpeg"}],"twitter_card":"summary_large_image","schema":{"@context":"https:\/\/schema.org","@graph":[{"@type":"WebPage","@id":"https:\/\/longchangchemical.com\/product\/monobutyltin-oxide-cas-2273-43-0\/","url":"https:\/\/longchangchemical.com\/product\/monobutyltin-oxide-cas-2273-43-0\/","name":"China Hersteller CAS Monobutylzinn-Oxid CAS 2273-43-0 -Longchang Chemical","isPartOf":{"@id":"https:\/\/longchangchemical.com\/#website"},"primaryImageOfPage":{"@id":"https:\/\/longchangchemical.com\/product\/monobutyltin-oxide-cas-2273-43-0\/#primaryimage"},"image":{"@id":"https:\/\/longchangchemical.com\/product\/monobutyltin-oxide-cas-2273-43-0\/#primaryimage"},"thumbnailUrl":"https:\/\/longchangchemical.com\/wp-content\/uploads\/2024\/04\/Monobutyltin-Oxide.jpg","datePublished":"2024-05-23T06:14:37+00:00","dateModified":"2025-12-16T09:28:07+00:00","description":"Monobutylzinnoxid ist ein Schl\u00fcsselprodukt von LongChang Chemical. Wir bieten besten Preis. Wir sind der f\u00fchrende Hersteller in China mit der besten Qualit\u00e4t und konkurrenzf\u00e4higem Preis. Anderer Name: Butylzinnoxid; Butylhydroxyoxostannan; Butyloxostannanol; Butyl-Hydroxy-Oxotin; Butylenestannons\u00e4ure; Monobutylzinnoxid","breadcrumb":{"@id":"https:\/\/longchangchemical.com\/product\/monobutyltin-oxide-cas-2273-43-0\/#breadcrumb"},"inLanguage":"de","potentialAction":[{"@type":"ReadAction","target":["https:\/\/longchangchemical.com\/product\/monobutyltin-oxide-cas-2273-43-0\/"]}]},{"@type":"ImageObject","inLanguage":"de","@id":"https:\/\/longchangchemical.com\/product\/monobutyltin-oxide-cas-2273-43-0\/#primaryimage","url":"https:\/\/longchangchemical.com\/wp-content\/uploads\/2024\/04\/Monobutyltin-Oxide.jpg","contentUrl":"https:\/\/longchangchemical.com\/wp-content\/uploads\/2024\/04\/Monobutyltin-Oxide.jpg","width":800,"height":800,"caption":"Monobutyltin Oxide CAS 2273-43-0"},{"@type":"BreadcrumbList","@id":"https:\/\/longchangchemical.com\/product\/monobutyltin-oxide-cas-2273-43-0\/#breadcrumb","itemListElement":[{"@type":"ListItem","position":1,"name":"Home","item":"https:\/\/longchangchemical.com\/"},{"@type":"ListItem","position":2,"name":"Products Longchang","item":"https:\/\/longchangchemical.com\/product\/"},{"@type":"ListItem","position":3,"name":"Monobutyltin Oxide CAS 2273-43-0"}]},{"@type":"WebSite","@id":"https:\/\/longchangchemical.com\/#website","url":"https:\/\/longchangchemical.com\/","name":"Longchang Chemical","description":"China Hersteller von Chemikalien \uff06 Lieferant","publisher":{"@id":"https:\/\/longchangchemical.com\/#organization"},"potentialAction":[{"@type":"SearchAction","target":{"@type":"EntryPoint","urlTemplate":"https:\/\/longchangchemical.com\/?s={search_term_string}"},"query-input":{"@type":"PropertyValueSpecification","valueRequired":true,"valueName":"search_term_string"}}],"inLanguage":"de"},{"@type":"Organization","@id":"https:\/\/longchangchemical.com\/#organization","name":"Longchang Chemical","url":"https:\/\/longchangchemical.com\/","logo":{"@type":"ImageObject","inLanguage":"de","@id":"https:\/\/longchangchemical.com\/#\/schema\/logo\/image\/","url":"https:\/\/longchangchemical.com\/wp-content\/uploads\/2020\/08\/cropped-longchang-logo.png","contentUrl":"https:\/\/longchangchemical.com\/wp-content\/uploads\/2020\/08\/cropped-longchang-logo.png","width":512,"height":512,"caption":"Longchang Chemical"},"image":{"@id":"https:\/\/longchangchemical.com\/#\/schema\/logo\/image\/"}}]}},"_links":{"self":[{"href":"https:\/\/longchangchemical.com\/de\/wp-json\/wp\/v2\/product\/6889","targetHints":{"allow":["GET"]}}],"collection":[{"href":"https:\/\/longchangchemical.com\/de\/wp-json\/wp\/v2\/product"}],"about":[{"href":"https:\/\/longchangchemical.com\/de\/wp-json\/wp\/v2\/types\/product"}],"replies":[{"embeddable":true,"href":"https:\/\/longchangchemical.com\/de\/wp-json\/wp\/v2\/comments?post=6889"}],"wp:featuredmedia":[{"embeddable":true,"href":"https:\/\/longchangchemical.com\/de\/wp-json\/wp\/v2\/media\/6916"}],"wp:attachment":[{"href":"https:\/\/longchangchemical.com\/de\/wp-json\/wp\/v2\/media?parent=6889"}],"wp:term":[{"taxonomy":"product_brand","embeddable":true,"href":"https:\/\/longchangchemical.com\/de\/wp-json\/wp\/v2\/product_brand?post=6889"},{"taxonomy":"product_cat","embeddable":true,"href":"https:\/\/longchangchemical.com\/de\/wp-json\/wp\/v2\/product_cat?post=6889"},{"taxonomy":"product_tag","embeddable":true,"href":"https:\/\/longchangchemical.com\/de\/wp-json\/wp\/v2\/product_tag?post=6889"}],"curies":[{"name":"wp","href":"https:\/\/api.w.org\/{rel}","templated":true}]}}