{"id":6729,"date":"2024-03-15T02:51:48","date_gmt":"2024-03-15T02:51:48","guid":{"rendered":"https:\/\/longchangchemical.com\/?post_type=product&#038;p=6729"},"modified":"2024-07-17T12:32:34","modified_gmt":"2024-07-17T12:32:34","slug":"ape-cas-1471-17-6","status":"publish","type":"product","link":"https:\/\/longchangchemical.com\/de\/product\/ape-cas-1471-17-6\/","title":{"rendered":"Pentaerythritol Triallylether \/ Allyl Pentaerythritol \/ APE CAS 1471-17-6 CAS 91648-24-7"},"content":{"rendered":"<div class=\"col-md-6\">\n<p><strong>Synonym Name:<\/strong>1-(2-Naphthalenyl)-N-phenylethanimin;Triallylpentaerythritol;3-(Allyloxy)-2,2-bis[(allyloxy)methyl]propanol;Pentaerythrityltriallylether;3-Allyloxy-2,2-bis(allyloxymethyl)propan-1-ol;3-Prop-2-enoxy-2,2-bis(prop-2-enoxymethyl)propan-1-ol<\/p>\n<p>&nbsp;<\/p>\n<p><strong>Spez:<\/strong><\/p>\n<table>\n<tbody>\n<tr>\n<td width=\"321\"><strong>Artikel<\/strong><\/td>\n<td width=\"270\"><strong>Spezifikationen<\/strong><\/td>\n<\/tr>\n<tr>\n<td width=\"321\">Farbe , Pt-Co<\/td>\n<td width=\"270\">\u226450<\/td>\n<\/tr>\n<tr>\n<td width=\"321\">Viskosit\u00e4t, mpa.s 23\u2103<\/td>\n<td width=\"270\">10~30<\/td>\n<\/tr>\n<tr>\n<td width=\"321\">Hydroxylwert , mgKOH\/g<\/td>\n<td width=\"270\">230~260<\/td>\n<\/tr>\n<tr>\n<td width=\"321\">Peroxidgehalt , ppm<\/td>\n<td width=\"270\">\u226420<\/td>\n<\/tr>\n<tr>\n<td width=\"321\">Allylether , %<\/td>\n<td width=\"270\">\u226598<\/td>\n<\/tr>\n<tr>\n<td width=\"321\">Pentaerythritol-Diallylether , %<\/td>\n<td width=\"270\">\u226426<\/td>\n<\/tr>\n<tr>\n<td width=\"321\">Pentaerythritoltriallylether , %<\/td>\n<td width=\"270\">\u226574<\/td>\n<\/tr>\n<\/tbody>\n<\/table>\n<p><strong>\u00a0<\/strong><\/p>\n<p><strong>Anwendung:<\/strong><\/p>\n<p>Verwendung als Verdickungsmittel und Vernetzer<\/p>\n<p>Superabsorbierendes Acrylharz (SAP), unges\u00e4ttigtes Polyesterharz (UPR), ultraviolett h\u00e4rtendes Isolierharz, Karbomerharz usw. k\u00f6nnen auch in Pulverbeschichtungsbindemitteln und Emulsionsbeschichtungen verwendet werden.<\/p>\n<p><strong>Verpackung und Versand:<\/strong><\/p>\n<p>Fl\u00fcssigkeit: 25kg oder 200kgs\/Fass.<\/p>\n<p>Pulver:20kg\/Karton oder 25kg\/Sack<\/p>\n<p><strong>Lagerung:<\/strong><\/p>\n<p>An einem k\u00fchlen, trockenen Ort ohne direkte Sonneneinstrahlung aufbewahren.<\/p>\n<\/div>\n<div class=\"col-md-6\">\n<h2><strong><b>Kontaktieren Sie uns jetzt!<\/b><\/strong><\/h2>\n<h4><strong><b>Wenn Sie einen Preis ben\u00f6tigen, tragen Sie bitte Ihre Kontaktdaten in das unten stehende Formular ein. Wir werden uns in der Regel innerhalb von 24 Stunden mit Ihnen in Verbindung setzen. Sie k\u00f6nnen mir auch mailen\u00a0<span style=\"color: #00ccff;\"><a style=\"color: #00ccff;\" href=\"mailto:info@longchangchemical.com\">info@longchangchemical.com<\/a>\u00a0<\/span>w\u00e4hrend der Gesch\u00e4ftszeiten ( 8:30 bis 18:00 Uhr UTC+8 Mo.~Sa. ) oder nutzen Sie den Live-Chat auf der Website, um eine schnelle Antwort zu erhalten.<\/b><\/strong><\/h4>\n<\/div>","protected":false},"excerpt":{"rendered":"<p>Chemische Bezeichnung: Pentaerythritol Triallylether \/ Allyl Pentaerythritol<\/p>\n<p>CAS-Nr.: 1471-17-6<\/p>\n<p>CAS 91648-24-7<\/p>\n<p>Molekulare Formel: C14H24O4<\/p>\n<p>Molekulargewicht: 256.34<\/p>","protected":false},"featured_media":6738,"comment_status":"open","ping_status":"closed","template":"","meta":[],"product_brand":[],"product_cat":[69],"product_tag":[],"class_list":{"0":"post-6729","1":"product","2":"type-product","3":"status-publish","4":"has-post-thumbnail","6":"product_cat-catalysts-chemical-auxiliary-agents","8":"first","9":"instock","10":"shipping-taxable","11":"product-type-simple"},"yoast_head":"<!-- This site is optimized with the Yoast SEO plugin v25.3.1 - https:\/\/yoast.com\/wordpress\/plugins\/seo\/ -->\n<title>China Allyl Pentaerythritol (Pentaerythritol triallyl ether) manufacturer Cas 1471-17-6 - Longchang Chemical<\/title>\n<meta name=\"description\" content=\"APE can replace NEOALLYLP-30 ,used as a crosslinker and Thickener. We are the leading crosslinking agent manufacturer and supplier in China with the best quanlity and competitive price.\" \/>\n<meta name=\"robots\" content=\"index, follow, max-snippet:-1, max-image-preview:large, max-video-preview:-1\" \/>\n<link rel=\"canonical\" href=\"https:\/\/longchangchemical.com\/de\/product\/ape-cas-1471-17-6\/\" \/>\n<meta property=\"og:locale\" content=\"de_DE\" \/>\n<meta property=\"og:type\" content=\"article\" \/>\n<meta property=\"og:title\" content=\"China Allyl Pentaerythritol (Pentaerythritol triallyl ether) manufacturer Cas 1471-17-6 - Longchang Chemical\" \/>\n<meta property=\"og:description\" content=\"APE can replace NEOALLYLP-30 ,used as a crosslinker and Thickener. We are the leading crosslinking agent manufacturer and supplier in China with the best quanlity and competitive price.\" \/>\n<meta property=\"og:url\" content=\"https:\/\/longchangchemical.com\/de\/product\/ape-cas-1471-17-6\/\" \/>\n<meta property=\"og:site_name\" content=\"Longchang Chemical\" \/>\n<meta property=\"article:modified_time\" content=\"2024-07-17T12:32:34+00:00\" \/>\n<meta property=\"og:image\" content=\"https:\/\/longchangchemical.com\/wp-content\/uploads\/2024\/03\/APE-Chemical.jpg\" \/>\n\t<meta property=\"og:image:width\" content=\"495\" \/>\n\t<meta property=\"og:image:height\" content=\"660\" \/>\n\t<meta property=\"og:image:type\" content=\"image\/jpeg\" \/>\n<meta name=\"twitter:card\" content=\"summary_large_image\" \/>\n<script type=\"application\/ld+json\" class=\"yoast-schema-graph\">{\"@context\":\"https:\/\/schema.org\",\"@graph\":[{\"@type\":\"WebPage\",\"@id\":\"https:\/\/longchangchemical.com\/product\/ape-cas-1471-17-6\/\",\"url\":\"https:\/\/longchangchemical.com\/product\/ape-cas-1471-17-6\/\",\"name\":\"China Allyl Pentaerythritol (Pentaerythritol triallyl ether) manufacturer Cas 1471-17-6 - Longchang Chemical\",\"isPartOf\":{\"@id\":\"https:\/\/longchangchemical.com\/#website\"},\"primaryImageOfPage\":{\"@id\":\"https:\/\/longchangchemical.com\/product\/ape-cas-1471-17-6\/#primaryimage\"},\"image\":{\"@id\":\"https:\/\/longchangchemical.com\/product\/ape-cas-1471-17-6\/#primaryimage\"},\"thumbnailUrl\":\"https:\/\/longchangchemical.com\/wp-content\/uploads\/2024\/03\/APE-Chemical.jpg\",\"datePublished\":\"2024-03-15T02:51:48+00:00\",\"dateModified\":\"2024-07-17T12:32:34+00:00\",\"description\":\"APE can replace NEOALLYLP-30 ,used as a crosslinker and Thickener. We are the leading crosslinking agent manufacturer and supplier in China with the best quanlity and competitive price.\",\"breadcrumb\":{\"@id\":\"https:\/\/longchangchemical.com\/product\/ape-cas-1471-17-6\/#breadcrumb\"},\"inLanguage\":\"de\",\"potentialAction\":[{\"@type\":\"ReadAction\",\"target\":[\"https:\/\/longchangchemical.com\/product\/ape-cas-1471-17-6\/\"]}]},{\"@type\":\"ImageObject\",\"inLanguage\":\"de\",\"@id\":\"https:\/\/longchangchemical.com\/product\/ape-cas-1471-17-6\/#primaryimage\",\"url\":\"https:\/\/longchangchemical.com\/wp-content\/uploads\/2024\/03\/APE-Chemical.jpg\",\"contentUrl\":\"https:\/\/longchangchemical.com\/wp-content\/uploads\/2024\/03\/APE-Chemical.jpg\",\"width\":495,\"height\":660},{\"@type\":\"BreadcrumbList\",\"@id\":\"https:\/\/longchangchemical.com\/product\/ape-cas-1471-17-6\/#breadcrumb\",\"itemListElement\":[{\"@type\":\"ListItem\",\"position\":1,\"name\":\"Home\",\"item\":\"https:\/\/longchangchemical.com\/\"},{\"@type\":\"ListItem\",\"position\":2,\"name\":\"Products Longchang\",\"item\":\"https:\/\/longchangchemical.com\/product\/\"},{\"@type\":\"ListItem\",\"position\":3,\"name\":\"Pentaerythritol triallyl ether \/ Allyl Pentaerythritol \/ APE CAS 1471-17-6 CAS 91648-24-7\"}]},{\"@type\":\"WebSite\",\"@id\":\"https:\/\/longchangchemical.com\/#website\",\"url\":\"https:\/\/longchangchemical.com\/\",\"name\":\"Longchang Chemical\",\"description\":\"China chemical manufacturer \uff06 supplier\",\"publisher\":{\"@id\":\"https:\/\/longchangchemical.com\/#organization\"},\"potentialAction\":[{\"@type\":\"SearchAction\",\"target\":{\"@type\":\"EntryPoint\",\"urlTemplate\":\"https:\/\/longchangchemical.com\/?s={search_term_string}\"},\"query-input\":{\"@type\":\"PropertyValueSpecification\",\"valueRequired\":true,\"valueName\":\"search_term_string\"}}],\"inLanguage\":\"de\"},{\"@type\":\"Organization\",\"@id\":\"https:\/\/longchangchemical.com\/#organization\",\"name\":\"Longchang Chemical\",\"url\":\"https:\/\/longchangchemical.com\/\",\"logo\":{\"@type\":\"ImageObject\",\"inLanguage\":\"de\",\"@id\":\"https:\/\/longchangchemical.com\/#\/schema\/logo\/image\/\",\"url\":\"https:\/\/longchangchemical.com\/wp-content\/uploads\/2020\/08\/cropped-longchang-logo.png\",\"contentUrl\":\"https:\/\/longchangchemical.com\/wp-content\/uploads\/2020\/08\/cropped-longchang-logo.png\",\"width\":512,\"height\":512,\"caption\":\"Longchang Chemical\"},\"image\":{\"@id\":\"https:\/\/longchangchemical.com\/#\/schema\/logo\/image\/\"}}]}<\/script>\n<!-- \/ Yoast SEO plugin. -->","yoast_head_json":{"title":"China Allyl Pentaerythritol (Pentaerythritol triallyl ether) Hersteller Cas 1471-17-6 - Longchang Chemical","description":"APE kann NEOALLYLP-30 ersetzen und wird als Vernetzer und Verdickungsmittel verwendet. Wir sind der f\u00fchrende Hersteller und Lieferant von Vernetzungsmitteln in China mit der besten Qualit\u00e4t und einem wettbewerbsf\u00e4higen Preis.","robots":{"index":"index","follow":"follow","max-snippet":"max-snippet:-1","max-image-preview":"max-image-preview:large","max-video-preview":"max-video-preview:-1"},"canonical":"https:\/\/longchangchemical.com\/de\/product\/ape-cas-1471-17-6\/","og_locale":"de_DE","og_type":"article","og_title":"China Allyl Pentaerythritol (Pentaerythritol triallyl ether) manufacturer Cas 1471-17-6 - Longchang Chemical","og_description":"APE can replace NEOALLYLP-30 ,used as a crosslinker and Thickener. We are the leading crosslinking agent manufacturer and supplier in China with the best quanlity and competitive price.","og_url":"https:\/\/longchangchemical.com\/de\/product\/ape-cas-1471-17-6\/","og_site_name":"Longchang Chemical","article_modified_time":"2024-07-17T12:32:34+00:00","og_image":[{"width":495,"height":660,"url":"https:\/\/longchangchemical.com\/wp-content\/uploads\/2024\/03\/APE-Chemical.jpg","type":"image\/jpeg"}],"twitter_card":"summary_large_image","schema":{"@context":"https:\/\/schema.org","@graph":[{"@type":"WebPage","@id":"https:\/\/longchangchemical.com\/product\/ape-cas-1471-17-6\/","url":"https:\/\/longchangchemical.com\/product\/ape-cas-1471-17-6\/","name":"China Allyl Pentaerythritol (Pentaerythritol triallyl ether) Hersteller Cas 1471-17-6 - Longchang Chemical","isPartOf":{"@id":"https:\/\/longchangchemical.com\/#website"},"primaryImageOfPage":{"@id":"https:\/\/longchangchemical.com\/product\/ape-cas-1471-17-6\/#primaryimage"},"image":{"@id":"https:\/\/longchangchemical.com\/product\/ape-cas-1471-17-6\/#primaryimage"},"thumbnailUrl":"https:\/\/longchangchemical.com\/wp-content\/uploads\/2024\/03\/APE-Chemical.jpg","datePublished":"2024-03-15T02:51:48+00:00","dateModified":"2024-07-17T12:32:34+00:00","description":"APE kann NEOALLYLP-30 ersetzen und wird als Vernetzer und Verdickungsmittel verwendet. Wir sind der f\u00fchrende Hersteller und Lieferant von Vernetzungsmitteln in China mit der besten Qualit\u00e4t und einem wettbewerbsf\u00e4higen Preis.","breadcrumb":{"@id":"https:\/\/longchangchemical.com\/product\/ape-cas-1471-17-6\/#breadcrumb"},"inLanguage":"de","potentialAction":[{"@type":"ReadAction","target":["https:\/\/longchangchemical.com\/product\/ape-cas-1471-17-6\/"]}]},{"@type":"ImageObject","inLanguage":"de","@id":"https:\/\/longchangchemical.com\/product\/ape-cas-1471-17-6\/#primaryimage","url":"https:\/\/longchangchemical.com\/wp-content\/uploads\/2024\/03\/APE-Chemical.jpg","contentUrl":"https:\/\/longchangchemical.com\/wp-content\/uploads\/2024\/03\/APE-Chemical.jpg","width":495,"height":660},{"@type":"BreadcrumbList","@id":"https:\/\/longchangchemical.com\/product\/ape-cas-1471-17-6\/#breadcrumb","itemListElement":[{"@type":"ListItem","position":1,"name":"Home","item":"https:\/\/longchangchemical.com\/"},{"@type":"ListItem","position":2,"name":"Products Longchang","item":"https:\/\/longchangchemical.com\/product\/"},{"@type":"ListItem","position":3,"name":"Pentaerythritol triallyl ether \/ Allyl Pentaerythritol \/ APE CAS 1471-17-6 CAS 91648-24-7"}]},{"@type":"WebSite","@id":"https:\/\/longchangchemical.com\/#website","url":"https:\/\/longchangchemical.com\/","name":"Longchang Chemical","description":"China Hersteller von Chemikalien \uff06 Lieferant","publisher":{"@id":"https:\/\/longchangchemical.com\/#organization"},"potentialAction":[{"@type":"SearchAction","target":{"@type":"EntryPoint","urlTemplate":"https:\/\/longchangchemical.com\/?s={search_term_string}"},"query-input":{"@type":"PropertyValueSpecification","valueRequired":true,"valueName":"search_term_string"}}],"inLanguage":"de"},{"@type":"Organization","@id":"https:\/\/longchangchemical.com\/#organization","name":"Longchang Chemical","url":"https:\/\/longchangchemical.com\/","logo":{"@type":"ImageObject","inLanguage":"de","@id":"https:\/\/longchangchemical.com\/#\/schema\/logo\/image\/","url":"https:\/\/longchangchemical.com\/wp-content\/uploads\/2020\/08\/cropped-longchang-logo.png","contentUrl":"https:\/\/longchangchemical.com\/wp-content\/uploads\/2020\/08\/cropped-longchang-logo.png","width":512,"height":512,"caption":"Longchang Chemical"},"image":{"@id":"https:\/\/longchangchemical.com\/#\/schema\/logo\/image\/"}}]}},"_links":{"self":[{"href":"https:\/\/longchangchemical.com\/de\/wp-json\/wp\/v2\/product\/6729","targetHints":{"allow":["GET"]}}],"collection":[{"href":"https:\/\/longchangchemical.com\/de\/wp-json\/wp\/v2\/product"}],"about":[{"href":"https:\/\/longchangchemical.com\/de\/wp-json\/wp\/v2\/types\/product"}],"replies":[{"embeddable":true,"href":"https:\/\/longchangchemical.com\/de\/wp-json\/wp\/v2\/comments?post=6729"}],"wp:featuredmedia":[{"embeddable":true,"href":"https:\/\/longchangchemical.com\/de\/wp-json\/wp\/v2\/media\/6738"}],"wp:attachment":[{"href":"https:\/\/longchangchemical.com\/de\/wp-json\/wp\/v2\/media?parent=6729"}],"wp:term":[{"taxonomy":"product_brand","embeddable":true,"href":"https:\/\/longchangchemical.com\/de\/wp-json\/wp\/v2\/product_brand?post=6729"},{"taxonomy":"product_cat","embeddable":true,"href":"https:\/\/longchangchemical.com\/de\/wp-json\/wp\/v2\/product_cat?post=6729"},{"taxonomy":"product_tag","embeddable":true,"href":"https:\/\/longchangchemical.com\/de\/wp-json\/wp\/v2\/product_tag?post=6729"}],"curies":[{"name":"wp","href":"https:\/\/api.w.org\/{rel}","templated":true}]}}