{"id":6677,"date":"2024-03-01T10:14:12","date_gmt":"2024-03-01T10:14:12","guid":{"rendered":"https:\/\/longchangchemical.com\/?post_type=product&#038;p=6677"},"modified":"2026-01-12T06:32:18","modified_gmt":"2026-01-12T06:32:18","slug":"dibutyl-ether-cas-142-96-1","status":"publish","type":"product","link":"https:\/\/longchangchemical.com\/de\/product\/dibutyl-ether-cas-142-96-1\/","title":{"rendered":"Dibutyl\u00e4ther \/ n-Butyl\u00e4ther CAS 142-96-1"},"content":{"rendered":"<table width=\"610\">\n<tbody>\n<tr>\n<td width=\"190\">S\u00e4urewert (als MAA):<\/td>\n<td width=\"420\">\u22640.02\uff05<\/td>\n<\/tr>\n<tr>\n<td>Erscheinungsbild:<\/td>\n<td>farblose Fl\u00fcssigkeit mit \u00e4ther\u00e4hnlichem Geruch<\/td>\n<\/tr>\n<tr>\n<td>Siedepunkt:<\/td>\n<td>142-143 \u00b0C(lit.)<\/td>\n<\/tr>\n<tr>\n<td>Farbe:<\/td>\n<td>\u226450(Pt-Co)<\/td>\n<\/tr>\n<tr>\n<td>Flammpunkt:<\/td>\n<td>77 \u00b0F<\/td>\n<\/tr>\n<tr>\n<td>Schmelzpunkt:<\/td>\n<td>\u00a0-98 \u00b0C(lit.)<\/td>\n<\/tr>\n<tr>\n<td>Molekulargewicht:<\/td>\n<td>130,22 g\/mol<\/td>\n<\/tr>\n<tr>\n<td>Molekulargewicht:<\/td>\n<td>130,22 g\/mol Dichte: 0,764 g\/ml bei 25 \u00b0C(lit.)<\/td>\n<\/tr>\n<tr>\n<td>Reinheit:<\/td>\n<td>\u226599,5%(GC)<\/td>\n<\/tr>\n<tr>\n<td>Brechungsindex:<\/td>\n<td>n20\/D 1.399(lit.)<\/td>\n<\/tr>\n<tr>\n<td>Viskosit\u00e4t:<\/td>\n<td>0,741 mPa-s (15 \u00b0C)<\/td>\n<\/tr>\n<tr>\n<td>Wassergehalt:<\/td>\n<td>\u22640.05\uff05<\/td>\n<\/tr>\n<\/tbody>\n<\/table>\n<p>&nbsp;<\/p>\n<h2><strong>n-Butylether Anwendungsbereiche<\/strong><\/h2>\n<p>n-Butylether wird in Reinigern f\u00fcr die Elektronikindustrie und in pharmazeutischen L\u00f6sungsmitteln verwendet.<\/p>\n<h2><strong>Verpackung, Transport und Lagerung von n-Butylether<\/strong><\/h2>\n<p>Spezifikation der Produktverpackung: 150kg.<br \/>\nEs sollte w\u00e4hrend des Transports vor Sonne, Regen und hohen Temperaturen gesch\u00fctzt werden.<br \/>\nDas Produkt sollte an einem k\u00fchlen, lichtgesch\u00fctzten und bel\u00fcfteten Ort, entfernt von Feuerquellen, gelagert werden.<br \/>\nDie Lagerzeit des Produkts betr\u00e4gt 6 Monate bei 25\u2103.<\/p>\n<h2><strong><b>Kontaktieren Sie uns jetzt!<\/b><\/strong><\/h2>\n<h4><strong><b>Wenn Sie einen Preis ben\u00f6tigen, tragen Sie bitte Ihre Kontaktdaten in das unten stehende Formular ein. Wir werden uns in der Regel innerhalb von 24 Stunden mit Ihnen in Verbindung setzen. Sie k\u00f6nnen mir auch mailen\u00a0<span style=\"color: #00ccff;\"><a style=\"color: #00ccff;\" href=\"mailto:info@longchangchemical.com\">info@longchangchemical.com<\/a>\u00a0<\/span>w\u00e4hrend der Gesch\u00e4ftszeiten ( 8:30 bis 18:00 Uhr UTC+8 Mo.~Sa. ) oder nutzen Sie den Live-Chat auf der Website, um eine schnelle Antwort zu erhalten.<\/b><\/strong><\/h4>","protected":false},"excerpt":{"rendered":"<p>Englische Bezeichnung: Di-n-butyl ether \/ DBE<br \/>\nCAS-Nr.: 142-96-1<br \/>\nMolekulare Formel: C8H18O<\/p>","protected":false},"featured_media":0,"comment_status":"open","ping_status":"closed","template":"","meta":[],"product_brand":[],"product_cat":[154],"product_tag":[],"class_list":{"0":"post-6677","1":"product","2":"type-product","3":"status-publish","5":"product_cat-solvent","7":"first","8":"instock","9":"shipping-taxable","10":"product-type-simple"},"yoast_head":"<!-- This site is optimized with the Yoast SEO plugin v25.3.1 - https:\/\/yoast.com\/wordpress\/plugins\/seo\/ -->\n<title>China Dibutyl Ether Manufacturer CAS 142-96-1 - Longchang Chemical<\/title>\n<meta name=\"description\" content=\"n-Butyl Ether \/ Dibutyl Ether is used in electronic grade cleaners and pharmaceutical solvents and is the key product of Longchang Chemical. We are the leading manufacturer and supplier in China with the best quanlity and competitive price.\" \/>\n<meta name=\"robots\" content=\"index, follow, max-snippet:-1, max-image-preview:large, max-video-preview:-1\" \/>\n<link rel=\"canonical\" href=\"https:\/\/longchangchemical.com\/de\/product\/dibutyl-ether-cas-142-96-1\/\" \/>\n<meta property=\"og:locale\" content=\"de_DE\" \/>\n<meta property=\"og:type\" content=\"article\" \/>\n<meta property=\"og:title\" content=\"China Dibutyl Ether Manufacturer CAS 142-96-1 - Longchang Chemical\" \/>\n<meta property=\"og:description\" content=\"n-Butyl Ether \/ Dibutyl Ether is used in electronic grade cleaners and pharmaceutical solvents and is the key product of Longchang Chemical. We are the leading manufacturer and supplier in China with the best quanlity and competitive price.\" \/>\n<meta property=\"og:url\" content=\"https:\/\/longchangchemical.com\/de\/product\/dibutyl-ether-cas-142-96-1\/\" \/>\n<meta property=\"og:site_name\" content=\"Longchang Chemical\" \/>\n<meta property=\"article:modified_time\" content=\"2026-01-12T06:32:18+00:00\" \/>\n<meta property=\"og:image\" content=\"https:\/\/longchangchemical.com\/wp-content\/uploads\/2024\/02\/logo-jpeg.jpg\" \/>\n\t<meta property=\"og:image:width\" content=\"1000\" \/>\n\t<meta property=\"og:image:height\" content=\"1000\" \/>\n\t<meta property=\"og:image:type\" content=\"image\/jpeg\" \/>\n<meta name=\"twitter:card\" content=\"summary_large_image\" \/>\n<script type=\"application\/ld+json\" class=\"yoast-schema-graph\">{\"@context\":\"https:\/\/schema.org\",\"@graph\":[{\"@type\":\"WebPage\",\"@id\":\"https:\/\/longchangchemical.com\/product\/dibutyl-ether-cas-142-96-1\/\",\"url\":\"https:\/\/longchangchemical.com\/product\/dibutyl-ether-cas-142-96-1\/\",\"name\":\"China Dibutyl Ether Manufacturer CAS 142-96-1 - Longchang Chemical\",\"isPartOf\":{\"@id\":\"https:\/\/longchangchemical.com\/#website\"},\"datePublished\":\"2024-03-01T10:14:12+00:00\",\"dateModified\":\"2026-01-12T06:32:18+00:00\",\"description\":\"n-Butyl Ether \/ Dibutyl Ether is used in electronic grade cleaners and pharmaceutical solvents and is the key product of Longchang Chemical. We are the leading manufacturer and supplier in China with the best quanlity and competitive price.\",\"breadcrumb\":{\"@id\":\"https:\/\/longchangchemical.com\/product\/dibutyl-ether-cas-142-96-1\/#breadcrumb\"},\"inLanguage\":\"de\",\"potentialAction\":[{\"@type\":\"ReadAction\",\"target\":[\"https:\/\/longchangchemical.com\/product\/dibutyl-ether-cas-142-96-1\/\"]}]},{\"@type\":\"BreadcrumbList\",\"@id\":\"https:\/\/longchangchemical.com\/product\/dibutyl-ether-cas-142-96-1\/#breadcrumb\",\"itemListElement\":[{\"@type\":\"ListItem\",\"position\":1,\"name\":\"Home\",\"item\":\"https:\/\/longchangchemical.com\/\"},{\"@type\":\"ListItem\",\"position\":2,\"name\":\"Products Longchang\",\"item\":\"https:\/\/longchangchemical.com\/product\/\"},{\"@type\":\"ListItem\",\"position\":3,\"name\":\"Dibutyl Ether \/ n-Butyl Ether CAS 142-96-1\"}]},{\"@type\":\"WebSite\",\"@id\":\"https:\/\/longchangchemical.com\/#website\",\"url\":\"https:\/\/longchangchemical.com\/\",\"name\":\"Longchang Chemical\",\"description\":\"China chemical manufacturer \uff06 supplier\",\"publisher\":{\"@id\":\"https:\/\/longchangchemical.com\/#organization\"},\"potentialAction\":[{\"@type\":\"SearchAction\",\"target\":{\"@type\":\"EntryPoint\",\"urlTemplate\":\"https:\/\/longchangchemical.com\/?s={search_term_string}\"},\"query-input\":{\"@type\":\"PropertyValueSpecification\",\"valueRequired\":true,\"valueName\":\"search_term_string\"}}],\"inLanguage\":\"de\"},{\"@type\":\"Organization\",\"@id\":\"https:\/\/longchangchemical.com\/#organization\",\"name\":\"Longchang Chemical\",\"url\":\"https:\/\/longchangchemical.com\/\",\"logo\":{\"@type\":\"ImageObject\",\"inLanguage\":\"de\",\"@id\":\"https:\/\/longchangchemical.com\/#\/schema\/logo\/image\/\",\"url\":\"https:\/\/longchangchemical.com\/wp-content\/uploads\/2020\/08\/cropped-longchang-logo.png\",\"contentUrl\":\"https:\/\/longchangchemical.com\/wp-content\/uploads\/2020\/08\/cropped-longchang-logo.png\",\"width\":512,\"height\":512,\"caption\":\"Longchang Chemical\"},\"image\":{\"@id\":\"https:\/\/longchangchemical.com\/#\/schema\/logo\/image\/\"}}]}<\/script>\n<!-- \/ Yoast SEO plugin. -->","yoast_head_json":{"title":"China Dibutyl Ether Hersteller CAS 142-96-1 - Longchang Chemical","description":"n-Butylether \/ Dibutylether wird in elektronischen Reinigern und pharmazeutischen L\u00f6sungsmitteln verwendet und ist das Schl\u00fcsselprodukt von Longchang Chemical. Wir sind der f\u00fchrende Hersteller und Lieferant in China mit der besten Qualit\u00e4t und dem g\u00fcnstigsten Preis.","robots":{"index":"index","follow":"follow","max-snippet":"max-snippet:-1","max-image-preview":"max-image-preview:large","max-video-preview":"max-video-preview:-1"},"canonical":"https:\/\/longchangchemical.com\/de\/product\/dibutyl-ether-cas-142-96-1\/","og_locale":"de_DE","og_type":"article","og_title":"China Dibutyl Ether Manufacturer CAS 142-96-1 - Longchang Chemical","og_description":"n-Butyl Ether \/ Dibutyl Ether is used in electronic grade cleaners and pharmaceutical solvents and is the key product of Longchang Chemical. We are the leading manufacturer and supplier in China with the best quanlity and competitive price.","og_url":"https:\/\/longchangchemical.com\/de\/product\/dibutyl-ether-cas-142-96-1\/","og_site_name":"Longchang Chemical","article_modified_time":"2026-01-12T06:32:18+00:00","og_image":[{"width":1000,"height":1000,"url":"https:\/\/longchangchemical.com\/wp-content\/uploads\/2024\/02\/logo-jpeg.jpg","type":"image\/jpeg"}],"twitter_card":"summary_large_image","schema":{"@context":"https:\/\/schema.org","@graph":[{"@type":"WebPage","@id":"https:\/\/longchangchemical.com\/product\/dibutyl-ether-cas-142-96-1\/","url":"https:\/\/longchangchemical.com\/product\/dibutyl-ether-cas-142-96-1\/","name":"China Dibutyl Ether Hersteller CAS 142-96-1 - Longchang Chemical","isPartOf":{"@id":"https:\/\/longchangchemical.com\/#website"},"datePublished":"2024-03-01T10:14:12+00:00","dateModified":"2026-01-12T06:32:18+00:00","description":"n-Butylether \/ Dibutylether wird in elektronischen Reinigern und pharmazeutischen L\u00f6sungsmitteln verwendet und ist das Schl\u00fcsselprodukt von Longchang Chemical. Wir sind der f\u00fchrende Hersteller und Lieferant in China mit der besten Qualit\u00e4t und dem g\u00fcnstigsten Preis.","breadcrumb":{"@id":"https:\/\/longchangchemical.com\/product\/dibutyl-ether-cas-142-96-1\/#breadcrumb"},"inLanguage":"de","potentialAction":[{"@type":"ReadAction","target":["https:\/\/longchangchemical.com\/product\/dibutyl-ether-cas-142-96-1\/"]}]},{"@type":"BreadcrumbList","@id":"https:\/\/longchangchemical.com\/product\/dibutyl-ether-cas-142-96-1\/#breadcrumb","itemListElement":[{"@type":"ListItem","position":1,"name":"Home","item":"https:\/\/longchangchemical.com\/"},{"@type":"ListItem","position":2,"name":"Products Longchang","item":"https:\/\/longchangchemical.com\/product\/"},{"@type":"ListItem","position":3,"name":"Dibutyl Ether \/ n-Butyl Ether CAS 142-96-1"}]},{"@type":"WebSite","@id":"https:\/\/longchangchemical.com\/#website","url":"https:\/\/longchangchemical.com\/","name":"Longchang Chemical","description":"China Hersteller von Chemikalien \uff06 Lieferant","publisher":{"@id":"https:\/\/longchangchemical.com\/#organization"},"potentialAction":[{"@type":"SearchAction","target":{"@type":"EntryPoint","urlTemplate":"https:\/\/longchangchemical.com\/?s={search_term_string}"},"query-input":{"@type":"PropertyValueSpecification","valueRequired":true,"valueName":"search_term_string"}}],"inLanguage":"de"},{"@type":"Organization","@id":"https:\/\/longchangchemical.com\/#organization","name":"Longchang Chemical","url":"https:\/\/longchangchemical.com\/","logo":{"@type":"ImageObject","inLanguage":"de","@id":"https:\/\/longchangchemical.com\/#\/schema\/logo\/image\/","url":"https:\/\/longchangchemical.com\/wp-content\/uploads\/2020\/08\/cropped-longchang-logo.png","contentUrl":"https:\/\/longchangchemical.com\/wp-content\/uploads\/2020\/08\/cropped-longchang-logo.png","width":512,"height":512,"caption":"Longchang Chemical"},"image":{"@id":"https:\/\/longchangchemical.com\/#\/schema\/logo\/image\/"}}]}},"_links":{"self":[{"href":"https:\/\/longchangchemical.com\/de\/wp-json\/wp\/v2\/product\/6677","targetHints":{"allow":["GET"]}}],"collection":[{"href":"https:\/\/longchangchemical.com\/de\/wp-json\/wp\/v2\/product"}],"about":[{"href":"https:\/\/longchangchemical.com\/de\/wp-json\/wp\/v2\/types\/product"}],"replies":[{"embeddable":true,"href":"https:\/\/longchangchemical.com\/de\/wp-json\/wp\/v2\/comments?post=6677"}],"wp:attachment":[{"href":"https:\/\/longchangchemical.com\/de\/wp-json\/wp\/v2\/media?parent=6677"}],"wp:term":[{"taxonomy":"product_brand","embeddable":true,"href":"https:\/\/longchangchemical.com\/de\/wp-json\/wp\/v2\/product_brand?post=6677"},{"taxonomy":"product_cat","embeddable":true,"href":"https:\/\/longchangchemical.com\/de\/wp-json\/wp\/v2\/product_cat?post=6677"},{"taxonomy":"product_tag","embeddable":true,"href":"https:\/\/longchangchemical.com\/de\/wp-json\/wp\/v2\/product_tag?post=6677"}],"curies":[{"name":"wp","href":"https:\/\/api.w.org\/{rel}","templated":true}]}}