{"id":6673,"date":"2024-03-01T07:02:49","date_gmt":"2024-03-01T07:02:49","guid":{"rendered":"https:\/\/longchangchemical.com\/?post_type=product&#038;p=6673"},"modified":"2026-01-12T06:35:53","modified_gmt":"2026-01-12T06:35:53","slug":"methyl-perfluoroisobutyl-ether-cas-163702-08-7","status":"publish","type":"product","link":"https:\/\/longchangchemical.com\/de\/product\/methyl-perfluoroisobutyl-ether-cas-163702-08-7\/","title":{"rendered":"Methylperfluorisobutylether CAS 163702-08-7"},"content":{"rendered":"<h1><strong>Methylperfluorisobutylether CAS 163702-08-7 \u00a0 \u00a0 \u00a0<\/strong><\/h1>\n<table>\n<tbody>\n<tr>\n<td width=\"206\">Assay<\/td>\n<td width=\"305\">\u226599.00%MIN<\/td>\n<\/tr>\n<tr>\n<td width=\"206\"><strong>\u00a0<\/strong><\/p>\n<p>Erscheinungsbild<\/td>\n<td width=\"305\">Farblose transparente Fl\u00fcssigkeit<\/td>\n<\/tr>\n<tr>\n<td width=\"206\">S\u00e4urewert (Salzs\u00e4ure)<\/td>\n<td width=\"305\">\u226410ppm<\/td>\n<\/tr>\n<tr>\n<td width=\"206\">Wasser(KF)<\/td>\n<td width=\"305\">\u226450ppm<\/td>\n<\/tr>\n<tr>\n<td width=\"206\">Cl-<\/td>\n<td width=\"305\">\u226410ppm<\/td>\n<\/tr>\n<tr>\n<td width=\"206\">Verdunstungsr\u00fcckst\u00e4nde<\/td>\n<td width=\"305\">Keine nennenswerten R\u00fcckst\u00e4nde<\/td>\n<\/tr>\n<\/tbody>\n<\/table>\n<p>&nbsp;<\/p>\n<p>Verpackung: 25kg \/Fass.<\/p>\n<p>&nbsp;<\/p>\n<p>Funktion:<\/p>\n<p>Perfluorbutylmethylether ist ein mildes L\u00f6sungsmittel, das in erfrischenden kosmetischen Formulierungen verwendet wird. Es handelt sich um ein fluorhaltiges Etherl\u00f6sungsmittel, das in vielen Komponenten l\u00f6slich ist. Es gilt als gut gleitf\u00e4hig und eignet sich sehr gut als L\u00f6sungsmittel f\u00fcr \u00f6lige Formulierungen.<\/p>\n<p>Anwendung:<\/p>\n<p>&nbsp;<\/p>\n<p>Perfluorbutylmethylether wird haupts\u00e4chlich als L\u00f6sungsmittel und Weichmacher in Kosmetika und Hautpflegeprodukten verwendet. Der Risikokoeffizient betr\u00e4gt 1. Er ist relativ sicher und kann gefahrlos verwendet werden. Im Allgemeinen hat er keine Auswirkungen auf schwangere Frauen. Perfluorbutylmethylether hat keine Akne.<\/p>\n<p>&nbsp;<\/p>\n<p>Lagerung:<\/p>\n<p>Sie werden in einem trockenen, sauberen Lager mit guter Bel\u00fcftung aufbewahrt.<\/p>\n<p>Vermeiden Sie Licht- und Hitzeeinwirkung.<\/p>\n<p>Schutz des Produkts vor Auslaufen, Regen und Sonneneinstrahlung w\u00e4hrend des Transports.<\/p>\n<h2><strong><b>Kontaktieren Sie uns jetzt!<\/b><\/strong><\/h2>\n<h4><strong><b>Wenn Sie einen Preis ben\u00f6tigen, tragen Sie bitte Ihre Kontaktdaten in das unten stehende Formular ein. Wir werden uns in der Regel innerhalb von 24 Stunden mit Ihnen in Verbindung setzen. Sie k\u00f6nnen mir auch mailen\u00a0<span style=\"color: #00ccff;\"><a style=\"color: #00ccff;\" href=\"mailto:info@longchangchemical.com\">info@longchangchemical.com<\/a>\u00a0<\/span>w\u00e4hrend der Gesch\u00e4ftszeiten ( 8:30 bis 18:00 Uhr UTC+8 Mo.~Sa. ) oder nutzen Sie den Live-Chat auf der Website, um eine schnelle Antwort zu erhalten.<\/b><\/strong><\/h4>","protected":false},"excerpt":{"rendered":"<p>Produktname: METHYL-PERFLUOROBUTYLETHER\u3001METHYLNONAFLUOROISOBUTYLETHER\u3001Perfluorisobutylmethylether<\/p>\n<p>CAS-Nr.: 163702-08-7<\/p>\n<p>Molekulare Formel\uff1aC5H3F9O<\/p>\n<p>Molekulargewicht\uff1a250.06<\/p>\n<p>Molekulare Struktur:<\/p>\n[caption id=\"attachment_6674\" align=\"alignnone\" width=\"289\"]<img decoding=\"async\" class=\"size-full wp-image-6674\" src=\"https:\/\/longchangchemical.com\/wp-content\/uploads\/2024\/03\/163702-08-7.png\" alt=\"163702-08-7\" width=\"289\" height=\"143\" \/> 163702-08-7[\/caption]","protected":false},"featured_media":6712,"comment_status":"open","ping_status":"closed","template":"","meta":[],"product_brand":[],"product_cat":[154],"product_tag":[],"class_list":{"0":"post-6673","1":"product","2":"type-product","3":"status-publish","4":"has-post-thumbnail","6":"product_cat-solvent","8":"first","9":"instock","10":"shipping-taxable","11":"product-type-simple"},"yoast_head":"<!-- This site is optimized with the Yoast SEO plugin v25.3.1 - https:\/\/yoast.com\/wordpress\/plugins\/seo\/ -->\n<title>China Methyl Perfluoroisobutyl Ether Manufacturer CAS 163702-08-7 - Longchang Chemical<\/title>\n<meta name=\"description\" content=\"Methyl Perfluoroisobutyl Ether Manufacturer can be used Precision electronic circuit board cleaner and is the key product of Longchang Chemical. We are the leading manufacturer and supplier in China with the best quanlity and competitive price.\" \/>\n<meta name=\"robots\" content=\"index, follow, max-snippet:-1, max-image-preview:large, max-video-preview:-1\" \/>\n<link rel=\"canonical\" href=\"https:\/\/longchangchemical.com\/de\/product\/methyl-perfluoroisobutyl-ether-cas-163702-08-7\/\" \/>\n<meta property=\"og:locale\" content=\"de_DE\" \/>\n<meta property=\"og:type\" content=\"article\" \/>\n<meta property=\"og:title\" content=\"China Methyl Perfluoroisobutyl Ether Manufacturer CAS 163702-08-7 - Longchang Chemical\" \/>\n<meta property=\"og:description\" content=\"Methyl Perfluoroisobutyl Ether Manufacturer can be used Precision electronic circuit board cleaner and is the key product of Longchang Chemical. We are the leading manufacturer and supplier in China with the best quanlity and competitive price.\" \/>\n<meta property=\"og:url\" content=\"https:\/\/longchangchemical.com\/de\/product\/methyl-perfluoroisobutyl-ether-cas-163702-08-7\/\" \/>\n<meta property=\"og:site_name\" content=\"Longchang Chemical\" \/>\n<meta property=\"article:modified_time\" content=\"2026-01-12T06:35:53+00:00\" \/>\n<meta property=\"og:image\" content=\"https:\/\/longchangchemical.com\/wp-content\/uploads\/2024\/03\/Methyl-Perfluoroisobutyl-Ether-CAS-163702-08-7-1.jpg\" \/>\n\t<meta property=\"og:image:width\" content=\"800\" \/>\n\t<meta property=\"og:image:height\" content=\"800\" \/>\n\t<meta property=\"og:image:type\" content=\"image\/jpeg\" \/>\n<meta name=\"twitter:card\" content=\"summary_large_image\" \/>\n<script type=\"application\/ld+json\" class=\"yoast-schema-graph\">{\"@context\":\"https:\/\/schema.org\",\"@graph\":[{\"@type\":\"WebPage\",\"@id\":\"https:\/\/longchangchemical.com\/product\/methyl-perfluoroisobutyl-ether-cas-163702-08-7\/\",\"url\":\"https:\/\/longchangchemical.com\/product\/methyl-perfluoroisobutyl-ether-cas-163702-08-7\/\",\"name\":\"China Methyl Perfluoroisobutyl Ether Manufacturer CAS 163702-08-7 - Longchang Chemical\",\"isPartOf\":{\"@id\":\"https:\/\/longchangchemical.com\/#website\"},\"primaryImageOfPage\":{\"@id\":\"https:\/\/longchangchemical.com\/product\/methyl-perfluoroisobutyl-ether-cas-163702-08-7\/#primaryimage\"},\"image\":{\"@id\":\"https:\/\/longchangchemical.com\/product\/methyl-perfluoroisobutyl-ether-cas-163702-08-7\/#primaryimage\"},\"thumbnailUrl\":\"https:\/\/longchangchemical.com\/wp-content\/uploads\/2024\/03\/Methyl-Perfluoroisobutyl-Ether-CAS-163702-08-7-1.jpg\",\"datePublished\":\"2024-03-01T07:02:49+00:00\",\"dateModified\":\"2026-01-12T06:35:53+00:00\",\"description\":\"Methyl Perfluoroisobutyl Ether Manufacturer can be used Precision electronic circuit board cleaner and is the key product of Longchang Chemical. We are the leading manufacturer and supplier in China with the best quanlity and competitive price.\",\"breadcrumb\":{\"@id\":\"https:\/\/longchangchemical.com\/product\/methyl-perfluoroisobutyl-ether-cas-163702-08-7\/#breadcrumb\"},\"inLanguage\":\"de\",\"potentialAction\":[{\"@type\":\"ReadAction\",\"target\":[\"https:\/\/longchangchemical.com\/product\/methyl-perfluoroisobutyl-ether-cas-163702-08-7\/\"]}]},{\"@type\":\"ImageObject\",\"inLanguage\":\"de\",\"@id\":\"https:\/\/longchangchemical.com\/product\/methyl-perfluoroisobutyl-ether-cas-163702-08-7\/#primaryimage\",\"url\":\"https:\/\/longchangchemical.com\/wp-content\/uploads\/2024\/03\/Methyl-Perfluoroisobutyl-Ether-CAS-163702-08-7-1.jpg\",\"contentUrl\":\"https:\/\/longchangchemical.com\/wp-content\/uploads\/2024\/03\/Methyl-Perfluoroisobutyl-Ether-CAS-163702-08-7-1.jpg\",\"width\":800,\"height\":800},{\"@type\":\"BreadcrumbList\",\"@id\":\"https:\/\/longchangchemical.com\/product\/methyl-perfluoroisobutyl-ether-cas-163702-08-7\/#breadcrumb\",\"itemListElement\":[{\"@type\":\"ListItem\",\"position\":1,\"name\":\"Home\",\"item\":\"https:\/\/longchangchemical.com\/\"},{\"@type\":\"ListItem\",\"position\":2,\"name\":\"Products Longchang\",\"item\":\"https:\/\/longchangchemical.com\/product\/\"},{\"@type\":\"ListItem\",\"position\":3,\"name\":\"Methyl Perfluoroisobutyl Ether CAS 163702-08-7\"}]},{\"@type\":\"WebSite\",\"@id\":\"https:\/\/longchangchemical.com\/#website\",\"url\":\"https:\/\/longchangchemical.com\/\",\"name\":\"Longchang Chemical\",\"description\":\"China chemical manufacturer \uff06 supplier\",\"publisher\":{\"@id\":\"https:\/\/longchangchemical.com\/#organization\"},\"potentialAction\":[{\"@type\":\"SearchAction\",\"target\":{\"@type\":\"EntryPoint\",\"urlTemplate\":\"https:\/\/longchangchemical.com\/?s={search_term_string}\"},\"query-input\":{\"@type\":\"PropertyValueSpecification\",\"valueRequired\":true,\"valueName\":\"search_term_string\"}}],\"inLanguage\":\"de\"},{\"@type\":\"Organization\",\"@id\":\"https:\/\/longchangchemical.com\/#organization\",\"name\":\"Longchang Chemical\",\"url\":\"https:\/\/longchangchemical.com\/\",\"logo\":{\"@type\":\"ImageObject\",\"inLanguage\":\"de\",\"@id\":\"https:\/\/longchangchemical.com\/#\/schema\/logo\/image\/\",\"url\":\"https:\/\/longchangchemical.com\/wp-content\/uploads\/2020\/08\/cropped-longchang-logo.png\",\"contentUrl\":\"https:\/\/longchangchemical.com\/wp-content\/uploads\/2020\/08\/cropped-longchang-logo.png\",\"width\":512,\"height\":512,\"caption\":\"Longchang Chemical\"},\"image\":{\"@id\":\"https:\/\/longchangchemical.com\/#\/schema\/logo\/image\/\"}}]}<\/script>\n<!-- \/ Yoast SEO plugin. -->","yoast_head_json":{"title":"China Methyl Perfluorisobutyl Ether Hersteller CAS 163702-08-7 - Longchang Chemical","description":"Methyl Perfluoroisobutyl Ether Hersteller kann verwendet werden Precision elektronische Leiterplatte Reiniger und ist das wichtigste Produkt von Longchang Chemical. Wir sind der f\u00fchrende Hersteller und Lieferant in China mit der besten Qualit\u00e4t und konkurrenzf\u00e4higem Preis.","robots":{"index":"index","follow":"follow","max-snippet":"max-snippet:-1","max-image-preview":"max-image-preview:large","max-video-preview":"max-video-preview:-1"},"canonical":"https:\/\/longchangchemical.com\/de\/product\/methyl-perfluoroisobutyl-ether-cas-163702-08-7\/","og_locale":"de_DE","og_type":"article","og_title":"China Methyl Perfluoroisobutyl Ether Manufacturer CAS 163702-08-7 - Longchang Chemical","og_description":"Methyl Perfluoroisobutyl Ether Manufacturer can be used Precision electronic circuit board cleaner and is the key product of Longchang Chemical. We are the leading manufacturer and supplier in China with the best quanlity and competitive price.","og_url":"https:\/\/longchangchemical.com\/de\/product\/methyl-perfluoroisobutyl-ether-cas-163702-08-7\/","og_site_name":"Longchang Chemical","article_modified_time":"2026-01-12T06:35:53+00:00","og_image":[{"width":800,"height":800,"url":"https:\/\/longchangchemical.com\/wp-content\/uploads\/2024\/03\/Methyl-Perfluoroisobutyl-Ether-CAS-163702-08-7-1.jpg","type":"image\/jpeg"}],"twitter_card":"summary_large_image","schema":{"@context":"https:\/\/schema.org","@graph":[{"@type":"WebPage","@id":"https:\/\/longchangchemical.com\/product\/methyl-perfluoroisobutyl-ether-cas-163702-08-7\/","url":"https:\/\/longchangchemical.com\/product\/methyl-perfluoroisobutyl-ether-cas-163702-08-7\/","name":"China Methyl Perfluorisobutyl Ether Hersteller CAS 163702-08-7 - Longchang Chemical","isPartOf":{"@id":"https:\/\/longchangchemical.com\/#website"},"primaryImageOfPage":{"@id":"https:\/\/longchangchemical.com\/product\/methyl-perfluoroisobutyl-ether-cas-163702-08-7\/#primaryimage"},"image":{"@id":"https:\/\/longchangchemical.com\/product\/methyl-perfluoroisobutyl-ether-cas-163702-08-7\/#primaryimage"},"thumbnailUrl":"https:\/\/longchangchemical.com\/wp-content\/uploads\/2024\/03\/Methyl-Perfluoroisobutyl-Ether-CAS-163702-08-7-1.jpg","datePublished":"2024-03-01T07:02:49+00:00","dateModified":"2026-01-12T06:35:53+00:00","description":"Methyl Perfluoroisobutyl Ether Hersteller kann verwendet werden Precision elektronische Leiterplatte Reiniger und ist das wichtigste Produkt von Longchang Chemical. Wir sind der f\u00fchrende Hersteller und Lieferant in China mit der besten Qualit\u00e4t und konkurrenzf\u00e4higem Preis.","breadcrumb":{"@id":"https:\/\/longchangchemical.com\/product\/methyl-perfluoroisobutyl-ether-cas-163702-08-7\/#breadcrumb"},"inLanguage":"de","potentialAction":[{"@type":"ReadAction","target":["https:\/\/longchangchemical.com\/product\/methyl-perfluoroisobutyl-ether-cas-163702-08-7\/"]}]},{"@type":"ImageObject","inLanguage":"de","@id":"https:\/\/longchangchemical.com\/product\/methyl-perfluoroisobutyl-ether-cas-163702-08-7\/#primaryimage","url":"https:\/\/longchangchemical.com\/wp-content\/uploads\/2024\/03\/Methyl-Perfluoroisobutyl-Ether-CAS-163702-08-7-1.jpg","contentUrl":"https:\/\/longchangchemical.com\/wp-content\/uploads\/2024\/03\/Methyl-Perfluoroisobutyl-Ether-CAS-163702-08-7-1.jpg","width":800,"height":800},{"@type":"BreadcrumbList","@id":"https:\/\/longchangchemical.com\/product\/methyl-perfluoroisobutyl-ether-cas-163702-08-7\/#breadcrumb","itemListElement":[{"@type":"ListItem","position":1,"name":"Home","item":"https:\/\/longchangchemical.com\/"},{"@type":"ListItem","position":2,"name":"Products Longchang","item":"https:\/\/longchangchemical.com\/product\/"},{"@type":"ListItem","position":3,"name":"Methyl Perfluoroisobutyl Ether CAS 163702-08-7"}]},{"@type":"WebSite","@id":"https:\/\/longchangchemical.com\/#website","url":"https:\/\/longchangchemical.com\/","name":"Longchang Chemical","description":"China Hersteller von Chemikalien \uff06 Lieferant","publisher":{"@id":"https:\/\/longchangchemical.com\/#organization"},"potentialAction":[{"@type":"SearchAction","target":{"@type":"EntryPoint","urlTemplate":"https:\/\/longchangchemical.com\/?s={search_term_string}"},"query-input":{"@type":"PropertyValueSpecification","valueRequired":true,"valueName":"search_term_string"}}],"inLanguage":"de"},{"@type":"Organization","@id":"https:\/\/longchangchemical.com\/#organization","name":"Longchang Chemical","url":"https:\/\/longchangchemical.com\/","logo":{"@type":"ImageObject","inLanguage":"de","@id":"https:\/\/longchangchemical.com\/#\/schema\/logo\/image\/","url":"https:\/\/longchangchemical.com\/wp-content\/uploads\/2020\/08\/cropped-longchang-logo.png","contentUrl":"https:\/\/longchangchemical.com\/wp-content\/uploads\/2020\/08\/cropped-longchang-logo.png","width":512,"height":512,"caption":"Longchang Chemical"},"image":{"@id":"https:\/\/longchangchemical.com\/#\/schema\/logo\/image\/"}}]}},"_links":{"self":[{"href":"https:\/\/longchangchemical.com\/de\/wp-json\/wp\/v2\/product\/6673","targetHints":{"allow":["GET"]}}],"collection":[{"href":"https:\/\/longchangchemical.com\/de\/wp-json\/wp\/v2\/product"}],"about":[{"href":"https:\/\/longchangchemical.com\/de\/wp-json\/wp\/v2\/types\/product"}],"replies":[{"embeddable":true,"href":"https:\/\/longchangchemical.com\/de\/wp-json\/wp\/v2\/comments?post=6673"}],"wp:featuredmedia":[{"embeddable":true,"href":"https:\/\/longchangchemical.com\/de\/wp-json\/wp\/v2\/media\/6712"}],"wp:attachment":[{"href":"https:\/\/longchangchemical.com\/de\/wp-json\/wp\/v2\/media?parent=6673"}],"wp:term":[{"taxonomy":"product_brand","embeddable":true,"href":"https:\/\/longchangchemical.com\/de\/wp-json\/wp\/v2\/product_brand?post=6673"},{"taxonomy":"product_cat","embeddable":true,"href":"https:\/\/longchangchemical.com\/de\/wp-json\/wp\/v2\/product_cat?post=6673"},{"taxonomy":"product_tag","embeddable":true,"href":"https:\/\/longchangchemical.com\/de\/wp-json\/wp\/v2\/product_tag?post=6673"}],"curies":[{"name":"wp","href":"https:\/\/api.w.org\/{rel}","templated":true}]}}