{"id":6647,"date":"2024-02-19T06:50:10","date_gmt":"2024-02-19T06:50:10","guid":{"rendered":"https:\/\/longchangchemical.com\/?post_type=product&#038;p=6647"},"modified":"2024-04-28T02:39:48","modified_gmt":"2024-04-28T02:39:48","slug":"3-hpp-ceppa-esterified-liquid","status":"publish","type":"product","link":"https:\/\/longchangchemical.com\/de\/product\/3-hpp-ceppa-esterified-liquid\/","title":{"rendered":"Lcflare\u00ae 3-HPP\/CEPPA Veresterte Fl\u00fcssigkeit"},"content":{"rendered":"<h1>Lcflare\u00ae 3-HPP\/CEPPA<\/h1>\n<p><strong>Synonym:<\/strong>\u00a03-Hydroxyphenylphosphinyl-propans\u00e4ure ;2-Carboxylethyl(phenyl)phosphins\u00e4ure<\/p>\n<p><strong>Fall Nr.<\/strong>:14657-64-8<\/p>\n<p><strong>Molekulare Struktur<\/strong>:<\/p>\n<p><img decoding=\"async\" class=\"alignnone size-full wp-image-3960\" src=\"https:\/\/longchangchemical.com\/wp-content\/uploads\/2021\/08\/3hhp.gif\" alt=\"\" width=\"264\" height=\"132\" \/><\/p>\n<p><strong>Spezifikationen:\u00a0<\/strong><strong>\u00a0\u00a0\u00a0\u00a0\u00a0\u00a0\u00a0\u00a0\u00a0\u00a0<\/strong>\u00a0<strong>\u00a0\u00a0\u00a0\u00a0<\/strong><\/p>\n<table>\n<tbody>\n<tr>\n<td width=\"183\"><strong><b>3-HPP\/CEPPA<\/b><\/strong><\/td>\n<td width=\"272\">Feste Form<\/td>\n<\/tr>\n<tr>\n<td width=\"183\">Erscheinungsbild<\/td>\n<td width=\"272\">Wei\u00dfer Kristall<\/td>\n<\/tr>\n<tr>\n<td width=\"183\">Gehalt(HPLC)<\/td>\n<td width=\"272\">\u226599.5%<\/td>\n<\/tr>\n<tr>\n<td width=\"183\">Schmelzpunkt(DSC,\u00b0C)<\/td>\n<td width=\"272\">\u2265158<\/td>\n<\/tr>\n<tr>\n<td width=\"183\">Eisengehalt(%)<\/td>\n<td width=\"272\">\u22640.02<\/td>\n<\/tr>\n<tr>\n<td width=\"183\">Phosphorgehalt(%)<\/td>\n<td width=\"272\">14,0\u00b10,5%<\/td>\n<\/tr>\n<tr>\n<td width=\"183\">Chloridionengehalt(%)<\/td>\n<td width=\"272\">\u226410ppm<\/td>\n<\/tr>\n<tr>\n<td width=\"183\">S\u00e4urewert ( mg KOH\/g)<\/td>\n<td width=\"272\">522.0\u00b14.0<\/td>\n<\/tr>\n<tr>\n<td width=\"183\">Feuchte (K.F ,%)<\/td>\n<td width=\"272\">\u22640.1<\/td>\n<\/tr>\n<\/tbody>\n<\/table>\n<p><strong>\u00a0<\/strong><\/p>\n<p><strong>Verpacken<\/strong>25kg\/Sack\/Karton oder 500kgs\/Sack.<\/p>\n<p><strong>Anwendung:<\/strong><\/p>\n<p>Umweltfreundliches Flammschutzmittel, geeignet f\u00fcr die Herstellung von dauerhaft flammhemmenden Polyurethanprodukten wie Polyesterchips, Filamenten, Stapelfasern, Geweben und Folien. Die erhaltenen Polyurethanchips haben einen guten Farbton und eine gute Spinnbarkeit. Im Vergleich zu herk\u00f6mmlichem PET hat die Spinnf\u00e4higkeit von flammhemmenden Polyesterprodukten nach Zugabe dieses Produkts die gleichen Spinn- und Zugeigenschaften wie herk\u00f6mmliche Polyesterchips. Flammhemmende Polyesterprodukte Es hat eine ausgezeichnete thermische Stabilit\u00e4t, zersetzt sich nicht w\u00e4hrend des Spinnprozesses und hat keinen auff\u00e4lligen Geruch an der Spinnstelle. Sie kann die antistatische Leistung von Polyesterprodukten verbessern und hat eine gute Spinnbarkeit. Die Faser hat gute Webeigenschaften und kann in jeder Spinnerei eingesetzt werden. Das Seidensystem \u00fcbernimmt die Spinnverarbeitung, und das Gewebe kann dauerhafte flammhemmende Eigenschaften erhalten. Bei der Copolymerisation mit PTA und EG betr\u00e4gt die Additivmenge 2,5~4,5%, der Phosphorgehalt der flammhemmenden Polyesterchips 0,35-0,60%, und der flammhemmende Sauerstoffindex nach dem Spinnen des Gewebes betr\u00e4gt 30~36%. Es ist weit verbreitet in flammhemmenden Bereichen wie Textil Flammschutzmittel, Spinnerei Flammschutzmittel, Chemiefaser Flammschutzmittel, verschiedene Bekleidungsmaterialien, Dekorationsstoffe, etc.<\/p>\n<p><strong><b>Lagerung:<\/b><\/strong><\/p>\n<p>Sie werden in einem trockenen, sauberen Lager mit guter Bel\u00fcftung aufbewahrt.<\/p>\n<p>Vermeiden Sie Licht- und Hitzeeinwirkung.<\/p>\n<p>Schutz des Produkts vor Auslaufen, Regen und Sonneneinstrahlung w\u00e4hrend des Transports.<\/p>\n<h2><strong><b>Kontaktieren Sie uns jetzt!<\/b><\/strong><\/h2>\n<h4><strong><b>Wenn Sie einen Preis ben\u00f6tigen, tragen Sie bitte Ihre Kontaktdaten in das unten stehende Formular ein. Wir werden uns in der Regel innerhalb von 24 Stunden mit Ihnen in Verbindung setzen. Sie k\u00f6nnen mir auch mailen\u00a0<span style=\"color: #00ccff;\"><a style=\"color: #00ccff;\" href=\"mailto:info@longchangchemical.com\">info@longchangchemical.com<\/a>\u00a0<\/span>w\u00e4hrend der Gesch\u00e4ftszeiten ( 8:30 bis 18:00 Uhr UTC+8 Mo.~Sa. ) oder nutzen Sie den Live-Chat auf der Website, um eine schnelle Antwort zu erhalten.<\/b><\/strong><\/h4>","protected":false},"excerpt":{"rendered":"<p>Lcflare\u00ae 3-HPP\/CEPPA ist ein Flammschutzmittel, das oxidiertes Phosphin enth\u00e4lt und mit Ester copolymerisieren kann, um Copolyester zu erzeugen. Es ist aktiv und hat eine hohe thermische Haltef\u00e4higkeit und hohe Oxidationsstabilit\u00e4t, es ist auch hydrolysebest\u00e4ndig.<\/p>\n<p>Chemische Bezeichnung: 3-Hydroxyphenylphosphinyl-propans\u00e4ure<\/p>\n<p>CAS-Nr.: 14657-64-8<\/p>\n<p>Formel: C9H11O4P<\/p>\n<p>Verpackung: 200kg\/Trommel<\/p>","protected":false},"featured_media":6706,"comment_status":"open","ping_status":"closed","template":"","meta":[],"product_brand":[],"product_cat":[153],"product_tag":[],"class_list":{"0":"post-6647","1":"product","2":"type-product","3":"status-publish","4":"has-post-thumbnail","6":"product_cat-Lcflare-flame-retardant","8":"first","9":"instock","10":"shipping-taxable","11":"product-type-simple"},"yoast_head":"<!-- This site is optimized with the Yoast SEO plugin v25.3.1 - https:\/\/yoast.com\/wordpress\/plugins\/seo\/ -->\n<title>3-HPP \/ CEPPA Esterified liquid ( 3-Hydroxyphenylphosphinyl-propanoic acid ) manufacturer - Longchang Chemical<\/title>\n<meta name=\"description\" content=\"Lcflare\u00ae 3-HPP \/ CEPPA Esterified liquid ( 2-carboxyl ethyl(phenyl)phosphinic Acid ) can be used as a Flame retardant and is the key product of Longchang Chemical. We are the leading Flame retardant manufacturer and supplier in China with the best quanlity and competitive price.\" \/>\n<meta name=\"robots\" content=\"index, follow, max-snippet:-1, max-image-preview:large, max-video-preview:-1\" \/>\n<link rel=\"canonical\" href=\"https:\/\/longchangchemical.com\/de\/product\/3-hpp-ceppa-esterified-liquid\/\" \/>\n<meta property=\"og:locale\" content=\"de_DE\" \/>\n<meta property=\"og:type\" content=\"article\" \/>\n<meta property=\"og:title\" content=\"3-HPP \/ CEPPA Esterified liquid ( 3-Hydroxyphenylphosphinyl-propanoic acid ) manufacturer - Longchang Chemical\" \/>\n<meta property=\"og:description\" content=\"Lcflare\u00ae 3-HPP \/ CEPPA Esterified liquid ( 2-carboxyl ethyl(phenyl)phosphinic Acid ) can be used as a Flame retardant and is the key product of Longchang Chemical. We are the leading Flame retardant manufacturer and supplier in China with the best quanlity and competitive price.\" \/>\n<meta property=\"og:url\" content=\"https:\/\/longchangchemical.com\/de\/product\/3-hpp-ceppa-esterified-liquid\/\" \/>\n<meta property=\"og:site_name\" content=\"Longchang Chemical\" \/>\n<meta property=\"article:modified_time\" content=\"2024-04-28T02:39:48+00:00\" \/>\n<meta property=\"og:image\" content=\"https:\/\/longchangchemical.com\/wp-content\/uploads\/2024\/02\/3-HPPCEPPA-Esterified-liquid.jpg\" \/>\n\t<meta property=\"og:image:width\" content=\"800\" \/>\n\t<meta property=\"og:image:height\" content=\"800\" \/>\n\t<meta property=\"og:image:type\" content=\"image\/jpeg\" \/>\n<meta name=\"twitter:card\" content=\"summary_large_image\" \/>\n<script type=\"application\/ld+json\" class=\"yoast-schema-graph\">{\"@context\":\"https:\/\/schema.org\",\"@graph\":[{\"@type\":\"WebPage\",\"@id\":\"https:\/\/longchangchemical.com\/product\/3-hpp-ceppa-esterified-liquid\/\",\"url\":\"https:\/\/longchangchemical.com\/product\/3-hpp-ceppa-esterified-liquid\/\",\"name\":\"3-HPP \/ CEPPA Esterified liquid ( 3-Hydroxyphenylphosphinyl-propanoic acid ) manufacturer - Longchang Chemical\",\"isPartOf\":{\"@id\":\"https:\/\/longchangchemical.com\/#website\"},\"primaryImageOfPage\":{\"@id\":\"https:\/\/longchangchemical.com\/product\/3-hpp-ceppa-esterified-liquid\/#primaryimage\"},\"image\":{\"@id\":\"https:\/\/longchangchemical.com\/product\/3-hpp-ceppa-esterified-liquid\/#primaryimage\"},\"thumbnailUrl\":\"https:\/\/longchangchemical.com\/wp-content\/uploads\/2024\/02\/3-HPPCEPPA-Esterified-liquid.jpg\",\"datePublished\":\"2024-02-19T06:50:10+00:00\",\"dateModified\":\"2024-04-28T02:39:48+00:00\",\"description\":\"Lcflare\u00ae 3-HPP \/ CEPPA Esterified liquid ( 2-carboxyl ethyl(phenyl)phosphinic Acid ) can be used as a Flame retardant and is the key product of Longchang Chemical. We are the leading Flame retardant manufacturer and supplier in China with the best quanlity and competitive price.\",\"breadcrumb\":{\"@id\":\"https:\/\/longchangchemical.com\/product\/3-hpp-ceppa-esterified-liquid\/#breadcrumb\"},\"inLanguage\":\"de\",\"potentialAction\":[{\"@type\":\"ReadAction\",\"target\":[\"https:\/\/longchangchemical.com\/product\/3-hpp-ceppa-esterified-liquid\/\"]}]},{\"@type\":\"ImageObject\",\"inLanguage\":\"de\",\"@id\":\"https:\/\/longchangchemical.com\/product\/3-hpp-ceppa-esterified-liquid\/#primaryimage\",\"url\":\"https:\/\/longchangchemical.com\/wp-content\/uploads\/2024\/02\/3-HPPCEPPA-Esterified-liquid.jpg\",\"contentUrl\":\"https:\/\/longchangchemical.com\/wp-content\/uploads\/2024\/02\/3-HPPCEPPA-Esterified-liquid.jpg\",\"width\":800,\"height\":800,\"caption\":\"3-HPPCEPPA Esterified liquid\"},{\"@type\":\"BreadcrumbList\",\"@id\":\"https:\/\/longchangchemical.com\/product\/3-hpp-ceppa-esterified-liquid\/#breadcrumb\",\"itemListElement\":[{\"@type\":\"ListItem\",\"position\":1,\"name\":\"Home\",\"item\":\"https:\/\/longchangchemical.com\/\"},{\"@type\":\"ListItem\",\"position\":2,\"name\":\"Products Longchang\",\"item\":\"https:\/\/longchangchemical.com\/product\/\"},{\"@type\":\"ListItem\",\"position\":3,\"name\":\"Lcflare\u00ae 3-HPP\/CEPPA Esterified liquid\"}]},{\"@type\":\"WebSite\",\"@id\":\"https:\/\/longchangchemical.com\/#website\",\"url\":\"https:\/\/longchangchemical.com\/\",\"name\":\"Longchang Chemical\",\"description\":\"China chemical manufacturer \uff06 supplier\",\"publisher\":{\"@id\":\"https:\/\/longchangchemical.com\/#organization\"},\"potentialAction\":[{\"@type\":\"SearchAction\",\"target\":{\"@type\":\"EntryPoint\",\"urlTemplate\":\"https:\/\/longchangchemical.com\/?s={search_term_string}\"},\"query-input\":{\"@type\":\"PropertyValueSpecification\",\"valueRequired\":true,\"valueName\":\"search_term_string\"}}],\"inLanguage\":\"de\"},{\"@type\":\"Organization\",\"@id\":\"https:\/\/longchangchemical.com\/#organization\",\"name\":\"Longchang Chemical\",\"url\":\"https:\/\/longchangchemical.com\/\",\"logo\":{\"@type\":\"ImageObject\",\"inLanguage\":\"de\",\"@id\":\"https:\/\/longchangchemical.com\/#\/schema\/logo\/image\/\",\"url\":\"https:\/\/longchangchemical.com\/wp-content\/uploads\/2020\/08\/cropped-longchang-logo.png\",\"contentUrl\":\"https:\/\/longchangchemical.com\/wp-content\/uploads\/2020\/08\/cropped-longchang-logo.png\",\"width\":512,\"height\":512,\"caption\":\"Longchang Chemical\"},\"image\":{\"@id\":\"https:\/\/longchangchemical.com\/#\/schema\/logo\/image\/\"}}]}<\/script>\n<!-- \/ Yoast SEO plugin. -->","yoast_head_json":{"title":"3-HPP \/ CEPPA Veresterte Fl\u00fcssigkeit ( 3-Hydroxyphenylphosphinyl-propanoic acid ) Hersteller - Longchang Chemical","description":"Lcflare\u00ae 3-HPP \/ CEPPA Esterified liquid (2-Carboxylethyl(phenyl)phosphins\u00e4ure) kann als Flammschutzmittel verwendet werden und ist das Schl\u00fcsselprodukt von Longchang Chemical. Wir sind der f\u00fchrende Hersteller und Lieferant von Flammschutzmitteln in China mit der besten Qualit\u00e4t und dem g\u00fcnstigsten Preis.","robots":{"index":"index","follow":"follow","max-snippet":"max-snippet:-1","max-image-preview":"max-image-preview:large","max-video-preview":"max-video-preview:-1"},"canonical":"https:\/\/longchangchemical.com\/de\/product\/3-hpp-ceppa-esterified-liquid\/","og_locale":"de_DE","og_type":"article","og_title":"3-HPP \/ CEPPA Esterified liquid ( 3-Hydroxyphenylphosphinyl-propanoic acid ) manufacturer - Longchang Chemical","og_description":"Lcflare\u00ae 3-HPP \/ CEPPA Esterified liquid ( 2-carboxyl ethyl(phenyl)phosphinic Acid ) can be used as a Flame retardant and is the key product of Longchang Chemical. We are the leading Flame retardant manufacturer and supplier in China with the best quanlity and competitive price.","og_url":"https:\/\/longchangchemical.com\/de\/product\/3-hpp-ceppa-esterified-liquid\/","og_site_name":"Longchang Chemical","article_modified_time":"2024-04-28T02:39:48+00:00","og_image":[{"width":800,"height":800,"url":"https:\/\/longchangchemical.com\/wp-content\/uploads\/2024\/02\/3-HPPCEPPA-Esterified-liquid.jpg","type":"image\/jpeg"}],"twitter_card":"summary_large_image","schema":{"@context":"https:\/\/schema.org","@graph":[{"@type":"WebPage","@id":"https:\/\/longchangchemical.com\/product\/3-hpp-ceppa-esterified-liquid\/","url":"https:\/\/longchangchemical.com\/product\/3-hpp-ceppa-esterified-liquid\/","name":"3-HPP \/ CEPPA Veresterte Fl\u00fcssigkeit ( 3-Hydroxyphenylphosphinyl-propanoic acid ) Hersteller - Longchang Chemical","isPartOf":{"@id":"https:\/\/longchangchemical.com\/#website"},"primaryImageOfPage":{"@id":"https:\/\/longchangchemical.com\/product\/3-hpp-ceppa-esterified-liquid\/#primaryimage"},"image":{"@id":"https:\/\/longchangchemical.com\/product\/3-hpp-ceppa-esterified-liquid\/#primaryimage"},"thumbnailUrl":"https:\/\/longchangchemical.com\/wp-content\/uploads\/2024\/02\/3-HPPCEPPA-Esterified-liquid.jpg","datePublished":"2024-02-19T06:50:10+00:00","dateModified":"2024-04-28T02:39:48+00:00","description":"Lcflare\u00ae 3-HPP \/ CEPPA Esterified liquid (2-Carboxylethyl(phenyl)phosphins\u00e4ure) kann als Flammschutzmittel verwendet werden und ist das Schl\u00fcsselprodukt von Longchang Chemical. Wir sind der f\u00fchrende Hersteller und Lieferant von Flammschutzmitteln in China mit der besten Qualit\u00e4t und dem g\u00fcnstigsten Preis.","breadcrumb":{"@id":"https:\/\/longchangchemical.com\/product\/3-hpp-ceppa-esterified-liquid\/#breadcrumb"},"inLanguage":"de","potentialAction":[{"@type":"ReadAction","target":["https:\/\/longchangchemical.com\/product\/3-hpp-ceppa-esterified-liquid\/"]}]},{"@type":"ImageObject","inLanguage":"de","@id":"https:\/\/longchangchemical.com\/product\/3-hpp-ceppa-esterified-liquid\/#primaryimage","url":"https:\/\/longchangchemical.com\/wp-content\/uploads\/2024\/02\/3-HPPCEPPA-Esterified-liquid.jpg","contentUrl":"https:\/\/longchangchemical.com\/wp-content\/uploads\/2024\/02\/3-HPPCEPPA-Esterified-liquid.jpg","width":800,"height":800,"caption":"3-HPPCEPPA Esterified liquid"},{"@type":"BreadcrumbList","@id":"https:\/\/longchangchemical.com\/product\/3-hpp-ceppa-esterified-liquid\/#breadcrumb","itemListElement":[{"@type":"ListItem","position":1,"name":"Home","item":"https:\/\/longchangchemical.com\/"},{"@type":"ListItem","position":2,"name":"Products Longchang","item":"https:\/\/longchangchemical.com\/product\/"},{"@type":"ListItem","position":3,"name":"Lcflare\u00ae 3-HPP\/CEPPA Esterified liquid"}]},{"@type":"WebSite","@id":"https:\/\/longchangchemical.com\/#website","url":"https:\/\/longchangchemical.com\/","name":"Longchang Chemical","description":"China Hersteller von Chemikalien \uff06 Lieferant","publisher":{"@id":"https:\/\/longchangchemical.com\/#organization"},"potentialAction":[{"@type":"SearchAction","target":{"@type":"EntryPoint","urlTemplate":"https:\/\/longchangchemical.com\/?s={search_term_string}"},"query-input":{"@type":"PropertyValueSpecification","valueRequired":true,"valueName":"search_term_string"}}],"inLanguage":"de"},{"@type":"Organization","@id":"https:\/\/longchangchemical.com\/#organization","name":"Longchang Chemical","url":"https:\/\/longchangchemical.com\/","logo":{"@type":"ImageObject","inLanguage":"de","@id":"https:\/\/longchangchemical.com\/#\/schema\/logo\/image\/","url":"https:\/\/longchangchemical.com\/wp-content\/uploads\/2020\/08\/cropped-longchang-logo.png","contentUrl":"https:\/\/longchangchemical.com\/wp-content\/uploads\/2020\/08\/cropped-longchang-logo.png","width":512,"height":512,"caption":"Longchang Chemical"},"image":{"@id":"https:\/\/longchangchemical.com\/#\/schema\/logo\/image\/"}}]}},"_links":{"self":[{"href":"https:\/\/longchangchemical.com\/de\/wp-json\/wp\/v2\/product\/6647","targetHints":{"allow":["GET"]}}],"collection":[{"href":"https:\/\/longchangchemical.com\/de\/wp-json\/wp\/v2\/product"}],"about":[{"href":"https:\/\/longchangchemical.com\/de\/wp-json\/wp\/v2\/types\/product"}],"replies":[{"embeddable":true,"href":"https:\/\/longchangchemical.com\/de\/wp-json\/wp\/v2\/comments?post=6647"}],"wp:featuredmedia":[{"embeddable":true,"href":"https:\/\/longchangchemical.com\/de\/wp-json\/wp\/v2\/media\/6706"}],"wp:attachment":[{"href":"https:\/\/longchangchemical.com\/de\/wp-json\/wp\/v2\/media?parent=6647"}],"wp:term":[{"taxonomy":"product_brand","embeddable":true,"href":"https:\/\/longchangchemical.com\/de\/wp-json\/wp\/v2\/product_brand?post=6647"},{"taxonomy":"product_cat","embeddable":true,"href":"https:\/\/longchangchemical.com\/de\/wp-json\/wp\/v2\/product_cat?post=6647"},{"taxonomy":"product_tag","embeddable":true,"href":"https:\/\/longchangchemical.com\/de\/wp-json\/wp\/v2\/product_tag?post=6647"}],"curies":[{"name":"wp","href":"https:\/\/api.w.org\/{rel}","templated":true}]}}