{"id":6604,"date":"2024-02-05T09:15:42","date_gmt":"2024-02-05T09:15:42","guid":{"rendered":"https:\/\/longchangchemical.com\/?post_type=product&#038;p=6604"},"modified":"2026-05-08T03:00:02","modified_gmt":"2026-05-08T03:00:02","slug":"rubidium-hydroxide-cas-1310-82-3","status":"publish","type":"product","link":"https:\/\/longchangchemical.com\/de\/product\/rubidium-hydroxide-cas-1310-82-3\/","title":{"rendered":"Rubidiumhydroxid CAS 1310-82-3"},"content":{"rendered":"<h2><strong>Rubidiumhydroxid CAS 1310-82-3<\/strong><\/h2>\n<p>&nbsp;<\/p>\n<table>\n<tbody>\n<tr>\n<td width=\"189\">Artikel<\/td>\n<td width=\"264\">Spezifikation<\/td>\n<\/tr>\n<tr>\n<td width=\"189\">Erscheinungsbild<\/td>\n<td width=\"264\">Wei\u00dfe Macht<\/td>\n<\/tr>\n<tr>\n<td width=\"189\">RbOH<\/td>\n<td width=\"264\">\u226599.0%<\/td>\n<\/tr>\n<tr>\n<td width=\"189\">Li<\/td>\n<td width=\"264\">\u22640.1%<\/td>\n<\/tr>\n<tr>\n<td width=\"189\">K<\/td>\n<td width=\"264\">\u22640,05%<\/td>\n<\/tr>\n<tr>\n<td width=\"189\">Na<\/td>\n<td width=\"264\">\u22640,03%<\/td>\n<\/tr>\n<tr>\n<td width=\"189\">Ca<\/td>\n<td width=\"264\">\u22640,005%<\/td>\n<\/tr>\n<tr>\n<td width=\"189\">Mg<\/td>\n<td width=\"264\">\u22640,001%<\/td>\n<\/tr>\n<tr>\n<td width=\"189\">Fe<\/td>\n<td width=\"264\">\u22640,001%<\/td>\n<\/tr>\n<tr>\n<td width=\"189\">Al<\/td>\n<td width=\"264\">\u22640,005%<\/td>\n<\/tr>\n<tr>\n<td width=\"189\">Si<\/td>\n<td width=\"264\">\u22640,001%<\/td>\n<\/tr>\n<tr>\n<td width=\"189\">Cs<\/td>\n<td width=\"264\">\u22640,5%<\/td>\n<\/tr>\n<tr>\n<td width=\"189\">Pb<\/td>\n<td width=\"264\">\u22640,001%<\/td>\n<\/tr>\n<\/tbody>\n<\/table>\n<p><strong><b>\u00a0<\/b><\/strong><\/p>\n<p><strong>Anwendung: <\/strong><\/p>\n<p>Rohstoffe f\u00fcr die Herstellung von Rubidiummetall und verschiedenen Rubidiumsalzen, Herstellung von Spezialglas, Miniatur-Hochenergiebatterien und Kristallszintillationsz\u00e4hlern.<\/p>\n<p>&nbsp;<\/p>\n<p><strong><b>P<\/b><\/strong><strong><b>ackag<\/b><\/strong><strong><b>e<\/b><\/strong><strong><b>:<\/b><\/strong>25kg\/Trommel<\/p>\n<p><strong><b>\u00a0<\/b><\/strong><\/p>\n<p><strong><b>Lagerung: <\/b><\/strong><\/p>\n<p>Gesch\u00fctzt vor Feuchtigkeit und Regen.<\/p>\n<p>Vermeiden Sie, dass die Verpackung w\u00e4hrend des Transports besch\u00e4digt wird.<\/p>\n<p>In einem trockenen und bel\u00fcfteten Lagerhaus lagern.<\/p>\n<h2><strong><b>Kontaktieren Sie uns jetzt!<\/b><\/strong><\/h2>\n<h4><strong><b>Wenn Sie einen Preis ben\u00f6tigen, tragen Sie bitte Ihre Kontaktdaten in das unten stehende Formular ein. Wir werden uns in der Regel innerhalb von 24 Stunden mit Ihnen in Verbindung setzen. Sie k\u00f6nnen mir auch mailen\u00a0<span style=\"color: #00ccff;\"><a style=\"color: #00ccff;\" href=\"mailto:info@longchangchemical.com\">info@longchangchemical.com<\/a>\u00a0<\/span>w\u00e4hrend der Gesch\u00e4ftszeiten ( 8:30 bis 18:00 Uhr UTC+8 Mo.~Sa. ) oder nutzen Sie den Live-Chat auf der Website, um eine schnelle Antwort zu erhalten.<\/b><\/strong><\/h4>","protected":false},"excerpt":{"rendered":"<p><strong>Chemische Bezeichnung:<\/strong>\u00a0Rubidiumhydroxid<\/p>\n<p><strong>CAS-Nr.:<\/strong>\u00a01310-82-3<\/p>\n<p><strong>MF<\/strong>: RbOH\u00a0\u00a0 <strong>MW<\/strong><strong>: <\/strong>102.48<\/p>\n<p><strong>Molekulare Struktur\uff1a<img decoding=\"async\" class=\"alignnone size-full wp-image-6605\" src=\"https:\/\/longchangchemical.com\/wp-content\/uploads\/2024\/02\/Rubidium-hydroxide.png\" alt=\"\" width=\"67\" height=\"18\" \/><\/strong><\/p>","protected":false},"featured_media":0,"comment_status":"open","ping_status":"closed","template":"","meta":[],"product_brand":[],"product_cat":[15],"product_tag":[],"class_list":{"0":"post-6604","1":"product","2":"type-product","3":"status-publish","5":"product_cat-food-additives","7":"first","8":"instock","9":"shipping-taxable","10":"product-type-simple"},"yoast_head":"<!-- This site is optimized with the Yoast SEO plugin v25.3.1 - https:\/\/yoast.com\/wordpress\/plugins\/seo\/ -->\n<title>China Rubidium hydroxide Manufacturer - CAS 1310-82-3 supplier - Longchang Chemical<\/title>\n<meta name=\"description\" content=\"Rubidium hydroxide is used as a raw material for the production of rubidium metal and various rubidium salts, in the production of special glass, in miniature high-energy batteries and in crystal scintillation counters.\" \/>\n<meta name=\"robots\" content=\"index, follow, max-snippet:-1, max-image-preview:large, max-video-preview:-1\" \/>\n<link rel=\"canonical\" href=\"https:\/\/longchangchemical.com\/de\/product\/rubidium-hydroxide-cas-1310-82-3\/\" \/>\n<meta property=\"og:locale\" content=\"de_DE\" \/>\n<meta property=\"og:type\" content=\"article\" \/>\n<meta property=\"og:title\" content=\"China Rubidium hydroxide Manufacturer - CAS 1310-82-3 supplier - Longchang Chemical\" \/>\n<meta property=\"og:description\" content=\"Rubidium hydroxide is used as a raw material for the production of rubidium metal and various rubidium salts, in the production of special glass, in miniature high-energy batteries and in crystal scintillation counters.\" \/>\n<meta property=\"og:url\" content=\"https:\/\/longchangchemical.com\/de\/product\/rubidium-hydroxide-cas-1310-82-3\/\" \/>\n<meta property=\"og:site_name\" content=\"Longchang Chemical\" \/>\n<meta property=\"article:modified_time\" content=\"2026-05-08T03:00:02+00:00\" \/>\n<meta property=\"og:image\" content=\"https:\/\/longchangchemical.com\/wp-content\/uploads\/2024\/02\/logo-jpeg.jpg\" \/>\n\t<meta property=\"og:image:width\" content=\"1000\" \/>\n\t<meta property=\"og:image:height\" content=\"1000\" \/>\n\t<meta property=\"og:image:type\" content=\"image\/jpeg\" \/>\n<meta name=\"twitter:card\" content=\"summary_large_image\" \/>\n<script type=\"application\/ld+json\" class=\"yoast-schema-graph\">{\"@context\":\"https:\/\/schema.org\",\"@graph\":[{\"@type\":\"WebPage\",\"@id\":\"https:\/\/longchangchemical.com\/product\/rubidium-hydroxide-cas-1310-82-3\/\",\"url\":\"https:\/\/longchangchemical.com\/product\/rubidium-hydroxide-cas-1310-82-3\/\",\"name\":\"China Rubidium hydroxide Manufacturer - CAS 1310-82-3 supplier - Longchang Chemical\",\"isPartOf\":{\"@id\":\"https:\/\/longchangchemical.com\/#website\"},\"datePublished\":\"2024-02-05T09:15:42+00:00\",\"dateModified\":\"2026-05-08T03:00:02+00:00\",\"description\":\"Rubidium hydroxide is used as a raw material for the production of rubidium metal and various rubidium salts, in the production of special glass, in miniature high-energy batteries and in crystal scintillation counters.\",\"breadcrumb\":{\"@id\":\"https:\/\/longchangchemical.com\/product\/rubidium-hydroxide-cas-1310-82-3\/#breadcrumb\"},\"inLanguage\":\"de\",\"potentialAction\":[{\"@type\":\"ReadAction\",\"target\":[\"https:\/\/longchangchemical.com\/product\/rubidium-hydroxide-cas-1310-82-3\/\"]}]},{\"@type\":\"BreadcrumbList\",\"@id\":\"https:\/\/longchangchemical.com\/product\/rubidium-hydroxide-cas-1310-82-3\/#breadcrumb\",\"itemListElement\":[{\"@type\":\"ListItem\",\"position\":1,\"name\":\"Home\",\"item\":\"https:\/\/longchangchemical.com\/\"},{\"@type\":\"ListItem\",\"position\":2,\"name\":\"Products Longchang\",\"item\":\"https:\/\/longchangchemical.com\/product\/\"},{\"@type\":\"ListItem\",\"position\":3,\"name\":\"Rubidium hydroxide CAS 1310-82-3\"}]},{\"@type\":\"WebSite\",\"@id\":\"https:\/\/longchangchemical.com\/#website\",\"url\":\"https:\/\/longchangchemical.com\/\",\"name\":\"Longchang Chemical\",\"description\":\"China chemical manufacturer \uff06 supplier\",\"publisher\":{\"@id\":\"https:\/\/longchangchemical.com\/#organization\"},\"potentialAction\":[{\"@type\":\"SearchAction\",\"target\":{\"@type\":\"EntryPoint\",\"urlTemplate\":\"https:\/\/longchangchemical.com\/?s={search_term_string}\"},\"query-input\":{\"@type\":\"PropertyValueSpecification\",\"valueRequired\":true,\"valueName\":\"search_term_string\"}}],\"inLanguage\":\"de\"},{\"@type\":\"Organization\",\"@id\":\"https:\/\/longchangchemical.com\/#organization\",\"name\":\"Longchang Chemical\",\"url\":\"https:\/\/longchangchemical.com\/\",\"logo\":{\"@type\":\"ImageObject\",\"inLanguage\":\"de\",\"@id\":\"https:\/\/longchangchemical.com\/#\/schema\/logo\/image\/\",\"url\":\"https:\/\/longchangchemical.com\/wp-content\/uploads\/2020\/08\/cropped-longchang-logo.png\",\"contentUrl\":\"https:\/\/longchangchemical.com\/wp-content\/uploads\/2020\/08\/cropped-longchang-logo.png\",\"width\":512,\"height\":512,\"caption\":\"Longchang Chemical\"},\"image\":{\"@id\":\"https:\/\/longchangchemical.com\/#\/schema\/logo\/image\/\"}}]}<\/script>\n<!-- \/ Yoast SEO plugin. -->","yoast_head_json":{"title":"China Rubidiumhydroxid Hersteller - CAS 1310-82-3 Lieferant - Longchang Chemical","description":"Rubidiumhydroxid wird als Rohstoff f\u00fcr die Herstellung von Rubidiummetall und verschiedenen Rubidiumsalzen, f\u00fcr die Herstellung von Spezialglas, f\u00fcr Miniatur-Hochenergiebatterien und f\u00fcr Kristallszintillationsz\u00e4hler verwendet.","robots":{"index":"index","follow":"follow","max-snippet":"max-snippet:-1","max-image-preview":"max-image-preview:large","max-video-preview":"max-video-preview:-1"},"canonical":"https:\/\/longchangchemical.com\/de\/product\/rubidium-hydroxide-cas-1310-82-3\/","og_locale":"de_DE","og_type":"article","og_title":"China Rubidium hydroxide Manufacturer - CAS 1310-82-3 supplier - Longchang Chemical","og_description":"Rubidium hydroxide is used as a raw material for the production of rubidium metal and various rubidium salts, in the production of special glass, in miniature high-energy batteries and in crystal scintillation counters.","og_url":"https:\/\/longchangchemical.com\/de\/product\/rubidium-hydroxide-cas-1310-82-3\/","og_site_name":"Longchang Chemical","article_modified_time":"2026-05-08T03:00:02+00:00","og_image":[{"width":1000,"height":1000,"url":"https:\/\/longchangchemical.com\/wp-content\/uploads\/2024\/02\/logo-jpeg.jpg","type":"image\/jpeg"}],"twitter_card":"summary_large_image","schema":{"@context":"https:\/\/schema.org","@graph":[{"@type":"WebPage","@id":"https:\/\/longchangchemical.com\/product\/rubidium-hydroxide-cas-1310-82-3\/","url":"https:\/\/longchangchemical.com\/product\/rubidium-hydroxide-cas-1310-82-3\/","name":"China Rubidiumhydroxid Hersteller - CAS 1310-82-3 Lieferant - Longchang Chemical","isPartOf":{"@id":"https:\/\/longchangchemical.com\/#website"},"datePublished":"2024-02-05T09:15:42+00:00","dateModified":"2026-05-08T03:00:02+00:00","description":"Rubidiumhydroxid wird als Rohstoff f\u00fcr die Herstellung von Rubidiummetall und verschiedenen Rubidiumsalzen, f\u00fcr die Herstellung von Spezialglas, f\u00fcr Miniatur-Hochenergiebatterien und f\u00fcr Kristallszintillationsz\u00e4hler verwendet.","breadcrumb":{"@id":"https:\/\/longchangchemical.com\/product\/rubidium-hydroxide-cas-1310-82-3\/#breadcrumb"},"inLanguage":"de","potentialAction":[{"@type":"ReadAction","target":["https:\/\/longchangchemical.com\/product\/rubidium-hydroxide-cas-1310-82-3\/"]}]},{"@type":"BreadcrumbList","@id":"https:\/\/longchangchemical.com\/product\/rubidium-hydroxide-cas-1310-82-3\/#breadcrumb","itemListElement":[{"@type":"ListItem","position":1,"name":"Home","item":"https:\/\/longchangchemical.com\/"},{"@type":"ListItem","position":2,"name":"Products Longchang","item":"https:\/\/longchangchemical.com\/product\/"},{"@type":"ListItem","position":3,"name":"Rubidium hydroxide CAS 1310-82-3"}]},{"@type":"WebSite","@id":"https:\/\/longchangchemical.com\/#website","url":"https:\/\/longchangchemical.com\/","name":"Longchang Chemical","description":"China Hersteller von Chemikalien \uff06 Lieferant","publisher":{"@id":"https:\/\/longchangchemical.com\/#organization"},"potentialAction":[{"@type":"SearchAction","target":{"@type":"EntryPoint","urlTemplate":"https:\/\/longchangchemical.com\/?s={search_term_string}"},"query-input":{"@type":"PropertyValueSpecification","valueRequired":true,"valueName":"search_term_string"}}],"inLanguage":"de"},{"@type":"Organization","@id":"https:\/\/longchangchemical.com\/#organization","name":"Longchang Chemical","url":"https:\/\/longchangchemical.com\/","logo":{"@type":"ImageObject","inLanguage":"de","@id":"https:\/\/longchangchemical.com\/#\/schema\/logo\/image\/","url":"https:\/\/longchangchemical.com\/wp-content\/uploads\/2020\/08\/cropped-longchang-logo.png","contentUrl":"https:\/\/longchangchemical.com\/wp-content\/uploads\/2020\/08\/cropped-longchang-logo.png","width":512,"height":512,"caption":"Longchang Chemical"},"image":{"@id":"https:\/\/longchangchemical.com\/#\/schema\/logo\/image\/"}}]}},"_links":{"self":[{"href":"https:\/\/longchangchemical.com\/de\/wp-json\/wp\/v2\/product\/6604","targetHints":{"allow":["GET"]}}],"collection":[{"href":"https:\/\/longchangchemical.com\/de\/wp-json\/wp\/v2\/product"}],"about":[{"href":"https:\/\/longchangchemical.com\/de\/wp-json\/wp\/v2\/types\/product"}],"replies":[{"embeddable":true,"href":"https:\/\/longchangchemical.com\/de\/wp-json\/wp\/v2\/comments?post=6604"}],"wp:attachment":[{"href":"https:\/\/longchangchemical.com\/de\/wp-json\/wp\/v2\/media?parent=6604"}],"wp:term":[{"taxonomy":"product_brand","embeddable":true,"href":"https:\/\/longchangchemical.com\/de\/wp-json\/wp\/v2\/product_brand?post=6604"},{"taxonomy":"product_cat","embeddable":true,"href":"https:\/\/longchangchemical.com\/de\/wp-json\/wp\/v2\/product_cat?post=6604"},{"taxonomy":"product_tag","embeddable":true,"href":"https:\/\/longchangchemical.com\/de\/wp-json\/wp\/v2\/product_tag?post=6604"}],"curies":[{"name":"wp","href":"https:\/\/api.w.org\/{rel}","templated":true}]}}