{"id":6600,"date":"2024-02-05T09:06:27","date_gmt":"2024-02-05T09:06:27","guid":{"rendered":"https:\/\/longchangchemical.com\/?post_type=product&#038;p=6600"},"modified":"2025-12-17T02:45:46","modified_gmt":"2025-12-17T02:45:46","slug":"dps-cas-18880-36-9","status":"publish","type":"product","link":"https:\/\/longchangchemical.com\/de\/product\/dps-cas-18880-36-9\/","title":{"rendered":"N,N-Dimethyl-dithiocarbamylpropylsulfons\u00e4ure-Natriumsalz \/ DPS CAS 18880-36-9"},"content":{"rendered":"<h1><strong>N,N-Dimethyl-dithiocarbamylpropylsulfons\u00e4ure-Natriumsalz \/ DPS CAS 18880-36-9<\/strong><\/h1>\n<p>DPS wird als Aufheller f\u00fcr die Kupferbeschichtung in Kombination mit Tensiden wie Polyether und Netzmitteln oder mit anderen schwefelhaltigen Aufhellern verwendet, um gl\u00e4nzende, duktile \u00dcberz\u00fcge zu erhalten. Es kann auch f\u00fcr die chemische Beschichtung von Edelmetallen und als Galvanostabilisator verwendet werden. Die Hauptfunktion besteht darin, schnell Licht zu erzeugen, und die Stabilit\u00e4t der Galvanisierungsl\u00f6sung ist gut.<\/p>\n<p>&nbsp;<\/p>\n<p><strong><b>Standard<\/b><\/strong><\/p>\n<table>\n<tbody>\n<tr>\n<td width=\"229\">Artikel<\/td>\n<td width=\"224\">Spezifikation<\/td>\n<\/tr>\n<tr>\n<td width=\"229\">Erscheinungsbild<\/td>\n<td width=\"224\">Wei\u00df bis hellgelbe Leistung<\/td>\n<\/tr>\n<tr>\n<td width=\"229\">L\u00f6slichkeit (5% w\u00e4ssrige L\u00f6sung):<\/td>\n<td width=\"224\">Transparent &amp; klar<\/td>\n<\/tr>\n<tr>\n<td width=\"229\">Reinheit (HPLC)<\/td>\n<td width=\"224\">\u226599.0%<\/td>\n<\/tr>\n<tr>\n<td width=\"229\">Luftfeuchtigkeit<\/td>\n<td width=\"224\">\uff1c1.0%<\/td>\n<\/tr>\n<\/tbody>\n<\/table>\n<p><strong><b>\u00a0<\/b><\/strong><\/p>\n<p><strong>Anwendung: <\/strong><\/p>\n<p>DPS wird als Aufheller f\u00fcr die Kupferbeschichtung und als Zwischenprodukt f\u00fcr Galvanisierungsadditive verwendet.<\/p>\n<p>&nbsp;<\/p>\n<p><strong><b>P<\/b><\/strong><strong><b>ackag<\/b><\/strong><strong><b>e<\/b><\/strong><strong><b>:<\/b><\/strong>25kg\/Trommel; 50kg\/Trommel<\/p>\n<p><strong><b>\u00a0<\/b><\/strong><\/p>\n<p><strong><b>Lagerung: <\/b><\/strong><\/p>\n<p>Gesch\u00fctzt vor Feuchtigkeit und Regen.<\/p>\n<p>Vermeiden Sie, dass die Verpackung w\u00e4hrend des Transports besch\u00e4digt wird.<\/p>\n<p>In einem trockenen und bel\u00fcfteten Lagerhaus lagern.<\/p>\n<h2><strong><b>Kontaktieren Sie uns jetzt!<\/b><\/strong><\/h2>\n<h4><strong><b>Wenn Sie einen Preis ben\u00f6tigen, tragen Sie bitte Ihre Kontaktdaten in das unten stehende Formular ein. Wir werden uns in der Regel innerhalb von 24 Stunden mit Ihnen in Verbindung setzen. Sie k\u00f6nnen mir auch mailen\u00a0<span style=\"color: #00ccff;\"><a style=\"color: #00ccff;\" href=\"mailto:info@longchangchemical.com\">info@longchangchemical.com<\/a>\u00a0<\/span>w\u00e4hrend der Gesch\u00e4ftszeiten ( 8:30 bis 18:00 Uhr UTC+8 Mo.~Sa. ) oder nutzen Sie den Live-Chat auf der Website, um eine schnelle Antwort zu erhalten.<\/b><\/strong><\/h4>","protected":false},"excerpt":{"rendered":"<p><strong>Chemische Bezeichnung:<\/strong>\u00a0N,N-Dimethyl-dithiocarbamylpropylsulfons\u00e4ure Natriumsalz<\/p>\n<p><strong>Synonym: <\/strong>Natrium-3-[[(Dimethylamino)thioxomethyl]thio]propansulfonat; DPS<\/p>\n<p><strong>CAS-Nr.:<\/strong>\u00a018880-36-9<\/p>\n<p><strong>MF<\/strong>: C6H12NNaO3S3\u00a0 <strong>MW<\/strong><strong>: <\/strong>265.4<\/p>\n<p><strong>Molekulare Struktur\uff1a<img decoding=\"async\" class=\"alignnone size-full wp-image-6601\" src=\"https:\/\/longchangchemical.com\/wp-content\/uploads\/2024\/02\/DPS.png\" alt=\"\" width=\"299\" height=\"148\" \/><\/strong><\/p>\n<p><strong><b>\u00a0<\/b><\/strong><\/p>","protected":false},"featured_media":6717,"comment_status":"open","ping_status":"closed","template":"","meta":[],"product_brand":[],"product_cat":[135],"product_tag":[],"class_list":{"0":"post-6600","1":"product","2":"type-product","3":"status-publish","4":"has-post-thumbnail","6":"product_cat-santicor-corrosion-inhibitor","8":"first","9":"instock","10":"shipping-taxable","11":"product-type-simple"},"yoast_head":"<!-- This site is optimized with the Yoast SEO plugin v25.3.1 - https:\/\/yoast.com\/wordpress\/plugins\/seo\/ -->\n<title>China N,N-Dimethyl-dithiocarbamyl propyl sulfonic acid sodium salt \/ DPS CAS 18880-36-9 Manufacturer - Longchang Chemical<\/title>\n<meta name=\"description\" content=\"N,N-Dimethyl-dithiocarbamyl propyl sulfonic acid sodium salt \/ DPS CAS 18880-36-9 is a key product of Longchang Chemical. We provide the best price. We are the leading manufacturer in China with the best quality and competitive price.\" \/>\n<meta name=\"robots\" content=\"index, follow, max-snippet:-1, max-image-preview:large, max-video-preview:-1\" \/>\n<link rel=\"canonical\" href=\"https:\/\/longchangchemical.com\/de\/product\/dps-cas-18880-36-9\/\" \/>\n<meta property=\"og:locale\" content=\"de_DE\" \/>\n<meta property=\"og:type\" content=\"article\" \/>\n<meta property=\"og:title\" content=\"China N,N-Dimethyl-dithiocarbamyl propyl sulfonic acid sodium salt \/ DPS CAS 18880-36-9 Manufacturer - Longchang Chemical\" \/>\n<meta property=\"og:description\" content=\"N,N-Dimethyl-dithiocarbamyl propyl sulfonic acid sodium salt \/ DPS CAS 18880-36-9 is a key product of Longchang Chemical. We provide the best price. We are the leading manufacturer in China with the best quality and competitive price.\" \/>\n<meta property=\"og:url\" content=\"https:\/\/longchangchemical.com\/de\/product\/dps-cas-18880-36-9\/\" \/>\n<meta property=\"og:site_name\" content=\"Longchang Chemical\" \/>\n<meta property=\"article:modified_time\" content=\"2025-12-17T02:45:46+00:00\" \/>\n<meta property=\"og:image\" content=\"https:\/\/longchangchemical.com\/wp-content\/uploads\/2024\/02\/DPS.jpg\" \/>\n\t<meta property=\"og:image:width\" content=\"800\" \/>\n\t<meta property=\"og:image:height\" content=\"800\" \/>\n\t<meta property=\"og:image:type\" content=\"image\/jpeg\" \/>\n<meta name=\"twitter:card\" content=\"summary_large_image\" \/>\n<script type=\"application\/ld+json\" class=\"yoast-schema-graph\">{\"@context\":\"https:\/\/schema.org\",\"@graph\":[{\"@type\":\"WebPage\",\"@id\":\"https:\/\/longchangchemical.com\/product\/dps-cas-18880-36-9\/\",\"url\":\"https:\/\/longchangchemical.com\/product\/dps-cas-18880-36-9\/\",\"name\":\"China N,N-Dimethyl-dithiocarbamyl propyl sulfonic acid sodium salt \/ DPS CAS 18880-36-9 Manufacturer - Longchang Chemical\",\"isPartOf\":{\"@id\":\"https:\/\/longchangchemical.com\/#website\"},\"primaryImageOfPage\":{\"@id\":\"https:\/\/longchangchemical.com\/product\/dps-cas-18880-36-9\/#primaryimage\"},\"image\":{\"@id\":\"https:\/\/longchangchemical.com\/product\/dps-cas-18880-36-9\/#primaryimage\"},\"thumbnailUrl\":\"https:\/\/longchangchemical.com\/wp-content\/uploads\/2024\/02\/DPS.jpg\",\"datePublished\":\"2024-02-05T09:06:27+00:00\",\"dateModified\":\"2025-12-17T02:45:46+00:00\",\"description\":\"N,N-Dimethyl-dithiocarbamyl propyl sulfonic acid sodium salt \/ DPS CAS 18880-36-9 is a key product of Longchang Chemical. We provide the best price. We are the leading manufacturer in China with the best quality and competitive price.\",\"breadcrumb\":{\"@id\":\"https:\/\/longchangchemical.com\/product\/dps-cas-18880-36-9\/#breadcrumb\"},\"inLanguage\":\"de\",\"potentialAction\":[{\"@type\":\"ReadAction\",\"target\":[\"https:\/\/longchangchemical.com\/product\/dps-cas-18880-36-9\/\"]}]},{\"@type\":\"ImageObject\",\"inLanguage\":\"de\",\"@id\":\"https:\/\/longchangchemical.com\/product\/dps-cas-18880-36-9\/#primaryimage\",\"url\":\"https:\/\/longchangchemical.com\/wp-content\/uploads\/2024\/02\/DPS.jpg\",\"contentUrl\":\"https:\/\/longchangchemical.com\/wp-content\/uploads\/2024\/02\/DPS.jpg\",\"width\":800,\"height\":800},{\"@type\":\"BreadcrumbList\",\"@id\":\"https:\/\/longchangchemical.com\/product\/dps-cas-18880-36-9\/#breadcrumb\",\"itemListElement\":[{\"@type\":\"ListItem\",\"position\":1,\"name\":\"Home\",\"item\":\"https:\/\/longchangchemical.com\/\"},{\"@type\":\"ListItem\",\"position\":2,\"name\":\"Products Longchang\",\"item\":\"https:\/\/longchangchemical.com\/product\/\"},{\"@type\":\"ListItem\",\"position\":3,\"name\":\"N,N-Dimethyl-dithiocarbamyl propyl sulfonic acid sodium salt \/ DPS CAS 18880-36-9\"}]},{\"@type\":\"WebSite\",\"@id\":\"https:\/\/longchangchemical.com\/#website\",\"url\":\"https:\/\/longchangchemical.com\/\",\"name\":\"Longchang Chemical\",\"description\":\"China chemical manufacturer \uff06 supplier\",\"publisher\":{\"@id\":\"https:\/\/longchangchemical.com\/#organization\"},\"potentialAction\":[{\"@type\":\"SearchAction\",\"target\":{\"@type\":\"EntryPoint\",\"urlTemplate\":\"https:\/\/longchangchemical.com\/?s={search_term_string}\"},\"query-input\":{\"@type\":\"PropertyValueSpecification\",\"valueRequired\":true,\"valueName\":\"search_term_string\"}}],\"inLanguage\":\"de\"},{\"@type\":\"Organization\",\"@id\":\"https:\/\/longchangchemical.com\/#organization\",\"name\":\"Longchang Chemical\",\"url\":\"https:\/\/longchangchemical.com\/\",\"logo\":{\"@type\":\"ImageObject\",\"inLanguage\":\"de\",\"@id\":\"https:\/\/longchangchemical.com\/#\/schema\/logo\/image\/\",\"url\":\"https:\/\/longchangchemical.com\/wp-content\/uploads\/2020\/08\/cropped-longchang-logo.png\",\"contentUrl\":\"https:\/\/longchangchemical.com\/wp-content\/uploads\/2020\/08\/cropped-longchang-logo.png\",\"width\":512,\"height\":512,\"caption\":\"Longchang Chemical\"},\"image\":{\"@id\":\"https:\/\/longchangchemical.com\/#\/schema\/logo\/image\/\"}}]}<\/script>\n<!-- \/ Yoast SEO plugin. -->","yoast_head_json":{"title":"China N,N-Dimethyl-dithiocarbamylpropylsulfons\u00e4ure Natriumsalz \/ DPS CAS 18880-36-9 Hersteller - Longchang Chemical","description":"N,N-Dimethyl-dithiocarbamylpropylsulfons\u00e4ure Natriumsalz \/ DPS CAS 18880-36-9 ist ein Schl\u00fcsselprodukt von Longchang Chemical. Wir bieten den besten Preis. Wir sind der f\u00fchrende Hersteller in China mit der besten Qualit\u00e4t und konkurrenzf\u00e4higem Preis.","robots":{"index":"index","follow":"follow","max-snippet":"max-snippet:-1","max-image-preview":"max-image-preview:large","max-video-preview":"max-video-preview:-1"},"canonical":"https:\/\/longchangchemical.com\/de\/product\/dps-cas-18880-36-9\/","og_locale":"de_DE","og_type":"article","og_title":"China N,N-Dimethyl-dithiocarbamyl propyl sulfonic acid sodium salt \/ DPS CAS 18880-36-9 Manufacturer - Longchang Chemical","og_description":"N,N-Dimethyl-dithiocarbamyl propyl sulfonic acid sodium salt \/ DPS CAS 18880-36-9 is a key product of Longchang Chemical. We provide the best price. We are the leading manufacturer in China with the best quality and competitive price.","og_url":"https:\/\/longchangchemical.com\/de\/product\/dps-cas-18880-36-9\/","og_site_name":"Longchang Chemical","article_modified_time":"2025-12-17T02:45:46+00:00","og_image":[{"width":800,"height":800,"url":"https:\/\/longchangchemical.com\/wp-content\/uploads\/2024\/02\/DPS.jpg","type":"image\/jpeg"}],"twitter_card":"summary_large_image","schema":{"@context":"https:\/\/schema.org","@graph":[{"@type":"WebPage","@id":"https:\/\/longchangchemical.com\/product\/dps-cas-18880-36-9\/","url":"https:\/\/longchangchemical.com\/product\/dps-cas-18880-36-9\/","name":"China N,N-Dimethyl-dithiocarbamylpropylsulfons\u00e4ure Natriumsalz \/ DPS CAS 18880-36-9 Hersteller - Longchang Chemical","isPartOf":{"@id":"https:\/\/longchangchemical.com\/#website"},"primaryImageOfPage":{"@id":"https:\/\/longchangchemical.com\/product\/dps-cas-18880-36-9\/#primaryimage"},"image":{"@id":"https:\/\/longchangchemical.com\/product\/dps-cas-18880-36-9\/#primaryimage"},"thumbnailUrl":"https:\/\/longchangchemical.com\/wp-content\/uploads\/2024\/02\/DPS.jpg","datePublished":"2024-02-05T09:06:27+00:00","dateModified":"2025-12-17T02:45:46+00:00","description":"N,N-Dimethyl-dithiocarbamylpropylsulfons\u00e4ure Natriumsalz \/ DPS CAS 18880-36-9 ist ein Schl\u00fcsselprodukt von Longchang Chemical. Wir bieten den besten Preis. Wir sind der f\u00fchrende Hersteller in China mit der besten Qualit\u00e4t und konkurrenzf\u00e4higem Preis.","breadcrumb":{"@id":"https:\/\/longchangchemical.com\/product\/dps-cas-18880-36-9\/#breadcrumb"},"inLanguage":"de","potentialAction":[{"@type":"ReadAction","target":["https:\/\/longchangchemical.com\/product\/dps-cas-18880-36-9\/"]}]},{"@type":"ImageObject","inLanguage":"de","@id":"https:\/\/longchangchemical.com\/product\/dps-cas-18880-36-9\/#primaryimage","url":"https:\/\/longchangchemical.com\/wp-content\/uploads\/2024\/02\/DPS.jpg","contentUrl":"https:\/\/longchangchemical.com\/wp-content\/uploads\/2024\/02\/DPS.jpg","width":800,"height":800},{"@type":"BreadcrumbList","@id":"https:\/\/longchangchemical.com\/product\/dps-cas-18880-36-9\/#breadcrumb","itemListElement":[{"@type":"ListItem","position":1,"name":"Home","item":"https:\/\/longchangchemical.com\/"},{"@type":"ListItem","position":2,"name":"Products Longchang","item":"https:\/\/longchangchemical.com\/product\/"},{"@type":"ListItem","position":3,"name":"N,N-Dimethyl-dithiocarbamyl propyl sulfonic acid sodium salt \/ DPS CAS 18880-36-9"}]},{"@type":"WebSite","@id":"https:\/\/longchangchemical.com\/#website","url":"https:\/\/longchangchemical.com\/","name":"Longchang Chemical","description":"China Hersteller von Chemikalien \uff06 Lieferant","publisher":{"@id":"https:\/\/longchangchemical.com\/#organization"},"potentialAction":[{"@type":"SearchAction","target":{"@type":"EntryPoint","urlTemplate":"https:\/\/longchangchemical.com\/?s={search_term_string}"},"query-input":{"@type":"PropertyValueSpecification","valueRequired":true,"valueName":"search_term_string"}}],"inLanguage":"de"},{"@type":"Organization","@id":"https:\/\/longchangchemical.com\/#organization","name":"Longchang Chemical","url":"https:\/\/longchangchemical.com\/","logo":{"@type":"ImageObject","inLanguage":"de","@id":"https:\/\/longchangchemical.com\/#\/schema\/logo\/image\/","url":"https:\/\/longchangchemical.com\/wp-content\/uploads\/2020\/08\/cropped-longchang-logo.png","contentUrl":"https:\/\/longchangchemical.com\/wp-content\/uploads\/2020\/08\/cropped-longchang-logo.png","width":512,"height":512,"caption":"Longchang Chemical"},"image":{"@id":"https:\/\/longchangchemical.com\/#\/schema\/logo\/image\/"}}]}},"_links":{"self":[{"href":"https:\/\/longchangchemical.com\/de\/wp-json\/wp\/v2\/product\/6600","targetHints":{"allow":["GET"]}}],"collection":[{"href":"https:\/\/longchangchemical.com\/de\/wp-json\/wp\/v2\/product"}],"about":[{"href":"https:\/\/longchangchemical.com\/de\/wp-json\/wp\/v2\/types\/product"}],"replies":[{"embeddable":true,"href":"https:\/\/longchangchemical.com\/de\/wp-json\/wp\/v2\/comments?post=6600"}],"wp:featuredmedia":[{"embeddable":true,"href":"https:\/\/longchangchemical.com\/de\/wp-json\/wp\/v2\/media\/6717"}],"wp:attachment":[{"href":"https:\/\/longchangchemical.com\/de\/wp-json\/wp\/v2\/media?parent=6600"}],"wp:term":[{"taxonomy":"product_brand","embeddable":true,"href":"https:\/\/longchangchemical.com\/de\/wp-json\/wp\/v2\/product_brand?post=6600"},{"taxonomy":"product_cat","embeddable":true,"href":"https:\/\/longchangchemical.com\/de\/wp-json\/wp\/v2\/product_cat?post=6600"},{"taxonomy":"product_tag","embeddable":true,"href":"https:\/\/longchangchemical.com\/de\/wp-json\/wp\/v2\/product_tag?post=6600"}],"curies":[{"name":"wp","href":"https:\/\/api.w.org\/{rel}","templated":true}]}}