{"id":6597,"date":"2024-02-05T08:42:45","date_gmt":"2024-02-05T08:42:45","guid":{"rendered":"https:\/\/longchangchemical.com\/?post_type=product&#038;p=6597"},"modified":"2025-12-17T02:50:36","modified_gmt":"2025-12-17T02:50:36","slug":"mps-cas-17636-10-1","status":"publish","type":"product","link":"https:\/\/longchangchemical.com\/de\/product\/mps-cas-17636-10-1\/","title":{"rendered":"Natrium-3-mercaptopropansulfonat\/ MPS CAS 17636-10-1"},"content":{"rendered":"<h1><strong>Natrium-3-mercaptopropansulfonat\/ MPS CAS 17636-10-1<\/strong><\/h1>\n<p>MPS kann die Korrosionsbest\u00e4ndigkeit der Kupferoberfl\u00e4che verbessern und kann mit Polyether verwendet werden, um eine gl\u00e4nzende und duktile Beschichtung zu erhalten.<\/p>\n<p>&nbsp;<\/p>\n<p><strong><b>Standard<\/b><\/strong><\/p>\n<table>\n<tbody>\n<tr>\n<td width=\"229\">Artikel<\/td>\n<td width=\"224\">Spezifikation<\/td>\n<\/tr>\n<tr>\n<td width=\"229\">Erscheinungsbild<\/td>\n<td width=\"224\">Wei\u00df bis hellgelbe Leistung<\/td>\n<\/tr>\n<tr>\n<td width=\"229\">L\u00f6slichkeit (5% w\u00e4ssrige L\u00f6sung):<\/td>\n<td width=\"224\">Transparent &amp; klar<\/td>\n<\/tr>\n<tr>\n<td width=\"229\">Reinheit (HPLC)<\/td>\n<td width=\"224\">\uff1e99.0%<\/td>\n<\/tr>\n<tr>\n<td width=\"229\">Luftfeuchtigkeit<\/td>\n<td width=\"224\">\uff1c1.0%<\/td>\n<\/tr>\n<\/tbody>\n<\/table>\n<p><strong><b>\u00a0<\/b><\/strong><\/p>\n<p><strong>Anwendung: <\/strong><\/p>\n<p>MPS wird als Zwischenprodukt in Galvanisierungsadditiven f\u00fcr die Herstellung von Kupferglanzmitteln verwendet, insbesondere f\u00fcr die Beschichtung von Leiterplatten.<\/p>\n<p>&nbsp;<\/p>\n<p><strong><b>P<\/b><\/strong><strong><b>ackag<\/b><\/strong><strong><b>e<\/b><\/strong><strong><b>:<\/b><\/strong>25kg\/Trommel; 50kg\/Trommel<\/p>\n<p><strong><b>\u00a0<\/b><\/strong><\/p>\n<p><strong><b>Lagerung: <\/b><\/strong><\/p>\n<p>Gesch\u00fctzt vor Feuchtigkeit und Regen.<\/p>\n<p>Vermeiden Sie, dass die Verpackung w\u00e4hrend des Transports besch\u00e4digt wird.<\/p>\n<p>In einem trockenen und bel\u00fcfteten Lagerhaus lagern.<\/p>\n<h2><strong><b>Kontaktieren Sie uns jetzt!<\/b><\/strong><\/h2>\n<h4><strong><b>Wenn Sie einen Preis ben\u00f6tigen, tragen Sie bitte Ihre Kontaktdaten in das unten stehende Formular ein. Wir werden uns in der Regel innerhalb von 24 Stunden mit Ihnen in Verbindung setzen. Sie k\u00f6nnen mir auch mailen\u00a0<span style=\"color: #00ccff;\"><a style=\"color: #00ccff;\" href=\"mailto:info@longchangchemical.com\">info@longchangchemical.com<\/a>\u00a0<\/span>w\u00e4hrend der Gesch\u00e4ftszeiten ( 8:30 bis 18:00 Uhr UTC+8 Mo.~Sa. ) oder nutzen Sie den Live-Chat auf der Website, um eine schnelle Antwort zu erhalten.<\/b><\/strong><\/h4>","protected":false},"excerpt":{"rendered":"<p><strong>Chemische Bezeichnung:<\/strong>\u00a03-Mercapto-1-propansulfons\u00e4ure-Natriumsalz<\/p>\n<p><strong>Synonym: <\/strong>Natrium-3-mercaptopropansulfonat; MPS<\/p>\n<p><strong>CAS-Nr.:<\/strong>\u00a017636-10-1<\/p>\n<p><strong>MF<\/strong>: C3H7O3S2Na\u00a0\u00a0 <strong>MW<\/strong><strong>: <\/strong>178.2<\/p>\n<p><strong>Molekulare Struktur\uff1a<\/strong><img decoding=\"async\" class=\"alignnone size-full wp-image-6598\" src=\"https:\/\/longchangchemical.com\/wp-content\/uploads\/2024\/02\/MPS.png\" alt=\"\" width=\"384\" height=\"230\" \/><\/p>","protected":false},"featured_media":6598,"comment_status":"open","ping_status":"closed","template":"","meta":[],"product_brand":[],"product_cat":[135],"product_tag":[],"class_list":{"0":"post-6597","1":"product","2":"type-product","3":"status-publish","4":"has-post-thumbnail","6":"product_cat-santicor-corrosion-inhibitor","8":"first","9":"instock","10":"shipping-taxable","11":"product-type-simple"},"yoast_head":"<!-- This site is optimized with the Yoast SEO plugin v25.3.1 - https:\/\/yoast.com\/wordpress\/plugins\/seo\/ -->\n<title>China MPS Chemical Manufacturer - CAS 17636-10-1 supplier - Longchang Chemical<\/title>\n<meta name=\"description\" content=\"Sodium 3-mercaptopropanesulphonate is used as an intermediate in electroplating additives for the preparation of copper brighteners, Longchang Chemical can Offer the best price.\" \/>\n<meta name=\"robots\" content=\"index, follow, max-snippet:-1, max-image-preview:large, max-video-preview:-1\" \/>\n<link rel=\"canonical\" href=\"https:\/\/longchangchemical.com\/de\/product\/mps-cas-17636-10-1\/\" \/>\n<meta property=\"og:locale\" content=\"de_DE\" \/>\n<meta property=\"og:type\" content=\"article\" \/>\n<meta property=\"og:title\" content=\"China MPS Chemical Manufacturer - CAS 17636-10-1 supplier - Longchang Chemical\" \/>\n<meta property=\"og:description\" content=\"Sodium 3-mercaptopropanesulphonate is used as an intermediate in electroplating additives for the preparation of copper brighteners, Longchang Chemical can Offer the best price.\" \/>\n<meta property=\"og:url\" content=\"https:\/\/longchangchemical.com\/de\/product\/mps-cas-17636-10-1\/\" \/>\n<meta property=\"og:site_name\" content=\"Longchang Chemical\" \/>\n<meta property=\"article:modified_time\" content=\"2025-12-17T02:50:36+00:00\" \/>\n<meta property=\"og:image\" content=\"https:\/\/longchangchemical.com\/wp-content\/uploads\/2024\/02\/MPS.png\" \/>\n\t<meta property=\"og:image:width\" content=\"384\" \/>\n\t<meta property=\"og:image:height\" content=\"230\" \/>\n\t<meta property=\"og:image:type\" content=\"image\/png\" \/>\n<meta name=\"twitter:card\" content=\"summary_large_image\" \/>\n<script type=\"application\/ld+json\" class=\"yoast-schema-graph\">{\"@context\":\"https:\/\/schema.org\",\"@graph\":[{\"@type\":\"WebPage\",\"@id\":\"https:\/\/longchangchemical.com\/product\/mps-cas-17636-10-1\/\",\"url\":\"https:\/\/longchangchemical.com\/product\/mps-cas-17636-10-1\/\",\"name\":\"China MPS Chemical Manufacturer - CAS 17636-10-1 supplier - Longchang Chemical\",\"isPartOf\":{\"@id\":\"https:\/\/longchangchemical.com\/#website\"},\"primaryImageOfPage\":{\"@id\":\"https:\/\/longchangchemical.com\/product\/mps-cas-17636-10-1\/#primaryimage\"},\"image\":{\"@id\":\"https:\/\/longchangchemical.com\/product\/mps-cas-17636-10-1\/#primaryimage\"},\"thumbnailUrl\":\"https:\/\/longchangchemical.com\/wp-content\/uploads\/2024\/02\/MPS.png\",\"datePublished\":\"2024-02-05T08:42:45+00:00\",\"dateModified\":\"2025-12-17T02:50:36+00:00\",\"description\":\"Sodium 3-mercaptopropanesulphonate is used as an intermediate in electroplating additives for the preparation of copper brighteners, Longchang Chemical can Offer the best price.\",\"breadcrumb\":{\"@id\":\"https:\/\/longchangchemical.com\/product\/mps-cas-17636-10-1\/#breadcrumb\"},\"inLanguage\":\"de\",\"potentialAction\":[{\"@type\":\"ReadAction\",\"target\":[\"https:\/\/longchangchemical.com\/product\/mps-cas-17636-10-1\/\"]}]},{\"@type\":\"ImageObject\",\"inLanguage\":\"de\",\"@id\":\"https:\/\/longchangchemical.com\/product\/mps-cas-17636-10-1\/#primaryimage\",\"url\":\"https:\/\/longchangchemical.com\/wp-content\/uploads\/2024\/02\/MPS.png\",\"contentUrl\":\"https:\/\/longchangchemical.com\/wp-content\/uploads\/2024\/02\/MPS.png\",\"width\":384,\"height\":230},{\"@type\":\"BreadcrumbList\",\"@id\":\"https:\/\/longchangchemical.com\/product\/mps-cas-17636-10-1\/#breadcrumb\",\"itemListElement\":[{\"@type\":\"ListItem\",\"position\":1,\"name\":\"Home\",\"item\":\"https:\/\/longchangchemical.com\/\"},{\"@type\":\"ListItem\",\"position\":2,\"name\":\"Products Longchang\",\"item\":\"https:\/\/longchangchemical.com\/product\/\"},{\"@type\":\"ListItem\",\"position\":3,\"name\":\"Sodium 3-mercaptopropanesulphonate\/ MPS CAS 17636-10-1\"}]},{\"@type\":\"WebSite\",\"@id\":\"https:\/\/longchangchemical.com\/#website\",\"url\":\"https:\/\/longchangchemical.com\/\",\"name\":\"Longchang Chemical\",\"description\":\"China chemical manufacturer \uff06 supplier\",\"publisher\":{\"@id\":\"https:\/\/longchangchemical.com\/#organization\"},\"potentialAction\":[{\"@type\":\"SearchAction\",\"target\":{\"@type\":\"EntryPoint\",\"urlTemplate\":\"https:\/\/longchangchemical.com\/?s={search_term_string}\"},\"query-input\":{\"@type\":\"PropertyValueSpecification\",\"valueRequired\":true,\"valueName\":\"search_term_string\"}}],\"inLanguage\":\"de\"},{\"@type\":\"Organization\",\"@id\":\"https:\/\/longchangchemical.com\/#organization\",\"name\":\"Longchang Chemical\",\"url\":\"https:\/\/longchangchemical.com\/\",\"logo\":{\"@type\":\"ImageObject\",\"inLanguage\":\"de\",\"@id\":\"https:\/\/longchangchemical.com\/#\/schema\/logo\/image\/\",\"url\":\"https:\/\/longchangchemical.com\/wp-content\/uploads\/2020\/08\/cropped-longchang-logo.png\",\"contentUrl\":\"https:\/\/longchangchemical.com\/wp-content\/uploads\/2020\/08\/cropped-longchang-logo.png\",\"width\":512,\"height\":512,\"caption\":\"Longchang Chemical\"},\"image\":{\"@id\":\"https:\/\/longchangchemical.com\/#\/schema\/logo\/image\/\"}}]}<\/script>\n<!-- \/ Yoast SEO plugin. -->","yoast_head_json":{"title":"China MPS Chemical Hersteller - CAS 17636-10-1 Lieferant - Longchang Chemical","description":"Natrium-3-mercaptopropanesulfonat wird als Zwischenprodukt in der Galvanik Zusatzstoffe f\u00fcr die Herstellung von Kupfer Aufheller, Longchang Chemical kann den besten Preis bieten verwendet.","robots":{"index":"index","follow":"follow","max-snippet":"max-snippet:-1","max-image-preview":"max-image-preview:large","max-video-preview":"max-video-preview:-1"},"canonical":"https:\/\/longchangchemical.com\/de\/product\/mps-cas-17636-10-1\/","og_locale":"de_DE","og_type":"article","og_title":"China MPS Chemical Manufacturer - CAS 17636-10-1 supplier - Longchang Chemical","og_description":"Sodium 3-mercaptopropanesulphonate is used as an intermediate in electroplating additives for the preparation of copper brighteners, Longchang Chemical can Offer the best price.","og_url":"https:\/\/longchangchemical.com\/de\/product\/mps-cas-17636-10-1\/","og_site_name":"Longchang Chemical","article_modified_time":"2025-12-17T02:50:36+00:00","og_image":[{"width":384,"height":230,"url":"https:\/\/longchangchemical.com\/wp-content\/uploads\/2024\/02\/MPS.png","type":"image\/png"}],"twitter_card":"summary_large_image","schema":{"@context":"https:\/\/schema.org","@graph":[{"@type":"WebPage","@id":"https:\/\/longchangchemical.com\/product\/mps-cas-17636-10-1\/","url":"https:\/\/longchangchemical.com\/product\/mps-cas-17636-10-1\/","name":"China MPS Chemical Hersteller - CAS 17636-10-1 Lieferant - Longchang Chemical","isPartOf":{"@id":"https:\/\/longchangchemical.com\/#website"},"primaryImageOfPage":{"@id":"https:\/\/longchangchemical.com\/product\/mps-cas-17636-10-1\/#primaryimage"},"image":{"@id":"https:\/\/longchangchemical.com\/product\/mps-cas-17636-10-1\/#primaryimage"},"thumbnailUrl":"https:\/\/longchangchemical.com\/wp-content\/uploads\/2024\/02\/MPS.png","datePublished":"2024-02-05T08:42:45+00:00","dateModified":"2025-12-17T02:50:36+00:00","description":"Natrium-3-mercaptopropanesulfonat wird als Zwischenprodukt in der Galvanik Zusatzstoffe f\u00fcr die Herstellung von Kupfer Aufheller, Longchang Chemical kann den besten Preis bieten verwendet.","breadcrumb":{"@id":"https:\/\/longchangchemical.com\/product\/mps-cas-17636-10-1\/#breadcrumb"},"inLanguage":"de","potentialAction":[{"@type":"ReadAction","target":["https:\/\/longchangchemical.com\/product\/mps-cas-17636-10-1\/"]}]},{"@type":"ImageObject","inLanguage":"de","@id":"https:\/\/longchangchemical.com\/product\/mps-cas-17636-10-1\/#primaryimage","url":"https:\/\/longchangchemical.com\/wp-content\/uploads\/2024\/02\/MPS.png","contentUrl":"https:\/\/longchangchemical.com\/wp-content\/uploads\/2024\/02\/MPS.png","width":384,"height":230},{"@type":"BreadcrumbList","@id":"https:\/\/longchangchemical.com\/product\/mps-cas-17636-10-1\/#breadcrumb","itemListElement":[{"@type":"ListItem","position":1,"name":"Home","item":"https:\/\/longchangchemical.com\/"},{"@type":"ListItem","position":2,"name":"Products Longchang","item":"https:\/\/longchangchemical.com\/product\/"},{"@type":"ListItem","position":3,"name":"Sodium 3-mercaptopropanesulphonate\/ MPS CAS 17636-10-1"}]},{"@type":"WebSite","@id":"https:\/\/longchangchemical.com\/#website","url":"https:\/\/longchangchemical.com\/","name":"Longchang Chemical","description":"China Hersteller von Chemikalien \uff06 Lieferant","publisher":{"@id":"https:\/\/longchangchemical.com\/#organization"},"potentialAction":[{"@type":"SearchAction","target":{"@type":"EntryPoint","urlTemplate":"https:\/\/longchangchemical.com\/?s={search_term_string}"},"query-input":{"@type":"PropertyValueSpecification","valueRequired":true,"valueName":"search_term_string"}}],"inLanguage":"de"},{"@type":"Organization","@id":"https:\/\/longchangchemical.com\/#organization","name":"Longchang Chemical","url":"https:\/\/longchangchemical.com\/","logo":{"@type":"ImageObject","inLanguage":"de","@id":"https:\/\/longchangchemical.com\/#\/schema\/logo\/image\/","url":"https:\/\/longchangchemical.com\/wp-content\/uploads\/2020\/08\/cropped-longchang-logo.png","contentUrl":"https:\/\/longchangchemical.com\/wp-content\/uploads\/2020\/08\/cropped-longchang-logo.png","width":512,"height":512,"caption":"Longchang Chemical"},"image":{"@id":"https:\/\/longchangchemical.com\/#\/schema\/logo\/image\/"}}]}},"_links":{"self":[{"href":"https:\/\/longchangchemical.com\/de\/wp-json\/wp\/v2\/product\/6597","targetHints":{"allow":["GET"]}}],"collection":[{"href":"https:\/\/longchangchemical.com\/de\/wp-json\/wp\/v2\/product"}],"about":[{"href":"https:\/\/longchangchemical.com\/de\/wp-json\/wp\/v2\/types\/product"}],"replies":[{"embeddable":true,"href":"https:\/\/longchangchemical.com\/de\/wp-json\/wp\/v2\/comments?post=6597"}],"wp:featuredmedia":[{"embeddable":true,"href":"https:\/\/longchangchemical.com\/de\/wp-json\/wp\/v2\/media\/6598"}],"wp:attachment":[{"href":"https:\/\/longchangchemical.com\/de\/wp-json\/wp\/v2\/media?parent=6597"}],"wp:term":[{"taxonomy":"product_brand","embeddable":true,"href":"https:\/\/longchangchemical.com\/de\/wp-json\/wp\/v2\/product_brand?post=6597"},{"taxonomy":"product_cat","embeddable":true,"href":"https:\/\/longchangchemical.com\/de\/wp-json\/wp\/v2\/product_cat?post=6597"},{"taxonomy":"product_tag","embeddable":true,"href":"https:\/\/longchangchemical.com\/de\/wp-json\/wp\/v2\/product_tag?post=6597"}],"curies":[{"name":"wp","href":"https:\/\/api.w.org\/{rel}","templated":true}]}}