{"id":6583,"date":"2024-02-05T06:36:35","date_gmt":"2024-02-05T06:36:35","guid":{"rendered":"https:\/\/longchangchemical.com\/?post_type=product&#038;p=6583"},"modified":"2025-12-17T03:01:02","modified_gmt":"2025-12-17T03:01:02","slug":"pef-cas-28728-19-0","status":"publish","type":"product","link":"https:\/\/longchangchemical.com\/de\/product\/pef-cas-28728-19-0\/","title":{"rendered":"Polyethylen-2,5-furandicarboxylat \/ PEF CAS 28728-19-0"},"content":{"rendered":"<h1><strong>Polyethylen-2,5-furandicarboxylat \/ PEF CAS 28728-19-0<\/strong><\/h1>\n<p>Polyethylenglykol-2,5-Furandicarboxylat (PEF) ist ein zu 100 % recycelbares, biobasiertes Polymer, das aus erneuerbaren, aus pflanzlichen Quellen gewonnenen Rohstoffen hergestellt wird. PEF wird als Polyester der n\u00e4chsten Generation bezeichnet, der das Potenzial hat, Polyethylenterephthalat (PET) zu ersetzen, ein langlebiges Polymer, das aus traditionellen synthetischen Quellen gewonnen wird. PEF bietet eine Reihe von Vorteilen gegen\u00fcber PET: Es verringert nicht nur den gesamten CO2-Fu\u00dfabdruck des Produkts, sondern verbessert auch die Nachhaltigkeit der Verpackung, und da es im Vergleich zu PET eine h\u00f6here Gasbarriere f\u00fcr Sauerstoff, Kohlendioxid und Wasserdampf aufweist, kann es als interessante Alternative zu PET f\u00fcr Verpackungsanwendungen wie Flaschen, Folien und Lebensmittelschalen angesehen werden.<\/p>\n<p>&nbsp;<\/p>\n<p><strong><b>Standard<\/b><\/strong><\/p>\n<table>\n<tbody>\n<tr>\n<td width=\"189\">Artikel<\/td>\n<td width=\"264\">Spezifikation<\/td>\n<\/tr>\n<tr>\n<td width=\"189\">Siedepunkt<\/td>\n<td width=\"264\">195-265 \u00b0C\uff08383-509 \u00b0F\uff1b468-538 K\uff09<\/td>\n<\/tr>\n<tr>\n<td width=\"189\">Dichte<\/td>\n<td width=\"264\">1,43 g\/cm\u00b3<\/td>\n<\/tr>\n<\/tbody>\n<\/table>\n<p><strong><b>\u00a0<\/b><\/strong><\/p>\n<p><strong>Anwendung: <\/strong><\/p>\n<p>Es wird haupts\u00e4chlich in der Bekleidungs- und Textilindustrie sowie in der Verpackungsindustrie verwendet.<\/p>\n<p><strong><b>P<\/b><\/strong><strong><b>ackag<\/b><\/strong><strong><b>e<\/b><\/strong><strong><b>:<\/b><\/strong>25kg\/Trommel<\/p>\n<p><strong><b>\u00a0<\/b><\/strong><\/p>\n<p><strong><b>Lagerung: <\/b><\/strong><\/p>\n<p>An einem k\u00fchlen, trockenen und gut bel\u00fcfteten Ort aufbewahren.<\/p>\n<h2><strong><b>Kontaktieren Sie uns jetzt!<\/b><\/strong><\/h2>\n<h4><strong><b>Wenn Sie einen Preis ben\u00f6tigen, tragen Sie bitte Ihre Kontaktdaten in das unten stehende Formular ein. Wir werden uns in der Regel innerhalb von 24 Stunden mit Ihnen in Verbindung setzen. Sie k\u00f6nnen mir auch mailen\u00a0<span style=\"color: #00ccff;\"><a style=\"color: #00ccff;\" href=\"mailto:info@longchangchemical.com\">info@longchangchemical.com<\/a>\u00a0<\/span>w\u00e4hrend der Gesch\u00e4ftszeiten ( 8:30 bis 18:00 Uhr UTC+8 Mo.~Sa. ) oder nutzen Sie den Live-Chat auf der Website, um eine schnelle Antwort zu erhalten.<\/b><\/strong><\/h4>","protected":false},"excerpt":{"rendered":"<p><strong>Chemische Bezeichnung:<\/strong>\u00a0Polyethylen-2,5-Furandicarboxylat<\/p>\n<p><strong>Synonym: <\/strong>PEF;Poly(2,5-Furandis\u00e4ure-Glykol-Ester)<\/p>\n<p><strong>CAS-Nr.:<\/strong>\u00a028728-19-0<\/p>\n<p><strong>MF<\/strong>: (C8H6O5)n\u00a0 <strong>MW<\/strong><strong>: <\/strong>&#8211;<\/p>\n<p><strong>Molekulare Struktur\uff1a<\/strong><img decoding=\"async\" class=\"alignnone size-full wp-image-6584\" src=\"https:\/\/longchangchemical.com\/wp-content\/uploads\/2024\/02\/PEF.png\" alt=\"\" width=\"235\" height=\"198\" \/><\/p>","protected":false},"featured_media":0,"comment_status":"open","ping_status":"closed","template":"","meta":[],"product_brand":[],"product_cat":[69],"product_tag":[],"class_list":{"0":"post-6583","1":"product","2":"type-product","3":"status-publish","5":"product_cat-catalysts-chemical-auxiliary-agents","7":"first","8":"instock","9":"shipping-taxable","10":"product-type-simple"},"yoast_head":"<!-- This site is optimized with the Yoast SEO plugin v25.3.1 - https:\/\/yoast.com\/wordpress\/plugins\/seo\/ -->\n<title>China Polyethylene 2,5-furandicarboxylate Manufacturer \/ PEF CAS 28728-19-0 supplier - Longchang Chemical<\/title>\n<meta name=\"description\" content=\"Polyethylene 2,5-furandicarboxylate \/ PEF CAS 28728-19-0 is a key product of Longchang Chemical. We provide the best price. We are the leading manufacturer in China with the best quality and competitive price.\" \/>\n<meta name=\"robots\" content=\"index, follow, max-snippet:-1, max-image-preview:large, max-video-preview:-1\" \/>\n<link rel=\"canonical\" href=\"https:\/\/longchangchemical.com\/de\/product\/pef-cas-28728-19-0\/\" \/>\n<meta property=\"og:locale\" content=\"de_DE\" \/>\n<meta property=\"og:type\" content=\"article\" \/>\n<meta property=\"og:title\" content=\"China Polyethylene 2,5-furandicarboxylate Manufacturer \/ PEF CAS 28728-19-0 supplier - Longchang Chemical\" \/>\n<meta property=\"og:description\" content=\"Polyethylene 2,5-furandicarboxylate \/ PEF CAS 28728-19-0 is a key product of Longchang Chemical. We provide the best price. We are the leading manufacturer in China with the best quality and competitive price.\" \/>\n<meta property=\"og:url\" content=\"https:\/\/longchangchemical.com\/de\/product\/pef-cas-28728-19-0\/\" \/>\n<meta property=\"og:site_name\" content=\"Longchang Chemical\" \/>\n<meta property=\"article:modified_time\" content=\"2025-12-17T03:01:02+00:00\" \/>\n<meta property=\"og:image\" content=\"https:\/\/longchangchemical.com\/wp-content\/uploads\/2024\/02\/logo-jpeg.jpg\" \/>\n\t<meta property=\"og:image:width\" content=\"1000\" \/>\n\t<meta property=\"og:image:height\" content=\"1000\" \/>\n\t<meta property=\"og:image:type\" content=\"image\/jpeg\" \/>\n<meta name=\"twitter:card\" content=\"summary_large_image\" \/>\n<script type=\"application\/ld+json\" class=\"yoast-schema-graph\">{\"@context\":\"https:\/\/schema.org\",\"@graph\":[{\"@type\":\"WebPage\",\"@id\":\"https:\/\/longchangchemical.com\/product\/pef-cas-28728-19-0\/\",\"url\":\"https:\/\/longchangchemical.com\/product\/pef-cas-28728-19-0\/\",\"name\":\"China Polyethylene 2,5-furandicarboxylate Manufacturer \/ PEF CAS 28728-19-0 supplier - Longchang Chemical\",\"isPartOf\":{\"@id\":\"https:\/\/longchangchemical.com\/#website\"},\"datePublished\":\"2024-02-05T06:36:35+00:00\",\"dateModified\":\"2025-12-17T03:01:02+00:00\",\"description\":\"Polyethylene 2,5-furandicarboxylate \/ PEF CAS 28728-19-0 is a key product of Longchang Chemical. We provide the best price. We are the leading manufacturer in China with the best quality and competitive price.\",\"breadcrumb\":{\"@id\":\"https:\/\/longchangchemical.com\/product\/pef-cas-28728-19-0\/#breadcrumb\"},\"inLanguage\":\"de\",\"potentialAction\":[{\"@type\":\"ReadAction\",\"target\":[\"https:\/\/longchangchemical.com\/product\/pef-cas-28728-19-0\/\"]}]},{\"@type\":\"BreadcrumbList\",\"@id\":\"https:\/\/longchangchemical.com\/product\/pef-cas-28728-19-0\/#breadcrumb\",\"itemListElement\":[{\"@type\":\"ListItem\",\"position\":1,\"name\":\"Home\",\"item\":\"https:\/\/longchangchemical.com\/\"},{\"@type\":\"ListItem\",\"position\":2,\"name\":\"Products Longchang\",\"item\":\"https:\/\/longchangchemical.com\/product\/\"},{\"@type\":\"ListItem\",\"position\":3,\"name\":\"Polyethylene 2,5-furandicarboxylate \/ PEF CAS 28728-19-0\"}]},{\"@type\":\"WebSite\",\"@id\":\"https:\/\/longchangchemical.com\/#website\",\"url\":\"https:\/\/longchangchemical.com\/\",\"name\":\"Longchang Chemical\",\"description\":\"China chemical manufacturer \uff06 supplier\",\"publisher\":{\"@id\":\"https:\/\/longchangchemical.com\/#organization\"},\"potentialAction\":[{\"@type\":\"SearchAction\",\"target\":{\"@type\":\"EntryPoint\",\"urlTemplate\":\"https:\/\/longchangchemical.com\/?s={search_term_string}\"},\"query-input\":{\"@type\":\"PropertyValueSpecification\",\"valueRequired\":true,\"valueName\":\"search_term_string\"}}],\"inLanguage\":\"de\"},{\"@type\":\"Organization\",\"@id\":\"https:\/\/longchangchemical.com\/#organization\",\"name\":\"Longchang Chemical\",\"url\":\"https:\/\/longchangchemical.com\/\",\"logo\":{\"@type\":\"ImageObject\",\"inLanguage\":\"de\",\"@id\":\"https:\/\/longchangchemical.com\/#\/schema\/logo\/image\/\",\"url\":\"https:\/\/longchangchemical.com\/wp-content\/uploads\/2020\/08\/cropped-longchang-logo.png\",\"contentUrl\":\"https:\/\/longchangchemical.com\/wp-content\/uploads\/2020\/08\/cropped-longchang-logo.png\",\"width\":512,\"height\":512,\"caption\":\"Longchang Chemical\"},\"image\":{\"@id\":\"https:\/\/longchangchemical.com\/#\/schema\/logo\/image\/\"}}]}<\/script>\n<!-- \/ Yoast SEO plugin. -->","yoast_head_json":{"title":"China Polyethylen 2,5-Furandicarboxylat Hersteller \/ PEF CAS 28728-19-0 Lieferant - Longchang Chemical","description":"Polyethylen-2,5-Furandicarboxylat \/ PEF CAS 28728-19-0 ist ein Schl\u00fcsselprodukt von Longchang Chemical. Wir bieten den besten Preis. Wir sind der f\u00fchrende Hersteller in China mit der besten Qualit\u00e4t und konkurrenzf\u00e4higem Preis.","robots":{"index":"index","follow":"follow","max-snippet":"max-snippet:-1","max-image-preview":"max-image-preview:large","max-video-preview":"max-video-preview:-1"},"canonical":"https:\/\/longchangchemical.com\/de\/product\/pef-cas-28728-19-0\/","og_locale":"de_DE","og_type":"article","og_title":"China Polyethylene 2,5-furandicarboxylate Manufacturer \/ PEF CAS 28728-19-0 supplier - Longchang Chemical","og_description":"Polyethylene 2,5-furandicarboxylate \/ PEF CAS 28728-19-0 is a key product of Longchang Chemical. We provide the best price. We are the leading manufacturer in China with the best quality and competitive price.","og_url":"https:\/\/longchangchemical.com\/de\/product\/pef-cas-28728-19-0\/","og_site_name":"Longchang Chemical","article_modified_time":"2025-12-17T03:01:02+00:00","og_image":[{"width":1000,"height":1000,"url":"https:\/\/longchangchemical.com\/wp-content\/uploads\/2024\/02\/logo-jpeg.jpg","type":"image\/jpeg"}],"twitter_card":"summary_large_image","schema":{"@context":"https:\/\/schema.org","@graph":[{"@type":"WebPage","@id":"https:\/\/longchangchemical.com\/product\/pef-cas-28728-19-0\/","url":"https:\/\/longchangchemical.com\/product\/pef-cas-28728-19-0\/","name":"China Polyethylen 2,5-Furandicarboxylat Hersteller \/ PEF CAS 28728-19-0 Lieferant - Longchang Chemical","isPartOf":{"@id":"https:\/\/longchangchemical.com\/#website"},"datePublished":"2024-02-05T06:36:35+00:00","dateModified":"2025-12-17T03:01:02+00:00","description":"Polyethylen-2,5-Furandicarboxylat \/ PEF CAS 28728-19-0 ist ein Schl\u00fcsselprodukt von Longchang Chemical. Wir bieten den besten Preis. Wir sind der f\u00fchrende Hersteller in China mit der besten Qualit\u00e4t und konkurrenzf\u00e4higem Preis.","breadcrumb":{"@id":"https:\/\/longchangchemical.com\/product\/pef-cas-28728-19-0\/#breadcrumb"},"inLanguage":"de","potentialAction":[{"@type":"ReadAction","target":["https:\/\/longchangchemical.com\/product\/pef-cas-28728-19-0\/"]}]},{"@type":"BreadcrumbList","@id":"https:\/\/longchangchemical.com\/product\/pef-cas-28728-19-0\/#breadcrumb","itemListElement":[{"@type":"ListItem","position":1,"name":"Home","item":"https:\/\/longchangchemical.com\/"},{"@type":"ListItem","position":2,"name":"Products Longchang","item":"https:\/\/longchangchemical.com\/product\/"},{"@type":"ListItem","position":3,"name":"Polyethylene 2,5-furandicarboxylate \/ PEF CAS 28728-19-0"}]},{"@type":"WebSite","@id":"https:\/\/longchangchemical.com\/#website","url":"https:\/\/longchangchemical.com\/","name":"Longchang Chemical","description":"China Hersteller von Chemikalien \uff06 Lieferant","publisher":{"@id":"https:\/\/longchangchemical.com\/#organization"},"potentialAction":[{"@type":"SearchAction","target":{"@type":"EntryPoint","urlTemplate":"https:\/\/longchangchemical.com\/?s={search_term_string}"},"query-input":{"@type":"PropertyValueSpecification","valueRequired":true,"valueName":"search_term_string"}}],"inLanguage":"de"},{"@type":"Organization","@id":"https:\/\/longchangchemical.com\/#organization","name":"Longchang Chemical","url":"https:\/\/longchangchemical.com\/","logo":{"@type":"ImageObject","inLanguage":"de","@id":"https:\/\/longchangchemical.com\/#\/schema\/logo\/image\/","url":"https:\/\/longchangchemical.com\/wp-content\/uploads\/2020\/08\/cropped-longchang-logo.png","contentUrl":"https:\/\/longchangchemical.com\/wp-content\/uploads\/2020\/08\/cropped-longchang-logo.png","width":512,"height":512,"caption":"Longchang Chemical"},"image":{"@id":"https:\/\/longchangchemical.com\/#\/schema\/logo\/image\/"}}]}},"_links":{"self":[{"href":"https:\/\/longchangchemical.com\/de\/wp-json\/wp\/v2\/product\/6583","targetHints":{"allow":["GET"]}}],"collection":[{"href":"https:\/\/longchangchemical.com\/de\/wp-json\/wp\/v2\/product"}],"about":[{"href":"https:\/\/longchangchemical.com\/de\/wp-json\/wp\/v2\/types\/product"}],"replies":[{"embeddable":true,"href":"https:\/\/longchangchemical.com\/de\/wp-json\/wp\/v2\/comments?post=6583"}],"wp:attachment":[{"href":"https:\/\/longchangchemical.com\/de\/wp-json\/wp\/v2\/media?parent=6583"}],"wp:term":[{"taxonomy":"product_brand","embeddable":true,"href":"https:\/\/longchangchemical.com\/de\/wp-json\/wp\/v2\/product_brand?post=6583"},{"taxonomy":"product_cat","embeddable":true,"href":"https:\/\/longchangchemical.com\/de\/wp-json\/wp\/v2\/product_cat?post=6583"},{"taxonomy":"product_tag","embeddable":true,"href":"https:\/\/longchangchemical.com\/de\/wp-json\/wp\/v2\/product_tag?post=6583"}],"curies":[{"name":"wp","href":"https:\/\/api.w.org\/{rel}","templated":true}]}}