{"id":6582,"date":"2024-02-05T06:12:11","date_gmt":"2024-02-05T06:12:11","guid":{"rendered":"https:\/\/longchangchemical.com\/?post_type=product&#038;p=6582"},"modified":"2026-05-08T03:00:01","modified_gmt":"2026-05-08T03:00:01","slug":"hmf-cas-67-47-0","status":"publish","type":"product","link":"https:\/\/longchangchemical.com\/de\/product\/hmf-cas-67-47-0\/","title":{"rendered":"Hydroxymethylfurfural \/ HMF CAS 67-47-0"},"content":{"rendered":"<h2><strong>Hydroxymethylfurfural \/ HMF CAS 67-47-0<\/strong><\/h2>\n<p>5-Hydroxymethylfurfural ist ein wichtiger chemischer Rohstoff. Es enth\u00e4lt in seinem Molek\u00fcl eine Aldehyd- und eine Hydroxymethylgruppe und kann durch Hydrierung, oxidative Dehydrierung, Veresterung, Halogenierung, Polymerisation, Hydrolyse und andere chemische Reaktionen zur Synthese vieler n\u00fctzlicher Verbindungen und neuer Polymermaterialien verwendet werden, darunter Arzneimittel, harzartige Kunststoffe, Dieselkraftstoffadditive usw. Insbesondere biobasierte PEF-Polyester auf der Basis von Furandicarbons\u00e4ure haben viele Eigenschaften gezeigt, die denen von PET (Polyethylenterephthalat) auf Erd\u00f6lbasis \u00fcberlegen sind.<\/p>\n<p>&nbsp;<\/p>\n<p><strong><b>Standard<\/b><\/strong><\/p>\n<table>\n<tbody>\n<tr>\n<td width=\"189\">Artikel<\/td>\n<td width=\"264\">Spezifikation<\/td>\n<\/tr>\n<tr>\n<td width=\"189\">Erscheinungsbild<\/td>\n<td width=\"264\">Brauner und gelber Feststoff<\/td>\n<\/tr>\n<tr>\n<td width=\"189\">Schmelzpunkt<\/td>\n<td width=\"264\">28-34 \u00b0C<\/td>\n<\/tr>\n<tr>\n<td width=\"189\">Siedepunkt<\/td>\n<td width=\"264\">114-116 \u00b0C bei 1 mm Hg<\/td>\n<\/tr>\n<tr>\n<td width=\"189\">Dichte<\/td>\n<td width=\"264\">1,243 g\/ml bei 25 \u00b0C<\/td>\n<\/tr>\n<\/tbody>\n<\/table>\n<p><strong><b>\u00a0<\/b><\/strong><\/p>\n<p><strong>Anwendung: <\/strong><\/p>\n<p>Es kann in abbaubaren Kunststoffverpackungen, speziellen funktionellen Materialien, Tensiden, Aromen und Duftstoffen und anderen Feinchemikalien oder in der pharmazeutischen Industrie verwendet werden.<\/p>\n<p>&nbsp;<\/p>\n<p><strong><b>P<\/b><\/strong><strong><b>ackag<\/b><\/strong><strong><b>e<\/b><\/strong><strong><b>:<\/b><\/strong>25kg\/Trommel<\/p>\n<p><strong><b>\u00a0<\/b><\/strong><\/p>\n<p><strong><b>Lagerung: <\/b><\/strong><\/p>\n<p>Empfindlich gegen\u00fcber Luft, Licht und W\u00e4rme, mit starker Feuchtigkeitsaufnahme.<\/p>\n<p>Versiegelt und bei niedriger Temperatur gelagert (&lt;0 \u2103).<\/p>\n<h2><strong><b>Kontaktieren Sie uns jetzt!<\/b><\/strong><\/h2>\n<h4><strong><b>Wenn Sie einen Preis ben\u00f6tigen, tragen Sie bitte Ihre Kontaktdaten in das unten stehende Formular ein. Wir werden uns in der Regel innerhalb von 24 Stunden mit Ihnen in Verbindung setzen. Sie k\u00f6nnen mir auch mailen\u00a0<span style=\"color: #00ccff;\"><a style=\"color: #00ccff;\" href=\"mailto:info@longchangchemical.com\">info@longchangchemical.com<\/a>\u00a0<\/span>w\u00e4hrend der Gesch\u00e4ftszeiten ( 8:30 bis 18:00 Uhr UTC+8 Mo.~Sa. ) oder nutzen Sie den Live-Chat auf der Website, um eine schnelle Antwort zu erhalten.<\/b><\/strong><\/h4>\n<p>&nbsp;<\/p>\n<p><!--more--><\/p>\n<p>Fortschritte in der Forschung \u00fcber die Anwendung von Katalysatoren im Umweltschutz<\/p>\n<p>1. Definition von Umweltschutzkatalysatoren Umweltschutzkatalysatoren sind Katalysatoren, die zum Schutz und zur Verbesserung der Umwelt eingesetzt werden, indem sie giftige und gef\u00e4hrliche Stoffe direkt oder indirekt behandeln, sie unsch\u00e4dlich machen oder reduzieren, um die Umwelt zu sch\u00fctzen und zu verbessern. Als Umweltschutzkatalysatoren gelten im weiteren Sinne alle Katalysatoren, die dem Umweltschutz dienen, einschlie\u00dflich katalytischer Syntheseverfahren, die keine sch\u00e4dlichen Nebenprodukte erzeugen oder erzeugen wollen; im engeren Sinne handelt es sich um die Arten von Katalysatoren, die zur Verbesserung des Treibhauseffekts, des Abbaus der Ozonschicht, der Ausweitung des sauren Regens und der Verschmutzung von Gew\u00e4ssern beitragen. Umweltkatalysatoren werden in direkte und indirekte Katalysatoren unterteilt. So geh\u00f6rt der Katalysator, der zur Entfernung von Stickoxiden (NOX) aus dem Abgas verwendet wird, zu den direkten Katalysatoren, w\u00e4hrend der Katalysator, der zur Hemmung der NOX-Produktion im Verbrennungsprozess verwendet wird, zu den indirekten Katalysatoren geh\u00f6rt.<\/p>\n<p>2.1 Katalysatoren f\u00fcr Fahrzeuge mit Magerverbrennung Wenn Dieselmotoren unter Magerverbrennungsbedingungen betrieben werden, ist das Luft-Kraftstoff-Verh\u00e4ltnis (Verh\u00e4ltnis von Luft zu Kraftstoff) von Benzinmotoren gr\u00f6\u00dfer als 17:1 oder sogar h\u00f6her. In diesem Fall kann die Motorleistung erheblich verbessert werden, was zu einer Verringerung der CO-, Kohlenwasserstoff- und CO2-Emissionen f\u00fchrt, die NOx-Emissionen steigen jedoch stark an. Bei den derzeit g\u00e4ngigen Drei-Effekt-Edelmetallkatalysatoren liegt ein so hohes Luft-Kraftstoff-Verh\u00e4ltnis au\u00dferhalb des normalen Betriebsbereichs, so dass sie die NOx-Reduzierung nicht wirksam verbessern k\u00f6nnen. Daher sollten neue Fahrzeugkatalysatoren entwickelt werden, die die NOx-Umwandlung unter mageren Bedingungen verbessern k\u00f6nnen, und die katalytische Reduzierung von NOx unter mageren Bedingungen hat das Interesse der Forscher geweckt. Sobald dieser Katalysator erfolgreich erforscht ist, wird er in Fahrzeugen mit Dieselmotoren und \u00f6larmen Benzinmotoren weit verbreitet sein.<\/p>\n<p>2.2 Forschung zur Rauchgasentschwefelung Die beste Methode zur Rauchgasentschwefelung ist die selektive katalytische Reduktion von SO2 zu elementarem Schwefel. Mit dieser Methode wird nicht nur die Quelle der SO2-Verschmutzung im Rauchgas beseitigt, sondern auch das Produkt, d. h. fester elementarer Schwefel, zur\u00fcckgewonnen, der nicht nur leicht zu transportieren ist, sondern auch wiederverwendet werden kann. Gegenw\u00e4rtig befinden sich die meisten Verfahren zur selektiven katalytischen Reduktion von SO2 zu elementarem Schwefel noch im Forschungsstadium. Die Probleme sind die St\u00f6rung des Reduktionsprozesses durch \u00fcbersch\u00fcssigen Sauerstoff im Rauchgas und die Vergiftung des Katalysators.<\/p>\n<p>2.3 Katalytische Oxidationsbehandlung von hochkonzentrierten, nicht abbaubaren organischen Abw\u00e4ssern Mit der Entwicklung der pharmazeutischen, chemischen und Farbstoffindustrie gibt es immer mehr hochkonzentrierte, nicht abbaubare Abw\u00e4sser, die durch eine hohe Toxizit\u00e4t der Schadstoffe, eine hohe Schadstoffkonzentration, eine schwierige biologische Abbaubarkeit und einen hohen Gehalt an anorganischen Salzen gekennzeichnet sind. Eine der wirksamsten Methoden zur Behandlung solcher Abw\u00e4sser ist die chemische Oxidation. Derzeit ist die hocheffiziente nasskatalytische Oxidationstechnologie ein beliebtes Forschungsthema. Diese Methode kann die organischen Schadstoffe im Wasser direkt oxidieren oder die gro\u00dfmolekularen organischen Schadstoffe im Wasser in kleinmolekulare organische Schadstoffe oxidieren, um die Biochemie des Abwassers zu verbessern. Mit der biochemischen Behandlung k\u00f6nnen organische Schadstoffe im Wasser besser entfernt werden. Diese Methode wird h\u00e4ufig verwendet, um die katalytische Oxidation von organischen Schadstoffen zu erh\u00f6hen Oxidationsmittel k\u00f6nnen verwendet werden: Luft, Wasserstoffperoxid, Ozon, Natriumhypochlorit und Chlordioxid und andere Oxidationsmittel. Der Schl\u00fcssel zu dieser Methode ist die Entwicklung hocheffizienter inhomogener Oxidationskatalysatoren.<\/p>\n<p>2.4 Arten von Umweltschutzkatalysatoren und die Verwendung der aktuellen Situation Es gibt viele Arten von Umweltproblemen auf der Erde, und die Probleme, die derzeit dringend gel\u00f6st werden m\u00fcssen, sind: der Treibhauseffekt, die Zerst\u00f6rung der Ozonschicht, die Ausweitung des sauren Regens, die Emission von Schwermetallen und anderen Umweltschadstoffen, die Verringerung der tropischen Regenw\u00e4lder und die Versteppung des Bodens usw. Die ersten drei dieser Probleme sind die wichtigsten in der Welt. Die ersten drei dieser Probleme werden durch chemische Stoffe verursacht, die in die Atmosph\u00e4re abgegeben werden. So stehen Kohlendioxid (CO2), Methan (CH4) und Distickstoffoxid (N2O) im Zusammenhang mit dem Treibhauseffekt, Freon und N2O zerst\u00f6ren die Ozonschicht, und Schwefeldioxid (SO2) und NOX sind die Hauptfaktoren f\u00fcr die Bildung von saurem Regen und photochemischem Smog, die haupts\u00e4chlich durch chemische Methoden beseitigt oder reduziert werden k\u00f6nnen. Da die Menge der am Emissionsprozess der oben genannten Schadstoffe beteiligten Reaktanten gering ist, die Reaktionstemperatur entweder zu hoch oder zu niedrig ist und die Kontaktzeit zwischen den Reaktanten und dem Katalysator besonders kurz ist usw., sind die Umweltkatalysatoren im Vergleich zu den in anderen chemischen Reaktionen verwendeten Katalysatoren schwieriger herzustellen und stellen h\u00f6here Anforderungen an die Aktivit\u00e4t, Selektivit\u00e4t und Haltbarkeit der Katalysatoren.<\/p>\n<p>2.5 Neue Umweltschutzkatalysatoren<\/p>\n<p>2.5.1 Silikatmaterialien Nat\u00fcrlicher Ton wie Montmorillonit hat eine molekularsiebartige Struktur und ist ein Katalysatortr\u00e4ger und ein gutes Adsorptionsmittel f\u00fcr die Behandlung von Schwermetallionen in Abw\u00e4ssern. Er wird weithin als Tr\u00e4ger von Umweltschutzkatalysatoren verwendet, z. B. bei der Reinigung von Autoabgasen, der Rauchgasentschwefelung, der Entstickung und der katalytischen Verbrennung von organischen Abgasen.<\/p>\n<p>2.5.2 TiO2 ist ein N-Typ-Halbleiter mit guter lichtempfindlicher Leitf\u00e4higkeit, der h\u00e4ufig als Katalysatortr\u00e4ger verwendet wird. Heute wird TiO2 h\u00e4ufig als Photokatalysator und Elektrodenkatalysator verwendet. Selbstreinigendes Glas, Fliesen, M\u00f6bel und Vorhangstoffe, die mit aktivem TiO2 beschichtet sind, katalysieren und reinigen automatisch die Innenraumluft unter der Einstrahlung von Sonnenlicht und Licht.<\/p>\n<p>2.5.3 Biokatalytische Verfahren basieren in der Regel auf ungiftigen und unsch\u00e4dlichen biologischen Stoffen als Rohstoffen, die bei Raumtemperatur und Druck umgesetzt werden k\u00f6nnen, und das Verfahren ist einfach. Biokatalysatoren sind aufgrund ihrer hohen Umsetzungsrate, hohen Spezifit\u00e4t, geringen Nebenprodukte und wiederholten Verwendung ideale gr\u00fcne Katalysatoren. 2.5.4 Eine ionische Fl\u00fcssigkeit bei Raumtemperatur kann sowohl als S\u00e4urekatalysator als auch als gr\u00fcnes L\u00f6sungsmittel verwendet werden. Mit den Vorteilen der einfachen Herstellung, der geringen Toxizit\u00e4t, des niedrigen Preises, der Nichtbrennbarkeit, der einstellbaren Leistung usw. ist sie ein umweltfreundlicher Katalysator mit dem Potenzial, die chemische Industrie zu revolutionieren, und mit guten Aussichten f\u00fcr die industrielle Anwendung.<\/p>","protected":false},"excerpt":{"rendered":"<p><strong>Chemische Bezeichnung:<\/strong>\u00a05-Hydroxymethylfurfural<\/p>\n<p><strong>Synonym: <\/strong>5-(Hydroxymethyl)-2-furaldehyd, HMF<\/p>\n<p><strong>CAS-Nr.:<\/strong>\u00a067-47-0<\/p>\n<p><strong>MF<\/strong>: C6H6O3\u00a0 <strong>MW<\/strong><strong>: <\/strong>126.11<\/p>\n<p>&nbsp;<\/p>","protected":false},"featured_media":6721,"comment_status":"open","ping_status":"closed","template":"","meta":[],"product_brand":[],"product_cat":[69],"product_tag":[],"class_list":{"0":"post-6582","1":"product","2":"type-product","3":"status-publish","4":"has-post-thumbnail","6":"product_cat-catalysts-chemical-auxiliary-agents","8":"first","9":"instock","10":"shipping-taxable","11":"product-type-simple"},"yoast_head":"<!-- This site is optimized with the Yoast SEO plugin v25.3.1 - https:\/\/yoast.com\/wordpress\/plugins\/seo\/ -->\n<title>China Hydroxymethylfurfural Manufacturer \/ HMF supplier CAS 67-47-0 - Longchang Chemical<\/title>\n<meta name=\"description\" content=\"5-HMF is an organic compound derived from dehydration of certain sugars (hexoses). This yellow, low-melting solid is highly water-soluble. Buy 5-HMF from Longchang Chemical.\" \/>\n<meta name=\"robots\" content=\"index, follow, max-snippet:-1, max-image-preview:large, max-video-preview:-1\" \/>\n<link rel=\"canonical\" href=\"https:\/\/longchangchemical.com\/de\/product\/hmf-cas-67-47-0\/\" \/>\n<meta property=\"og:locale\" content=\"de_DE\" \/>\n<meta property=\"og:type\" content=\"article\" \/>\n<meta property=\"og:title\" content=\"China Hydroxymethylfurfural Manufacturer \/ HMF supplier CAS 67-47-0 - Longchang Chemical\" \/>\n<meta property=\"og:description\" content=\"5-HMF is an organic compound derived from dehydration of certain sugars (hexoses). This yellow, low-melting solid is highly water-soluble. Buy 5-HMF from Longchang Chemical.\" \/>\n<meta property=\"og:url\" content=\"https:\/\/longchangchemical.com\/de\/product\/hmf-cas-67-47-0\/\" \/>\n<meta property=\"og:site_name\" content=\"Longchang Chemical\" \/>\n<meta property=\"article:modified_time\" content=\"2026-05-08T03:00:01+00:00\" \/>\n<meta property=\"og:image\" content=\"https:\/\/longchangchemical.com\/wp-content\/uploads\/2024\/02\/Hydroxymethylfurfural-HMF-CAS-67-47-0.jpg\" \/>\n\t<meta property=\"og:image:width\" content=\"800\" \/>\n\t<meta property=\"og:image:height\" content=\"800\" \/>\n\t<meta property=\"og:image:type\" content=\"image\/jpeg\" \/>\n<meta name=\"twitter:card\" content=\"summary_large_image\" \/>\n<script type=\"application\/ld+json\" class=\"yoast-schema-graph\">{\"@context\":\"https:\/\/schema.org\",\"@graph\":[{\"@type\":\"WebPage\",\"@id\":\"https:\/\/longchangchemical.com\/product\/hmf-cas-67-47-0\/\",\"url\":\"https:\/\/longchangchemical.com\/product\/hmf-cas-67-47-0\/\",\"name\":\"China Hydroxymethylfurfural Manufacturer \/ HMF supplier CAS 67-47-0 - Longchang Chemical\",\"isPartOf\":{\"@id\":\"https:\/\/longchangchemical.com\/#website\"},\"primaryImageOfPage\":{\"@id\":\"https:\/\/longchangchemical.com\/product\/hmf-cas-67-47-0\/#primaryimage\"},\"image\":{\"@id\":\"https:\/\/longchangchemical.com\/product\/hmf-cas-67-47-0\/#primaryimage\"},\"thumbnailUrl\":\"https:\/\/longchangchemical.com\/wp-content\/uploads\/2024\/02\/Hydroxymethylfurfural-HMF-CAS-67-47-0.jpg\",\"datePublished\":\"2024-02-05T06:12:11+00:00\",\"dateModified\":\"2026-05-08T03:00:01+00:00\",\"description\":\"5-HMF is an organic compound derived from dehydration of certain sugars (hexoses). This yellow, low-melting solid is highly water-soluble. Buy 5-HMF from Longchang Chemical.\",\"breadcrumb\":{\"@id\":\"https:\/\/longchangchemical.com\/product\/hmf-cas-67-47-0\/#breadcrumb\"},\"inLanguage\":\"de\",\"potentialAction\":[{\"@type\":\"ReadAction\",\"target\":[\"https:\/\/longchangchemical.com\/product\/hmf-cas-67-47-0\/\"]}]},{\"@type\":\"ImageObject\",\"inLanguage\":\"de\",\"@id\":\"https:\/\/longchangchemical.com\/product\/hmf-cas-67-47-0\/#primaryimage\",\"url\":\"https:\/\/longchangchemical.com\/wp-content\/uploads\/2024\/02\/Hydroxymethylfurfural-HMF-CAS-67-47-0.jpg\",\"contentUrl\":\"https:\/\/longchangchemical.com\/wp-content\/uploads\/2024\/02\/Hydroxymethylfurfural-HMF-CAS-67-47-0.jpg\",\"width\":800,\"height\":800},{\"@type\":\"BreadcrumbList\",\"@id\":\"https:\/\/longchangchemical.com\/product\/hmf-cas-67-47-0\/#breadcrumb\",\"itemListElement\":[{\"@type\":\"ListItem\",\"position\":1,\"name\":\"Home\",\"item\":\"https:\/\/longchangchemical.com\/\"},{\"@type\":\"ListItem\",\"position\":2,\"name\":\"Products Longchang\",\"item\":\"https:\/\/longchangchemical.com\/product\/\"},{\"@type\":\"ListItem\",\"position\":3,\"name\":\"Hydroxymethylfurfural \/ HMF CAS 67-47-0\"}]},{\"@type\":\"WebSite\",\"@id\":\"https:\/\/longchangchemical.com\/#website\",\"url\":\"https:\/\/longchangchemical.com\/\",\"name\":\"Longchang Chemical\",\"description\":\"China chemical manufacturer \uff06 supplier\",\"publisher\":{\"@id\":\"https:\/\/longchangchemical.com\/#organization\"},\"potentialAction\":[{\"@type\":\"SearchAction\",\"target\":{\"@type\":\"EntryPoint\",\"urlTemplate\":\"https:\/\/longchangchemical.com\/?s={search_term_string}\"},\"query-input\":{\"@type\":\"PropertyValueSpecification\",\"valueRequired\":true,\"valueName\":\"search_term_string\"}}],\"inLanguage\":\"de\"},{\"@type\":\"Organization\",\"@id\":\"https:\/\/longchangchemical.com\/#organization\",\"name\":\"Longchang Chemical\",\"url\":\"https:\/\/longchangchemical.com\/\",\"logo\":{\"@type\":\"ImageObject\",\"inLanguage\":\"de\",\"@id\":\"https:\/\/longchangchemical.com\/#\/schema\/logo\/image\/\",\"url\":\"https:\/\/longchangchemical.com\/wp-content\/uploads\/2020\/08\/cropped-longchang-logo.png\",\"contentUrl\":\"https:\/\/longchangchemical.com\/wp-content\/uploads\/2020\/08\/cropped-longchang-logo.png\",\"width\":512,\"height\":512,\"caption\":\"Longchang Chemical\"},\"image\":{\"@id\":\"https:\/\/longchangchemical.com\/#\/schema\/logo\/image\/\"}}]}<\/script>\n<!-- \/ Yoast SEO plugin. -->","yoast_head_json":{"title":"China Hydroxymethylfurfural Hersteller \/ HMF Lieferant CAS 67-47-0 - Longchang Chemical","description":"5-HMF ist eine organische Verbindung, die durch Dehydratisierung bestimmter Zucker (Hexosen) entsteht. Dieser gelbe, niedrigschmelzende Feststoff ist gut wasserl\u00f6slich. Kaufen Sie 5-HMF von Longchang Chemical.","robots":{"index":"index","follow":"follow","max-snippet":"max-snippet:-1","max-image-preview":"max-image-preview:large","max-video-preview":"max-video-preview:-1"},"canonical":"https:\/\/longchangchemical.com\/de\/product\/hmf-cas-67-47-0\/","og_locale":"de_DE","og_type":"article","og_title":"China Hydroxymethylfurfural Manufacturer \/ HMF supplier CAS 67-47-0 - Longchang Chemical","og_description":"5-HMF is an organic compound derived from dehydration of certain sugars (hexoses). This yellow, low-melting solid is highly water-soluble. Buy 5-HMF from Longchang Chemical.","og_url":"https:\/\/longchangchemical.com\/de\/product\/hmf-cas-67-47-0\/","og_site_name":"Longchang Chemical","article_modified_time":"2026-05-08T03:00:01+00:00","og_image":[{"width":800,"height":800,"url":"https:\/\/longchangchemical.com\/wp-content\/uploads\/2024\/02\/Hydroxymethylfurfural-HMF-CAS-67-47-0.jpg","type":"image\/jpeg"}],"twitter_card":"summary_large_image","schema":{"@context":"https:\/\/schema.org","@graph":[{"@type":"WebPage","@id":"https:\/\/longchangchemical.com\/product\/hmf-cas-67-47-0\/","url":"https:\/\/longchangchemical.com\/product\/hmf-cas-67-47-0\/","name":"China Hydroxymethylfurfural Hersteller \/ HMF Lieferant CAS 67-47-0 - Longchang Chemical","isPartOf":{"@id":"https:\/\/longchangchemical.com\/#website"},"primaryImageOfPage":{"@id":"https:\/\/longchangchemical.com\/product\/hmf-cas-67-47-0\/#primaryimage"},"image":{"@id":"https:\/\/longchangchemical.com\/product\/hmf-cas-67-47-0\/#primaryimage"},"thumbnailUrl":"https:\/\/longchangchemical.com\/wp-content\/uploads\/2024\/02\/Hydroxymethylfurfural-HMF-CAS-67-47-0.jpg","datePublished":"2024-02-05T06:12:11+00:00","dateModified":"2026-05-08T03:00:01+00:00","description":"5-HMF ist eine organische Verbindung, die durch Dehydratisierung bestimmter Zucker (Hexosen) entsteht. Dieser gelbe, niedrigschmelzende Feststoff ist gut wasserl\u00f6slich. Kaufen Sie 5-HMF von Longchang Chemical.","breadcrumb":{"@id":"https:\/\/longchangchemical.com\/product\/hmf-cas-67-47-0\/#breadcrumb"},"inLanguage":"de","potentialAction":[{"@type":"ReadAction","target":["https:\/\/longchangchemical.com\/product\/hmf-cas-67-47-0\/"]}]},{"@type":"ImageObject","inLanguage":"de","@id":"https:\/\/longchangchemical.com\/product\/hmf-cas-67-47-0\/#primaryimage","url":"https:\/\/longchangchemical.com\/wp-content\/uploads\/2024\/02\/Hydroxymethylfurfural-HMF-CAS-67-47-0.jpg","contentUrl":"https:\/\/longchangchemical.com\/wp-content\/uploads\/2024\/02\/Hydroxymethylfurfural-HMF-CAS-67-47-0.jpg","width":800,"height":800},{"@type":"BreadcrumbList","@id":"https:\/\/longchangchemical.com\/product\/hmf-cas-67-47-0\/#breadcrumb","itemListElement":[{"@type":"ListItem","position":1,"name":"Home","item":"https:\/\/longchangchemical.com\/"},{"@type":"ListItem","position":2,"name":"Products Longchang","item":"https:\/\/longchangchemical.com\/product\/"},{"@type":"ListItem","position":3,"name":"Hydroxymethylfurfural \/ HMF CAS 67-47-0"}]},{"@type":"WebSite","@id":"https:\/\/longchangchemical.com\/#website","url":"https:\/\/longchangchemical.com\/","name":"Longchang Chemical","description":"China Hersteller von Chemikalien \uff06 Lieferant","publisher":{"@id":"https:\/\/longchangchemical.com\/#organization"},"potentialAction":[{"@type":"SearchAction","target":{"@type":"EntryPoint","urlTemplate":"https:\/\/longchangchemical.com\/?s={search_term_string}"},"query-input":{"@type":"PropertyValueSpecification","valueRequired":true,"valueName":"search_term_string"}}],"inLanguage":"de"},{"@type":"Organization","@id":"https:\/\/longchangchemical.com\/#organization","name":"Longchang Chemical","url":"https:\/\/longchangchemical.com\/","logo":{"@type":"ImageObject","inLanguage":"de","@id":"https:\/\/longchangchemical.com\/#\/schema\/logo\/image\/","url":"https:\/\/longchangchemical.com\/wp-content\/uploads\/2020\/08\/cropped-longchang-logo.png","contentUrl":"https:\/\/longchangchemical.com\/wp-content\/uploads\/2020\/08\/cropped-longchang-logo.png","width":512,"height":512,"caption":"Longchang Chemical"},"image":{"@id":"https:\/\/longchangchemical.com\/#\/schema\/logo\/image\/"}}]}},"_links":{"self":[{"href":"https:\/\/longchangchemical.com\/de\/wp-json\/wp\/v2\/product\/6582","targetHints":{"allow":["GET"]}}],"collection":[{"href":"https:\/\/longchangchemical.com\/de\/wp-json\/wp\/v2\/product"}],"about":[{"href":"https:\/\/longchangchemical.com\/de\/wp-json\/wp\/v2\/types\/product"}],"replies":[{"embeddable":true,"href":"https:\/\/longchangchemical.com\/de\/wp-json\/wp\/v2\/comments?post=6582"}],"wp:featuredmedia":[{"embeddable":true,"href":"https:\/\/longchangchemical.com\/de\/wp-json\/wp\/v2\/media\/6721"}],"wp:attachment":[{"href":"https:\/\/longchangchemical.com\/de\/wp-json\/wp\/v2\/media?parent=6582"}],"wp:term":[{"taxonomy":"product_brand","embeddable":true,"href":"https:\/\/longchangchemical.com\/de\/wp-json\/wp\/v2\/product_brand?post=6582"},{"taxonomy":"product_cat","embeddable":true,"href":"https:\/\/longchangchemical.com\/de\/wp-json\/wp\/v2\/product_cat?post=6582"},{"taxonomy":"product_tag","embeddable":true,"href":"https:\/\/longchangchemical.com\/de\/wp-json\/wp\/v2\/product_tag?post=6582"}],"curies":[{"name":"wp","href":"https:\/\/api.w.org\/{rel}","templated":true}]}}