{"id":6373,"date":"2024-01-04T08:10:22","date_gmt":"2024-01-04T08:10:22","guid":{"rendered":"https:\/\/longchangchemical.com\/?post_type=product&#038;p=6373"},"modified":"2024-04-28T03:17:58","modified_gmt":"2024-04-28T03:17:58","slug":"ethyl-nonafluorobutyl-ether-hfe-7200-163702-05-4","status":"publish","type":"product","link":"https:\/\/longchangchemical.com\/de\/product\/ethyl-nonafluorobutyl-ether-hfe-7200-163702-05-4\/","title":{"rendered":"ETHYL-NON-AFLUOROBUTYL-ETHER \/ HFE-7200 163702-05-4"},"content":{"rendered":"<table>\n<tbody>\n<tr>\n<td width=\"231\"><strong>Physische Form<\/strong><\/td>\n<td width=\"355\"><strong>Farblose, geruchlose, transparente Fl\u00fcssigkeit<\/strong><\/td>\n<\/tr>\n<tr>\n<td width=\"231\">Siedepunkt @ 1 atm<\/td>\n<td width=\"355\">76<\/td>\n<\/tr>\n<tr>\n<td width=\"231\">Widerstandsf\u00e4higkeit<\/td>\n<td width=\"355\">\u22674.6*10*10<sup>\u00a0<\/sup><strong>\u03a9-mm<\/strong><\/td>\n<\/tr>\n<tr>\n<td width=\"231\">Oberfl\u00e4chenspannung\uff0825\u2103\uff09<\/td>\n<td width=\"355\">10mN\/m<\/td>\n<\/tr>\n<tr>\n<td width=\"231\">VOC<\/td>\n<td width=\"355\">0<\/td>\n<\/tr>\n<tr>\n<td width=\"231\">GWP<\/td>\n<td width=\"355\">320<\/td>\n<\/tr>\n<\/tbody>\n<\/table>\n<p>&nbsp;<\/p>\n<p>&nbsp;<\/p>\n<h2><strong>Funktion:<\/strong><\/h2>\n<p>Farblose, transparente, niedrigviskose, nicht brennbare und sehr sichere Fl\u00fcssigkeit. Hauptanwendungsgebiete sind die Pr\u00e4zisionsreinigung elektronischer Bauteile, die Erkennung von Groblecks, K\u00e4lte- und Hitzeschock-Testfl\u00fcssigkeiten, W\u00e4rmeaustausch-K\u00e4ltemittel (vor allem K\u00fchlerf\u00fcllfl\u00fcssigkeiten), stabile L\u00f6sungsmittel und Additive.<\/p>\n<p>&nbsp;<\/p>\n<h2><strong>Anwendung:<\/strong><\/h2>\n<p>Pr\u00e4zisionsreinigung elektronischer Komponenten, Ger\u00e4tereinigung, Groblecksuche, Reinigung elektronischer Instrumente und Laserdiscs, Entfernung von partikul\u00e4rem Schmutz, Reinigung optischer Systeme und Pr\u00e4zisionsanl\u00e4sse, kann als K\u00e4lte- und Hitzeschock-Testfl\u00fcssigkeit, W\u00e4rmeaustausch-K\u00e4ltemittel (Mehrfachf\u00fcllfl\u00fcssigkeit f\u00fcr Chiller), Stabilisierungsl\u00f6sungsmittel, Additive, Speziall\u00f6sungsmittel, Reinigungsmittel, Sp\u00fclmittel, wasserfreie Fl\u00fcssigkeiten, Defluxmittel und W\u00e4rme\u00fcbertragungsmedien verwendet werden<\/p>\n<p>&nbsp;<\/p>\n<h2><strong>Lagerung:<\/strong><\/h2>\n<p>Sie werden in einem trockenen, sauberen Lager mit guter Bel\u00fcftung aufbewahrt.<\/p>\n<p>Vermeiden Sie Licht- und Hitzeeinwirkung.<\/p>\n<p>Schutz des Produkts vor Auslaufen, Regen und Sonneneinstrahlung w\u00e4hrend des Transports.<\/p>\n<p>&nbsp;<\/p>\n<p>Verpackung: 25kg oder 200L \/Fass.<\/p>\n<h2><strong><b>Kontaktieren Sie uns jetzt!<\/b><\/strong><\/h2>\n<h4><strong><b>Wenn Sie einen Preis ben\u00f6tigen, tragen Sie bitte Ihre Kontaktdaten in das unten stehende Formular ein. Wir werden uns in der Regel innerhalb von 24 Stunden mit Ihnen in Verbindung setzen. Sie k\u00f6nnen mir auch mailen <a href=\"mailto:info@longchangchemical.com\"><span style=\"color: #00ccff;\">info@longchangchemical.com<\/span><\/a>\u00a0w\u00e4hrend der Gesch\u00e4ftszeiten ( 8:30 bis 18:00 Uhr UTC+8 Mo.~Sa. ) oder nutzen Sie den Live-Chat auf der Website, um eine schnelle Antwort zu erhalten.<\/b><\/strong><\/h4>","protected":false},"excerpt":{"rendered":"<p>Produktname: ETHYL-NON-FLUORBUTYL-ETHER<\/p>\n<p>\u00dcbersetzt: HFE-7200<\/p>\n<p>CAS-Nr.: 163702-05-4<\/p>\n<p>Molekulare Formel\uff1aC6H5F9O<\/p>\n<p>Molekulargewicht\uff1a264.09<\/p>\n<p>Molekulare Struktur:<\/p>","protected":false},"featured_media":0,"comment_status":"open","ping_status":"closed","template":"","meta":[],"product_brand":[],"product_cat":[69],"product_tag":[],"class_list":{"0":"post-6373","1":"product","2":"type-product","3":"status-publish","5":"product_cat-catalysts-chemical-auxiliary-agents","7":"first","8":"instock","9":"shipping-taxable","10":"product-type-simple"},"yoast_head":"<!-- This site is optimized with the Yoast SEO plugin v25.3.1 - https:\/\/yoast.com\/wordpress\/plugins\/seo\/ -->\n<title>Sino HFE-7200 Manufacturer | ETHYL NONAFLUOROBUTYL ETHER 163702-05-4 - Longchang Chemical<\/title>\n<meta name=\"description\" content=\"ETHYL NONAFLUOROBUTYL ETHER 163702-05-4 used as a solvent and is the key product of Longchang Chemical. We are the leading HFE-7200 manufacturer and supplier in China with the best quanlity and competitive price\" \/>\n<meta name=\"robots\" content=\"index, follow, max-snippet:-1, max-image-preview:large, max-video-preview:-1\" \/>\n<link rel=\"canonical\" href=\"https:\/\/longchangchemical.com\/de\/product\/ethyl-nonafluorobutyl-ether-hfe-7200-163702-05-4\/\" \/>\n<meta property=\"og:locale\" content=\"de_DE\" \/>\n<meta property=\"og:type\" content=\"article\" \/>\n<meta property=\"og:title\" content=\"Sino HFE-7200 Manufacturer | ETHYL NONAFLUOROBUTYL ETHER 163702-05-4 - Longchang Chemical\" \/>\n<meta property=\"og:description\" content=\"ETHYL NONAFLUOROBUTYL ETHER 163702-05-4 used as a solvent and is the key product of Longchang Chemical. We are the leading HFE-7200 manufacturer and supplier in China with the best quanlity and competitive price\" \/>\n<meta property=\"og:url\" content=\"https:\/\/longchangchemical.com\/de\/product\/ethyl-nonafluorobutyl-ether-hfe-7200-163702-05-4\/\" \/>\n<meta property=\"og:site_name\" content=\"Longchang Chemical\" \/>\n<meta property=\"article:modified_time\" content=\"2024-04-28T03:17:58+00:00\" \/>\n<meta property=\"og:image\" content=\"https:\/\/longchangchemical.com\/wp-content\/uploads\/2024\/02\/logo-jpeg.jpg\" \/>\n\t<meta property=\"og:image:width\" content=\"1000\" \/>\n\t<meta property=\"og:image:height\" content=\"1000\" \/>\n\t<meta property=\"og:image:type\" content=\"image\/jpeg\" \/>\n<meta name=\"twitter:card\" content=\"summary_large_image\" \/>\n<script type=\"application\/ld+json\" class=\"yoast-schema-graph\">{\"@context\":\"https:\/\/schema.org\",\"@graph\":[{\"@type\":\"WebPage\",\"@id\":\"https:\/\/longchangchemical.com\/product\/ethyl-nonafluorobutyl-ether-hfe-7200-163702-05-4\/\",\"url\":\"https:\/\/longchangchemical.com\/product\/ethyl-nonafluorobutyl-ether-hfe-7200-163702-05-4\/\",\"name\":\"Sino HFE-7200 Manufacturer | ETHYL NONAFLUOROBUTYL ETHER 163702-05-4 - Longchang Chemical\",\"isPartOf\":{\"@id\":\"https:\/\/longchangchemical.com\/#website\"},\"datePublished\":\"2024-01-04T08:10:22+00:00\",\"dateModified\":\"2024-04-28T03:17:58+00:00\",\"description\":\"ETHYL NONAFLUOROBUTYL ETHER 163702-05-4 used as a solvent and is the key product of Longchang Chemical. We are the leading HFE-7200 manufacturer and supplier in China with the best quanlity and competitive price\",\"breadcrumb\":{\"@id\":\"https:\/\/longchangchemical.com\/product\/ethyl-nonafluorobutyl-ether-hfe-7200-163702-05-4\/#breadcrumb\"},\"inLanguage\":\"de\",\"potentialAction\":[{\"@type\":\"ReadAction\",\"target\":[\"https:\/\/longchangchemical.com\/product\/ethyl-nonafluorobutyl-ether-hfe-7200-163702-05-4\/\"]}]},{\"@type\":\"BreadcrumbList\",\"@id\":\"https:\/\/longchangchemical.com\/product\/ethyl-nonafluorobutyl-ether-hfe-7200-163702-05-4\/#breadcrumb\",\"itemListElement\":[{\"@type\":\"ListItem\",\"position\":1,\"name\":\"Home\",\"item\":\"https:\/\/longchangchemical.com\/\"},{\"@type\":\"ListItem\",\"position\":2,\"name\":\"Products Longchang\",\"item\":\"https:\/\/longchangchemical.com\/product\/\"},{\"@type\":\"ListItem\",\"position\":3,\"name\":\"ETHYL NONAFLUOROBUTYL ETHER \/ HFE-7200 163702-05-4\"}]},{\"@type\":\"WebSite\",\"@id\":\"https:\/\/longchangchemical.com\/#website\",\"url\":\"https:\/\/longchangchemical.com\/\",\"name\":\"Longchang Chemical\",\"description\":\"China chemical manufacturer \uff06 supplier\",\"publisher\":{\"@id\":\"https:\/\/longchangchemical.com\/#organization\"},\"potentialAction\":[{\"@type\":\"SearchAction\",\"target\":{\"@type\":\"EntryPoint\",\"urlTemplate\":\"https:\/\/longchangchemical.com\/?s={search_term_string}\"},\"query-input\":{\"@type\":\"PropertyValueSpecification\",\"valueRequired\":true,\"valueName\":\"search_term_string\"}}],\"inLanguage\":\"de\"},{\"@type\":\"Organization\",\"@id\":\"https:\/\/longchangchemical.com\/#organization\",\"name\":\"Longchang Chemical\",\"url\":\"https:\/\/longchangchemical.com\/\",\"logo\":{\"@type\":\"ImageObject\",\"inLanguage\":\"de\",\"@id\":\"https:\/\/longchangchemical.com\/#\/schema\/logo\/image\/\",\"url\":\"https:\/\/longchangchemical.com\/wp-content\/uploads\/2020\/08\/cropped-longchang-logo.png\",\"contentUrl\":\"https:\/\/longchangchemical.com\/wp-content\/uploads\/2020\/08\/cropped-longchang-logo.png\",\"width\":512,\"height\":512,\"caption\":\"Longchang Chemical\"},\"image\":{\"@id\":\"https:\/\/longchangchemical.com\/#\/schema\/logo\/image\/\"}}]}<\/script>\n<!-- \/ Yoast SEO plugin. -->","yoast_head_json":{"title":"Sino HFE-7200 Hersteller | ETHYL NONAFLUOROBUTYL ETHER 163702-05-4 - Longchang Chemical","description":"ETHYL NONAFLUOROBUTYL ETHER 163702-05-4 wird als L\u00f6sungsmittel verwendet und ist das Hauptprodukt von Longchang Chemical. Wir sind der f\u00fchrende HFE-7200 Hersteller und Lieferant in China mit dem besten quanlity und konkurrenzf\u00e4higen Preis","robots":{"index":"index","follow":"follow","max-snippet":"max-snippet:-1","max-image-preview":"max-image-preview:large","max-video-preview":"max-video-preview:-1"},"canonical":"https:\/\/longchangchemical.com\/de\/product\/ethyl-nonafluorobutyl-ether-hfe-7200-163702-05-4\/","og_locale":"de_DE","og_type":"article","og_title":"Sino HFE-7200 Manufacturer | ETHYL NONAFLUOROBUTYL ETHER 163702-05-4 - Longchang Chemical","og_description":"ETHYL NONAFLUOROBUTYL ETHER 163702-05-4 used as a solvent and is the key product of Longchang Chemical. We are the leading HFE-7200 manufacturer and supplier in China with the best quanlity and competitive price","og_url":"https:\/\/longchangchemical.com\/de\/product\/ethyl-nonafluorobutyl-ether-hfe-7200-163702-05-4\/","og_site_name":"Longchang Chemical","article_modified_time":"2024-04-28T03:17:58+00:00","og_image":[{"width":1000,"height":1000,"url":"https:\/\/longchangchemical.com\/wp-content\/uploads\/2024\/02\/logo-jpeg.jpg","type":"image\/jpeg"}],"twitter_card":"summary_large_image","schema":{"@context":"https:\/\/schema.org","@graph":[{"@type":"WebPage","@id":"https:\/\/longchangchemical.com\/product\/ethyl-nonafluorobutyl-ether-hfe-7200-163702-05-4\/","url":"https:\/\/longchangchemical.com\/product\/ethyl-nonafluorobutyl-ether-hfe-7200-163702-05-4\/","name":"Sino HFE-7200 Hersteller | ETHYL NONAFLUOROBUTYL ETHER 163702-05-4 - Longchang Chemical","isPartOf":{"@id":"https:\/\/longchangchemical.com\/#website"},"datePublished":"2024-01-04T08:10:22+00:00","dateModified":"2024-04-28T03:17:58+00:00","description":"ETHYL NONAFLUOROBUTYL ETHER 163702-05-4 wird als L\u00f6sungsmittel verwendet und ist das Hauptprodukt von Longchang Chemical. Wir sind der f\u00fchrende HFE-7200 Hersteller und Lieferant in China mit dem besten quanlity und konkurrenzf\u00e4higen Preis","breadcrumb":{"@id":"https:\/\/longchangchemical.com\/product\/ethyl-nonafluorobutyl-ether-hfe-7200-163702-05-4\/#breadcrumb"},"inLanguage":"de","potentialAction":[{"@type":"ReadAction","target":["https:\/\/longchangchemical.com\/product\/ethyl-nonafluorobutyl-ether-hfe-7200-163702-05-4\/"]}]},{"@type":"BreadcrumbList","@id":"https:\/\/longchangchemical.com\/product\/ethyl-nonafluorobutyl-ether-hfe-7200-163702-05-4\/#breadcrumb","itemListElement":[{"@type":"ListItem","position":1,"name":"Home","item":"https:\/\/longchangchemical.com\/"},{"@type":"ListItem","position":2,"name":"Products Longchang","item":"https:\/\/longchangchemical.com\/product\/"},{"@type":"ListItem","position":3,"name":"ETHYL NONAFLUOROBUTYL ETHER \/ HFE-7200 163702-05-4"}]},{"@type":"WebSite","@id":"https:\/\/longchangchemical.com\/#website","url":"https:\/\/longchangchemical.com\/","name":"Longchang Chemical","description":"China Hersteller von Chemikalien \uff06 Lieferant","publisher":{"@id":"https:\/\/longchangchemical.com\/#organization"},"potentialAction":[{"@type":"SearchAction","target":{"@type":"EntryPoint","urlTemplate":"https:\/\/longchangchemical.com\/?s={search_term_string}"},"query-input":{"@type":"PropertyValueSpecification","valueRequired":true,"valueName":"search_term_string"}}],"inLanguage":"de"},{"@type":"Organization","@id":"https:\/\/longchangchemical.com\/#organization","name":"Longchang Chemical","url":"https:\/\/longchangchemical.com\/","logo":{"@type":"ImageObject","inLanguage":"de","@id":"https:\/\/longchangchemical.com\/#\/schema\/logo\/image\/","url":"https:\/\/longchangchemical.com\/wp-content\/uploads\/2020\/08\/cropped-longchang-logo.png","contentUrl":"https:\/\/longchangchemical.com\/wp-content\/uploads\/2020\/08\/cropped-longchang-logo.png","width":512,"height":512,"caption":"Longchang Chemical"},"image":{"@id":"https:\/\/longchangchemical.com\/#\/schema\/logo\/image\/"}}]}},"_links":{"self":[{"href":"https:\/\/longchangchemical.com\/de\/wp-json\/wp\/v2\/product\/6373","targetHints":{"allow":["GET"]}}],"collection":[{"href":"https:\/\/longchangchemical.com\/de\/wp-json\/wp\/v2\/product"}],"about":[{"href":"https:\/\/longchangchemical.com\/de\/wp-json\/wp\/v2\/types\/product"}],"replies":[{"embeddable":true,"href":"https:\/\/longchangchemical.com\/de\/wp-json\/wp\/v2\/comments?post=6373"}],"wp:attachment":[{"href":"https:\/\/longchangchemical.com\/de\/wp-json\/wp\/v2\/media?parent=6373"}],"wp:term":[{"taxonomy":"product_brand","embeddable":true,"href":"https:\/\/longchangchemical.com\/de\/wp-json\/wp\/v2\/product_brand?post=6373"},{"taxonomy":"product_cat","embeddable":true,"href":"https:\/\/longchangchemical.com\/de\/wp-json\/wp\/v2\/product_cat?post=6373"},{"taxonomy":"product_tag","embeddable":true,"href":"https:\/\/longchangchemical.com\/de\/wp-json\/wp\/v2\/product_tag?post=6373"}],"curies":[{"name":"wp","href":"https:\/\/api.w.org\/{rel}","templated":true}]}}