{"id":6360,"date":"2023-12-27T08:52:36","date_gmt":"2023-12-27T08:52:36","guid":{"rendered":"https:\/\/longchangchemical.com\/?post_type=product&#038;p=6360"},"modified":"2024-04-28T02:39:48","modified_gmt":"2024-04-28T02:39:48","slug":"sodium-pyroantimonate-cas-12507-68-5","status":"publish","type":"product","link":"https:\/\/longchangchemical.com\/de\/product\/sodium-pyroantimonate-cas-12507-68-5\/","title":{"rendered":"Natriumpyroantimonat CAS 12507-68-5"},"content":{"rendered":"<h1><strong>Natriumpyroantimonat CAS 12507-68-5<\/strong><\/h1>\n<table>\n<tbody>\n<tr>\n<td width=\"189\">Artikel<\/td>\n<td width=\"264\">Spezifikation<\/td>\n<\/tr>\n<tr>\n<td width=\"189\">Erscheinungsbild<\/td>\n<td width=\"264\">Wei\u00dfe Macht<\/td>\n<\/tr>\n<tr>\n<td width=\"189\">Sb(Sb2O3)<\/td>\n<td width=\"264\">58,4\u00b10,8%<\/td>\n<\/tr>\n<tr>\n<td width=\"189\">Na<sub>2<\/sub>O<\/td>\n<td width=\"264\">12-13%<\/td>\n<\/tr>\n<tr>\n<td width=\"189\">Fe<sub>2<\/sub>O<sub>3<\/sub><\/td>\n<td width=\"264\">\u22640,01%<\/td>\n<\/tr>\n<tr>\n<td width=\"189\">Als<sub>2<\/sub>O<sub>3<\/sub><\/td>\n<td width=\"264\">\u22640,02%<\/td>\n<\/tr>\n<tr>\n<td width=\"189\">PbO<\/td>\n<td width=\"264\">\uff1c0.10%<\/td>\n<\/tr>\n<tr>\n<td width=\"189\">Luftfeuchtigkeit<\/td>\n<td width=\"264\">\u22640.30<\/td>\n<\/tr>\n<\/tbody>\n<\/table>\n<h2><strong>Natriumpyroantimonat Anwendung:<\/strong><\/h2>\n<p>Natriumpyroantimonat ist eine anorganische Antimonsalzverbindung mit geringer Toxizit\u00e4t, die aus Antimonprodukten wie Antimonoxid durch Alkali und Produktion hergestellt wird. Das Aussehen ist wei\u00dfes Pulver, es gibt zwei Arten von k\u00f6rniger Kristallisation und gleichachsiger Kristallisation. Schmelzpunkt ist 1200\u2103, Siedepunkt ist 1400\u2103. L\u00f6slich in Weins\u00e4ure, Natriumsulfidl\u00f6sung, konzentriert, schwach l\u00f6slich in Alkohol, Ammoniumsalz, unl\u00f6slich in Essigs\u00e4ure, verd\u00fcnntem Alkali und verd\u00fcnnter anorganischer S\u00e4ure, unl\u00f6slich in kaltem Wasser. Gute chemische Stabilit\u00e4t.<\/p>\n<p>Natriumpyroantimonat wird haupts\u00e4chlich als Kl\u00e4rungs- und Entsch\u00e4umungsmittel f\u00fcr photovoltaisches Solarglas, Schwarz-Wei\u00df- und Farbdisplayglas verwendet. Glasfaser, Edelsteinglas, hochwertiges Glasgeschirr und andere hochwertige Glaskl\u00e4rer-Entsch\u00e4umer, und weit verbreitet in technischen Thermoplasten, Gummi-Flammschutzmittel, wie flammhemmende elektronische Ger\u00e4tegeh\u00e4use, flammhemmende Wagen, flammhemmende Dr\u00e4hte. Es wird auch als Flammschutzmittel f\u00fcr Textilien, Kunststoffe und Baumaterialien verwendet. Es wird weithin als Kl\u00e4rmittel verwendet, um Antimonoxid in der Welt zu ersetzen.<\/p>\n<p>Es wird weithin als Flammschutzmittel verwendet, um Antimonoxid auf dem internationalen Markt zu ersetzen. Es wurde durch wissenschaftliche Experimente und die Produktion best\u00e4tigt, dass es eine ausgezeichnete technische Leistung hat. Es wird in allen Polymeren mit ausgezeichnetem Flammschutzmittel verwendet, in ges\u00e4ttigtem Polyester und technischen Thermoplasten mit geringerem Lichtschutzmittel und geringerer F\u00e4rbekraft, es hat die Eigenschaften der geringen Reaktivit\u00e4t, was ein Vorteil in den empfindlichen Polymeren (z.B. PET) ist, und das \u00fcblicherweise verwendete Antimonoxid-Flammschutzmittel ist anf\u00e4llig f\u00fcr Depolymerisation im Betriebsprozess.<\/p>\n<p>&nbsp;<\/p>\n<h2><strong><b>Natriumpyroantimonat P<\/b><\/strong><strong><b>ackag<\/b><\/strong><strong><b>e<\/b><\/strong><\/h2>\n<p>25kgs\/Sack; 1000kgs\/Sack<\/p>\n<p><strong><b>\u00a0<\/b><\/strong><\/p>\n<h2><strong><b>Natriumpyroantimonat - Lagerung: <\/b><\/strong><\/h2>\n<p>Gesch\u00fctzt vor Feuchtigkeit und Regen.<\/p>\n<p>Vermeiden Sie, dass die Verpackung w\u00e4hrend des Transports besch\u00e4digt wird.<\/p>\n<p>In einem trockenen und bel\u00fcfteten Lagerhaus lagern.<\/p>","protected":false},"excerpt":{"rendered":"<p>Chemische Bezeichnung: Natriumpyroantimonat<br \/>\nCAS-Nr.: 12507-68-5<br \/>\nMF: NaSb(OH)6 MW: 246.75<\/p>","protected":false},"featured_media":0,"comment_status":"open","ping_status":"closed","template":"","meta":[],"product_brand":[],"product_cat":[153],"product_tag":[],"class_list":{"0":"post-6360","1":"product","2":"type-product","3":"status-publish","5":"product_cat-Lcflare-flame-retardant","7":"first","8":"instock","9":"shipping-taxable","10":"product-type-simple"},"yoast_head":"<!-- This site is optimized with the Yoast SEO plugin v25.3.1 - https:\/\/yoast.com\/wordpress\/plugins\/seo\/ -->\n<title>China Sodium Pyroantimonate Manufacturer CAS 12507-68-5 - Longchang Chemical<\/title>\n<meta name=\"description\" content=\"Buy Sodium pyroantimonate cas 12507-68-5 from Longchang Chemical. leading Distributor supplier of Sodium tolyltriazole.\" \/>\n<meta name=\"robots\" content=\"index, follow, max-snippet:-1, max-image-preview:large, max-video-preview:-1\" \/>\n<link rel=\"canonical\" href=\"https:\/\/longchangchemical.com\/de\/product\/sodium-pyroantimonate-cas-12507-68-5\/\" \/>\n<meta property=\"og:locale\" content=\"de_DE\" \/>\n<meta property=\"og:type\" content=\"article\" \/>\n<meta property=\"og:title\" content=\"China Sodium Pyroantimonate Manufacturer CAS 12507-68-5 - Longchang Chemical\" \/>\n<meta property=\"og:description\" content=\"Buy Sodium pyroantimonate cas 12507-68-5 from Longchang Chemical. leading Distributor supplier of Sodium tolyltriazole.\" \/>\n<meta property=\"og:url\" content=\"https:\/\/longchangchemical.com\/de\/product\/sodium-pyroantimonate-cas-12507-68-5\/\" \/>\n<meta property=\"og:site_name\" content=\"Longchang Chemical\" \/>\n<meta property=\"article:modified_time\" content=\"2024-04-28T02:39:48+00:00\" \/>\n<meta property=\"og:image\" content=\"https:\/\/longchangchemical.com\/wp-content\/uploads\/2024\/02\/logo-jpeg.jpg\" \/>\n\t<meta property=\"og:image:width\" content=\"1000\" \/>\n\t<meta property=\"og:image:height\" content=\"1000\" \/>\n\t<meta property=\"og:image:type\" content=\"image\/jpeg\" \/>\n<meta name=\"twitter:card\" content=\"summary_large_image\" \/>\n<script type=\"application\/ld+json\" class=\"yoast-schema-graph\">{\"@context\":\"https:\/\/schema.org\",\"@graph\":[{\"@type\":\"WebPage\",\"@id\":\"https:\/\/longchangchemical.com\/product\/sodium-pyroantimonate-cas-12507-68-5\/\",\"url\":\"https:\/\/longchangchemical.com\/product\/sodium-pyroantimonate-cas-12507-68-5\/\",\"name\":\"China Sodium Pyroantimonate Manufacturer CAS 12507-68-5 - Longchang Chemical\",\"isPartOf\":{\"@id\":\"https:\/\/longchangchemical.com\/#website\"},\"datePublished\":\"2023-12-27T08:52:36+00:00\",\"dateModified\":\"2024-04-28T02:39:48+00:00\",\"description\":\"Buy Sodium pyroantimonate cas 12507-68-5 from Longchang Chemical. leading Distributor supplier of Sodium tolyltriazole.\",\"breadcrumb\":{\"@id\":\"https:\/\/longchangchemical.com\/product\/sodium-pyroantimonate-cas-12507-68-5\/#breadcrumb\"},\"inLanguage\":\"de\",\"potentialAction\":[{\"@type\":\"ReadAction\",\"target\":[\"https:\/\/longchangchemical.com\/product\/sodium-pyroantimonate-cas-12507-68-5\/\"]}]},{\"@type\":\"BreadcrumbList\",\"@id\":\"https:\/\/longchangchemical.com\/product\/sodium-pyroantimonate-cas-12507-68-5\/#breadcrumb\",\"itemListElement\":[{\"@type\":\"ListItem\",\"position\":1,\"name\":\"Home\",\"item\":\"https:\/\/longchangchemical.com\/\"},{\"@type\":\"ListItem\",\"position\":2,\"name\":\"Products Longchang\",\"item\":\"https:\/\/longchangchemical.com\/product\/\"},{\"@type\":\"ListItem\",\"position\":3,\"name\":\"Sodium Pyroantimonate CAS 12507-68-5\"}]},{\"@type\":\"WebSite\",\"@id\":\"https:\/\/longchangchemical.com\/#website\",\"url\":\"https:\/\/longchangchemical.com\/\",\"name\":\"Longchang Chemical\",\"description\":\"China chemical manufacturer \uff06 supplier\",\"publisher\":{\"@id\":\"https:\/\/longchangchemical.com\/#organization\"},\"potentialAction\":[{\"@type\":\"SearchAction\",\"target\":{\"@type\":\"EntryPoint\",\"urlTemplate\":\"https:\/\/longchangchemical.com\/?s={search_term_string}\"},\"query-input\":{\"@type\":\"PropertyValueSpecification\",\"valueRequired\":true,\"valueName\":\"search_term_string\"}}],\"inLanguage\":\"de\"},{\"@type\":\"Organization\",\"@id\":\"https:\/\/longchangchemical.com\/#organization\",\"name\":\"Longchang Chemical\",\"url\":\"https:\/\/longchangchemical.com\/\",\"logo\":{\"@type\":\"ImageObject\",\"inLanguage\":\"de\",\"@id\":\"https:\/\/longchangchemical.com\/#\/schema\/logo\/image\/\",\"url\":\"https:\/\/longchangchemical.com\/wp-content\/uploads\/2020\/08\/cropped-longchang-logo.png\",\"contentUrl\":\"https:\/\/longchangchemical.com\/wp-content\/uploads\/2020\/08\/cropped-longchang-logo.png\",\"width\":512,\"height\":512,\"caption\":\"Longchang Chemical\"},\"image\":{\"@id\":\"https:\/\/longchangchemical.com\/#\/schema\/logo\/image\/\"}}]}<\/script>\n<!-- \/ Yoast SEO plugin. -->","yoast_head_json":{"title":"China Natriumpyroantimonat Hersteller CAS 12507-68-5 - Longchang Chemical","description":"Kaufen Natriumpyroantimonat cas 12507-68-5 von Longchang Chemical. f\u00fchrender Lieferant von Natriumtolyltriazol.","robots":{"index":"index","follow":"follow","max-snippet":"max-snippet:-1","max-image-preview":"max-image-preview:large","max-video-preview":"max-video-preview:-1"},"canonical":"https:\/\/longchangchemical.com\/de\/product\/sodium-pyroantimonate-cas-12507-68-5\/","og_locale":"de_DE","og_type":"article","og_title":"China Sodium Pyroantimonate Manufacturer CAS 12507-68-5 - Longchang Chemical","og_description":"Buy Sodium pyroantimonate cas 12507-68-5 from Longchang Chemical. leading Distributor supplier of Sodium tolyltriazole.","og_url":"https:\/\/longchangchemical.com\/de\/product\/sodium-pyroantimonate-cas-12507-68-5\/","og_site_name":"Longchang Chemical","article_modified_time":"2024-04-28T02:39:48+00:00","og_image":[{"width":1000,"height":1000,"url":"https:\/\/longchangchemical.com\/wp-content\/uploads\/2024\/02\/logo-jpeg.jpg","type":"image\/jpeg"}],"twitter_card":"summary_large_image","schema":{"@context":"https:\/\/schema.org","@graph":[{"@type":"WebPage","@id":"https:\/\/longchangchemical.com\/product\/sodium-pyroantimonate-cas-12507-68-5\/","url":"https:\/\/longchangchemical.com\/product\/sodium-pyroantimonate-cas-12507-68-5\/","name":"China Natriumpyroantimonat Hersteller CAS 12507-68-5 - Longchang Chemical","isPartOf":{"@id":"https:\/\/longchangchemical.com\/#website"},"datePublished":"2023-12-27T08:52:36+00:00","dateModified":"2024-04-28T02:39:48+00:00","description":"Kaufen Natriumpyroantimonat cas 12507-68-5 von Longchang Chemical. f\u00fchrender Lieferant von Natriumtolyltriazol.","breadcrumb":{"@id":"https:\/\/longchangchemical.com\/product\/sodium-pyroantimonate-cas-12507-68-5\/#breadcrumb"},"inLanguage":"de","potentialAction":[{"@type":"ReadAction","target":["https:\/\/longchangchemical.com\/product\/sodium-pyroantimonate-cas-12507-68-5\/"]}]},{"@type":"BreadcrumbList","@id":"https:\/\/longchangchemical.com\/product\/sodium-pyroantimonate-cas-12507-68-5\/#breadcrumb","itemListElement":[{"@type":"ListItem","position":1,"name":"Home","item":"https:\/\/longchangchemical.com\/"},{"@type":"ListItem","position":2,"name":"Products Longchang","item":"https:\/\/longchangchemical.com\/product\/"},{"@type":"ListItem","position":3,"name":"Sodium Pyroantimonate CAS 12507-68-5"}]},{"@type":"WebSite","@id":"https:\/\/longchangchemical.com\/#website","url":"https:\/\/longchangchemical.com\/","name":"Longchang Chemical","description":"China Hersteller von Chemikalien \uff06 Lieferant","publisher":{"@id":"https:\/\/longchangchemical.com\/#organization"},"potentialAction":[{"@type":"SearchAction","target":{"@type":"EntryPoint","urlTemplate":"https:\/\/longchangchemical.com\/?s={search_term_string}"},"query-input":{"@type":"PropertyValueSpecification","valueRequired":true,"valueName":"search_term_string"}}],"inLanguage":"de"},{"@type":"Organization","@id":"https:\/\/longchangchemical.com\/#organization","name":"Longchang Chemical","url":"https:\/\/longchangchemical.com\/","logo":{"@type":"ImageObject","inLanguage":"de","@id":"https:\/\/longchangchemical.com\/#\/schema\/logo\/image\/","url":"https:\/\/longchangchemical.com\/wp-content\/uploads\/2020\/08\/cropped-longchang-logo.png","contentUrl":"https:\/\/longchangchemical.com\/wp-content\/uploads\/2020\/08\/cropped-longchang-logo.png","width":512,"height":512,"caption":"Longchang Chemical"},"image":{"@id":"https:\/\/longchangchemical.com\/#\/schema\/logo\/image\/"}}]}},"_links":{"self":[{"href":"https:\/\/longchangchemical.com\/de\/wp-json\/wp\/v2\/product\/6360","targetHints":{"allow":["GET"]}}],"collection":[{"href":"https:\/\/longchangchemical.com\/de\/wp-json\/wp\/v2\/product"}],"about":[{"href":"https:\/\/longchangchemical.com\/de\/wp-json\/wp\/v2\/types\/product"}],"replies":[{"embeddable":true,"href":"https:\/\/longchangchemical.com\/de\/wp-json\/wp\/v2\/comments?post=6360"}],"wp:attachment":[{"href":"https:\/\/longchangchemical.com\/de\/wp-json\/wp\/v2\/media?parent=6360"}],"wp:term":[{"taxonomy":"product_brand","embeddable":true,"href":"https:\/\/longchangchemical.com\/de\/wp-json\/wp\/v2\/product_brand?post=6360"},{"taxonomy":"product_cat","embeddable":true,"href":"https:\/\/longchangchemical.com\/de\/wp-json\/wp\/v2\/product_cat?post=6360"},{"taxonomy":"product_tag","embeddable":true,"href":"https:\/\/longchangchemical.com\/de\/wp-json\/wp\/v2\/product_tag?post=6360"}],"curies":[{"name":"wp","href":"https:\/\/api.w.org\/{rel}","templated":true}]}}